{"id":464,"date":"2021-01-27T21:36:09","date_gmt":"2021-01-27T21:36:09","guid":{"rendered":"http:\/\/heartfailurematters.local:8888\/que-pouvez-vous-faire-pour-prendre-en-charge-votre-insuffisance-cardiaque\/"},"modified":"2021-08-12T11:42:38","modified_gmt":"2021-08-12T10:42:38","slug":"que-pouvez-vous-faire-pour-prendre-en-charge-votre-insuffisance-cardiaque","status":"publish","type":"page","link":"https:\/\/www.heartfailurematters.org\/fr\/ce-que-vous-pouvez-faire\/que-pouvez-vous-faire-pour-prendre-en-charge-votre-insuffisance-cardiaque\/","title":{"rendered":"Que pouvez-vous faire pour prendre en charge votre insuffisance cardiaque\u00a0?"},"content":{"rendered":"<p>L\u2019association de plusieurs traitements m\u00e9dicaux, l\u2019adaptation de votre mode de vie et la prise en charge de votre \u00e9tat sont essentielles pour bien g\u00e9rer votre insuffisance cardiaque et essayer de vivre avec. Il est donc important que vous suiviez les recommandations de votre m\u00e9decin ou de votre infirmi\u00e8re sp\u00e9cialis\u00e9e en insuffisance cardiaque et\u00a0que vous fassiez\u00a0tout ce que vous pouvez pour adapter votre mode de vie afin de r\u00e9duire vos sympt\u00f4mes et d\u2019emp\u00eacher la progression de votre insuffisance cardiaque. Entretenir des relations de confiance avec votre m\u00e9decin et votre infirmi\u00e8re peut vous aider \u00e0 acc\u00e9der \u00e0 d\u2019autres services et vous aider \u00e0 prendre en charge votre insuffisance cardiaque.<\/p>\n<p>Cette rubrique vous informe plus en d\u00e9tail sur la mani\u00e8re dont vous pouvez prendre en charge votre insuffisance cardiaque. Des gestes simples, comme une promenade quotidienne courte, bien g\u00e9rer la quantit\u00e9 de sel dans votre r\u00e9gime alimentaire et vous peser r\u00e9guli\u00e8rement, peuvent am\u00e9liorer vos sympt\u00f4mes, votre confort de vie et, chose importante, la fa\u00e7on dont votre m\u00e9decin ou votre infirmi\u00e8re vous suivent avec votre aide. L\u2019\u00e9volution de vos sympt\u00f4mes habituels est un point important\u00a0\u00e0 discuter avec votre m\u00e9decin durant votre rendez-vous.<\/p>\n<p>Cliquez sur l\u2019un des liens \u00e0 gauche pour en savoir davantage sur les diff\u00e9rentes fa\u00e7ons de prendre en charge votre insuffisance cardiaque.<\/p>\n<p>Vous pouvez aussi consulter la rubrique <a href=\"https:\/\/www.heartfailurematters.org\/fr\/signaux-dalerte\/signaux-dalerte\/\">\u00ab\u00a0Signaux d&rsquo;alerte\u00a0\u00bb<\/a> pour apprendre \u00e0 reconna\u00eetre une aggravation de vos sympt\u00f4mes.<\/p>\n","protected":false},"excerpt":{"rendered":"<p>L\u2019association de plusieurs traitements m\u00e9dicaux, l\u2019adaptation de votre mode de vie et la prise en charge de votre \u00e9tat sont essentielles pour bien g\u00e9rer votre insuffisance cardiaque et essayer de vivre avec. Il est donc important que vous suiviez les recommandations de votre m\u00e9decin ou de votre infirmi\u00e8re sp\u00e9cialis\u00e9e en insuffisance cardiaque et\u00a0que vous fassiez\u00a0tout [&hellip;]<\/p>\n","protected":false},"author":1,"featured_media":10537,"parent":2715,"menu_order":1,"comment_status":"open","ping_status":"closed","template":"","meta":{"_acf_changed":false,"footnotes":""},"categories":[136],"tags":[],"class_list":["post-464","page","type-page","status-publish","has-post-thumbnail","hentry","category-what-can-you-do-fr"],"acf":[],"yoast_head":"<!-- This site is optimized with the Yoast SEO plugin v24.8.1 - https:\/\/yoast.com\/wordpress\/plugins\/seo\/ -->\n<title>Que pouvez-vous faire pour prendre en charge votre insuffisance cardiaque\u00a0? - Heart Failure Matters<\/title>\n<meta name=\"description\" content=\"Suivre des traitements m\u00e9dicaux et modifier votre mode de vie est la fa\u00e7on la plus efficace de g\u00e9rer votre pathologie cardiaque. Apprenez comment g\u00e9rer votre insuffisance cardiaque.\" \/>\n<meta name=\"robots\" content=\"index, follow, max-snippet:-1, max-image-preview:large, max-video-preview:-1\" \/>\n<link rel=\"canonical\" href=\"https:\/\/www.heartfailurematters.org\/fr\/ce-que-vous-pouvez-faire\/que-pouvez-vous-faire-pour-prendre-en-charge-votre-insuffisance-cardiaque\/\" \/>\n<meta property=\"og:locale\" content=\"fr_FR\" \/>\n<meta property=\"og:type\" content=\"article\" \/>\n<meta property=\"og:title\" content=\"Que pouvez-vous faire pour prendre en charge votre insuffisance cardiaque\u00a0? - Heart Failure Matters\" \/>\n<meta property=\"og:description\" content=\"Suivre des traitements m\u00e9dicaux et modifier votre mode de vie est la fa\u00e7on la plus efficace de g\u00e9rer votre pathologie cardiaque. Apprenez comment g\u00e9rer votre insuffisance cardiaque.\" \/>\n<meta property=\"og:url\" content=\"https:\/\/www.heartfailurematters.org\/fr\/ce-que-vous-pouvez-faire\/que-pouvez-vous-faire-pour-prendre-en-charge-votre-insuffisance-cardiaque\/\" \/>\n<meta property=\"og:site_name\" content=\"Heart Failure Matters\" \/>\n<meta property=\"article:publisher\" content=\"https:\/\/www.facebook.com\/heartfailurematters\" \/>\n<meta property=\"article:modified_time\" content=\"2021-08-12T10:42:38+00:00\" \/>\n<meta property=\"og:image\" content=\"https:\/\/www.heartfailurematters.org\/wp-content\/uploads\/2022\/02\/shutterstock_258402434-1-min.jpg?_t=1773223856\" \/>\n\t<meta property=\"og:image:width\" content=\"900\" \/>\n\t<meta property=\"og:image:height\" content=\"475\" \/>\n\t<meta property=\"og:image:type\" content=\"image\/jpeg\" \/>\n<meta name=\"twitter:card\" content=\"summary_large_image\" \/>\n<meta name=\"twitter:label1\" content=\"Dur\u00e9e de lecture estim\u00e9e\" \/>\n\t<meta name=\"twitter:data1\" content=\"1 minute\" \/>\n<script type=\"application\/ld+json\" class=\"yoast-schema-graph\">{\"@context\":\"https:\/\/schema.org\",\"@graph\":[{\"@type\":\"WebPage\",\"@id\":\"https:\/\/www.heartfailurematters.org\/fr\/ce-que-vous-pouvez-faire\/que-pouvez-vous-faire-pour-prendre-en-charge-votre-insuffisance-cardiaque\/\",\"url\":\"https:\/\/www.heartfailurematters.org\/fr\/ce-que-vous-pouvez-faire\/que-pouvez-vous-faire-pour-prendre-en-charge-votre-insuffisance-cardiaque\/\",\"name\":\"Que pouvez-vous faire pour prendre en charge votre insuffisance cardiaque\u00a0? - Heart Failure Matters\",\"isPartOf\":{\"@id\":\"https:\/\/www.heartfailurematters.org\/fr\/#website\"},\"primaryImageOfPage\":{\"@id\":\"https:\/\/www.heartfailurematters.org\/fr\/ce-que-vous-pouvez-faire\/que-pouvez-vous-faire-pour-prendre-en-charge-votre-insuffisance-cardiaque\/#primaryimage\"},\"image\":{\"@id\":\"https:\/\/www.heartfailurematters.org\/fr\/ce-que-vous-pouvez-faire\/que-pouvez-vous-faire-pour-prendre-en-charge-votre-insuffisance-cardiaque\/#primaryimage\"},\"thumbnailUrl\":\"https:\/\/www.heartfailurematters.org\/wp-content\/uploads\/2022\/02\/shutterstock_258402434-1-min.jpg\",\"datePublished\":\"2021-01-27T21:36:09+00:00\",\"dateModified\":\"2021-08-12T10:42:38+00:00\",\"description\":\"Suivre des traitements m\u00e9dicaux et modifier votre mode de vie est la fa\u00e7on la plus efficace de g\u00e9rer votre pathologie cardiaque. Apprenez comment g\u00e9rer votre insuffisance cardiaque.\",\"breadcrumb\":{\"@id\":\"https:\/\/www.heartfailurematters.org\/fr\/ce-que-vous-pouvez-faire\/que-pouvez-vous-faire-pour-prendre-en-charge-votre-insuffisance-cardiaque\/#breadcrumb\"},\"inLanguage\":\"fr-FR\",\"potentialAction\":[{\"@type\":\"ReadAction\",\"target\":[\"https:\/\/www.heartfailurematters.org\/fr\/ce-que-vous-pouvez-faire\/que-pouvez-vous-faire-pour-prendre-en-charge-votre-insuffisance-cardiaque\/\"]}]},{\"@type\":\"ImageObject\",\"inLanguage\":\"fr-FR\",\"@id\":\"https:\/\/www.heartfailurematters.org\/fr\/ce-que-vous-pouvez-faire\/que-pouvez-vous-faire-pour-prendre-en-charge-votre-insuffisance-cardiaque\/#primaryimage\",\"url\":\"https:\/\/www.heartfailurematters.org\/wp-content\/uploads\/2022\/02\/shutterstock_258402434-1-min.jpg\",\"contentUrl\":\"https:\/\/www.heartfailurematters.org\/wp-content\/uploads\/2022\/02\/shutterstock_258402434-1-min.jpg\",\"width\":900,\"height\":475},{\"@type\":\"BreadcrumbList\",\"@id\":\"https:\/\/www.heartfailurematters.org\/fr\/ce-que-vous-pouvez-faire\/que-pouvez-vous-faire-pour-prendre-en-charge-votre-insuffisance-cardiaque\/#breadcrumb\",\"itemListElement\":[{\"@type\":\"ListItem\",\"position\":1,\"name\":\"Accueil\",\"item\":\"https:\/\/www.heartfailurematters.org\/fr\/\"},{\"@type\":\"ListItem\",\"position\":2,\"name\":\"Ce que vous pouvez faire\",\"item\":\"https:\/\/www.heartfailurematters.org\/fr\/ce-que-vous-pouvez-faire\/\"},{\"@type\":\"ListItem\",\"position\":3,\"name\":\"Que pouvez-vous faire pour prendre en charge votre insuffisance cardiaque\u00a0?\"}]},{\"@type\":\"WebSite\",\"@id\":\"https:\/\/www.heartfailurematters.org\/fr\/#website\",\"url\":\"https:\/\/www.heartfailurematters.org\/fr\/\",\"name\":\"Heart Failure Matters\",\"description\":\"Practical information for patients, families and caregivers.\",\"publisher\":{\"@id\":\"https:\/\/www.heartfailurematters.org\/fr\/#organization\"},\"potentialAction\":[{\"@type\":\"SearchAction\",\"target\":{\"@type\":\"EntryPoint\",\"urlTemplate\":\"https:\/\/www.heartfailurematters.org\/fr\/?s={search_term_string}\"},\"query-input\":{\"@type\":\"PropertyValueSpecification\",\"valueRequired\":true,\"valueName\":\"search_term_string\"}}],\"inLanguage\":\"fr-FR\"},{\"@type\":\"Organization\",\"@id\":\"https:\/\/www.heartfailurematters.org\/fr\/#organization\",\"name\":\"Heart Failure Matters\",\"url\":\"https:\/\/www.heartfailurematters.org\/fr\/\",\"logo\":{\"@type\":\"ImageObject\",\"inLanguage\":\"fr-FR\",\"@id\":\"https:\/\/www.heartfailurematters.org\/fr\/#\/schema\/logo\/image\/\",\"url\":\"https:\/\/cdn-endpoint-hfm.azureedge.net\/heartfailurematters\/2024\/07\/hfm-logo1.jpg\",\"contentUrl\":\"https:\/\/cdn-endpoint-hfm.azureedge.net\/heartfailurematters\/2024\/07\/hfm-logo1.jpg\",\"width\":1280,\"height\":720,\"caption\":\"Heart Failure Matters\"},\"image\":{\"@id\":\"https:\/\/www.heartfailurematters.org\/fr\/#\/schema\/logo\/image\/\"},\"sameAs\":[\"https:\/\/www.facebook.com\/heartfailurematters\"]}]}<\/script>\n<!-- \/ Yoast SEO plugin. -->","yoast_head_json":{"title":"Que pouvez-vous faire pour prendre en charge votre insuffisance cardiaque\u00a0? - Heart Failure Matters","description":"Suivre des traitements m\u00e9dicaux et modifier votre mode de vie est la fa\u00e7on la plus efficace de g\u00e9rer votre pathologie cardiaque. Apprenez comment g\u00e9rer votre insuffisance cardiaque.","robots":{"index":"index","follow":"follow","max-snippet":"max-snippet:-1","max-image-preview":"max-image-preview:large","max-video-preview":"max-video-preview:-1"},"canonical":"https:\/\/www.heartfailurematters.org\/fr\/ce-que-vous-pouvez-faire\/que-pouvez-vous-faire-pour-prendre-en-charge-votre-insuffisance-cardiaque\/","og_locale":"fr_FR","og_type":"article","og_title":"Que pouvez-vous faire pour prendre en charge votre insuffisance cardiaque\u00a0? - Heart Failure Matters","og_description":"Suivre des traitements m\u00e9dicaux et modifier votre mode de vie est la fa\u00e7on la plus efficace de g\u00e9rer votre pathologie cardiaque. Apprenez comment g\u00e9rer votre insuffisance cardiaque.","og_url":"https:\/\/www.heartfailurematters.org\/fr\/ce-que-vous-pouvez-faire\/que-pouvez-vous-faire-pour-prendre-en-charge-votre-insuffisance-cardiaque\/","og_site_name":"Heart Failure Matters","article_publisher":"https:\/\/www.facebook.com\/heartfailurematters","article_modified_time":"2021-08-12T10:42:38+00:00","og_image":[{"width":900,"height":475,"url":"https:\/\/www.heartfailurematters.org\/wp-content\/uploads\/2022\/02\/shutterstock_258402434-1-min.jpg?_t=1773223856","type":"image\/jpeg"}],"twitter_card":"summary_large_image","twitter_misc":{"Dur\u00e9e de lecture estim\u00e9e":"1 minute"},"schema":{"@context":"https:\/\/schema.org","@graph":[{"@type":"WebPage","@id":"https:\/\/www.heartfailurematters.org\/fr\/ce-que-vous-pouvez-faire\/que-pouvez-vous-faire-pour-prendre-en-charge-votre-insuffisance-cardiaque\/","url":"https:\/\/www.heartfailurematters.org\/fr\/ce-que-vous-pouvez-faire\/que-pouvez-vous-faire-pour-prendre-en-charge-votre-insuffisance-cardiaque\/","name":"Que pouvez-vous faire pour prendre en charge votre insuffisance cardiaque\u00a0? - Heart Failure Matters","isPartOf":{"@id":"https:\/\/www.heartfailurematters.org\/fr\/#website"},"primaryImageOfPage":{"@id":"https:\/\/www.heartfailurematters.org\/fr\/ce-que-vous-pouvez-faire\/que-pouvez-vous-faire-pour-prendre-en-charge-votre-insuffisance-cardiaque\/#primaryimage"},"image":{"@id":"https:\/\/www.heartfailurematters.org\/fr\/ce-que-vous-pouvez-faire\/que-pouvez-vous-faire-pour-prendre-en-charge-votre-insuffisance-cardiaque\/#primaryimage"},"thumbnailUrl":"https:\/\/www.heartfailurematters.org\/wp-content\/uploads\/2022\/02\/shutterstock_258402434-1-min.jpg","datePublished":"2021-01-27T21:36:09+00:00","dateModified":"2021-08-12T10:42:38+00:00","description":"Suivre des traitements m\u00e9dicaux et modifier votre mode de vie est la fa\u00e7on la plus efficace de g\u00e9rer votre pathologie cardiaque. Apprenez comment g\u00e9rer votre insuffisance cardiaque.","breadcrumb":{"@id":"https:\/\/www.heartfailurematters.org\/fr\/ce-que-vous-pouvez-faire\/que-pouvez-vous-faire-pour-prendre-en-charge-votre-insuffisance-cardiaque\/#breadcrumb"},"inLanguage":"fr-FR","potentialAction":[{"@type":"ReadAction","target":["https:\/\/www.heartfailurematters.org\/fr\/ce-que-vous-pouvez-faire\/que-pouvez-vous-faire-pour-prendre-en-charge-votre-insuffisance-cardiaque\/"]}]},{"@type":"ImageObject","inLanguage":"fr-FR","@id":"https:\/\/www.heartfailurematters.org\/fr\/ce-que-vous-pouvez-faire\/que-pouvez-vous-faire-pour-prendre-en-charge-votre-insuffisance-cardiaque\/#primaryimage","url":"https:\/\/www.heartfailurematters.org\/wp-content\/uploads\/2022\/02\/shutterstock_258402434-1-min.jpg","contentUrl":"https:\/\/www.heartfailurematters.org\/wp-content\/uploads\/2022\/02\/shutterstock_258402434-1-min.jpg","width":900,"height":475},{"@type":"BreadcrumbList","@id":"https:\/\/www.heartfailurematters.org\/fr\/ce-que-vous-pouvez-faire\/que-pouvez-vous-faire-pour-prendre-en-charge-votre-insuffisance-cardiaque\/#breadcrumb","itemListElement":[{"@type":"ListItem","position":1,"name":"Accueil","item":"https:\/\/www.heartfailurematters.org\/fr\/"},{"@type":"ListItem","position":2,"name":"Ce que vous pouvez faire","item":"https:\/\/www.heartfailurematters.org\/fr\/ce-que-vous-pouvez-faire\/"},{"@type":"ListItem","position":3,"name":"Que pouvez-vous faire pour prendre en charge votre insuffisance cardiaque\u00a0?"}]},{"@type":"WebSite","@id":"https:\/\/www.heartfailurematters.org\/fr\/#website","url":"https:\/\/www.heartfailurematters.org\/fr\/","name":"Heart Failure Matters","description":"Practical information for patients, families and caregivers.","publisher":{"@id":"https:\/\/www.heartfailurematters.org\/fr\/#organization"},"potentialAction":[{"@type":"SearchAction","target":{"@type":"EntryPoint","urlTemplate":"https:\/\/www.heartfailurematters.org\/fr\/?s={search_term_string}"},"query-input":{"@type":"PropertyValueSpecification","valueRequired":true,"valueName":"search_term_string"}}],"inLanguage":"fr-FR"},{"@type":"Organization","@id":"https:\/\/www.heartfailurematters.org\/fr\/#organization","name":"Heart Failure Matters","url":"https:\/\/www.heartfailurematters.org\/fr\/","logo":{"@type":"ImageObject","inLanguage":"fr-FR","@id":"https:\/\/www.heartfailurematters.org\/fr\/#\/schema\/logo\/image\/","url":"https:\/\/cdn-endpoint-hfm.azureedge.net\/heartfailurematters\/2024\/07\/hfm-logo1.jpg","contentUrl":"https:\/\/cdn-endpoint-hfm.azureedge.net\/heartfailurematters\/2024\/07\/hfm-logo1.jpg","width":1280,"height":720,"caption":"Heart Failure Matters"},"image":{"@id":"https:\/\/www.heartfailurematters.org\/fr\/#\/schema\/logo\/image\/"},"sameAs":["https:\/\/www.facebook.com\/heartfailurematters"]}]}},"_links":{"self":[{"href":"https:\/\/www.heartfailurematters.org\/fr\/wp-json\/wp\/v2\/pages\/464","targetHints":{"allow":["GET"]}}],"collection":[{"href":"https:\/\/www.heartfailurematters.org\/fr\/wp-json\/wp\/v2\/pages"}],"about":[{"href":"https:\/\/www.heartfailurematters.org\/fr\/wp-json\/wp\/v2\/types\/page"}],"author":[{"embeddable":true,"href":"https:\/\/www.heartfailurematters.org\/fr\/wp-json\/wp\/v2\/users\/1"}],"replies":[{"embeddable":true,"href":"https:\/\/www.heartfailurematters.org\/fr\/wp-json\/wp\/v2\/comments?post=464"}],"version-history":[{"count":2,"href":"https:\/\/www.heartfailurematters.org\/fr\/wp-json\/wp\/v2\/pages\/464\/revisions"}],"predecessor-version":[{"id":9830,"href":"https:\/\/www.heartfailurematters.org\/fr\/wp-json\/wp\/v2\/pages\/464\/revisions\/9830"}],"up":[{"embeddable":true,"href":"https:\/\/www.heartfailurematters.org\/fr\/wp-json\/wp\/v2\/pages\/2715"}],"wp:featuredmedia":[{"embeddable":true,"href":"https:\/\/www.heartfailurematters.org\/fr\/wp-json\/wp\/v2\/media\/10537"}],"wp:attachment":[{"href":"https:\/\/www.heartfailurematters.org\/fr\/wp-json\/wp\/v2\/media?parent=464"}],"wp:term":[{"taxonomy":"category","embeddable":true,"href":"https:\/\/www.heartfailurematters.org\/fr\/wp-json\/wp\/v2\/categories?post=464"},{"taxonomy":"post_tag","embeddable":true,"href":"https:\/\/www.heartfailurematters.org\/fr\/wp-json\/wp\/v2\/tags?post=464"}],"curies":[{"name":"wp","href":"https:\/\/api.w.org\/{rel}","templated":true}]}}