{"id":463,"date":"2021-01-27T21:36:09","date_gmt":"2021-01-27T21:36:09","guid":{"rendered":"http:\/\/heartfailurematters.local:8888\/douleur-a-la-poitrine\/"},"modified":"2021-01-27T21:36:09","modified_gmt":"2021-01-27T21:36:09","slug":"douleur-a-la-poitrine","status":"publish","type":"page","link":"https:\/\/www.heartfailurematters.org\/fr\/signaux-dalerte\/douleur-a-la-poitrine\/","title":{"rendered":"Douleur \u00e0 la poitrine"},"content":{"rendered":"<p>Les douleurs caus\u00e9es par des probl\u00e8mes cardiaques sont g\u00e9n\u00e9ralement ressenties dans la poitrine, mais elles peuvent \u00eatre situ\u00e9es n&rsquo;importe o\u00f9 entre l&rsquo;abdomen sup\u00e9rieur et la gorge, y compris les bras ou les \u00e9paules. Ces douleurs peuvent se pr\u00e9senter sous la forme d\u2019un inconfort, d\u2019une pression, de gaz ou d\u2019un sentiment de br\u00fblure ou de douleur.<\/p>\n<p>Une douleur \u00e0 la poitrine doit TOUJOURS \u00eatre trait\u00e9e comme un \u00e9v\u00e9nement s\u00e9rieux, car cela peut indiquer une aggravation de votre insuffisance cardiaque, <a class=\"addtooltip\" title=\"Douleur ou g\u00eane au niveau de la poitrine suite \u00e0 une diminution de la circulation sanguine dans une partie du muscle cardiaque. Ceci est g\u00e9n\u00e9ralement provoqu\u00e9 par une coronaropathie. la pr\u00e9sence d\u2019une \n\"><strong title=\"\">angine de poitrine<\/strong><\/a> ou d\u2019une <a class=\"addtooltip\" title=\"D\u00e9g\u00e2ts qui se produisent dans le muscle cardiaque quand une art\u00e8re coronaire se bouche et que la circulation sanguine \u00e0 une partie du muscle cardiaque est tr\u00e8s r\u00e9duite ou s\u2019arr\u00eate. \n\"><strong title=\"\">crise cardiaque<\/strong><\/a>. Vous devez imm\u00e9diatement vous asseoir ou vous coucher et vous reposer.<\/p>\n<p>Si vous \u00e9prouvez une g\u00eane ou une douleur \u00e0 la poitrine qui dure pendant plus de 15 minutes ou qui n&rsquo;est pas soulag\u00e9e par le repos ou l\u2019administration de <a class=\"addtooltip\" title=\"M\u00e9dicament utilis\u00e9 pour traiter les \u00e9pisodes d\u2019angine de poitrine, g\u00e9n\u00e9ralement administr\u00e9 sous forme de comprim\u00e9s \u00e0 laisser fondre sous la langue, de sprays ou de patches.\"><strong title=\"\">nitroglyc\u00e9rine<\/strong><\/a> (Trinitrine) (si cela vous a \u00e9t\u00e9 prescrit par votre m\u00e9decin), vous devriez imm\u00e9diatement demander de l\u2019aide ou t\u00e9l\u00e9phoner aux num\u00e9ros d\u2019urgence (appelez le 15 en France).<\/p>\n","protected":false},"excerpt":{"rendered":"<p>Les douleurs caus\u00e9es par des probl\u00e8mes cardiaques sont g\u00e9n\u00e9ralement ressenties dans la poitrine, mais elles peuvent \u00eatre situ\u00e9es n&rsquo;importe o\u00f9 entre l&rsquo;abdomen sup\u00e9rieur et la gorge, y compris les bras ou les \u00e9paules. Ces douleurs peuvent se pr\u00e9senter sous la forme d\u2019un inconfort, d\u2019une pression, de gaz ou d\u2019un sentiment de br\u00fblure ou de douleur. [&hellip;]<\/p>\n","protected":false},"author":1,"featured_media":11191,"parent":2864,"menu_order":2,"comment_status":"open","ping_status":"closed","template":"","meta":{"_acf_changed":false,"footnotes":""},"categories":[127],"tags":[],"class_list":["post-463","page","type-page","status-publish","has-post-thumbnail","hentry","category-warning-signs-fr"],"acf":[],"yoast_head":"<!-- This site is optimized with the Yoast SEO plugin v24.8.1 - https:\/\/yoast.com\/wordpress\/plugins\/seo\/ -->\n<title>Douleur \u00e0 la poitrine - Heart Failure Matters<\/title>\n<meta name=\"description\" content=\"La douleur provenant de probl\u00e8mes cardiaques est g\u00e9n\u00e9ralement ressentie au niveau du thorax, m\u00eame si elle peut \u00eatre situ\u00e9e n&#039;importe o\u00f9 entre la partie sup\u00e9rieure de l&#039;abdomen et la gorge, y compris les bras ou les \u00e9paules.\" \/>\n<meta name=\"robots\" content=\"index, follow, max-snippet:-1, max-image-preview:large, max-video-preview:-1\" \/>\n<link rel=\"canonical\" href=\"https:\/\/www.heartfailurematters.org\/fr\/signaux-dalerte\/douleur-a-la-poitrine\/\" \/>\n<meta property=\"og:locale\" content=\"fr_FR\" \/>\n<meta property=\"og:type\" content=\"article\" \/>\n<meta property=\"og:title\" content=\"Douleur \u00e0 la poitrine - Heart Failure Matters\" \/>\n<meta property=\"og:description\" content=\"La douleur provenant de probl\u00e8mes cardiaques est g\u00e9n\u00e9ralement ressentie au niveau du thorax, m\u00eame si elle peut \u00eatre situ\u00e9e n&#039;importe o\u00f9 entre la partie sup\u00e9rieure de l&#039;abdomen et la gorge, y compris les bras ou les \u00e9paules.\" \/>\n<meta property=\"og:url\" content=\"https:\/\/www.heartfailurematters.org\/fr\/signaux-dalerte\/douleur-a-la-poitrine\/\" \/>\n<meta property=\"og:site_name\" content=\"Heart Failure Matters\" \/>\n<meta property=\"article:publisher\" content=\"https:\/\/www.facebook.com\/heartfailurematters\" \/>\n<meta property=\"og:image\" content=\"https:\/\/www.heartfailurematters.org\/wp-content\/uploads\/2022\/03\/shutterstock_759199153-1-min.jpg?_t=1773222850\" \/>\n\t<meta property=\"og:image:width\" content=\"900\" \/>\n\t<meta property=\"og:image:height\" content=\"534\" \/>\n\t<meta property=\"og:image:type\" content=\"image\/jpeg\" \/>\n<meta name=\"twitter:card\" content=\"summary_large_image\" \/>\n<meta name=\"twitter:label1\" content=\"Dur\u00e9e de lecture estim\u00e9e\" \/>\n\t<meta name=\"twitter:data1\" content=\"1 minute\" \/>\n<script type=\"application\/ld+json\" class=\"yoast-schema-graph\">{\"@context\":\"https:\/\/schema.org\",\"@graph\":[{\"@type\":\"WebPage\",\"@id\":\"https:\/\/www.heartfailurematters.org\/fr\/signaux-dalerte\/douleur-a-la-poitrine\/\",\"url\":\"https:\/\/www.heartfailurematters.org\/fr\/signaux-dalerte\/douleur-a-la-poitrine\/\",\"name\":\"Douleur \u00e0 la poitrine - Heart Failure Matters\",\"isPartOf\":{\"@id\":\"https:\/\/www.heartfailurematters.org\/fr\/#website\"},\"primaryImageOfPage\":{\"@id\":\"https:\/\/www.heartfailurematters.org\/fr\/signaux-dalerte\/douleur-a-la-poitrine\/#primaryimage\"},\"image\":{\"@id\":\"https:\/\/www.heartfailurematters.org\/fr\/signaux-dalerte\/douleur-a-la-poitrine\/#primaryimage\"},\"thumbnailUrl\":\"https:\/\/www.heartfailurematters.org\/wp-content\/uploads\/2022\/03\/shutterstock_759199153-1-min.jpg\",\"datePublished\":\"2021-01-27T21:36:09+00:00\",\"description\":\"La douleur provenant de probl\u00e8mes cardiaques est g\u00e9n\u00e9ralement ressentie au niveau du thorax, m\u00eame si elle peut \u00eatre situ\u00e9e n'importe o\u00f9 entre la partie sup\u00e9rieure de l'abdomen et la gorge, y compris les bras ou les \u00e9paules.\",\"breadcrumb\":{\"@id\":\"https:\/\/www.heartfailurematters.org\/fr\/signaux-dalerte\/douleur-a-la-poitrine\/#breadcrumb\"},\"inLanguage\":\"fr-FR\",\"potentialAction\":[{\"@type\":\"ReadAction\",\"target\":[\"https:\/\/www.heartfailurematters.org\/fr\/signaux-dalerte\/douleur-a-la-poitrine\/\"]}]},{\"@type\":\"ImageObject\",\"inLanguage\":\"fr-FR\",\"@id\":\"https:\/\/www.heartfailurematters.org\/fr\/signaux-dalerte\/douleur-a-la-poitrine\/#primaryimage\",\"url\":\"https:\/\/www.heartfailurematters.org\/wp-content\/uploads\/2022\/03\/shutterstock_759199153-1-min.jpg\",\"contentUrl\":\"https:\/\/www.heartfailurematters.org\/wp-content\/uploads\/2022\/03\/shutterstock_759199153-1-min.jpg\",\"width\":900,\"height\":534},{\"@type\":\"BreadcrumbList\",\"@id\":\"https:\/\/www.heartfailurematters.org\/fr\/signaux-dalerte\/douleur-a-la-poitrine\/#breadcrumb\",\"itemListElement\":[{\"@type\":\"ListItem\",\"position\":1,\"name\":\"Accueil\",\"item\":\"https:\/\/www.heartfailurematters.org\/fr\/\"},{\"@type\":\"ListItem\",\"position\":2,\"name\":\"Signes d&#8217;alerte\",\"item\":\"https:\/\/www.heartfailurematters.org\/fr\/signaux-dalerte\/\"},{\"@type\":\"ListItem\",\"position\":3,\"name\":\"Douleur \u00e0 la poitrine\"}]},{\"@type\":\"WebSite\",\"@id\":\"https:\/\/www.heartfailurematters.org\/fr\/#website\",\"url\":\"https:\/\/www.heartfailurematters.org\/fr\/\",\"name\":\"Heart Failure Matters\",\"description\":\"Practical information for patients, families and caregivers.\",\"publisher\":{\"@id\":\"https:\/\/www.heartfailurematters.org\/fr\/#organization\"},\"potentialAction\":[{\"@type\":\"SearchAction\",\"target\":{\"@type\":\"EntryPoint\",\"urlTemplate\":\"https:\/\/www.heartfailurematters.org\/fr\/?s={search_term_string}\"},\"query-input\":{\"@type\":\"PropertyValueSpecification\",\"valueRequired\":true,\"valueName\":\"search_term_string\"}}],\"inLanguage\":\"fr-FR\"},{\"@type\":\"Organization\",\"@id\":\"https:\/\/www.heartfailurematters.org\/fr\/#organization\",\"name\":\"Heart Failure Matters\",\"url\":\"https:\/\/www.heartfailurematters.org\/fr\/\",\"logo\":{\"@type\":\"ImageObject\",\"inLanguage\":\"fr-FR\",\"@id\":\"https:\/\/www.heartfailurematters.org\/fr\/#\/schema\/logo\/image\/\",\"url\":\"https:\/\/cdn-endpoint-hfm.azureedge.net\/heartfailurematters\/2024\/07\/hfm-logo1.jpg\",\"contentUrl\":\"https:\/\/cdn-endpoint-hfm.azureedge.net\/heartfailurematters\/2024\/07\/hfm-logo1.jpg\",\"width\":1280,\"height\":720,\"caption\":\"Heart Failure Matters\"},\"image\":{\"@id\":\"https:\/\/www.heartfailurematters.org\/fr\/#\/schema\/logo\/image\/\"},\"sameAs\":[\"https:\/\/www.facebook.com\/heartfailurematters\"]}]}<\/script>\n<!-- \/ Yoast SEO plugin. -->","yoast_head_json":{"title":"Douleur \u00e0 la poitrine - Heart Failure Matters","description":"La douleur provenant de probl\u00e8mes cardiaques est g\u00e9n\u00e9ralement ressentie au niveau du thorax, m\u00eame si elle peut \u00eatre situ\u00e9e n'importe o\u00f9 entre la partie sup\u00e9rieure de l'abdomen et la gorge, y compris les bras ou les \u00e9paules.","robots":{"index":"index","follow":"follow","max-snippet":"max-snippet:-1","max-image-preview":"max-image-preview:large","max-video-preview":"max-video-preview:-1"},"canonical":"https:\/\/www.heartfailurematters.org\/fr\/signaux-dalerte\/douleur-a-la-poitrine\/","og_locale":"fr_FR","og_type":"article","og_title":"Douleur \u00e0 la poitrine - Heart Failure Matters","og_description":"La douleur provenant de probl\u00e8mes cardiaques est g\u00e9n\u00e9ralement ressentie au niveau du thorax, m\u00eame si elle peut \u00eatre situ\u00e9e n'importe o\u00f9 entre la partie sup\u00e9rieure de l'abdomen et la gorge, y compris les bras ou les \u00e9paules.","og_url":"https:\/\/www.heartfailurematters.org\/fr\/signaux-dalerte\/douleur-a-la-poitrine\/","og_site_name":"Heart Failure Matters","article_publisher":"https:\/\/www.facebook.com\/heartfailurematters","og_image":[{"width":900,"height":534,"url":"https:\/\/www.heartfailurematters.org\/wp-content\/uploads\/2022\/03\/shutterstock_759199153-1-min.jpg?_t=1773222850","type":"image\/jpeg"}],"twitter_card":"summary_large_image","twitter_misc":{"Dur\u00e9e de lecture estim\u00e9e":"1 minute"},"schema":{"@context":"https:\/\/schema.org","@graph":[{"@type":"WebPage","@id":"https:\/\/www.heartfailurematters.org\/fr\/signaux-dalerte\/douleur-a-la-poitrine\/","url":"https:\/\/www.heartfailurematters.org\/fr\/signaux-dalerte\/douleur-a-la-poitrine\/","name":"Douleur \u00e0 la poitrine - Heart Failure Matters","isPartOf":{"@id":"https:\/\/www.heartfailurematters.org\/fr\/#website"},"primaryImageOfPage":{"@id":"https:\/\/www.heartfailurematters.org\/fr\/signaux-dalerte\/douleur-a-la-poitrine\/#primaryimage"},"image":{"@id":"https:\/\/www.heartfailurematters.org\/fr\/signaux-dalerte\/douleur-a-la-poitrine\/#primaryimage"},"thumbnailUrl":"https:\/\/www.heartfailurematters.org\/wp-content\/uploads\/2022\/03\/shutterstock_759199153-1-min.jpg","datePublished":"2021-01-27T21:36:09+00:00","description":"La douleur provenant de probl\u00e8mes cardiaques est g\u00e9n\u00e9ralement ressentie au niveau du thorax, m\u00eame si elle peut \u00eatre situ\u00e9e n'importe o\u00f9 entre la partie sup\u00e9rieure de l'abdomen et la gorge, y compris les bras ou les \u00e9paules.","breadcrumb":{"@id":"https:\/\/www.heartfailurematters.org\/fr\/signaux-dalerte\/douleur-a-la-poitrine\/#breadcrumb"},"inLanguage":"fr-FR","potentialAction":[{"@type":"ReadAction","target":["https:\/\/www.heartfailurematters.org\/fr\/signaux-dalerte\/douleur-a-la-poitrine\/"]}]},{"@type":"ImageObject","inLanguage":"fr-FR","@id":"https:\/\/www.heartfailurematters.org\/fr\/signaux-dalerte\/douleur-a-la-poitrine\/#primaryimage","url":"https:\/\/www.heartfailurematters.org\/wp-content\/uploads\/2022\/03\/shutterstock_759199153-1-min.jpg","contentUrl":"https:\/\/www.heartfailurematters.org\/wp-content\/uploads\/2022\/03\/shutterstock_759199153-1-min.jpg","width":900,"height":534},{"@type":"BreadcrumbList","@id":"https:\/\/www.heartfailurematters.org\/fr\/signaux-dalerte\/douleur-a-la-poitrine\/#breadcrumb","itemListElement":[{"@type":"ListItem","position":1,"name":"Accueil","item":"https:\/\/www.heartfailurematters.org\/fr\/"},{"@type":"ListItem","position":2,"name":"Signes d&#8217;alerte","item":"https:\/\/www.heartfailurematters.org\/fr\/signaux-dalerte\/"},{"@type":"ListItem","position":3,"name":"Douleur \u00e0 la poitrine"}]},{"@type":"WebSite","@id":"https:\/\/www.heartfailurematters.org\/fr\/#website","url":"https:\/\/www.heartfailurematters.org\/fr\/","name":"Heart Failure Matters","description":"Practical information for patients, families and caregivers.","publisher":{"@id":"https:\/\/www.heartfailurematters.org\/fr\/#organization"},"potentialAction":[{"@type":"SearchAction","target":{"@type":"EntryPoint","urlTemplate":"https:\/\/www.heartfailurematters.org\/fr\/?s={search_term_string}"},"query-input":{"@type":"PropertyValueSpecification","valueRequired":true,"valueName":"search_term_string"}}],"inLanguage":"fr-FR"},{"@type":"Organization","@id":"https:\/\/www.heartfailurematters.org\/fr\/#organization","name":"Heart Failure Matters","url":"https:\/\/www.heartfailurematters.org\/fr\/","logo":{"@type":"ImageObject","inLanguage":"fr-FR","@id":"https:\/\/www.heartfailurematters.org\/fr\/#\/schema\/logo\/image\/","url":"https:\/\/cdn-endpoint-hfm.azureedge.net\/heartfailurematters\/2024\/07\/hfm-logo1.jpg","contentUrl":"https:\/\/cdn-endpoint-hfm.azureedge.net\/heartfailurematters\/2024\/07\/hfm-logo1.jpg","width":1280,"height":720,"caption":"Heart Failure Matters"},"image":{"@id":"https:\/\/www.heartfailurematters.org\/fr\/#\/schema\/logo\/image\/"},"sameAs":["https:\/\/www.facebook.com\/heartfailurematters"]}]}},"_links":{"self":[{"href":"https:\/\/www.heartfailurematters.org\/fr\/wp-json\/wp\/v2\/pages\/463","targetHints":{"allow":["GET"]}}],"collection":[{"href":"https:\/\/www.heartfailurematters.org\/fr\/wp-json\/wp\/v2\/pages"}],"about":[{"href":"https:\/\/www.heartfailurematters.org\/fr\/wp-json\/wp\/v2\/types\/page"}],"author":[{"embeddable":true,"href":"https:\/\/www.heartfailurematters.org\/fr\/wp-json\/wp\/v2\/users\/1"}],"replies":[{"embeddable":true,"href":"https:\/\/www.heartfailurematters.org\/fr\/wp-json\/wp\/v2\/comments?post=463"}],"version-history":[{"count":0,"href":"https:\/\/www.heartfailurematters.org\/fr\/wp-json\/wp\/v2\/pages\/463\/revisions"}],"up":[{"embeddable":true,"href":"https:\/\/www.heartfailurematters.org\/fr\/wp-json\/wp\/v2\/pages\/2864"}],"wp:featuredmedia":[{"embeddable":true,"href":"https:\/\/www.heartfailurematters.org\/fr\/wp-json\/wp\/v2\/media\/11191"}],"wp:attachment":[{"href":"https:\/\/www.heartfailurematters.org\/fr\/wp-json\/wp\/v2\/media?parent=463"}],"wp:term":[{"taxonomy":"category","embeddable":true,"href":"https:\/\/www.heartfailurematters.org\/fr\/wp-json\/wp\/v2\/categories?post=463"},{"taxonomy":"post_tag","embeddable":true,"href":"https:\/\/www.heartfailurematters.org\/fr\/wp-json\/wp\/v2\/tags?post=463"}],"curies":[{"name":"wp","href":"https:\/\/api.w.org\/{rel}","templated":true}]}}