{"id":461,"date":"2021-01-27T21:36:09","date_gmt":"2021-01-27T21:36:09","guid":{"rendered":"http:\/\/heartfailurematters.local:8888\/appareils\/"},"modified":"2021-01-27T21:36:09","modified_gmt":"2021-01-27T21:36:09","slug":"appareils","status":"publish","type":"page","link":"https:\/\/www.heartfailurematters.org\/fr\/questions-a-poser-a-votre-medecin\/appareils\/","title":{"rendered":"Appareils"},"content":{"rendered":"<p>Vous trouverez&nbsp;ci-dessous une liste de questions qui vous aideront &agrave; discuter de votre appareil avec votre m&eacute;decin ou votre infirmi&egrave;re. Des informations g&eacute;n&eacute;rales li&eacute;es aux appareils sont aussi disponibles dans la rubrique <a href=\"https:\/\/www.heartfailurematters.org\/fr\/ce-que-votre-medecin-ou-votre-infirmier-ere-peut-faire\/dispositifs-implantables\/\">Appareils<\/a>.<\/p>\n<p><strong>Quels sont les risques associ&eacute;s aux appareils implant&eacute;s&nbsp;?<\/strong><br \/>Quand vous discuterez avec votre m&eacute;decin de la possibilit&eacute; d&rsquo;avoir un appareil implant&eacute;, il\/elle pourra vous expliquer les risques associ&eacute;s. Dans la plupart des cas, les b&eacute;n&eacute;fices l&rsquo;emportent largement sur les risques encourus.<\/p>\n<p><strong>Aurai-je besoin d&rsquo;une anesth&eacute;sie g&eacute;n&eacute;rale ou locale pour me faire implanter l&rsquo;appareil&nbsp;?<\/strong><br \/>Une anesth&eacute;sie g&eacute;n&eacute;rale implique de vous endormir, tandis qu&rsquo;avec une&nbsp;anesth&eacute;sie locale, vous &ecirc;tes &eacute;veill&eacute; et seule la partie de votre corps qui sera op&eacute;r&eacute;e est engourdie. Votre m&eacute;decin pourra vous dire si vous avez besoin d&rsquo;une anesth&eacute;sie g&eacute;n&eacute;rale ou locale afin de vous y pr&eacute;parer. On vous demandera peut-&ecirc;tre de ne pas manger ni boire dans les six heures pr&eacute;c&eacute;dant l&rsquo;anesth&eacute;sie g&eacute;n&eacute;rale ou la plupart des interventions.<\/p>\n<p><strong>Devrai-je rester une nuit &agrave; l&rsquo;h&ocirc;pital quand on m&rsquo;aura implant&eacute; l&rsquo;appareil&nbsp;?<\/strong><br \/>Cela d&eacute;pend du type d&rsquo;anesth&eacute;sie, g&eacute;n&eacute;rale ou locale, car le temps de r&eacute;cup&eacute;ration sera plus long pour une anesth&eacute;sie g&eacute;n&eacute;rale. En prenant votre rendez-vous, votre m&eacute;decin vous dira si vous devez rester la nuit. Si votre appareil est implant&eacute; t&ocirc;t le matin, vous devrez probablement entrer &agrave; l&rsquo;h&ocirc;pital la veille.<\/p>\n<p><strong>Combien de fois devrai-je revenir pour faire v&eacute;rifier mon appareil&nbsp;?<\/strong><br \/>Votre m&eacute;decin vous pr&eacute;cisera combien de fois votre appareil devra &ecirc;tre v&eacute;rifi&eacute;. Ces visites sont tr&egrave;s importantes et vous devez donc les planifier &agrave; l&rsquo;avance. Rappelez-vous d&rsquo;informer l&rsquo;h&ocirc;pital si vous avez pr&eacute;vu des vacances, afin d&rsquo;organiser vos visites. Votre appareil devra peut-&ecirc;tre &ecirc;tre remplac&eacute; apr&egrave;s un certain temps.&nbsp;Votre m&eacute;decin sera en mesure de vous donner une id&eacute;e de la date &agrave; laquelle un remplacement pourrait s&rsquo;av&eacute;rer n&eacute;cessaire. Voyager ne pose pas de probl&egrave;me, car la plupart des h&ocirc;pitaux&nbsp;sont dot&eacute;s des&nbsp;&eacute;quipements n&eacute;cessaires pour v&eacute;rifier ou r&eacute;gler votre appareil <span style=\"font-weight: 400;\">(il est important d&rsquo;apporter avec vous une carte mentionnant les caract&eacute;ristiques et la marque de votre appareil)<\/span>.<\/p>\n<p><strong>Pourrai-je voyager en avion, conduire une voiture et faire d&rsquo;autres activit&eacute;s normales&nbsp;?<\/strong><br \/>Apr&egrave;s l&rsquo;implantation de votre appareil, vous pourrez normalement continuer &agrave; prendre l&rsquo;avion et &agrave; conduire. Toutefois, votre m&eacute;decin pourra vous conseiller sur les gestes et activit&eacute;s &agrave; &eacute;viter. Il peut y avoir quelques restrictions sur la conduite d&rsquo;un v&eacute;hicule juste apr&egrave;s l&rsquo;implantation de votre appareil et ce sujet devrait &ecirc;tre abord&eacute; lors de votre consultation. Votre m&eacute;decin ou votre infirmi&egrave;re vous recommandera un programme d&rsquo;exercice physique progressif, de mani&egrave;re &agrave; reprendre lentement vos activit&eacute;s.<\/p>\n<p><strong>Devrai-je prendre des m&eacute;dicaments suppl&eacute;mentaires apr&egrave;s l&rsquo;implantation de l&rsquo;appareil&nbsp;?<\/strong><br \/>Il est possible qu&rsquo;un traitement compl&eacute;mentaire ou une modification de votre traitement actuel soit n&eacute;cessaire avant l&rsquo;implantation de l&rsquo;appareil. Votre m&eacute;decin vous dira quels m&eacute;dicaments vous devez prendre,&nbsp;&agrave; quelle fr&eacute;quence&nbsp;et pendant combien de temps. Vous pourrez alors ajouter ceux-ci &agrave; votre traitement habituel.&nbsp;Les ajouter&nbsp;&agrave; votre liste de m&eacute;dicaments&nbsp;vous permettra de&nbsp;ne pas oublier de les prendre.<\/p>\n","protected":false},"excerpt":{"rendered":"<p>Vous trouverez&nbsp;ci-dessous une liste de questions qui vous aideront &agrave; discuter de votre appareil avec votre m&eacute;decin ou votre infirmi&egrave;re. Des informations g&eacute;n&eacute;rales li&eacute;es aux appareils sont aussi disponibles dans la rubrique Appareils. Quels sont les risques associ&eacute;s aux appareils implant&eacute;s&nbsp;?Quand vous discuterez avec votre m&eacute;decin de la possibilit&eacute; d&rsquo;avoir un appareil implant&eacute;, il\/elle pourra [&hellip;]<\/p>\n","protected":false},"author":1,"featured_media":10890,"parent":2761,"menu_order":3,"comment_status":"open","ping_status":"closed","template":"","meta":{"_acf_changed":false,"footnotes":""},"categories":[64],"tags":[],"class_list":["post-461","page","type-page","status-publish","has-post-thumbnail","hentry","category-ask-your-doctor-fr"],"acf":[],"yoast_head":"<!-- This site is optimized with the Yoast SEO plugin v24.8.1 - https:\/\/yoast.com\/wordpress\/plugins\/seo\/ -->\n<title>Appareils - Heart Failure Matters<\/title>\n<meta name=\"description\" content=\"Vous trouverez ci-dessous une liste de questions qui vous aideront \u00e0 discuter de votre appareil avec votre m\u00e9decin ou votre infirmier\/\u00e8re. Toutefois, des informations d&#039;ordre g\u00e9n\u00e9ral sur les appareils sont \u00e9galement disponibles dans la section Appareils.\" \/>\n<meta name=\"robots\" content=\"index, follow, max-snippet:-1, max-image-preview:large, max-video-preview:-1\" \/>\n<link rel=\"canonical\" href=\"https:\/\/www.heartfailurematters.org\/fr\/questions-a-poser-a-votre-medecin\/appareils\/\" \/>\n<meta property=\"og:locale\" content=\"fr_FR\" \/>\n<meta property=\"og:type\" content=\"article\" \/>\n<meta property=\"og:title\" content=\"Appareils - Heart Failure Matters\" \/>\n<meta property=\"og:description\" content=\"Vous trouverez ci-dessous une liste de questions qui vous aideront \u00e0 discuter de votre appareil avec votre m\u00e9decin ou votre infirmier\/\u00e8re. Toutefois, des informations d&#039;ordre g\u00e9n\u00e9ral sur les appareils sont \u00e9galement disponibles dans la section Appareils.\" \/>\n<meta property=\"og:url\" content=\"https:\/\/www.heartfailurematters.org\/fr\/questions-a-poser-a-votre-medecin\/appareils\/\" \/>\n<meta property=\"og:site_name\" content=\"Heart Failure Matters\" \/>\n<meta property=\"article:publisher\" content=\"https:\/\/www.facebook.com\/heartfailurematters\" \/>\n<meta property=\"og:image\" content=\"https:\/\/www.heartfailurematters.org\/wp-content\/uploads\/2022\/03\/shutterstock_1330247153-1-min.jpg?_t=1773139826\" \/>\n\t<meta property=\"og:image:width\" content=\"900\" \/>\n\t<meta property=\"og:image:height\" content=\"600\" \/>\n\t<meta property=\"og:image:type\" content=\"image\/jpeg\" \/>\n<meta name=\"twitter:card\" content=\"summary_large_image\" \/>\n<meta name=\"twitter:label1\" content=\"Dur\u00e9e de lecture estim\u00e9e\" \/>\n\t<meta name=\"twitter:data1\" content=\"4 minutes\" \/>\n<script type=\"application\/ld+json\" class=\"yoast-schema-graph\">{\"@context\":\"https:\/\/schema.org\",\"@graph\":[{\"@type\":\"WebPage\",\"@id\":\"https:\/\/www.heartfailurematters.org\/fr\/questions-a-poser-a-votre-medecin\/appareils\/\",\"url\":\"https:\/\/www.heartfailurematters.org\/fr\/questions-a-poser-a-votre-medecin\/appareils\/\",\"name\":\"Appareils - Heart Failure Matters\",\"isPartOf\":{\"@id\":\"https:\/\/www.heartfailurematters.org\/fr\/#website\"},\"primaryImageOfPage\":{\"@id\":\"https:\/\/www.heartfailurematters.org\/fr\/questions-a-poser-a-votre-medecin\/appareils\/#primaryimage\"},\"image\":{\"@id\":\"https:\/\/www.heartfailurematters.org\/fr\/questions-a-poser-a-votre-medecin\/appareils\/#primaryimage\"},\"thumbnailUrl\":\"https:\/\/www.heartfailurematters.org\/wp-content\/uploads\/2022\/03\/shutterstock_1330247153-1-min.jpg\",\"datePublished\":\"2021-01-27T21:36:09+00:00\",\"description\":\"Vous trouverez ci-dessous une liste de questions qui vous aideront \u00e0 discuter de votre appareil avec votre m\u00e9decin ou votre infirmier\/\u00e8re. Toutefois, des informations d'ordre g\u00e9n\u00e9ral sur les appareils sont \u00e9galement disponibles dans la section Appareils.\",\"breadcrumb\":{\"@id\":\"https:\/\/www.heartfailurematters.org\/fr\/questions-a-poser-a-votre-medecin\/appareils\/#breadcrumb\"},\"inLanguage\":\"fr-FR\",\"potentialAction\":[{\"@type\":\"ReadAction\",\"target\":[\"https:\/\/www.heartfailurematters.org\/fr\/questions-a-poser-a-votre-medecin\/appareils\/\"]}]},{\"@type\":\"ImageObject\",\"inLanguage\":\"fr-FR\",\"@id\":\"https:\/\/www.heartfailurematters.org\/fr\/questions-a-poser-a-votre-medecin\/appareils\/#primaryimage\",\"url\":\"https:\/\/www.heartfailurematters.org\/wp-content\/uploads\/2022\/03\/shutterstock_1330247153-1-min.jpg\",\"contentUrl\":\"https:\/\/www.heartfailurematters.org\/wp-content\/uploads\/2022\/03\/shutterstock_1330247153-1-min.jpg\",\"width\":900,\"height\":600},{\"@type\":\"BreadcrumbList\",\"@id\":\"https:\/\/www.heartfailurematters.org\/fr\/questions-a-poser-a-votre-medecin\/appareils\/#breadcrumb\",\"itemListElement\":[{\"@type\":\"ListItem\",\"position\":1,\"name\":\"Accueil\",\"item\":\"https:\/\/www.heartfailurematters.org\/fr\/\"},{\"@type\":\"ListItem\",\"position\":2,\"name\":\"Posez des questions \u00e0 votre m\u00e9decin\",\"item\":\"https:\/\/www.heartfailurematters.org\/fr\/questions-a-poser-a-votre-medecin\/\"},{\"@type\":\"ListItem\",\"position\":3,\"name\":\"Appareils\"}]},{\"@type\":\"WebSite\",\"@id\":\"https:\/\/www.heartfailurematters.org\/fr\/#website\",\"url\":\"https:\/\/www.heartfailurematters.org\/fr\/\",\"name\":\"Heart Failure Matters\",\"description\":\"Practical information for patients, families and caregivers.\",\"publisher\":{\"@id\":\"https:\/\/www.heartfailurematters.org\/fr\/#organization\"},\"potentialAction\":[{\"@type\":\"SearchAction\",\"target\":{\"@type\":\"EntryPoint\",\"urlTemplate\":\"https:\/\/www.heartfailurematters.org\/fr\/?s={search_term_string}\"},\"query-input\":{\"@type\":\"PropertyValueSpecification\",\"valueRequired\":true,\"valueName\":\"search_term_string\"}}],\"inLanguage\":\"fr-FR\"},{\"@type\":\"Organization\",\"@id\":\"https:\/\/www.heartfailurematters.org\/fr\/#organization\",\"name\":\"Heart Failure Matters\",\"url\":\"https:\/\/www.heartfailurematters.org\/fr\/\",\"logo\":{\"@type\":\"ImageObject\",\"inLanguage\":\"fr-FR\",\"@id\":\"https:\/\/www.heartfailurematters.org\/fr\/#\/schema\/logo\/image\/\",\"url\":\"https:\/\/cdn-endpoint-hfm.azureedge.net\/heartfailurematters\/2024\/07\/hfm-logo1.jpg\",\"contentUrl\":\"https:\/\/cdn-endpoint-hfm.azureedge.net\/heartfailurematters\/2024\/07\/hfm-logo1.jpg\",\"width\":1280,\"height\":720,\"caption\":\"Heart Failure Matters\"},\"image\":{\"@id\":\"https:\/\/www.heartfailurematters.org\/fr\/#\/schema\/logo\/image\/\"},\"sameAs\":[\"https:\/\/www.facebook.com\/heartfailurematters\"]}]}<\/script>\n<!-- \/ Yoast SEO plugin. -->","yoast_head_json":{"title":"Appareils - Heart Failure Matters","description":"Vous trouverez ci-dessous une liste de questions qui vous aideront \u00e0 discuter de votre appareil avec votre m\u00e9decin ou votre infirmier\/\u00e8re. Toutefois, des informations d'ordre g\u00e9n\u00e9ral sur les appareils sont \u00e9galement disponibles dans la section Appareils.","robots":{"index":"index","follow":"follow","max-snippet":"max-snippet:-1","max-image-preview":"max-image-preview:large","max-video-preview":"max-video-preview:-1"},"canonical":"https:\/\/www.heartfailurematters.org\/fr\/questions-a-poser-a-votre-medecin\/appareils\/","og_locale":"fr_FR","og_type":"article","og_title":"Appareils - Heart Failure Matters","og_description":"Vous trouverez ci-dessous une liste de questions qui vous aideront \u00e0 discuter de votre appareil avec votre m\u00e9decin ou votre infirmier\/\u00e8re. Toutefois, des informations d'ordre g\u00e9n\u00e9ral sur les appareils sont \u00e9galement disponibles dans la section Appareils.","og_url":"https:\/\/www.heartfailurematters.org\/fr\/questions-a-poser-a-votre-medecin\/appareils\/","og_site_name":"Heart Failure Matters","article_publisher":"https:\/\/www.facebook.com\/heartfailurematters","og_image":[{"width":900,"height":600,"url":"https:\/\/www.heartfailurematters.org\/wp-content\/uploads\/2022\/03\/shutterstock_1330247153-1-min.jpg?_t=1773139826","type":"image\/jpeg"}],"twitter_card":"summary_large_image","twitter_misc":{"Dur\u00e9e de lecture estim\u00e9e":"4 minutes"},"schema":{"@context":"https:\/\/schema.org","@graph":[{"@type":"WebPage","@id":"https:\/\/www.heartfailurematters.org\/fr\/questions-a-poser-a-votre-medecin\/appareils\/","url":"https:\/\/www.heartfailurematters.org\/fr\/questions-a-poser-a-votre-medecin\/appareils\/","name":"Appareils - Heart Failure Matters","isPartOf":{"@id":"https:\/\/www.heartfailurematters.org\/fr\/#website"},"primaryImageOfPage":{"@id":"https:\/\/www.heartfailurematters.org\/fr\/questions-a-poser-a-votre-medecin\/appareils\/#primaryimage"},"image":{"@id":"https:\/\/www.heartfailurematters.org\/fr\/questions-a-poser-a-votre-medecin\/appareils\/#primaryimage"},"thumbnailUrl":"https:\/\/www.heartfailurematters.org\/wp-content\/uploads\/2022\/03\/shutterstock_1330247153-1-min.jpg","datePublished":"2021-01-27T21:36:09+00:00","description":"Vous trouverez ci-dessous une liste de questions qui vous aideront \u00e0 discuter de votre appareil avec votre m\u00e9decin ou votre infirmier\/\u00e8re. Toutefois, des informations d'ordre g\u00e9n\u00e9ral sur les appareils sont \u00e9galement disponibles dans la section Appareils.","breadcrumb":{"@id":"https:\/\/www.heartfailurematters.org\/fr\/questions-a-poser-a-votre-medecin\/appareils\/#breadcrumb"},"inLanguage":"fr-FR","potentialAction":[{"@type":"ReadAction","target":["https:\/\/www.heartfailurematters.org\/fr\/questions-a-poser-a-votre-medecin\/appareils\/"]}]},{"@type":"ImageObject","inLanguage":"fr-FR","@id":"https:\/\/www.heartfailurematters.org\/fr\/questions-a-poser-a-votre-medecin\/appareils\/#primaryimage","url":"https:\/\/www.heartfailurematters.org\/wp-content\/uploads\/2022\/03\/shutterstock_1330247153-1-min.jpg","contentUrl":"https:\/\/www.heartfailurematters.org\/wp-content\/uploads\/2022\/03\/shutterstock_1330247153-1-min.jpg","width":900,"height":600},{"@type":"BreadcrumbList","@id":"https:\/\/www.heartfailurematters.org\/fr\/questions-a-poser-a-votre-medecin\/appareils\/#breadcrumb","itemListElement":[{"@type":"ListItem","position":1,"name":"Accueil","item":"https:\/\/www.heartfailurematters.org\/fr\/"},{"@type":"ListItem","position":2,"name":"Posez des questions \u00e0 votre m\u00e9decin","item":"https:\/\/www.heartfailurematters.org\/fr\/questions-a-poser-a-votre-medecin\/"},{"@type":"ListItem","position":3,"name":"Appareils"}]},{"@type":"WebSite","@id":"https:\/\/www.heartfailurematters.org\/fr\/#website","url":"https:\/\/www.heartfailurematters.org\/fr\/","name":"Heart Failure Matters","description":"Practical information for patients, families and caregivers.","publisher":{"@id":"https:\/\/www.heartfailurematters.org\/fr\/#organization"},"potentialAction":[{"@type":"SearchAction","target":{"@type":"EntryPoint","urlTemplate":"https:\/\/www.heartfailurematters.org\/fr\/?s={search_term_string}"},"query-input":{"@type":"PropertyValueSpecification","valueRequired":true,"valueName":"search_term_string"}}],"inLanguage":"fr-FR"},{"@type":"Organization","@id":"https:\/\/www.heartfailurematters.org\/fr\/#organization","name":"Heart Failure Matters","url":"https:\/\/www.heartfailurematters.org\/fr\/","logo":{"@type":"ImageObject","inLanguage":"fr-FR","@id":"https:\/\/www.heartfailurematters.org\/fr\/#\/schema\/logo\/image\/","url":"https:\/\/cdn-endpoint-hfm.azureedge.net\/heartfailurematters\/2024\/07\/hfm-logo1.jpg","contentUrl":"https:\/\/cdn-endpoint-hfm.azureedge.net\/heartfailurematters\/2024\/07\/hfm-logo1.jpg","width":1280,"height":720,"caption":"Heart Failure Matters"},"image":{"@id":"https:\/\/www.heartfailurematters.org\/fr\/#\/schema\/logo\/image\/"},"sameAs":["https:\/\/www.facebook.com\/heartfailurematters"]}]}},"_links":{"self":[{"href":"https:\/\/www.heartfailurematters.org\/fr\/wp-json\/wp\/v2\/pages\/461","targetHints":{"allow":["GET"]}}],"collection":[{"href":"https:\/\/www.heartfailurematters.org\/fr\/wp-json\/wp\/v2\/pages"}],"about":[{"href":"https:\/\/www.heartfailurematters.org\/fr\/wp-json\/wp\/v2\/types\/page"}],"author":[{"embeddable":true,"href":"https:\/\/www.heartfailurematters.org\/fr\/wp-json\/wp\/v2\/users\/1"}],"replies":[{"embeddable":true,"href":"https:\/\/www.heartfailurematters.org\/fr\/wp-json\/wp\/v2\/comments?post=461"}],"version-history":[{"count":0,"href":"https:\/\/www.heartfailurematters.org\/fr\/wp-json\/wp\/v2\/pages\/461\/revisions"}],"up":[{"embeddable":true,"href":"https:\/\/www.heartfailurematters.org\/fr\/wp-json\/wp\/v2\/pages\/2761"}],"wp:featuredmedia":[{"embeddable":true,"href":"https:\/\/www.heartfailurematters.org\/fr\/wp-json\/wp\/v2\/media\/10890"}],"wp:attachment":[{"href":"https:\/\/www.heartfailurematters.org\/fr\/wp-json\/wp\/v2\/media?parent=461"}],"wp:term":[{"taxonomy":"category","embeddable":true,"href":"https:\/\/www.heartfailurematters.org\/fr\/wp-json\/wp\/v2\/categories?post=461"},{"taxonomy":"post_tag","embeddable":true,"href":"https:\/\/www.heartfailurematters.org\/fr\/wp-json\/wp\/v2\/tags?post=461"}],"curies":[{"name":"wp","href":"https:\/\/api.w.org\/{rel}","templated":true}]}}