{"id":460,"date":"2021-01-27T21:36:09","date_gmt":"2021-01-27T21:36:09","guid":{"rendered":"http:\/\/heartfailurematters.local:8888\/coronaropathie\/"},"modified":"2021-03-30T12:12:33","modified_gmt":"2021-03-30T11:12:33","slug":"coronaropathie","status":"publish","type":"page","link":"https:\/\/www.heartfailurematters.org\/fr\/causes-de-linsuffisance-cardiaque-et-autres-problemes-medicaux-courants\/coronaropathie\/","title":{"rendered":"Coronaropathie"},"content":{"rendered":"<p>Si votre insuffisance cardiaque est due \u00e0 une coronaropathie, une ou plusieurs de vos <a class=\"addtooltip\" title=\"Vaisseaux sanguins qui fournissent le sang au c\u0153ur.\"><strong>art\u00e8res coronaires<\/strong><\/a> (les art\u00e8res qui alimentent votre muscle cardiaque en sang) se sont r\u00e9tr\u00e9cies \u00e0 cause de l\u2019accumulation de <a class=\"addtooltip\" title=\"Substance cireuse, importante pour de nombreuses fonctions de l\u2019organisme et pr\u00e9sente dans de nombreux aliments. Il existe plusieurs types de cholest\u00e9rol. Un exc\u00e8s de cholest\u00e9rol de basse densit\u00e9 (LDL) peut entra\u00eener une cardiopathie.\"><strong>cholest\u00e9rol<\/strong><\/a> dans une plaque \u00e0 l\u2019int\u00e9rieur de la paroi de l\u2019art\u00e8re. Ce r\u00e9tr\u00e9cissement de votre art\u00e8re r\u00e9duit la quantit\u00e9 d&rsquo;oxyg\u00e8ne et d&rsquo;\u00e9l\u00e9ments nutritifs capables d&rsquo;atteindre votre muscle cardiaque, entra\u00eenant une\u00a0<a class=\"addtooltip\" title=\"Douleur ou g\u00eane au niveau de la poitrine suite \u00e0 une diminution de la circulation sanguine dans une partie du muscle cardiaque. Ceci est g\u00e9n\u00e9ralement provoqu\u00e9 par une coronaropathie. \"><strong>angine<\/strong><\/a>\u00a0de poitrine (douleur thoracique), souvent lors d&rsquo;un effort physique. Ce manque d\u2019oxyg\u00e8ne et d\u2019\u00e9l\u00e9ments nutritifs oblige votre muscle \u00e0 faire davantage d\u2019effort pour pomper le sang dans tout votre organisme.\u00a0<a class=\"addtooltip\" title=\"Se produit quand les art\u00e8res coronaires sont r\u00e9tr\u00e9cies ou compl\u00e8tement bouch\u00e9es, provoquant une diminution de la circulation sanguine et pouvant conduire \u00e0 l'angine de poitrine, l\u2019infarctus et l\u2019insuffisance cardiaque.\"><strong>La survenue d\u2019une coronaropathie<\/strong><\/a> peut \u00eatre retard\u00e9e et m\u00eame pr\u00e9venue par des moyens m\u00e9dicaux et un mode de vie adapt\u00e9. Si vous souffrez de cette affection, vous devriez discuter avec votre m\u00e9decin des changements que vous pourriez\u00a0apporter \u00e0 votre mode de vie et voir comment il ou elle pourrait vous aider \u00e0 pr\u00e9venir toute atteinte suppl\u00e9mentaire, ralentir l\u2019accumulation de la <a class=\"addtooltip\" title=\"Accumulation, dans la paroi d'une art\u00e8re, de cholest\u00e9rol, de compos\u00e9s graisseux, de calcium et de produits impliqu\u00e9s dans la coagulation sanguine.\"><strong>plaque<\/strong><\/a> dans les art\u00e8res et pr\u00e9venir la progression de la maladie.<\/p>\n<p><a title=\"Return to What causes heart failure?\" href=\"https:\/\/www.heartfailurematters.org\/fr\/comprendre-linsuffisance-cardiaque\/quelles-sont-les-causes-de-linsuffisance-cardiaque\/\">Retourner \u00e0 la rubrique \u00ab\u00a0Quelles sont les causes de l\u2019insuffisance cardiaque\u00a0?\u00a0\u00bb <\/a><\/p>\n","protected":false},"excerpt":{"rendered":"<p>Si votre insuffisance cardiaque est due \u00e0 une coronaropathie, une ou plusieurs de vos art\u00e8res coronaires (les art\u00e8res qui alimentent votre muscle cardiaque en sang) se sont r\u00e9tr\u00e9cies \u00e0 cause de l\u2019accumulation de cholest\u00e9rol dans une plaque \u00e0 l\u2019int\u00e9rieur de la paroi de l\u2019art\u00e8re. Ce r\u00e9tr\u00e9cissement de votre art\u00e8re r\u00e9duit la quantit\u00e9 d&rsquo;oxyg\u00e8ne et d&rsquo;\u00e9l\u00e9ments [&hellip;]<\/p>\n","protected":false},"author":1,"featured_media":10563,"parent":8045,"menu_order":2,"comment_status":"open","ping_status":"open","template":"","meta":{"_acf_changed":false,"footnotes":""},"categories":[],"tags":[],"class_list":["post-460","page","type-page","status-publish","has-post-thumbnail","hentry"],"acf":[],"yoast_head":"<!-- This site is optimized with the Yoast SEO plugin v24.8.1 - https:\/\/yoast.com\/wordpress\/plugins\/seo\/ -->\n<title>Coronaropathie - Heart Failure Matters<\/title>\n<meta name=\"description\" content=\"Si votre insuffisance cardiaque est caus\u00e9e par une maladie coronarienne, cela signifie qu&#039;une ou plusieurs de vos art\u00e8res se sont r\u00e9tr\u00e9cies en raison de la formation d&#039;un bouchon contenant du cholest\u00e9rol \u00e0 l&#039;int\u00e9rieur de la paroi art\u00e9rielle.\" \/>\n<meta name=\"robots\" content=\"index, follow, max-snippet:-1, max-image-preview:large, max-video-preview:-1\" \/>\n<link rel=\"canonical\" href=\"https:\/\/www.heartfailurematters.org\/fr\/causes-de-linsuffisance-cardiaque-et-autres-problemes-medicaux-courants\/coronaropathie\/\" \/>\n<meta property=\"og:locale\" content=\"fr_FR\" \/>\n<meta property=\"og:type\" content=\"article\" \/>\n<meta property=\"og:title\" content=\"Coronaropathie - Heart Failure Matters\" \/>\n<meta property=\"og:description\" content=\"Si votre insuffisance cardiaque est caus\u00e9e par une maladie coronarienne, cela signifie qu&#039;une ou plusieurs de vos art\u00e8res se sont r\u00e9tr\u00e9cies en raison de la formation d&#039;un bouchon contenant du cholest\u00e9rol \u00e0 l&#039;int\u00e9rieur de la paroi art\u00e9rielle.\" \/>\n<meta property=\"og:url\" content=\"https:\/\/www.heartfailurematters.org\/fr\/causes-de-linsuffisance-cardiaque-et-autres-problemes-medicaux-courants\/coronaropathie\/\" \/>\n<meta property=\"og:site_name\" content=\"Heart Failure Matters\" \/>\n<meta property=\"article:publisher\" content=\"https:\/\/www.facebook.com\/heartfailurematters\" \/>\n<meta property=\"article:modified_time\" content=\"2021-03-30T11:12:33+00:00\" \/>\n<meta property=\"og:image\" content=\"https:\/\/www.heartfailurematters.org\/wp-content\/uploads\/2022\/02\/shutterstock_1401929189-1-min.jpg\" \/>\n\t<meta property=\"og:image:width\" content=\"900\" \/>\n\t<meta property=\"og:image:height\" content=\"600\" \/>\n\t<meta property=\"og:image:type\" content=\"image\/jpeg\" \/>\n<meta name=\"twitter:card\" content=\"summary_large_image\" \/>\n<meta name=\"twitter:label1\" content=\"Dur\u00e9e de lecture estim\u00e9e\" \/>\n\t<meta name=\"twitter:data1\" content=\"1 minute\" \/>\n<script type=\"application\/ld+json\" class=\"yoast-schema-graph\">{\"@context\":\"https:\/\/schema.org\",\"@graph\":[{\"@type\":\"WebPage\",\"@id\":\"https:\/\/www.heartfailurematters.org\/fr\/causes-de-linsuffisance-cardiaque-et-autres-problemes-medicaux-courants\/coronaropathie\/\",\"url\":\"https:\/\/www.heartfailurematters.org\/fr\/causes-de-linsuffisance-cardiaque-et-autres-problemes-medicaux-courants\/coronaropathie\/\",\"name\":\"Coronaropathie - Heart Failure Matters\",\"isPartOf\":{\"@id\":\"https:\/\/www.heartfailurematters.org\/fr\/#website\"},\"primaryImageOfPage\":{\"@id\":\"https:\/\/www.heartfailurematters.org\/fr\/causes-de-linsuffisance-cardiaque-et-autres-problemes-medicaux-courants\/coronaropathie\/#primaryimage\"},\"image\":{\"@id\":\"https:\/\/www.heartfailurematters.org\/fr\/causes-de-linsuffisance-cardiaque-et-autres-problemes-medicaux-courants\/coronaropathie\/#primaryimage\"},\"thumbnailUrl\":\"https:\/\/www.heartfailurematters.org\/wp-content\/uploads\/2022\/02\/shutterstock_1401929189-1-min.jpg\",\"datePublished\":\"2021-01-27T21:36:09+00:00\",\"dateModified\":\"2021-03-30T11:12:33+00:00\",\"description\":\"Si votre insuffisance cardiaque est caus\u00e9e par une maladie coronarienne, cela signifie qu'une ou plusieurs de vos art\u00e8res se sont r\u00e9tr\u00e9cies en raison de la formation d'un bouchon contenant du cholest\u00e9rol \u00e0 l'int\u00e9rieur de la paroi art\u00e9rielle.\",\"breadcrumb\":{\"@id\":\"https:\/\/www.heartfailurematters.org\/fr\/causes-de-linsuffisance-cardiaque-et-autres-problemes-medicaux-courants\/coronaropathie\/#breadcrumb\"},\"inLanguage\":\"fr-FR\",\"potentialAction\":[{\"@type\":\"ReadAction\",\"target\":[\"https:\/\/www.heartfailurematters.org\/fr\/causes-de-linsuffisance-cardiaque-et-autres-problemes-medicaux-courants\/coronaropathie\/\"]}]},{\"@type\":\"ImageObject\",\"inLanguage\":\"fr-FR\",\"@id\":\"https:\/\/www.heartfailurematters.org\/fr\/causes-de-linsuffisance-cardiaque-et-autres-problemes-medicaux-courants\/coronaropathie\/#primaryimage\",\"url\":\"https:\/\/www.heartfailurematters.org\/wp-content\/uploads\/2022\/02\/shutterstock_1401929189-1-min.jpg\",\"contentUrl\":\"https:\/\/www.heartfailurematters.org\/wp-content\/uploads\/2022\/02\/shutterstock_1401929189-1-min.jpg\",\"width\":900,\"height\":600},{\"@type\":\"BreadcrumbList\",\"@id\":\"https:\/\/www.heartfailurematters.org\/fr\/causes-de-linsuffisance-cardiaque-et-autres-problemes-medicaux-courants\/coronaropathie\/#breadcrumb\",\"itemListElement\":[{\"@type\":\"ListItem\",\"position\":1,\"name\":\"Accueil\",\"item\":\"https:\/\/www.heartfailurematters.org\/fr\/\"},{\"@type\":\"ListItem\",\"position\":2,\"name\":\"Causes de l&#8217;insuffisance cardiaque et autres probl\u00e8mes m\u00e9dicaux associ\u00e9s\",\"item\":\"https:\/\/www.heartfailurematters.org\/fr\/causes-de-linsuffisance-cardiaque-et-autres-problemes-medicaux-courants\/\"},{\"@type\":\"ListItem\",\"position\":3,\"name\":\"Coronaropathie\"}]},{\"@type\":\"WebSite\",\"@id\":\"https:\/\/www.heartfailurematters.org\/fr\/#website\",\"url\":\"https:\/\/www.heartfailurematters.org\/fr\/\",\"name\":\"Heart Failure Matters\",\"description\":\"Practical information for patients, families and caregivers.\",\"publisher\":{\"@id\":\"https:\/\/www.heartfailurematters.org\/fr\/#organization\"},\"potentialAction\":[{\"@type\":\"SearchAction\",\"target\":{\"@type\":\"EntryPoint\",\"urlTemplate\":\"https:\/\/www.heartfailurematters.org\/fr\/?s={search_term_string}\"},\"query-input\":{\"@type\":\"PropertyValueSpecification\",\"valueRequired\":true,\"valueName\":\"search_term_string\"}}],\"inLanguage\":\"fr-FR\"},{\"@type\":\"Organization\",\"@id\":\"https:\/\/www.heartfailurematters.org\/fr\/#organization\",\"name\":\"Heart Failure Matters\",\"url\":\"https:\/\/www.heartfailurematters.org\/fr\/\",\"logo\":{\"@type\":\"ImageObject\",\"inLanguage\":\"fr-FR\",\"@id\":\"https:\/\/www.heartfailurematters.org\/fr\/#\/schema\/logo\/image\/\",\"url\":\"https:\/\/cdn-endpoint-hfm.azureedge.net\/heartfailurematters\/2024\/07\/hfm-logo1.jpg\",\"contentUrl\":\"https:\/\/cdn-endpoint-hfm.azureedge.net\/heartfailurematters\/2024\/07\/hfm-logo1.jpg\",\"width\":1280,\"height\":720,\"caption\":\"Heart Failure Matters\"},\"image\":{\"@id\":\"https:\/\/www.heartfailurematters.org\/fr\/#\/schema\/logo\/image\/\"},\"sameAs\":[\"https:\/\/www.facebook.com\/heartfailurematters\"]}]}<\/script>\n<!-- \/ Yoast SEO plugin. -->","yoast_head_json":{"title":"Coronaropathie - Heart Failure Matters","description":"Si votre insuffisance cardiaque est caus\u00e9e par une maladie coronarienne, cela signifie qu'une ou plusieurs de vos art\u00e8res se sont r\u00e9tr\u00e9cies en raison de la formation d'un bouchon contenant du cholest\u00e9rol \u00e0 l'int\u00e9rieur de la paroi art\u00e9rielle.","robots":{"index":"index","follow":"follow","max-snippet":"max-snippet:-1","max-image-preview":"max-image-preview:large","max-video-preview":"max-video-preview:-1"},"canonical":"https:\/\/www.heartfailurematters.org\/fr\/causes-de-linsuffisance-cardiaque-et-autres-problemes-medicaux-courants\/coronaropathie\/","og_locale":"fr_FR","og_type":"article","og_title":"Coronaropathie - Heart Failure Matters","og_description":"Si votre insuffisance cardiaque est caus\u00e9e par une maladie coronarienne, cela signifie qu'une ou plusieurs de vos art\u00e8res se sont r\u00e9tr\u00e9cies en raison de la formation d'un bouchon contenant du cholest\u00e9rol \u00e0 l'int\u00e9rieur de la paroi art\u00e9rielle.","og_url":"https:\/\/www.heartfailurematters.org\/fr\/causes-de-linsuffisance-cardiaque-et-autres-problemes-medicaux-courants\/coronaropathie\/","og_site_name":"Heart Failure Matters","article_publisher":"https:\/\/www.facebook.com\/heartfailurematters","article_modified_time":"2021-03-30T11:12:33+00:00","og_image":[{"width":900,"height":600,"url":"https:\/\/www.heartfailurematters.org\/wp-content\/uploads\/2022\/02\/shutterstock_1401929189-1-min.jpg","type":"image\/jpeg"}],"twitter_card":"summary_large_image","twitter_misc":{"Dur\u00e9e de lecture estim\u00e9e":"1 minute"},"schema":{"@context":"https:\/\/schema.org","@graph":[{"@type":"WebPage","@id":"https:\/\/www.heartfailurematters.org\/fr\/causes-de-linsuffisance-cardiaque-et-autres-problemes-medicaux-courants\/coronaropathie\/","url":"https:\/\/www.heartfailurematters.org\/fr\/causes-de-linsuffisance-cardiaque-et-autres-problemes-medicaux-courants\/coronaropathie\/","name":"Coronaropathie - Heart Failure Matters","isPartOf":{"@id":"https:\/\/www.heartfailurematters.org\/fr\/#website"},"primaryImageOfPage":{"@id":"https:\/\/www.heartfailurematters.org\/fr\/causes-de-linsuffisance-cardiaque-et-autres-problemes-medicaux-courants\/coronaropathie\/#primaryimage"},"image":{"@id":"https:\/\/www.heartfailurematters.org\/fr\/causes-de-linsuffisance-cardiaque-et-autres-problemes-medicaux-courants\/coronaropathie\/#primaryimage"},"thumbnailUrl":"https:\/\/www.heartfailurematters.org\/wp-content\/uploads\/2022\/02\/shutterstock_1401929189-1-min.jpg","datePublished":"2021-01-27T21:36:09+00:00","dateModified":"2021-03-30T11:12:33+00:00","description":"Si votre insuffisance cardiaque est caus\u00e9e par une maladie coronarienne, cela signifie qu'une ou plusieurs de vos art\u00e8res se sont r\u00e9tr\u00e9cies en raison de la formation d'un bouchon contenant du cholest\u00e9rol \u00e0 l'int\u00e9rieur de la paroi art\u00e9rielle.","breadcrumb":{"@id":"https:\/\/www.heartfailurematters.org\/fr\/causes-de-linsuffisance-cardiaque-et-autres-problemes-medicaux-courants\/coronaropathie\/#breadcrumb"},"inLanguage":"fr-FR","potentialAction":[{"@type":"ReadAction","target":["https:\/\/www.heartfailurematters.org\/fr\/causes-de-linsuffisance-cardiaque-et-autres-problemes-medicaux-courants\/coronaropathie\/"]}]},{"@type":"ImageObject","inLanguage":"fr-FR","@id":"https:\/\/www.heartfailurematters.org\/fr\/causes-de-linsuffisance-cardiaque-et-autres-problemes-medicaux-courants\/coronaropathie\/#primaryimage","url":"https:\/\/www.heartfailurematters.org\/wp-content\/uploads\/2022\/02\/shutterstock_1401929189-1-min.jpg","contentUrl":"https:\/\/www.heartfailurematters.org\/wp-content\/uploads\/2022\/02\/shutterstock_1401929189-1-min.jpg","width":900,"height":600},{"@type":"BreadcrumbList","@id":"https:\/\/www.heartfailurematters.org\/fr\/causes-de-linsuffisance-cardiaque-et-autres-problemes-medicaux-courants\/coronaropathie\/#breadcrumb","itemListElement":[{"@type":"ListItem","position":1,"name":"Accueil","item":"https:\/\/www.heartfailurematters.org\/fr\/"},{"@type":"ListItem","position":2,"name":"Causes de l&#8217;insuffisance cardiaque et autres probl\u00e8mes m\u00e9dicaux associ\u00e9s","item":"https:\/\/www.heartfailurematters.org\/fr\/causes-de-linsuffisance-cardiaque-et-autres-problemes-medicaux-courants\/"},{"@type":"ListItem","position":3,"name":"Coronaropathie"}]},{"@type":"WebSite","@id":"https:\/\/www.heartfailurematters.org\/fr\/#website","url":"https:\/\/www.heartfailurematters.org\/fr\/","name":"Heart Failure Matters","description":"Practical information for patients, families and caregivers.","publisher":{"@id":"https:\/\/www.heartfailurematters.org\/fr\/#organization"},"potentialAction":[{"@type":"SearchAction","target":{"@type":"EntryPoint","urlTemplate":"https:\/\/www.heartfailurematters.org\/fr\/?s={search_term_string}"},"query-input":{"@type":"PropertyValueSpecification","valueRequired":true,"valueName":"search_term_string"}}],"inLanguage":"fr-FR"},{"@type":"Organization","@id":"https:\/\/www.heartfailurematters.org\/fr\/#organization","name":"Heart Failure Matters","url":"https:\/\/www.heartfailurematters.org\/fr\/","logo":{"@type":"ImageObject","inLanguage":"fr-FR","@id":"https:\/\/www.heartfailurematters.org\/fr\/#\/schema\/logo\/image\/","url":"https:\/\/cdn-endpoint-hfm.azureedge.net\/heartfailurematters\/2024\/07\/hfm-logo1.jpg","contentUrl":"https:\/\/cdn-endpoint-hfm.azureedge.net\/heartfailurematters\/2024\/07\/hfm-logo1.jpg","width":1280,"height":720,"caption":"Heart Failure Matters"},"image":{"@id":"https:\/\/www.heartfailurematters.org\/fr\/#\/schema\/logo\/image\/"},"sameAs":["https:\/\/www.facebook.com\/heartfailurematters"]}]}},"_links":{"self":[{"href":"https:\/\/www.heartfailurematters.org\/fr\/wp-json\/wp\/v2\/pages\/460","targetHints":{"allow":["GET"]}}],"collection":[{"href":"https:\/\/www.heartfailurematters.org\/fr\/wp-json\/wp\/v2\/pages"}],"about":[{"href":"https:\/\/www.heartfailurematters.org\/fr\/wp-json\/wp\/v2\/types\/page"}],"author":[{"embeddable":true,"href":"https:\/\/www.heartfailurematters.org\/fr\/wp-json\/wp\/v2\/users\/1"}],"replies":[{"embeddable":true,"href":"https:\/\/www.heartfailurematters.org\/fr\/wp-json\/wp\/v2\/comments?post=460"}],"version-history":[{"count":1,"href":"https:\/\/www.heartfailurematters.org\/fr\/wp-json\/wp\/v2\/pages\/460\/revisions"}],"predecessor-version":[{"id":7581,"href":"https:\/\/www.heartfailurematters.org\/fr\/wp-json\/wp\/v2\/pages\/460\/revisions\/7581"}],"up":[{"embeddable":true,"href":"https:\/\/www.heartfailurematters.org\/fr\/wp-json\/wp\/v2\/pages\/8045"}],"wp:featuredmedia":[{"embeddable":true,"href":"https:\/\/www.heartfailurematters.org\/fr\/wp-json\/wp\/v2\/media\/10563"}],"wp:attachment":[{"href":"https:\/\/www.heartfailurematters.org\/fr\/wp-json\/wp\/v2\/media?parent=460"}],"wp:term":[{"taxonomy":"category","embeddable":true,"href":"https:\/\/www.heartfailurematters.org\/fr\/wp-json\/wp\/v2\/categories?post=460"},{"taxonomy":"post_tag","embeddable":true,"href":"https:\/\/www.heartfailurematters.org\/fr\/wp-json\/wp\/v2\/tags?post=460"}],"curies":[{"name":"wp","href":"https:\/\/api.w.org\/{rel}","templated":true}]}}