{"id":458,"date":"2021-01-27T21:36:09","date_gmt":"2021-01-27T21:36:09","guid":{"rendered":"http:\/\/heartfailurematters.local:8888\/beta-bloquants\/"},"modified":"2021-02-05T17:51:23","modified_gmt":"2021-02-05T17:51:23","slug":"beta-bloquants","status":"publish","type":"page","link":"https:\/\/www.heartfailurematters.org\/fr\/ce-que-votre-medecin-ou-votre-infirmier-ere-peut-faire\/beta-bloquants\/","title":{"rendered":"B\u00eata-bloquants"},"content":{"rendered":"<h2>Leur action<\/h2>\n<p>Lorsque votre c\u0153ur ne pompe pas aussi bien qu\u2019il le devrait, votre corps essaye de compenser en produisant de l&rsquo;<a class=\"addtooltip\" title=\"Hormone produite en cas de stress, qui agit sur la fr\u00e9quence cardiaque, la circulation sanguine et d'autres fonctions du corps.\"><strong>adr\u00e9naline<\/strong><\/a> et de la noradrenaline, des <a class=\"addtooltip\" title=\"Substances lib\u00e9r\u00e9es dans le sang par diverses glandes du corps, qui contr\u00f4lent des fonctions essentielles.\"><strong>hormones<\/strong><\/a> qui entra\u00eenent une acc\u00e9l\u00e9ration du rythme cardiaque et une augmentation de la pression art\u00e9rielle. Si cet effet se prolonge, il peut endommager le c\u0153ur qui a d\u00e9j\u00e0 du mal \u00e0 fonctionner correctement. Les\u00a0<a class=\"addtooltip\" title=\"Classe de m\u00e9dicaments utilis\u00e9s pour ralentir votre fr\u00e9quence cardiaque ou diminuer votre tension art\u00e9rielle.\"><strong>b\u00eata-bloquants<\/strong><\/a> aident votre c\u0153ur \u00e0 battre plus lentement, contribuent \u00e0 diminuer votre pression art\u00e9rielle et prot\u00e8gent ainsi votre c\u0153ur des effets n\u00e9fastes de l&rsquo;activit\u00e9 prolong\u00e9e de l&rsquo;<a class=\"addtooltip\" title=\"Hormone produite en cas de stress, qui agit sur la fr\u00e9quence cardiaque, la circulation sanguine et d'autres fonctions du corps.\"><strong>adr\u00e9naline<\/strong><\/a> et de la <a class=\"addtooltip\" title=\"Hormone produite en cas de stress, qui agit sur la fr\u00e9quence cardiaque, la circulation sanguine et d'autres fonctions du corps.\"><strong>noradr\u00e9naline<\/strong><\/a>.<\/p>\n<p><a class=\"addtooltip\" title=\"Classe de m\u00e9dicaments utilis\u00e9s pour ralentir la fr\u00e9quence cardiaque ou faire baisser la tension art\u00e9rielle.\"><strong>Les B\u00eata-bloquants<\/strong><\/a> constituent un \u00e9l\u00e9ment important du traitement contre l\u2019insuffisance cardiaque. Cependant chez certaines personnes atteintes d\u2019insuffisance mod\u00e9r\u00e9e ou s\u00e9v\u00e8re, il peut \u00eatre n\u00e9cessaire de commencer le traitement \u00e0 une dose faible qui est progressivement augment\u00e9e. Ceci car certaines personnes peuvent \u00e9prouver une aggravation temporaire de leurs sympt\u00f4mes d&rsquo;insuffisance cardiaque lors des premi\u00e8res semaines du traitement par b\u00eata-bloquant.<\/p>\n<h2>Quels sont les b\u00e9n\u00e9fices escompt\u00e9s\u00a0?<\/h2>\n<p>Les b\u00eata-bloquants ont prouv\u00e9 leur capacit\u00e9 \u00e0 r\u00e9duire le nombre d\u2019hospitalisations pour insuffisance cardiaque, \u00e0 prolonger l\u2019esp\u00e9rance de vie, \u00e0 renforcer la tol\u00e9rance \u00e0 l\u2019exercice physique et \u00e0 am\u00e9liorer la qualit\u00e9 de vie.<\/p>\n<h2><strong>Effets secondaires<\/strong><\/h2>\n<p>Comme les <a class=\"addtooltip\" title=\"Classe de m\u00e9dicaments utilis\u00e9s pour ralentir votre fr\u00e9quence cardiaque ou diminuer votre tension art\u00e9rielle.\"><strong>b\u00eata-bloquants<\/strong><\/a> diminuent le rythme cardiaque, ils peuvent \u00e9galement r\u00e9duire la tol\u00e9rance \u00e0 l\u2019effort (capacit\u00e9 \u00e0 pratiquer des exercices physiques). Cela signifie que vous pouvez \u00eatre incapable de pratiquer une activit\u00e9 physique intense sans \u00e9prouver de la fatigue. Cet effet s&rsquo;estompera g\u00e9n\u00e9ralement. Votre m\u00e9decin augmentera alors votre dose progressivement.<\/p>\n<p>Parfois, les <a class=\"addtooltip\" title=\"Classe de m\u00e9dicaments utilis\u00e9s pour ralentir votre fr\u00e9quence cardiaque ou diminuer votre tension art\u00e9rielle.\"><strong>b\u00eata-bloquants<\/strong><\/a> peuvent rendre vos mains et vos pieds particuli\u00e8rement froids.<\/p>\n<p>Les b\u00eata-bloquants peuvent \u00e9galement aggraver l&rsquo;<a class=\"addtooltip\" title=\"Maladie respiratoire qui provoque le r\u00e9tr\u00e9cissement des bronches, rendant la respiration particuli\u00e8rement difficile.\"><strong>asthme<\/strong><\/a>, assurez-vous donc d&rsquo;informer votre m\u00e9decin si vous souffrez d&rsquo;asthme.<\/p>\n<p>Une d\u00e9pression peut parfois survenir lors d\u2019un traitement par b\u00eata-bloquant. N\u2019h\u00e9sitez pas \u00e0 discuter de tout sympt\u00f4me que vous \u00e9prouvez avec votre infirmi\u00e8re ou votre m\u00e9decin.<\/p>\n<h2><strong>Conseils essentiels<\/strong><\/h2>\n<p>Dans un premier temps, les b\u00eata-bloquants peuvent provoquer des vertiges et de la fatigue, car ils diminuent votre pression art\u00e9rielle et votre fr\u00e9quence cardiaque. Il est recommand\u00e9 aux patients qui d\u00e9butent un traitement par b\u00eata-bloquant \u00ab\u00a0d\u2019y aller doucement\u00a0\u00bb. Quelques semaines apr\u00e8s le d\u00e9but d&rsquo;un traitement par b\u00eata-bloquant sont parfois n\u00e9cessaires avant que vous ne vous sentiez mieux. Cependant, si vous \u00e9prouvez toujours des vertiges apr\u00e8s cette p\u00e9riode, contactez votre m\u00e9decin ou votre infirmi\u00e8re pour vous assurer que l&rsquo;on vous administre la bonne dose.<\/p>\n<p>Il est utile de suivre l\u2019\u00e9volution de votre poids quotidiennement et de contacter votre m\u00e9decin ou votre infirmi\u00e8re en cas de modification importante.<\/p>\n<p>Si les sympt\u00f4mes de respiration sifflante ou de dyspn\u00e9e (essoufflement) sont tr\u00e8s importants, contactez votre m\u00e9decin, car cela peut \u00eatre d\u00fb \u00e0 des sympt\u00f4mes d&rsquo;<a class=\"addtooltip\" title=\"Maladie respiratoire qui provoque le r\u00e9tr\u00e9cissement des bronches, rendant la respiration particuli\u00e8rement difficile.\"><strong>asthme<\/strong><\/a> sous-jacents.<\/p>\n<p>Il est important que vous n\u2019arr\u00eatiez pas brutalement votre traitement par <a class=\"addtooltip\" title=\"Classe de m\u00e9dicaments utilis\u00e9s pour ralentir votre fr\u00e9quence cardiaque ou diminuer votre tension art\u00e9rielle.\"><strong>b\u00eata-bloquants<\/strong><\/a>. Toute r\u00e9duction de dose et tout arr\u00eat du traitement doit \u00eatre pr\u00e9alablement discut\u00e9 avec votre m\u00e9decin.<\/p>\n<h2>\u00c9galement connus sous les noms suivants\u00a0:<\/h2>\n<ul>\n<li><strong>Acebutolol<br \/>\n<\/strong>(Sectral\u00ae, Prent\u00ae)<\/li>\n<li><strong>Atenolol<\/strong><br \/>\n(Atenix\u00ae, Tenormin\u00ae)<\/li>\n<li><strong>Bisoprolol<br \/>\n<\/strong>(Soloc\u00ae, Vivacor\u00ae, Cardicor\u00ae, Emcor\u00ae, Concor\u00ae)<\/li>\n<li><strong>Carvedilol<\/strong><br \/>\n(Eucardic\u00ae, Coreg\u00ae)<\/li>\n<li><strong>Celiprolol<br \/>\n<\/strong>(Celectol\u00ae)<\/li>\n<li><strong>Labetalol<br \/>\n<\/strong>(Normodyne\u00ae, Trandate\u00ae, Normozyde\u00ae)<\/li>\n<li><strong>Metoprolol<br \/>\n<\/strong>(Betaloc\u00ae, Betaloc SA\u00ae, Lopressor\u00ae, Lopressor LA\u00ae, Toprol XL\u00ae)<\/li>\n<li><strong>Nadolol<br \/>\n<\/strong>(Corgard\u00ae)<\/li>\n<li><strong>Nebivolol<br \/>\n<\/strong>(Nebilet\u00ae)<\/li>\n<li><strong>Oxprenolol<br \/>\n<\/strong>(Trasicor\u00ae, Slow-Trasicor\u00ae)<\/li>\n<li><strong>Pindolol<\/strong><br \/>\n(Visken\u00ae)<\/li>\n<li><strong>Propanolol<br \/>\n<\/strong>(Angilol\u00ae, Syprol\u00ae, Bedranol SR\u00ae, Beta Prograne\u00ae,\u00a0Slo-Pro\u00ae, Inderal\u00ae, Half-Inderal LA\u00ae, Inderal-LA\u00ae)<\/li>\n<li><strong>Sotalol<\/strong><br \/>\n(Beta-Cardone\u00ae, Sotocor\u00ae)<\/li>\n<li><strong>Timolol<br \/>\n<\/strong>(Betim\u00ae)<\/li>\n<li><strong>Combination products<\/strong><br \/>\n(Co-tenidone\u00ae,\u00a0Kalten\u00ae, Tenoret\u00ae, Tenoretic\u00ae,\u00a0 Viskaldix\u00ae, Prestim\u00ae, Beta-Adalat\u00ae, Tenif\u00ae)<\/li>\n<\/ul>\n<p><a href=\"https:\/\/www.heartfailurematters.org\/fr\/ce-que-votre-medecin-ou-votre-infirmier-ere-peut-faire\/medicaments-contre-linsuffisance-cardiaque\/\">Retourner \u00e0 la rubrique \u00ab\u00a0Les m\u00e9dicaments contre l\u2019insuffisance cardiaque\u00a0\u00bb<\/a><\/p>\n","protected":false},"excerpt":{"rendered":"<p>Leur action Lorsque votre c\u0153ur ne pompe pas aussi bien qu\u2019il le devrait, votre corps essaye de compenser en produisant de l&rsquo;adr\u00e9naline et de la noradrenaline, des hormones qui entra\u00eenent une acc\u00e9l\u00e9ration du rythme cardiaque et une augmentation de la pression art\u00e9rielle. Si cet effet se prolonge, il peut endommager le c\u0153ur qui a d\u00e9j\u00e0 [&hellip;]<\/p>\n","protected":false},"author":1,"featured_media":10868,"parent":2679,"menu_order":0,"comment_status":"open","ping_status":"open","template":"","meta":{"_acf_changed":false,"footnotes":""},"categories":[],"tags":[],"class_list":["post-458","page","type-page","status-publish","has-post-thumbnail","hentry"],"acf":[],"yoast_head":"<!-- This site is optimized with the Yoast SEO plugin v24.8.1 - https:\/\/yoast.com\/wordpress\/plugins\/seo\/ -->\n<title>B\u00eata-bloquants - Heart Failure Matters<\/title>\n<meta name=\"description\" content=\"B\u00eata-bloquants pour l&#039;insuffisance cardiaque : d\u00e9couvrez ce qu&#039;ils sont, comment ils peuvent vous aider et quels sont les effets secondaires possibles\" \/>\n<meta name=\"robots\" content=\"index, follow, max-snippet:-1, max-image-preview:large, max-video-preview:-1\" \/>\n<link rel=\"canonical\" href=\"https:\/\/www.heartfailurematters.org\/fr\/ce-que-votre-medecin-ou-votre-infirmier-ere-peut-faire\/beta-bloquants\/\" \/>\n<meta property=\"og:locale\" content=\"fr_FR\" \/>\n<meta property=\"og:type\" content=\"article\" \/>\n<meta property=\"og:title\" content=\"B\u00eata-bloquants - Heart Failure Matters\" \/>\n<meta property=\"og:description\" content=\"B\u00eata-bloquants pour l&#039;insuffisance cardiaque : d\u00e9couvrez ce qu&#039;ils sont, comment ils peuvent vous aider et quels sont les effets secondaires possibles\" \/>\n<meta property=\"og:url\" content=\"https:\/\/www.heartfailurematters.org\/fr\/ce-que-votre-medecin-ou-votre-infirmier-ere-peut-faire\/beta-bloquants\/\" \/>\n<meta property=\"og:site_name\" content=\"Heart Failure Matters\" \/>\n<meta property=\"article:publisher\" content=\"https:\/\/www.facebook.com\/heartfailurematters\" \/>\n<meta property=\"article:modified_time\" content=\"2021-02-05T17:51:23+00:00\" \/>\n<meta property=\"og:image\" content=\"https:\/\/www.heartfailurematters.org\/wp-content\/uploads\/2022\/03\/shutterstock_441673426-1-min.jpg\" \/>\n\t<meta property=\"og:image:width\" content=\"900\" \/>\n\t<meta property=\"og:image:height\" content=\"596\" \/>\n\t<meta property=\"og:image:type\" content=\"image\/jpeg\" \/>\n<meta name=\"twitter:card\" content=\"summary_large_image\" \/>\n<meta name=\"twitter:label1\" content=\"Dur\u00e9e de lecture estim\u00e9e\" \/>\n\t<meta name=\"twitter:data1\" content=\"3 minutes\" \/>\n<script type=\"application\/ld+json\" class=\"yoast-schema-graph\">{\"@context\":\"https:\/\/schema.org\",\"@graph\":[{\"@type\":\"WebPage\",\"@id\":\"https:\/\/www.heartfailurematters.org\/fr\/ce-que-votre-medecin-ou-votre-infirmier-ere-peut-faire\/beta-bloquants\/\",\"url\":\"https:\/\/www.heartfailurematters.org\/fr\/ce-que-votre-medecin-ou-votre-infirmier-ere-peut-faire\/beta-bloquants\/\",\"name\":\"B\u00eata-bloquants - Heart Failure Matters\",\"isPartOf\":{\"@id\":\"https:\/\/www.heartfailurematters.org\/fr\/#website\"},\"primaryImageOfPage\":{\"@id\":\"https:\/\/www.heartfailurematters.org\/fr\/ce-que-votre-medecin-ou-votre-infirmier-ere-peut-faire\/beta-bloquants\/#primaryimage\"},\"image\":{\"@id\":\"https:\/\/www.heartfailurematters.org\/fr\/ce-que-votre-medecin-ou-votre-infirmier-ere-peut-faire\/beta-bloquants\/#primaryimage\"},\"thumbnailUrl\":\"https:\/\/www.heartfailurematters.org\/wp-content\/uploads\/2022\/03\/shutterstock_441673426-1-min.jpg\",\"datePublished\":\"2021-01-27T21:36:09+00:00\",\"dateModified\":\"2021-02-05T17:51:23+00:00\",\"description\":\"B\u00eata-bloquants pour l'insuffisance cardiaque : d\u00e9couvrez ce qu'ils sont, comment ils peuvent vous aider et quels sont les effets secondaires possibles\",\"breadcrumb\":{\"@id\":\"https:\/\/www.heartfailurematters.org\/fr\/ce-que-votre-medecin-ou-votre-infirmier-ere-peut-faire\/beta-bloquants\/#breadcrumb\"},\"inLanguage\":\"fr-FR\",\"potentialAction\":[{\"@type\":\"ReadAction\",\"target\":[\"https:\/\/www.heartfailurematters.org\/fr\/ce-que-votre-medecin-ou-votre-infirmier-ere-peut-faire\/beta-bloquants\/\"]}]},{\"@type\":\"ImageObject\",\"inLanguage\":\"fr-FR\",\"@id\":\"https:\/\/www.heartfailurematters.org\/fr\/ce-que-votre-medecin-ou-votre-infirmier-ere-peut-faire\/beta-bloquants\/#primaryimage\",\"url\":\"https:\/\/www.heartfailurematters.org\/wp-content\/uploads\/2022\/03\/shutterstock_441673426-1-min.jpg\",\"contentUrl\":\"https:\/\/www.heartfailurematters.org\/wp-content\/uploads\/2022\/03\/shutterstock_441673426-1-min.jpg\",\"width\":900,\"height\":596},{\"@type\":\"BreadcrumbList\",\"@id\":\"https:\/\/www.heartfailurematters.org\/fr\/ce-que-votre-medecin-ou-votre-infirmier-ere-peut-faire\/beta-bloquants\/#breadcrumb\",\"itemListElement\":[{\"@type\":\"ListItem\",\"position\":1,\"name\":\"Accueil\",\"item\":\"https:\/\/www.heartfailurematters.org\/fr\/\"},{\"@type\":\"ListItem\",\"position\":2,\"name\":\"Ce que votre m\u00e9decin peut faire\",\"item\":\"https:\/\/www.heartfailurematters.org\/fr\/ce-que-votre-medecin-ou-votre-infirmier-ere-peut-faire\/\"},{\"@type\":\"ListItem\",\"position\":3,\"name\":\"B\u00eata-bloquants\"}]},{\"@type\":\"WebSite\",\"@id\":\"https:\/\/www.heartfailurematters.org\/fr\/#website\",\"url\":\"https:\/\/www.heartfailurematters.org\/fr\/\",\"name\":\"Heart Failure Matters\",\"description\":\"Practical information for patients, families and caregivers.\",\"publisher\":{\"@id\":\"https:\/\/www.heartfailurematters.org\/fr\/#organization\"},\"potentialAction\":[{\"@type\":\"SearchAction\",\"target\":{\"@type\":\"EntryPoint\",\"urlTemplate\":\"https:\/\/www.heartfailurematters.org\/fr\/?s={search_term_string}\"},\"query-input\":{\"@type\":\"PropertyValueSpecification\",\"valueRequired\":true,\"valueName\":\"search_term_string\"}}],\"inLanguage\":\"fr-FR\"},{\"@type\":\"Organization\",\"@id\":\"https:\/\/www.heartfailurematters.org\/fr\/#organization\",\"name\":\"Heart Failure Matters\",\"url\":\"https:\/\/www.heartfailurematters.org\/fr\/\",\"logo\":{\"@type\":\"ImageObject\",\"inLanguage\":\"fr-FR\",\"@id\":\"https:\/\/www.heartfailurematters.org\/fr\/#\/schema\/logo\/image\/\",\"url\":\"https:\/\/cdn-endpoint-hfm.azureedge.net\/heartfailurematters\/2024\/07\/hfm-logo1.jpg\",\"contentUrl\":\"https:\/\/cdn-endpoint-hfm.azureedge.net\/heartfailurematters\/2024\/07\/hfm-logo1.jpg\",\"width\":1280,\"height\":720,\"caption\":\"Heart Failure Matters\"},\"image\":{\"@id\":\"https:\/\/www.heartfailurematters.org\/fr\/#\/schema\/logo\/image\/\"},\"sameAs\":[\"https:\/\/www.facebook.com\/heartfailurematters\"]}]}<\/script>\n<!-- \/ Yoast SEO plugin. -->","yoast_head_json":{"title":"B\u00eata-bloquants - Heart Failure Matters","description":"B\u00eata-bloquants pour l'insuffisance cardiaque : d\u00e9couvrez ce qu'ils sont, comment ils peuvent vous aider et quels sont les effets secondaires possibles","robots":{"index":"index","follow":"follow","max-snippet":"max-snippet:-1","max-image-preview":"max-image-preview:large","max-video-preview":"max-video-preview:-1"},"canonical":"https:\/\/www.heartfailurematters.org\/fr\/ce-que-votre-medecin-ou-votre-infirmier-ere-peut-faire\/beta-bloquants\/","og_locale":"fr_FR","og_type":"article","og_title":"B\u00eata-bloquants - Heart Failure Matters","og_description":"B\u00eata-bloquants pour l'insuffisance cardiaque : d\u00e9couvrez ce qu'ils sont, comment ils peuvent vous aider et quels sont les effets secondaires possibles","og_url":"https:\/\/www.heartfailurematters.org\/fr\/ce-que-votre-medecin-ou-votre-infirmier-ere-peut-faire\/beta-bloquants\/","og_site_name":"Heart Failure Matters","article_publisher":"https:\/\/www.facebook.com\/heartfailurematters","article_modified_time":"2021-02-05T17:51:23+00:00","og_image":[{"width":900,"height":596,"url":"https:\/\/www.heartfailurematters.org\/wp-content\/uploads\/2022\/03\/shutterstock_441673426-1-min.jpg","type":"image\/jpeg"}],"twitter_card":"summary_large_image","twitter_misc":{"Dur\u00e9e de lecture estim\u00e9e":"3 minutes"},"schema":{"@context":"https:\/\/schema.org","@graph":[{"@type":"WebPage","@id":"https:\/\/www.heartfailurematters.org\/fr\/ce-que-votre-medecin-ou-votre-infirmier-ere-peut-faire\/beta-bloquants\/","url":"https:\/\/www.heartfailurematters.org\/fr\/ce-que-votre-medecin-ou-votre-infirmier-ere-peut-faire\/beta-bloquants\/","name":"B\u00eata-bloquants - Heart Failure Matters","isPartOf":{"@id":"https:\/\/www.heartfailurematters.org\/fr\/#website"},"primaryImageOfPage":{"@id":"https:\/\/www.heartfailurematters.org\/fr\/ce-que-votre-medecin-ou-votre-infirmier-ere-peut-faire\/beta-bloquants\/#primaryimage"},"image":{"@id":"https:\/\/www.heartfailurematters.org\/fr\/ce-que-votre-medecin-ou-votre-infirmier-ere-peut-faire\/beta-bloquants\/#primaryimage"},"thumbnailUrl":"https:\/\/www.heartfailurematters.org\/wp-content\/uploads\/2022\/03\/shutterstock_441673426-1-min.jpg","datePublished":"2021-01-27T21:36:09+00:00","dateModified":"2021-02-05T17:51:23+00:00","description":"B\u00eata-bloquants pour l'insuffisance cardiaque : d\u00e9couvrez ce qu'ils sont, comment ils peuvent vous aider et quels sont les effets secondaires possibles","breadcrumb":{"@id":"https:\/\/www.heartfailurematters.org\/fr\/ce-que-votre-medecin-ou-votre-infirmier-ere-peut-faire\/beta-bloquants\/#breadcrumb"},"inLanguage":"fr-FR","potentialAction":[{"@type":"ReadAction","target":["https:\/\/www.heartfailurematters.org\/fr\/ce-que-votre-medecin-ou-votre-infirmier-ere-peut-faire\/beta-bloquants\/"]}]},{"@type":"ImageObject","inLanguage":"fr-FR","@id":"https:\/\/www.heartfailurematters.org\/fr\/ce-que-votre-medecin-ou-votre-infirmier-ere-peut-faire\/beta-bloquants\/#primaryimage","url":"https:\/\/www.heartfailurematters.org\/wp-content\/uploads\/2022\/03\/shutterstock_441673426-1-min.jpg","contentUrl":"https:\/\/www.heartfailurematters.org\/wp-content\/uploads\/2022\/03\/shutterstock_441673426-1-min.jpg","width":900,"height":596},{"@type":"BreadcrumbList","@id":"https:\/\/www.heartfailurematters.org\/fr\/ce-que-votre-medecin-ou-votre-infirmier-ere-peut-faire\/beta-bloquants\/#breadcrumb","itemListElement":[{"@type":"ListItem","position":1,"name":"Accueil","item":"https:\/\/www.heartfailurematters.org\/fr\/"},{"@type":"ListItem","position":2,"name":"Ce que votre m\u00e9decin peut faire","item":"https:\/\/www.heartfailurematters.org\/fr\/ce-que-votre-medecin-ou-votre-infirmier-ere-peut-faire\/"},{"@type":"ListItem","position":3,"name":"B\u00eata-bloquants"}]},{"@type":"WebSite","@id":"https:\/\/www.heartfailurematters.org\/fr\/#website","url":"https:\/\/www.heartfailurematters.org\/fr\/","name":"Heart Failure Matters","description":"Practical information for patients, families and caregivers.","publisher":{"@id":"https:\/\/www.heartfailurematters.org\/fr\/#organization"},"potentialAction":[{"@type":"SearchAction","target":{"@type":"EntryPoint","urlTemplate":"https:\/\/www.heartfailurematters.org\/fr\/?s={search_term_string}"},"query-input":{"@type":"PropertyValueSpecification","valueRequired":true,"valueName":"search_term_string"}}],"inLanguage":"fr-FR"},{"@type":"Organization","@id":"https:\/\/www.heartfailurematters.org\/fr\/#organization","name":"Heart Failure Matters","url":"https:\/\/www.heartfailurematters.org\/fr\/","logo":{"@type":"ImageObject","inLanguage":"fr-FR","@id":"https:\/\/www.heartfailurematters.org\/fr\/#\/schema\/logo\/image\/","url":"https:\/\/cdn-endpoint-hfm.azureedge.net\/heartfailurematters\/2024\/07\/hfm-logo1.jpg","contentUrl":"https:\/\/cdn-endpoint-hfm.azureedge.net\/heartfailurematters\/2024\/07\/hfm-logo1.jpg","width":1280,"height":720,"caption":"Heart Failure Matters"},"image":{"@id":"https:\/\/www.heartfailurematters.org\/fr\/#\/schema\/logo\/image\/"},"sameAs":["https:\/\/www.facebook.com\/heartfailurematters"]}]}},"_links":{"self":[{"href":"https:\/\/www.heartfailurematters.org\/fr\/wp-json\/wp\/v2\/pages\/458","targetHints":{"allow":["GET"]}}],"collection":[{"href":"https:\/\/www.heartfailurematters.org\/fr\/wp-json\/wp\/v2\/pages"}],"about":[{"href":"https:\/\/www.heartfailurematters.org\/fr\/wp-json\/wp\/v2\/types\/page"}],"author":[{"embeddable":true,"href":"https:\/\/www.heartfailurematters.org\/fr\/wp-json\/wp\/v2\/users\/1"}],"replies":[{"embeddable":true,"href":"https:\/\/www.heartfailurematters.org\/fr\/wp-json\/wp\/v2\/comments?post=458"}],"version-history":[{"count":2,"href":"https:\/\/www.heartfailurematters.org\/fr\/wp-json\/wp\/v2\/pages\/458\/revisions"}],"predecessor-version":[{"id":4571,"href":"https:\/\/www.heartfailurematters.org\/fr\/wp-json\/wp\/v2\/pages\/458\/revisions\/4571"}],"up":[{"embeddable":true,"href":"https:\/\/www.heartfailurematters.org\/fr\/wp-json\/wp\/v2\/pages\/2679"}],"wp:featuredmedia":[{"embeddable":true,"href":"https:\/\/www.heartfailurematters.org\/fr\/wp-json\/wp\/v2\/media\/10868"}],"wp:attachment":[{"href":"https:\/\/www.heartfailurematters.org\/fr\/wp-json\/wp\/v2\/media?parent=458"}],"wp:term":[{"taxonomy":"category","embeddable":true,"href":"https:\/\/www.heartfailurematters.org\/fr\/wp-json\/wp\/v2\/categories?post=458"},{"taxonomy":"post_tag","embeddable":true,"href":"https:\/\/www.heartfailurematters.org\/fr\/wp-json\/wp\/v2\/tags?post=458"}],"curies":[{"name":"wp","href":"https:\/\/api.w.org\/{rel}","templated":true}]}}