{"id":449,"date":"2021-01-27T21:36:04","date_gmt":"2021-01-27T21:36:04","guid":{"rendered":"http:\/\/heartfailurematters.local:8888\/signaux-dalerte\/"},"modified":"2021-08-12T11:48:55","modified_gmt":"2021-08-12T10:48:55","slug":"signaux-dalerte","status":"publish","type":"page","link":"https:\/\/www.heartfailurematters.org\/fr\/signaux-dalerte\/signaux-dalerte\/","title":{"rendered":"Signaux d\u2019alerte"},"content":{"rendered":"<p>L\u2019insuffisance cardiaque peut \u00eatre correctement prise en charge gr\u00e2ce \u00e0 un traitement appropri\u00e9 et \u00e0 des ajustements de votre mode de vie, tel que recommand\u00e9 par votre m\u00e9decin ou votre infirmi\u00e8re. Cependant, il est important de surveiller r\u00e9guli\u00e8rement tous vos sympt\u00f4mes, car l\u2019insuffisance cardiaque peut progresser lentement.<\/p>\n<p>Vous pouvez utiliser la liste \u00e0 gauche ou l\u2019un des liens ci-dessous pour en savoir plus sur les sympt\u00f4mes que vous devriez surveiller et quoi faire s&rsquo;ils s\u2019aggravent.<\/p>\n<p>Vous devez imm\u00e9diatement demander de l\u2019aide si vous \u00e9prouvez l\u2019un des sympt\u00f4mes suivants\u00a0:<\/p>\n<p><a title=\"Persistent Chest pain \" href=\"https:\/\/www.heartfailurematters.org\/fr\/signaux-dalerte\/douleur-a-la-poitrine\/\" shape=\"rect\">Douleur persistante\u00a0\u00e0 la poitrine<\/a> qui n&rsquo;est pas soulag\u00e9e par la trinitrine (nitroglyc\u00e9rine)<br \/>\n<a title=\"Severe and persistent shortness of breath\" href=\"https:\/\/www.heartfailurematters.org\/fr\/signaux-dalerte\/essoufflement\/\" shape=\"rect\">Essoufflement s\u00e9v\u00e8re et persistant<\/a><br \/>\n<a title=\"Fainting\" href=\"https:\/\/www.heartfailurematters.org\/fr\/signaux-dalerte\/evanouissements-et-vertiges\/\" shape=\"rect\">\u00c9vanouissement <\/a><\/p>\n<p>Vous devez informer votre m\u00e9decin d\u00e8s que possible si vous \u00e9prouvez l\u2019un des sympt\u00f4mes suivants\u00a0:<\/p>\n<p><a title=\"Increasing shortness of breath\" href=\"https:\/\/www.heartfailurematters.org\/fr\/signaux-dalerte\/essoufflement\/\" shape=\"rect\">Augmentation de l&rsquo;essoufflement<\/a><br \/>\n<a title=\"Frequent awakenings due to shortness of breath\" href=\"https:\/\/www.heartfailurematters.org\/fr\/signaux-dalerte\/difficultes-respiratoires-provoquant-le-reveil-ajout-doreillers\/\" shape=\"rect\">R\u00e9veils fr\u00e9quents en raison d&rsquo;un essoufflement<\/a><br \/>\n<a title=\"Needing more pillows to sleep comfortably\" href=\"\/fr\/signaux-dalerte\/difficultes-respiratoires-provoquant-le-reveil-ajout-doreillers\/\" shape=\"rect\">Besoin de plus d&rsquo;oreillers pour dormir confortablement<\/a><br \/>\n<a title=\"Rapid heart rate or worsening palpitations\" href=\"https:\/\/www.heartfailurematters.org\/fr\/signaux-dalerte\/palpitations\/\" shape=\"rect\">Fr\u00e9quence cardiaque rapide ou palpitations qui s\u2019aggravent<\/a><\/p>\n<p>Et vous devriez discuter de n&rsquo;importe lequel des sympt\u00f4mes ci-dessous avec votre m\u00e9decin ou votre infirmi\u00e8re\u00a0:<\/p>\n<p><a title=\"Rapid weight gain\" href=\"https:\/\/www.heartfailurematters.org\/fr\/signaux-dalerte\/prise-de-poids-rapide\/\" shape=\"rect\">Prise de poids rapide<\/a><br \/>\n<a title=\"Progressive swelling or pain in the abdomen\" href=\"https:\/\/www.heartfailurematters.org\/fr\/signaux-dalerte\/gonflement-ou-douleur-dans-labdomen\/\" shape=\"rect\">Gonflement progressif ou douleur dans l&rsquo;abdomen<\/a><br \/>\n<a title=\"Increased swelling of the legs or ankles\" href=\"https:\/\/www.heartfailurematters.org\/fr\/signaux-dalerte\/gonflement-accru-des-jambes-ou-des-chevilles\/\" shape=\"rect\">Gonflement accru des jambes ou des chevilles<\/a><br \/>\n<a title=\"Loss of appetite\/nausea\" href=\"https:\/\/www.heartfailurematters.org\/fr\/signaux-dalerte\/perte-dappetit-nausees\/\" shape=\"rect\">Perte d&rsquo;app\u00e9tit ou naus\u00e9e<\/a><br \/>\n<a title=\"Increasing fatigue\" href=\"https:\/\/www.heartfailurematters.org\/fr\/comprendre-linsuffisance-cardiaque\/fatigue-lassitude\/\" shape=\"rect\">Augmentation de la fatigue<\/a><br \/>\n<a title=\"Worsening cough\" href=\"https:\/\/www.heartfailurematters.org\/fr\/comprendre-linsuffisance-cardiaque\/toux-respiration-sifflante\/\" shape=\"rect\">Aggravation de la toux<\/a><\/p>\n<p>Pour vous aider \u00e0 contr\u00f4ler vos sympt\u00f4mes, cliquez sur les liens ci-dessous pour trouver des ressources utiles que vous pourrez t\u00e9l\u00e9charger, imprimer et compl\u00e9ter. Vous pourrez ensuite les emporter avec vous lors de votre prochain rendez-vous avec votre m\u00e9decin ou votre infirmi\u00e8re et discuter de vos sympt\u00f4mes.<\/p>\n<p><a title=\"Symptom and event diary\" href=\"\/wp-content\/uploads\/2021\/02\/Journal-des-symptomes.pdf\" target=\"_blank\" rel=\"noopener\" shape=\"rect\">Journal des sympt\u00f4mes et des \u00e9v\u00e9nements<\/a><br \/>\n<a title=\"Monitoring your heart failure chart\" href=\"\/wp-content\/uploads\/2021\/02\/Surveiller-vos-signes-vitaux.pdf\" target=\"_blank\" rel=\"noopener\" shape=\"rect\">Tableau de surveillance de votre insuffisance cardiaque<\/a><br \/>\n<a title=\"Warning signs leaflet\" href=\"\/wp-content\/uploads\/2021\/02\/Signes-dalerte.pdf\" target=\"_blank\" rel=\"noopener\" shape=\"rect\">Brochure sur les signaux d\u2019alerte<\/a><\/p>\n","protected":false},"excerpt":{"rendered":"<p>L\u2019insuffisance cardiaque peut \u00eatre correctement prise en charge gr\u00e2ce \u00e0 un traitement appropri\u00e9 et \u00e0 des ajustements de votre mode de vie, tel que recommand\u00e9 par votre m\u00e9decin ou votre infirmi\u00e8re. Cependant, il est important de surveiller r\u00e9guli\u00e8rement tous vos sympt\u00f4mes, car l\u2019insuffisance cardiaque peut progresser lentement. Vous pouvez utiliser la liste \u00e0 gauche ou [&hellip;]<\/p>\n","protected":false},"author":1,"featured_media":0,"parent":2864,"menu_order":0,"comment_status":"open","ping_status":"open","template":"","meta":{"_acf_changed":false,"footnotes":""},"categories":[],"tags":[],"class_list":["post-449","page","type-page","status-publish","hentry"],"acf":[],"yoast_head":"<!-- This site is optimized with the Yoast SEO plugin v24.8.1 - https:\/\/yoast.com\/wordpress\/plugins\/seo\/ -->\n<title>Signaux d\u2019alerte - Heart Failure Matters<\/title>\n<meta name=\"description\" content=\"L&#039;insuffisance cardiaque peut \u00eatre g\u00e9r\u00e9e efficacement. Pour ce faire, il est important de surveiller r\u00e9guli\u00e8rement tous vos sympt\u00f4mes. Demandez de l&#039;aide si vous pr\u00e9sentez ces sympt\u00f4mes.\" \/>\n<meta name=\"robots\" content=\"index, follow, max-snippet:-1, max-image-preview:large, max-video-preview:-1\" \/>\n<link rel=\"canonical\" href=\"https:\/\/www.heartfailurematters.org\/fr\/signaux-dalerte\/signaux-dalerte\/\" \/>\n<meta property=\"og:locale\" content=\"fr_FR\" \/>\n<meta property=\"og:type\" content=\"article\" \/>\n<meta property=\"og:title\" content=\"Signaux d\u2019alerte - Heart Failure Matters\" \/>\n<meta property=\"og:description\" content=\"L&#039;insuffisance cardiaque peut \u00eatre g\u00e9r\u00e9e efficacement. Pour ce faire, il est important de surveiller r\u00e9guli\u00e8rement tous vos sympt\u00f4mes. Demandez de l&#039;aide si vous pr\u00e9sentez ces sympt\u00f4mes.\" \/>\n<meta property=\"og:url\" content=\"https:\/\/www.heartfailurematters.org\/fr\/signaux-dalerte\/signaux-dalerte\/\" \/>\n<meta property=\"og:site_name\" content=\"Heart Failure Matters\" \/>\n<meta property=\"article:publisher\" content=\"https:\/\/www.facebook.com\/heartfailurematters\" \/>\n<meta property=\"article:modified_time\" content=\"2021-08-12T10:48:55+00:00\" \/>\n<meta name=\"twitter:card\" content=\"summary_large_image\" \/>\n<meta name=\"twitter:label1\" content=\"Dur\u00e9e de lecture estim\u00e9e\" \/>\n\t<meta name=\"twitter:data1\" content=\"2 minutes\" \/>\n<script type=\"application\/ld+json\" class=\"yoast-schema-graph\">{\"@context\":\"https:\/\/schema.org\",\"@graph\":[{\"@type\":\"WebPage\",\"@id\":\"https:\/\/www.heartfailurematters.org\/fr\/signaux-dalerte\/signaux-dalerte\/\",\"url\":\"https:\/\/www.heartfailurematters.org\/fr\/signaux-dalerte\/signaux-dalerte\/\",\"name\":\"Signaux d\u2019alerte - Heart Failure Matters\",\"isPartOf\":{\"@id\":\"https:\/\/www.heartfailurematters.org\/fr\/#website\"},\"datePublished\":\"2021-01-27T21:36:04+00:00\",\"dateModified\":\"2021-08-12T10:48:55+00:00\",\"description\":\"L'insuffisance cardiaque peut \u00eatre g\u00e9r\u00e9e efficacement. Pour ce faire, il est important de surveiller r\u00e9guli\u00e8rement tous vos sympt\u00f4mes. Demandez de l'aide si vous pr\u00e9sentez ces sympt\u00f4mes.\",\"breadcrumb\":{\"@id\":\"https:\/\/www.heartfailurematters.org\/fr\/signaux-dalerte\/signaux-dalerte\/#breadcrumb\"},\"inLanguage\":\"fr-FR\",\"potentialAction\":[{\"@type\":\"ReadAction\",\"target\":[\"https:\/\/www.heartfailurematters.org\/fr\/signaux-dalerte\/signaux-dalerte\/\"]}]},{\"@type\":\"BreadcrumbList\",\"@id\":\"https:\/\/www.heartfailurematters.org\/fr\/signaux-dalerte\/signaux-dalerte\/#breadcrumb\",\"itemListElement\":[{\"@type\":\"ListItem\",\"position\":1,\"name\":\"Accueil\",\"item\":\"https:\/\/www.heartfailurematters.org\/fr\/\"},{\"@type\":\"ListItem\",\"position\":2,\"name\":\"Signes d&#8217;alerte\",\"item\":\"https:\/\/www.heartfailurematters.org\/fr\/signaux-dalerte\/\"},{\"@type\":\"ListItem\",\"position\":3,\"name\":\"Signaux d\u2019alerte\"}]},{\"@type\":\"WebSite\",\"@id\":\"https:\/\/www.heartfailurematters.org\/fr\/#website\",\"url\":\"https:\/\/www.heartfailurematters.org\/fr\/\",\"name\":\"Heart Failure Matters\",\"description\":\"Practical information for patients, families and caregivers.\",\"publisher\":{\"@id\":\"https:\/\/www.heartfailurematters.org\/fr\/#organization\"},\"potentialAction\":[{\"@type\":\"SearchAction\",\"target\":{\"@type\":\"EntryPoint\",\"urlTemplate\":\"https:\/\/www.heartfailurematters.org\/fr\/?s={search_term_string}\"},\"query-input\":{\"@type\":\"PropertyValueSpecification\",\"valueRequired\":true,\"valueName\":\"search_term_string\"}}],\"inLanguage\":\"fr-FR\"},{\"@type\":\"Organization\",\"@id\":\"https:\/\/www.heartfailurematters.org\/fr\/#organization\",\"name\":\"Heart Failure Matters\",\"url\":\"https:\/\/www.heartfailurematters.org\/fr\/\",\"logo\":{\"@type\":\"ImageObject\",\"inLanguage\":\"fr-FR\",\"@id\":\"https:\/\/www.heartfailurematters.org\/fr\/#\/schema\/logo\/image\/\",\"url\":\"https:\/\/cdn-endpoint-hfm.azureedge.net\/heartfailurematters\/2024\/07\/hfm-logo1.jpg\",\"contentUrl\":\"https:\/\/cdn-endpoint-hfm.azureedge.net\/heartfailurematters\/2024\/07\/hfm-logo1.jpg\",\"width\":1280,\"height\":720,\"caption\":\"Heart Failure Matters\"},\"image\":{\"@id\":\"https:\/\/www.heartfailurematters.org\/fr\/#\/schema\/logo\/image\/\"},\"sameAs\":[\"https:\/\/www.facebook.com\/heartfailurematters\"]}]}<\/script>\n<!-- \/ Yoast SEO plugin. -->","yoast_head_json":{"title":"Signaux d\u2019alerte - Heart Failure Matters","description":"L'insuffisance cardiaque peut \u00eatre g\u00e9r\u00e9e efficacement. Pour ce faire, il est important de surveiller r\u00e9guli\u00e8rement tous vos sympt\u00f4mes. Demandez de l'aide si vous pr\u00e9sentez ces sympt\u00f4mes.","robots":{"index":"index","follow":"follow","max-snippet":"max-snippet:-1","max-image-preview":"max-image-preview:large","max-video-preview":"max-video-preview:-1"},"canonical":"https:\/\/www.heartfailurematters.org\/fr\/signaux-dalerte\/signaux-dalerte\/","og_locale":"fr_FR","og_type":"article","og_title":"Signaux d\u2019alerte - Heart Failure Matters","og_description":"L'insuffisance cardiaque peut \u00eatre g\u00e9r\u00e9e efficacement. Pour ce faire, il est important de surveiller r\u00e9guli\u00e8rement tous vos sympt\u00f4mes. Demandez de l'aide si vous pr\u00e9sentez ces sympt\u00f4mes.","og_url":"https:\/\/www.heartfailurematters.org\/fr\/signaux-dalerte\/signaux-dalerte\/","og_site_name":"Heart Failure Matters","article_publisher":"https:\/\/www.facebook.com\/heartfailurematters","article_modified_time":"2021-08-12T10:48:55+00:00","twitter_card":"summary_large_image","twitter_misc":{"Dur\u00e9e de lecture estim\u00e9e":"2 minutes"},"schema":{"@context":"https:\/\/schema.org","@graph":[{"@type":"WebPage","@id":"https:\/\/www.heartfailurematters.org\/fr\/signaux-dalerte\/signaux-dalerte\/","url":"https:\/\/www.heartfailurematters.org\/fr\/signaux-dalerte\/signaux-dalerte\/","name":"Signaux d\u2019alerte - Heart Failure Matters","isPartOf":{"@id":"https:\/\/www.heartfailurematters.org\/fr\/#website"},"datePublished":"2021-01-27T21:36:04+00:00","dateModified":"2021-08-12T10:48:55+00:00","description":"L'insuffisance cardiaque peut \u00eatre g\u00e9r\u00e9e efficacement. Pour ce faire, il est important de surveiller r\u00e9guli\u00e8rement tous vos sympt\u00f4mes. Demandez de l'aide si vous pr\u00e9sentez ces sympt\u00f4mes.","breadcrumb":{"@id":"https:\/\/www.heartfailurematters.org\/fr\/signaux-dalerte\/signaux-dalerte\/#breadcrumb"},"inLanguage":"fr-FR","potentialAction":[{"@type":"ReadAction","target":["https:\/\/www.heartfailurematters.org\/fr\/signaux-dalerte\/signaux-dalerte\/"]}]},{"@type":"BreadcrumbList","@id":"https:\/\/www.heartfailurematters.org\/fr\/signaux-dalerte\/signaux-dalerte\/#breadcrumb","itemListElement":[{"@type":"ListItem","position":1,"name":"Accueil","item":"https:\/\/www.heartfailurematters.org\/fr\/"},{"@type":"ListItem","position":2,"name":"Signes d&#8217;alerte","item":"https:\/\/www.heartfailurematters.org\/fr\/signaux-dalerte\/"},{"@type":"ListItem","position":3,"name":"Signaux d\u2019alerte"}]},{"@type":"WebSite","@id":"https:\/\/www.heartfailurematters.org\/fr\/#website","url":"https:\/\/www.heartfailurematters.org\/fr\/","name":"Heart Failure Matters","description":"Practical information for patients, families and caregivers.","publisher":{"@id":"https:\/\/www.heartfailurematters.org\/fr\/#organization"},"potentialAction":[{"@type":"SearchAction","target":{"@type":"EntryPoint","urlTemplate":"https:\/\/www.heartfailurematters.org\/fr\/?s={search_term_string}"},"query-input":{"@type":"PropertyValueSpecification","valueRequired":true,"valueName":"search_term_string"}}],"inLanguage":"fr-FR"},{"@type":"Organization","@id":"https:\/\/www.heartfailurematters.org\/fr\/#organization","name":"Heart Failure Matters","url":"https:\/\/www.heartfailurematters.org\/fr\/","logo":{"@type":"ImageObject","inLanguage":"fr-FR","@id":"https:\/\/www.heartfailurematters.org\/fr\/#\/schema\/logo\/image\/","url":"https:\/\/cdn-endpoint-hfm.azureedge.net\/heartfailurematters\/2024\/07\/hfm-logo1.jpg","contentUrl":"https:\/\/cdn-endpoint-hfm.azureedge.net\/heartfailurematters\/2024\/07\/hfm-logo1.jpg","width":1280,"height":720,"caption":"Heart Failure Matters"},"image":{"@id":"https:\/\/www.heartfailurematters.org\/fr\/#\/schema\/logo\/image\/"},"sameAs":["https:\/\/www.facebook.com\/heartfailurematters"]}]}},"_links":{"self":[{"href":"https:\/\/www.heartfailurematters.org\/fr\/wp-json\/wp\/v2\/pages\/449","targetHints":{"allow":["GET"]}}],"collection":[{"href":"https:\/\/www.heartfailurematters.org\/fr\/wp-json\/wp\/v2\/pages"}],"about":[{"href":"https:\/\/www.heartfailurematters.org\/fr\/wp-json\/wp\/v2\/types\/page"}],"author":[{"embeddable":true,"href":"https:\/\/www.heartfailurematters.org\/fr\/wp-json\/wp\/v2\/users\/1"}],"replies":[{"embeddable":true,"href":"https:\/\/www.heartfailurematters.org\/fr\/wp-json\/wp\/v2\/comments?post=449"}],"version-history":[{"count":5,"href":"https:\/\/www.heartfailurematters.org\/fr\/wp-json\/wp\/v2\/pages\/449\/revisions"}],"predecessor-version":[{"id":9832,"href":"https:\/\/www.heartfailurematters.org\/fr\/wp-json\/wp\/v2\/pages\/449\/revisions\/9832"}],"up":[{"embeddable":true,"href":"https:\/\/www.heartfailurematters.org\/fr\/wp-json\/wp\/v2\/pages\/2864"}],"wp:attachment":[{"href":"https:\/\/www.heartfailurematters.org\/fr\/wp-json\/wp\/v2\/media?parent=449"}],"wp:term":[{"taxonomy":"category","embeddable":true,"href":"https:\/\/www.heartfailurematters.org\/fr\/wp-json\/wp\/v2\/categories?post=449"},{"taxonomy":"post_tag","embeddable":true,"href":"https:\/\/www.heartfailurematters.org\/fr\/wp-json\/wp\/v2\/tags?post=449"}],"curies":[{"name":"wp","href":"https:\/\/api.w.org\/{rel}","templated":true}]}}