{"id":448,"date":"2021-01-27T21:36:04","date_gmt":"2021-01-27T21:36:04","guid":{"rendered":"http:\/\/heartfailurematters.local:8888\/tableau-des-medicaments\/"},"modified":"2021-01-27T21:36:04","modified_gmt":"2021-01-27T21:36:04","slug":"tableau-des-medicaments","status":"publish","type":"page","link":"https:\/\/www.heartfailurematters.org\/fr\/ce-que-votre-medecin-ou-votre-infirmier-ere-peut-faire\/tableau-des-medicaments\/","title":{"rendered":"Tableau des m\u00e9dicaments"},"content":{"rendered":"<p>Plusieurs m\u00e9dicaments diff\u00e9rents peuvent vous \u00eatre prescrits pour votre insuffisance cardiaque. Il peut \u00eatre tr\u00e8s difficile de se rappeler quel m\u00e9dicament prendre, \u00e0 quel moment et si vous devez les prendre en mangeant ou en dehors des repas.<\/p>\n<p>Cliquez sur le lien ci-dessous pour ouvrir un document que vous pourrez utiliser comme pense-b\u00eate. Il vous suffit de l\u2019imprimer, de le remplir et de le conserver avec vos m\u00e9dicaments.<\/p>\n<p><a target=\"_blank\" href=\"https:\/\/www.heartfailurematters.org\/wp-content\/uploads\/2021\/02\/Medicine_chart_EN.pdf\" rel=\"noopener\">Tableau des m\u00e9dicaments<\/a><\/p>\n<p>Pour obtenir plus de<a href=\"https:\/\/www.heartfailurematters.org\/fr\/ce-que-votre-medecin-ou-votre-infirmier-ere-peut-faire\/limportance-de-prendre-vos-medicaments\/\">conseils sur la mani\u00e8re de g\u00e9rer vos m\u00e9dicaments, cliquez ici<\/a><\/p>\n<p><a href=\"https:\/\/www.heartfailurematters.org\/fr\/ce-que-votre-medecin-ou-votre-infirmier-ere-peut-faire\/medicaments-contre-linsuffisance-cardiaque\/\">Retourner \u00e0 la rubrique \u00ab\u00a0Les m\u00e9dicaments contre l\u2019insuffisance cardiaque\u00a0\u00bb<\/a><\/p>\n","protected":false},"excerpt":{"rendered":"<p>Plusieurs m\u00e9dicaments diff\u00e9rents peuvent vous \u00eatre prescrits pour votre insuffisance cardiaque. Il peut \u00eatre tr\u00e8s difficile de se rappeler quel m\u00e9dicament prendre, \u00e0 quel moment et si vous devez les prendre en mangeant ou en dehors des repas. Cliquez sur le lien ci-dessous pour ouvrir un document que vous pourrez utiliser comme pense-b\u00eate. Il vous [&hellip;]<\/p>\n","protected":false},"author":1,"featured_media":10868,"parent":2679,"menu_order":0,"comment_status":"open","ping_status":"open","template":"","meta":{"_acf_changed":false,"footnotes":""},"categories":[],"tags":[],"class_list":["post-448","page","type-page","status-publish","has-post-thumbnail","hentry"],"acf":[],"yoast_head":"<!-- This site is optimized with the Yoast SEO plugin v24.8.1 - https:\/\/yoast.com\/wordpress\/plugins\/seo\/ -->\n<title>Tableau des m\u00e9dicaments - Heart Failure Matters<\/title>\n<meta name=\"description\" content=\"Cliquez sur le lien ci-dessous pour ouvrir un formulaire que vous pouvez utiliser comme rappel. Il vous suffit de l&#039;imprimer, de le remplir et d&#039;assurer le suivi de vos m\u00e9dicaments.\" \/>\n<meta name=\"robots\" content=\"index, follow, max-snippet:-1, max-image-preview:large, max-video-preview:-1\" \/>\n<link rel=\"canonical\" href=\"https:\/\/www.heartfailurematters.org\/fr\/ce-que-votre-medecin-ou-votre-infirmier-ere-peut-faire\/tableau-des-medicaments\/\" \/>\n<meta property=\"og:locale\" content=\"fr_FR\" \/>\n<meta property=\"og:type\" content=\"article\" \/>\n<meta property=\"og:title\" content=\"Tableau des m\u00e9dicaments - Heart Failure Matters\" \/>\n<meta property=\"og:description\" content=\"Cliquez sur le lien ci-dessous pour ouvrir un formulaire que vous pouvez utiliser comme rappel. Il vous suffit de l&#039;imprimer, de le remplir et d&#039;assurer le suivi de vos m\u00e9dicaments.\" \/>\n<meta property=\"og:url\" content=\"https:\/\/www.heartfailurematters.org\/fr\/ce-que-votre-medecin-ou-votre-infirmier-ere-peut-faire\/tableau-des-medicaments\/\" \/>\n<meta property=\"og:site_name\" content=\"Heart Failure Matters\" \/>\n<meta property=\"article:publisher\" content=\"https:\/\/www.facebook.com\/heartfailurematters\" \/>\n<meta property=\"og:image\" content=\"https:\/\/www.heartfailurematters.org\/wp-content\/uploads\/2022\/03\/shutterstock_441673426-1-min.jpg\" \/>\n\t<meta property=\"og:image:width\" content=\"900\" \/>\n\t<meta property=\"og:image:height\" content=\"596\" \/>\n\t<meta property=\"og:image:type\" content=\"image\/jpeg\" \/>\n<meta name=\"twitter:card\" content=\"summary_large_image\" \/>\n<meta name=\"twitter:label1\" content=\"Dur\u00e9e de lecture estim\u00e9e\" \/>\n\t<meta name=\"twitter:data1\" content=\"1 minute\" \/>\n<script type=\"application\/ld+json\" class=\"yoast-schema-graph\">{\"@context\":\"https:\/\/schema.org\",\"@graph\":[{\"@type\":\"WebPage\",\"@id\":\"https:\/\/www.heartfailurematters.org\/fr\/ce-que-votre-medecin-ou-votre-infirmier-ere-peut-faire\/tableau-des-medicaments\/\",\"url\":\"https:\/\/www.heartfailurematters.org\/fr\/ce-que-votre-medecin-ou-votre-infirmier-ere-peut-faire\/tableau-des-medicaments\/\",\"name\":\"Tableau des m\u00e9dicaments - Heart Failure Matters\",\"isPartOf\":{\"@id\":\"https:\/\/www.heartfailurematters.org\/fr\/#website\"},\"primaryImageOfPage\":{\"@id\":\"https:\/\/www.heartfailurematters.org\/fr\/ce-que-votre-medecin-ou-votre-infirmier-ere-peut-faire\/tableau-des-medicaments\/#primaryimage\"},\"image\":{\"@id\":\"https:\/\/www.heartfailurematters.org\/fr\/ce-que-votre-medecin-ou-votre-infirmier-ere-peut-faire\/tableau-des-medicaments\/#primaryimage\"},\"thumbnailUrl\":\"https:\/\/www.heartfailurematters.org\/wp-content\/uploads\/2022\/03\/shutterstock_441673426-1-min.jpg\",\"datePublished\":\"2021-01-27T21:36:04+00:00\",\"description\":\"Cliquez sur le lien ci-dessous pour ouvrir un formulaire que vous pouvez utiliser comme rappel. Il vous suffit de l'imprimer, de le remplir et d'assurer le suivi de vos m\u00e9dicaments.\",\"breadcrumb\":{\"@id\":\"https:\/\/www.heartfailurematters.org\/fr\/ce-que-votre-medecin-ou-votre-infirmier-ere-peut-faire\/tableau-des-medicaments\/#breadcrumb\"},\"inLanguage\":\"fr-FR\",\"potentialAction\":[{\"@type\":\"ReadAction\",\"target\":[\"https:\/\/www.heartfailurematters.org\/fr\/ce-que-votre-medecin-ou-votre-infirmier-ere-peut-faire\/tableau-des-medicaments\/\"]}]},{\"@type\":\"ImageObject\",\"inLanguage\":\"fr-FR\",\"@id\":\"https:\/\/www.heartfailurematters.org\/fr\/ce-que-votre-medecin-ou-votre-infirmier-ere-peut-faire\/tableau-des-medicaments\/#primaryimage\",\"url\":\"https:\/\/www.heartfailurematters.org\/wp-content\/uploads\/2022\/03\/shutterstock_441673426-1-min.jpg\",\"contentUrl\":\"https:\/\/www.heartfailurematters.org\/wp-content\/uploads\/2022\/03\/shutterstock_441673426-1-min.jpg\",\"width\":900,\"height\":596},{\"@type\":\"BreadcrumbList\",\"@id\":\"https:\/\/www.heartfailurematters.org\/fr\/ce-que-votre-medecin-ou-votre-infirmier-ere-peut-faire\/tableau-des-medicaments\/#breadcrumb\",\"itemListElement\":[{\"@type\":\"ListItem\",\"position\":1,\"name\":\"Accueil\",\"item\":\"https:\/\/www.heartfailurematters.org\/fr\/\"},{\"@type\":\"ListItem\",\"position\":2,\"name\":\"Ce que votre m\u00e9decin peut faire\",\"item\":\"https:\/\/www.heartfailurematters.org\/fr\/ce-que-votre-medecin-ou-votre-infirmier-ere-peut-faire\/\"},{\"@type\":\"ListItem\",\"position\":3,\"name\":\"Tableau des m\u00e9dicaments\"}]},{\"@type\":\"WebSite\",\"@id\":\"https:\/\/www.heartfailurematters.org\/fr\/#website\",\"url\":\"https:\/\/www.heartfailurematters.org\/fr\/\",\"name\":\"Heart Failure Matters\",\"description\":\"Practical information for patients, families and caregivers.\",\"publisher\":{\"@id\":\"https:\/\/www.heartfailurematters.org\/fr\/#organization\"},\"potentialAction\":[{\"@type\":\"SearchAction\",\"target\":{\"@type\":\"EntryPoint\",\"urlTemplate\":\"https:\/\/www.heartfailurematters.org\/fr\/?s={search_term_string}\"},\"query-input\":{\"@type\":\"PropertyValueSpecification\",\"valueRequired\":true,\"valueName\":\"search_term_string\"}}],\"inLanguage\":\"fr-FR\"},{\"@type\":\"Organization\",\"@id\":\"https:\/\/www.heartfailurematters.org\/fr\/#organization\",\"name\":\"Heart Failure Matters\",\"url\":\"https:\/\/www.heartfailurematters.org\/fr\/\",\"logo\":{\"@type\":\"ImageObject\",\"inLanguage\":\"fr-FR\",\"@id\":\"https:\/\/www.heartfailurematters.org\/fr\/#\/schema\/logo\/image\/\",\"url\":\"https:\/\/cdn-endpoint-hfm.azureedge.net\/heartfailurematters\/2024\/07\/hfm-logo1.jpg\",\"contentUrl\":\"https:\/\/cdn-endpoint-hfm.azureedge.net\/heartfailurematters\/2024\/07\/hfm-logo1.jpg\",\"width\":1280,\"height\":720,\"caption\":\"Heart Failure Matters\"},\"image\":{\"@id\":\"https:\/\/www.heartfailurematters.org\/fr\/#\/schema\/logo\/image\/\"},\"sameAs\":[\"https:\/\/www.facebook.com\/heartfailurematters\"]}]}<\/script>\n<!-- \/ Yoast SEO plugin. -->","yoast_head_json":{"title":"Tableau des m\u00e9dicaments - Heart Failure Matters","description":"Cliquez sur le lien ci-dessous pour ouvrir un formulaire que vous pouvez utiliser comme rappel. Il vous suffit de l'imprimer, de le remplir et d'assurer le suivi de vos m\u00e9dicaments.","robots":{"index":"index","follow":"follow","max-snippet":"max-snippet:-1","max-image-preview":"max-image-preview:large","max-video-preview":"max-video-preview:-1"},"canonical":"https:\/\/www.heartfailurematters.org\/fr\/ce-que-votre-medecin-ou-votre-infirmier-ere-peut-faire\/tableau-des-medicaments\/","og_locale":"fr_FR","og_type":"article","og_title":"Tableau des m\u00e9dicaments - Heart Failure Matters","og_description":"Cliquez sur le lien ci-dessous pour ouvrir un formulaire que vous pouvez utiliser comme rappel. Il vous suffit de l'imprimer, de le remplir et d'assurer le suivi de vos m\u00e9dicaments.","og_url":"https:\/\/www.heartfailurematters.org\/fr\/ce-que-votre-medecin-ou-votre-infirmier-ere-peut-faire\/tableau-des-medicaments\/","og_site_name":"Heart Failure Matters","article_publisher":"https:\/\/www.facebook.com\/heartfailurematters","og_image":[{"width":900,"height":596,"url":"https:\/\/www.heartfailurematters.org\/wp-content\/uploads\/2022\/03\/shutterstock_441673426-1-min.jpg","type":"image\/jpeg"}],"twitter_card":"summary_large_image","twitter_misc":{"Dur\u00e9e de lecture estim\u00e9e":"1 minute"},"schema":{"@context":"https:\/\/schema.org","@graph":[{"@type":"WebPage","@id":"https:\/\/www.heartfailurematters.org\/fr\/ce-que-votre-medecin-ou-votre-infirmier-ere-peut-faire\/tableau-des-medicaments\/","url":"https:\/\/www.heartfailurematters.org\/fr\/ce-que-votre-medecin-ou-votre-infirmier-ere-peut-faire\/tableau-des-medicaments\/","name":"Tableau des m\u00e9dicaments - Heart Failure Matters","isPartOf":{"@id":"https:\/\/www.heartfailurematters.org\/fr\/#website"},"primaryImageOfPage":{"@id":"https:\/\/www.heartfailurematters.org\/fr\/ce-que-votre-medecin-ou-votre-infirmier-ere-peut-faire\/tableau-des-medicaments\/#primaryimage"},"image":{"@id":"https:\/\/www.heartfailurematters.org\/fr\/ce-que-votre-medecin-ou-votre-infirmier-ere-peut-faire\/tableau-des-medicaments\/#primaryimage"},"thumbnailUrl":"https:\/\/www.heartfailurematters.org\/wp-content\/uploads\/2022\/03\/shutterstock_441673426-1-min.jpg","datePublished":"2021-01-27T21:36:04+00:00","description":"Cliquez sur le lien ci-dessous pour ouvrir un formulaire que vous pouvez utiliser comme rappel. Il vous suffit de l'imprimer, de le remplir et d'assurer le suivi de vos m\u00e9dicaments.","breadcrumb":{"@id":"https:\/\/www.heartfailurematters.org\/fr\/ce-que-votre-medecin-ou-votre-infirmier-ere-peut-faire\/tableau-des-medicaments\/#breadcrumb"},"inLanguage":"fr-FR","potentialAction":[{"@type":"ReadAction","target":["https:\/\/www.heartfailurematters.org\/fr\/ce-que-votre-medecin-ou-votre-infirmier-ere-peut-faire\/tableau-des-medicaments\/"]}]},{"@type":"ImageObject","inLanguage":"fr-FR","@id":"https:\/\/www.heartfailurematters.org\/fr\/ce-que-votre-medecin-ou-votre-infirmier-ere-peut-faire\/tableau-des-medicaments\/#primaryimage","url":"https:\/\/www.heartfailurematters.org\/wp-content\/uploads\/2022\/03\/shutterstock_441673426-1-min.jpg","contentUrl":"https:\/\/www.heartfailurematters.org\/wp-content\/uploads\/2022\/03\/shutterstock_441673426-1-min.jpg","width":900,"height":596},{"@type":"BreadcrumbList","@id":"https:\/\/www.heartfailurematters.org\/fr\/ce-que-votre-medecin-ou-votre-infirmier-ere-peut-faire\/tableau-des-medicaments\/#breadcrumb","itemListElement":[{"@type":"ListItem","position":1,"name":"Accueil","item":"https:\/\/www.heartfailurematters.org\/fr\/"},{"@type":"ListItem","position":2,"name":"Ce que votre m\u00e9decin peut faire","item":"https:\/\/www.heartfailurematters.org\/fr\/ce-que-votre-medecin-ou-votre-infirmier-ere-peut-faire\/"},{"@type":"ListItem","position":3,"name":"Tableau des m\u00e9dicaments"}]},{"@type":"WebSite","@id":"https:\/\/www.heartfailurematters.org\/fr\/#website","url":"https:\/\/www.heartfailurematters.org\/fr\/","name":"Heart Failure Matters","description":"Practical information for patients, families and caregivers.","publisher":{"@id":"https:\/\/www.heartfailurematters.org\/fr\/#organization"},"potentialAction":[{"@type":"SearchAction","target":{"@type":"EntryPoint","urlTemplate":"https:\/\/www.heartfailurematters.org\/fr\/?s={search_term_string}"},"query-input":{"@type":"PropertyValueSpecification","valueRequired":true,"valueName":"search_term_string"}}],"inLanguage":"fr-FR"},{"@type":"Organization","@id":"https:\/\/www.heartfailurematters.org\/fr\/#organization","name":"Heart Failure Matters","url":"https:\/\/www.heartfailurematters.org\/fr\/","logo":{"@type":"ImageObject","inLanguage":"fr-FR","@id":"https:\/\/www.heartfailurematters.org\/fr\/#\/schema\/logo\/image\/","url":"https:\/\/cdn-endpoint-hfm.azureedge.net\/heartfailurematters\/2024\/07\/hfm-logo1.jpg","contentUrl":"https:\/\/cdn-endpoint-hfm.azureedge.net\/heartfailurematters\/2024\/07\/hfm-logo1.jpg","width":1280,"height":720,"caption":"Heart Failure Matters"},"image":{"@id":"https:\/\/www.heartfailurematters.org\/fr\/#\/schema\/logo\/image\/"},"sameAs":["https:\/\/www.facebook.com\/heartfailurematters"]}]}},"_links":{"self":[{"href":"https:\/\/www.heartfailurematters.org\/fr\/wp-json\/wp\/v2\/pages\/448","targetHints":{"allow":["GET"]}}],"collection":[{"href":"https:\/\/www.heartfailurematters.org\/fr\/wp-json\/wp\/v2\/pages"}],"about":[{"href":"https:\/\/www.heartfailurematters.org\/fr\/wp-json\/wp\/v2\/types\/page"}],"author":[{"embeddable":true,"href":"https:\/\/www.heartfailurematters.org\/fr\/wp-json\/wp\/v2\/users\/1"}],"replies":[{"embeddable":true,"href":"https:\/\/www.heartfailurematters.org\/fr\/wp-json\/wp\/v2\/comments?post=448"}],"version-history":[{"count":0,"href":"https:\/\/www.heartfailurematters.org\/fr\/wp-json\/wp\/v2\/pages\/448\/revisions"}],"up":[{"embeddable":true,"href":"https:\/\/www.heartfailurematters.org\/fr\/wp-json\/wp\/v2\/pages\/2679"}],"wp:featuredmedia":[{"embeddable":true,"href":"https:\/\/www.heartfailurematters.org\/fr\/wp-json\/wp\/v2\/media\/10868"}],"wp:attachment":[{"href":"https:\/\/www.heartfailurematters.org\/fr\/wp-json\/wp\/v2\/media?parent=448"}],"wp:term":[{"taxonomy":"category","embeddable":true,"href":"https:\/\/www.heartfailurematters.org\/fr\/wp-json\/wp\/v2\/categories?post=448"},{"taxonomy":"post_tag","embeddable":true,"href":"https:\/\/www.heartfailurematters.org\/fr\/wp-json\/wp\/v2\/tags?post=448"}],"curies":[{"name":"wp","href":"https:\/\/api.w.org\/{rel}","templated":true}]}}