{"id":447,"date":"2021-01-27T21:36:04","date_gmt":"2021-01-27T21:36:04","guid":{"rendered":"http:\/\/heartfailurematters.local:8888\/echocardiographie\/"},"modified":"2021-07-22T17:09:40","modified_gmt":"2021-07-22T16:09:40","slug":"echocardiographie","status":"publish","type":"page","link":"https:\/\/www.heartfailurematters.org\/fr\/comprendre-linsuffisance-cardiaque\/echocardiographie\/","title":{"rendered":"\u00c9chocardiographie"},"content":{"rendered":"<p>Une\u00a0<a class=\"addtooltip\" title=\"Examen qui utilise des ondes sonores pour examiner les cavit\u00e9s du c\u0153ur, les valves cardiaques et les tissus environnants. Cela permet d\u2019\u00e9valuer le fonctionnement du c\u0153ur et le flux sanguin.\" href=\"https:\/\/www.heartfailurematters.org\/fr\/comprendre-linsuffisance-cardiaque\/echocardiographie\/\"><strong>\u00e9chocardiographie <\/strong><\/a>est un examen qui utilise des ondes sonores (<a class=\"addtooltip\" title=\"Examen qui utilise des ultrasons pour visualiser l\u2019int\u00e9rieur du corps. Un gel est appliqu\u00e9 sur la peau et un microphone effectue des va-et-vient sur la zone examin\u00e9e. Un ordinateur convertit les ondes sonores r\u00e9fl\u00e9chies en une image qui s\u2019affiche \u00e0 l\u2019\u00e9cran.\" href=\"https:\/\/www.heartfailurematters.org\/fr\/comprendre-linsuffisance-cardiaque\/echocardiographie\/\"><strong>ultrasons<\/strong><\/a>) pour examiner le c\u0153ur. La m\u00e9thode est la m\u00eame que celle utilis\u00e9e chez les femmes enceintes pour voir leur b\u00e9b\u00e9, except\u00e9 que l\u2019\u00e9chocardiographie observe votre c\u0153ur.<\/p>\n<p>Le m\u00e9decin appliquera tout d\u2019abord un gel lubrifiant sur votre poitrine. Il placera ensuite la sonde d\u2019\u00e9chographie sur votre poitrine et une pulsation d\u2019ultrasons traversera la peau de votre poitrine. L\u2019enregistreur recueille les \u00e9chos refl\u00e9t\u00e9s par les diff\u00e9rentes parties de votre c\u0153ur et les traduit en images sur l&rsquo;\u00e9cran.<\/p>\n<p>L\u2019intervention est totalement indolore et inoffensive et prend environ 10 \u00e0 15 minutes.<\/p>\n<p>Une \u00e9chocardiographie peut donner des informations pr\u00e9cises sur la structure, le fonctionnement et les <a class=\"addtooltip\" title=\"Les valves canalisent le sens du flux sanguin dans le c\u0153ur, emp\u00eachant le sang de refouler.\" href=\"https:\/\/www.heartfailurematters.org\/fr\/comprendre-linsuffisance-cardiaque\/echocardiographie\/\"><strong>valves\u00a0<\/strong><\/a>\u00a0de votre c\u0153ur.<\/p>\n<p>Dans certains cas, le m\u00e9decin peut souhaiter faire cet examen apr\u00e8s que votre c\u0153ur a \u00e9t\u00e9 soumis \u00e0 un effort l\u00e9ger. Dans ce cas, il est possible que l\u2019on vous demande de faire bri\u00e8vement un exercice physique pour augmenter votre fr\u00e9quence cardiaque, apr\u00e8s quoi l&rsquo;\u00e9chocardiographie sera r\u00e9p\u00e9t\u00e9e.<\/p>\n<p>Les m\u00e9decins demandent fr\u00e9quemment un enregistrement de l\u2019ECG sur 24 heures pour d\u00e9tecter des perturbations du rythme cardiaque. Vous porterez un petit appareil ressemblant \u00e0 une machine ECG miniature, pour enregistrer votre activit\u00e9 cardiaque, avec les m\u00eames patchs adh\u00e9sifs pos\u00e9s sur votre poitrine. Il vous faudra g\u00e9n\u00e9ralement le porter pendant une journ\u00e9e et vous devrez vous efforcer de mener une vie normale durant l\u2019enregistrement.<\/p>\n<p><a href=\"https:\/\/www.heartfailurematters.org\/fr\/comprendre-linsuffisance-cardiaque\/examens-frequemment-utilises-pour-deceler-une-insuffisance-cardiaque\/\">Retourner \u00e0 la rubrique \u00ab\u00a0Examens fr\u00e9quemment utilis\u00e9s pour d\u00e9celer une insuffisance cardiaque\u00a0\u00bb<\/a><\/p>\n<table border=\"1\" width=\"100%\" cellspacing=\"0\" cellpadding=\"0\">\n<tbody>\n<tr>\n<td width=\"100%\"><img decoding=\"async\" class=\"alignnone size-full wp-image-6570\" src=\"https:\/\/cdn-endpoint-hfm.azureedge.net\/heartfailurematters\/2021\/02\/Patient-having-an-echocardiogram.jpg\" alt=\"\" width=\"211\" height=\"206\" \/><\/td>\n<\/tr>\n<tr>\n<td width=\"100%\"><span class=\"caption\">\u00a9 Siemens<br \/>\n<\/span><span style=\"font-size: medium;\">Patient subissant une \u00e9chocardiographie<\/span><\/td>\n<\/tr>\n<tr>\n<td width=\"100%\"><\/td>\n<\/tr>\n<tr>\n<td width=\"100%\"><img decoding=\"async\" class=\"alignnone size-full wp-image-6580\" src=\"https:\/\/cdn-endpoint-hfm.azureedge.net\/heartfailurematters\/2021\/02\/Example-of-echocardiogram.jpg\" alt=\"\" width=\"211\" height=\"206\" \/><\/td>\n<\/tr>\n<tr>\n<td width=\"100%\"><span class=\"caption\">\u00a9 Siemens<\/span><br \/>\n<span style=\"font-size: medium;\">Exemple d\u2019\u00e9chocardiographie<\/span><\/td>\n<\/tr>\n<\/tbody>\n<\/table>\n<p><a href=\"https:\/\/www.heartfailurematters.org\/fr\/comprendre-linsuffisance-cardiaque\/examens-frequemment-utilises-pour-deceler-une-insuffisance-cardiaque\/\">Retourner \u00e0 la rubrique \u00ab\u00a0Examens fr\u00e9quemment utilis\u00e9s pour d\u00e9celer une insuffisance cardiaque\u00a0\u00bb<\/a><\/p>\n<p>&nbsp;<\/p>\n","protected":false},"excerpt":{"rendered":"<p>Une\u00a0\u00e9chocardiographie est un examen qui utilise des ondes sonores (ultrasons) pour examiner le c\u0153ur. La m\u00e9thode est la m\u00eame que celle utilis\u00e9e chez les femmes enceintes pour voir leur b\u00e9b\u00e9, except\u00e9 que l\u2019\u00e9chocardiographie observe votre c\u0153ur. Le m\u00e9decin appliquera tout d\u2019abord un gel lubrifiant sur votre poitrine. Il placera ensuite la sonde d\u2019\u00e9chographie sur votre [&hellip;]<\/p>\n","protected":false},"author":1,"featured_media":10646,"parent":307,"menu_order":0,"comment_status":"open","ping_status":"open","template":"","meta":{"_acf_changed":false,"footnotes":""},"categories":[],"tags":[],"class_list":["post-447","page","type-page","status-publish","has-post-thumbnail","hentry"],"acf":[],"yoast_head":"<!-- This site is optimized with the Yoast SEO plugin v24.8.1 - https:\/\/yoast.com\/wordpress\/plugins\/seo\/ -->\n<title>\u00c9chocardiogramme et insuffisance cardiaque<\/title>\n<meta name=\"description\" content=\"L&#039;\u00e9chocardiogramme est un test qui utilise des ondes sonores (ultrasons) pour examiner le c\u0153ur. C&#039;est la m\u00eame m\u00e9thode qui est utilis\u00e9e sur les femmes enceintes pour examiner leur b\u00e9b\u00e9 mais, dans le cas pr\u00e9sent, l&#039;\u00e9chocardiogramme sert \u00e0 \u00e9tudier votre c\u0153ur.\" \/>\n<meta name=\"robots\" content=\"index, follow, max-snippet:-1, max-image-preview:large, max-video-preview:-1\" \/>\n<link rel=\"canonical\" href=\"https:\/\/www.heartfailurematters.org\/fr\/comprendre-linsuffisance-cardiaque\/echocardiographie\/\" \/>\n<meta property=\"og:locale\" content=\"fr_FR\" \/>\n<meta property=\"og:type\" content=\"article\" \/>\n<meta property=\"og:title\" content=\"\u00c9chocardiogramme et insuffisance cardiaque\" \/>\n<meta property=\"og:description\" content=\"L&#039;\u00e9chocardiogramme est un test qui utilise des ondes sonores (ultrasons) pour examiner le c\u0153ur. C&#039;est la m\u00eame m\u00e9thode qui est utilis\u00e9e sur les femmes enceintes pour examiner leur b\u00e9b\u00e9 mais, dans le cas pr\u00e9sent, l&#039;\u00e9chocardiogramme sert \u00e0 \u00e9tudier votre c\u0153ur.\" \/>\n<meta property=\"og:url\" content=\"https:\/\/www.heartfailurematters.org\/fr\/comprendre-linsuffisance-cardiaque\/echocardiographie\/\" \/>\n<meta property=\"og:site_name\" content=\"Heart Failure Matters\" \/>\n<meta property=\"article:publisher\" content=\"https:\/\/www.facebook.com\/heartfailurematters\" \/>\n<meta property=\"article:modified_time\" content=\"2021-07-22T16:09:40+00:00\" \/>\n<meta property=\"og:image\" content=\"https:\/\/www.heartfailurematters.org\/wp-content\/uploads\/2022\/02\/shutterstock_1552030727-1-min.jpg\" \/>\n\t<meta property=\"og:image:width\" content=\"900\" \/>\n\t<meta property=\"og:image:height\" content=\"600\" \/>\n\t<meta property=\"og:image:type\" content=\"image\/jpeg\" \/>\n<meta name=\"twitter:card\" content=\"summary_large_image\" \/>\n<meta name=\"twitter:label1\" content=\"Dur\u00e9e de lecture estim\u00e9e\" \/>\n\t<meta name=\"twitter:data1\" content=\"2 minutes\" \/>\n<script type=\"application\/ld+json\" class=\"yoast-schema-graph\">{\"@context\":\"https:\/\/schema.org\",\"@graph\":[{\"@type\":\"WebPage\",\"@id\":\"https:\/\/www.heartfailurematters.org\/fr\/comprendre-linsuffisance-cardiaque\/echocardiographie\/\",\"url\":\"https:\/\/www.heartfailurematters.org\/fr\/comprendre-linsuffisance-cardiaque\/echocardiographie\/\",\"name\":\"\u00c9chocardiogramme et insuffisance cardiaque\",\"isPartOf\":{\"@id\":\"https:\/\/www.heartfailurematters.org\/fr\/#website\"},\"primaryImageOfPage\":{\"@id\":\"https:\/\/www.heartfailurematters.org\/fr\/comprendre-linsuffisance-cardiaque\/echocardiographie\/#primaryimage\"},\"image\":{\"@id\":\"https:\/\/www.heartfailurematters.org\/fr\/comprendre-linsuffisance-cardiaque\/echocardiographie\/#primaryimage\"},\"thumbnailUrl\":\"https:\/\/www.heartfailurematters.org\/wp-content\/uploads\/2022\/02\/shutterstock_1552030727-1-min.jpg\",\"datePublished\":\"2021-01-27T21:36:04+00:00\",\"dateModified\":\"2021-07-22T16:09:40+00:00\",\"description\":\"L'\u00e9chocardiogramme est un test qui utilise des ondes sonores (ultrasons) pour examiner le c\u0153ur. C'est la m\u00eame m\u00e9thode qui est utilis\u00e9e sur les femmes enceintes pour examiner leur b\u00e9b\u00e9 mais, dans le cas pr\u00e9sent, l'\u00e9chocardiogramme sert \u00e0 \u00e9tudier votre c\u0153ur.\",\"breadcrumb\":{\"@id\":\"https:\/\/www.heartfailurematters.org\/fr\/comprendre-linsuffisance-cardiaque\/echocardiographie\/#breadcrumb\"},\"inLanguage\":\"fr-FR\",\"potentialAction\":[{\"@type\":\"ReadAction\",\"target\":[\"https:\/\/www.heartfailurematters.org\/fr\/comprendre-linsuffisance-cardiaque\/echocardiographie\/\"]}]},{\"@type\":\"ImageObject\",\"inLanguage\":\"fr-FR\",\"@id\":\"https:\/\/www.heartfailurematters.org\/fr\/comprendre-linsuffisance-cardiaque\/echocardiographie\/#primaryimage\",\"url\":\"https:\/\/www.heartfailurematters.org\/wp-content\/uploads\/2022\/02\/shutterstock_1552030727-1-min.jpg\",\"contentUrl\":\"https:\/\/www.heartfailurematters.org\/wp-content\/uploads\/2022\/02\/shutterstock_1552030727-1-min.jpg\",\"width\":900,\"height\":600},{\"@type\":\"BreadcrumbList\",\"@id\":\"https:\/\/www.heartfailurematters.org\/fr\/comprendre-linsuffisance-cardiaque\/echocardiographie\/#breadcrumb\",\"itemListElement\":[{\"@type\":\"ListItem\",\"position\":1,\"name\":\"Accueil\",\"item\":\"https:\/\/www.heartfailurematters.org\/fr\/\"},{\"@type\":\"ListItem\",\"position\":2,\"name\":\"Comprendre l&#8217;insuffisance cardiaque\",\"item\":\"https:\/\/www.heartfailurematters.org\/fr\/comprendre-linsuffisance-cardiaque\/\"},{\"@type\":\"ListItem\",\"position\":3,\"name\":\"\u00c9chocardiographie\"}]},{\"@type\":\"WebSite\",\"@id\":\"https:\/\/www.heartfailurematters.org\/fr\/#website\",\"url\":\"https:\/\/www.heartfailurematters.org\/fr\/\",\"name\":\"Heart Failure Matters\",\"description\":\"Practical information for patients, families and caregivers.\",\"publisher\":{\"@id\":\"https:\/\/www.heartfailurematters.org\/fr\/#organization\"},\"potentialAction\":[{\"@type\":\"SearchAction\",\"target\":{\"@type\":\"EntryPoint\",\"urlTemplate\":\"https:\/\/www.heartfailurematters.org\/fr\/?s={search_term_string}\"},\"query-input\":{\"@type\":\"PropertyValueSpecification\",\"valueRequired\":true,\"valueName\":\"search_term_string\"}}],\"inLanguage\":\"fr-FR\"},{\"@type\":\"Organization\",\"@id\":\"https:\/\/www.heartfailurematters.org\/fr\/#organization\",\"name\":\"Heart Failure Matters\",\"url\":\"https:\/\/www.heartfailurematters.org\/fr\/\",\"logo\":{\"@type\":\"ImageObject\",\"inLanguage\":\"fr-FR\",\"@id\":\"https:\/\/www.heartfailurematters.org\/fr\/#\/schema\/logo\/image\/\",\"url\":\"https:\/\/cdn-endpoint-hfm.azureedge.net\/heartfailurematters\/2024\/07\/hfm-logo1.jpg\",\"contentUrl\":\"https:\/\/cdn-endpoint-hfm.azureedge.net\/heartfailurematters\/2024\/07\/hfm-logo1.jpg\",\"width\":1280,\"height\":720,\"caption\":\"Heart Failure Matters\"},\"image\":{\"@id\":\"https:\/\/www.heartfailurematters.org\/fr\/#\/schema\/logo\/image\/\"},\"sameAs\":[\"https:\/\/www.facebook.com\/heartfailurematters\"]}]}<\/script>\n<!-- \/ Yoast SEO plugin. -->","yoast_head_json":{"title":"\u00c9chocardiogramme et insuffisance cardiaque","description":"L'\u00e9chocardiogramme est un test qui utilise des ondes sonores (ultrasons) pour examiner le c\u0153ur. C'est la m\u00eame m\u00e9thode qui est utilis\u00e9e sur les femmes enceintes pour examiner leur b\u00e9b\u00e9 mais, dans le cas pr\u00e9sent, l'\u00e9chocardiogramme sert \u00e0 \u00e9tudier votre c\u0153ur.","robots":{"index":"index","follow":"follow","max-snippet":"max-snippet:-1","max-image-preview":"max-image-preview:large","max-video-preview":"max-video-preview:-1"},"canonical":"https:\/\/www.heartfailurematters.org\/fr\/comprendre-linsuffisance-cardiaque\/echocardiographie\/","og_locale":"fr_FR","og_type":"article","og_title":"\u00c9chocardiogramme et insuffisance cardiaque","og_description":"L'\u00e9chocardiogramme est un test qui utilise des ondes sonores (ultrasons) pour examiner le c\u0153ur. C'est la m\u00eame m\u00e9thode qui est utilis\u00e9e sur les femmes enceintes pour examiner leur b\u00e9b\u00e9 mais, dans le cas pr\u00e9sent, l'\u00e9chocardiogramme sert \u00e0 \u00e9tudier votre c\u0153ur.","og_url":"https:\/\/www.heartfailurematters.org\/fr\/comprendre-linsuffisance-cardiaque\/echocardiographie\/","og_site_name":"Heart Failure Matters","article_publisher":"https:\/\/www.facebook.com\/heartfailurematters","article_modified_time":"2021-07-22T16:09:40+00:00","og_image":[{"width":900,"height":600,"url":"https:\/\/www.heartfailurematters.org\/wp-content\/uploads\/2022\/02\/shutterstock_1552030727-1-min.jpg","type":"image\/jpeg"}],"twitter_card":"summary_large_image","twitter_misc":{"Dur\u00e9e de lecture estim\u00e9e":"2 minutes"},"schema":{"@context":"https:\/\/schema.org","@graph":[{"@type":"WebPage","@id":"https:\/\/www.heartfailurematters.org\/fr\/comprendre-linsuffisance-cardiaque\/echocardiographie\/","url":"https:\/\/www.heartfailurematters.org\/fr\/comprendre-linsuffisance-cardiaque\/echocardiographie\/","name":"\u00c9chocardiogramme et insuffisance cardiaque","isPartOf":{"@id":"https:\/\/www.heartfailurematters.org\/fr\/#website"},"primaryImageOfPage":{"@id":"https:\/\/www.heartfailurematters.org\/fr\/comprendre-linsuffisance-cardiaque\/echocardiographie\/#primaryimage"},"image":{"@id":"https:\/\/www.heartfailurematters.org\/fr\/comprendre-linsuffisance-cardiaque\/echocardiographie\/#primaryimage"},"thumbnailUrl":"https:\/\/www.heartfailurematters.org\/wp-content\/uploads\/2022\/02\/shutterstock_1552030727-1-min.jpg","datePublished":"2021-01-27T21:36:04+00:00","dateModified":"2021-07-22T16:09:40+00:00","description":"L'\u00e9chocardiogramme est un test qui utilise des ondes sonores (ultrasons) pour examiner le c\u0153ur. C'est la m\u00eame m\u00e9thode qui est utilis\u00e9e sur les femmes enceintes pour examiner leur b\u00e9b\u00e9 mais, dans le cas pr\u00e9sent, l'\u00e9chocardiogramme sert \u00e0 \u00e9tudier votre c\u0153ur.","breadcrumb":{"@id":"https:\/\/www.heartfailurematters.org\/fr\/comprendre-linsuffisance-cardiaque\/echocardiographie\/#breadcrumb"},"inLanguage":"fr-FR","potentialAction":[{"@type":"ReadAction","target":["https:\/\/www.heartfailurematters.org\/fr\/comprendre-linsuffisance-cardiaque\/echocardiographie\/"]}]},{"@type":"ImageObject","inLanguage":"fr-FR","@id":"https:\/\/www.heartfailurematters.org\/fr\/comprendre-linsuffisance-cardiaque\/echocardiographie\/#primaryimage","url":"https:\/\/www.heartfailurematters.org\/wp-content\/uploads\/2022\/02\/shutterstock_1552030727-1-min.jpg","contentUrl":"https:\/\/www.heartfailurematters.org\/wp-content\/uploads\/2022\/02\/shutterstock_1552030727-1-min.jpg","width":900,"height":600},{"@type":"BreadcrumbList","@id":"https:\/\/www.heartfailurematters.org\/fr\/comprendre-linsuffisance-cardiaque\/echocardiographie\/#breadcrumb","itemListElement":[{"@type":"ListItem","position":1,"name":"Accueil","item":"https:\/\/www.heartfailurematters.org\/fr\/"},{"@type":"ListItem","position":2,"name":"Comprendre l&#8217;insuffisance cardiaque","item":"https:\/\/www.heartfailurematters.org\/fr\/comprendre-linsuffisance-cardiaque\/"},{"@type":"ListItem","position":3,"name":"\u00c9chocardiographie"}]},{"@type":"WebSite","@id":"https:\/\/www.heartfailurematters.org\/fr\/#website","url":"https:\/\/www.heartfailurematters.org\/fr\/","name":"Heart Failure Matters","description":"Practical information for patients, families and caregivers.","publisher":{"@id":"https:\/\/www.heartfailurematters.org\/fr\/#organization"},"potentialAction":[{"@type":"SearchAction","target":{"@type":"EntryPoint","urlTemplate":"https:\/\/www.heartfailurematters.org\/fr\/?s={search_term_string}"},"query-input":{"@type":"PropertyValueSpecification","valueRequired":true,"valueName":"search_term_string"}}],"inLanguage":"fr-FR"},{"@type":"Organization","@id":"https:\/\/www.heartfailurematters.org\/fr\/#organization","name":"Heart Failure Matters","url":"https:\/\/www.heartfailurematters.org\/fr\/","logo":{"@type":"ImageObject","inLanguage":"fr-FR","@id":"https:\/\/www.heartfailurematters.org\/fr\/#\/schema\/logo\/image\/","url":"https:\/\/cdn-endpoint-hfm.azureedge.net\/heartfailurematters\/2024\/07\/hfm-logo1.jpg","contentUrl":"https:\/\/cdn-endpoint-hfm.azureedge.net\/heartfailurematters\/2024\/07\/hfm-logo1.jpg","width":1280,"height":720,"caption":"Heart Failure Matters"},"image":{"@id":"https:\/\/www.heartfailurematters.org\/fr\/#\/schema\/logo\/image\/"},"sameAs":["https:\/\/www.facebook.com\/heartfailurematters"]}]}},"_links":{"self":[{"href":"https:\/\/www.heartfailurematters.org\/fr\/wp-json\/wp\/v2\/pages\/447","targetHints":{"allow":["GET"]}}],"collection":[{"href":"https:\/\/www.heartfailurematters.org\/fr\/wp-json\/wp\/v2\/pages"}],"about":[{"href":"https:\/\/www.heartfailurematters.org\/fr\/wp-json\/wp\/v2\/types\/page"}],"author":[{"embeddable":true,"href":"https:\/\/www.heartfailurematters.org\/fr\/wp-json\/wp\/v2\/users\/1"}],"replies":[{"embeddable":true,"href":"https:\/\/www.heartfailurematters.org\/fr\/wp-json\/wp\/v2\/comments?post=447"}],"version-history":[{"count":2,"href":"https:\/\/www.heartfailurematters.org\/fr\/wp-json\/wp\/v2\/pages\/447\/revisions"}],"predecessor-version":[{"id":9582,"href":"https:\/\/www.heartfailurematters.org\/fr\/wp-json\/wp\/v2\/pages\/447\/revisions\/9582"}],"up":[{"embeddable":true,"href":"https:\/\/www.heartfailurematters.org\/fr\/wp-json\/wp\/v2\/pages\/307"}],"wp:featuredmedia":[{"embeddable":true,"href":"https:\/\/www.heartfailurematters.org\/fr\/wp-json\/wp\/v2\/media\/10646"}],"wp:attachment":[{"href":"https:\/\/www.heartfailurematters.org\/fr\/wp-json\/wp\/v2\/media?parent=447"}],"wp:term":[{"taxonomy":"category","embeddable":true,"href":"https:\/\/www.heartfailurematters.org\/fr\/wp-json\/wp\/v2\/categories?post=447"},{"taxonomy":"post_tag","embeddable":true,"href":"https:\/\/www.heartfailurematters.org\/fr\/wp-json\/wp\/v2\/tags?post=447"}],"curies":[{"name":"wp","href":"https:\/\/api.w.org\/{rel}","templated":true}]}}