{"id":446,"date":"2021-01-27T21:36:04","date_gmt":"2021-01-27T21:36:04","guid":{"rendered":"http:\/\/heartfailurematters.local:8888\/testament-biologique\/"},"modified":"2021-01-27T21:36:04","modified_gmt":"2021-01-27T21:36:04","slug":"testament-biologique","status":"publish","type":"page","link":"https:\/\/www.heartfailurematters.org\/fr\/vivre-avec-une-insuffisance-cardiaque\/testament-biologique\/","title":{"rendered":"Testament biologique"},"content":{"rendered":"<p>Un&nbsp;<a class=\"addtooltip\" title=\"Document d\u00e9taillant les circonstances dans lesquelles vous souhaitez ne pas recevoir de traitement m\u00e9dical destin\u00e9 \u00e0 prolonger votre vie dans le cas o\u00f9 vous seriez gravement malade \u00e0 l\u2019avenir et ne seriez pas en mesure de prendre vous-m\u00eame les d\u00e9cisions concernant vos soins de sant\u00e9.\"><strong title=\"\">testament biologique<\/strong><\/a> est un document l\u00e9gal qui permet \u00e0 une personne qui peut devenir incapable de prendre part aux d\u00e9cisions concernant ses soins m\u00e9dicaux, d\u2019exprimer \u00e0 l\u2019avance ses souhaits concernant les traitements destin\u00e9s \u00e0 prolonger la vie. Ce document guide l&rsquo;\u00e9quipe m\u00e9dicale et permet au patient de mettre en place des limites sur ce qui lui sera fait dans certaines situations. Il est possible de personnaliser votre testament biologique en y incluant des d\u00e9clarations sp\u00e9cifiques sur l&rsquo;utilisation des traitements m\u00e9dicaux qui peuvent s&rsquo;appliquer \u00e0 votre \u00e9tat, par exemple la <a class=\"addtooltip\" title=\"Intervention vitale qui consiste \u00e0 exercer une pression manuelle de la poitrine pour continuer \u00e0 faire battre le c\u0153ur et \u00e0 insuffler une respiration par bouche \u00e0 bouche pour maintenir la respiration.\"><strong title=\"\">r\u00e9animation cardio-respiratoire&nbsp;<\/strong><\/a>(RCR), <strong>la respiration m\u00e9canique<\/strong> et la chirurgie.<\/p>\n<p>Compte tenu du fait qu\u2019un testament biologique est un document l\u00e9gal, il doit \u00eatre r\u00e9dig\u00e9 avec l&rsquo;aide d&rsquo;un avocat. \u00c0 mesure que votre \u00e9tat de sant\u00e9 \u00e9volue, il est important de revoir les d\u00e9cisions qui sont inscrites dans le testament biologique et de vous assurer qu&rsquo;elles refl\u00e8tent vos souhaits actuels.<\/p>\n<p><a href=\"https:\/\/www.heartfailurematters.org\/fr\/vivre-avec-une-insuffisance-cardiaque\/planification-de-la-fin-de-vie\/\" title=\"Return to Planning for the end of life\">Retourner \u00e0 la rubrique \u00ab&nbsp;Planification de la fin de vie&nbsp;\u00bb<\/a><\/p>\n","protected":false},"excerpt":{"rendered":"<p>Un&nbsp;testament biologique est un document l\u00e9gal qui permet \u00e0 une personne qui peut devenir incapable de prendre part aux d\u00e9cisions concernant ses soins m\u00e9dicaux, d\u2019exprimer \u00e0 l\u2019avance ses souhaits concernant les traitements destin\u00e9s \u00e0 prolonger la vie. Ce document guide l&rsquo;\u00e9quipe m\u00e9dicale et permet au patient de mettre en place des limites sur ce qui [&hellip;]<\/p>\n","protected":false},"author":1,"featured_media":11156,"parent":2812,"menu_order":0,"comment_status":"open","ping_status":"open","template":"","meta":{"_acf_changed":false,"footnotes":""},"categories":[],"tags":[],"class_list":["post-446","page","type-page","status-publish","has-post-thumbnail","hentry"],"acf":[],"yoast_head":"<!-- This site is optimized with the Yoast SEO plugin v24.8.1 - https:\/\/yoast.com\/wordpress\/plugins\/seo\/ -->\n<title>Testament biologique - Heart Failure Matters<\/title>\n<meta name=\"description\" content=\"Les directives anticip\u00e9es constituent un document juridique permettant \u00e0 une personne qui peut \u00eatre dans l&#039;incapacit\u00e9 de participer aux prises de d\u00e9cisions concernant ses soins m\u00e9dicaux d&#039;exprimer \u00e0 l&#039;avance ses souhaits concernant un traitement de survie\" \/>\n<meta name=\"robots\" content=\"index, follow, max-snippet:-1, max-image-preview:large, max-video-preview:-1\" \/>\n<link rel=\"canonical\" href=\"https:\/\/www.heartfailurematters.org\/fr\/vivre-avec-une-insuffisance-cardiaque\/testament-biologique\/\" \/>\n<meta property=\"og:locale\" content=\"fr_FR\" \/>\n<meta property=\"og:type\" content=\"article\" \/>\n<meta property=\"og:title\" content=\"Testament biologique - Heart Failure Matters\" \/>\n<meta property=\"og:description\" content=\"Les directives anticip\u00e9es constituent un document juridique permettant \u00e0 une personne qui peut \u00eatre dans l&#039;incapacit\u00e9 de participer aux prises de d\u00e9cisions concernant ses soins m\u00e9dicaux d&#039;exprimer \u00e0 l&#039;avance ses souhaits concernant un traitement de survie\" \/>\n<meta property=\"og:url\" content=\"https:\/\/www.heartfailurematters.org\/fr\/vivre-avec-une-insuffisance-cardiaque\/testament-biologique\/\" \/>\n<meta property=\"og:site_name\" content=\"Heart Failure Matters\" \/>\n<meta property=\"article:publisher\" content=\"https:\/\/www.facebook.com\/heartfailurematters\" \/>\n<meta property=\"og:image\" content=\"https:\/\/www.heartfailurematters.org\/wp-content\/uploads\/2022\/03\/shutterstock_1544093657-1-min.jpg\" \/>\n\t<meta property=\"og:image:width\" content=\"900\" \/>\n\t<meta property=\"og:image:height\" content=\"600\" \/>\n\t<meta property=\"og:image:type\" content=\"image\/jpeg\" \/>\n<meta name=\"twitter:card\" content=\"summary_large_image\" \/>\n<meta name=\"twitter:label1\" content=\"Dur\u00e9e de lecture estim\u00e9e\" \/>\n\t<meta name=\"twitter:data1\" content=\"1 minute\" \/>\n<script type=\"application\/ld+json\" class=\"yoast-schema-graph\">{\"@context\":\"https:\/\/schema.org\",\"@graph\":[{\"@type\":\"WebPage\",\"@id\":\"https:\/\/www.heartfailurematters.org\/fr\/vivre-avec-une-insuffisance-cardiaque\/testament-biologique\/\",\"url\":\"https:\/\/www.heartfailurematters.org\/fr\/vivre-avec-une-insuffisance-cardiaque\/testament-biologique\/\",\"name\":\"Testament biologique - Heart Failure Matters\",\"isPartOf\":{\"@id\":\"https:\/\/www.heartfailurematters.org\/fr\/#website\"},\"primaryImageOfPage\":{\"@id\":\"https:\/\/www.heartfailurematters.org\/fr\/vivre-avec-une-insuffisance-cardiaque\/testament-biologique\/#primaryimage\"},\"image\":{\"@id\":\"https:\/\/www.heartfailurematters.org\/fr\/vivre-avec-une-insuffisance-cardiaque\/testament-biologique\/#primaryimage\"},\"thumbnailUrl\":\"https:\/\/www.heartfailurematters.org\/wp-content\/uploads\/2022\/03\/shutterstock_1544093657-1-min.jpg\",\"datePublished\":\"2021-01-27T21:36:04+00:00\",\"description\":\"Les directives anticip\u00e9es constituent un document juridique permettant \u00e0 une personne qui peut \u00eatre dans l'incapacit\u00e9 de participer aux prises de d\u00e9cisions concernant ses soins m\u00e9dicaux d'exprimer \u00e0 l'avance ses souhaits concernant un traitement de survie\",\"breadcrumb\":{\"@id\":\"https:\/\/www.heartfailurematters.org\/fr\/vivre-avec-une-insuffisance-cardiaque\/testament-biologique\/#breadcrumb\"},\"inLanguage\":\"fr-FR\",\"potentialAction\":[{\"@type\":\"ReadAction\",\"target\":[\"https:\/\/www.heartfailurematters.org\/fr\/vivre-avec-une-insuffisance-cardiaque\/testament-biologique\/\"]}]},{\"@type\":\"ImageObject\",\"inLanguage\":\"fr-FR\",\"@id\":\"https:\/\/www.heartfailurematters.org\/fr\/vivre-avec-une-insuffisance-cardiaque\/testament-biologique\/#primaryimage\",\"url\":\"https:\/\/www.heartfailurematters.org\/wp-content\/uploads\/2022\/03\/shutterstock_1544093657-1-min.jpg\",\"contentUrl\":\"https:\/\/www.heartfailurematters.org\/wp-content\/uploads\/2022\/03\/shutterstock_1544093657-1-min.jpg\",\"width\":900,\"height\":600},{\"@type\":\"BreadcrumbList\",\"@id\":\"https:\/\/www.heartfailurematters.org\/fr\/vivre-avec-une-insuffisance-cardiaque\/testament-biologique\/#breadcrumb\",\"itemListElement\":[{\"@type\":\"ListItem\",\"position\":1,\"name\":\"Accueil\",\"item\":\"https:\/\/www.heartfailurematters.org\/fr\/\"},{\"@type\":\"ListItem\",\"position\":2,\"name\":\"Vivre avec l&#8217;insuffisance cardiaque\",\"item\":\"https:\/\/www.heartfailurematters.org\/fr\/vivre-avec-une-insuffisance-cardiaque\/\"},{\"@type\":\"ListItem\",\"position\":3,\"name\":\"Testament biologique\"}]},{\"@type\":\"WebSite\",\"@id\":\"https:\/\/www.heartfailurematters.org\/fr\/#website\",\"url\":\"https:\/\/www.heartfailurematters.org\/fr\/\",\"name\":\"Heart Failure Matters\",\"description\":\"Practical information for patients, families and caregivers.\",\"publisher\":{\"@id\":\"https:\/\/www.heartfailurematters.org\/fr\/#organization\"},\"potentialAction\":[{\"@type\":\"SearchAction\",\"target\":{\"@type\":\"EntryPoint\",\"urlTemplate\":\"https:\/\/www.heartfailurematters.org\/fr\/?s={search_term_string}\"},\"query-input\":{\"@type\":\"PropertyValueSpecification\",\"valueRequired\":true,\"valueName\":\"search_term_string\"}}],\"inLanguage\":\"fr-FR\"},{\"@type\":\"Organization\",\"@id\":\"https:\/\/www.heartfailurematters.org\/fr\/#organization\",\"name\":\"Heart Failure Matters\",\"url\":\"https:\/\/www.heartfailurematters.org\/fr\/\",\"logo\":{\"@type\":\"ImageObject\",\"inLanguage\":\"fr-FR\",\"@id\":\"https:\/\/www.heartfailurematters.org\/fr\/#\/schema\/logo\/image\/\",\"url\":\"https:\/\/cdn-endpoint-hfm.azureedge.net\/heartfailurematters\/2024\/07\/hfm-logo1.jpg\",\"contentUrl\":\"https:\/\/cdn-endpoint-hfm.azureedge.net\/heartfailurematters\/2024\/07\/hfm-logo1.jpg\",\"width\":1280,\"height\":720,\"caption\":\"Heart Failure Matters\"},\"image\":{\"@id\":\"https:\/\/www.heartfailurematters.org\/fr\/#\/schema\/logo\/image\/\"},\"sameAs\":[\"https:\/\/www.facebook.com\/heartfailurematters\"]}]}<\/script>\n<!-- \/ Yoast SEO plugin. -->","yoast_head_json":{"title":"Testament biologique - Heart Failure Matters","description":"Les directives anticip\u00e9es constituent un document juridique permettant \u00e0 une personne qui peut \u00eatre dans l'incapacit\u00e9 de participer aux prises de d\u00e9cisions concernant ses soins m\u00e9dicaux d'exprimer \u00e0 l'avance ses souhaits concernant un traitement de survie","robots":{"index":"index","follow":"follow","max-snippet":"max-snippet:-1","max-image-preview":"max-image-preview:large","max-video-preview":"max-video-preview:-1"},"canonical":"https:\/\/www.heartfailurematters.org\/fr\/vivre-avec-une-insuffisance-cardiaque\/testament-biologique\/","og_locale":"fr_FR","og_type":"article","og_title":"Testament biologique - Heart Failure Matters","og_description":"Les directives anticip\u00e9es constituent un document juridique permettant \u00e0 une personne qui peut \u00eatre dans l'incapacit\u00e9 de participer aux prises de d\u00e9cisions concernant ses soins m\u00e9dicaux d'exprimer \u00e0 l'avance ses souhaits concernant un traitement de survie","og_url":"https:\/\/www.heartfailurematters.org\/fr\/vivre-avec-une-insuffisance-cardiaque\/testament-biologique\/","og_site_name":"Heart Failure Matters","article_publisher":"https:\/\/www.facebook.com\/heartfailurematters","og_image":[{"width":900,"height":600,"url":"https:\/\/www.heartfailurematters.org\/wp-content\/uploads\/2022\/03\/shutterstock_1544093657-1-min.jpg","type":"image\/jpeg"}],"twitter_card":"summary_large_image","twitter_misc":{"Dur\u00e9e de lecture estim\u00e9e":"1 minute"},"schema":{"@context":"https:\/\/schema.org","@graph":[{"@type":"WebPage","@id":"https:\/\/www.heartfailurematters.org\/fr\/vivre-avec-une-insuffisance-cardiaque\/testament-biologique\/","url":"https:\/\/www.heartfailurematters.org\/fr\/vivre-avec-une-insuffisance-cardiaque\/testament-biologique\/","name":"Testament biologique - Heart Failure Matters","isPartOf":{"@id":"https:\/\/www.heartfailurematters.org\/fr\/#website"},"primaryImageOfPage":{"@id":"https:\/\/www.heartfailurematters.org\/fr\/vivre-avec-une-insuffisance-cardiaque\/testament-biologique\/#primaryimage"},"image":{"@id":"https:\/\/www.heartfailurematters.org\/fr\/vivre-avec-une-insuffisance-cardiaque\/testament-biologique\/#primaryimage"},"thumbnailUrl":"https:\/\/www.heartfailurematters.org\/wp-content\/uploads\/2022\/03\/shutterstock_1544093657-1-min.jpg","datePublished":"2021-01-27T21:36:04+00:00","description":"Les directives anticip\u00e9es constituent un document juridique permettant \u00e0 une personne qui peut \u00eatre dans l'incapacit\u00e9 de participer aux prises de d\u00e9cisions concernant ses soins m\u00e9dicaux d'exprimer \u00e0 l'avance ses souhaits concernant un traitement de survie","breadcrumb":{"@id":"https:\/\/www.heartfailurematters.org\/fr\/vivre-avec-une-insuffisance-cardiaque\/testament-biologique\/#breadcrumb"},"inLanguage":"fr-FR","potentialAction":[{"@type":"ReadAction","target":["https:\/\/www.heartfailurematters.org\/fr\/vivre-avec-une-insuffisance-cardiaque\/testament-biologique\/"]}]},{"@type":"ImageObject","inLanguage":"fr-FR","@id":"https:\/\/www.heartfailurematters.org\/fr\/vivre-avec-une-insuffisance-cardiaque\/testament-biologique\/#primaryimage","url":"https:\/\/www.heartfailurematters.org\/wp-content\/uploads\/2022\/03\/shutterstock_1544093657-1-min.jpg","contentUrl":"https:\/\/www.heartfailurematters.org\/wp-content\/uploads\/2022\/03\/shutterstock_1544093657-1-min.jpg","width":900,"height":600},{"@type":"BreadcrumbList","@id":"https:\/\/www.heartfailurematters.org\/fr\/vivre-avec-une-insuffisance-cardiaque\/testament-biologique\/#breadcrumb","itemListElement":[{"@type":"ListItem","position":1,"name":"Accueil","item":"https:\/\/www.heartfailurematters.org\/fr\/"},{"@type":"ListItem","position":2,"name":"Vivre avec l&#8217;insuffisance cardiaque","item":"https:\/\/www.heartfailurematters.org\/fr\/vivre-avec-une-insuffisance-cardiaque\/"},{"@type":"ListItem","position":3,"name":"Testament biologique"}]},{"@type":"WebSite","@id":"https:\/\/www.heartfailurematters.org\/fr\/#website","url":"https:\/\/www.heartfailurematters.org\/fr\/","name":"Heart Failure Matters","description":"Practical information for patients, families and caregivers.","publisher":{"@id":"https:\/\/www.heartfailurematters.org\/fr\/#organization"},"potentialAction":[{"@type":"SearchAction","target":{"@type":"EntryPoint","urlTemplate":"https:\/\/www.heartfailurematters.org\/fr\/?s={search_term_string}"},"query-input":{"@type":"PropertyValueSpecification","valueRequired":true,"valueName":"search_term_string"}}],"inLanguage":"fr-FR"},{"@type":"Organization","@id":"https:\/\/www.heartfailurematters.org\/fr\/#organization","name":"Heart Failure Matters","url":"https:\/\/www.heartfailurematters.org\/fr\/","logo":{"@type":"ImageObject","inLanguage":"fr-FR","@id":"https:\/\/www.heartfailurematters.org\/fr\/#\/schema\/logo\/image\/","url":"https:\/\/cdn-endpoint-hfm.azureedge.net\/heartfailurematters\/2024\/07\/hfm-logo1.jpg","contentUrl":"https:\/\/cdn-endpoint-hfm.azureedge.net\/heartfailurematters\/2024\/07\/hfm-logo1.jpg","width":1280,"height":720,"caption":"Heart Failure Matters"},"image":{"@id":"https:\/\/www.heartfailurematters.org\/fr\/#\/schema\/logo\/image\/"},"sameAs":["https:\/\/www.facebook.com\/heartfailurematters"]}]}},"_links":{"self":[{"href":"https:\/\/www.heartfailurematters.org\/fr\/wp-json\/wp\/v2\/pages\/446","targetHints":{"allow":["GET"]}}],"collection":[{"href":"https:\/\/www.heartfailurematters.org\/fr\/wp-json\/wp\/v2\/pages"}],"about":[{"href":"https:\/\/www.heartfailurematters.org\/fr\/wp-json\/wp\/v2\/types\/page"}],"author":[{"embeddable":true,"href":"https:\/\/www.heartfailurematters.org\/fr\/wp-json\/wp\/v2\/users\/1"}],"replies":[{"embeddable":true,"href":"https:\/\/www.heartfailurematters.org\/fr\/wp-json\/wp\/v2\/comments?post=446"}],"version-history":[{"count":0,"href":"https:\/\/www.heartfailurematters.org\/fr\/wp-json\/wp\/v2\/pages\/446\/revisions"}],"up":[{"embeddable":true,"href":"https:\/\/www.heartfailurematters.org\/fr\/wp-json\/wp\/v2\/pages\/2812"}],"wp:featuredmedia":[{"embeddable":true,"href":"https:\/\/www.heartfailurematters.org\/fr\/wp-json\/wp\/v2\/media\/11156"}],"wp:attachment":[{"href":"https:\/\/www.heartfailurematters.org\/fr\/wp-json\/wp\/v2\/media?parent=446"}],"wp:term":[{"taxonomy":"category","embeddable":true,"href":"https:\/\/www.heartfailurematters.org\/fr\/wp-json\/wp\/v2\/categories?post=446"},{"taxonomy":"post_tag","embeddable":true,"href":"https:\/\/www.heartfailurematters.org\/fr\/wp-json\/wp\/v2\/tags?post=446"}],"curies":[{"name":"wp","href":"https:\/\/api.w.org\/{rel}","templated":true}]}}