{"id":444,"date":"2021-01-27T21:36:04","date_gmt":"2021-01-27T21:36:04","guid":{"rendered":"http:\/\/heartfailurematters.local:8888\/coronarographie\/"},"modified":"2021-04-14T10:50:41","modified_gmt":"2021-04-14T09:50:41","slug":"coronarographie","status":"publish","type":"page","link":"https:\/\/www.heartfailurematters.org\/fr\/ce-que-votre-medecin-ou-votre-infirmier-ere-peut-faire\/coronarographie\/","title":{"rendered":"Coronarographie"},"content":{"rendered":"<h2>Pourquoi cette intervention est-elle r\u00e9alis\u00e9e\u00a0?<\/h2>\n<p><a class=\"addtooltip\" title=\"Examen utilisant l\u2019injection d'un liquide visible aux rayons X pour visualiser les obstructions dans vos art\u00e8res coronaires.\"><strong>Une coronarographie<\/strong><\/a>\u00a0est un examen radiographique des art\u00e8res et des cavit\u00e9s du c\u0153ur qui permet de visualiser la circulation sanguine.\u00a0<a class=\"addtooltip\" title=\"Examen utilisant l\u2019injection d'un liquide visible aux rayons X pour visualiser les obstructions dans vos art\u00e8res coronaires.\"><strong>Une coronarographie<\/strong><\/a> peut \u00eatre utilis\u00e9e pour localiser les r\u00e9tr\u00e9cissements ou les obstructions dans des art\u00e8res et peut \u00e9galement r\u00e9v\u00e9ler la pr\u00e9sence de caillots sanguins, de d\u00e9p\u00f4ts de calcium ou tout affaiblissement ou bombement de la paroi des art\u00e8res (<a class=\"addtooltip\" title=\"Sac rempli de sang qui se forme dans une partie affaiblie d\u2019un vaisseau sanguin.\"><strong>an\u00e9vrismes<\/strong><\/a>). Une coronarographie est souvent requise pour d\u00e9cider du traitement n\u00e9cessaire pour votre insuffisance cardiaque.<\/p>\n<h2>Qu\u2019est-ce que cette intervention implique\u00a0?<\/h2>\n<p>Un tube fin, flexible et creux (<a class=\"addtooltip\" title=\"Tube souple et fin utilis\u00e9 dans de nombreuses interventions.\"><strong>cath\u00e9ter<\/strong><\/a>) est ins\u00e9r\u00e9 dans un vaisseau sanguin au niveau de l\u2019aine ou de l\u2019avant-bras. L\u2019extr\u00e9mit\u00e9 du tube est plac\u00e9e dans le c\u0153ur ou \u00e0 l&rsquo;entr\u00e9e des art\u00e8res qui irriguent le c\u0153ur, puis un colorant sp\u00e9cial, visible par radiographie, est inject\u00e9. Les images obtenues sont appel\u00e9es angiogrammes.<\/p>\n<h2>Questions \u00e0 poser \u00e0 votre m\u00e9decin\u00a0:<\/h2>\n<ul>\n<li>Quels sont les risques associ\u00e9s \u00e0 l\u2019intervention\u00a0?<\/li>\n<li>Combien de temps l\u2019intervention prendra-t-elle\u00a0?<\/li>\n<li>Que dois-je faire pour me pr\u00e9parer \u00e0 subir une coronarographie, c&rsquo;est-\u00e0-dire puis-je manger ou boire\u00a0?<\/li>\n<\/ul>\n<p><a href=\"https:\/\/www.heartfailurematters.org\/fr\/ce-que-votre-medecin-ou-votre-infirmier-ere-peut-faire\/autres-interventions\/\">Retourner \u00e0 la rubrique \u00ab\u00a0Autres interventions\u00a0\u00bb<\/a><\/p>\n","protected":false},"excerpt":{"rendered":"<p>Pourquoi cette intervention est-elle r\u00e9alis\u00e9e\u00a0? Une coronarographie\u00a0est un examen radiographique des art\u00e8res et des cavit\u00e9s du c\u0153ur qui permet de visualiser la circulation sanguine.\u00a0Une coronarographie peut \u00eatre utilis\u00e9e pour localiser les r\u00e9tr\u00e9cissements ou les obstructions dans des art\u00e8res et peut \u00e9galement r\u00e9v\u00e9ler la pr\u00e9sence de caillots sanguins, de d\u00e9p\u00f4ts de calcium ou tout affaiblissement ou [&hellip;]<\/p>\n","protected":false},"author":1,"featured_media":10686,"parent":2679,"menu_order":0,"comment_status":"open","ping_status":"open","template":"","meta":{"_acf_changed":false,"footnotes":""},"categories":[],"tags":[],"class_list":["post-444","page","type-page","status-publish","has-post-thumbnail","hentry"],"acf":[],"yoast_head":"<!-- This site is optimized with the Yoast SEO plugin v24.8.1 - https:\/\/yoast.com\/wordpress\/plugins\/seo\/ -->\n<title>Coronarographie - Heart Failure Matters<\/title>\n<meta name=\"description\" content=\"L&#039;angiographie est un examen radiologique de vos veines, art\u00e8res et cavit\u00e9s cardiaques qui analyse la circulation sanguine. En savoir plus\" \/>\n<meta name=\"robots\" content=\"index, follow, max-snippet:-1, max-image-preview:large, max-video-preview:-1\" \/>\n<link rel=\"canonical\" href=\"https:\/\/www.heartfailurematters.org\/fr\/ce-que-votre-medecin-ou-votre-infirmier-ere-peut-faire\/coronarographie\/\" \/>\n<meta property=\"og:locale\" content=\"fr_FR\" \/>\n<meta property=\"og:type\" content=\"article\" \/>\n<meta property=\"og:title\" content=\"Coronarographie - Heart Failure Matters\" \/>\n<meta property=\"og:description\" content=\"L&#039;angiographie est un examen radiologique de vos veines, art\u00e8res et cavit\u00e9s cardiaques qui analyse la circulation sanguine. En savoir plus\" \/>\n<meta property=\"og:url\" content=\"https:\/\/www.heartfailurematters.org\/fr\/ce-que-votre-medecin-ou-votre-infirmier-ere-peut-faire\/coronarographie\/\" \/>\n<meta property=\"og:site_name\" content=\"Heart Failure Matters\" \/>\n<meta property=\"article:publisher\" content=\"https:\/\/www.facebook.com\/heartfailurematters\" \/>\n<meta property=\"article:modified_time\" content=\"2021-04-14T09:50:41+00:00\" \/>\n<meta property=\"og:image\" content=\"https:\/\/www.heartfailurematters.org\/wp-content\/uploads\/2022\/02\/shutterstock_26945083-1-min.jpg\" \/>\n\t<meta property=\"og:image:width\" content=\"900\" \/>\n\t<meta property=\"og:image:height\" content=\"600\" \/>\n\t<meta property=\"og:image:type\" content=\"image\/jpeg\" \/>\n<meta name=\"twitter:card\" content=\"summary_large_image\" \/>\n<meta name=\"twitter:label1\" content=\"Dur\u00e9e de lecture estim\u00e9e\" \/>\n\t<meta name=\"twitter:data1\" content=\"1 minute\" \/>\n<script type=\"application\/ld+json\" class=\"yoast-schema-graph\">{\"@context\":\"https:\/\/schema.org\",\"@graph\":[{\"@type\":\"WebPage\",\"@id\":\"https:\/\/www.heartfailurematters.org\/fr\/ce-que-votre-medecin-ou-votre-infirmier-ere-peut-faire\/coronarographie\/\",\"url\":\"https:\/\/www.heartfailurematters.org\/fr\/ce-que-votre-medecin-ou-votre-infirmier-ere-peut-faire\/coronarographie\/\",\"name\":\"Coronarographie - Heart Failure Matters\",\"isPartOf\":{\"@id\":\"https:\/\/www.heartfailurematters.org\/fr\/#website\"},\"primaryImageOfPage\":{\"@id\":\"https:\/\/www.heartfailurematters.org\/fr\/ce-que-votre-medecin-ou-votre-infirmier-ere-peut-faire\/coronarographie\/#primaryimage\"},\"image\":{\"@id\":\"https:\/\/www.heartfailurematters.org\/fr\/ce-que-votre-medecin-ou-votre-infirmier-ere-peut-faire\/coronarographie\/#primaryimage\"},\"thumbnailUrl\":\"https:\/\/www.heartfailurematters.org\/wp-content\/uploads\/2022\/02\/shutterstock_26945083-1-min.jpg\",\"datePublished\":\"2021-01-27T21:36:04+00:00\",\"dateModified\":\"2021-04-14T09:50:41+00:00\",\"description\":\"L'angiographie est un examen radiologique de vos veines, art\u00e8res et cavit\u00e9s cardiaques qui analyse la circulation sanguine. En savoir plus\",\"breadcrumb\":{\"@id\":\"https:\/\/www.heartfailurematters.org\/fr\/ce-que-votre-medecin-ou-votre-infirmier-ere-peut-faire\/coronarographie\/#breadcrumb\"},\"inLanguage\":\"fr-FR\",\"potentialAction\":[{\"@type\":\"ReadAction\",\"target\":[\"https:\/\/www.heartfailurematters.org\/fr\/ce-que-votre-medecin-ou-votre-infirmier-ere-peut-faire\/coronarographie\/\"]}]},{\"@type\":\"ImageObject\",\"inLanguage\":\"fr-FR\",\"@id\":\"https:\/\/www.heartfailurematters.org\/fr\/ce-que-votre-medecin-ou-votre-infirmier-ere-peut-faire\/coronarographie\/#primaryimage\",\"url\":\"https:\/\/www.heartfailurematters.org\/wp-content\/uploads\/2022\/02\/shutterstock_26945083-1-min.jpg\",\"contentUrl\":\"https:\/\/www.heartfailurematters.org\/wp-content\/uploads\/2022\/02\/shutterstock_26945083-1-min.jpg\",\"width\":900,\"height\":600},{\"@type\":\"BreadcrumbList\",\"@id\":\"https:\/\/www.heartfailurematters.org\/fr\/ce-que-votre-medecin-ou-votre-infirmier-ere-peut-faire\/coronarographie\/#breadcrumb\",\"itemListElement\":[{\"@type\":\"ListItem\",\"position\":1,\"name\":\"Accueil\",\"item\":\"https:\/\/www.heartfailurematters.org\/fr\/\"},{\"@type\":\"ListItem\",\"position\":2,\"name\":\"Ce que votre m\u00e9decin peut faire\",\"item\":\"https:\/\/www.heartfailurematters.org\/fr\/ce-que-votre-medecin-ou-votre-infirmier-ere-peut-faire\/\"},{\"@type\":\"ListItem\",\"position\":3,\"name\":\"Coronarographie\"}]},{\"@type\":\"WebSite\",\"@id\":\"https:\/\/www.heartfailurematters.org\/fr\/#website\",\"url\":\"https:\/\/www.heartfailurematters.org\/fr\/\",\"name\":\"Heart Failure Matters\",\"description\":\"Practical information for patients, families and caregivers.\",\"publisher\":{\"@id\":\"https:\/\/www.heartfailurematters.org\/fr\/#organization\"},\"potentialAction\":[{\"@type\":\"SearchAction\",\"target\":{\"@type\":\"EntryPoint\",\"urlTemplate\":\"https:\/\/www.heartfailurematters.org\/fr\/?s={search_term_string}\"},\"query-input\":{\"@type\":\"PropertyValueSpecification\",\"valueRequired\":true,\"valueName\":\"search_term_string\"}}],\"inLanguage\":\"fr-FR\"},{\"@type\":\"Organization\",\"@id\":\"https:\/\/www.heartfailurematters.org\/fr\/#organization\",\"name\":\"Heart Failure Matters\",\"url\":\"https:\/\/www.heartfailurematters.org\/fr\/\",\"logo\":{\"@type\":\"ImageObject\",\"inLanguage\":\"fr-FR\",\"@id\":\"https:\/\/www.heartfailurematters.org\/fr\/#\/schema\/logo\/image\/\",\"url\":\"https:\/\/cdn-endpoint-hfm.azureedge.net\/heartfailurematters\/2024\/07\/hfm-logo1.jpg\",\"contentUrl\":\"https:\/\/cdn-endpoint-hfm.azureedge.net\/heartfailurematters\/2024\/07\/hfm-logo1.jpg\",\"width\":1280,\"height\":720,\"caption\":\"Heart Failure Matters\"},\"image\":{\"@id\":\"https:\/\/www.heartfailurematters.org\/fr\/#\/schema\/logo\/image\/\"},\"sameAs\":[\"https:\/\/www.facebook.com\/heartfailurematters\"]}]}<\/script>\n<!-- \/ Yoast SEO plugin. -->","yoast_head_json":{"title":"Coronarographie - Heart Failure Matters","description":"L'angiographie est un examen radiologique de vos veines, art\u00e8res et cavit\u00e9s cardiaques qui analyse la circulation sanguine. En savoir plus","robots":{"index":"index","follow":"follow","max-snippet":"max-snippet:-1","max-image-preview":"max-image-preview:large","max-video-preview":"max-video-preview:-1"},"canonical":"https:\/\/www.heartfailurematters.org\/fr\/ce-que-votre-medecin-ou-votre-infirmier-ere-peut-faire\/coronarographie\/","og_locale":"fr_FR","og_type":"article","og_title":"Coronarographie - Heart Failure Matters","og_description":"L'angiographie est un examen radiologique de vos veines, art\u00e8res et cavit\u00e9s cardiaques qui analyse la circulation sanguine. En savoir plus","og_url":"https:\/\/www.heartfailurematters.org\/fr\/ce-que-votre-medecin-ou-votre-infirmier-ere-peut-faire\/coronarographie\/","og_site_name":"Heart Failure Matters","article_publisher":"https:\/\/www.facebook.com\/heartfailurematters","article_modified_time":"2021-04-14T09:50:41+00:00","og_image":[{"width":900,"height":600,"url":"https:\/\/www.heartfailurematters.org\/wp-content\/uploads\/2022\/02\/shutterstock_26945083-1-min.jpg","type":"image\/jpeg"}],"twitter_card":"summary_large_image","twitter_misc":{"Dur\u00e9e de lecture estim\u00e9e":"1 minute"},"schema":{"@context":"https:\/\/schema.org","@graph":[{"@type":"WebPage","@id":"https:\/\/www.heartfailurematters.org\/fr\/ce-que-votre-medecin-ou-votre-infirmier-ere-peut-faire\/coronarographie\/","url":"https:\/\/www.heartfailurematters.org\/fr\/ce-que-votre-medecin-ou-votre-infirmier-ere-peut-faire\/coronarographie\/","name":"Coronarographie - Heart Failure Matters","isPartOf":{"@id":"https:\/\/www.heartfailurematters.org\/fr\/#website"},"primaryImageOfPage":{"@id":"https:\/\/www.heartfailurematters.org\/fr\/ce-que-votre-medecin-ou-votre-infirmier-ere-peut-faire\/coronarographie\/#primaryimage"},"image":{"@id":"https:\/\/www.heartfailurematters.org\/fr\/ce-que-votre-medecin-ou-votre-infirmier-ere-peut-faire\/coronarographie\/#primaryimage"},"thumbnailUrl":"https:\/\/www.heartfailurematters.org\/wp-content\/uploads\/2022\/02\/shutterstock_26945083-1-min.jpg","datePublished":"2021-01-27T21:36:04+00:00","dateModified":"2021-04-14T09:50:41+00:00","description":"L'angiographie est un examen radiologique de vos veines, art\u00e8res et cavit\u00e9s cardiaques qui analyse la circulation sanguine. En savoir plus","breadcrumb":{"@id":"https:\/\/www.heartfailurematters.org\/fr\/ce-que-votre-medecin-ou-votre-infirmier-ere-peut-faire\/coronarographie\/#breadcrumb"},"inLanguage":"fr-FR","potentialAction":[{"@type":"ReadAction","target":["https:\/\/www.heartfailurematters.org\/fr\/ce-que-votre-medecin-ou-votre-infirmier-ere-peut-faire\/coronarographie\/"]}]},{"@type":"ImageObject","inLanguage":"fr-FR","@id":"https:\/\/www.heartfailurematters.org\/fr\/ce-que-votre-medecin-ou-votre-infirmier-ere-peut-faire\/coronarographie\/#primaryimage","url":"https:\/\/www.heartfailurematters.org\/wp-content\/uploads\/2022\/02\/shutterstock_26945083-1-min.jpg","contentUrl":"https:\/\/www.heartfailurematters.org\/wp-content\/uploads\/2022\/02\/shutterstock_26945083-1-min.jpg","width":900,"height":600},{"@type":"BreadcrumbList","@id":"https:\/\/www.heartfailurematters.org\/fr\/ce-que-votre-medecin-ou-votre-infirmier-ere-peut-faire\/coronarographie\/#breadcrumb","itemListElement":[{"@type":"ListItem","position":1,"name":"Accueil","item":"https:\/\/www.heartfailurematters.org\/fr\/"},{"@type":"ListItem","position":2,"name":"Ce que votre m\u00e9decin peut faire","item":"https:\/\/www.heartfailurematters.org\/fr\/ce-que-votre-medecin-ou-votre-infirmier-ere-peut-faire\/"},{"@type":"ListItem","position":3,"name":"Coronarographie"}]},{"@type":"WebSite","@id":"https:\/\/www.heartfailurematters.org\/fr\/#website","url":"https:\/\/www.heartfailurematters.org\/fr\/","name":"Heart Failure Matters","description":"Practical information for patients, families and caregivers.","publisher":{"@id":"https:\/\/www.heartfailurematters.org\/fr\/#organization"},"potentialAction":[{"@type":"SearchAction","target":{"@type":"EntryPoint","urlTemplate":"https:\/\/www.heartfailurematters.org\/fr\/?s={search_term_string}"},"query-input":{"@type":"PropertyValueSpecification","valueRequired":true,"valueName":"search_term_string"}}],"inLanguage":"fr-FR"},{"@type":"Organization","@id":"https:\/\/www.heartfailurematters.org\/fr\/#organization","name":"Heart Failure Matters","url":"https:\/\/www.heartfailurematters.org\/fr\/","logo":{"@type":"ImageObject","inLanguage":"fr-FR","@id":"https:\/\/www.heartfailurematters.org\/fr\/#\/schema\/logo\/image\/","url":"https:\/\/cdn-endpoint-hfm.azureedge.net\/heartfailurematters\/2024\/07\/hfm-logo1.jpg","contentUrl":"https:\/\/cdn-endpoint-hfm.azureedge.net\/heartfailurematters\/2024\/07\/hfm-logo1.jpg","width":1280,"height":720,"caption":"Heart Failure Matters"},"image":{"@id":"https:\/\/www.heartfailurematters.org\/fr\/#\/schema\/logo\/image\/"},"sameAs":["https:\/\/www.facebook.com\/heartfailurematters"]}]}},"_links":{"self":[{"href":"https:\/\/www.heartfailurematters.org\/fr\/wp-json\/wp\/v2\/pages\/444","targetHints":{"allow":["GET"]}}],"collection":[{"href":"https:\/\/www.heartfailurematters.org\/fr\/wp-json\/wp\/v2\/pages"}],"about":[{"href":"https:\/\/www.heartfailurematters.org\/fr\/wp-json\/wp\/v2\/types\/page"}],"author":[{"embeddable":true,"href":"https:\/\/www.heartfailurematters.org\/fr\/wp-json\/wp\/v2\/users\/1"}],"replies":[{"embeddable":true,"href":"https:\/\/www.heartfailurematters.org\/fr\/wp-json\/wp\/v2\/comments?post=444"}],"version-history":[{"count":3,"href":"https:\/\/www.heartfailurematters.org\/fr\/wp-json\/wp\/v2\/pages\/444\/revisions"}],"predecessor-version":[{"id":8636,"href":"https:\/\/www.heartfailurematters.org\/fr\/wp-json\/wp\/v2\/pages\/444\/revisions\/8636"}],"up":[{"embeddable":true,"href":"https:\/\/www.heartfailurematters.org\/fr\/wp-json\/wp\/v2\/pages\/2679"}],"wp:featuredmedia":[{"embeddable":true,"href":"https:\/\/www.heartfailurematters.org\/fr\/wp-json\/wp\/v2\/media\/10686"}],"wp:attachment":[{"href":"https:\/\/www.heartfailurematters.org\/fr\/wp-json\/wp\/v2\/media?parent=444"}],"wp:term":[{"taxonomy":"category","embeddable":true,"href":"https:\/\/www.heartfailurematters.org\/fr\/wp-json\/wp\/v2\/categories?post=444"},{"taxonomy":"post_tag","embeddable":true,"href":"https:\/\/www.heartfailurematters.org\/fr\/wp-json\/wp\/v2\/tags?post=444"}],"curies":[{"name":"wp","href":"https:\/\/api.w.org\/{rel}","templated":true}]}}