{"id":443,"date":"2021-01-27T21:36:04","date_gmt":"2021-01-27T21:36:04","guid":{"rendered":"http:\/\/heartfailurematters.local:8888\/explorations-fonctionnelles-pulmonaires\/"},"modified":"2021-08-16T17:13:42","modified_gmt":"2021-08-16T16:13:42","slug":"explorations-fonctionnelles-pulmonaires","status":"publish","type":"page","link":"https:\/\/www.heartfailurematters.org\/fr\/comprendre-linsuffisance-cardiaque\/explorations-fonctionnelles-pulmonaires\/","title":{"rendered":"Explorations fonctionnelles pulmonaires"},"content":{"rendered":"<p>\u00c9tant donn\u00e9 que certaines affections pulmonaires peuvent comporter des sympt\u00f4mes similaires \u00e0 ceux de l&rsquo;insuffisance cardiaque et parce qu&rsquo;une maladie pulmonaire peut co\u00efncider avec une insuffisance cardiaque, votre m\u00e9decin peut vous demander de <span style=\"font-weight: 400;\">r\u00e9aliser<\/span> une exploration de la fonction pulmonaire. Les explorations fonctionnelles pulmonaires \u00e9valuent le fonctionnement de vos poumons. L\u2019examen principal est connu sur le nom de\u00a0<a class=\"addtooltip\" title=\"Examen utilis\u00e9 pour mesurer le volume et le flux d'air inspir\u00e9 et expir\u00e9 par les poumons.\"><strong>spirom\u00e9trie<\/strong><\/a>. Cet examen mesure quelle quantit\u00e9 d&rsquo;air peut entrer et sortir de vos poumons et \u00e0 quelle vitesse.<\/p>\n<p>Pour la plupart des explorations fonctionnelles pulmonaires, vous porterez une pince nasale visant \u00e0 emp\u00eacher toute entr\u00e9e ou sortie d\u2019air par le nez au cours de l\u2019examen. On vous demandera ensuite de respirer dans un embout buccal connect\u00e9 \u00e0 un appareil enregistrant les donn\u00e9es (spirom\u00e8tre). On vous expliquera ce que vous devez faire, comme inspirer aussi profond\u00e9ment que possible puis expirer aussi rapidement et aussi fort que possible.<\/p>\n<p>La pr\u00e9cision de ces examens d\u00e9pend de votre capacit\u00e9 \u00e0 respecter toutes les directives. Le technicien responsable de l\u2019examen peut vous encourager vivement \u00e0 respirer profond\u00e9ment lors de certains examens pour obtenir les meilleurs r\u00e9sultats.<\/p>\n<p>Il est possible que vous toussiez ou que vous vous sentiez \u00e9tourdi apr\u00e8s certains examens, mais vous pourrez vous reposer entre les \u00e9preuves. L\u2019examen peut prendre entre 5 et 15 minutes, selon le nombre <span style=\"font-weight: 400;\">d\u2019explorations<\/span> effectu\u00e9es.<\/p>\n<p>Les r\u00e9sultats des examens devraient aider votre m\u00e9decin \u00e0\u00a0:<\/p>\n<ul>\n<li>d\u00e9terminer la cause de vos\u00a0probl\u00e8mes respiratoires<\/li>\n<li>diagnostiquer toute maladie pulmonaire que vous pourriez avoir, comme une\u00a0<a class=\"addtooltip\" title=\"Maladie pulmonaire g\u00e9n\u00e9ralement provoqu\u00e9e par le tabagisme et dans laquelle les bronches sont partiellement obstru\u00e9es, rendant la respiration difficile.\"><strong>broncho-pneumopathie obstructive chronique (BPOC)<\/strong><\/a>\u00a0ou de l&rsquo;<a class=\"addtooltip\" title=\"Maladie respiratoire qui provoque le r\u00e9tr\u00e9cissement des bronches, rendant la respiration particuli\u00e8rement difficile.\"><strong>asthme<\/strong><\/a><\/li>\n<li>suivre l&rsquo;effet du traitement si vous \u00eates trait\u00e9 pour une maladie pulmonaire.<\/li>\n<\/ul>\n<p><a href=\"https:\/\/www.heartfailurematters.org\/fr\/comprendre-linsuffisance-cardiaque\/examens-frequemment-utilises-pour-deceler-une-insuffisance-cardiaque\/\">Retourner \u00e0 la rubrique \u00ab\u00a0Examens fr\u00e9quemment utilis\u00e9s pour d\u00e9celer une insuffisance cardiaque\u00a0\u00bb<\/a><\/p>\n","protected":false},"excerpt":{"rendered":"<p>\u00c9tant donn\u00e9 que certaines affections pulmonaires peuvent comporter des sympt\u00f4mes similaires \u00e0 ceux de l&rsquo;insuffisance cardiaque et parce qu&rsquo;une maladie pulmonaire peut co\u00efncider avec une insuffisance cardiaque, votre m\u00e9decin peut vous demander de r\u00e9aliser une exploration de la fonction pulmonaire. Les explorations fonctionnelles pulmonaires \u00e9valuent le fonctionnement de vos poumons. L\u2019examen principal est connu sur [&hellip;]<\/p>\n","protected":false},"author":1,"featured_media":10656,"parent":307,"menu_order":0,"comment_status":"open","ping_status":"open","template":"","meta":{"_acf_changed":false,"footnotes":""},"categories":[],"tags":[],"class_list":["post-443","page","type-page","status-publish","has-post-thumbnail","hentry"],"acf":[],"yoast_head":"<!-- This site is optimized with the Yoast SEO plugin v24.8.1 - https:\/\/yoast.com\/wordpress\/plugins\/seo\/ -->\n<title>Examens fonctionnels pulmonaires pour d\u00e9celer l&#039;insuffisance cardiaque<\/title>\n<meta name=\"description\" content=\"\u00c9tant donn\u00e9 que certaines affections pulmonaires peuvent avoir des sympt\u00f4mes similaires \u00e0 l&#039;insuffisance cardiaque et peuvent co\u00efncider avec l&#039;insuffisance cardiaque, votre m\u00e9decin peut vous demander de passer des tests de la fonction pulmonaire.\" \/>\n<meta name=\"robots\" content=\"index, follow, max-snippet:-1, max-image-preview:large, max-video-preview:-1\" \/>\n<link rel=\"canonical\" href=\"https:\/\/www.heartfailurematters.org\/fr\/comprendre-linsuffisance-cardiaque\/explorations-fonctionnelles-pulmonaires\/\" \/>\n<meta property=\"og:locale\" content=\"fr_FR\" \/>\n<meta property=\"og:type\" content=\"article\" \/>\n<meta property=\"og:title\" content=\"Examens fonctionnels pulmonaires pour d\u00e9celer l&#039;insuffisance cardiaque\" \/>\n<meta property=\"og:description\" content=\"\u00c9tant donn\u00e9 que certaines affections pulmonaires peuvent avoir des sympt\u00f4mes similaires \u00e0 l&#039;insuffisance cardiaque et peuvent co\u00efncider avec l&#039;insuffisance cardiaque, votre m\u00e9decin peut vous demander de passer des tests de la fonction pulmonaire.\" \/>\n<meta property=\"og:url\" content=\"https:\/\/www.heartfailurematters.org\/fr\/comprendre-linsuffisance-cardiaque\/explorations-fonctionnelles-pulmonaires\/\" \/>\n<meta property=\"og:site_name\" content=\"Heart Failure Matters\" \/>\n<meta property=\"article:publisher\" content=\"https:\/\/www.facebook.com\/heartfailurematters\" \/>\n<meta property=\"article:modified_time\" content=\"2021-08-16T16:13:42+00:00\" \/>\n<meta property=\"og:image\" content=\"https:\/\/www.heartfailurematters.org\/wp-content\/uploads\/2022\/02\/shutterstock_1497378077-1-min.jpg\" \/>\n\t<meta property=\"og:image:width\" content=\"900\" \/>\n\t<meta property=\"og:image:height\" content=\"600\" \/>\n\t<meta property=\"og:image:type\" content=\"image\/jpeg\" \/>\n<meta name=\"twitter:card\" content=\"summary_large_image\" \/>\n<meta name=\"twitter:label1\" content=\"Dur\u00e9e de lecture estim\u00e9e\" \/>\n\t<meta name=\"twitter:data1\" content=\"1 minute\" \/>\n<script type=\"application\/ld+json\" class=\"yoast-schema-graph\">{\"@context\":\"https:\/\/schema.org\",\"@graph\":[{\"@type\":\"WebPage\",\"@id\":\"https:\/\/www.heartfailurematters.org\/fr\/comprendre-linsuffisance-cardiaque\/explorations-fonctionnelles-pulmonaires\/\",\"url\":\"https:\/\/www.heartfailurematters.org\/fr\/comprendre-linsuffisance-cardiaque\/explorations-fonctionnelles-pulmonaires\/\",\"name\":\"Examens fonctionnels pulmonaires pour d\u00e9celer l'insuffisance cardiaque\",\"isPartOf\":{\"@id\":\"https:\/\/www.heartfailurematters.org\/fr\/#website\"},\"primaryImageOfPage\":{\"@id\":\"https:\/\/www.heartfailurematters.org\/fr\/comprendre-linsuffisance-cardiaque\/explorations-fonctionnelles-pulmonaires\/#primaryimage\"},\"image\":{\"@id\":\"https:\/\/www.heartfailurematters.org\/fr\/comprendre-linsuffisance-cardiaque\/explorations-fonctionnelles-pulmonaires\/#primaryimage\"},\"thumbnailUrl\":\"https:\/\/www.heartfailurematters.org\/wp-content\/uploads\/2022\/02\/shutterstock_1497378077-1-min.jpg\",\"datePublished\":\"2021-01-27T21:36:04+00:00\",\"dateModified\":\"2021-08-16T16:13:42+00:00\",\"description\":\"\u00c9tant donn\u00e9 que certaines affections pulmonaires peuvent avoir des sympt\u00f4mes similaires \u00e0 l'insuffisance cardiaque et peuvent co\u00efncider avec l'insuffisance cardiaque, votre m\u00e9decin peut vous demander de passer des tests de la fonction pulmonaire.\",\"breadcrumb\":{\"@id\":\"https:\/\/www.heartfailurematters.org\/fr\/comprendre-linsuffisance-cardiaque\/explorations-fonctionnelles-pulmonaires\/#breadcrumb\"},\"inLanguage\":\"fr-FR\",\"potentialAction\":[{\"@type\":\"ReadAction\",\"target\":[\"https:\/\/www.heartfailurematters.org\/fr\/comprendre-linsuffisance-cardiaque\/explorations-fonctionnelles-pulmonaires\/\"]}]},{\"@type\":\"ImageObject\",\"inLanguage\":\"fr-FR\",\"@id\":\"https:\/\/www.heartfailurematters.org\/fr\/comprendre-linsuffisance-cardiaque\/explorations-fonctionnelles-pulmonaires\/#primaryimage\",\"url\":\"https:\/\/www.heartfailurematters.org\/wp-content\/uploads\/2022\/02\/shutterstock_1497378077-1-min.jpg\",\"contentUrl\":\"https:\/\/www.heartfailurematters.org\/wp-content\/uploads\/2022\/02\/shutterstock_1497378077-1-min.jpg\",\"width\":900,\"height\":600},{\"@type\":\"BreadcrumbList\",\"@id\":\"https:\/\/www.heartfailurematters.org\/fr\/comprendre-linsuffisance-cardiaque\/explorations-fonctionnelles-pulmonaires\/#breadcrumb\",\"itemListElement\":[{\"@type\":\"ListItem\",\"position\":1,\"name\":\"Accueil\",\"item\":\"https:\/\/www.heartfailurematters.org\/fr\/\"},{\"@type\":\"ListItem\",\"position\":2,\"name\":\"Comprendre l&#8217;insuffisance cardiaque\",\"item\":\"https:\/\/www.heartfailurematters.org\/fr\/comprendre-linsuffisance-cardiaque\/\"},{\"@type\":\"ListItem\",\"position\":3,\"name\":\"Explorations fonctionnelles pulmonaires\"}]},{\"@type\":\"WebSite\",\"@id\":\"https:\/\/www.heartfailurematters.org\/fr\/#website\",\"url\":\"https:\/\/www.heartfailurematters.org\/fr\/\",\"name\":\"Heart Failure Matters\",\"description\":\"Practical information for patients, families and caregivers.\",\"publisher\":{\"@id\":\"https:\/\/www.heartfailurematters.org\/fr\/#organization\"},\"potentialAction\":[{\"@type\":\"SearchAction\",\"target\":{\"@type\":\"EntryPoint\",\"urlTemplate\":\"https:\/\/www.heartfailurematters.org\/fr\/?s={search_term_string}\"},\"query-input\":{\"@type\":\"PropertyValueSpecification\",\"valueRequired\":true,\"valueName\":\"search_term_string\"}}],\"inLanguage\":\"fr-FR\"},{\"@type\":\"Organization\",\"@id\":\"https:\/\/www.heartfailurematters.org\/fr\/#organization\",\"name\":\"Heart Failure Matters\",\"url\":\"https:\/\/www.heartfailurematters.org\/fr\/\",\"logo\":{\"@type\":\"ImageObject\",\"inLanguage\":\"fr-FR\",\"@id\":\"https:\/\/www.heartfailurematters.org\/fr\/#\/schema\/logo\/image\/\",\"url\":\"https:\/\/cdn-endpoint-hfm.azureedge.net\/heartfailurematters\/2024\/07\/hfm-logo1.jpg\",\"contentUrl\":\"https:\/\/cdn-endpoint-hfm.azureedge.net\/heartfailurematters\/2024\/07\/hfm-logo1.jpg\",\"width\":1280,\"height\":720,\"caption\":\"Heart Failure Matters\"},\"image\":{\"@id\":\"https:\/\/www.heartfailurematters.org\/fr\/#\/schema\/logo\/image\/\"},\"sameAs\":[\"https:\/\/www.facebook.com\/heartfailurematters\"]}]}<\/script>\n<!-- \/ Yoast SEO plugin. -->","yoast_head_json":{"title":"Examens fonctionnels pulmonaires pour d\u00e9celer l'insuffisance cardiaque","description":"\u00c9tant donn\u00e9 que certaines affections pulmonaires peuvent avoir des sympt\u00f4mes similaires \u00e0 l'insuffisance cardiaque et peuvent co\u00efncider avec l'insuffisance cardiaque, votre m\u00e9decin peut vous demander de passer des tests de la fonction pulmonaire.","robots":{"index":"index","follow":"follow","max-snippet":"max-snippet:-1","max-image-preview":"max-image-preview:large","max-video-preview":"max-video-preview:-1"},"canonical":"https:\/\/www.heartfailurematters.org\/fr\/comprendre-linsuffisance-cardiaque\/explorations-fonctionnelles-pulmonaires\/","og_locale":"fr_FR","og_type":"article","og_title":"Examens fonctionnels pulmonaires pour d\u00e9celer l'insuffisance cardiaque","og_description":"\u00c9tant donn\u00e9 que certaines affections pulmonaires peuvent avoir des sympt\u00f4mes similaires \u00e0 l'insuffisance cardiaque et peuvent co\u00efncider avec l'insuffisance cardiaque, votre m\u00e9decin peut vous demander de passer des tests de la fonction pulmonaire.","og_url":"https:\/\/www.heartfailurematters.org\/fr\/comprendre-linsuffisance-cardiaque\/explorations-fonctionnelles-pulmonaires\/","og_site_name":"Heart Failure Matters","article_publisher":"https:\/\/www.facebook.com\/heartfailurematters","article_modified_time":"2021-08-16T16:13:42+00:00","og_image":[{"width":900,"height":600,"url":"https:\/\/www.heartfailurematters.org\/wp-content\/uploads\/2022\/02\/shutterstock_1497378077-1-min.jpg","type":"image\/jpeg"}],"twitter_card":"summary_large_image","twitter_misc":{"Dur\u00e9e de lecture estim\u00e9e":"1 minute"},"schema":{"@context":"https:\/\/schema.org","@graph":[{"@type":"WebPage","@id":"https:\/\/www.heartfailurematters.org\/fr\/comprendre-linsuffisance-cardiaque\/explorations-fonctionnelles-pulmonaires\/","url":"https:\/\/www.heartfailurematters.org\/fr\/comprendre-linsuffisance-cardiaque\/explorations-fonctionnelles-pulmonaires\/","name":"Examens fonctionnels pulmonaires pour d\u00e9celer l'insuffisance cardiaque","isPartOf":{"@id":"https:\/\/www.heartfailurematters.org\/fr\/#website"},"primaryImageOfPage":{"@id":"https:\/\/www.heartfailurematters.org\/fr\/comprendre-linsuffisance-cardiaque\/explorations-fonctionnelles-pulmonaires\/#primaryimage"},"image":{"@id":"https:\/\/www.heartfailurematters.org\/fr\/comprendre-linsuffisance-cardiaque\/explorations-fonctionnelles-pulmonaires\/#primaryimage"},"thumbnailUrl":"https:\/\/www.heartfailurematters.org\/wp-content\/uploads\/2022\/02\/shutterstock_1497378077-1-min.jpg","datePublished":"2021-01-27T21:36:04+00:00","dateModified":"2021-08-16T16:13:42+00:00","description":"\u00c9tant donn\u00e9 que certaines affections pulmonaires peuvent avoir des sympt\u00f4mes similaires \u00e0 l'insuffisance cardiaque et peuvent co\u00efncider avec l'insuffisance cardiaque, votre m\u00e9decin peut vous demander de passer des tests de la fonction pulmonaire.","breadcrumb":{"@id":"https:\/\/www.heartfailurematters.org\/fr\/comprendre-linsuffisance-cardiaque\/explorations-fonctionnelles-pulmonaires\/#breadcrumb"},"inLanguage":"fr-FR","potentialAction":[{"@type":"ReadAction","target":["https:\/\/www.heartfailurematters.org\/fr\/comprendre-linsuffisance-cardiaque\/explorations-fonctionnelles-pulmonaires\/"]}]},{"@type":"ImageObject","inLanguage":"fr-FR","@id":"https:\/\/www.heartfailurematters.org\/fr\/comprendre-linsuffisance-cardiaque\/explorations-fonctionnelles-pulmonaires\/#primaryimage","url":"https:\/\/www.heartfailurematters.org\/wp-content\/uploads\/2022\/02\/shutterstock_1497378077-1-min.jpg","contentUrl":"https:\/\/www.heartfailurematters.org\/wp-content\/uploads\/2022\/02\/shutterstock_1497378077-1-min.jpg","width":900,"height":600},{"@type":"BreadcrumbList","@id":"https:\/\/www.heartfailurematters.org\/fr\/comprendre-linsuffisance-cardiaque\/explorations-fonctionnelles-pulmonaires\/#breadcrumb","itemListElement":[{"@type":"ListItem","position":1,"name":"Accueil","item":"https:\/\/www.heartfailurematters.org\/fr\/"},{"@type":"ListItem","position":2,"name":"Comprendre l&#8217;insuffisance cardiaque","item":"https:\/\/www.heartfailurematters.org\/fr\/comprendre-linsuffisance-cardiaque\/"},{"@type":"ListItem","position":3,"name":"Explorations fonctionnelles pulmonaires"}]},{"@type":"WebSite","@id":"https:\/\/www.heartfailurematters.org\/fr\/#website","url":"https:\/\/www.heartfailurematters.org\/fr\/","name":"Heart Failure Matters","description":"Practical information for patients, families and caregivers.","publisher":{"@id":"https:\/\/www.heartfailurematters.org\/fr\/#organization"},"potentialAction":[{"@type":"SearchAction","target":{"@type":"EntryPoint","urlTemplate":"https:\/\/www.heartfailurematters.org\/fr\/?s={search_term_string}"},"query-input":{"@type":"PropertyValueSpecification","valueRequired":true,"valueName":"search_term_string"}}],"inLanguage":"fr-FR"},{"@type":"Organization","@id":"https:\/\/www.heartfailurematters.org\/fr\/#organization","name":"Heart Failure Matters","url":"https:\/\/www.heartfailurematters.org\/fr\/","logo":{"@type":"ImageObject","inLanguage":"fr-FR","@id":"https:\/\/www.heartfailurematters.org\/fr\/#\/schema\/logo\/image\/","url":"https:\/\/cdn-endpoint-hfm.azureedge.net\/heartfailurematters\/2024\/07\/hfm-logo1.jpg","contentUrl":"https:\/\/cdn-endpoint-hfm.azureedge.net\/heartfailurematters\/2024\/07\/hfm-logo1.jpg","width":1280,"height":720,"caption":"Heart Failure Matters"},"image":{"@id":"https:\/\/www.heartfailurematters.org\/fr\/#\/schema\/logo\/image\/"},"sameAs":["https:\/\/www.facebook.com\/heartfailurematters"]}]}},"_links":{"self":[{"href":"https:\/\/www.heartfailurematters.org\/fr\/wp-json\/wp\/v2\/pages\/443","targetHints":{"allow":["GET"]}}],"collection":[{"href":"https:\/\/www.heartfailurematters.org\/fr\/wp-json\/wp\/v2\/pages"}],"about":[{"href":"https:\/\/www.heartfailurematters.org\/fr\/wp-json\/wp\/v2\/types\/page"}],"author":[{"embeddable":true,"href":"https:\/\/www.heartfailurematters.org\/fr\/wp-json\/wp\/v2\/users\/1"}],"replies":[{"embeddable":true,"href":"https:\/\/www.heartfailurematters.org\/fr\/wp-json\/wp\/v2\/comments?post=443"}],"version-history":[{"count":1,"href":"https:\/\/www.heartfailurematters.org\/fr\/wp-json\/wp\/v2\/pages\/443\/revisions"}],"predecessor-version":[{"id":9906,"href":"https:\/\/www.heartfailurematters.org\/fr\/wp-json\/wp\/v2\/pages\/443\/revisions\/9906"}],"up":[{"embeddable":true,"href":"https:\/\/www.heartfailurematters.org\/fr\/wp-json\/wp\/v2\/pages\/307"}],"wp:featuredmedia":[{"embeddable":true,"href":"https:\/\/www.heartfailurematters.org\/fr\/wp-json\/wp\/v2\/media\/10656"}],"wp:attachment":[{"href":"https:\/\/www.heartfailurematters.org\/fr\/wp-json\/wp\/v2\/media?parent=443"}],"wp:term":[{"taxonomy":"category","embeddable":true,"href":"https:\/\/www.heartfailurematters.org\/fr\/wp-json\/wp\/v2\/categories?post=443"},{"taxonomy":"post_tag","embeddable":true,"href":"https:\/\/www.heartfailurematters.org\/fr\/wp-json\/wp\/v2\/tags?post=443"}],"curies":[{"name":"wp","href":"https:\/\/api.w.org\/{rel}","templated":true}]}}