{"id":438,"date":"2021-01-27T21:36:04","date_gmt":"2021-01-27T21:36:04","guid":{"rendered":"http:\/\/heartfailurematters.local:8888\/pacemakers\/"},"modified":"2021-02-16T11:57:54","modified_gmt":"2021-02-16T11:57:54","slug":"pacemakers","status":"publish","type":"page","link":"https:\/\/www.heartfailurematters.org\/fr\/ce-que-votre-medecin-ou-votre-infirmier-ere-peut-faire\/pacemakers\/","title":{"rendered":"Pacemakers"},"content":{"rendered":"<h2>Leur action<\/h2>\n<p>Un <a class=\"addtooltip\" title=\"Petit appareil implant\u00e9 sous la clavicule, qui contr\u00f4le la fr\u00e9quence cardiaque et, au besoin, stimule la contraction du muscle cardiaque \u00e0 l\u2019aide d\u2019impulsions \u00e9lectriques.\"><strong>pacemaker<\/strong><\/a> surveille votre fr\u00e9quence cardiaque et envoie de petites impulsions \u00e9lectriques indolores au ventricule droit pour amorcer chaque battement cardiaque, uniquement lorsque cela est n\u00e9cessaire. Vous pouvez avoir besoin d\u2019un pacemaker si votre c\u0153ur bat trop lentement et que ceci ne peut pas \u00eatre contr\u00f4l\u00e9 par les m\u00e9dicaments.<\/p>\n<p>Les pacemakers actuels sont de petits appareils m\u00e9talliques de la taille d\u2019une petite montre de poche. Ils contiennent un ordinateur et une pile, ainsi qu\u2019une, deux ou trois \u00e9lectrodes souples (fils gain\u00e9s). Ils sont en principe invisibles et mise \u00e0 part une cicatrice au point d\u2019insertion, qui s\u2019att\u00e9nue avec le temps, ils se font rapidement oublier.<\/p>\n<h2>L\u2019insertion et la mise en place de l\u2019appareil<\/h2>\n<p>Un pacemaker est g\u00e9n\u00e9ralement implant\u00e9 sous anesth\u00e9sie locale, juste en dessous de la clavicule. Les \u00e9lectrodes (fils gain\u00e9s) qui en sortent sont plac\u00e9es dans votre c\u0153ur. L\u2019intervention dure g\u00e9n\u00e9ralement entre 30 et 60 minutes.<\/p>\n<p>L\u2019\u00e9lectrode est ins\u00e9r\u00e9e dans une veine de l\u2019\u00e9paule ou de la base du cou. Le cardiologue guide l\u2019\u00e9lectrode dans la cavit\u00e9 appropri\u00e9e du c\u0153ur, v\u00e9rifiant sa position sur un \u00e9cran radiographique et la fixe \u00e0 votre \u00e9paule \u00e0 l\u2019aide d\u2019un point de suture. L\u2019\u00e9lectrode est ensuite connect\u00e9e au pacemaker et ce dernier est plac\u00e9 dans une petite \u00ab\u00a0poche\u00a0\u00bb ou un espace situ\u00e9 entre la peau et le muscle du thorax. La quantit\u00e9 d\u2019\u00e9nergie n\u00e9cessaire pour stimuler la contraction du c\u0153ur est alors test\u00e9e et le pacemaker est r\u00e9gl\u00e9 en cons\u00e9quence.<\/p>\n<h2>Apr\u00e8s l\u2019intervention<\/h2>\n<p>Une fois le pacemaker pos\u00e9, il est possible que vous ressentiez une certaine douleur ou g\u00eane et un h\u00e9matome peut appara\u00eetre \u00e0 l\u2019endroit o\u00f9 a \u00e9t\u00e9 pos\u00e9 le pacemaker. Cependant, ces probl\u00e8mes disparaissent g\u00e9n\u00e9ralement en quelques jours. La plupart des personnes peuvent marcher librement le jour m\u00eame de l&rsquo;intervention et reprendre des activit\u00e9s normales au bout d\u2019une semaine.<\/p>\n<p>Le fonctionnement et la dur\u00e9e de vie de la pile de votre pacemaker doivent \u00eatre r\u00e9guli\u00e8rement v\u00e9rifi\u00e9s dans un centre sp\u00e9cialis\u00e9. Selon l\u2019appareil implant\u00e9, un suivi par t\u00e9l\u00e9surveillance peut vous \u00eatre propos\u00e9 pour contr\u00f4ler votre pacemaker, permettant ainsi de d\u00e9tecter rapidement toute perturbation du rythme cardiaque et tout dysfonctionnement technique. Vos soins n\u2019en seront qu\u2019am\u00e9lior\u00e9s et vous n\u2019aurez plus besoin de vous rendre aussi souvent au centre m\u00e9dical.<\/p>\n<p>Si la pile doit \u00eatre remplac\u00e9e, seul l\u2019appareil doit \u00eatre retir\u00e9 (pas les \u00e9lectrodes). La pile dure g\u00e9n\u00e9ralement entre six et dix ans avant de devoir \u00eatre chang\u00e9e.<\/p>\n<p>Il est important que vous informiez tout m\u00e9decin ou dentiste que vous \u00eates porteur d&rsquo;un pacemaker avant de subir une intervention. Bien que la plupart des interventions m\u00e9dicales et dentaires soient peu susceptibles d\u2019interf\u00e9rer avec le fonctionnement de votre appareil, certaines peuvent n\u00e9cessiter des mesures de pr\u00e9caution minimisant tout risque d&rsquo;interf\u00e9rence.<\/p>\n<p>Les pacemakers peuvent parfois \u00eatre d\u00e9tect\u00e9s par les portiques de s\u00e9curit\u00e9 des a\u00e9roports. Vous devez donc toujours informer le personnel de s\u00e9curit\u00e9 que vous \u00eates porteur d\u2019un pacemaker. Cependant, cela perturbe rarement le fonctionnement de l\u2019appareil.<\/p>\n<table border=\"1\" width=\"100%\" cellspacing=\"0\" cellpadding=\"0\">\n<tbody>\n<tr>\n<td width=\"100%\">Deux types de pacemakers sont utilis\u00e9s\u00a0:<\/td>\n<\/tr>\n<tr>\n<td width=\"100%\"><img decoding=\"async\" class=\"alignleft size-full wp-image-6657\" src=\"https:\/\/www.heartfailurematters.org\/wp-content\/uploads\/2021\/02\/Single-chamber-pacemaker-.jpg\" alt=\"\" width=\"211\" height=\"206\" \/><\/td>\n<\/tr>\n<tr>\n<td width=\"100%\">Pacemaker simple chambre<\/td>\n<\/tr>\n<tr>\n<td width=\"100%\"><\/td>\n<\/tr>\n<tr>\n<td width=\"100%\"><img decoding=\"async\" class=\"alignleft size-full wp-image-6667\" src=\"https:\/\/www.heartfailurematters.org\/wp-content\/uploads\/2021\/02\/Dual-chamber-pacemaker-.jpg\" alt=\"\" width=\"211\" height=\"206\" \/><\/td>\n<\/tr>\n<tr>\n<td width=\"100%\">Pacemaker double chambre<\/td>\n<\/tr>\n<\/tbody>\n<\/table>\n<p><a title=\"Return to Devices\" href=\"https:\/\/www.heartfailurematters.org\/fr\/ce-que-votre-medecin-ou-votre-infirmier-ere-peut-faire\/dispositifs-implantables\/\">Retourner \u00e0 la rubrique \u00ab\u00a0Appareils\u00a0\u00bb<\/a><\/p>\n<p>&nbsp;<\/p>\n<h2><\/h2>\n","protected":false},"excerpt":{"rendered":"<p>Leur action Un pacemaker surveille votre fr\u00e9quence cardiaque et envoie de petites impulsions \u00e9lectriques indolores au ventricule droit pour amorcer chaque battement cardiaque, uniquement lorsque cela est n\u00e9cessaire. Vous pouvez avoir besoin d\u2019un pacemaker si votre c\u0153ur bat trop lentement et que ceci ne peut pas \u00eatre contr\u00f4l\u00e9 par les m\u00e9dicaments. Les pacemakers actuels sont [&hellip;]<\/p>\n","protected":false},"author":1,"featured_media":10890,"parent":2679,"menu_order":0,"comment_status":"open","ping_status":"open","template":"","meta":{"_acf_changed":false,"footnotes":""},"categories":[],"tags":[],"class_list":["post-438","page","type-page","status-publish","has-post-thumbnail","hentry"],"acf":[],"yoast_head":"<!-- This site is optimized with the Yoast SEO plugin v24.8.1 - https:\/\/yoast.com\/wordpress\/plugins\/seo\/ -->\n<title>Pacemakers - Heart Failure Matters<\/title>\n<meta name=\"description\" content=\"Que fait exactement un stimulateur cardiaque ? O\u00f9 est-il pos\u00e9 ? Comment est-il pos\u00e9 ? Et apr\u00e8s la proc\u00e9dure ? D\u00e9couvrez-le dans cette section\" \/>\n<meta name=\"robots\" content=\"index, follow, max-snippet:-1, max-image-preview:large, max-video-preview:-1\" \/>\n<link rel=\"canonical\" href=\"https:\/\/www.heartfailurematters.org\/fr\/ce-que-votre-medecin-ou-votre-infirmier-ere-peut-faire\/pacemakers\/\" \/>\n<meta property=\"og:locale\" content=\"fr_FR\" \/>\n<meta property=\"og:type\" content=\"article\" \/>\n<meta property=\"og:title\" content=\"Pacemakers - Heart Failure Matters\" \/>\n<meta property=\"og:description\" content=\"Que fait exactement un stimulateur cardiaque ? O\u00f9 est-il pos\u00e9 ? Comment est-il pos\u00e9 ? Et apr\u00e8s la proc\u00e9dure ? D\u00e9couvrez-le dans cette section\" \/>\n<meta property=\"og:url\" content=\"https:\/\/www.heartfailurematters.org\/fr\/ce-que-votre-medecin-ou-votre-infirmier-ere-peut-faire\/pacemakers\/\" \/>\n<meta property=\"og:site_name\" content=\"Heart Failure Matters\" \/>\n<meta property=\"article:publisher\" content=\"https:\/\/www.facebook.com\/heartfailurematters\" \/>\n<meta property=\"article:modified_time\" content=\"2021-02-16T11:57:54+00:00\" \/>\n<meta property=\"og:image\" content=\"https:\/\/www.heartfailurematters.org\/wp-content\/uploads\/2022\/03\/shutterstock_1330247153-1-min.jpg\" \/>\n\t<meta property=\"og:image:width\" content=\"900\" \/>\n\t<meta property=\"og:image:height\" content=\"600\" \/>\n\t<meta property=\"og:image:type\" content=\"image\/jpeg\" \/>\n<meta name=\"twitter:card\" content=\"summary_large_image\" \/>\n<meta name=\"twitter:label1\" content=\"Dur\u00e9e de lecture estim\u00e9e\" \/>\n\t<meta name=\"twitter:data1\" content=\"3 minutes\" \/>\n<script type=\"application\/ld+json\" class=\"yoast-schema-graph\">{\"@context\":\"https:\/\/schema.org\",\"@graph\":[{\"@type\":\"WebPage\",\"@id\":\"https:\/\/www.heartfailurematters.org\/fr\/ce-que-votre-medecin-ou-votre-infirmier-ere-peut-faire\/pacemakers\/\",\"url\":\"https:\/\/www.heartfailurematters.org\/fr\/ce-que-votre-medecin-ou-votre-infirmier-ere-peut-faire\/pacemakers\/\",\"name\":\"Pacemakers - Heart Failure Matters\",\"isPartOf\":{\"@id\":\"https:\/\/www.heartfailurematters.org\/fr\/#website\"},\"primaryImageOfPage\":{\"@id\":\"https:\/\/www.heartfailurematters.org\/fr\/ce-que-votre-medecin-ou-votre-infirmier-ere-peut-faire\/pacemakers\/#primaryimage\"},\"image\":{\"@id\":\"https:\/\/www.heartfailurematters.org\/fr\/ce-que-votre-medecin-ou-votre-infirmier-ere-peut-faire\/pacemakers\/#primaryimage\"},\"thumbnailUrl\":\"https:\/\/www.heartfailurematters.org\/wp-content\/uploads\/2022\/03\/shutterstock_1330247153-1-min.jpg\",\"datePublished\":\"2021-01-27T21:36:04+00:00\",\"dateModified\":\"2021-02-16T11:57:54+00:00\",\"description\":\"Que fait exactement un stimulateur cardiaque ? O\u00f9 est-il pos\u00e9 ? Comment est-il pos\u00e9 ? Et apr\u00e8s la proc\u00e9dure ? D\u00e9couvrez-le dans cette section\",\"breadcrumb\":{\"@id\":\"https:\/\/www.heartfailurematters.org\/fr\/ce-que-votre-medecin-ou-votre-infirmier-ere-peut-faire\/pacemakers\/#breadcrumb\"},\"inLanguage\":\"fr-FR\",\"potentialAction\":[{\"@type\":\"ReadAction\",\"target\":[\"https:\/\/www.heartfailurematters.org\/fr\/ce-que-votre-medecin-ou-votre-infirmier-ere-peut-faire\/pacemakers\/\"]}]},{\"@type\":\"ImageObject\",\"inLanguage\":\"fr-FR\",\"@id\":\"https:\/\/www.heartfailurematters.org\/fr\/ce-que-votre-medecin-ou-votre-infirmier-ere-peut-faire\/pacemakers\/#primaryimage\",\"url\":\"https:\/\/www.heartfailurematters.org\/wp-content\/uploads\/2022\/03\/shutterstock_1330247153-1-min.jpg\",\"contentUrl\":\"https:\/\/www.heartfailurematters.org\/wp-content\/uploads\/2022\/03\/shutterstock_1330247153-1-min.jpg\",\"width\":900,\"height\":600},{\"@type\":\"BreadcrumbList\",\"@id\":\"https:\/\/www.heartfailurematters.org\/fr\/ce-que-votre-medecin-ou-votre-infirmier-ere-peut-faire\/pacemakers\/#breadcrumb\",\"itemListElement\":[{\"@type\":\"ListItem\",\"position\":1,\"name\":\"Accueil\",\"item\":\"https:\/\/www.heartfailurematters.org\/fr\/\"},{\"@type\":\"ListItem\",\"position\":2,\"name\":\"Ce que votre m\u00e9decin peut faire\",\"item\":\"https:\/\/www.heartfailurematters.org\/fr\/ce-que-votre-medecin-ou-votre-infirmier-ere-peut-faire\/\"},{\"@type\":\"ListItem\",\"position\":3,\"name\":\"Pacemakers\"}]},{\"@type\":\"WebSite\",\"@id\":\"https:\/\/www.heartfailurematters.org\/fr\/#website\",\"url\":\"https:\/\/www.heartfailurematters.org\/fr\/\",\"name\":\"Heart Failure Matters\",\"description\":\"Practical information for patients, families and caregivers.\",\"publisher\":{\"@id\":\"https:\/\/www.heartfailurematters.org\/fr\/#organization\"},\"potentialAction\":[{\"@type\":\"SearchAction\",\"target\":{\"@type\":\"EntryPoint\",\"urlTemplate\":\"https:\/\/www.heartfailurematters.org\/fr\/?s={search_term_string}\"},\"query-input\":{\"@type\":\"PropertyValueSpecification\",\"valueRequired\":true,\"valueName\":\"search_term_string\"}}],\"inLanguage\":\"fr-FR\"},{\"@type\":\"Organization\",\"@id\":\"https:\/\/www.heartfailurematters.org\/fr\/#organization\",\"name\":\"Heart Failure Matters\",\"url\":\"https:\/\/www.heartfailurematters.org\/fr\/\",\"logo\":{\"@type\":\"ImageObject\",\"inLanguage\":\"fr-FR\",\"@id\":\"https:\/\/www.heartfailurematters.org\/fr\/#\/schema\/logo\/image\/\",\"url\":\"https:\/\/cdn-endpoint-hfm.azureedge.net\/heartfailurematters\/2024\/07\/hfm-logo1.jpg\",\"contentUrl\":\"https:\/\/cdn-endpoint-hfm.azureedge.net\/heartfailurematters\/2024\/07\/hfm-logo1.jpg\",\"width\":1280,\"height\":720,\"caption\":\"Heart Failure Matters\"},\"image\":{\"@id\":\"https:\/\/www.heartfailurematters.org\/fr\/#\/schema\/logo\/image\/\"},\"sameAs\":[\"https:\/\/www.facebook.com\/heartfailurematters\"]}]}<\/script>\n<!-- \/ Yoast SEO plugin. -->","yoast_head_json":{"title":"Pacemakers - Heart Failure Matters","description":"Que fait exactement un stimulateur cardiaque ? O\u00f9 est-il pos\u00e9 ? Comment est-il pos\u00e9 ? Et apr\u00e8s la proc\u00e9dure ? D\u00e9couvrez-le dans cette section","robots":{"index":"index","follow":"follow","max-snippet":"max-snippet:-1","max-image-preview":"max-image-preview:large","max-video-preview":"max-video-preview:-1"},"canonical":"https:\/\/www.heartfailurematters.org\/fr\/ce-que-votre-medecin-ou-votre-infirmier-ere-peut-faire\/pacemakers\/","og_locale":"fr_FR","og_type":"article","og_title":"Pacemakers - Heart Failure Matters","og_description":"Que fait exactement un stimulateur cardiaque ? O\u00f9 est-il pos\u00e9 ? Comment est-il pos\u00e9 ? Et apr\u00e8s la proc\u00e9dure ? D\u00e9couvrez-le dans cette section","og_url":"https:\/\/www.heartfailurematters.org\/fr\/ce-que-votre-medecin-ou-votre-infirmier-ere-peut-faire\/pacemakers\/","og_site_name":"Heart Failure Matters","article_publisher":"https:\/\/www.facebook.com\/heartfailurematters","article_modified_time":"2021-02-16T11:57:54+00:00","og_image":[{"width":900,"height":600,"url":"https:\/\/www.heartfailurematters.org\/wp-content\/uploads\/2022\/03\/shutterstock_1330247153-1-min.jpg","type":"image\/jpeg"}],"twitter_card":"summary_large_image","twitter_misc":{"Dur\u00e9e de lecture estim\u00e9e":"3 minutes"},"schema":{"@context":"https:\/\/schema.org","@graph":[{"@type":"WebPage","@id":"https:\/\/www.heartfailurematters.org\/fr\/ce-que-votre-medecin-ou-votre-infirmier-ere-peut-faire\/pacemakers\/","url":"https:\/\/www.heartfailurematters.org\/fr\/ce-que-votre-medecin-ou-votre-infirmier-ere-peut-faire\/pacemakers\/","name":"Pacemakers - Heart Failure Matters","isPartOf":{"@id":"https:\/\/www.heartfailurematters.org\/fr\/#website"},"primaryImageOfPage":{"@id":"https:\/\/www.heartfailurematters.org\/fr\/ce-que-votre-medecin-ou-votre-infirmier-ere-peut-faire\/pacemakers\/#primaryimage"},"image":{"@id":"https:\/\/www.heartfailurematters.org\/fr\/ce-que-votre-medecin-ou-votre-infirmier-ere-peut-faire\/pacemakers\/#primaryimage"},"thumbnailUrl":"https:\/\/www.heartfailurematters.org\/wp-content\/uploads\/2022\/03\/shutterstock_1330247153-1-min.jpg","datePublished":"2021-01-27T21:36:04+00:00","dateModified":"2021-02-16T11:57:54+00:00","description":"Que fait exactement un stimulateur cardiaque ? O\u00f9 est-il pos\u00e9 ? Comment est-il pos\u00e9 ? Et apr\u00e8s la proc\u00e9dure ? D\u00e9couvrez-le dans cette section","breadcrumb":{"@id":"https:\/\/www.heartfailurematters.org\/fr\/ce-que-votre-medecin-ou-votre-infirmier-ere-peut-faire\/pacemakers\/#breadcrumb"},"inLanguage":"fr-FR","potentialAction":[{"@type":"ReadAction","target":["https:\/\/www.heartfailurematters.org\/fr\/ce-que-votre-medecin-ou-votre-infirmier-ere-peut-faire\/pacemakers\/"]}]},{"@type":"ImageObject","inLanguage":"fr-FR","@id":"https:\/\/www.heartfailurematters.org\/fr\/ce-que-votre-medecin-ou-votre-infirmier-ere-peut-faire\/pacemakers\/#primaryimage","url":"https:\/\/www.heartfailurematters.org\/wp-content\/uploads\/2022\/03\/shutterstock_1330247153-1-min.jpg","contentUrl":"https:\/\/www.heartfailurematters.org\/wp-content\/uploads\/2022\/03\/shutterstock_1330247153-1-min.jpg","width":900,"height":600},{"@type":"BreadcrumbList","@id":"https:\/\/www.heartfailurematters.org\/fr\/ce-que-votre-medecin-ou-votre-infirmier-ere-peut-faire\/pacemakers\/#breadcrumb","itemListElement":[{"@type":"ListItem","position":1,"name":"Accueil","item":"https:\/\/www.heartfailurematters.org\/fr\/"},{"@type":"ListItem","position":2,"name":"Ce que votre m\u00e9decin peut faire","item":"https:\/\/www.heartfailurematters.org\/fr\/ce-que-votre-medecin-ou-votre-infirmier-ere-peut-faire\/"},{"@type":"ListItem","position":3,"name":"Pacemakers"}]},{"@type":"WebSite","@id":"https:\/\/www.heartfailurematters.org\/fr\/#website","url":"https:\/\/www.heartfailurematters.org\/fr\/","name":"Heart Failure Matters","description":"Practical information for patients, families and caregivers.","publisher":{"@id":"https:\/\/www.heartfailurematters.org\/fr\/#organization"},"potentialAction":[{"@type":"SearchAction","target":{"@type":"EntryPoint","urlTemplate":"https:\/\/www.heartfailurematters.org\/fr\/?s={search_term_string}"},"query-input":{"@type":"PropertyValueSpecification","valueRequired":true,"valueName":"search_term_string"}}],"inLanguage":"fr-FR"},{"@type":"Organization","@id":"https:\/\/www.heartfailurematters.org\/fr\/#organization","name":"Heart Failure Matters","url":"https:\/\/www.heartfailurematters.org\/fr\/","logo":{"@type":"ImageObject","inLanguage":"fr-FR","@id":"https:\/\/www.heartfailurematters.org\/fr\/#\/schema\/logo\/image\/","url":"https:\/\/cdn-endpoint-hfm.azureedge.net\/heartfailurematters\/2024\/07\/hfm-logo1.jpg","contentUrl":"https:\/\/cdn-endpoint-hfm.azureedge.net\/heartfailurematters\/2024\/07\/hfm-logo1.jpg","width":1280,"height":720,"caption":"Heart Failure Matters"},"image":{"@id":"https:\/\/www.heartfailurematters.org\/fr\/#\/schema\/logo\/image\/"},"sameAs":["https:\/\/www.facebook.com\/heartfailurematters"]}]}},"_links":{"self":[{"href":"https:\/\/www.heartfailurematters.org\/fr\/wp-json\/wp\/v2\/pages\/438","targetHints":{"allow":["GET"]}}],"collection":[{"href":"https:\/\/www.heartfailurematters.org\/fr\/wp-json\/wp\/v2\/pages"}],"about":[{"href":"https:\/\/www.heartfailurematters.org\/fr\/wp-json\/wp\/v2\/types\/page"}],"author":[{"embeddable":true,"href":"https:\/\/www.heartfailurematters.org\/fr\/wp-json\/wp\/v2\/users\/1"}],"replies":[{"embeddable":true,"href":"https:\/\/www.heartfailurematters.org\/fr\/wp-json\/wp\/v2\/comments?post=438"}],"version-history":[{"count":1,"href":"https:\/\/www.heartfailurematters.org\/fr\/wp-json\/wp\/v2\/pages\/438\/revisions"}],"predecessor-version":[{"id":6677,"href":"https:\/\/www.heartfailurematters.org\/fr\/wp-json\/wp\/v2\/pages\/438\/revisions\/6677"}],"up":[{"embeddable":true,"href":"https:\/\/www.heartfailurematters.org\/fr\/wp-json\/wp\/v2\/pages\/2679"}],"wp:featuredmedia":[{"embeddable":true,"href":"https:\/\/www.heartfailurematters.org\/fr\/wp-json\/wp\/v2\/media\/10890"}],"wp:attachment":[{"href":"https:\/\/www.heartfailurematters.org\/fr\/wp-json\/wp\/v2\/media?parent=438"}],"wp:term":[{"taxonomy":"category","embeddable":true,"href":"https:\/\/www.heartfailurematters.org\/fr\/wp-json\/wp\/v2\/categories?post=438"},{"taxonomy":"post_tag","embeddable":true,"href":"https:\/\/www.heartfailurematters.org\/fr\/wp-json\/wp\/v2\/tags?post=438"}],"curies":[{"name":"wp","href":"https:\/\/api.w.org\/{rel}","templated":true}]}}