{"id":430,"date":"2021-01-27T21:36:00","date_gmt":"2021-01-27T21:36:00","guid":{"rendered":"http:\/\/heartfailurematters.local:8888\/rythme-cardiaque-anormal\/"},"modified":"2021-06-25T14:12:49","modified_gmt":"2021-06-25T13:12:49","slug":"rythme-cardiaque-anormal","status":"publish","type":"page","link":"https:\/\/www.heartfailurematters.org\/fr\/causes-de-linsuffisance-cardiaque-et-autres-problemes-medicaux-courants\/rythme-cardiaque-anormal\/","title":{"rendered":"Arythmie\/fibrillation atriale"},"content":{"rendered":"<p>Un changement du rythme cardiaque peut entra\u00eener des battements trop rapides, trop lents ou irr\u00e9guliers. Cela peut avoir un impact sur la capacit\u00e9 de votre c\u0153ur \u00e0 pomper suffisamment de sang pour r\u00e9pondre aux besoins de votre corps. En cas de prolongation, cela peut entra\u00eener une insuffisance cardiaque.<\/p>\n<p>La plupart des arythmies peuvent \u00eatre trait\u00e9es avec des m\u00e9dicaments. Dans les cas plus graves, vous devrez peut-\u00eatre recourir \u00e0 un dispositif m\u00e9dical, \u00e0 une ablation par radiofr\u00e9quence ou \u00e0 une intervention chirurgicale. Si vous avez des questions ou des doutes \u00e0 propos de votre rythme cardiaque, parlez-en \u00e0 votre m\u00e9decin.<\/p>\n<h2>Qu&rsquo;est-ce que la fibrillation atriale&nbsp;?<\/h2>\n<p>La <strong>fibrillation atriale (FA)<\/strong> est l&rsquo;anomalie du rythme cardiaque ou l&rsquo;arythmie cardiaque la plus fr\u00e9quente. La FA coexiste souvent avec l&rsquo;insuffisance cardiaque. La FA se produit lorsque les cavit\u00e9s sup\u00e9rieures du c\u0153ur, \u00e9galement appel\u00e9es atria, pr\u00e9sentent une activation \u00e9lectrique non coordonn\u00e9e et, par cons\u00e9quent, une contraction atriale inefficace. Elle se caract\u00e9rise par une fr\u00e9quence cardiaque irr\u00e9guli\u00e8re, qui peut \u00eatre tr\u00e8s rapide, et est diagnostiqu\u00e9e sur un \u00e9lectrocardiogramme (ECG).<\/p>\n<p>Ces \u00e9pisodes d&rsquo;arythmie peuvent se produire et se terminer spontan\u00e9ment (FA paroxystique) ou \u00eatre continus (FA persistante ou permanente). Les facteurs contribuant au d\u00e9veloppement de la FA comprennent l&rsquo;\u00e2ge avanc\u00e9, l&rsquo;hypertension, le diab\u00e8te sucr\u00e9, le tabagisme, la consommation d&rsquo;alcool, l&rsquo;insuffisance cardiaque, les coronaropathies, les maladies r\u00e9nales chroniques, l&rsquo;ob\u00e9sit\u00e9 et l&rsquo;apn\u00e9e obstructive du sommeil.<\/p>\n<p><strong>Cons\u00e9quences&nbsp;: <\/strong> Certains patients ressentent clairement des sympt\u00f4mes de FA alors que d&rsquo;autres ne les ressentent pas. Les sympt\u00f4mes comprennent des palpitations, un souffle court, de la fatigue, des douleurs thoraciques, une mauvaise tol\u00e9rance \u00e0 l&rsquo;exercice, des \u00e9tourdissements ou des sympt\u00f4mes plus graves.<br \/>\nLes deux principaux risques de cette perturbation fr\u00e9quente du rythme sont&nbsp;: le d\u00e9veloppement ou la d\u00e9t\u00e9rioration de l&rsquo;insuffisance cardiaque et de l&rsquo;AVC.<br \/>\nEn FA, les chambres atriales ont perdu leur contraction. Cette perte de la s\u00e9quence normale de contraction atriale et ventriculaire peut aggraver la fonction de pompe et augmenter les sympt\u00f4mes de l&rsquo;insuffisance cardiaque. En outre, la stagnation du sang dans les atria peut conduire \u00e0 la formation de caillots. Le d\u00e9placement de ces petits caillots dans la circulation g\u00e9n\u00e9rale peut particuli\u00e8rement conduire \u00e0 un accident vasculaire c\u00e9r\u00e9bral.<\/p>\n<p><strong>Prise en charge de la fibrillation auriculaire&nbsp;: <\/strong> La prise en charge de la FA est ajust\u00e9e au patient par une \u00e9quipe de prise en charge, adapt\u00e9e \u00e0 chaque patient, comprenant un cardiologue, un m\u00e9decin g\u00e9n\u00e9raliste et un(e) infirmier(e). Un psychologue, un di\u00e9t\u00e9ticien et un pharmacien peuvent tous faire partie de l&rsquo;\u00e9quipe de prise en charge de la FA.<br \/>\nLe traitement de cette arythmie peut \u00eatre divis\u00e9 en 3 cat\u00e9gories&nbsp;:<\/p>\n<ul>\n<li style=\"list-style-type: none;\">\n<ul>\n<li><strong>Traitement anticoagulant<\/strong><br \/>\nLes \u00e9valuations des risques d&rsquo;AVC et d&rsquo;h\u00e9morragie sont sp\u00e9cifiques \u00e0 chaque patient. Selon ces aspects, un traitement anticoagulant (fluidification du sang) peut \u00eatre propos\u00e9.<\/li>\n<li><strong>Contr\u00f4le des sympt\u00f4mes avec contr\u00f4le de la fr\u00e9quence cardiaque ou du rythme cardiaque<\/strong><br \/>\nSelon chaque patient, de nombreuses strat\u00e9gies peuvent \u00eatre propos\u00e9es pour contr\u00f4ler le rythme cardiaque.<br \/>\nIl peut s&rsquo;agir par exemple de m\u00e9dicaments pour ralentir le c\u0153ur, de m\u00e9dicaments antiarythmiques, ou de traitements sous anesth\u00e9sie, par exemple le blocage de l&rsquo;arythmie par choc \u00e9lectrique du c\u0153ur ou par ablation (marquage de sa surface).<\/li>\n<li><strong>Gestion des facteurs de risque cardiovasculaires&nbsp;:<\/strong><br \/>\nDes modifications du mode de vie peuvent \u00eatre n\u00e9cessaires, par exemple arr\u00eater de fumer, r\u00e9duire la consommation d&rsquo;alcool, changer de r\u00e9gime alimentaire et augmenter les niveaux d&rsquo;activit\u00e9\/d&rsquo;exercice. La participation active de chaque patient est un \u00e9l\u00e9ment essentiel pour bien g\u00e9rer la FA.<\/li>\n<\/ul>\n<\/li>\n<\/ul>\n<p>&nbsp;<\/p>\n<p><strong>Quels sont ses effets ?<\/strong> Des \u00e9pisodes de rythme cardiaque rapide, supra-ventriculaires \u00e0 partir des cavit\u00e9s sup\u00e9rieures ou d&rsquo;arythmies ventriculaires \u00e0 partir des cavit\u00e9s de pompage principales, sont assez fr\u00e9quents et sont souvent associ\u00e9s \u00e0 une aggravation des sympt\u00f4mes qui peuvent n\u00e9cessiter une hospitalisation. Le traitement m\u00e9dical de l&rsquo;insuffisance cardiaque diminue la fr\u00e9quence de ces complications mais ne parvient souvent pas \u00e0 les \u00e9liminer. Lorsque le risque d&rsquo;arythmies ventriculaires est \u00e9lev\u00e9, un d\u00e9fibrillateur cardiaque implantable (DCI) peut \u00eatre pos\u00e9 pour traiter ces arythmies graves pouvant entra\u00eener une aggravation des sympt\u00f4mes ou une mort subite.<\/p>\n<p>Un cath\u00e9ter est un long tube mince ou un fil m\u00e9tallique qui peut \u00eatre ins\u00e9r\u00e9 dans une veine et d\u00e9plac\u00e9 jusqu&rsquo;au c\u0153ur. L&rsquo;ablation par cath\u00e9ter est actuellement la th\u00e9rapie la plus efficace pour r\u00e9duire les arythmies ou les troubles du rythme. En cas d&rsquo;insuffisance cardiaque, des changements dans les cellules du c\u0153ur peuvent modifier le sch\u00e9ma des signaux \u00e9lectriques qui produisent le battement de c\u0153ur (activation \u00e9lectrique). Ainsi, certaines parties du c\u0153ur peuvent s&rsquo;activer spontan\u00e9ment (contractions pr\u00e9matur\u00e9es) ou faire partie d&rsquo;une boucle \u00e9lectrique ou d&rsquo;un syst\u00e8me de r\u00e9entr\u00e9e pouvant conduire \u00e0 une fr\u00e9quence cardiaque rapide et persistante. L&rsquo;ablation par cath\u00e9ter vise \u00e0 cr\u00e9er des cicatrices superficielles dans le syst\u00e8me de conduction \u00e9lectrique du c\u0153ur pour \u00e9liminer la zone qui d\u00e9clenche l&rsquo;arythmie, \u00e0 l&rsquo;aide d&rsquo;un cath\u00e9ter radiofr\u00e9quence ou d&rsquo;un cryoballon pour appliquer du froid. L&rsquo;ablation par cath\u00e9ter est souvent efficace pour \u00e9liminer ou r\u00e9duire la fr\u00e9quence de la FA.<\/p>\n<p><strong>L&rsquo;ablation par cath\u00e9ter est utilis\u00e9e pour 2 raisons principales&nbsp;:<\/strong><\/p>\n<ol>\n<li>Pour diminuer les \u00e9pisodes de rythme cardiaque rapide induits par des arythmies supra-ventriculaires (flutter atrial, FA) ou ventriculaires.<\/li>\n<li>Pour diminuer le risque de mort subite d&rsquo;origine cardiaque (tachycardie ventriculaire, fibrillation ventriculaire).<br \/>\nL&rsquo;ablation par cath\u00e9ter est utilis\u00e9e depuis plusieurs d\u00e9cennies et s&rsquo;est r\u00e9v\u00e9l\u00e9e efficace pour r\u00e9duire les arythmies et am\u00e9liorer la fonction cardiaque dans des cas sp\u00e9cifiques.<\/li>\n<\/ol>\n<p><strong>L&rsquo;ablation par cath\u00e9ter comporte 3 phases&nbsp;:<\/strong><\/p>\n<ol>\n<li>Un cath\u00e9ter de diagnostic pour localiser les signaux \u00e9lectriques et tracer le sch\u00e9ma de conduction.<\/li>\n<li>Un cath\u00e9ter d&rsquo;ablation pour g\u00e9n\u00e9rer une cicatrice avec diff\u00e9rents types d&rsquo;\u00e9nergie (radiofr\u00e9quence, cryoth\u00e9rapie).<\/li>\n<li>Un syst\u00e8me pour localiser la position du cath\u00e9ter dans le c\u0153ur (fluoroscopie ou syst\u00e8me tridimensionnel).<\/li>\n<\/ol>\n<p><strong>Comment est-elle effectu\u00e9e&nbsp;?<\/strong> L&rsquo;introduction du cath\u00e9ter dans le c\u0153ur est effectu\u00e9e en pla\u00e7ant une minuscule aiguille dans la veine, g\u00e9n\u00e9ralement dans l&rsquo;aine avec anesth\u00e9sie locale. La premi\u00e8re partie de l&rsquo;intervention consiste \u00e0 \u00e9tudier et localiser l&rsquo;origine de l&rsquo;arythmie. L&rsquo;ablation par cath\u00e9ter, souvent effectu\u00e9e pendant la m\u00eame intervention, n\u00e9cessite g\u00e9n\u00e9ralement une l\u00e9g\u00e8re anesth\u00e9sie g\u00e9n\u00e9rale ou une s\u00e9dation. Plusieurs applications d&rsquo;\u00e9nergie sont effectu\u00e9es pour cr\u00e9er de petites cicatrices dans les zones appropri\u00e9es du syst\u00e8me de conduction \u00e9lectrique du c\u0153ur. Le succ\u00e8s de l&rsquo;intervention est r\u00e9guli\u00e8rement test\u00e9 pour d\u00e9montrer que la conduction \u00e9lectrique anormale ne peut pas \u00eatre d\u00e9clench\u00e9e, ce qui met fin \u00e0 l&rsquo;intervention.<\/p>\n<p><strong>Apr\u00e8s l&rsquo;intervention&nbsp;: <\/strong> Apr\u00e8s l&rsquo;intervention, vous resterez 24-48 heures dans un service de cardiologie pour surveiller si l&rsquo;arythmie r\u00e9appara\u00eet. En fonction de l&rsquo;arythmie et de l&rsquo;intervention, on peut vous demander de vous reposer un peu quelques jours apr\u00e8s votre retour \u00e0 la maison.<br \/>\nLes \u00e9v\u00e9nements ind\u00e9sirables potentiellement rares, mais possibles, peuvent inclure des saignements, une n\u00e9cessit\u00e9 de chirurgie cardiaque, une embolie (caillot sanguin), une arythmie ou une l\u00e9sion du syst\u00e8me de conduction \u00e9lectrique n\u00e9cessitant l&rsquo;utilisation d&rsquo;un stimulateur cardiaque.<br \/>\nDes r\u00e9cidives d&rsquo;arythmie peuvent survenir les premiers mois en raison de certains changements au cours du processus de gu\u00e9rison. L&rsquo;intervention d&rsquo;ablation par cath\u00e9ter peut \u00eatre effectu\u00e9e plusieurs fois pour traiter la r\u00e9cidive ou d&rsquo;autres arythmies qui peuvent se d\u00e9velopper.<\/p>\n<p><a title=\"Retour aux Probl\u00e8mes cardiaques courants\" href=\"https:\/\/www.heartfailurematters.org\/heart-failure-causes-and-other-common-medical-conditions\/common-heart-conditions\/\">Retour aux Probl\u00e8mes cardiaques courants<\/a><\/p>\n","protected":false},"excerpt":{"rendered":"<p>Un changement du rythme cardiaque peut entra\u00eener des battements trop rapides, trop lents ou irr\u00e9guliers. Cela peut avoir un impact sur la capacit\u00e9 de votre c\u0153ur \u00e0 pomper suffisamment de sang pour r\u00e9pondre aux besoins de votre corps. En cas de prolongation, cela peut entra\u00eener une insuffisance cardiaque. La plupart des arythmies peuvent \u00eatre trait\u00e9es [&hellip;]<\/p>\n","protected":false},"author":1,"featured_media":10563,"parent":8045,"menu_order":6,"comment_status":"open","ping_status":"open","template":"","meta":{"_acf_changed":false,"footnotes":""},"categories":[],"tags":[],"class_list":["post-430","page","type-page","status-publish","has-post-thumbnail","hentry"],"acf":[],"yoast_head":"<!-- This site is optimized with the Yoast SEO plugin v24.8.1 - https:\/\/yoast.com\/wordpress\/plugins\/seo\/ -->\n<title>Arythmie\/fibrillation atriale<\/title>\n<meta name=\"description\" content=\"Un changement du rythme cardiaque peut entra\u00eener des battements trop rapides, trop lents ou irr\u00e9guliers. Cela peut avoir un impact sur la capacit\u00e9 de votre c\u0153ur \u00e0 pomper le sang.\" \/>\n<meta name=\"robots\" content=\"index, follow, max-snippet:-1, max-image-preview:large, max-video-preview:-1\" \/>\n<link rel=\"canonical\" href=\"https:\/\/www.heartfailurematters.org\/fr\/causes-de-linsuffisance-cardiaque-et-autres-problemes-medicaux-courants\/rythme-cardiaque-anormal\/\" \/>\n<meta property=\"og:locale\" content=\"fr_FR\" \/>\n<meta property=\"og:type\" content=\"article\" \/>\n<meta property=\"og:title\" content=\"Arythmie\/fibrillation atriale\" \/>\n<meta property=\"og:description\" content=\"Un changement du rythme cardiaque peut entra\u00eener des battements trop rapides, trop lents ou irr\u00e9guliers. Cela peut avoir un impact sur la capacit\u00e9 de votre c\u0153ur \u00e0 pomper le sang.\" \/>\n<meta property=\"og:url\" content=\"https:\/\/www.heartfailurematters.org\/fr\/causes-de-linsuffisance-cardiaque-et-autres-problemes-medicaux-courants\/rythme-cardiaque-anormal\/\" \/>\n<meta property=\"og:site_name\" content=\"Heart Failure Matters\" \/>\n<meta property=\"article:publisher\" content=\"https:\/\/www.facebook.com\/heartfailurematters\" \/>\n<meta property=\"article:modified_time\" content=\"2021-06-25T13:12:49+00:00\" \/>\n<meta property=\"og:image\" content=\"https:\/\/www.heartfailurematters.org\/wp-content\/uploads\/2022\/02\/shutterstock_1401929189-1-min.jpg?_t=1773217661\" \/>\n\t<meta property=\"og:image:width\" content=\"900\" \/>\n\t<meta property=\"og:image:height\" content=\"600\" \/>\n\t<meta property=\"og:image:type\" content=\"image\/jpeg\" \/>\n<meta name=\"twitter:card\" content=\"summary_large_image\" \/>\n<meta name=\"twitter:label1\" content=\"Dur\u00e9e de lecture estim\u00e9e\" \/>\n\t<meta name=\"twitter:data1\" content=\"7 minutes\" \/>\n<script type=\"application\/ld+json\" class=\"yoast-schema-graph\">{\"@context\":\"https:\/\/schema.org\",\"@graph\":[{\"@type\":\"WebPage\",\"@id\":\"https:\/\/www.heartfailurematters.org\/fr\/causes-de-linsuffisance-cardiaque-et-autres-problemes-medicaux-courants\/rythme-cardiaque-anormal\/\",\"url\":\"https:\/\/www.heartfailurematters.org\/fr\/causes-de-linsuffisance-cardiaque-et-autres-problemes-medicaux-courants\/rythme-cardiaque-anormal\/\",\"name\":\"Arythmie\/fibrillation atriale\",\"isPartOf\":{\"@id\":\"https:\/\/www.heartfailurematters.org\/fr\/#website\"},\"primaryImageOfPage\":{\"@id\":\"https:\/\/www.heartfailurematters.org\/fr\/causes-de-linsuffisance-cardiaque-et-autres-problemes-medicaux-courants\/rythme-cardiaque-anormal\/#primaryimage\"},\"image\":{\"@id\":\"https:\/\/www.heartfailurematters.org\/fr\/causes-de-linsuffisance-cardiaque-et-autres-problemes-medicaux-courants\/rythme-cardiaque-anormal\/#primaryimage\"},\"thumbnailUrl\":\"https:\/\/www.heartfailurematters.org\/wp-content\/uploads\/2022\/02\/shutterstock_1401929189-1-min.jpg\",\"datePublished\":\"2021-01-27T21:36:00+00:00\",\"dateModified\":\"2021-06-25T13:12:49+00:00\",\"description\":\"Un changement du rythme cardiaque peut entra\u00eener des battements trop rapides, trop lents ou irr\u00e9guliers. Cela peut avoir un impact sur la capacit\u00e9 de votre c\u0153ur \u00e0 pomper le sang.\",\"breadcrumb\":{\"@id\":\"https:\/\/www.heartfailurematters.org\/fr\/causes-de-linsuffisance-cardiaque-et-autres-problemes-medicaux-courants\/rythme-cardiaque-anormal\/#breadcrumb\"},\"inLanguage\":\"fr-FR\",\"potentialAction\":[{\"@type\":\"ReadAction\",\"target\":[\"https:\/\/www.heartfailurematters.org\/fr\/causes-de-linsuffisance-cardiaque-et-autres-problemes-medicaux-courants\/rythme-cardiaque-anormal\/\"]}]},{\"@type\":\"ImageObject\",\"inLanguage\":\"fr-FR\",\"@id\":\"https:\/\/www.heartfailurematters.org\/fr\/causes-de-linsuffisance-cardiaque-et-autres-problemes-medicaux-courants\/rythme-cardiaque-anormal\/#primaryimage\",\"url\":\"https:\/\/www.heartfailurematters.org\/wp-content\/uploads\/2022\/02\/shutterstock_1401929189-1-min.jpg\",\"contentUrl\":\"https:\/\/www.heartfailurematters.org\/wp-content\/uploads\/2022\/02\/shutterstock_1401929189-1-min.jpg\",\"width\":900,\"height\":600},{\"@type\":\"BreadcrumbList\",\"@id\":\"https:\/\/www.heartfailurematters.org\/fr\/causes-de-linsuffisance-cardiaque-et-autres-problemes-medicaux-courants\/rythme-cardiaque-anormal\/#breadcrumb\",\"itemListElement\":[{\"@type\":\"ListItem\",\"position\":1,\"name\":\"Accueil\",\"item\":\"https:\/\/www.heartfailurematters.org\/fr\/\"},{\"@type\":\"ListItem\",\"position\":2,\"name\":\"Causes de l&#8217;insuffisance cardiaque et autres probl\u00e8mes m\u00e9dicaux associ\u00e9s\",\"item\":\"https:\/\/www.heartfailurematters.org\/fr\/causes-de-linsuffisance-cardiaque-et-autres-problemes-medicaux-courants\/\"},{\"@type\":\"ListItem\",\"position\":3,\"name\":\"Arythmie\/fibrillation atriale\"}]},{\"@type\":\"WebSite\",\"@id\":\"https:\/\/www.heartfailurematters.org\/fr\/#website\",\"url\":\"https:\/\/www.heartfailurematters.org\/fr\/\",\"name\":\"Heart Failure Matters\",\"description\":\"Practical information for patients, families and caregivers.\",\"publisher\":{\"@id\":\"https:\/\/www.heartfailurematters.org\/fr\/#organization\"},\"potentialAction\":[{\"@type\":\"SearchAction\",\"target\":{\"@type\":\"EntryPoint\",\"urlTemplate\":\"https:\/\/www.heartfailurematters.org\/fr\/?s={search_term_string}\"},\"query-input\":{\"@type\":\"PropertyValueSpecification\",\"valueRequired\":true,\"valueName\":\"search_term_string\"}}],\"inLanguage\":\"fr-FR\"},{\"@type\":\"Organization\",\"@id\":\"https:\/\/www.heartfailurematters.org\/fr\/#organization\",\"name\":\"Heart Failure Matters\",\"url\":\"https:\/\/www.heartfailurematters.org\/fr\/\",\"logo\":{\"@type\":\"ImageObject\",\"inLanguage\":\"fr-FR\",\"@id\":\"https:\/\/www.heartfailurematters.org\/fr\/#\/schema\/logo\/image\/\",\"url\":\"https:\/\/cdn-endpoint-hfm.azureedge.net\/heartfailurematters\/2024\/07\/hfm-logo1.jpg\",\"contentUrl\":\"https:\/\/cdn-endpoint-hfm.azureedge.net\/heartfailurematters\/2024\/07\/hfm-logo1.jpg\",\"width\":1280,\"height\":720,\"caption\":\"Heart Failure Matters\"},\"image\":{\"@id\":\"https:\/\/www.heartfailurematters.org\/fr\/#\/schema\/logo\/image\/\"},\"sameAs\":[\"https:\/\/www.facebook.com\/heartfailurematters\"]}]}<\/script>\n<!-- \/ Yoast SEO plugin. -->","yoast_head_json":{"title":"Arythmie\/fibrillation atriale","description":"Un changement du rythme cardiaque peut entra\u00eener des battements trop rapides, trop lents ou irr\u00e9guliers. Cela peut avoir un impact sur la capacit\u00e9 de votre c\u0153ur \u00e0 pomper le sang.","robots":{"index":"index","follow":"follow","max-snippet":"max-snippet:-1","max-image-preview":"max-image-preview:large","max-video-preview":"max-video-preview:-1"},"canonical":"https:\/\/www.heartfailurematters.org\/fr\/causes-de-linsuffisance-cardiaque-et-autres-problemes-medicaux-courants\/rythme-cardiaque-anormal\/","og_locale":"fr_FR","og_type":"article","og_title":"Arythmie\/fibrillation atriale","og_description":"Un changement du rythme cardiaque peut entra\u00eener des battements trop rapides, trop lents ou irr\u00e9guliers. Cela peut avoir un impact sur la capacit\u00e9 de votre c\u0153ur \u00e0 pomper le sang.","og_url":"https:\/\/www.heartfailurematters.org\/fr\/causes-de-linsuffisance-cardiaque-et-autres-problemes-medicaux-courants\/rythme-cardiaque-anormal\/","og_site_name":"Heart Failure Matters","article_publisher":"https:\/\/www.facebook.com\/heartfailurematters","article_modified_time":"2021-06-25T13:12:49+00:00","og_image":[{"width":900,"height":600,"url":"https:\/\/www.heartfailurematters.org\/wp-content\/uploads\/2022\/02\/shutterstock_1401929189-1-min.jpg?_t=1773217661","type":"image\/jpeg"}],"twitter_card":"summary_large_image","twitter_misc":{"Dur\u00e9e de lecture estim\u00e9e":"7 minutes"},"schema":{"@context":"https:\/\/schema.org","@graph":[{"@type":"WebPage","@id":"https:\/\/www.heartfailurematters.org\/fr\/causes-de-linsuffisance-cardiaque-et-autres-problemes-medicaux-courants\/rythme-cardiaque-anormal\/","url":"https:\/\/www.heartfailurematters.org\/fr\/causes-de-linsuffisance-cardiaque-et-autres-problemes-medicaux-courants\/rythme-cardiaque-anormal\/","name":"Arythmie\/fibrillation atriale","isPartOf":{"@id":"https:\/\/www.heartfailurematters.org\/fr\/#website"},"primaryImageOfPage":{"@id":"https:\/\/www.heartfailurematters.org\/fr\/causes-de-linsuffisance-cardiaque-et-autres-problemes-medicaux-courants\/rythme-cardiaque-anormal\/#primaryimage"},"image":{"@id":"https:\/\/www.heartfailurematters.org\/fr\/causes-de-linsuffisance-cardiaque-et-autres-problemes-medicaux-courants\/rythme-cardiaque-anormal\/#primaryimage"},"thumbnailUrl":"https:\/\/www.heartfailurematters.org\/wp-content\/uploads\/2022\/02\/shutterstock_1401929189-1-min.jpg","datePublished":"2021-01-27T21:36:00+00:00","dateModified":"2021-06-25T13:12:49+00:00","description":"Un changement du rythme cardiaque peut entra\u00eener des battements trop rapides, trop lents ou irr\u00e9guliers. Cela peut avoir un impact sur la capacit\u00e9 de votre c\u0153ur \u00e0 pomper le sang.","breadcrumb":{"@id":"https:\/\/www.heartfailurematters.org\/fr\/causes-de-linsuffisance-cardiaque-et-autres-problemes-medicaux-courants\/rythme-cardiaque-anormal\/#breadcrumb"},"inLanguage":"fr-FR","potentialAction":[{"@type":"ReadAction","target":["https:\/\/www.heartfailurematters.org\/fr\/causes-de-linsuffisance-cardiaque-et-autres-problemes-medicaux-courants\/rythme-cardiaque-anormal\/"]}]},{"@type":"ImageObject","inLanguage":"fr-FR","@id":"https:\/\/www.heartfailurematters.org\/fr\/causes-de-linsuffisance-cardiaque-et-autres-problemes-medicaux-courants\/rythme-cardiaque-anormal\/#primaryimage","url":"https:\/\/www.heartfailurematters.org\/wp-content\/uploads\/2022\/02\/shutterstock_1401929189-1-min.jpg","contentUrl":"https:\/\/www.heartfailurematters.org\/wp-content\/uploads\/2022\/02\/shutterstock_1401929189-1-min.jpg","width":900,"height":600},{"@type":"BreadcrumbList","@id":"https:\/\/www.heartfailurematters.org\/fr\/causes-de-linsuffisance-cardiaque-et-autres-problemes-medicaux-courants\/rythme-cardiaque-anormal\/#breadcrumb","itemListElement":[{"@type":"ListItem","position":1,"name":"Accueil","item":"https:\/\/www.heartfailurematters.org\/fr\/"},{"@type":"ListItem","position":2,"name":"Causes de l&#8217;insuffisance cardiaque et autres probl\u00e8mes m\u00e9dicaux associ\u00e9s","item":"https:\/\/www.heartfailurematters.org\/fr\/causes-de-linsuffisance-cardiaque-et-autres-problemes-medicaux-courants\/"},{"@type":"ListItem","position":3,"name":"Arythmie\/fibrillation atriale"}]},{"@type":"WebSite","@id":"https:\/\/www.heartfailurematters.org\/fr\/#website","url":"https:\/\/www.heartfailurematters.org\/fr\/","name":"Heart Failure Matters","description":"Practical information for patients, families and caregivers.","publisher":{"@id":"https:\/\/www.heartfailurematters.org\/fr\/#organization"},"potentialAction":[{"@type":"SearchAction","target":{"@type":"EntryPoint","urlTemplate":"https:\/\/www.heartfailurematters.org\/fr\/?s={search_term_string}"},"query-input":{"@type":"PropertyValueSpecification","valueRequired":true,"valueName":"search_term_string"}}],"inLanguage":"fr-FR"},{"@type":"Organization","@id":"https:\/\/www.heartfailurematters.org\/fr\/#organization","name":"Heart Failure Matters","url":"https:\/\/www.heartfailurematters.org\/fr\/","logo":{"@type":"ImageObject","inLanguage":"fr-FR","@id":"https:\/\/www.heartfailurematters.org\/fr\/#\/schema\/logo\/image\/","url":"https:\/\/cdn-endpoint-hfm.azureedge.net\/heartfailurematters\/2024\/07\/hfm-logo1.jpg","contentUrl":"https:\/\/cdn-endpoint-hfm.azureedge.net\/heartfailurematters\/2024\/07\/hfm-logo1.jpg","width":1280,"height":720,"caption":"Heart Failure Matters"},"image":{"@id":"https:\/\/www.heartfailurematters.org\/fr\/#\/schema\/logo\/image\/"},"sameAs":["https:\/\/www.facebook.com\/heartfailurematters"]}]}},"_links":{"self":[{"href":"https:\/\/www.heartfailurematters.org\/fr\/wp-json\/wp\/v2\/pages\/430","targetHints":{"allow":["GET"]}}],"collection":[{"href":"https:\/\/www.heartfailurematters.org\/fr\/wp-json\/wp\/v2\/pages"}],"about":[{"href":"https:\/\/www.heartfailurematters.org\/fr\/wp-json\/wp\/v2\/types\/page"}],"author":[{"embeddable":true,"href":"https:\/\/www.heartfailurematters.org\/fr\/wp-json\/wp\/v2\/users\/1"}],"replies":[{"embeddable":true,"href":"https:\/\/www.heartfailurematters.org\/fr\/wp-json\/wp\/v2\/comments?post=430"}],"version-history":[{"count":2,"href":"https:\/\/www.heartfailurematters.org\/fr\/wp-json\/wp\/v2\/pages\/430\/revisions"}],"predecessor-version":[{"id":9086,"href":"https:\/\/www.heartfailurematters.org\/fr\/wp-json\/wp\/v2\/pages\/430\/revisions\/9086"}],"up":[{"embeddable":true,"href":"https:\/\/www.heartfailurematters.org\/fr\/wp-json\/wp\/v2\/pages\/8045"}],"wp:featuredmedia":[{"embeddable":true,"href":"https:\/\/www.heartfailurematters.org\/fr\/wp-json\/wp\/v2\/media\/10563"}],"wp:attachment":[{"href":"https:\/\/www.heartfailurematters.org\/fr\/wp-json\/wp\/v2\/media?parent=430"}],"wp:term":[{"taxonomy":"category","embeddable":true,"href":"https:\/\/www.heartfailurematters.org\/fr\/wp-json\/wp\/v2\/categories?post=430"},{"taxonomy":"post_tag","embeddable":true,"href":"https:\/\/www.heartfailurematters.org\/fr\/wp-json\/wp\/v2\/tags?post=430"}],"curies":[{"name":"wp","href":"https:\/\/api.w.org\/{rel}","templated":true}]}}