{"id":426,"date":"2021-01-27T21:36:00","date_gmt":"2021-01-27T21:36:00","guid":{"rendered":"http:\/\/heartfailurematters.local:8888\/en-cas-durgence-en-vacances\/"},"modified":"2021-06-30T14:19:30","modified_gmt":"2021-06-30T13:19:30","slug":"en-cas-durgence-en-vacances","status":"publish","type":"page","link":"https:\/\/www.heartfailurematters.org\/fr\/vivre-avec-une-insuffisance-cardiaque\/en-cas-durgence-en-vacances\/","title":{"rendered":"En cas d&rsquo;urgence en vacances"},"content":{"rendered":"<p>Il est judicieux d\u2019emporter une liste \u00e0 jour de tous vos\u00a0<a title=\"\" href=\"\/wp-content\/uploads\/2021\/02\/Tableau_des_medicaments.pdf\" target=\"_blank\" rel=\"noopener\">m\u00e9dicaments<\/a> avec vous quand vous partez en vacances. En effet, si vous avez une urgence et devez voir un m\u00e9decin, vous pourrez lui montrer votre liste. Gardez cette liste \u00e0 port\u00e9e de main pendant vos vacances.<\/p>\n<p>Il est \u00e9galement utile d&rsquo;avoir le num\u00e9ro de t\u00e9l\u00e9phone professionnel de votre m\u00e9decin de soins primaires \/ m\u00e9decin g\u00e9n\u00e9raliste ou de votre cardiologue au cas o\u00f9 le m\u00e9decin local voudrait discuter de votre affection ou aurait besoin de plus d&rsquo;informations.<\/p>\n<p>Il est vivement recommand\u00e9 de souscrire une assurance voyage, y compris une couverture sant\u00e9, quand vous voyagez, et ce quelle que soit la distance et votre destination. En souscrivant l&rsquo;assurance, veillez \u00e0 bien v\u00e9rifier ce qui est couvert par la police en ce qui concerne les traitements m\u00e9dicaux et ce que vous devrez faire au cas o\u00f9 vous auriez besoin d&rsquo;une assistance m\u00e9dicale d\u2019urgence lors de votre voyage. Notez les num\u00e9ros de t\u00e9l\u00e9phone \u00e0 contacter et le num\u00e9ro de la police d\u2019assurance, qui vous sera demand\u00e9.<\/p>\n<p>Pour les ressortissants de l&rsquo;Union europ\u00e9enne qui voyagent en Europe, une Carte europ\u00e9enne d&rsquo;assurance maladie (CEAM) est disponible. Il est tr\u00e8s utile de se la procurer. M\u00eame si la CEAM ne remplace pas l&rsquo;assurance, elle permet aux ressortissants de l&rsquo;Union europ\u00e9enne d&rsquo;\u00eatre exon\u00e9r\u00e9s des frais m\u00e9dicaux ou de n\u2019en payer qu\u2019une partie lors d\u2019un s\u00e9jour dans un pays de l\u2019Espace \u00e9conomique europ\u00e9en (EEE).<\/p>\n<p>Plus de 60 millions de ressortissants de l&rsquo;Union europ\u00e9enne disposent d\u00e9j\u00e0 de cette carte. Certains pays int\u00e8grent la carte europ\u00e9enne au verso de leur carte nationale et d&rsquo;autres \u00e9mettent des cartes distinctes. Vous pouvez obtenir votre carte aupr\u00e8s de votre agence locale de S\u00e9curit\u00e9 sociale ou au bureau de l&rsquo;assurance maladie. Pour plus d&rsquo;informations, consultez <a title=\"\" href=\"http:\/\/ec.europa.eu\/social\/main.jsp?catId=509&amp;langId=en\" target=\"_blank\" rel=\"noopener\">le site Web de\u00a0la\u00a0Carte europ\u00e9enne d&rsquo;assurance maladie<\/a>.<\/p>\n<p>La CEAM est normalement valable trois \u00e0 cinq ans et couvre n&rsquo;importe quel traitement m\u00e9dical qui s\u2019av\u00e8re n\u00e9cessaire pendant votre voyage, que ce soit \u00e0 cause d\u2019une maladie ou d&rsquo;un accident. Elle couvre \u00e9galement tout traitement dont vous pourriez avoir besoin pour une pathologie chronique, comme l\u2019insuffisance cardiaque. La carte donne uniquement acc\u00e8s aux services m\u00e9dicaux publics.<\/p>\n<p><a title=\"\" href=\"https:\/\/www.heartfailurematters.org\/fr\/vivre-avec-une-insuffisance-cardiaque\/voyages\/\">Retourner \u00e0 la rubrique \u00ab\u00a0Voyages\u00a0\u00bb<\/a><\/p>\n","protected":false},"excerpt":{"rendered":"<p>Il est judicieux d\u2019emporter une liste \u00e0 jour de tous vos\u00a0m\u00e9dicaments avec vous quand vous partez en vacances. En effet, si vous avez une urgence et devez voir un m\u00e9decin, vous pourrez lui montrer votre liste. Gardez cette liste \u00e0 port\u00e9e de main pendant vos vacances. Il est \u00e9galement utile d&rsquo;avoir le num\u00e9ro de t\u00e9l\u00e9phone [&hellip;]<\/p>\n","protected":false},"author":1,"featured_media":10537,"parent":2812,"menu_order":0,"comment_status":"open","ping_status":"open","template":"","meta":{"_acf_changed":false,"footnotes":""},"categories":[],"tags":[],"class_list":["post-426","page","type-page","status-publish","has-post-thumbnail","hentry"],"acf":[],"yoast_head":"<!-- This site is optimized with the Yoast SEO plugin v24.8.1 - https:\/\/yoast.com\/wordpress\/plugins\/seo\/ -->\n<title>En cas d&#039;urgence en vacances - Heart Failure Matters<\/title>\n<meta name=\"description\" content=\"Nous vous recommandons de prendre avec vous une liste \u00e0 jour de tous vos m\u00e9dicaments lorsque vous partez en vacances.\" \/>\n<meta name=\"robots\" content=\"index, follow, max-snippet:-1, max-image-preview:large, max-video-preview:-1\" \/>\n<link rel=\"canonical\" href=\"https:\/\/www.heartfailurematters.org\/fr\/vivre-avec-une-insuffisance-cardiaque\/en-cas-durgence-en-vacances\/\" \/>\n<meta property=\"og:locale\" content=\"fr_FR\" \/>\n<meta property=\"og:type\" content=\"article\" \/>\n<meta property=\"og:title\" content=\"En cas d&#039;urgence en vacances - Heart Failure Matters\" \/>\n<meta property=\"og:description\" content=\"Nous vous recommandons de prendre avec vous une liste \u00e0 jour de tous vos m\u00e9dicaments lorsque vous partez en vacances.\" \/>\n<meta property=\"og:url\" content=\"https:\/\/www.heartfailurematters.org\/fr\/vivre-avec-une-insuffisance-cardiaque\/en-cas-durgence-en-vacances\/\" \/>\n<meta property=\"og:site_name\" content=\"Heart Failure Matters\" \/>\n<meta property=\"article:publisher\" content=\"https:\/\/www.facebook.com\/heartfailurematters\" \/>\n<meta property=\"article:modified_time\" content=\"2021-06-30T13:19:30+00:00\" \/>\n<meta property=\"og:image\" content=\"https:\/\/www.heartfailurematters.org\/wp-content\/uploads\/2022\/02\/shutterstock_258402434-1-min.jpg\" \/>\n\t<meta property=\"og:image:width\" content=\"900\" \/>\n\t<meta property=\"og:image:height\" content=\"475\" \/>\n\t<meta property=\"og:image:type\" content=\"image\/jpeg\" \/>\n<meta name=\"twitter:card\" content=\"summary_large_image\" \/>\n<meta name=\"twitter:label1\" content=\"Dur\u00e9e de lecture estim\u00e9e\" \/>\n\t<meta name=\"twitter:data1\" content=\"2 minutes\" \/>\n<script type=\"application\/ld+json\" class=\"yoast-schema-graph\">{\"@context\":\"https:\/\/schema.org\",\"@graph\":[{\"@type\":\"WebPage\",\"@id\":\"https:\/\/www.heartfailurematters.org\/fr\/vivre-avec-une-insuffisance-cardiaque\/en-cas-durgence-en-vacances\/\",\"url\":\"https:\/\/www.heartfailurematters.org\/fr\/vivre-avec-une-insuffisance-cardiaque\/en-cas-durgence-en-vacances\/\",\"name\":\"En cas d'urgence en vacances - Heart Failure Matters\",\"isPartOf\":{\"@id\":\"https:\/\/www.heartfailurematters.org\/fr\/#website\"},\"primaryImageOfPage\":{\"@id\":\"https:\/\/www.heartfailurematters.org\/fr\/vivre-avec-une-insuffisance-cardiaque\/en-cas-durgence-en-vacances\/#primaryimage\"},\"image\":{\"@id\":\"https:\/\/www.heartfailurematters.org\/fr\/vivre-avec-une-insuffisance-cardiaque\/en-cas-durgence-en-vacances\/#primaryimage\"},\"thumbnailUrl\":\"https:\/\/www.heartfailurematters.org\/wp-content\/uploads\/2022\/02\/shutterstock_258402434-1-min.jpg\",\"datePublished\":\"2021-01-27T21:36:00+00:00\",\"dateModified\":\"2021-06-30T13:19:30+00:00\",\"description\":\"Nous vous recommandons de prendre avec vous une liste \u00e0 jour de tous vos m\u00e9dicaments lorsque vous partez en vacances.\",\"breadcrumb\":{\"@id\":\"https:\/\/www.heartfailurematters.org\/fr\/vivre-avec-une-insuffisance-cardiaque\/en-cas-durgence-en-vacances\/#breadcrumb\"},\"inLanguage\":\"fr-FR\",\"potentialAction\":[{\"@type\":\"ReadAction\",\"target\":[\"https:\/\/www.heartfailurematters.org\/fr\/vivre-avec-une-insuffisance-cardiaque\/en-cas-durgence-en-vacances\/\"]}]},{\"@type\":\"ImageObject\",\"inLanguage\":\"fr-FR\",\"@id\":\"https:\/\/www.heartfailurematters.org\/fr\/vivre-avec-une-insuffisance-cardiaque\/en-cas-durgence-en-vacances\/#primaryimage\",\"url\":\"https:\/\/www.heartfailurematters.org\/wp-content\/uploads\/2022\/02\/shutterstock_258402434-1-min.jpg\",\"contentUrl\":\"https:\/\/www.heartfailurematters.org\/wp-content\/uploads\/2022\/02\/shutterstock_258402434-1-min.jpg\",\"width\":900,\"height\":475},{\"@type\":\"BreadcrumbList\",\"@id\":\"https:\/\/www.heartfailurematters.org\/fr\/vivre-avec-une-insuffisance-cardiaque\/en-cas-durgence-en-vacances\/#breadcrumb\",\"itemListElement\":[{\"@type\":\"ListItem\",\"position\":1,\"name\":\"Accueil\",\"item\":\"https:\/\/www.heartfailurematters.org\/fr\/\"},{\"@type\":\"ListItem\",\"position\":2,\"name\":\"Vivre avec l&#8217;insuffisance cardiaque\",\"item\":\"https:\/\/www.heartfailurematters.org\/fr\/vivre-avec-une-insuffisance-cardiaque\/\"},{\"@type\":\"ListItem\",\"position\":3,\"name\":\"En cas d&#8217;urgence en vacances\"}]},{\"@type\":\"WebSite\",\"@id\":\"https:\/\/www.heartfailurematters.org\/fr\/#website\",\"url\":\"https:\/\/www.heartfailurematters.org\/fr\/\",\"name\":\"Heart Failure Matters\",\"description\":\"Practical information for patients, families and caregivers.\",\"publisher\":{\"@id\":\"https:\/\/www.heartfailurematters.org\/fr\/#organization\"},\"potentialAction\":[{\"@type\":\"SearchAction\",\"target\":{\"@type\":\"EntryPoint\",\"urlTemplate\":\"https:\/\/www.heartfailurematters.org\/fr\/?s={search_term_string}\"},\"query-input\":{\"@type\":\"PropertyValueSpecification\",\"valueRequired\":true,\"valueName\":\"search_term_string\"}}],\"inLanguage\":\"fr-FR\"},{\"@type\":\"Organization\",\"@id\":\"https:\/\/www.heartfailurematters.org\/fr\/#organization\",\"name\":\"Heart Failure Matters\",\"url\":\"https:\/\/www.heartfailurematters.org\/fr\/\",\"logo\":{\"@type\":\"ImageObject\",\"inLanguage\":\"fr-FR\",\"@id\":\"https:\/\/www.heartfailurematters.org\/fr\/#\/schema\/logo\/image\/\",\"url\":\"https:\/\/cdn-endpoint-hfm.azureedge.net\/heartfailurematters\/2024\/07\/hfm-logo1.jpg\",\"contentUrl\":\"https:\/\/cdn-endpoint-hfm.azureedge.net\/heartfailurematters\/2024\/07\/hfm-logo1.jpg\",\"width\":1280,\"height\":720,\"caption\":\"Heart Failure Matters\"},\"image\":{\"@id\":\"https:\/\/www.heartfailurematters.org\/fr\/#\/schema\/logo\/image\/\"},\"sameAs\":[\"https:\/\/www.facebook.com\/heartfailurematters\"]}]}<\/script>\n<!-- \/ Yoast SEO plugin. -->","yoast_head_json":{"title":"En cas d'urgence en vacances - Heart Failure Matters","description":"Nous vous recommandons de prendre avec vous une liste \u00e0 jour de tous vos m\u00e9dicaments lorsque vous partez en vacances.","robots":{"index":"index","follow":"follow","max-snippet":"max-snippet:-1","max-image-preview":"max-image-preview:large","max-video-preview":"max-video-preview:-1"},"canonical":"https:\/\/www.heartfailurematters.org\/fr\/vivre-avec-une-insuffisance-cardiaque\/en-cas-durgence-en-vacances\/","og_locale":"fr_FR","og_type":"article","og_title":"En cas d'urgence en vacances - Heart Failure Matters","og_description":"Nous vous recommandons de prendre avec vous une liste \u00e0 jour de tous vos m\u00e9dicaments lorsque vous partez en vacances.","og_url":"https:\/\/www.heartfailurematters.org\/fr\/vivre-avec-une-insuffisance-cardiaque\/en-cas-durgence-en-vacances\/","og_site_name":"Heart Failure Matters","article_publisher":"https:\/\/www.facebook.com\/heartfailurematters","article_modified_time":"2021-06-30T13:19:30+00:00","og_image":[{"width":900,"height":475,"url":"https:\/\/www.heartfailurematters.org\/wp-content\/uploads\/2022\/02\/shutterstock_258402434-1-min.jpg","type":"image\/jpeg"}],"twitter_card":"summary_large_image","twitter_misc":{"Dur\u00e9e de lecture estim\u00e9e":"2 minutes"},"schema":{"@context":"https:\/\/schema.org","@graph":[{"@type":"WebPage","@id":"https:\/\/www.heartfailurematters.org\/fr\/vivre-avec-une-insuffisance-cardiaque\/en-cas-durgence-en-vacances\/","url":"https:\/\/www.heartfailurematters.org\/fr\/vivre-avec-une-insuffisance-cardiaque\/en-cas-durgence-en-vacances\/","name":"En cas d'urgence en vacances - Heart Failure Matters","isPartOf":{"@id":"https:\/\/www.heartfailurematters.org\/fr\/#website"},"primaryImageOfPage":{"@id":"https:\/\/www.heartfailurematters.org\/fr\/vivre-avec-une-insuffisance-cardiaque\/en-cas-durgence-en-vacances\/#primaryimage"},"image":{"@id":"https:\/\/www.heartfailurematters.org\/fr\/vivre-avec-une-insuffisance-cardiaque\/en-cas-durgence-en-vacances\/#primaryimage"},"thumbnailUrl":"https:\/\/www.heartfailurematters.org\/wp-content\/uploads\/2022\/02\/shutterstock_258402434-1-min.jpg","datePublished":"2021-01-27T21:36:00+00:00","dateModified":"2021-06-30T13:19:30+00:00","description":"Nous vous recommandons de prendre avec vous une liste \u00e0 jour de tous vos m\u00e9dicaments lorsque vous partez en vacances.","breadcrumb":{"@id":"https:\/\/www.heartfailurematters.org\/fr\/vivre-avec-une-insuffisance-cardiaque\/en-cas-durgence-en-vacances\/#breadcrumb"},"inLanguage":"fr-FR","potentialAction":[{"@type":"ReadAction","target":["https:\/\/www.heartfailurematters.org\/fr\/vivre-avec-une-insuffisance-cardiaque\/en-cas-durgence-en-vacances\/"]}]},{"@type":"ImageObject","inLanguage":"fr-FR","@id":"https:\/\/www.heartfailurematters.org\/fr\/vivre-avec-une-insuffisance-cardiaque\/en-cas-durgence-en-vacances\/#primaryimage","url":"https:\/\/www.heartfailurematters.org\/wp-content\/uploads\/2022\/02\/shutterstock_258402434-1-min.jpg","contentUrl":"https:\/\/www.heartfailurematters.org\/wp-content\/uploads\/2022\/02\/shutterstock_258402434-1-min.jpg","width":900,"height":475},{"@type":"BreadcrumbList","@id":"https:\/\/www.heartfailurematters.org\/fr\/vivre-avec-une-insuffisance-cardiaque\/en-cas-durgence-en-vacances\/#breadcrumb","itemListElement":[{"@type":"ListItem","position":1,"name":"Accueil","item":"https:\/\/www.heartfailurematters.org\/fr\/"},{"@type":"ListItem","position":2,"name":"Vivre avec l&#8217;insuffisance cardiaque","item":"https:\/\/www.heartfailurematters.org\/fr\/vivre-avec-une-insuffisance-cardiaque\/"},{"@type":"ListItem","position":3,"name":"En cas d&#8217;urgence en vacances"}]},{"@type":"WebSite","@id":"https:\/\/www.heartfailurematters.org\/fr\/#website","url":"https:\/\/www.heartfailurematters.org\/fr\/","name":"Heart Failure Matters","description":"Practical information for patients, families and caregivers.","publisher":{"@id":"https:\/\/www.heartfailurematters.org\/fr\/#organization"},"potentialAction":[{"@type":"SearchAction","target":{"@type":"EntryPoint","urlTemplate":"https:\/\/www.heartfailurematters.org\/fr\/?s={search_term_string}"},"query-input":{"@type":"PropertyValueSpecification","valueRequired":true,"valueName":"search_term_string"}}],"inLanguage":"fr-FR"},{"@type":"Organization","@id":"https:\/\/www.heartfailurematters.org\/fr\/#organization","name":"Heart Failure Matters","url":"https:\/\/www.heartfailurematters.org\/fr\/","logo":{"@type":"ImageObject","inLanguage":"fr-FR","@id":"https:\/\/www.heartfailurematters.org\/fr\/#\/schema\/logo\/image\/","url":"https:\/\/cdn-endpoint-hfm.azureedge.net\/heartfailurematters\/2024\/07\/hfm-logo1.jpg","contentUrl":"https:\/\/cdn-endpoint-hfm.azureedge.net\/heartfailurematters\/2024\/07\/hfm-logo1.jpg","width":1280,"height":720,"caption":"Heart Failure Matters"},"image":{"@id":"https:\/\/www.heartfailurematters.org\/fr\/#\/schema\/logo\/image\/"},"sameAs":["https:\/\/www.facebook.com\/heartfailurematters"]}]}},"_links":{"self":[{"href":"https:\/\/www.heartfailurematters.org\/fr\/wp-json\/wp\/v2\/pages\/426","targetHints":{"allow":["GET"]}}],"collection":[{"href":"https:\/\/www.heartfailurematters.org\/fr\/wp-json\/wp\/v2\/pages"}],"about":[{"href":"https:\/\/www.heartfailurematters.org\/fr\/wp-json\/wp\/v2\/types\/page"}],"author":[{"embeddable":true,"href":"https:\/\/www.heartfailurematters.org\/fr\/wp-json\/wp\/v2\/users\/1"}],"replies":[{"embeddable":true,"href":"https:\/\/www.heartfailurematters.org\/fr\/wp-json\/wp\/v2\/comments?post=426"}],"version-history":[{"count":1,"href":"https:\/\/www.heartfailurematters.org\/fr\/wp-json\/wp\/v2\/pages\/426\/revisions"}],"predecessor-version":[{"id":9286,"href":"https:\/\/www.heartfailurematters.org\/fr\/wp-json\/wp\/v2\/pages\/426\/revisions\/9286"}],"up":[{"embeddable":true,"href":"https:\/\/www.heartfailurematters.org\/fr\/wp-json\/wp\/v2\/pages\/2812"}],"wp:featuredmedia":[{"embeddable":true,"href":"https:\/\/www.heartfailurematters.org\/fr\/wp-json\/wp\/v2\/media\/10537"}],"wp:attachment":[{"href":"https:\/\/www.heartfailurematters.org\/fr\/wp-json\/wp\/v2\/media?parent=426"}],"wp:term":[{"taxonomy":"category","embeddable":true,"href":"https:\/\/www.heartfailurematters.org\/fr\/wp-json\/wp\/v2\/categories?post=426"},{"taxonomy":"post_tag","embeddable":true,"href":"https:\/\/www.heartfailurematters.org\/fr\/wp-json\/wp\/v2\/tags?post=426"}],"curies":[{"name":"wp","href":"https:\/\/api.w.org\/{rel}","templated":true}]}}