{"id":424,"date":"2021-01-27T21:36:00","date_gmt":"2021-01-27T21:36:00","guid":{"rendered":"http:\/\/heartfailurematters.local:8888\/liens-utiles\/"},"modified":"2026-03-17T10:22:52","modified_gmt":"2026-03-17T10:22:52","slug":"liens-utiles","status":"publish","type":"page","link":"https:\/\/www.heartfailurematters.org\/fr\/liens-utiles\/","title":{"rendered":"Liens utiles"},"content":{"rendered":"<p><strong>Soci\u00e9t\u00e9s Nationales<\/strong><\/p>\n<p><a href=\"http:\/\/www.atcardio.at\/\" target=\"_blank\" rel=\"noopener\" shape=\"rect\">Soci\u00e9t\u00e9 Autrichienne de Cardiologie<\/a><br \/>\n<a href=\"http:\/\/www.liguecardiologique.be\/\" target=\"_blank\" rel=\"noopener\" shape=\"rect\">Ligue Cardiologique Belge<\/a><br \/>\n<a href=\"http:\/\/www.bscardio.be\/Generic\/jsp\/index.jsp\" target=\"_blank\" rel=\"noopener\" shape=\"rect\">Soci\u00e9t\u00e9 Belge de Cardiologie<\/a><br \/>\n<a href=\"http:\/\/www.ukbih.com\/\" target=\"_blank\" rel=\"noopener\" shape=\"rect\">Association des cardiologues de Bosnie et Herz\u00e9govine<\/a><br \/>\n<a href=\"http:\/\/www.bcs.com\/pages\/default.asp\" target=\"_blank\" rel=\"noopener\" shape=\"rect\">Soci\u00e9t\u00e9 Britannique de cardiologie<\/a><br \/>\n<a href=\"http:\/\/www.cardiobg.com\/\" target=\"_blank\" rel=\"noopener\" shape=\"rect\">Soci\u00e9t\u00e9 Bulgare de Cardiologie<\/a><br \/>\n<a href=\"http:\/\/www.kardio.hr\/\" target=\"_blank\" rel=\"noopener\" shape=\"rect\">Soci\u00e9t\u00e9 Croate de Cardiologie<\/a><br \/>\n<a href=\"http:\/\/www.heartfoundation.org.cy\/\" target=\"_blank\" rel=\"noopener\" shape=\"rect\">Soci\u00e9t\u00e9 Chypre de Cardiologie<\/a><br \/>\n<a href=\"http:\/\/www.cardio.cz\/\" target=\"_blank\" rel=\"noopener\" shape=\"rect\">Soci\u00e9t\u00e9 Tch\u00e8que de Cardiologie<\/a><br \/>\n<a href=\"http:\/\/www.hjerteforeningen.dk\/sw175.asp\" target=\"_blank\" rel=\"noopener\" shape=\"rect\">Fondation Danoise du C\u0153ur<\/a><br \/>\n<a href=\"http:\/\/www.cardio.dk\/\" target=\"_blank\" rel=\"noopener\" shape=\"rect\">Soci\u00e9t\u00e9 Danoise de Cardiologie<\/a><br \/>\n<a href=\"http:\/\/www.eks.kliinikum.ee\/\" target=\"_blank\" rel=\"noopener\" shape=\"rect\">Soci\u00e9t\u00e9 Cardiaque Estonienne<\/a><br \/>\n<a href=\"http:\/\/www.fincardio.fi\/\" target=\"_blank\" rel=\"noopener\" shape=\"rect\">Soci\u00e9t\u00e9 Cardiaque Finlandaise<\/a><br \/>\n<a href=\"http:\/\/www.sydanliitto.fi\/\" target=\"_blank\" rel=\"noopener\" shape=\"rect\">Association Finlandaise du C\u0153ur<\/a><br \/>\n<a href=\"http:\/\/www.cardio-sfc.org\/\" target=\"_blank\" rel=\"noopener\" shape=\"rect\">Soci\u00e9t\u00e9 Fran\u00e7aise de Cardiologie<\/a><br \/>\n<a href=\"http:\/\/www.dgk.org\/\" target=\"_blank\" rel=\"noopener\" shape=\"rect\">Soci\u00e9t\u00e9 Cardiaque Allemande<\/a><br \/>\n<a href=\"http:\/\/www.herzstiftung.de\/\" target=\"_blank\" rel=\"noopener\" shape=\"rect\">Fondation Allemande du C\u0153ur<\/a><br \/>\n<a href=\"http:\/\/www.hcs.gr\/\" target=\"_blank\" rel=\"noopener\" shape=\"rect\">Soci\u00e9t\u00e9 Hell\u00e9nique de Cardiologie<\/a><br \/>\n<a href=\"http:\/\/www.mnsza.hu\/\" target=\"_blank\" rel=\"noopener\" shape=\"rect\">Fondation Nationale Hongroise du C\u0153ur<\/a><br \/>\n<a href=\"http:\/\/www.hjarta.is\/\" target=\"_blank\" rel=\"noopener\" shape=\"rect\">Association Islandaise du C\u0153ur<\/a><br \/>\n<a href=\"http:\/\/www.irishcardiacsociety.com\/\" target=\"_blank\" rel=\"noopener\" shape=\"rect\">Soci\u00e9t\u00e9 Cardiaque Irlandaise<\/a><br \/>\n<a href=\"http:\/\/www.irishheart.ie\/\" target=\"_blank\" rel=\"noopener\" shape=\"rect\">Fondation Irlandaise du C\u0153ur<\/a><br \/>\n<a href=\"http:\/\/www.israel-heart.org.il\/\" target=\"_blank\" rel=\"noopener\" shape=\"rect\">Soci\u00e9t\u00e9 du C\u0153ur du Isra\u00ebl<\/a><br \/>\n<a href=\"http:\/\/www.sicardiologia.it\/\" target=\"_blank\" rel=\"noopener\" shape=\"rect\">F\u00e9d\u00e9ration Italienne de Cardiologie<\/a><br \/>\n<a href=\"http:\/\/www.fondazionecuore.it\/\" target=\"_blank\" rel=\"noopener\" shape=\"rect\">Fondation Italienne du C\u0153ur<\/a><br \/>\n<a href=\"http:\/\/www.heart.lt\/\" target=\"_blank\" rel=\"noopener\" shape=\"rect\">Association Lituanienne du C\u0153ur<\/a><br \/>\n<a href=\"http:\/\/www.lcs.lt\/\" target=\"_blank\" rel=\"noopener\" shape=\"rect\">Soci\u00e9t\u00e9 Lituanienne de Cardiologie<\/a><br \/>\n<a href=\"http:\/\/www.ihdmkd.edu.mk\/\" target=\"_blank\" rel=\"noopener\" shape=\"rect\">Soci\u00e9t\u00e9 Mac\u00e9donienne de Cardiologie<\/a><br \/>\n<a href=\"http:\/\/www.hartstichting.nl\/\" target=\"_blank\" rel=\"noopener\" shape=\"rect\">Fondation N\u00e9erlandaise du C\u0153ur<\/a><br \/>\n<a href=\"http:\/\/www.cardiologie.nl\/\" target=\"_blank\" rel=\"noopener\" shape=\"rect\">Soci\u00e9t\u00e9 N\u00e9erlandaise de Cardiologie<\/a><br \/>\n<a href=\"http:\/\/www.hjerte.no\/\" target=\"_blank\" rel=\"noopener\" shape=\"rect\">Soci\u00e9t\u00e9 Norv\u00e9gienne de Cardiologie<\/a><br \/>\n<a href=\"http:\/\/www.ptkardio.pl\/\" target=\"_blank\" rel=\"noopener\" shape=\"rect\">Soci\u00e9t\u00e9 Cardiaque Polonaise<\/a><br \/>\n<a href=\"http:\/\/www.fpcardiologia.pt\/\" target=\"_blank\" rel=\"noopener\" shape=\"rect\">Fondation Portugaise du C\u0153ur<\/a><br \/>\n<a href=\"http:\/\/www.spc.pt\/spc\/index.aspx\" target=\"_blank\" rel=\"noopener\" shape=\"rect\">Soci\u00e9t\u00e9 Portugaise de Cardiologie<\/a><br \/>\n<a href=\"http:\/\/www.cardioportal.ro\/\" target=\"_blank\" rel=\"noopener\" shape=\"rect\">Soci\u00e9t\u00e9 Roumaine de Cardiologie<\/a><br \/>\n<a href=\"http:\/\/www.cardiosite.ru\/eng\/\" target=\"_blank\" rel=\"noopener\" shape=\"rect\">Soci\u00e9t\u00e9 de Cardiologie de la F\u00e9d\u00e9ration de Russie<\/a><br \/>\n<a href=\"http:\/\/www.cardiology.sk\/\" target=\"_blank\" rel=\"noopener\" shape=\"rect\">Soci\u00e9t\u00e9 Slovaque de Cardiologie<\/a><br \/>\n<a href=\"http:\/\/www.zasrce.si\/\" target=\"_blank\" rel=\"noopener\" shape=\"rect\">Fondation Slov\u00e8ne du C\u0153ur<\/a><br \/>\n<a href=\"http:\/\/www.sicardio.org\/\" target=\"_blank\" rel=\"noopener\" shape=\"rect\">Soci\u00e9t\u00e9 Slov\u00e8ne de Cardiologie<\/a><br \/>\n<a href=\"http:\/\/www.fundaciondelcorazon.com\/\" target=\"_blank\" rel=\"noopener\" shape=\"rect\">Spanish Heart Foundation<\/a><br \/>\n<a href=\"http:\/\/www.secardiologia.es\/main.asp?w=1024\" target=\"_blank\" rel=\"noopener\" shape=\"rect\">Soci\u00e9t\u00e9 Espagnole de Cardiologie<\/a><br \/>\n<a href=\"http:\/\/www.hjart-lungfonden.se\/\" target=\"_blank\" rel=\"noopener\" shape=\"rect\">Fondation Su\u00e9doise Heart Lung<\/a><br \/>\n<a href=\"http:\/\/www.cardio.se\/\" target=\"_blank\" rel=\"noopener\" shape=\"rect\">Soci\u00e9t\u00e9 Su\u00e9doise de Cardiologie<\/a><br \/>\n<a href=\"http:\/\/www.swissheart.ch\/\" target=\"_blank\" rel=\"noopener\" shape=\"rect\">Fondation Suisse du C\u0153ur<\/a><br \/>\n<a href=\"http:\/\/www.swisscardio.ch\/\" target=\"_blank\" rel=\"noopener\" shape=\"rect\">Soci\u00e9t\u00e9 Suisse de Cardiologie<\/a><br \/>\n<a href=\"http:\/\/www.tkv.org.tr\/\" target=\"_blank\" rel=\"noopener\" shape=\"rect\">Fondation Turque du C\u0153ur<\/a><br \/>\n<a href=\"http:\/\/www.tkd.org.tr\/\" target=\"_blank\" rel=\"noopener\" shape=\"rect\">Soci\u00e9t\u00e9 Turque de Cardiologie<\/a><\/p>\n<p>Les sites Web \u00e9num\u00e9r\u00e9s ci-dessus d\u00e9pendent d\u2019organisations externes \u00e0 l&rsquo;ESC. La mention de ces liens par l&rsquo;ESC n&rsquo;implique pas n\u00e9cessairement que cette derni\u00e8re approuve le contenu de ces sites Web. Vous, en tant qu\u2019utilisateur, \u00eates seul responsable de l\u2019\u00e9valuation du caract\u00e8re exact et complet de toute information contenue sur ces sites Web.<\/p>\n","protected":false},"excerpt":{"rendered":"<p>Soci\u00e9t\u00e9s Nationales Soci\u00e9t\u00e9 Autrichienne de Cardiologie Ligue Cardiologique Belge Soci\u00e9t\u00e9 Belge de Cardiologie Association des cardiologues de Bosnie et Herz\u00e9govine Soci\u00e9t\u00e9 Britannique de cardiologie Soci\u00e9t\u00e9 Bulgare de Cardiologie Soci\u00e9t\u00e9 Croate de Cardiologie Soci\u00e9t\u00e9 Chypre de Cardiologie Soci\u00e9t\u00e9 Tch\u00e8que de Cardiologie Fondation Danoise du C\u0153ur Soci\u00e9t\u00e9 Danoise de Cardiologie Soci\u00e9t\u00e9 Cardiaque Estonienne Soci\u00e9t\u00e9 Cardiaque Finlandaise Association [&hellip;]<\/p>\n","protected":false},"author":1,"featured_media":0,"parent":0,"menu_order":0,"comment_status":"open","ping_status":"open","template":"","meta":{"_acf_changed":false,"footnotes":""},"categories":[],"tags":[],"class_list":["post-424","page","type-page","status-publish","hentry"],"acf":[],"yoast_head":"<!-- This site is optimized with the Yoast SEO plugin v24.8.1 - https:\/\/yoast.com\/wordpress\/plugins\/seo\/ -->\n<title>Liens utiles<\/title>\n<meta name=\"description\" content=\"Voici quelques liens utiles vers d\u2019autres sites li\u00e9s \u00e0 l\u2019insuffisance cardiaque.\" \/>\n<meta name=\"robots\" content=\"index, follow, max-snippet:-1, max-image-preview:large, max-video-preview:-1\" \/>\n<link rel=\"canonical\" href=\"https:\/\/www.heartfailurematters.org\/fr\/liens-utiles\/\" \/>\n<meta property=\"og:locale\" content=\"fr_FR\" \/>\n<meta property=\"og:type\" content=\"article\" \/>\n<meta property=\"og:title\" content=\"Liens utiles\" \/>\n<meta property=\"og:description\" content=\"Voici quelques liens utiles vers d\u2019autres sites li\u00e9s \u00e0 l\u2019insuffisance cardiaque.\" \/>\n<meta property=\"og:url\" content=\"https:\/\/www.heartfailurematters.org\/fr\/liens-utiles\/\" \/>\n<meta property=\"og:site_name\" content=\"Heart Failure Matters\" \/>\n<meta property=\"article:publisher\" content=\"https:\/\/www.facebook.com\/heartfailurematters\" \/>\n<meta property=\"article:modified_time\" content=\"2026-03-17T10:22:52+00:00\" \/>\n<meta name=\"twitter:card\" content=\"summary_large_image\" \/>\n<meta name=\"twitter:label1\" content=\"Dur\u00e9e de lecture estim\u00e9e\" \/>\n\t<meta name=\"twitter:data1\" content=\"2 minutes\" \/>\n<script type=\"application\/ld+json\" class=\"yoast-schema-graph\">{\"@context\":\"https:\/\/schema.org\",\"@graph\":[{\"@type\":\"WebPage\",\"@id\":\"https:\/\/www.heartfailurematters.org\/fr\/liens-utiles\/\",\"url\":\"https:\/\/www.heartfailurematters.org\/fr\/liens-utiles\/\",\"name\":\"Liens utiles\",\"isPartOf\":{\"@id\":\"https:\/\/www.heartfailurematters.org\/fr\/#website\"},\"datePublished\":\"2021-01-27T21:36:00+00:00\",\"dateModified\":\"2026-03-17T10:22:52+00:00\",\"description\":\"Voici quelques liens utiles vers d\u2019autres sites li\u00e9s \u00e0 l\u2019insuffisance cardiaque.\",\"breadcrumb\":{\"@id\":\"https:\/\/www.heartfailurematters.org\/fr\/liens-utiles\/#breadcrumb\"},\"inLanguage\":\"fr-FR\",\"potentialAction\":[{\"@type\":\"ReadAction\",\"target\":[\"https:\/\/www.heartfailurematters.org\/fr\/liens-utiles\/\"]}]},{\"@type\":\"BreadcrumbList\",\"@id\":\"https:\/\/www.heartfailurematters.org\/fr\/liens-utiles\/#breadcrumb\",\"itemListElement\":[{\"@type\":\"ListItem\",\"position\":1,\"name\":\"Accueil\",\"item\":\"https:\/\/www.heartfailurematters.org\/fr\/\"},{\"@type\":\"ListItem\",\"position\":2,\"name\":\"Liens utiles\"}]},{\"@type\":\"WebSite\",\"@id\":\"https:\/\/www.heartfailurematters.org\/fr\/#website\",\"url\":\"https:\/\/www.heartfailurematters.org\/fr\/\",\"name\":\"Heart Failure Matters\",\"description\":\"Practical information for patients, families and caregivers.\",\"publisher\":{\"@id\":\"https:\/\/www.heartfailurematters.org\/fr\/#organization\"},\"potentialAction\":[{\"@type\":\"SearchAction\",\"target\":{\"@type\":\"EntryPoint\",\"urlTemplate\":\"https:\/\/www.heartfailurematters.org\/fr\/?s={search_term_string}\"},\"query-input\":{\"@type\":\"PropertyValueSpecification\",\"valueRequired\":true,\"valueName\":\"search_term_string\"}}],\"inLanguage\":\"fr-FR\"},{\"@type\":\"Organization\",\"@id\":\"https:\/\/www.heartfailurematters.org\/fr\/#organization\",\"name\":\"Heart Failure Matters\",\"url\":\"https:\/\/www.heartfailurematters.org\/fr\/\",\"logo\":{\"@type\":\"ImageObject\",\"inLanguage\":\"fr-FR\",\"@id\":\"https:\/\/www.heartfailurematters.org\/fr\/#\/schema\/logo\/image\/\",\"url\":\"https:\/\/cdn-endpoint-hfm.azureedge.net\/heartfailurematters\/2024\/07\/hfm-logo1.jpg\",\"contentUrl\":\"https:\/\/cdn-endpoint-hfm.azureedge.net\/heartfailurematters\/2024\/07\/hfm-logo1.jpg\",\"width\":1280,\"height\":720,\"caption\":\"Heart Failure Matters\"},\"image\":{\"@id\":\"https:\/\/www.heartfailurematters.org\/fr\/#\/schema\/logo\/image\/\"},\"sameAs\":[\"https:\/\/www.facebook.com\/heartfailurematters\"]}]}<\/script>\n<!-- \/ Yoast SEO plugin. -->","yoast_head_json":{"title":"Liens utiles","description":"Voici quelques liens utiles vers d\u2019autres sites li\u00e9s \u00e0 l\u2019insuffisance cardiaque.","robots":{"index":"index","follow":"follow","max-snippet":"max-snippet:-1","max-image-preview":"max-image-preview:large","max-video-preview":"max-video-preview:-1"},"canonical":"https:\/\/www.heartfailurematters.org\/fr\/liens-utiles\/","og_locale":"fr_FR","og_type":"article","og_title":"Liens utiles","og_description":"Voici quelques liens utiles vers d\u2019autres sites li\u00e9s \u00e0 l\u2019insuffisance cardiaque.","og_url":"https:\/\/www.heartfailurematters.org\/fr\/liens-utiles\/","og_site_name":"Heart Failure Matters","article_publisher":"https:\/\/www.facebook.com\/heartfailurematters","article_modified_time":"2026-03-17T10:22:52+00:00","twitter_card":"summary_large_image","twitter_misc":{"Dur\u00e9e de lecture estim\u00e9e":"2 minutes"},"schema":{"@context":"https:\/\/schema.org","@graph":[{"@type":"WebPage","@id":"https:\/\/www.heartfailurematters.org\/fr\/liens-utiles\/","url":"https:\/\/www.heartfailurematters.org\/fr\/liens-utiles\/","name":"Liens utiles","isPartOf":{"@id":"https:\/\/www.heartfailurematters.org\/fr\/#website"},"datePublished":"2021-01-27T21:36:00+00:00","dateModified":"2026-03-17T10:22:52+00:00","description":"Voici quelques liens utiles vers d\u2019autres sites li\u00e9s \u00e0 l\u2019insuffisance cardiaque.","breadcrumb":{"@id":"https:\/\/www.heartfailurematters.org\/fr\/liens-utiles\/#breadcrumb"},"inLanguage":"fr-FR","potentialAction":[{"@type":"ReadAction","target":["https:\/\/www.heartfailurematters.org\/fr\/liens-utiles\/"]}]},{"@type":"BreadcrumbList","@id":"https:\/\/www.heartfailurematters.org\/fr\/liens-utiles\/#breadcrumb","itemListElement":[{"@type":"ListItem","position":1,"name":"Accueil","item":"https:\/\/www.heartfailurematters.org\/fr\/"},{"@type":"ListItem","position":2,"name":"Liens utiles"}]},{"@type":"WebSite","@id":"https:\/\/www.heartfailurematters.org\/fr\/#website","url":"https:\/\/www.heartfailurematters.org\/fr\/","name":"Heart Failure Matters","description":"Practical information for patients, families and caregivers.","publisher":{"@id":"https:\/\/www.heartfailurematters.org\/fr\/#organization"},"potentialAction":[{"@type":"SearchAction","target":{"@type":"EntryPoint","urlTemplate":"https:\/\/www.heartfailurematters.org\/fr\/?s={search_term_string}"},"query-input":{"@type":"PropertyValueSpecification","valueRequired":true,"valueName":"search_term_string"}}],"inLanguage":"fr-FR"},{"@type":"Organization","@id":"https:\/\/www.heartfailurematters.org\/fr\/#organization","name":"Heart Failure Matters","url":"https:\/\/www.heartfailurematters.org\/fr\/","logo":{"@type":"ImageObject","inLanguage":"fr-FR","@id":"https:\/\/www.heartfailurematters.org\/fr\/#\/schema\/logo\/image\/","url":"https:\/\/cdn-endpoint-hfm.azureedge.net\/heartfailurematters\/2024\/07\/hfm-logo1.jpg","contentUrl":"https:\/\/cdn-endpoint-hfm.azureedge.net\/heartfailurematters\/2024\/07\/hfm-logo1.jpg","width":1280,"height":720,"caption":"Heart Failure Matters"},"image":{"@id":"https:\/\/www.heartfailurematters.org\/fr\/#\/schema\/logo\/image\/"},"sameAs":["https:\/\/www.facebook.com\/heartfailurematters"]}]}},"_links":{"self":[{"href":"https:\/\/www.heartfailurematters.org\/fr\/wp-json\/wp\/v2\/pages\/424","targetHints":{"allow":["GET"]}}],"collection":[{"href":"https:\/\/www.heartfailurematters.org\/fr\/wp-json\/wp\/v2\/pages"}],"about":[{"href":"https:\/\/www.heartfailurematters.org\/fr\/wp-json\/wp\/v2\/types\/page"}],"author":[{"embeddable":true,"href":"https:\/\/www.heartfailurematters.org\/fr\/wp-json\/wp\/v2\/users\/1"}],"replies":[{"embeddable":true,"href":"https:\/\/www.heartfailurematters.org\/fr\/wp-json\/wp\/v2\/comments?post=424"}],"version-history":[{"count":1,"href":"https:\/\/www.heartfailurematters.org\/fr\/wp-json\/wp\/v2\/pages\/424\/revisions"}],"predecessor-version":[{"id":14283,"href":"https:\/\/www.heartfailurematters.org\/fr\/wp-json\/wp\/v2\/pages\/424\/revisions\/14283"}],"wp:attachment":[{"href":"https:\/\/www.heartfailurematters.org\/fr\/wp-json\/wp\/v2\/media?parent=424"}],"wp:term":[{"taxonomy":"category","embeddable":true,"href":"https:\/\/www.heartfailurematters.org\/fr\/wp-json\/wp\/v2\/categories?post=424"},{"taxonomy":"post_tag","embeddable":true,"href":"https:\/\/www.heartfailurematters.org\/fr\/wp-json\/wp\/v2\/tags?post=424"}],"curies":[{"name":"wp","href":"https:\/\/api.w.org\/{rel}","templated":true}]}}