{"id":422,"date":"2021-01-27T21:36:00","date_gmt":"2021-01-27T21:36:00","guid":{"rendered":"http:\/\/heartfailurematters.local:8888\/electrocardiogramme-ecg\/"},"modified":"2021-07-27T14:10:27","modified_gmt":"2021-07-27T13:10:27","slug":"electrocardiogramme-ecg","status":"publish","type":"page","link":"https:\/\/www.heartfailurematters.org\/fr\/comprendre-linsuffisance-cardiaque\/electrocardiogramme-ecg\/","title":{"rendered":"\u00c9lectrocardiogramme (ECG)"},"content":{"rendered":"<p><span style=\"font-weight: 400;\">Un \u00e9lectrocardiogramme\u00a0ou ECG est un examen qui enregistre le rythme et l\u2019activit\u00e9 \u00e9lectrique de votre c\u0153ur<\/span><span style=\"font-weight: 400;\">. C&rsquo;est cette activit\u00e9 \u00e9lectrique qui entra\u00eene la contraction de votre c\u0153ur. La mesure de cette activit\u00e9 permet donc de d\u00e9tecter les probl\u00e8mes de fr\u00e9quence, de conduction<\/span><span style=\"font-weight: 400;\"> ou de rythme cardiaque. Un ECG est indolore et ne prend que cinq minutes environ. Plusieurs petits patchs<\/span> <span style=\"font-weight: 400;\">adh\u00e9sifs sont plac\u00e9s sur vos poignets, vos chevilles et votre poitrine. Ces <\/span><span style=\"font-weight: 400;\">patchs sont connect\u00e9s \u00e0 des fils qui conduisent \u00e0 une machine enregistrant les r\u00e9sultats. La machine ne donne pas de chocs \u00e9lectriques et n\u2019affecte pas votre c\u0153ur. Elle enregistre quelques battements sur papier. Votre m\u00e9decin \u00e9valuera alors ces r\u00e9sultats pour voir si\u00a0:<\/span><\/p>\n<ul>\n<li>il y a un anomalie du rythme <span style=\"font-weight: 400;\">ou de la conduction \u00e9lectrique\u00a0<\/span>cardiaque<\/li>\n<li>vous avez eu une <a class=\"addtooltip\" title=\"D\u00e9g\u00e2ts qui se produisent dans le muscle cardiaque quand une art\u00e8re coronaire se bouche et que la circulation sanguine vers une partie du muscle cardiaque est tr\u00e8s r\u00e9duite ou s\u2019arr\u00eate.\"><strong>crise cardiaque<\/strong><\/a> r\u00e9cemment ou il y a longtemps<\/li>\n<li>votre irrigation sanguine est r\u00e9duite (isch\u00e9mie)<\/li>\n<li>votre c\u0153ur fournit un effort trop important<\/li>\n<li>votre c\u0153ur s\u2019est <span style=\"font-weight: 400;\">hypertophi\u00e9<\/span>.<\/li>\n<\/ul>\n<p><a href=\"https:\/\/www.heartfailurematters.org\/fr\/comprendre-linsuffisance-cardiaque\/examens-frequemment-utilises-pour-deceler-une-insuffisance-cardiaque\/\">Retourner \u00e0 la rubrique \u00ab\u00a0Examens fr\u00e9quemment utilis\u00e9s pour d\u00e9celer une insuffisance cardiaque\u00a0\u00bb<\/a><\/p>\n","protected":false},"excerpt":{"rendered":"<p>Un \u00e9lectrocardiogramme\u00a0ou ECG est un examen qui enregistre le rythme et l\u2019activit\u00e9 \u00e9lectrique de votre c\u0153ur. C&rsquo;est cette activit\u00e9 \u00e9lectrique qui entra\u00eene la contraction de votre c\u0153ur. La mesure de cette activit\u00e9 permet donc de d\u00e9tecter les probl\u00e8mes de fr\u00e9quence, de conduction ou de rythme cardiaque. Un ECG est indolore et ne prend que cinq [&hellip;]<\/p>\n","protected":false},"author":1,"featured_media":10605,"parent":307,"menu_order":0,"comment_status":"open","ping_status":"open","template":"","meta":{"_acf_changed":false,"footnotes":""},"categories":[],"tags":[],"class_list":["post-422","page","type-page","status-publish","has-post-thumbnail","hentry"],"acf":[],"yoast_head":"<!-- This site is optimized with the Yoast SEO plugin v24.8.1 - https:\/\/yoast.com\/wordpress\/plugins\/seo\/ -->\n<title>\u00c9lectrocardiogramme (ECG) et Insuffisance Cardiaque<\/title>\n<meta name=\"description\" content=\"Un \u00e9lectrocardiogramme, ou ECG, est un test qui enregistre la fr\u00e9quence et l&#039;activit\u00e9 \u00e9lectrique du syst\u00e8me de conduction de votre c\u0153ur. Apprenez-en plus sur les ECG ici\" \/>\n<meta name=\"robots\" content=\"index, follow, max-snippet:-1, max-image-preview:large, max-video-preview:-1\" \/>\n<link rel=\"canonical\" href=\"https:\/\/www.heartfailurematters.org\/fr\/comprendre-linsuffisance-cardiaque\/electrocardiogramme-ecg\/\" \/>\n<meta property=\"og:locale\" content=\"fr_FR\" \/>\n<meta property=\"og:type\" content=\"article\" \/>\n<meta property=\"og:title\" content=\"\u00c9lectrocardiogramme (ECG) et Insuffisance Cardiaque\" \/>\n<meta property=\"og:description\" content=\"Un \u00e9lectrocardiogramme, ou ECG, est un test qui enregistre la fr\u00e9quence et l&#039;activit\u00e9 \u00e9lectrique du syst\u00e8me de conduction de votre c\u0153ur. Apprenez-en plus sur les ECG ici\" \/>\n<meta property=\"og:url\" content=\"https:\/\/www.heartfailurematters.org\/fr\/comprendre-linsuffisance-cardiaque\/electrocardiogramme-ecg\/\" \/>\n<meta property=\"og:site_name\" content=\"Heart Failure Matters\" \/>\n<meta property=\"article:publisher\" content=\"https:\/\/www.facebook.com\/heartfailurematters\" \/>\n<meta property=\"article:modified_time\" content=\"2021-07-27T13:10:27+00:00\" \/>\n<meta property=\"og:image\" content=\"https:\/\/www.heartfailurematters.org\/wp-content\/uploads\/2022\/02\/shutterstock_1507886318-1-min.jpg\" \/>\n\t<meta property=\"og:image:width\" content=\"900\" \/>\n\t<meta property=\"og:image:height\" content=\"600\" \/>\n\t<meta property=\"og:image:type\" content=\"image\/jpeg\" \/>\n<meta name=\"twitter:card\" content=\"summary_large_image\" \/>\n<meta name=\"twitter:label1\" content=\"Dur\u00e9e de lecture estim\u00e9e\" \/>\n\t<meta name=\"twitter:data1\" content=\"1 minute\" \/>\n<script type=\"application\/ld+json\" class=\"yoast-schema-graph\">{\"@context\":\"https:\/\/schema.org\",\"@graph\":[{\"@type\":\"WebPage\",\"@id\":\"https:\/\/www.heartfailurematters.org\/fr\/comprendre-linsuffisance-cardiaque\/electrocardiogramme-ecg\/\",\"url\":\"https:\/\/www.heartfailurematters.org\/fr\/comprendre-linsuffisance-cardiaque\/electrocardiogramme-ecg\/\",\"name\":\"\u00c9lectrocardiogramme (ECG) et Insuffisance Cardiaque\",\"isPartOf\":{\"@id\":\"https:\/\/www.heartfailurematters.org\/fr\/#website\"},\"primaryImageOfPage\":{\"@id\":\"https:\/\/www.heartfailurematters.org\/fr\/comprendre-linsuffisance-cardiaque\/electrocardiogramme-ecg\/#primaryimage\"},\"image\":{\"@id\":\"https:\/\/www.heartfailurematters.org\/fr\/comprendre-linsuffisance-cardiaque\/electrocardiogramme-ecg\/#primaryimage\"},\"thumbnailUrl\":\"https:\/\/www.heartfailurematters.org\/wp-content\/uploads\/2022\/02\/shutterstock_1507886318-1-min.jpg\",\"datePublished\":\"2021-01-27T21:36:00+00:00\",\"dateModified\":\"2021-07-27T13:10:27+00:00\",\"description\":\"Un \u00e9lectrocardiogramme, ou ECG, est un test qui enregistre la fr\u00e9quence et l'activit\u00e9 \u00e9lectrique du syst\u00e8me de conduction de votre c\u0153ur. Apprenez-en plus sur les ECG ici\",\"breadcrumb\":{\"@id\":\"https:\/\/www.heartfailurematters.org\/fr\/comprendre-linsuffisance-cardiaque\/electrocardiogramme-ecg\/#breadcrumb\"},\"inLanguage\":\"fr-FR\",\"potentialAction\":[{\"@type\":\"ReadAction\",\"target\":[\"https:\/\/www.heartfailurematters.org\/fr\/comprendre-linsuffisance-cardiaque\/electrocardiogramme-ecg\/\"]}]},{\"@type\":\"ImageObject\",\"inLanguage\":\"fr-FR\",\"@id\":\"https:\/\/www.heartfailurematters.org\/fr\/comprendre-linsuffisance-cardiaque\/electrocardiogramme-ecg\/#primaryimage\",\"url\":\"https:\/\/www.heartfailurematters.org\/wp-content\/uploads\/2022\/02\/shutterstock_1507886318-1-min.jpg\",\"contentUrl\":\"https:\/\/www.heartfailurematters.org\/wp-content\/uploads\/2022\/02\/shutterstock_1507886318-1-min.jpg\",\"width\":900,\"height\":600},{\"@type\":\"BreadcrumbList\",\"@id\":\"https:\/\/www.heartfailurematters.org\/fr\/comprendre-linsuffisance-cardiaque\/electrocardiogramme-ecg\/#breadcrumb\",\"itemListElement\":[{\"@type\":\"ListItem\",\"position\":1,\"name\":\"Accueil\",\"item\":\"https:\/\/www.heartfailurematters.org\/fr\/\"},{\"@type\":\"ListItem\",\"position\":2,\"name\":\"Comprendre l&#8217;insuffisance cardiaque\",\"item\":\"https:\/\/www.heartfailurematters.org\/fr\/comprendre-linsuffisance-cardiaque\/\"},{\"@type\":\"ListItem\",\"position\":3,\"name\":\"\u00c9lectrocardiogramme (ECG)\"}]},{\"@type\":\"WebSite\",\"@id\":\"https:\/\/www.heartfailurematters.org\/fr\/#website\",\"url\":\"https:\/\/www.heartfailurematters.org\/fr\/\",\"name\":\"Heart Failure Matters\",\"description\":\"Practical information for patients, families and caregivers.\",\"publisher\":{\"@id\":\"https:\/\/www.heartfailurematters.org\/fr\/#organization\"},\"potentialAction\":[{\"@type\":\"SearchAction\",\"target\":{\"@type\":\"EntryPoint\",\"urlTemplate\":\"https:\/\/www.heartfailurematters.org\/fr\/?s={search_term_string}\"},\"query-input\":{\"@type\":\"PropertyValueSpecification\",\"valueRequired\":true,\"valueName\":\"search_term_string\"}}],\"inLanguage\":\"fr-FR\"},{\"@type\":\"Organization\",\"@id\":\"https:\/\/www.heartfailurematters.org\/fr\/#organization\",\"name\":\"Heart Failure Matters\",\"url\":\"https:\/\/www.heartfailurematters.org\/fr\/\",\"logo\":{\"@type\":\"ImageObject\",\"inLanguage\":\"fr-FR\",\"@id\":\"https:\/\/www.heartfailurematters.org\/fr\/#\/schema\/logo\/image\/\",\"url\":\"https:\/\/cdn-endpoint-hfm.azureedge.net\/heartfailurematters\/2024\/07\/hfm-logo1.jpg\",\"contentUrl\":\"https:\/\/cdn-endpoint-hfm.azureedge.net\/heartfailurematters\/2024\/07\/hfm-logo1.jpg\",\"width\":1280,\"height\":720,\"caption\":\"Heart Failure Matters\"},\"image\":{\"@id\":\"https:\/\/www.heartfailurematters.org\/fr\/#\/schema\/logo\/image\/\"},\"sameAs\":[\"https:\/\/www.facebook.com\/heartfailurematters\"]}]}<\/script>\n<!-- \/ Yoast SEO plugin. -->","yoast_head_json":{"title":"\u00c9lectrocardiogramme (ECG) et Insuffisance Cardiaque","description":"Un \u00e9lectrocardiogramme, ou ECG, est un test qui enregistre la fr\u00e9quence et l'activit\u00e9 \u00e9lectrique du syst\u00e8me de conduction de votre c\u0153ur. Apprenez-en plus sur les ECG ici","robots":{"index":"index","follow":"follow","max-snippet":"max-snippet:-1","max-image-preview":"max-image-preview:large","max-video-preview":"max-video-preview:-1"},"canonical":"https:\/\/www.heartfailurematters.org\/fr\/comprendre-linsuffisance-cardiaque\/electrocardiogramme-ecg\/","og_locale":"fr_FR","og_type":"article","og_title":"\u00c9lectrocardiogramme (ECG) et Insuffisance Cardiaque","og_description":"Un \u00e9lectrocardiogramme, ou ECG, est un test qui enregistre la fr\u00e9quence et l'activit\u00e9 \u00e9lectrique du syst\u00e8me de conduction de votre c\u0153ur. Apprenez-en plus sur les ECG ici","og_url":"https:\/\/www.heartfailurematters.org\/fr\/comprendre-linsuffisance-cardiaque\/electrocardiogramme-ecg\/","og_site_name":"Heart Failure Matters","article_publisher":"https:\/\/www.facebook.com\/heartfailurematters","article_modified_time":"2021-07-27T13:10:27+00:00","og_image":[{"width":900,"height":600,"url":"https:\/\/www.heartfailurematters.org\/wp-content\/uploads\/2022\/02\/shutterstock_1507886318-1-min.jpg","type":"image\/jpeg"}],"twitter_card":"summary_large_image","twitter_misc":{"Dur\u00e9e de lecture estim\u00e9e":"1 minute"},"schema":{"@context":"https:\/\/schema.org","@graph":[{"@type":"WebPage","@id":"https:\/\/www.heartfailurematters.org\/fr\/comprendre-linsuffisance-cardiaque\/electrocardiogramme-ecg\/","url":"https:\/\/www.heartfailurematters.org\/fr\/comprendre-linsuffisance-cardiaque\/electrocardiogramme-ecg\/","name":"\u00c9lectrocardiogramme (ECG) et Insuffisance Cardiaque","isPartOf":{"@id":"https:\/\/www.heartfailurematters.org\/fr\/#website"},"primaryImageOfPage":{"@id":"https:\/\/www.heartfailurematters.org\/fr\/comprendre-linsuffisance-cardiaque\/electrocardiogramme-ecg\/#primaryimage"},"image":{"@id":"https:\/\/www.heartfailurematters.org\/fr\/comprendre-linsuffisance-cardiaque\/electrocardiogramme-ecg\/#primaryimage"},"thumbnailUrl":"https:\/\/www.heartfailurematters.org\/wp-content\/uploads\/2022\/02\/shutterstock_1507886318-1-min.jpg","datePublished":"2021-01-27T21:36:00+00:00","dateModified":"2021-07-27T13:10:27+00:00","description":"Un \u00e9lectrocardiogramme, ou ECG, est un test qui enregistre la fr\u00e9quence et l'activit\u00e9 \u00e9lectrique du syst\u00e8me de conduction de votre c\u0153ur. Apprenez-en plus sur les ECG ici","breadcrumb":{"@id":"https:\/\/www.heartfailurematters.org\/fr\/comprendre-linsuffisance-cardiaque\/electrocardiogramme-ecg\/#breadcrumb"},"inLanguage":"fr-FR","potentialAction":[{"@type":"ReadAction","target":["https:\/\/www.heartfailurematters.org\/fr\/comprendre-linsuffisance-cardiaque\/electrocardiogramme-ecg\/"]}]},{"@type":"ImageObject","inLanguage":"fr-FR","@id":"https:\/\/www.heartfailurematters.org\/fr\/comprendre-linsuffisance-cardiaque\/electrocardiogramme-ecg\/#primaryimage","url":"https:\/\/www.heartfailurematters.org\/wp-content\/uploads\/2022\/02\/shutterstock_1507886318-1-min.jpg","contentUrl":"https:\/\/www.heartfailurematters.org\/wp-content\/uploads\/2022\/02\/shutterstock_1507886318-1-min.jpg","width":900,"height":600},{"@type":"BreadcrumbList","@id":"https:\/\/www.heartfailurematters.org\/fr\/comprendre-linsuffisance-cardiaque\/electrocardiogramme-ecg\/#breadcrumb","itemListElement":[{"@type":"ListItem","position":1,"name":"Accueil","item":"https:\/\/www.heartfailurematters.org\/fr\/"},{"@type":"ListItem","position":2,"name":"Comprendre l&#8217;insuffisance cardiaque","item":"https:\/\/www.heartfailurematters.org\/fr\/comprendre-linsuffisance-cardiaque\/"},{"@type":"ListItem","position":3,"name":"\u00c9lectrocardiogramme (ECG)"}]},{"@type":"WebSite","@id":"https:\/\/www.heartfailurematters.org\/fr\/#website","url":"https:\/\/www.heartfailurematters.org\/fr\/","name":"Heart Failure Matters","description":"Practical information for patients, families and caregivers.","publisher":{"@id":"https:\/\/www.heartfailurematters.org\/fr\/#organization"},"potentialAction":[{"@type":"SearchAction","target":{"@type":"EntryPoint","urlTemplate":"https:\/\/www.heartfailurematters.org\/fr\/?s={search_term_string}"},"query-input":{"@type":"PropertyValueSpecification","valueRequired":true,"valueName":"search_term_string"}}],"inLanguage":"fr-FR"},{"@type":"Organization","@id":"https:\/\/www.heartfailurematters.org\/fr\/#organization","name":"Heart Failure Matters","url":"https:\/\/www.heartfailurematters.org\/fr\/","logo":{"@type":"ImageObject","inLanguage":"fr-FR","@id":"https:\/\/www.heartfailurematters.org\/fr\/#\/schema\/logo\/image\/","url":"https:\/\/cdn-endpoint-hfm.azureedge.net\/heartfailurematters\/2024\/07\/hfm-logo1.jpg","contentUrl":"https:\/\/cdn-endpoint-hfm.azureedge.net\/heartfailurematters\/2024\/07\/hfm-logo1.jpg","width":1280,"height":720,"caption":"Heart Failure Matters"},"image":{"@id":"https:\/\/www.heartfailurematters.org\/fr\/#\/schema\/logo\/image\/"},"sameAs":["https:\/\/www.facebook.com\/heartfailurematters"]}]}},"_links":{"self":[{"href":"https:\/\/www.heartfailurematters.org\/fr\/wp-json\/wp\/v2\/pages\/422","targetHints":{"allow":["GET"]}}],"collection":[{"href":"https:\/\/www.heartfailurematters.org\/fr\/wp-json\/wp\/v2\/pages"}],"about":[{"href":"https:\/\/www.heartfailurematters.org\/fr\/wp-json\/wp\/v2\/types\/page"}],"author":[{"embeddable":true,"href":"https:\/\/www.heartfailurematters.org\/fr\/wp-json\/wp\/v2\/users\/1"}],"replies":[{"embeddable":true,"href":"https:\/\/www.heartfailurematters.org\/fr\/wp-json\/wp\/v2\/comments?post=422"}],"version-history":[{"count":3,"href":"https:\/\/www.heartfailurematters.org\/fr\/wp-json\/wp\/v2\/pages\/422\/revisions"}],"predecessor-version":[{"id":9595,"href":"https:\/\/www.heartfailurematters.org\/fr\/wp-json\/wp\/v2\/pages\/422\/revisions\/9595"}],"up":[{"embeddable":true,"href":"https:\/\/www.heartfailurematters.org\/fr\/wp-json\/wp\/v2\/pages\/307"}],"wp:featuredmedia":[{"embeddable":true,"href":"https:\/\/www.heartfailurematters.org\/fr\/wp-json\/wp\/v2\/media\/10605"}],"wp:attachment":[{"href":"https:\/\/www.heartfailurematters.org\/fr\/wp-json\/wp\/v2\/media?parent=422"}],"wp:term":[{"taxonomy":"category","embeddable":true,"href":"https:\/\/www.heartfailurematters.org\/fr\/wp-json\/wp\/v2\/categories?post=422"},{"taxonomy":"post_tag","embeddable":true,"href":"https:\/\/www.heartfailurematters.org\/fr\/wp-json\/wp\/v2\/tags?post=422"}],"curies":[{"name":"wp","href":"https:\/\/api.w.org\/{rel}","templated":true}]}}