{"id":421,"date":"2021-01-27T21:36:00","date_gmt":"2021-01-27T21:36:00","guid":{"rendered":"http:\/\/heartfailurematters.local:8888\/a-propos-des-remedes-naturels-et-de-la-medecine-alternative\/"},"modified":"2021-01-27T21:36:00","modified_gmt":"2021-01-27T21:36:00","slug":"a-propos-des-remedes-naturels-et-de-la-medecine-alternative","status":"publish","type":"page","link":"https:\/\/www.heartfailurematters.org\/fr\/ce-que-votre-medecin-ou-votre-infirmier-ere-peut-faire\/a-propos-des-remedes-naturels-et-de-la-medecine-alternative\/","title":{"rendered":"\u00c0 propos des rem\u00e8des naturels et de la m\u00e9decine alternative"},"content":{"rendered":"<p>Vous avez peut-&ecirc;tre lu des informations encourageantes sur les rem&egrave;des naturels et la m&eacute;decine alternative. Cependant, il n&rsquo;existe souvent aucune preuve m&eacute;dicale que ces traitements am&eacute;liorent l&rsquo;insuffisance cardiaque. Au contraire, les ingr&eacute;dients qui composent certains de ces traitements alternatifs peuvent interf&eacute;rer avec l&rsquo;action de certains m&eacute;dicaments contre l&rsquo;insuffisance cardiaque et avoir des effets nocifs.<\/p>\n<p>Certains des rem&egrave;des alternatifs ou naturels les plus fr&eacute;quemment utilis&eacute;s peuvent modifier l&rsquo;action de certains m&eacute;dicaments contre l&rsquo;insuffisance cardiaque, notamment&nbsp;:<\/p>\n<ul>\n<li>Ephedra (Ma Huang)<\/li>\n<li>M&eacute;tabolites de l&rsquo;&eacute;ph&eacute;drine<\/li>\n<li>Herbes chinoises<\/li>\n<li>Produits &agrave; base d&rsquo;aub&eacute;pine (cratageus)<\/li>\n<li>Ail<\/li>\n<li>Ginseng<\/li>\n<li>Gingko<\/li>\n<li>Coenzyme Q-10<\/li>\n<\/ul>\n<p>Il est vivement recommand&eacute; de discuter avec votre m&eacute;decin, votre infirmi&egrave;re ou votre pharmacien avant de prendre des rem&egrave;des alternatifs, naturels ou phytoth&eacute;rapeutiques.<\/p>\n<p><a href=\"https:\/\/www.heartfailurematters.org\/fr\/ce-que-votre-medecin-ou-votre-infirmier-ere-peut-faire\/medicaments-contre-linsuffisance-cardiaque\/\">Retourner &agrave; la rubrique &laquo;&nbsp;Les m&eacute;dicaments contre l&rsquo;insuffisance cardiaque&nbsp;&raquo;<\/a><\/p>\n","protected":false},"excerpt":{"rendered":"<p>Vous avez peut-&ecirc;tre lu des informations encourageantes sur les rem&egrave;des naturels et la m&eacute;decine alternative. Cependant, il n&rsquo;existe souvent aucune preuve m&eacute;dicale que ces traitements am&eacute;liorent l&rsquo;insuffisance cardiaque. Au contraire, les ingr&eacute;dients qui composent certains de ces traitements alternatifs peuvent interf&eacute;rer avec l&rsquo;action de certains m&eacute;dicaments contre l&rsquo;insuffisance cardiaque et avoir des effets nocifs. Certains [&hellip;]<\/p>\n","protected":false},"author":1,"featured_media":10960,"parent":2679,"menu_order":0,"comment_status":"open","ping_status":"open","template":"","meta":{"_acf_changed":false,"footnotes":""},"categories":[],"tags":[],"class_list":["post-421","page","type-page","status-publish","has-post-thumbnail","hentry"],"acf":[],"yoast_head":"<!-- This site is optimized with the Yoast SEO plugin v24.8.1 - https:\/\/yoast.com\/wordpress\/plugins\/seo\/ -->\n<title>\u00c0 propos des rem\u00e8des naturels et de la m\u00e9decine alternative - Heart Failure Matters<\/title>\n<meta name=\"description\" content=\"Il n&#039;y a \u00e0 l&#039;heure actuelle aucune preuve m\u00e9dicale que les traitements naturels am\u00e9liorent l&#039;insuffisance cardiaque. Au contraire, les ingr\u00e9dients contenus dans certains de ces traitements alternatifs peuvent interf\u00e9rer avec les actions de certains m\u00e9dicaments contre l&#039;insuffisance cardiaque\" \/>\n<meta name=\"robots\" content=\"index, follow, max-snippet:-1, max-image-preview:large, max-video-preview:-1\" \/>\n<link rel=\"canonical\" href=\"https:\/\/www.heartfailurematters.org\/fr\/ce-que-votre-medecin-ou-votre-infirmier-ere-peut-faire\/a-propos-des-remedes-naturels-et-de-la-medecine-alternative\/\" \/>\n<meta property=\"og:locale\" content=\"fr_FR\" \/>\n<meta property=\"og:type\" content=\"article\" \/>\n<meta property=\"og:title\" content=\"\u00c0 propos des rem\u00e8des naturels et de la m\u00e9decine alternative - Heart Failure Matters\" \/>\n<meta property=\"og:description\" content=\"Il n&#039;y a \u00e0 l&#039;heure actuelle aucune preuve m\u00e9dicale que les traitements naturels am\u00e9liorent l&#039;insuffisance cardiaque. Au contraire, les ingr\u00e9dients contenus dans certains de ces traitements alternatifs peuvent interf\u00e9rer avec les actions de certains m\u00e9dicaments contre l&#039;insuffisance cardiaque\" \/>\n<meta property=\"og:url\" content=\"https:\/\/www.heartfailurematters.org\/fr\/ce-que-votre-medecin-ou-votre-infirmier-ere-peut-faire\/a-propos-des-remedes-naturels-et-de-la-medecine-alternative\/\" \/>\n<meta property=\"og:site_name\" content=\"Heart Failure Matters\" \/>\n<meta property=\"article:publisher\" content=\"https:\/\/www.facebook.com\/heartfailurematters\" \/>\n<meta property=\"og:image\" content=\"https:\/\/www.heartfailurematters.org\/wp-content\/uploads\/2022\/03\/shutterstock_697586869-1-min.jpg\" \/>\n\t<meta property=\"og:image:width\" content=\"900\" \/>\n\t<meta property=\"og:image:height\" content=\"600\" \/>\n\t<meta property=\"og:image:type\" content=\"image\/jpeg\" \/>\n<meta name=\"twitter:card\" content=\"summary_large_image\" \/>\n<meta name=\"twitter:label1\" content=\"Dur\u00e9e de lecture estim\u00e9e\" \/>\n\t<meta name=\"twitter:data1\" content=\"1 minute\" \/>\n<script type=\"application\/ld+json\" class=\"yoast-schema-graph\">{\"@context\":\"https:\/\/schema.org\",\"@graph\":[{\"@type\":\"WebPage\",\"@id\":\"https:\/\/www.heartfailurematters.org\/fr\/ce-que-votre-medecin-ou-votre-infirmier-ere-peut-faire\/a-propos-des-remedes-naturels-et-de-la-medecine-alternative\/\",\"url\":\"https:\/\/www.heartfailurematters.org\/fr\/ce-que-votre-medecin-ou-votre-infirmier-ere-peut-faire\/a-propos-des-remedes-naturels-et-de-la-medecine-alternative\/\",\"name\":\"\u00c0 propos des rem\u00e8des naturels et de la m\u00e9decine alternative - Heart Failure Matters\",\"isPartOf\":{\"@id\":\"https:\/\/www.heartfailurematters.org\/fr\/#website\"},\"primaryImageOfPage\":{\"@id\":\"https:\/\/www.heartfailurematters.org\/fr\/ce-que-votre-medecin-ou-votre-infirmier-ere-peut-faire\/a-propos-des-remedes-naturels-et-de-la-medecine-alternative\/#primaryimage\"},\"image\":{\"@id\":\"https:\/\/www.heartfailurematters.org\/fr\/ce-que-votre-medecin-ou-votre-infirmier-ere-peut-faire\/a-propos-des-remedes-naturels-et-de-la-medecine-alternative\/#primaryimage\"},\"thumbnailUrl\":\"https:\/\/www.heartfailurematters.org\/wp-content\/uploads\/2022\/03\/shutterstock_697586869-1-min.jpg\",\"datePublished\":\"2021-01-27T21:36:00+00:00\",\"description\":\"Il n'y a \u00e0 l'heure actuelle aucune preuve m\u00e9dicale que les traitements naturels am\u00e9liorent l'insuffisance cardiaque. Au contraire, les ingr\u00e9dients contenus dans certains de ces traitements alternatifs peuvent interf\u00e9rer avec les actions de certains m\u00e9dicaments contre l'insuffisance cardiaque\",\"breadcrumb\":{\"@id\":\"https:\/\/www.heartfailurematters.org\/fr\/ce-que-votre-medecin-ou-votre-infirmier-ere-peut-faire\/a-propos-des-remedes-naturels-et-de-la-medecine-alternative\/#breadcrumb\"},\"inLanguage\":\"fr-FR\",\"potentialAction\":[{\"@type\":\"ReadAction\",\"target\":[\"https:\/\/www.heartfailurematters.org\/fr\/ce-que-votre-medecin-ou-votre-infirmier-ere-peut-faire\/a-propos-des-remedes-naturels-et-de-la-medecine-alternative\/\"]}]},{\"@type\":\"ImageObject\",\"inLanguage\":\"fr-FR\",\"@id\":\"https:\/\/www.heartfailurematters.org\/fr\/ce-que-votre-medecin-ou-votre-infirmier-ere-peut-faire\/a-propos-des-remedes-naturels-et-de-la-medecine-alternative\/#primaryimage\",\"url\":\"https:\/\/www.heartfailurematters.org\/wp-content\/uploads\/2022\/03\/shutterstock_697586869-1-min.jpg\",\"contentUrl\":\"https:\/\/www.heartfailurematters.org\/wp-content\/uploads\/2022\/03\/shutterstock_697586869-1-min.jpg\",\"width\":900,\"height\":600},{\"@type\":\"BreadcrumbList\",\"@id\":\"https:\/\/www.heartfailurematters.org\/fr\/ce-que-votre-medecin-ou-votre-infirmier-ere-peut-faire\/a-propos-des-remedes-naturels-et-de-la-medecine-alternative\/#breadcrumb\",\"itemListElement\":[{\"@type\":\"ListItem\",\"position\":1,\"name\":\"Accueil\",\"item\":\"https:\/\/www.heartfailurematters.org\/fr\/\"},{\"@type\":\"ListItem\",\"position\":2,\"name\":\"Ce que votre m\u00e9decin peut faire\",\"item\":\"https:\/\/www.heartfailurematters.org\/fr\/ce-que-votre-medecin-ou-votre-infirmier-ere-peut-faire\/\"},{\"@type\":\"ListItem\",\"position\":3,\"name\":\"\u00c0 propos des rem\u00e8des naturels et de la m\u00e9decine alternative\"}]},{\"@type\":\"WebSite\",\"@id\":\"https:\/\/www.heartfailurematters.org\/fr\/#website\",\"url\":\"https:\/\/www.heartfailurematters.org\/fr\/\",\"name\":\"Heart Failure Matters\",\"description\":\"Practical information for patients, families and caregivers.\",\"publisher\":{\"@id\":\"https:\/\/www.heartfailurematters.org\/fr\/#organization\"},\"potentialAction\":[{\"@type\":\"SearchAction\",\"target\":{\"@type\":\"EntryPoint\",\"urlTemplate\":\"https:\/\/www.heartfailurematters.org\/fr\/?s={search_term_string}\"},\"query-input\":{\"@type\":\"PropertyValueSpecification\",\"valueRequired\":true,\"valueName\":\"search_term_string\"}}],\"inLanguage\":\"fr-FR\"},{\"@type\":\"Organization\",\"@id\":\"https:\/\/www.heartfailurematters.org\/fr\/#organization\",\"name\":\"Heart Failure Matters\",\"url\":\"https:\/\/www.heartfailurematters.org\/fr\/\",\"logo\":{\"@type\":\"ImageObject\",\"inLanguage\":\"fr-FR\",\"@id\":\"https:\/\/www.heartfailurematters.org\/fr\/#\/schema\/logo\/image\/\",\"url\":\"https:\/\/cdn-endpoint-hfm.azureedge.net\/heartfailurematters\/2024\/07\/hfm-logo1.jpg\",\"contentUrl\":\"https:\/\/cdn-endpoint-hfm.azureedge.net\/heartfailurematters\/2024\/07\/hfm-logo1.jpg\",\"width\":1280,\"height\":720,\"caption\":\"Heart Failure Matters\"},\"image\":{\"@id\":\"https:\/\/www.heartfailurematters.org\/fr\/#\/schema\/logo\/image\/\"},\"sameAs\":[\"https:\/\/www.facebook.com\/heartfailurematters\"]}]}<\/script>\n<!-- \/ Yoast SEO plugin. -->","yoast_head_json":{"title":"\u00c0 propos des rem\u00e8des naturels et de la m\u00e9decine alternative - Heart Failure Matters","description":"Il n'y a \u00e0 l'heure actuelle aucune preuve m\u00e9dicale que les traitements naturels am\u00e9liorent l'insuffisance cardiaque. Au contraire, les ingr\u00e9dients contenus dans certains de ces traitements alternatifs peuvent interf\u00e9rer avec les actions de certains m\u00e9dicaments contre l'insuffisance cardiaque","robots":{"index":"index","follow":"follow","max-snippet":"max-snippet:-1","max-image-preview":"max-image-preview:large","max-video-preview":"max-video-preview:-1"},"canonical":"https:\/\/www.heartfailurematters.org\/fr\/ce-que-votre-medecin-ou-votre-infirmier-ere-peut-faire\/a-propos-des-remedes-naturels-et-de-la-medecine-alternative\/","og_locale":"fr_FR","og_type":"article","og_title":"\u00c0 propos des rem\u00e8des naturels et de la m\u00e9decine alternative - Heart Failure Matters","og_description":"Il n'y a \u00e0 l'heure actuelle aucune preuve m\u00e9dicale que les traitements naturels am\u00e9liorent l'insuffisance cardiaque. Au contraire, les ingr\u00e9dients contenus dans certains de ces traitements alternatifs peuvent interf\u00e9rer avec les actions de certains m\u00e9dicaments contre l'insuffisance cardiaque","og_url":"https:\/\/www.heartfailurematters.org\/fr\/ce-que-votre-medecin-ou-votre-infirmier-ere-peut-faire\/a-propos-des-remedes-naturels-et-de-la-medecine-alternative\/","og_site_name":"Heart Failure Matters","article_publisher":"https:\/\/www.facebook.com\/heartfailurematters","og_image":[{"width":900,"height":600,"url":"https:\/\/www.heartfailurematters.org\/wp-content\/uploads\/2022\/03\/shutterstock_697586869-1-min.jpg","type":"image\/jpeg"}],"twitter_card":"summary_large_image","twitter_misc":{"Dur\u00e9e de lecture estim\u00e9e":"1 minute"},"schema":{"@context":"https:\/\/schema.org","@graph":[{"@type":"WebPage","@id":"https:\/\/www.heartfailurematters.org\/fr\/ce-que-votre-medecin-ou-votre-infirmier-ere-peut-faire\/a-propos-des-remedes-naturels-et-de-la-medecine-alternative\/","url":"https:\/\/www.heartfailurematters.org\/fr\/ce-que-votre-medecin-ou-votre-infirmier-ere-peut-faire\/a-propos-des-remedes-naturels-et-de-la-medecine-alternative\/","name":"\u00c0 propos des rem\u00e8des naturels et de la m\u00e9decine alternative - Heart Failure Matters","isPartOf":{"@id":"https:\/\/www.heartfailurematters.org\/fr\/#website"},"primaryImageOfPage":{"@id":"https:\/\/www.heartfailurematters.org\/fr\/ce-que-votre-medecin-ou-votre-infirmier-ere-peut-faire\/a-propos-des-remedes-naturels-et-de-la-medecine-alternative\/#primaryimage"},"image":{"@id":"https:\/\/www.heartfailurematters.org\/fr\/ce-que-votre-medecin-ou-votre-infirmier-ere-peut-faire\/a-propos-des-remedes-naturels-et-de-la-medecine-alternative\/#primaryimage"},"thumbnailUrl":"https:\/\/www.heartfailurematters.org\/wp-content\/uploads\/2022\/03\/shutterstock_697586869-1-min.jpg","datePublished":"2021-01-27T21:36:00+00:00","description":"Il n'y a \u00e0 l'heure actuelle aucune preuve m\u00e9dicale que les traitements naturels am\u00e9liorent l'insuffisance cardiaque. Au contraire, les ingr\u00e9dients contenus dans certains de ces traitements alternatifs peuvent interf\u00e9rer avec les actions de certains m\u00e9dicaments contre l'insuffisance cardiaque","breadcrumb":{"@id":"https:\/\/www.heartfailurematters.org\/fr\/ce-que-votre-medecin-ou-votre-infirmier-ere-peut-faire\/a-propos-des-remedes-naturels-et-de-la-medecine-alternative\/#breadcrumb"},"inLanguage":"fr-FR","potentialAction":[{"@type":"ReadAction","target":["https:\/\/www.heartfailurematters.org\/fr\/ce-que-votre-medecin-ou-votre-infirmier-ere-peut-faire\/a-propos-des-remedes-naturels-et-de-la-medecine-alternative\/"]}]},{"@type":"ImageObject","inLanguage":"fr-FR","@id":"https:\/\/www.heartfailurematters.org\/fr\/ce-que-votre-medecin-ou-votre-infirmier-ere-peut-faire\/a-propos-des-remedes-naturels-et-de-la-medecine-alternative\/#primaryimage","url":"https:\/\/www.heartfailurematters.org\/wp-content\/uploads\/2022\/03\/shutterstock_697586869-1-min.jpg","contentUrl":"https:\/\/www.heartfailurematters.org\/wp-content\/uploads\/2022\/03\/shutterstock_697586869-1-min.jpg","width":900,"height":600},{"@type":"BreadcrumbList","@id":"https:\/\/www.heartfailurematters.org\/fr\/ce-que-votre-medecin-ou-votre-infirmier-ere-peut-faire\/a-propos-des-remedes-naturels-et-de-la-medecine-alternative\/#breadcrumb","itemListElement":[{"@type":"ListItem","position":1,"name":"Accueil","item":"https:\/\/www.heartfailurematters.org\/fr\/"},{"@type":"ListItem","position":2,"name":"Ce que votre m\u00e9decin peut faire","item":"https:\/\/www.heartfailurematters.org\/fr\/ce-que-votre-medecin-ou-votre-infirmier-ere-peut-faire\/"},{"@type":"ListItem","position":3,"name":"\u00c0 propos des rem\u00e8des naturels et de la m\u00e9decine alternative"}]},{"@type":"WebSite","@id":"https:\/\/www.heartfailurematters.org\/fr\/#website","url":"https:\/\/www.heartfailurematters.org\/fr\/","name":"Heart Failure Matters","description":"Practical information for patients, families and caregivers.","publisher":{"@id":"https:\/\/www.heartfailurematters.org\/fr\/#organization"},"potentialAction":[{"@type":"SearchAction","target":{"@type":"EntryPoint","urlTemplate":"https:\/\/www.heartfailurematters.org\/fr\/?s={search_term_string}"},"query-input":{"@type":"PropertyValueSpecification","valueRequired":true,"valueName":"search_term_string"}}],"inLanguage":"fr-FR"},{"@type":"Organization","@id":"https:\/\/www.heartfailurematters.org\/fr\/#organization","name":"Heart Failure Matters","url":"https:\/\/www.heartfailurematters.org\/fr\/","logo":{"@type":"ImageObject","inLanguage":"fr-FR","@id":"https:\/\/www.heartfailurematters.org\/fr\/#\/schema\/logo\/image\/","url":"https:\/\/cdn-endpoint-hfm.azureedge.net\/heartfailurematters\/2024\/07\/hfm-logo1.jpg","contentUrl":"https:\/\/cdn-endpoint-hfm.azureedge.net\/heartfailurematters\/2024\/07\/hfm-logo1.jpg","width":1280,"height":720,"caption":"Heart Failure Matters"},"image":{"@id":"https:\/\/www.heartfailurematters.org\/fr\/#\/schema\/logo\/image\/"},"sameAs":["https:\/\/www.facebook.com\/heartfailurematters"]}]}},"_links":{"self":[{"href":"https:\/\/www.heartfailurematters.org\/fr\/wp-json\/wp\/v2\/pages\/421","targetHints":{"allow":["GET"]}}],"collection":[{"href":"https:\/\/www.heartfailurematters.org\/fr\/wp-json\/wp\/v2\/pages"}],"about":[{"href":"https:\/\/www.heartfailurematters.org\/fr\/wp-json\/wp\/v2\/types\/page"}],"author":[{"embeddable":true,"href":"https:\/\/www.heartfailurematters.org\/fr\/wp-json\/wp\/v2\/users\/1"}],"replies":[{"embeddable":true,"href":"https:\/\/www.heartfailurematters.org\/fr\/wp-json\/wp\/v2\/comments?post=421"}],"version-history":[{"count":0,"href":"https:\/\/www.heartfailurematters.org\/fr\/wp-json\/wp\/v2\/pages\/421\/revisions"}],"up":[{"embeddable":true,"href":"https:\/\/www.heartfailurematters.org\/fr\/wp-json\/wp\/v2\/pages\/2679"}],"wp:featuredmedia":[{"embeddable":true,"href":"https:\/\/www.heartfailurematters.org\/fr\/wp-json\/wp\/v2\/media\/10960"}],"wp:attachment":[{"href":"https:\/\/www.heartfailurematters.org\/fr\/wp-json\/wp\/v2\/media?parent=421"}],"wp:term":[{"taxonomy":"category","embeddable":true,"href":"https:\/\/www.heartfailurematters.org\/fr\/wp-json\/wp\/v2\/categories?post=421"},{"taxonomy":"post_tag","embeddable":true,"href":"https:\/\/www.heartfailurematters.org\/fr\/wp-json\/wp\/v2\/tags?post=421"}],"curies":[{"name":"wp","href":"https:\/\/api.w.org\/{rel}","templated":true}]}}