{"id":418,"date":"2021-01-27T21:36:00","date_gmt":"2021-01-27T21:36:00","guid":{"rendered":"http:\/\/heartfailurematters.local:8888\/idees-recues-et-realites-a-propos-de-linsuffisance-cardiaque\/"},"modified":"2021-01-27T21:36:00","modified_gmt":"2021-01-27T21:36:00","slug":"idees-recues-et-realites-a-propos-de-linsuffisance-cardiaque","status":"publish","type":"page","link":"https:\/\/www.heartfailurematters.org\/fr\/comprendre-linsuffisance-cardiaque\/idees-recues-et-realites-a-propos-de-linsuffisance-cardiaque\/","title":{"rendered":"Id\u00e9es re\u00e7ues et r\u00e9alit\u00e9s \u00e0 propos de l\u2019insuffisance cardiaque"},"content":{"rendered":"<p><strong>L\u2019insuffisance cardiaque signifie que le c\u0153ur s\u2019est arr\u00eat\u00e9 de battre<\/strong><\/p>\n<p>ID\u00c9E RE\u00c7UE&nbsp;: L\u2019insuffisance cardiaque ne signifie pas que le c\u0153ur a cess\u00e9 de battre. L\u2019insuffisance cardiaque se produit lorsque votre muscle ou vos <a class=\"addtooltip\" title=\"Les valves canalisent le sens du flux sanguin dans le c\u0153ur, emp\u00eachant le sang de refouler\"><strong>valves<\/strong><\/a><a class=\"addtooltip\" title=\"\" div=\"\">&nbsp;<\/a> cardiaques ont \u00e9t\u00e9 endommag\u00e9s et par cons\u00e9quent que votre c\u0153ur ne parvient pas \u00e0 pomper le sang dans votre corps aussi efficacement qu\u2019il le devrait.<\/p>\n<p><strong>L&rsquo;insuffisance cardiaque est une pathologie grave<\/strong><\/p>\n<p>R\u00c9ALIT\u00c9&nbsp;: L\u2019insuffisance cardiaque est une affection tr\u00e8s grave qui peut diminuer votre esp\u00e9rance de vie. Cependant, en collaborant avec votre m\u00e9decin et votre infirmi\u00e8re, vous pouvez obtenir des traitements efficaces et changer votre mode de vie, pour soulager vos sympt\u00f4mes, am\u00e9liorer votre quotidien et prolonger votre esp\u00e9rance de vie.<\/p>\n<p><strong>L\u2019insuffisance cardiaque est fr\u00e9quente<\/strong><\/p>\n<p>R\u00c9ALIT\u00c9&nbsp;: 1 \u00e0 2&nbsp;% de la population adulte dans les pays d\u00e9velopp\u00e9s souffriraient \u00e0 l\u2019heure actuelle d\u2019une insuffisance cardiaque. Ce chiffre avoisine les 10&nbsp;% chez les personnes de plus de 70 ans.<\/p>\n<p><strong>L\u2019insuffisance cardiaque ne peut pas \u00eatre trait\u00e9e<\/strong><\/p>\n<p>ID\u00c9E RE\u00c7UE&nbsp;: Il existe de nombreux traitements efficaces contre l\u2019insuffisance cardiaque, qui permettent de diminuer les sympt\u00f4mes et retarder la progression de la maladie. Vous pourrez discuter des options th\u00e9rapeutiques avec votre m\u00e9decin.&nbsp;<\/p>\n<p><strong>L\u2019exercice physique est d\u00e9conseill\u00e9 en cas d\u2019insuffisance cardiaque<\/strong><\/p>\n<p>ID\u00c9E RE\u00c7UE&nbsp;: Il est tr\u00e8s important pour les personnes atteintes d&rsquo;insuffisance cardiaque de pratiquer des activit\u00e9s physiques. Cependant, il est \u00e9galement important de ne pas en faire trop. Des activit\u00e9s physiques adapt\u00e9es peuvent contribuer \u00e0 am\u00e9liorer le flux sanguin et soulager certains de vos sympt\u00f4mes.<\/p>\n<p>Pour en savoir plus sur l\u2019activit\u00e9 physique en cas d\u2019insuffisance cardiaque, <a href=\"https:\/\/www.heartfailurematters.org\/fr\/ce-que-vous-pouvez-faire\/activite-et-exercices-physiques\/\" title=\"Click here to learn more about exercising with heart failure\">cliquez ici<\/a>.<\/p>\n<p><strong>L\u2019insuffisance cardiaque est une cons\u00e9quence normale du vieillissement<\/strong><\/p>\n<p>ID\u00c9E RE\u00c7UE&nbsp;: L\u2019insuffisance cardiaque touche des personnes de tous \u00e2ges. La plupart sont certes \u00e2g\u00e9es, mais l\u2019insuffisance cardiaque ne fait pas n\u00e9cessairement partie du processus de vieillissement. Il s\u2019agit d\u2019une affection cardiovasculaire grave qui peut souvent \u00eatre \u00e9vit\u00e9e et grandement am\u00e9lior\u00e9e par les traitements actuellement disponibles.<\/p>\n","protected":false},"excerpt":{"rendered":"<p>L\u2019insuffisance cardiaque signifie que le c\u0153ur s\u2019est arr\u00eat\u00e9 de battre ID\u00c9E RE\u00c7UE&nbsp;: L\u2019insuffisance cardiaque ne signifie pas que le c\u0153ur a cess\u00e9 de battre. L\u2019insuffisance cardiaque se produit lorsque votre muscle ou vos valves&nbsp; cardiaques ont \u00e9t\u00e9 endommag\u00e9s et par cons\u00e9quent que votre c\u0153ur ne parvient pas \u00e0 pomper le sang dans votre corps aussi [&hellip;]<\/p>\n","protected":false},"author":1,"featured_media":10595,"parent":307,"menu_order":12,"comment_status":"open","ping_status":"closed","template":"","meta":{"_acf_changed":false,"footnotes":""},"categories":[118],"tags":[],"class_list":["post-418","page","type-page","status-publish","has-post-thumbnail","hentry","category-understanding-heart-failure-fr"],"acf":[],"yoast_head":"<!-- This site is optimized with the Yoast SEO plugin v24.8.1 - https:\/\/yoast.com\/wordpress\/plugins\/seo\/ -->\n<title>Id\u00e9es re\u00e7ues et r\u00e9alit\u00e9s \u00e0 propos de l\u2019insuffisance cardiaque - Heart Failure Matters<\/title>\n<meta name=\"description\" content=\"Abordons le sujet de l&#039;insuffisance cardiaque. Est-elle mortelle ? Est-elle fr\u00e9quente ? Peut-elle \u00eatre soign\u00e9e ? Devez-vous faire de l&#039;exercice ? Dans cette section, nous d\u00e9construisons les mythes et parlons des faits\" \/>\n<meta name=\"robots\" content=\"index, follow, max-snippet:-1, max-image-preview:large, max-video-preview:-1\" \/>\n<link rel=\"canonical\" href=\"https:\/\/www.heartfailurematters.org\/fr\/comprendre-linsuffisance-cardiaque\/idees-recues-et-realites-a-propos-de-linsuffisance-cardiaque\/\" \/>\n<meta property=\"og:locale\" content=\"fr_FR\" \/>\n<meta property=\"og:type\" content=\"article\" \/>\n<meta property=\"og:title\" content=\"Id\u00e9es re\u00e7ues et r\u00e9alit\u00e9s \u00e0 propos de l\u2019insuffisance cardiaque - Heart Failure Matters\" \/>\n<meta property=\"og:description\" content=\"Abordons le sujet de l&#039;insuffisance cardiaque. Est-elle mortelle ? Est-elle fr\u00e9quente ? Peut-elle \u00eatre soign\u00e9e ? Devez-vous faire de l&#039;exercice ? Dans cette section, nous d\u00e9construisons les mythes et parlons des faits\" \/>\n<meta property=\"og:url\" content=\"https:\/\/www.heartfailurematters.org\/fr\/comprendre-linsuffisance-cardiaque\/idees-recues-et-realites-a-propos-de-linsuffisance-cardiaque\/\" \/>\n<meta property=\"og:site_name\" content=\"Heart Failure Matters\" \/>\n<meta property=\"article:publisher\" content=\"https:\/\/www.facebook.com\/heartfailurematters\" \/>\n<meta property=\"og:image\" content=\"https:\/\/www.heartfailurematters.org\/wp-content\/uploads\/2022\/02\/shutterstock_294962735-1-min.jpg?_t=1773221718\" \/>\n\t<meta property=\"og:image:width\" content=\"900\" \/>\n\t<meta property=\"og:image:height\" content=\"601\" \/>\n\t<meta property=\"og:image:type\" content=\"image\/jpeg\" \/>\n<meta name=\"twitter:card\" content=\"summary_large_image\" \/>\n<meta name=\"twitter:label1\" content=\"Dur\u00e9e de lecture estim\u00e9e\" \/>\n\t<meta name=\"twitter:data1\" content=\"2 minutes\" \/>\n<script type=\"application\/ld+json\" class=\"yoast-schema-graph\">{\"@context\":\"https:\/\/schema.org\",\"@graph\":[{\"@type\":\"WebPage\",\"@id\":\"https:\/\/www.heartfailurematters.org\/fr\/comprendre-linsuffisance-cardiaque\/idees-recues-et-realites-a-propos-de-linsuffisance-cardiaque\/\",\"url\":\"https:\/\/www.heartfailurematters.org\/fr\/comprendre-linsuffisance-cardiaque\/idees-recues-et-realites-a-propos-de-linsuffisance-cardiaque\/\",\"name\":\"Id\u00e9es re\u00e7ues et r\u00e9alit\u00e9s \u00e0 propos de l\u2019insuffisance cardiaque - Heart Failure Matters\",\"isPartOf\":{\"@id\":\"https:\/\/www.heartfailurematters.org\/fr\/#website\"},\"primaryImageOfPage\":{\"@id\":\"https:\/\/www.heartfailurematters.org\/fr\/comprendre-linsuffisance-cardiaque\/idees-recues-et-realites-a-propos-de-linsuffisance-cardiaque\/#primaryimage\"},\"image\":{\"@id\":\"https:\/\/www.heartfailurematters.org\/fr\/comprendre-linsuffisance-cardiaque\/idees-recues-et-realites-a-propos-de-linsuffisance-cardiaque\/#primaryimage\"},\"thumbnailUrl\":\"https:\/\/www.heartfailurematters.org\/wp-content\/uploads\/2022\/02\/shutterstock_294962735-1-min.jpg\",\"datePublished\":\"2021-01-27T21:36:00+00:00\",\"description\":\"Abordons le sujet de l'insuffisance cardiaque. Est-elle mortelle ? Est-elle fr\u00e9quente ? Peut-elle \u00eatre soign\u00e9e ? Devez-vous faire de l'exercice ? Dans cette section, nous d\u00e9construisons les mythes et parlons des faits\",\"breadcrumb\":{\"@id\":\"https:\/\/www.heartfailurematters.org\/fr\/comprendre-linsuffisance-cardiaque\/idees-recues-et-realites-a-propos-de-linsuffisance-cardiaque\/#breadcrumb\"},\"inLanguage\":\"fr-FR\",\"potentialAction\":[{\"@type\":\"ReadAction\",\"target\":[\"https:\/\/www.heartfailurematters.org\/fr\/comprendre-linsuffisance-cardiaque\/idees-recues-et-realites-a-propos-de-linsuffisance-cardiaque\/\"]}]},{\"@type\":\"ImageObject\",\"inLanguage\":\"fr-FR\",\"@id\":\"https:\/\/www.heartfailurematters.org\/fr\/comprendre-linsuffisance-cardiaque\/idees-recues-et-realites-a-propos-de-linsuffisance-cardiaque\/#primaryimage\",\"url\":\"https:\/\/www.heartfailurematters.org\/wp-content\/uploads\/2022\/02\/shutterstock_294962735-1-min.jpg\",\"contentUrl\":\"https:\/\/www.heartfailurematters.org\/wp-content\/uploads\/2022\/02\/shutterstock_294962735-1-min.jpg\",\"width\":900,\"height\":601},{\"@type\":\"BreadcrumbList\",\"@id\":\"https:\/\/www.heartfailurematters.org\/fr\/comprendre-linsuffisance-cardiaque\/idees-recues-et-realites-a-propos-de-linsuffisance-cardiaque\/#breadcrumb\",\"itemListElement\":[{\"@type\":\"ListItem\",\"position\":1,\"name\":\"Accueil\",\"item\":\"https:\/\/www.heartfailurematters.org\/fr\/\"},{\"@type\":\"ListItem\",\"position\":2,\"name\":\"Comprendre l&#8217;insuffisance cardiaque\",\"item\":\"https:\/\/www.heartfailurematters.org\/fr\/comprendre-linsuffisance-cardiaque\/\"},{\"@type\":\"ListItem\",\"position\":3,\"name\":\"Id\u00e9es re\u00e7ues et r\u00e9alit\u00e9s \u00e0 propos de l\u2019insuffisance cardiaque\"}]},{\"@type\":\"WebSite\",\"@id\":\"https:\/\/www.heartfailurematters.org\/fr\/#website\",\"url\":\"https:\/\/www.heartfailurematters.org\/fr\/\",\"name\":\"Heart Failure Matters\",\"description\":\"Practical information for patients, families and caregivers.\",\"publisher\":{\"@id\":\"https:\/\/www.heartfailurematters.org\/fr\/#organization\"},\"potentialAction\":[{\"@type\":\"SearchAction\",\"target\":{\"@type\":\"EntryPoint\",\"urlTemplate\":\"https:\/\/www.heartfailurematters.org\/fr\/?s={search_term_string}\"},\"query-input\":{\"@type\":\"PropertyValueSpecification\",\"valueRequired\":true,\"valueName\":\"search_term_string\"}}],\"inLanguage\":\"fr-FR\"},{\"@type\":\"Organization\",\"@id\":\"https:\/\/www.heartfailurematters.org\/fr\/#organization\",\"name\":\"Heart Failure Matters\",\"url\":\"https:\/\/www.heartfailurematters.org\/fr\/\",\"logo\":{\"@type\":\"ImageObject\",\"inLanguage\":\"fr-FR\",\"@id\":\"https:\/\/www.heartfailurematters.org\/fr\/#\/schema\/logo\/image\/\",\"url\":\"https:\/\/cdn-endpoint-hfm.azureedge.net\/heartfailurematters\/2024\/07\/hfm-logo1.jpg\",\"contentUrl\":\"https:\/\/cdn-endpoint-hfm.azureedge.net\/heartfailurematters\/2024\/07\/hfm-logo1.jpg\",\"width\":1280,\"height\":720,\"caption\":\"Heart Failure Matters\"},\"image\":{\"@id\":\"https:\/\/www.heartfailurematters.org\/fr\/#\/schema\/logo\/image\/\"},\"sameAs\":[\"https:\/\/www.facebook.com\/heartfailurematters\"]}]}<\/script>\n<!-- \/ Yoast SEO plugin. -->","yoast_head_json":{"title":"Id\u00e9es re\u00e7ues et r\u00e9alit\u00e9s \u00e0 propos de l\u2019insuffisance cardiaque - Heart Failure Matters","description":"Abordons le sujet de l'insuffisance cardiaque. Est-elle mortelle ? Est-elle fr\u00e9quente ? Peut-elle \u00eatre soign\u00e9e ? Devez-vous faire de l'exercice ? Dans cette section, nous d\u00e9construisons les mythes et parlons des faits","robots":{"index":"index","follow":"follow","max-snippet":"max-snippet:-1","max-image-preview":"max-image-preview:large","max-video-preview":"max-video-preview:-1"},"canonical":"https:\/\/www.heartfailurematters.org\/fr\/comprendre-linsuffisance-cardiaque\/idees-recues-et-realites-a-propos-de-linsuffisance-cardiaque\/","og_locale":"fr_FR","og_type":"article","og_title":"Id\u00e9es re\u00e7ues et r\u00e9alit\u00e9s \u00e0 propos de l\u2019insuffisance cardiaque - Heart Failure Matters","og_description":"Abordons le sujet de l'insuffisance cardiaque. Est-elle mortelle ? Est-elle fr\u00e9quente ? Peut-elle \u00eatre soign\u00e9e ? Devez-vous faire de l'exercice ? Dans cette section, nous d\u00e9construisons les mythes et parlons des faits","og_url":"https:\/\/www.heartfailurematters.org\/fr\/comprendre-linsuffisance-cardiaque\/idees-recues-et-realites-a-propos-de-linsuffisance-cardiaque\/","og_site_name":"Heart Failure Matters","article_publisher":"https:\/\/www.facebook.com\/heartfailurematters","og_image":[{"width":900,"height":601,"url":"https:\/\/www.heartfailurematters.org\/wp-content\/uploads\/2022\/02\/shutterstock_294962735-1-min.jpg?_t=1773221718","type":"image\/jpeg"}],"twitter_card":"summary_large_image","twitter_misc":{"Dur\u00e9e de lecture estim\u00e9e":"2 minutes"},"schema":{"@context":"https:\/\/schema.org","@graph":[{"@type":"WebPage","@id":"https:\/\/www.heartfailurematters.org\/fr\/comprendre-linsuffisance-cardiaque\/idees-recues-et-realites-a-propos-de-linsuffisance-cardiaque\/","url":"https:\/\/www.heartfailurematters.org\/fr\/comprendre-linsuffisance-cardiaque\/idees-recues-et-realites-a-propos-de-linsuffisance-cardiaque\/","name":"Id\u00e9es re\u00e7ues et r\u00e9alit\u00e9s \u00e0 propos de l\u2019insuffisance cardiaque - Heart Failure Matters","isPartOf":{"@id":"https:\/\/www.heartfailurematters.org\/fr\/#website"},"primaryImageOfPage":{"@id":"https:\/\/www.heartfailurematters.org\/fr\/comprendre-linsuffisance-cardiaque\/idees-recues-et-realites-a-propos-de-linsuffisance-cardiaque\/#primaryimage"},"image":{"@id":"https:\/\/www.heartfailurematters.org\/fr\/comprendre-linsuffisance-cardiaque\/idees-recues-et-realites-a-propos-de-linsuffisance-cardiaque\/#primaryimage"},"thumbnailUrl":"https:\/\/www.heartfailurematters.org\/wp-content\/uploads\/2022\/02\/shutterstock_294962735-1-min.jpg","datePublished":"2021-01-27T21:36:00+00:00","description":"Abordons le sujet de l'insuffisance cardiaque. Est-elle mortelle ? Est-elle fr\u00e9quente ? Peut-elle \u00eatre soign\u00e9e ? Devez-vous faire de l'exercice ? Dans cette section, nous d\u00e9construisons les mythes et parlons des faits","breadcrumb":{"@id":"https:\/\/www.heartfailurematters.org\/fr\/comprendre-linsuffisance-cardiaque\/idees-recues-et-realites-a-propos-de-linsuffisance-cardiaque\/#breadcrumb"},"inLanguage":"fr-FR","potentialAction":[{"@type":"ReadAction","target":["https:\/\/www.heartfailurematters.org\/fr\/comprendre-linsuffisance-cardiaque\/idees-recues-et-realites-a-propos-de-linsuffisance-cardiaque\/"]}]},{"@type":"ImageObject","inLanguage":"fr-FR","@id":"https:\/\/www.heartfailurematters.org\/fr\/comprendre-linsuffisance-cardiaque\/idees-recues-et-realites-a-propos-de-linsuffisance-cardiaque\/#primaryimage","url":"https:\/\/www.heartfailurematters.org\/wp-content\/uploads\/2022\/02\/shutterstock_294962735-1-min.jpg","contentUrl":"https:\/\/www.heartfailurematters.org\/wp-content\/uploads\/2022\/02\/shutterstock_294962735-1-min.jpg","width":900,"height":601},{"@type":"BreadcrumbList","@id":"https:\/\/www.heartfailurematters.org\/fr\/comprendre-linsuffisance-cardiaque\/idees-recues-et-realites-a-propos-de-linsuffisance-cardiaque\/#breadcrumb","itemListElement":[{"@type":"ListItem","position":1,"name":"Accueil","item":"https:\/\/www.heartfailurematters.org\/fr\/"},{"@type":"ListItem","position":2,"name":"Comprendre l&#8217;insuffisance cardiaque","item":"https:\/\/www.heartfailurematters.org\/fr\/comprendre-linsuffisance-cardiaque\/"},{"@type":"ListItem","position":3,"name":"Id\u00e9es re\u00e7ues et r\u00e9alit\u00e9s \u00e0 propos de l\u2019insuffisance cardiaque"}]},{"@type":"WebSite","@id":"https:\/\/www.heartfailurematters.org\/fr\/#website","url":"https:\/\/www.heartfailurematters.org\/fr\/","name":"Heart Failure Matters","description":"Practical information for patients, families and caregivers.","publisher":{"@id":"https:\/\/www.heartfailurematters.org\/fr\/#organization"},"potentialAction":[{"@type":"SearchAction","target":{"@type":"EntryPoint","urlTemplate":"https:\/\/www.heartfailurematters.org\/fr\/?s={search_term_string}"},"query-input":{"@type":"PropertyValueSpecification","valueRequired":true,"valueName":"search_term_string"}}],"inLanguage":"fr-FR"},{"@type":"Organization","@id":"https:\/\/www.heartfailurematters.org\/fr\/#organization","name":"Heart Failure Matters","url":"https:\/\/www.heartfailurematters.org\/fr\/","logo":{"@type":"ImageObject","inLanguage":"fr-FR","@id":"https:\/\/www.heartfailurematters.org\/fr\/#\/schema\/logo\/image\/","url":"https:\/\/cdn-endpoint-hfm.azureedge.net\/heartfailurematters\/2024\/07\/hfm-logo1.jpg","contentUrl":"https:\/\/cdn-endpoint-hfm.azureedge.net\/heartfailurematters\/2024\/07\/hfm-logo1.jpg","width":1280,"height":720,"caption":"Heart Failure Matters"},"image":{"@id":"https:\/\/www.heartfailurematters.org\/fr\/#\/schema\/logo\/image\/"},"sameAs":["https:\/\/www.facebook.com\/heartfailurematters"]}]}},"_links":{"self":[{"href":"https:\/\/www.heartfailurematters.org\/fr\/wp-json\/wp\/v2\/pages\/418","targetHints":{"allow":["GET"]}}],"collection":[{"href":"https:\/\/www.heartfailurematters.org\/fr\/wp-json\/wp\/v2\/pages"}],"about":[{"href":"https:\/\/www.heartfailurematters.org\/fr\/wp-json\/wp\/v2\/types\/page"}],"author":[{"embeddable":true,"href":"https:\/\/www.heartfailurematters.org\/fr\/wp-json\/wp\/v2\/users\/1"}],"replies":[{"embeddable":true,"href":"https:\/\/www.heartfailurematters.org\/fr\/wp-json\/wp\/v2\/comments?post=418"}],"version-history":[{"count":0,"href":"https:\/\/www.heartfailurematters.org\/fr\/wp-json\/wp\/v2\/pages\/418\/revisions"}],"up":[{"embeddable":true,"href":"https:\/\/www.heartfailurematters.org\/fr\/wp-json\/wp\/v2\/pages\/307"}],"wp:featuredmedia":[{"embeddable":true,"href":"https:\/\/www.heartfailurematters.org\/fr\/wp-json\/wp\/v2\/media\/10595"}],"wp:attachment":[{"href":"https:\/\/www.heartfailurematters.org\/fr\/wp-json\/wp\/v2\/media?parent=418"}],"wp:term":[{"taxonomy":"category","embeddable":true,"href":"https:\/\/www.heartfailurematters.org\/fr\/wp-json\/wp\/v2\/categories?post=418"},{"taxonomy":"post_tag","embeddable":true,"href":"https:\/\/www.heartfailurematters.org\/fr\/wp-json\/wp\/v2\/tags?post=418"}],"curies":[{"name":"wp","href":"https:\/\/api.w.org\/{rel}","templated":true}]}}