{"id":416,"date":"2021-01-27T21:36:00","date_gmt":"2021-01-27T21:36:00","guid":{"rendered":"http:\/\/heartfailurematters.local:8888\/gonflement-accru-des-jambes-ou-des-chevilles\/"},"modified":"2021-02-05T17:32:47","modified_gmt":"2021-02-05T17:32:47","slug":"gonflement-accru-des-jambes-ou-des-chevilles","status":"publish","type":"page","link":"https:\/\/www.heartfailurematters.org\/fr\/signaux-dalerte\/gonflement-accru-des-jambes-ou-des-chevilles\/","title":{"rendered":"Gonflement accru des jambes ou des chevilles"},"content":{"rendered":"<p>Le gonflement des jambes et des chevilles est provoqu\u00e9 par une <strong>accumulation de liquide<\/strong> dans le corps\u00a0et peut \u00eatre un signe d\u2019aggravation de l\u2019insuffisance cardiaque. Sentir que vos chaussures sont plus serr\u00e9es que d\u2019habitude peut indiquer la pr\u00e9sence d\u2019un gonflement \u00e0 cet endroit.<\/p>\n<p>L\u2019accumulation de liquide est caus\u00e9e par une diminution de la circulation sanguine hors du c\u0153ur, provoquant une stagnation du sang dans les veines. Cela provoque une accumulation de liquide dans l&rsquo;abdomen et les membres inf\u00e9rieurs, ainsi qu\u2019une <strong>congestion<\/strong>.<\/p>\n<p>Le gonflement des jambes et des chevilles survient davantage en fin de journ\u00e9e, car la gravit\u00e9 augmente la quantit\u00e9 et la pression de sang dans les veines des membres inf\u00e9rieurs. S\u2019allonger et se reposer pendant un moment permet g\u00e9n\u00e9ralement de r\u00e9duire le gonflement.<\/p>\n<p>Si vous remarquez que le gonflement de vos jambes et chevilles augmente et s\u2019aggrave progressivement, contactez votre m\u00e9decin ou votre infirmi\u00e8re. Un ajustement de votre traitement <a class=\"addtooltip\" title=\"Classe de m\u00e9dicaments stimulant les reins pour produire plus d'urine, r\u00e9duisant ainsi la r\u00e9tention d\u2019eau et la congestion.\"><strong>diur\u00e9tique<\/strong><\/a> est g\u00e9n\u00e9ralement suffisant pour diminuer ce sympt\u00f4me.<\/p>\n","protected":false},"excerpt":{"rendered":"<p>Le gonflement des jambes et des chevilles est provoqu\u00e9 par une accumulation de liquide dans le corps\u00a0et peut \u00eatre un signe d\u2019aggravation de l\u2019insuffisance cardiaque. Sentir que vos chaussures sont plus serr\u00e9es que d\u2019habitude peut indiquer la pr\u00e9sence d\u2019un gonflement \u00e0 cet endroit. L\u2019accumulation de liquide est caus\u00e9e par une diminution de la circulation sanguine [&hellip;]<\/p>\n","protected":false},"author":1,"featured_media":11212,"parent":2864,"menu_order":5,"comment_status":"open","ping_status":"closed","template":"","meta":{"_acf_changed":false,"footnotes":""},"categories":[127],"tags":[],"class_list":["post-416","page","type-page","status-publish","has-post-thumbnail","hentry","category-warning-signs-fr"],"acf":[],"yoast_head":"<!-- This site is optimized with the Yoast SEO plugin v24.8.1 - https:\/\/yoast.com\/wordpress\/plugins\/seo\/ -->\n<title>Gonflement accru des jambes ou des chevilles - Heart Failure Matters<\/title>\n<meta name=\"description\" content=\"Le gonflement des jambes et des chevilles est caus\u00e9 par l&#039;accumulation de liquide dans le corps et peut \u00eatre le signe d&#039;une aggravation de l&#039;insuffisance cardiaque. En savoir plus ici\" \/>\n<meta name=\"robots\" content=\"index, follow, max-snippet:-1, max-image-preview:large, max-video-preview:-1\" \/>\n<link rel=\"canonical\" href=\"https:\/\/www.heartfailurematters.org\/fr\/signaux-dalerte\/gonflement-accru-des-jambes-ou-des-chevilles\/\" \/>\n<meta property=\"og:locale\" content=\"fr_FR\" \/>\n<meta property=\"og:type\" content=\"article\" \/>\n<meta property=\"og:title\" content=\"Gonflement accru des jambes ou des chevilles - Heart Failure Matters\" \/>\n<meta property=\"og:description\" content=\"Le gonflement des jambes et des chevilles est caus\u00e9 par l&#039;accumulation de liquide dans le corps et peut \u00eatre le signe d&#039;une aggravation de l&#039;insuffisance cardiaque. En savoir plus ici\" \/>\n<meta property=\"og:url\" content=\"https:\/\/www.heartfailurematters.org\/fr\/signaux-dalerte\/gonflement-accru-des-jambes-ou-des-chevilles\/\" \/>\n<meta property=\"og:site_name\" content=\"Heart Failure Matters\" \/>\n<meta property=\"article:publisher\" content=\"https:\/\/www.facebook.com\/heartfailurematters\" \/>\n<meta property=\"article:modified_time\" content=\"2021-02-05T17:32:47+00:00\" \/>\n<meta property=\"og:image\" content=\"https:\/\/www.heartfailurematters.org\/wp-content\/uploads\/2022\/03\/shutterstock_1715702371-1-min.jpg\" \/>\n\t<meta property=\"og:image:width\" content=\"900\" \/>\n\t<meta property=\"og:image:height\" content=\"600\" \/>\n\t<meta property=\"og:image:type\" content=\"image\/jpeg\" \/>\n<meta name=\"twitter:card\" content=\"summary_large_image\" \/>\n<meta name=\"twitter:label1\" content=\"Dur\u00e9e de lecture estim\u00e9e\" \/>\n\t<meta name=\"twitter:data1\" content=\"1 minute\" \/>\n<script type=\"application\/ld+json\" class=\"yoast-schema-graph\">{\"@context\":\"https:\/\/schema.org\",\"@graph\":[{\"@type\":\"WebPage\",\"@id\":\"https:\/\/www.heartfailurematters.org\/fr\/signaux-dalerte\/gonflement-accru-des-jambes-ou-des-chevilles\/\",\"url\":\"https:\/\/www.heartfailurematters.org\/fr\/signaux-dalerte\/gonflement-accru-des-jambes-ou-des-chevilles\/\",\"name\":\"Gonflement accru des jambes ou des chevilles - Heart Failure Matters\",\"isPartOf\":{\"@id\":\"https:\/\/www.heartfailurematters.org\/fr\/#website\"},\"primaryImageOfPage\":{\"@id\":\"https:\/\/www.heartfailurematters.org\/fr\/signaux-dalerte\/gonflement-accru-des-jambes-ou-des-chevilles\/#primaryimage\"},\"image\":{\"@id\":\"https:\/\/www.heartfailurematters.org\/fr\/signaux-dalerte\/gonflement-accru-des-jambes-ou-des-chevilles\/#primaryimage\"},\"thumbnailUrl\":\"https:\/\/www.heartfailurematters.org\/wp-content\/uploads\/2022\/03\/shutterstock_1715702371-1-min.jpg\",\"datePublished\":\"2021-01-27T21:36:00+00:00\",\"dateModified\":\"2021-02-05T17:32:47+00:00\",\"description\":\"Le gonflement des jambes et des chevilles est caus\u00e9 par l'accumulation de liquide dans le corps et peut \u00eatre le signe d'une aggravation de l'insuffisance cardiaque. En savoir plus ici\",\"breadcrumb\":{\"@id\":\"https:\/\/www.heartfailurematters.org\/fr\/signaux-dalerte\/gonflement-accru-des-jambes-ou-des-chevilles\/#breadcrumb\"},\"inLanguage\":\"fr-FR\",\"potentialAction\":[{\"@type\":\"ReadAction\",\"target\":[\"https:\/\/www.heartfailurematters.org\/fr\/signaux-dalerte\/gonflement-accru-des-jambes-ou-des-chevilles\/\"]}]},{\"@type\":\"ImageObject\",\"inLanguage\":\"fr-FR\",\"@id\":\"https:\/\/www.heartfailurematters.org\/fr\/signaux-dalerte\/gonflement-accru-des-jambes-ou-des-chevilles\/#primaryimage\",\"url\":\"https:\/\/www.heartfailurematters.org\/wp-content\/uploads\/2022\/03\/shutterstock_1715702371-1-min.jpg\",\"contentUrl\":\"https:\/\/www.heartfailurematters.org\/wp-content\/uploads\/2022\/03\/shutterstock_1715702371-1-min.jpg\",\"width\":900,\"height\":600},{\"@type\":\"BreadcrumbList\",\"@id\":\"https:\/\/www.heartfailurematters.org\/fr\/signaux-dalerte\/gonflement-accru-des-jambes-ou-des-chevilles\/#breadcrumb\",\"itemListElement\":[{\"@type\":\"ListItem\",\"position\":1,\"name\":\"Accueil\",\"item\":\"https:\/\/www.heartfailurematters.org\/fr\/\"},{\"@type\":\"ListItem\",\"position\":2,\"name\":\"Signes d&#8217;alerte\",\"item\":\"https:\/\/www.heartfailurematters.org\/fr\/signaux-dalerte\/\"},{\"@type\":\"ListItem\",\"position\":3,\"name\":\"Gonflement accru des jambes ou des chevilles\"}]},{\"@type\":\"WebSite\",\"@id\":\"https:\/\/www.heartfailurematters.org\/fr\/#website\",\"url\":\"https:\/\/www.heartfailurematters.org\/fr\/\",\"name\":\"Heart Failure Matters\",\"description\":\"Practical information for patients, families and caregivers.\",\"publisher\":{\"@id\":\"https:\/\/www.heartfailurematters.org\/fr\/#organization\"},\"potentialAction\":[{\"@type\":\"SearchAction\",\"target\":{\"@type\":\"EntryPoint\",\"urlTemplate\":\"https:\/\/www.heartfailurematters.org\/fr\/?s={search_term_string}\"},\"query-input\":{\"@type\":\"PropertyValueSpecification\",\"valueRequired\":true,\"valueName\":\"search_term_string\"}}],\"inLanguage\":\"fr-FR\"},{\"@type\":\"Organization\",\"@id\":\"https:\/\/www.heartfailurematters.org\/fr\/#organization\",\"name\":\"Heart Failure Matters\",\"url\":\"https:\/\/www.heartfailurematters.org\/fr\/\",\"logo\":{\"@type\":\"ImageObject\",\"inLanguage\":\"fr-FR\",\"@id\":\"https:\/\/www.heartfailurematters.org\/fr\/#\/schema\/logo\/image\/\",\"url\":\"https:\/\/cdn-endpoint-hfm.azureedge.net\/heartfailurematters\/2024\/07\/hfm-logo1.jpg\",\"contentUrl\":\"https:\/\/cdn-endpoint-hfm.azureedge.net\/heartfailurematters\/2024\/07\/hfm-logo1.jpg\",\"width\":1280,\"height\":720,\"caption\":\"Heart Failure Matters\"},\"image\":{\"@id\":\"https:\/\/www.heartfailurematters.org\/fr\/#\/schema\/logo\/image\/\"},\"sameAs\":[\"https:\/\/www.facebook.com\/heartfailurematters\"]}]}<\/script>\n<!-- \/ Yoast SEO plugin. -->","yoast_head_json":{"title":"Gonflement accru des jambes ou des chevilles - Heart Failure Matters","description":"Le gonflement des jambes et des chevilles est caus\u00e9 par l'accumulation de liquide dans le corps et peut \u00eatre le signe d'une aggravation de l'insuffisance cardiaque. En savoir plus ici","robots":{"index":"index","follow":"follow","max-snippet":"max-snippet:-1","max-image-preview":"max-image-preview:large","max-video-preview":"max-video-preview:-1"},"canonical":"https:\/\/www.heartfailurematters.org\/fr\/signaux-dalerte\/gonflement-accru-des-jambes-ou-des-chevilles\/","og_locale":"fr_FR","og_type":"article","og_title":"Gonflement accru des jambes ou des chevilles - Heart Failure Matters","og_description":"Le gonflement des jambes et des chevilles est caus\u00e9 par l'accumulation de liquide dans le corps et peut \u00eatre le signe d'une aggravation de l'insuffisance cardiaque. En savoir plus ici","og_url":"https:\/\/www.heartfailurematters.org\/fr\/signaux-dalerte\/gonflement-accru-des-jambes-ou-des-chevilles\/","og_site_name":"Heart Failure Matters","article_publisher":"https:\/\/www.facebook.com\/heartfailurematters","article_modified_time":"2021-02-05T17:32:47+00:00","og_image":[{"width":900,"height":600,"url":"https:\/\/www.heartfailurematters.org\/wp-content\/uploads\/2022\/03\/shutterstock_1715702371-1-min.jpg","type":"image\/jpeg"}],"twitter_card":"summary_large_image","twitter_misc":{"Dur\u00e9e de lecture estim\u00e9e":"1 minute"},"schema":{"@context":"https:\/\/schema.org","@graph":[{"@type":"WebPage","@id":"https:\/\/www.heartfailurematters.org\/fr\/signaux-dalerte\/gonflement-accru-des-jambes-ou-des-chevilles\/","url":"https:\/\/www.heartfailurematters.org\/fr\/signaux-dalerte\/gonflement-accru-des-jambes-ou-des-chevilles\/","name":"Gonflement accru des jambes ou des chevilles - Heart Failure Matters","isPartOf":{"@id":"https:\/\/www.heartfailurematters.org\/fr\/#website"},"primaryImageOfPage":{"@id":"https:\/\/www.heartfailurematters.org\/fr\/signaux-dalerte\/gonflement-accru-des-jambes-ou-des-chevilles\/#primaryimage"},"image":{"@id":"https:\/\/www.heartfailurematters.org\/fr\/signaux-dalerte\/gonflement-accru-des-jambes-ou-des-chevilles\/#primaryimage"},"thumbnailUrl":"https:\/\/www.heartfailurematters.org\/wp-content\/uploads\/2022\/03\/shutterstock_1715702371-1-min.jpg","datePublished":"2021-01-27T21:36:00+00:00","dateModified":"2021-02-05T17:32:47+00:00","description":"Le gonflement des jambes et des chevilles est caus\u00e9 par l'accumulation de liquide dans le corps et peut \u00eatre le signe d'une aggravation de l'insuffisance cardiaque. En savoir plus ici","breadcrumb":{"@id":"https:\/\/www.heartfailurematters.org\/fr\/signaux-dalerte\/gonflement-accru-des-jambes-ou-des-chevilles\/#breadcrumb"},"inLanguage":"fr-FR","potentialAction":[{"@type":"ReadAction","target":["https:\/\/www.heartfailurematters.org\/fr\/signaux-dalerte\/gonflement-accru-des-jambes-ou-des-chevilles\/"]}]},{"@type":"ImageObject","inLanguage":"fr-FR","@id":"https:\/\/www.heartfailurematters.org\/fr\/signaux-dalerte\/gonflement-accru-des-jambes-ou-des-chevilles\/#primaryimage","url":"https:\/\/www.heartfailurematters.org\/wp-content\/uploads\/2022\/03\/shutterstock_1715702371-1-min.jpg","contentUrl":"https:\/\/www.heartfailurematters.org\/wp-content\/uploads\/2022\/03\/shutterstock_1715702371-1-min.jpg","width":900,"height":600},{"@type":"BreadcrumbList","@id":"https:\/\/www.heartfailurematters.org\/fr\/signaux-dalerte\/gonflement-accru-des-jambes-ou-des-chevilles\/#breadcrumb","itemListElement":[{"@type":"ListItem","position":1,"name":"Accueil","item":"https:\/\/www.heartfailurematters.org\/fr\/"},{"@type":"ListItem","position":2,"name":"Signes d&#8217;alerte","item":"https:\/\/www.heartfailurematters.org\/fr\/signaux-dalerte\/"},{"@type":"ListItem","position":3,"name":"Gonflement accru des jambes ou des chevilles"}]},{"@type":"WebSite","@id":"https:\/\/www.heartfailurematters.org\/fr\/#website","url":"https:\/\/www.heartfailurematters.org\/fr\/","name":"Heart Failure Matters","description":"Practical information for patients, families and caregivers.","publisher":{"@id":"https:\/\/www.heartfailurematters.org\/fr\/#organization"},"potentialAction":[{"@type":"SearchAction","target":{"@type":"EntryPoint","urlTemplate":"https:\/\/www.heartfailurematters.org\/fr\/?s={search_term_string}"},"query-input":{"@type":"PropertyValueSpecification","valueRequired":true,"valueName":"search_term_string"}}],"inLanguage":"fr-FR"},{"@type":"Organization","@id":"https:\/\/www.heartfailurematters.org\/fr\/#organization","name":"Heart Failure Matters","url":"https:\/\/www.heartfailurematters.org\/fr\/","logo":{"@type":"ImageObject","inLanguage":"fr-FR","@id":"https:\/\/www.heartfailurematters.org\/fr\/#\/schema\/logo\/image\/","url":"https:\/\/cdn-endpoint-hfm.azureedge.net\/heartfailurematters\/2024\/07\/hfm-logo1.jpg","contentUrl":"https:\/\/cdn-endpoint-hfm.azureedge.net\/heartfailurematters\/2024\/07\/hfm-logo1.jpg","width":1280,"height":720,"caption":"Heart Failure Matters"},"image":{"@id":"https:\/\/www.heartfailurematters.org\/fr\/#\/schema\/logo\/image\/"},"sameAs":["https:\/\/www.facebook.com\/heartfailurematters"]}]}},"_links":{"self":[{"href":"https:\/\/www.heartfailurematters.org\/fr\/wp-json\/wp\/v2\/pages\/416","targetHints":{"allow":["GET"]}}],"collection":[{"href":"https:\/\/www.heartfailurematters.org\/fr\/wp-json\/wp\/v2\/pages"}],"about":[{"href":"https:\/\/www.heartfailurematters.org\/fr\/wp-json\/wp\/v2\/types\/page"}],"author":[{"embeddable":true,"href":"https:\/\/www.heartfailurematters.org\/fr\/wp-json\/wp\/v2\/users\/1"}],"replies":[{"embeddable":true,"href":"https:\/\/www.heartfailurematters.org\/fr\/wp-json\/wp\/v2\/comments?post=416"}],"version-history":[{"count":2,"href":"https:\/\/www.heartfailurematters.org\/fr\/wp-json\/wp\/v2\/pages\/416\/revisions"}],"predecessor-version":[{"id":4561,"href":"https:\/\/www.heartfailurematters.org\/fr\/wp-json\/wp\/v2\/pages\/416\/revisions\/4561"}],"up":[{"embeddable":true,"href":"https:\/\/www.heartfailurematters.org\/fr\/wp-json\/wp\/v2\/pages\/2864"}],"wp:featuredmedia":[{"embeddable":true,"href":"https:\/\/www.heartfailurematters.org\/fr\/wp-json\/wp\/v2\/media\/11212"}],"wp:attachment":[{"href":"https:\/\/www.heartfailurematters.org\/fr\/wp-json\/wp\/v2\/media?parent=416"}],"wp:term":[{"taxonomy":"category","embeddable":true,"href":"https:\/\/www.heartfailurematters.org\/fr\/wp-json\/wp\/v2\/categories?post=416"},{"taxonomy":"post_tag","embeddable":true,"href":"https:\/\/www.heartfailurematters.org\/fr\/wp-json\/wp\/v2\/tags?post=416"}],"curies":[{"name":"wp","href":"https:\/\/api.w.org\/{rel}","templated":true}]}}