{"id":415,"date":"2021-01-27T21:36:00","date_gmt":"2021-01-27T21:36:00","guid":{"rendered":"http:\/\/heartfailurematters.local:8888\/depression-et-anxiete\/"},"modified":"2021-07-19T11:26:16","modified_gmt":"2021-07-19T10:26:16","slug":"depression-et-anxiete","status":"publish","type":"page","link":"https:\/\/www.heartfailurematters.org\/fr\/comprendre-linsuffisance-cardiaque\/depression-et-anxiete\/","title":{"rendered":"D\u00e9pression et anxi\u00e9t\u00e9"},"content":{"rendered":"<p>Il arrive fr\u00e9quemment que les personnes atteintes d\u2019insuffisance cardiaque se sentent d\u00e9prim\u00e9es, mal \u00e0 l\u2019aise ou anxieuses.<\/p>\n<p>L&rsquo;insuffisance cardiaque est une maladie grave et les sympt\u00f4mes peuvent entra\u00eener \u00e9puisement et exasp\u00e9ration. De plus, l\u2019essoufflement peut provoquer une sensation d\u2019\u00e9crasement, vous rendre mal \u00e0 l\u2019aise et anxieux. Les sympt\u00f4mes peuvent vous emp\u00eacher de participer \u00e0 des activit\u00e9s normales, ce qui peut restreindre votre r\u00e9seau social. Vous pouvez \u00e9galement devenir d\u00e9pendant de votre famille ou de vos amis, ce qui peut vous donner le sentiment d\u2019\u00eatre un fardeau pour eux.<\/p>\n<p>Il est important de rester positif, car il a \u00e9t\u00e9 d\u00e9montr\u00e9 qu\u2019une approche positive de la prise en charge favorise une meilleure qualit\u00e9 de vie. Si vous avez des inqui\u00e9tudes, faites-en part \u00e0 votre infirmi\u00e8re ou votre m\u00e9decin. Continuez \u00e0 prendre tous les m\u00e9dicaments prescrits par votre m\u00e9decin, car ils vous aideront \u00e0 soulager vos sympt\u00f4mes et \u00e0 vous sentir mieux. Votre m\u00e9decin et vous pouvez faire beaucoup pour am\u00e9liorer votre qualit\u00e9 de vie. <a title=\"To learn more about dealing with your emotions\" href=\"https:\/\/www.heartfailurematters.org\/fr\/vivre-avec-une-insuffisance-cardiaque\/vos-emotions\/\">Cliquez ici <\/a>pour en savoir plus sur la gestion des \u00e9motions et la prise en charge de l\u2019insuffisance cardiaque.<\/p>\n<p><a title=\"Return to Symptoms\" href=\"https:\/\/www.heartfailurematters.org\/fr\/comprendre-linsuffisance-cardiaque\/symptomes-de-linsuffisance-cardiaque\/\">Retourner \u00e0 la rubrique \u00ab\u00a0Sympt\u00f4mes\u00a0\u00bb<\/a><\/p>\n","protected":false},"excerpt":{"rendered":"<p>Il arrive fr\u00e9quemment que les personnes atteintes d\u2019insuffisance cardiaque se sentent d\u00e9prim\u00e9es, mal \u00e0 l\u2019aise ou anxieuses. L&rsquo;insuffisance cardiaque est une maladie grave et les sympt\u00f4mes peuvent entra\u00eener \u00e9puisement et exasp\u00e9ration. De plus, l\u2019essoufflement peut provoquer une sensation d\u2019\u00e9crasement, vous rendre mal \u00e0 l\u2019aise et anxieux. Les sympt\u00f4mes peuvent vous emp\u00eacher de participer \u00e0 des [&hellip;]<\/p>\n","protected":false},"author":1,"featured_media":0,"parent":307,"menu_order":0,"comment_status":"open","ping_status":"open","template":"","meta":{"_acf_changed":false,"footnotes":""},"categories":[],"tags":[],"class_list":["post-415","page","type-page","status-publish","hentry"],"acf":[],"yoast_head":"<!-- This site is optimized with the Yoast SEO plugin v24.8.1 - https:\/\/yoast.com\/wordpress\/plugins\/seo\/ -->\n<title>Faire face \u00e0 la d\u00e9pression et \u00e0 l&#039;anxi\u00e9t\u00e9 lors de l&#039;insuffisance cardiaque<\/title>\n<meta name=\"description\" content=\"Il n&#039;est pas rare pour les personnes souffrant d&#039;insuffisance cardiaque de se sentir d\u00e9prim\u00e9es, mal \u00e0 l&#039;aise ou anxieuses. Voici quelques conseils pour g\u00e9rer vos \u00e9motions\" \/>\n<meta name=\"robots\" content=\"index, follow, max-snippet:-1, max-image-preview:large, max-video-preview:-1\" \/>\n<link rel=\"canonical\" href=\"https:\/\/www.heartfailurematters.org\/fr\/comprendre-linsuffisance-cardiaque\/depression-et-anxiete\/\" \/>\n<meta property=\"og:locale\" content=\"fr_FR\" \/>\n<meta property=\"og:type\" content=\"article\" \/>\n<meta property=\"og:title\" content=\"Faire face \u00e0 la d\u00e9pression et \u00e0 l&#039;anxi\u00e9t\u00e9 lors de l&#039;insuffisance cardiaque\" \/>\n<meta property=\"og:description\" content=\"Il n&#039;est pas rare pour les personnes souffrant d&#039;insuffisance cardiaque de se sentir d\u00e9prim\u00e9es, mal \u00e0 l&#039;aise ou anxieuses. Voici quelques conseils pour g\u00e9rer vos \u00e9motions\" \/>\n<meta property=\"og:url\" content=\"https:\/\/www.heartfailurematters.org\/fr\/comprendre-linsuffisance-cardiaque\/depression-et-anxiete\/\" \/>\n<meta property=\"og:site_name\" content=\"Heart Failure Matters\" \/>\n<meta property=\"article:publisher\" content=\"https:\/\/www.facebook.com\/heartfailurematters\" \/>\n<meta property=\"article:modified_time\" content=\"2021-07-19T10:26:16+00:00\" \/>\n<meta name=\"twitter:card\" content=\"summary_large_image\" \/>\n<meta name=\"twitter:label1\" content=\"Dur\u00e9e de lecture estim\u00e9e\" \/>\n\t<meta name=\"twitter:data1\" content=\"1 minute\" \/>\n<script type=\"application\/ld+json\" class=\"yoast-schema-graph\">{\"@context\":\"https:\/\/schema.org\",\"@graph\":[{\"@type\":\"WebPage\",\"@id\":\"https:\/\/www.heartfailurematters.org\/fr\/comprendre-linsuffisance-cardiaque\/depression-et-anxiete\/\",\"url\":\"https:\/\/www.heartfailurematters.org\/fr\/comprendre-linsuffisance-cardiaque\/depression-et-anxiete\/\",\"name\":\"Faire face \u00e0 la d\u00e9pression et \u00e0 l'anxi\u00e9t\u00e9 lors de l'insuffisance cardiaque\",\"isPartOf\":{\"@id\":\"https:\/\/www.heartfailurematters.org\/fr\/#website\"},\"datePublished\":\"2021-01-27T21:36:00+00:00\",\"dateModified\":\"2021-07-19T10:26:16+00:00\",\"description\":\"Il n'est pas rare pour les personnes souffrant d'insuffisance cardiaque de se sentir d\u00e9prim\u00e9es, mal \u00e0 l'aise ou anxieuses. Voici quelques conseils pour g\u00e9rer vos \u00e9motions\",\"breadcrumb\":{\"@id\":\"https:\/\/www.heartfailurematters.org\/fr\/comprendre-linsuffisance-cardiaque\/depression-et-anxiete\/#breadcrumb\"},\"inLanguage\":\"fr-FR\",\"potentialAction\":[{\"@type\":\"ReadAction\",\"target\":[\"https:\/\/www.heartfailurematters.org\/fr\/comprendre-linsuffisance-cardiaque\/depression-et-anxiete\/\"]}]},{\"@type\":\"BreadcrumbList\",\"@id\":\"https:\/\/www.heartfailurematters.org\/fr\/comprendre-linsuffisance-cardiaque\/depression-et-anxiete\/#breadcrumb\",\"itemListElement\":[{\"@type\":\"ListItem\",\"position\":1,\"name\":\"Accueil\",\"item\":\"https:\/\/www.heartfailurematters.org\/fr\/\"},{\"@type\":\"ListItem\",\"position\":2,\"name\":\"Comprendre l&#8217;insuffisance cardiaque\",\"item\":\"https:\/\/www.heartfailurematters.org\/fr\/comprendre-linsuffisance-cardiaque\/\"},{\"@type\":\"ListItem\",\"position\":3,\"name\":\"D\u00e9pression et anxi\u00e9t\u00e9\"}]},{\"@type\":\"WebSite\",\"@id\":\"https:\/\/www.heartfailurematters.org\/fr\/#website\",\"url\":\"https:\/\/www.heartfailurematters.org\/fr\/\",\"name\":\"Heart Failure Matters\",\"description\":\"Practical information for patients, families and caregivers.\",\"publisher\":{\"@id\":\"https:\/\/www.heartfailurematters.org\/fr\/#organization\"},\"potentialAction\":[{\"@type\":\"SearchAction\",\"target\":{\"@type\":\"EntryPoint\",\"urlTemplate\":\"https:\/\/www.heartfailurematters.org\/fr\/?s={search_term_string}\"},\"query-input\":{\"@type\":\"PropertyValueSpecification\",\"valueRequired\":true,\"valueName\":\"search_term_string\"}}],\"inLanguage\":\"fr-FR\"},{\"@type\":\"Organization\",\"@id\":\"https:\/\/www.heartfailurematters.org\/fr\/#organization\",\"name\":\"Heart Failure Matters\",\"url\":\"https:\/\/www.heartfailurematters.org\/fr\/\",\"logo\":{\"@type\":\"ImageObject\",\"inLanguage\":\"fr-FR\",\"@id\":\"https:\/\/www.heartfailurematters.org\/fr\/#\/schema\/logo\/image\/\",\"url\":\"https:\/\/cdn-endpoint-hfm.azureedge.net\/heartfailurematters\/2024\/07\/hfm-logo1.jpg\",\"contentUrl\":\"https:\/\/cdn-endpoint-hfm.azureedge.net\/heartfailurematters\/2024\/07\/hfm-logo1.jpg\",\"width\":1280,\"height\":720,\"caption\":\"Heart Failure Matters\"},\"image\":{\"@id\":\"https:\/\/www.heartfailurematters.org\/fr\/#\/schema\/logo\/image\/\"},\"sameAs\":[\"https:\/\/www.facebook.com\/heartfailurematters\"]}]}<\/script>\n<!-- \/ Yoast SEO plugin. -->","yoast_head_json":{"title":"Faire face \u00e0 la d\u00e9pression et \u00e0 l'anxi\u00e9t\u00e9 lors de l'insuffisance cardiaque","description":"Il n'est pas rare pour les personnes souffrant d'insuffisance cardiaque de se sentir d\u00e9prim\u00e9es, mal \u00e0 l'aise ou anxieuses. Voici quelques conseils pour g\u00e9rer vos \u00e9motions","robots":{"index":"index","follow":"follow","max-snippet":"max-snippet:-1","max-image-preview":"max-image-preview:large","max-video-preview":"max-video-preview:-1"},"canonical":"https:\/\/www.heartfailurematters.org\/fr\/comprendre-linsuffisance-cardiaque\/depression-et-anxiete\/","og_locale":"fr_FR","og_type":"article","og_title":"Faire face \u00e0 la d\u00e9pression et \u00e0 l'anxi\u00e9t\u00e9 lors de l'insuffisance cardiaque","og_description":"Il n'est pas rare pour les personnes souffrant d'insuffisance cardiaque de se sentir d\u00e9prim\u00e9es, mal \u00e0 l'aise ou anxieuses. Voici quelques conseils pour g\u00e9rer vos \u00e9motions","og_url":"https:\/\/www.heartfailurematters.org\/fr\/comprendre-linsuffisance-cardiaque\/depression-et-anxiete\/","og_site_name":"Heart Failure Matters","article_publisher":"https:\/\/www.facebook.com\/heartfailurematters","article_modified_time":"2021-07-19T10:26:16+00:00","twitter_card":"summary_large_image","twitter_misc":{"Dur\u00e9e de lecture estim\u00e9e":"1 minute"},"schema":{"@context":"https:\/\/schema.org","@graph":[{"@type":"WebPage","@id":"https:\/\/www.heartfailurematters.org\/fr\/comprendre-linsuffisance-cardiaque\/depression-et-anxiete\/","url":"https:\/\/www.heartfailurematters.org\/fr\/comprendre-linsuffisance-cardiaque\/depression-et-anxiete\/","name":"Faire face \u00e0 la d\u00e9pression et \u00e0 l'anxi\u00e9t\u00e9 lors de l'insuffisance cardiaque","isPartOf":{"@id":"https:\/\/www.heartfailurematters.org\/fr\/#website"},"datePublished":"2021-01-27T21:36:00+00:00","dateModified":"2021-07-19T10:26:16+00:00","description":"Il n'est pas rare pour les personnes souffrant d'insuffisance cardiaque de se sentir d\u00e9prim\u00e9es, mal \u00e0 l'aise ou anxieuses. Voici quelques conseils pour g\u00e9rer vos \u00e9motions","breadcrumb":{"@id":"https:\/\/www.heartfailurematters.org\/fr\/comprendre-linsuffisance-cardiaque\/depression-et-anxiete\/#breadcrumb"},"inLanguage":"fr-FR","potentialAction":[{"@type":"ReadAction","target":["https:\/\/www.heartfailurematters.org\/fr\/comprendre-linsuffisance-cardiaque\/depression-et-anxiete\/"]}]},{"@type":"BreadcrumbList","@id":"https:\/\/www.heartfailurematters.org\/fr\/comprendre-linsuffisance-cardiaque\/depression-et-anxiete\/#breadcrumb","itemListElement":[{"@type":"ListItem","position":1,"name":"Accueil","item":"https:\/\/www.heartfailurematters.org\/fr\/"},{"@type":"ListItem","position":2,"name":"Comprendre l&#8217;insuffisance cardiaque","item":"https:\/\/www.heartfailurematters.org\/fr\/comprendre-linsuffisance-cardiaque\/"},{"@type":"ListItem","position":3,"name":"D\u00e9pression et anxi\u00e9t\u00e9"}]},{"@type":"WebSite","@id":"https:\/\/www.heartfailurematters.org\/fr\/#website","url":"https:\/\/www.heartfailurematters.org\/fr\/","name":"Heart Failure Matters","description":"Practical information for patients, families and caregivers.","publisher":{"@id":"https:\/\/www.heartfailurematters.org\/fr\/#organization"},"potentialAction":[{"@type":"SearchAction","target":{"@type":"EntryPoint","urlTemplate":"https:\/\/www.heartfailurematters.org\/fr\/?s={search_term_string}"},"query-input":{"@type":"PropertyValueSpecification","valueRequired":true,"valueName":"search_term_string"}}],"inLanguage":"fr-FR"},{"@type":"Organization","@id":"https:\/\/www.heartfailurematters.org\/fr\/#organization","name":"Heart Failure Matters","url":"https:\/\/www.heartfailurematters.org\/fr\/","logo":{"@type":"ImageObject","inLanguage":"fr-FR","@id":"https:\/\/www.heartfailurematters.org\/fr\/#\/schema\/logo\/image\/","url":"https:\/\/cdn-endpoint-hfm.azureedge.net\/heartfailurematters\/2024\/07\/hfm-logo1.jpg","contentUrl":"https:\/\/cdn-endpoint-hfm.azureedge.net\/heartfailurematters\/2024\/07\/hfm-logo1.jpg","width":1280,"height":720,"caption":"Heart Failure Matters"},"image":{"@id":"https:\/\/www.heartfailurematters.org\/fr\/#\/schema\/logo\/image\/"},"sameAs":["https:\/\/www.facebook.com\/heartfailurematters"]}]}},"_links":{"self":[{"href":"https:\/\/www.heartfailurematters.org\/fr\/wp-json\/wp\/v2\/pages\/415","targetHints":{"allow":["GET"]}}],"collection":[{"href":"https:\/\/www.heartfailurematters.org\/fr\/wp-json\/wp\/v2\/pages"}],"about":[{"href":"https:\/\/www.heartfailurematters.org\/fr\/wp-json\/wp\/v2\/types\/page"}],"author":[{"embeddable":true,"href":"https:\/\/www.heartfailurematters.org\/fr\/wp-json\/wp\/v2\/users\/1"}],"replies":[{"embeddable":true,"href":"https:\/\/www.heartfailurematters.org\/fr\/wp-json\/wp\/v2\/comments?post=415"}],"version-history":[{"count":1,"href":"https:\/\/www.heartfailurematters.org\/fr\/wp-json\/wp\/v2\/pages\/415\/revisions"}],"predecessor-version":[{"id":9542,"href":"https:\/\/www.heartfailurematters.org\/fr\/wp-json\/wp\/v2\/pages\/415\/revisions\/9542"}],"up":[{"embeddable":true,"href":"https:\/\/www.heartfailurematters.org\/fr\/wp-json\/wp\/v2\/pages\/307"}],"wp:attachment":[{"href":"https:\/\/www.heartfailurematters.org\/fr\/wp-json\/wp\/v2\/media?parent=415"}],"wp:term":[{"taxonomy":"category","embeddable":true,"href":"https:\/\/www.heartfailurematters.org\/fr\/wp-json\/wp\/v2\/categories?post=415"},{"taxonomy":"post_tag","embeddable":true,"href":"https:\/\/www.heartfailurematters.org\/fr\/wp-json\/wp\/v2\/tags?post=415"}],"curies":[{"name":"wp","href":"https:\/\/api.w.org\/{rel}","templated":true}]}}