{"id":414,"date":"2021-01-27T21:36:00","date_gmt":"2021-01-27T21:36:00","guid":{"rendered":"http:\/\/heartfailurematters.local:8888\/astuces-pour-vous-souvenir-de-prendre-vos-medicaments\/"},"modified":"2021-01-27T21:36:00","modified_gmt":"2021-01-27T21:36:00","slug":"astuces-pour-vous-souvenir-de-prendre-vos-medicaments","status":"publish","type":"page","link":"https:\/\/www.heartfailurematters.org\/fr\/ce-que-vous-pouvez-faire\/astuces-pour-vous-souvenir-de-prendre-vos-medicaments\/","title":{"rendered":"Astuces pour vous souvenir de prendre vos m\u00e9dicaments"},"content":{"rendered":"<p>&nbsp;<\/p>\n<h2>Pourquoi vous devez les prendre<\/h2>\n<p>Il est important que vous preniez vos m\u00e9dicaments pour b\u00e9n\u00e9ficier des meilleurs r\u00e9sultats possibles de votre traitement.<\/p>\n<h2>Conseils et outils pour ne pas oublier de prendre les m\u00e9dicaments<\/h2>\n<p>Vous vous rendrez peut-\u00eatre compte que l\u2019on vous a prescrit plusieurs m\u00e9dicaments pour votre insuffisance cardiaque et que vous devez les prendre \u00e0 diff\u00e9rents moments de la journ\u00e9e. Les conseils et outils suivants peuvent vous aider \u00e0 vous rappeler de prendre vos m\u00e9dicaments au bon moment&nbsp;:<\/p>\n<ul>\n<li>R\u00e9alisez un tableau mural mentionnant les noms de vos m\u00e9dicaments, la dose et le moment de la journ\u00e9e o\u00f9 vous devez les prendre.<\/li>\n<li>Achetez un pilulier indiquant les jours de la semaine et les heures de la journ\u00e9e. Vous pouvez g\u00e9n\u00e9ralement vous en procurer en pharmacie. Remplissez le pilulier au d\u00e9but de la semaine, cela vous aidera \u00e0 \u00e9viter les oublis. Demandez \u00e0 un membre de la famille ou \u00e0 une infirmi\u00e8re de v\u00e9rifier le pilulier, pour vous confirmer que vous suivez bien le traitement.<\/li>\n<li>Si un m\u00e9dicament doit \u00eatre pris \u00e0 un moment particulier, programmez une alarme pour vous en souvenir.<\/li>\n<li>Informez votre famille et vos amis de vos heures de prise de m\u00e9dicaments, de sorte qu\u2019ils puissent vous aider \u00e0 vous en rappeler.<\/li>\n<li>Faites de la prise de votre m\u00e9dicament une habitude ou une routine pour vous aider \u00e0 vous en rappeler, comme par ex. au moment de vous brosser les dents, du petit-d\u00e9jeuner ou du d\u00eener.<\/li>\n<li>N\u2019oubliez pas d\u2019emporter vos m\u00e9dicaments avec vous lorsque vous quittez la maison, vous pourrez ainsi les prendre au bon moment.<\/li>\n<li>Emportez suffisamment de m\u00e9dicaments avec vous lorsque vous partez en vacances et mettez-les toujours dans vos bagages \u00e0 main.<\/li>\n<li>Renouvelez vos prescriptions \u00e0 l\u2019avance afin d\u2019avoir toujours des m\u00e9dicaments \u00e0 votre disposition.<\/li>\n<li>Si vous avez du mal \u00e0 organiser vos comprim\u00e9s, parlez-en \u00e0 votre pharmacien ou \u00e0 votre m\u00e9decin g\u00e9n\u00e9raliste. Certains pharmaciens vous fourniront des plaquettes thermoform\u00e9es avec les comprim\u00e9s d\u00e9j\u00e0 pr\u00e9sent\u00e9s en doses quotidiennes.<\/li>\n<li>Si vous ne pouvez pas sortir de chez vous et si vous avez du mal \u00e0 prendre vos comprim\u00e9s, votre m\u00e9decin pourra prescrire le passage d\u2019une infirmi\u00e8re \u00e0 votre domicile, qui vous aidera \u00e0 r\u00e9partir vos comprim\u00e9s dans un pilulier. Les infirmi\u00e8res peuvent venir quotidiennement vous aider \u00e0 prendre vos comprim\u00e9s, mais cette aide n&rsquo;est g\u00e9n\u00e9ralement propos\u00e9e que s&rsquo;il vous est impossible de prendre vos comprim\u00e9s autrement.<\/li>\n<\/ul>\n<h2>Autres m\u00e9dicaments avec et sans ordonnance<\/h2>\n<p>Certains m\u00e9dicaments vendus sur ordonnance peuvent interagir avec vos comprim\u00e9s et entra\u00eener des effets secondaires si vous les prenez ensemble. Vous devez garder \u00e0 l&rsquo;esprit que certains m\u00e9dicaments vendus sans ordonnance peuvent \u00e9galement interagir avec vos m\u00e9dicaments contre l\u2019insuffisance cardiaque. V\u00e9rifiez aupr\u00e8s de votre m\u00e9decin ou de votre pharmacien avant de prendre tout autre m\u00e9dicament avec ou sans ordonnance.<\/p>\n<p><a title=\"Return to Managing your medicines\" href=\"https:\/\/www.heartfailurematters.org\/fr\/ce-que-vous-pouvez-faire\/gestion-de-vos-medicaments\/\">Retourner \u00e0 la rubrique \u00ab&nbsp;Gestion de vos m\u00e9dicaments&nbsp;\u00bb<\/a><\/p>\n","protected":false},"excerpt":{"rendered":"<p>&nbsp; Pourquoi vous devez les prendre Il est important que vous preniez vos m\u00e9dicaments pour b\u00e9n\u00e9ficier des meilleurs r\u00e9sultats possibles de votre traitement. Conseils et outils pour ne pas oublier de prendre les m\u00e9dicaments Vous vous rendrez peut-\u00eatre compte que l\u2019on vous a prescrit plusieurs m\u00e9dicaments pour votre insuffisance cardiaque et que vous devez les [&hellip;]<\/p>\n","protected":false},"author":1,"featured_media":0,"parent":2715,"menu_order":0,"comment_status":"open","ping_status":"open","template":"","meta":{"_acf_changed":false,"footnotes":""},"categories":[],"tags":[],"class_list":["post-414","page","type-page","status-publish","hentry"],"acf":[],"yoast_head":"<!-- This site is optimized with the Yoast SEO plugin v24.8.1 - https:\/\/yoast.com\/wordpress\/plugins\/seo\/ -->\n<title>Astuces pour vous souvenir de prendre vos m\u00e9dicaments - Heart Failure Matters<\/title>\n<meta name=\"description\" content=\"Il est important de prendre vos m\u00e9dicaments pour vous assurer que votre traitement donne les meilleurs r\u00e9sultats possible. D\u00e9couvrez comment ne pas oublier de prendre vos m\u00e9dicaments\" \/>\n<meta name=\"robots\" content=\"index, follow, max-snippet:-1, max-image-preview:large, max-video-preview:-1\" \/>\n<link rel=\"canonical\" href=\"https:\/\/www.heartfailurematters.org\/fr\/ce-que-vous-pouvez-faire\/astuces-pour-vous-souvenir-de-prendre-vos-medicaments\/\" \/>\n<meta property=\"og:locale\" content=\"fr_FR\" \/>\n<meta property=\"og:type\" content=\"article\" \/>\n<meta property=\"og:title\" content=\"Astuces pour vous souvenir de prendre vos m\u00e9dicaments - Heart Failure Matters\" \/>\n<meta property=\"og:description\" content=\"Il est important de prendre vos m\u00e9dicaments pour vous assurer que votre traitement donne les meilleurs r\u00e9sultats possible. D\u00e9couvrez comment ne pas oublier de prendre vos m\u00e9dicaments\" \/>\n<meta property=\"og:url\" content=\"https:\/\/www.heartfailurematters.org\/fr\/ce-que-vous-pouvez-faire\/astuces-pour-vous-souvenir-de-prendre-vos-medicaments\/\" \/>\n<meta property=\"og:site_name\" content=\"Heart Failure Matters\" \/>\n<meta property=\"article:publisher\" content=\"https:\/\/www.facebook.com\/heartfailurematters\" \/>\n<meta name=\"twitter:card\" content=\"summary_large_image\" \/>\n<meta name=\"twitter:label1\" content=\"Dur\u00e9e de lecture estim\u00e9e\" \/>\n\t<meta name=\"twitter:data1\" content=\"3 minutes\" \/>\n<script type=\"application\/ld+json\" class=\"yoast-schema-graph\">{\"@context\":\"https:\/\/schema.org\",\"@graph\":[{\"@type\":\"WebPage\",\"@id\":\"https:\/\/www.heartfailurematters.org\/fr\/ce-que-vous-pouvez-faire\/astuces-pour-vous-souvenir-de-prendre-vos-medicaments\/\",\"url\":\"https:\/\/www.heartfailurematters.org\/fr\/ce-que-vous-pouvez-faire\/astuces-pour-vous-souvenir-de-prendre-vos-medicaments\/\",\"name\":\"Astuces pour vous souvenir de prendre vos m\u00e9dicaments - Heart Failure Matters\",\"isPartOf\":{\"@id\":\"https:\/\/www.heartfailurematters.org\/fr\/#website\"},\"datePublished\":\"2021-01-27T21:36:00+00:00\",\"description\":\"Il est important de prendre vos m\u00e9dicaments pour vous assurer que votre traitement donne les meilleurs r\u00e9sultats possible. D\u00e9couvrez comment ne pas oublier de prendre vos m\u00e9dicaments\",\"breadcrumb\":{\"@id\":\"https:\/\/www.heartfailurematters.org\/fr\/ce-que-vous-pouvez-faire\/astuces-pour-vous-souvenir-de-prendre-vos-medicaments\/#breadcrumb\"},\"inLanguage\":\"fr-FR\",\"potentialAction\":[{\"@type\":\"ReadAction\",\"target\":[\"https:\/\/www.heartfailurematters.org\/fr\/ce-que-vous-pouvez-faire\/astuces-pour-vous-souvenir-de-prendre-vos-medicaments\/\"]}]},{\"@type\":\"BreadcrumbList\",\"@id\":\"https:\/\/www.heartfailurematters.org\/fr\/ce-que-vous-pouvez-faire\/astuces-pour-vous-souvenir-de-prendre-vos-medicaments\/#breadcrumb\",\"itemListElement\":[{\"@type\":\"ListItem\",\"position\":1,\"name\":\"Accueil\",\"item\":\"https:\/\/www.heartfailurematters.org\/fr\/\"},{\"@type\":\"ListItem\",\"position\":2,\"name\":\"Ce que vous pouvez faire\",\"item\":\"https:\/\/www.heartfailurematters.org\/fr\/ce-que-vous-pouvez-faire\/\"},{\"@type\":\"ListItem\",\"position\":3,\"name\":\"Astuces pour vous souvenir de prendre vos m\u00e9dicaments\"}]},{\"@type\":\"WebSite\",\"@id\":\"https:\/\/www.heartfailurematters.org\/fr\/#website\",\"url\":\"https:\/\/www.heartfailurematters.org\/fr\/\",\"name\":\"Heart Failure Matters\",\"description\":\"Practical information for patients, families and caregivers.\",\"publisher\":{\"@id\":\"https:\/\/www.heartfailurematters.org\/fr\/#organization\"},\"potentialAction\":[{\"@type\":\"SearchAction\",\"target\":{\"@type\":\"EntryPoint\",\"urlTemplate\":\"https:\/\/www.heartfailurematters.org\/fr\/?s={search_term_string}\"},\"query-input\":{\"@type\":\"PropertyValueSpecification\",\"valueRequired\":true,\"valueName\":\"search_term_string\"}}],\"inLanguage\":\"fr-FR\"},{\"@type\":\"Organization\",\"@id\":\"https:\/\/www.heartfailurematters.org\/fr\/#organization\",\"name\":\"Heart Failure Matters\",\"url\":\"https:\/\/www.heartfailurematters.org\/fr\/\",\"logo\":{\"@type\":\"ImageObject\",\"inLanguage\":\"fr-FR\",\"@id\":\"https:\/\/www.heartfailurematters.org\/fr\/#\/schema\/logo\/image\/\",\"url\":\"https:\/\/cdn-endpoint-hfm.azureedge.net\/heartfailurematters\/2024\/07\/hfm-logo1.jpg\",\"contentUrl\":\"https:\/\/cdn-endpoint-hfm.azureedge.net\/heartfailurematters\/2024\/07\/hfm-logo1.jpg\",\"width\":1280,\"height\":720,\"caption\":\"Heart Failure Matters\"},\"image\":{\"@id\":\"https:\/\/www.heartfailurematters.org\/fr\/#\/schema\/logo\/image\/\"},\"sameAs\":[\"https:\/\/www.facebook.com\/heartfailurematters\"]}]}<\/script>\n<!-- \/ Yoast SEO plugin. -->","yoast_head_json":{"title":"Astuces pour vous souvenir de prendre vos m\u00e9dicaments - Heart Failure Matters","description":"Il est important de prendre vos m\u00e9dicaments pour vous assurer que votre traitement donne les meilleurs r\u00e9sultats possible. D\u00e9couvrez comment ne pas oublier de prendre vos m\u00e9dicaments","robots":{"index":"index","follow":"follow","max-snippet":"max-snippet:-1","max-image-preview":"max-image-preview:large","max-video-preview":"max-video-preview:-1"},"canonical":"https:\/\/www.heartfailurematters.org\/fr\/ce-que-vous-pouvez-faire\/astuces-pour-vous-souvenir-de-prendre-vos-medicaments\/","og_locale":"fr_FR","og_type":"article","og_title":"Astuces pour vous souvenir de prendre vos m\u00e9dicaments - Heart Failure Matters","og_description":"Il est important de prendre vos m\u00e9dicaments pour vous assurer que votre traitement donne les meilleurs r\u00e9sultats possible. D\u00e9couvrez comment ne pas oublier de prendre vos m\u00e9dicaments","og_url":"https:\/\/www.heartfailurematters.org\/fr\/ce-que-vous-pouvez-faire\/astuces-pour-vous-souvenir-de-prendre-vos-medicaments\/","og_site_name":"Heart Failure Matters","article_publisher":"https:\/\/www.facebook.com\/heartfailurematters","twitter_card":"summary_large_image","twitter_misc":{"Dur\u00e9e de lecture estim\u00e9e":"3 minutes"},"schema":{"@context":"https:\/\/schema.org","@graph":[{"@type":"WebPage","@id":"https:\/\/www.heartfailurematters.org\/fr\/ce-que-vous-pouvez-faire\/astuces-pour-vous-souvenir-de-prendre-vos-medicaments\/","url":"https:\/\/www.heartfailurematters.org\/fr\/ce-que-vous-pouvez-faire\/astuces-pour-vous-souvenir-de-prendre-vos-medicaments\/","name":"Astuces pour vous souvenir de prendre vos m\u00e9dicaments - Heart Failure Matters","isPartOf":{"@id":"https:\/\/www.heartfailurematters.org\/fr\/#website"},"datePublished":"2021-01-27T21:36:00+00:00","description":"Il est important de prendre vos m\u00e9dicaments pour vous assurer que votre traitement donne les meilleurs r\u00e9sultats possible. D\u00e9couvrez comment ne pas oublier de prendre vos m\u00e9dicaments","breadcrumb":{"@id":"https:\/\/www.heartfailurematters.org\/fr\/ce-que-vous-pouvez-faire\/astuces-pour-vous-souvenir-de-prendre-vos-medicaments\/#breadcrumb"},"inLanguage":"fr-FR","potentialAction":[{"@type":"ReadAction","target":["https:\/\/www.heartfailurematters.org\/fr\/ce-que-vous-pouvez-faire\/astuces-pour-vous-souvenir-de-prendre-vos-medicaments\/"]}]},{"@type":"BreadcrumbList","@id":"https:\/\/www.heartfailurematters.org\/fr\/ce-que-vous-pouvez-faire\/astuces-pour-vous-souvenir-de-prendre-vos-medicaments\/#breadcrumb","itemListElement":[{"@type":"ListItem","position":1,"name":"Accueil","item":"https:\/\/www.heartfailurematters.org\/fr\/"},{"@type":"ListItem","position":2,"name":"Ce que vous pouvez faire","item":"https:\/\/www.heartfailurematters.org\/fr\/ce-que-vous-pouvez-faire\/"},{"@type":"ListItem","position":3,"name":"Astuces pour vous souvenir de prendre vos m\u00e9dicaments"}]},{"@type":"WebSite","@id":"https:\/\/www.heartfailurematters.org\/fr\/#website","url":"https:\/\/www.heartfailurematters.org\/fr\/","name":"Heart Failure Matters","description":"Practical information for patients, families and caregivers.","publisher":{"@id":"https:\/\/www.heartfailurematters.org\/fr\/#organization"},"potentialAction":[{"@type":"SearchAction","target":{"@type":"EntryPoint","urlTemplate":"https:\/\/www.heartfailurematters.org\/fr\/?s={search_term_string}"},"query-input":{"@type":"PropertyValueSpecification","valueRequired":true,"valueName":"search_term_string"}}],"inLanguage":"fr-FR"},{"@type":"Organization","@id":"https:\/\/www.heartfailurematters.org\/fr\/#organization","name":"Heart Failure Matters","url":"https:\/\/www.heartfailurematters.org\/fr\/","logo":{"@type":"ImageObject","inLanguage":"fr-FR","@id":"https:\/\/www.heartfailurematters.org\/fr\/#\/schema\/logo\/image\/","url":"https:\/\/cdn-endpoint-hfm.azureedge.net\/heartfailurematters\/2024\/07\/hfm-logo1.jpg","contentUrl":"https:\/\/cdn-endpoint-hfm.azureedge.net\/heartfailurematters\/2024\/07\/hfm-logo1.jpg","width":1280,"height":720,"caption":"Heart Failure Matters"},"image":{"@id":"https:\/\/www.heartfailurematters.org\/fr\/#\/schema\/logo\/image\/"},"sameAs":["https:\/\/www.facebook.com\/heartfailurematters"]}]}},"_links":{"self":[{"href":"https:\/\/www.heartfailurematters.org\/fr\/wp-json\/wp\/v2\/pages\/414","targetHints":{"allow":["GET"]}}],"collection":[{"href":"https:\/\/www.heartfailurematters.org\/fr\/wp-json\/wp\/v2\/pages"}],"about":[{"href":"https:\/\/www.heartfailurematters.org\/fr\/wp-json\/wp\/v2\/types\/page"}],"author":[{"embeddable":true,"href":"https:\/\/www.heartfailurematters.org\/fr\/wp-json\/wp\/v2\/users\/1"}],"replies":[{"embeddable":true,"href":"https:\/\/www.heartfailurematters.org\/fr\/wp-json\/wp\/v2\/comments?post=414"}],"version-history":[{"count":0,"href":"https:\/\/www.heartfailurematters.org\/fr\/wp-json\/wp\/v2\/pages\/414\/revisions"}],"up":[{"embeddable":true,"href":"https:\/\/www.heartfailurematters.org\/fr\/wp-json\/wp\/v2\/pages\/2715"}],"wp:attachment":[{"href":"https:\/\/www.heartfailurematters.org\/fr\/wp-json\/wp\/v2\/media?parent=414"}],"wp:term":[{"taxonomy":"category","embeddable":true,"href":"https:\/\/www.heartfailurematters.org\/fr\/wp-json\/wp\/v2\/categories?post=414"},{"taxonomy":"post_tag","embeddable":true,"href":"https:\/\/www.heartfailurematters.org\/fr\/wp-json\/wp\/v2\/tags?post=414"}],"curies":[{"name":"wp","href":"https:\/\/api.w.org\/{rel}","templated":true}]}}