{"id":413,"date":"2021-01-27T21:36:00","date_gmt":"2021-01-27T21:36:00","guid":{"rendered":"http:\/\/heartfailurematters.local:8888\/antecedents-medicaux-et-examen-physique\/"},"modified":"2021-02-16T12:08:45","modified_gmt":"2021-02-16T12:08:45","slug":"antecedents-medicaux-et-examen-physique","status":"publish","type":"page","link":"https:\/\/www.heartfailurematters.org\/fr\/comprendre-linsuffisance-cardiaque\/antecedents-medicaux-et-examen-physique\/","title":{"rendered":"Ant\u00e9c\u00e9dents m\u00e9dicaux et examen physique"},"content":{"rendered":"<p><img decoding=\"async\" class=\"alignleft size-full wp-image-6697\" src=\"https:\/\/www.heartfailurematters.org\/wp-content\/uploads\/2021\/02\/General-physician-1.jpg\" alt=\"\" width=\"211\" height=\"206\" \/><\/p>\n<p>La premi\u00e8re chose qu\u2019un m\u00e9decin fera s&rsquo;il soup\u00e7onne une insuffisance cardiaque, sera de vous interroger sur vos <a class=\"addtooltip\" title=\"&lt;div id='ToolTipTextWrap'&gt;ant\u00e9c\u00e9dents m\u00e9dicaux&lt;\/div&gt;&lt;p&gt; Informations d\u00e9taill\u00e9es sur les sympt\u00f4mes d'une personne, ses maladies r\u00e9centes ou pass\u00e9es, ses interventions chirurgicales, ses traitements ant\u00e9rieurs, et sur les probl\u00e8mes de sant\u00e9 familiaux.&lt;\/p&gt;\"><strong>ant\u00e9c\u00e9dents m\u00e9dicaux<\/strong><\/a>\u00a0et de proc\u00e9der \u00e0 un examen physique complet. Il est important d\u2019identifier vos sympt\u00f4mes actuels mais \u00e9galement d\u2019essayer d\u2019identifier la cause possible de votre insuffisance cardiaque. Lorsque votre m\u00e9decin vous interrogera sur vos <a class=\"addtooltip\" title=\"&lt;div id='ToolTipTextWrap'&gt;ant\u00e9c\u00e9dents m\u00e9dicaux&lt;\/div&gt;&lt;p&gt; Informations d\u00e9taill\u00e9es sur les sympt\u00f4mes d'une personne, ses maladies r\u00e9centes ou pass\u00e9es, ses interventions chirurgicales, ses traitements ant\u00e9rieurs, et sur les probl\u00e8mes de sant\u00e9 familiaux.&lt;\/p&gt;\"><strong>ant\u00e9c\u00e9dents m\u00e9dicaux<\/strong><\/a> et proc\u00e8dera \u00e0 <a class=\"addtooltip\" title=\"&lt;div id='ToolTipTextWrap'&gt;l\u2019examen physique&lt;\/div&gt;&lt;p&gt; Examen complet d\u2019un patient visant \u00e0 d\u00e9tecter des signes de maladie ou des anomalies.&lt;\/p&gt;\"><strong>examen physique<\/strong><\/a>, il vous posera des questions sur vos sympt\u00f4mes, vos maladies r\u00e9centes ou anciennes, votre activit\u00e9 physique, votre respiration, votre sommeil, votre r\u00e9gime alimentaire et d\u2019autres activit\u00e9s. Une fois que le m\u00e9decin aura connaissance de tous vos ant\u00e9c\u00e9dents m\u00e9dicaux, il ou elle effectuera un examen physique. Les temps de l\u2019<a class=\"addtooltip\" title=\"&lt;div id='ToolTipTextWrap'&gt;l\u2019examen physique&lt;\/div&gt;&lt;p&gt; Examen complet d\u2019un patient visant \u00e0 d\u00e9tecter des signes de maladie ou des anomalies.&lt;\/p&gt;\"><strong>examen physique<\/strong><\/a> les plus utiles pour diagnostiquer une insuffisance cardiaque sont\u00a0:<\/p>\n<ul>\n<li>Mesure de la pression art\u00e9rielle et du pouls. L\u2019hypertension art\u00e9rielle impose un effort suppl\u00e9mentaire au c\u0153ur et une fr\u00e9quence cardiaque rapide ou irr\u00e9guli\u00e8re\u00a0et\/ou rapide peut indiquer que le c\u0153ur essaye de pomper plus vite pour compenser.<\/li>\n<li>\u00c9valuation de la couleur et de la chaleur de la peau.<\/li>\n<li>V\u00e9rification des veines du cou. Si le sang reflue dans votre c\u0153ur, les veines du cou peuvent gonfler ou faire saillie.<\/li>\n<li>\u00c9coute de la respiration et des bruits du c\u0153ur avec un st\u00e9thoscope. Des r\u00e2les cr\u00e9pitants ou un sifflement dans les poumons peuvent indiquer une <a class=\"addtooltip\" title=\"&lt;div id='ToolTipTextWrap'&gt;accumulation de liquide&lt;\/div&gt;&lt;p&gt; Quand il y a trop de liquide dans la circulation sanguine, la pression dans les vaisseaux sanguins augmente. Le liquide gagne alors les tissus environnants, o\u00f9 il s\u2019accumule, entra\u00eenant un \u0153d\u00e8me.&lt;\/p&gt;\"><strong>accumulation de liquide<\/strong><\/a>\u00a0dans les poumons. Les bruits cardiaques anormaux (souffles) peuvent r\u00e9v\u00e9ler des anomalies des valves cardiaques.<\/li>\n<li>Examen de l&rsquo;abdomen \u00e0 la recherche d&rsquo;un gonflement caus\u00e9 par une accumulation de liquide <span style=\"font-weight: 400;\">(\u0153d\u00e8me<\/span><span style=\"font-weight: 400;\">)<\/span>.<\/li>\n<li>Examen des chevilles et des jambes \u00e0 la recherche d&rsquo;un gonflement caus\u00e9 par une accumulation de liquide.<\/li>\n<li>Mesure de votre poids.<\/li>\n<\/ul>\n<p><a title=\"\" href=\"https:\/\/www.heartfailurematters.org\/fr\/comprendre-linsuffisance-cardiaque\/examens-frequemment-utilises-pour-deceler-une-insuffisance-cardiaque\/\">Retourner \u00e0 la rubrique \u00ab\u00a0Examens fr\u00e9quemment utilis\u00e9s pour d\u00e9celer une insuffisance cardiaque\u00a0\u00bb<\/a><\/p>\n","protected":false},"excerpt":{"rendered":"<p>La premi\u00e8re chose qu\u2019un m\u00e9decin fera s&rsquo;il soup\u00e7onne une insuffisance cardiaque, sera de vous interroger sur vos ant\u00e9c\u00e9dents m\u00e9dicaux\u00a0et de proc\u00e9der \u00e0 un examen physique complet. Il est important d\u2019identifier vos sympt\u00f4mes actuels mais \u00e9galement d\u2019essayer d\u2019identifier la cause possible de votre insuffisance cardiaque. Lorsque votre m\u00e9decin vous interrogera sur vos ant\u00e9c\u00e9dents m\u00e9dicaux et proc\u00e8dera [&hellip;]<\/p>\n","protected":false},"author":1,"featured_media":10615,"parent":307,"menu_order":0,"comment_status":"open","ping_status":"open","template":"","meta":{"_acf_changed":false,"footnotes":""},"categories":[],"tags":[],"class_list":["post-413","page","type-page","status-publish","has-post-thumbnail","hentry"],"acf":[],"yoast_head":"<!-- This site is optimized with the Yoast SEO plugin v24.8.1 - https:\/\/yoast.com\/wordpress\/plugins\/seo\/ -->\n<title>Ant\u00e9c\u00e9dents m\u00e9dicaux et examen physique - Heart Failure Matters<\/title>\n<meta name=\"description\" content=\"La premi\u00e8re chose qu&#039;un m\u00e9decin fera s&#039;il vous soup\u00e7onne d&#039;\u00eatre atteint d&#039;insuffisance cardiaque est d&#039;\u00e9tudier vos ant\u00e9c\u00e9dents m\u00e9dicaux et de vous faire passer un examen physique approfondi. En savoir plus\" \/>\n<meta name=\"robots\" content=\"index, follow, max-snippet:-1, max-image-preview:large, max-video-preview:-1\" \/>\n<link rel=\"canonical\" href=\"https:\/\/www.heartfailurematters.org\/fr\/comprendre-linsuffisance-cardiaque\/antecedents-medicaux-et-examen-physique\/\" \/>\n<meta property=\"og:locale\" content=\"fr_FR\" \/>\n<meta property=\"og:type\" content=\"article\" \/>\n<meta property=\"og:title\" content=\"Ant\u00e9c\u00e9dents m\u00e9dicaux et examen physique - Heart Failure Matters\" \/>\n<meta property=\"og:description\" content=\"La premi\u00e8re chose qu&#039;un m\u00e9decin fera s&#039;il vous soup\u00e7onne d&#039;\u00eatre atteint d&#039;insuffisance cardiaque est d&#039;\u00e9tudier vos ant\u00e9c\u00e9dents m\u00e9dicaux et de vous faire passer un examen physique approfondi. En savoir plus\" \/>\n<meta property=\"og:url\" content=\"https:\/\/www.heartfailurematters.org\/fr\/comprendre-linsuffisance-cardiaque\/antecedents-medicaux-et-examen-physique\/\" \/>\n<meta property=\"og:site_name\" content=\"Heart Failure Matters\" \/>\n<meta property=\"article:publisher\" content=\"https:\/\/www.facebook.com\/heartfailurematters\" \/>\n<meta property=\"article:modified_time\" content=\"2021-02-16T12:08:45+00:00\" \/>\n<meta property=\"og:image\" content=\"https:\/\/www.heartfailurematters.org\/wp-content\/uploads\/2022\/02\/shutterstock_470730977-1-min.jpg\" \/>\n\t<meta property=\"og:image:width\" content=\"900\" \/>\n\t<meta property=\"og:image:height\" content=\"590\" \/>\n\t<meta property=\"og:image:type\" content=\"image\/jpeg\" \/>\n<meta name=\"twitter:card\" content=\"summary_large_image\" \/>\n<meta name=\"twitter:label1\" content=\"Dur\u00e9e de lecture estim\u00e9e\" \/>\n\t<meta name=\"twitter:data1\" content=\"2 minutes\" \/>\n<script type=\"application\/ld+json\" class=\"yoast-schema-graph\">{\"@context\":\"https:\/\/schema.org\",\"@graph\":[{\"@type\":\"WebPage\",\"@id\":\"https:\/\/www.heartfailurematters.org\/fr\/comprendre-linsuffisance-cardiaque\/antecedents-medicaux-et-examen-physique\/\",\"url\":\"https:\/\/www.heartfailurematters.org\/fr\/comprendre-linsuffisance-cardiaque\/antecedents-medicaux-et-examen-physique\/\",\"name\":\"Ant\u00e9c\u00e9dents m\u00e9dicaux et examen physique - Heart Failure Matters\",\"isPartOf\":{\"@id\":\"https:\/\/www.heartfailurematters.org\/fr\/#website\"},\"primaryImageOfPage\":{\"@id\":\"https:\/\/www.heartfailurematters.org\/fr\/comprendre-linsuffisance-cardiaque\/antecedents-medicaux-et-examen-physique\/#primaryimage\"},\"image\":{\"@id\":\"https:\/\/www.heartfailurematters.org\/fr\/comprendre-linsuffisance-cardiaque\/antecedents-medicaux-et-examen-physique\/#primaryimage\"},\"thumbnailUrl\":\"https:\/\/www.heartfailurematters.org\/wp-content\/uploads\/2022\/02\/shutterstock_470730977-1-min.jpg\",\"datePublished\":\"2021-01-27T21:36:00+00:00\",\"dateModified\":\"2021-02-16T12:08:45+00:00\",\"description\":\"La premi\u00e8re chose qu'un m\u00e9decin fera s'il vous soup\u00e7onne d'\u00eatre atteint d'insuffisance cardiaque est d'\u00e9tudier vos ant\u00e9c\u00e9dents m\u00e9dicaux et de vous faire passer un examen physique approfondi. En savoir plus\",\"breadcrumb\":{\"@id\":\"https:\/\/www.heartfailurematters.org\/fr\/comprendre-linsuffisance-cardiaque\/antecedents-medicaux-et-examen-physique\/#breadcrumb\"},\"inLanguage\":\"fr-FR\",\"potentialAction\":[{\"@type\":\"ReadAction\",\"target\":[\"https:\/\/www.heartfailurematters.org\/fr\/comprendre-linsuffisance-cardiaque\/antecedents-medicaux-et-examen-physique\/\"]}]},{\"@type\":\"ImageObject\",\"inLanguage\":\"fr-FR\",\"@id\":\"https:\/\/www.heartfailurematters.org\/fr\/comprendre-linsuffisance-cardiaque\/antecedents-medicaux-et-examen-physique\/#primaryimage\",\"url\":\"https:\/\/www.heartfailurematters.org\/wp-content\/uploads\/2022\/02\/shutterstock_470730977-1-min.jpg\",\"contentUrl\":\"https:\/\/www.heartfailurematters.org\/wp-content\/uploads\/2022\/02\/shutterstock_470730977-1-min.jpg\",\"width\":900,\"height\":590},{\"@type\":\"BreadcrumbList\",\"@id\":\"https:\/\/www.heartfailurematters.org\/fr\/comprendre-linsuffisance-cardiaque\/antecedents-medicaux-et-examen-physique\/#breadcrumb\",\"itemListElement\":[{\"@type\":\"ListItem\",\"position\":1,\"name\":\"Accueil\",\"item\":\"https:\/\/www.heartfailurematters.org\/fr\/\"},{\"@type\":\"ListItem\",\"position\":2,\"name\":\"Comprendre l&#8217;insuffisance cardiaque\",\"item\":\"https:\/\/www.heartfailurematters.org\/fr\/comprendre-linsuffisance-cardiaque\/\"},{\"@type\":\"ListItem\",\"position\":3,\"name\":\"Ant\u00e9c\u00e9dents m\u00e9dicaux et examen physique\"}]},{\"@type\":\"WebSite\",\"@id\":\"https:\/\/www.heartfailurematters.org\/fr\/#website\",\"url\":\"https:\/\/www.heartfailurematters.org\/fr\/\",\"name\":\"Heart Failure Matters\",\"description\":\"Practical information for patients, families and caregivers.\",\"publisher\":{\"@id\":\"https:\/\/www.heartfailurematters.org\/fr\/#organization\"},\"potentialAction\":[{\"@type\":\"SearchAction\",\"target\":{\"@type\":\"EntryPoint\",\"urlTemplate\":\"https:\/\/www.heartfailurematters.org\/fr\/?s={search_term_string}\"},\"query-input\":{\"@type\":\"PropertyValueSpecification\",\"valueRequired\":true,\"valueName\":\"search_term_string\"}}],\"inLanguage\":\"fr-FR\"},{\"@type\":\"Organization\",\"@id\":\"https:\/\/www.heartfailurematters.org\/fr\/#organization\",\"name\":\"Heart Failure Matters\",\"url\":\"https:\/\/www.heartfailurematters.org\/fr\/\",\"logo\":{\"@type\":\"ImageObject\",\"inLanguage\":\"fr-FR\",\"@id\":\"https:\/\/www.heartfailurematters.org\/fr\/#\/schema\/logo\/image\/\",\"url\":\"https:\/\/cdn-endpoint-hfm.azureedge.net\/heartfailurematters\/2024\/07\/hfm-logo1.jpg\",\"contentUrl\":\"https:\/\/cdn-endpoint-hfm.azureedge.net\/heartfailurematters\/2024\/07\/hfm-logo1.jpg\",\"width\":1280,\"height\":720,\"caption\":\"Heart Failure Matters\"},\"image\":{\"@id\":\"https:\/\/www.heartfailurematters.org\/fr\/#\/schema\/logo\/image\/\"},\"sameAs\":[\"https:\/\/www.facebook.com\/heartfailurematters\"]}]}<\/script>\n<!-- \/ Yoast SEO plugin. -->","yoast_head_json":{"title":"Ant\u00e9c\u00e9dents m\u00e9dicaux et examen physique - Heart Failure Matters","description":"La premi\u00e8re chose qu'un m\u00e9decin fera s'il vous soup\u00e7onne d'\u00eatre atteint d'insuffisance cardiaque est d'\u00e9tudier vos ant\u00e9c\u00e9dents m\u00e9dicaux et de vous faire passer un examen physique approfondi. En savoir plus","robots":{"index":"index","follow":"follow","max-snippet":"max-snippet:-1","max-image-preview":"max-image-preview:large","max-video-preview":"max-video-preview:-1"},"canonical":"https:\/\/www.heartfailurematters.org\/fr\/comprendre-linsuffisance-cardiaque\/antecedents-medicaux-et-examen-physique\/","og_locale":"fr_FR","og_type":"article","og_title":"Ant\u00e9c\u00e9dents m\u00e9dicaux et examen physique - Heart Failure Matters","og_description":"La premi\u00e8re chose qu'un m\u00e9decin fera s'il vous soup\u00e7onne d'\u00eatre atteint d'insuffisance cardiaque est d'\u00e9tudier vos ant\u00e9c\u00e9dents m\u00e9dicaux et de vous faire passer un examen physique approfondi. En savoir plus","og_url":"https:\/\/www.heartfailurematters.org\/fr\/comprendre-linsuffisance-cardiaque\/antecedents-medicaux-et-examen-physique\/","og_site_name":"Heart Failure Matters","article_publisher":"https:\/\/www.facebook.com\/heartfailurematters","article_modified_time":"2021-02-16T12:08:45+00:00","og_image":[{"width":900,"height":590,"url":"https:\/\/www.heartfailurematters.org\/wp-content\/uploads\/2022\/02\/shutterstock_470730977-1-min.jpg","type":"image\/jpeg"}],"twitter_card":"summary_large_image","twitter_misc":{"Dur\u00e9e de lecture estim\u00e9e":"2 minutes"},"schema":{"@context":"https:\/\/schema.org","@graph":[{"@type":"WebPage","@id":"https:\/\/www.heartfailurematters.org\/fr\/comprendre-linsuffisance-cardiaque\/antecedents-medicaux-et-examen-physique\/","url":"https:\/\/www.heartfailurematters.org\/fr\/comprendre-linsuffisance-cardiaque\/antecedents-medicaux-et-examen-physique\/","name":"Ant\u00e9c\u00e9dents m\u00e9dicaux et examen physique - Heart Failure Matters","isPartOf":{"@id":"https:\/\/www.heartfailurematters.org\/fr\/#website"},"primaryImageOfPage":{"@id":"https:\/\/www.heartfailurematters.org\/fr\/comprendre-linsuffisance-cardiaque\/antecedents-medicaux-et-examen-physique\/#primaryimage"},"image":{"@id":"https:\/\/www.heartfailurematters.org\/fr\/comprendre-linsuffisance-cardiaque\/antecedents-medicaux-et-examen-physique\/#primaryimage"},"thumbnailUrl":"https:\/\/www.heartfailurematters.org\/wp-content\/uploads\/2022\/02\/shutterstock_470730977-1-min.jpg","datePublished":"2021-01-27T21:36:00+00:00","dateModified":"2021-02-16T12:08:45+00:00","description":"La premi\u00e8re chose qu'un m\u00e9decin fera s'il vous soup\u00e7onne d'\u00eatre atteint d'insuffisance cardiaque est d'\u00e9tudier vos ant\u00e9c\u00e9dents m\u00e9dicaux et de vous faire passer un examen physique approfondi. En savoir plus","breadcrumb":{"@id":"https:\/\/www.heartfailurematters.org\/fr\/comprendre-linsuffisance-cardiaque\/antecedents-medicaux-et-examen-physique\/#breadcrumb"},"inLanguage":"fr-FR","potentialAction":[{"@type":"ReadAction","target":["https:\/\/www.heartfailurematters.org\/fr\/comprendre-linsuffisance-cardiaque\/antecedents-medicaux-et-examen-physique\/"]}]},{"@type":"ImageObject","inLanguage":"fr-FR","@id":"https:\/\/www.heartfailurematters.org\/fr\/comprendre-linsuffisance-cardiaque\/antecedents-medicaux-et-examen-physique\/#primaryimage","url":"https:\/\/www.heartfailurematters.org\/wp-content\/uploads\/2022\/02\/shutterstock_470730977-1-min.jpg","contentUrl":"https:\/\/www.heartfailurematters.org\/wp-content\/uploads\/2022\/02\/shutterstock_470730977-1-min.jpg","width":900,"height":590},{"@type":"BreadcrumbList","@id":"https:\/\/www.heartfailurematters.org\/fr\/comprendre-linsuffisance-cardiaque\/antecedents-medicaux-et-examen-physique\/#breadcrumb","itemListElement":[{"@type":"ListItem","position":1,"name":"Accueil","item":"https:\/\/www.heartfailurematters.org\/fr\/"},{"@type":"ListItem","position":2,"name":"Comprendre l&#8217;insuffisance cardiaque","item":"https:\/\/www.heartfailurematters.org\/fr\/comprendre-linsuffisance-cardiaque\/"},{"@type":"ListItem","position":3,"name":"Ant\u00e9c\u00e9dents m\u00e9dicaux et examen physique"}]},{"@type":"WebSite","@id":"https:\/\/www.heartfailurematters.org\/fr\/#website","url":"https:\/\/www.heartfailurematters.org\/fr\/","name":"Heart Failure Matters","description":"Practical information for patients, families and caregivers.","publisher":{"@id":"https:\/\/www.heartfailurematters.org\/fr\/#organization"},"potentialAction":[{"@type":"SearchAction","target":{"@type":"EntryPoint","urlTemplate":"https:\/\/www.heartfailurematters.org\/fr\/?s={search_term_string}"},"query-input":{"@type":"PropertyValueSpecification","valueRequired":true,"valueName":"search_term_string"}}],"inLanguage":"fr-FR"},{"@type":"Organization","@id":"https:\/\/www.heartfailurematters.org\/fr\/#organization","name":"Heart Failure Matters","url":"https:\/\/www.heartfailurematters.org\/fr\/","logo":{"@type":"ImageObject","inLanguage":"fr-FR","@id":"https:\/\/www.heartfailurematters.org\/fr\/#\/schema\/logo\/image\/","url":"https:\/\/cdn-endpoint-hfm.azureedge.net\/heartfailurematters\/2024\/07\/hfm-logo1.jpg","contentUrl":"https:\/\/cdn-endpoint-hfm.azureedge.net\/heartfailurematters\/2024\/07\/hfm-logo1.jpg","width":1280,"height":720,"caption":"Heart Failure Matters"},"image":{"@id":"https:\/\/www.heartfailurematters.org\/fr\/#\/schema\/logo\/image\/"},"sameAs":["https:\/\/www.facebook.com\/heartfailurematters"]}]}},"_links":{"self":[{"href":"https:\/\/www.heartfailurematters.org\/fr\/wp-json\/wp\/v2\/pages\/413","targetHints":{"allow":["GET"]}}],"collection":[{"href":"https:\/\/www.heartfailurematters.org\/fr\/wp-json\/wp\/v2\/pages"}],"about":[{"href":"https:\/\/www.heartfailurematters.org\/fr\/wp-json\/wp\/v2\/types\/page"}],"author":[{"embeddable":true,"href":"https:\/\/www.heartfailurematters.org\/fr\/wp-json\/wp\/v2\/users\/1"}],"replies":[{"embeddable":true,"href":"https:\/\/www.heartfailurematters.org\/fr\/wp-json\/wp\/v2\/comments?post=413"}],"version-history":[{"count":1,"href":"https:\/\/www.heartfailurematters.org\/fr\/wp-json\/wp\/v2\/pages\/413\/revisions"}],"predecessor-version":[{"id":6707,"href":"https:\/\/www.heartfailurematters.org\/fr\/wp-json\/wp\/v2\/pages\/413\/revisions\/6707"}],"up":[{"embeddable":true,"href":"https:\/\/www.heartfailurematters.org\/fr\/wp-json\/wp\/v2\/pages\/307"}],"wp:featuredmedia":[{"embeddable":true,"href":"https:\/\/www.heartfailurematters.org\/fr\/wp-json\/wp\/v2\/media\/10615"}],"wp:attachment":[{"href":"https:\/\/www.heartfailurematters.org\/fr\/wp-json\/wp\/v2\/media?parent=413"}],"wp:term":[{"taxonomy":"category","embeddable":true,"href":"https:\/\/www.heartfailurematters.org\/fr\/wp-json\/wp\/v2\/categories?post=413"},{"taxonomy":"post_tag","embeddable":true,"href":"https:\/\/www.heartfailurematters.org\/fr\/wp-json\/wp\/v2\/tags?post=413"}],"curies":[{"name":"wp","href":"https:\/\/api.w.org\/{rel}","templated":true}]}}