{"id":411,"date":"2021-01-27T21:36:00","date_gmt":"2021-01-27T21:36:00","guid":{"rendered":"http:\/\/heartfailurematters.local:8888\/questions-a-poser-a-votre-medecin-ou-votre-infirmiere\/"},"modified":"2021-01-27T21:36:00","modified_gmt":"2021-01-27T21:36:00","slug":"questions-a-poser-a-votre-medecin-ou-votre-infirmiere","status":"publish","type":"page","link":"https:\/\/www.heartfailurematters.org\/fr\/vivre-avec-une-insuffisance-cardiaque\/questions-a-poser-a-votre-medecin-ou-votre-infirmiere\/","title":{"rendered":"Questions \u00e0 poser \u00e0 votre m\u00e9decin ou votre infirmi\u00e8re"},"content":{"rendered":"<p>Au moment de commencer \u00e0 pr\u00e9parer un&nbsp;<a class=\"addtooltip\" title=\"Document qui expose en d\u00e9tail les traitements et les interventions que vous voulez ou que vous ne voulez pas subir en fin de vie.\"><strong title=\"\">plan de soins avanc\u00e9s<\/strong><\/a>, il est important d&rsquo;avoir des informations pr\u00e9cises et \u00e0 jour sur votre \u00e9tat de sant\u00e9. La personne la plus \u00e0 m\u00eame de vous fournir ces informations sera votre m\u00e9decin ou votre infirmi\u00e8re, ou toute autre personne du corps m\u00e9dical impliqu\u00e9e dans vos soins. Pour savoir ce que vos soins sont susceptibles d\u2019impliquer, vous souhaiterez peut-\u00eatre poser \u00e0 votre m\u00e9decin ou \u00e0 votre infirmi\u00e8re des questions similaires \u00e0 celles indiqu\u00e9es ci-dessous&nbsp;:<\/p>\n<ul>\n<li>Mon insuffisance cardiaque est-elle toujours bien contr\u00f4l\u00e9e avec les m\u00e9dicaments que je prends&nbsp;?&nbsp;&nbsp;&nbsp;<\/li>\n<li>Mon insuffisance cardiaque s\u2019aggrave-t-elle&nbsp;?&nbsp;&nbsp;&nbsp;&nbsp;<\/li>\n<li>Quelles sont les autres options \u00e0 ma disposition si mes m\u00e9dicaments n\u2019ont plus d\u2019effets satisfaisants sur mon insuffisance cardiaque&nbsp;?<\/li>\n<li>Quelle aide pourrez-vous m\u2019apporter si mon insuffisance cardiaque s\u2019aggrave&nbsp;? Ou vers qui devrai-je me tourner&nbsp;?<\/li>\n<\/ul>\n<p><a href=\"https:\/\/www.heartfailurematters.org\/fr\/vivre-avec-une-insuffisance-cardiaque\/planification-de-la-fin-de-vie\/\" title=\"Return to Planning for the end of life\">Retourner \u00e0 la rubrique \u00ab&nbsp;Planification de la fin de vie&nbsp;\u00bb<\/a><\/p>\n","protected":false},"excerpt":{"rendered":"<p>Au moment de commencer \u00e0 pr\u00e9parer un&nbsp;plan de soins avanc\u00e9s, il est important d&rsquo;avoir des informations pr\u00e9cises et \u00e0 jour sur votre \u00e9tat de sant\u00e9. La personne la plus \u00e0 m\u00eame de vous fournir ces informations sera votre m\u00e9decin ou votre infirmi\u00e8re, ou toute autre personne du corps m\u00e9dical impliqu\u00e9e dans vos soins. Pour savoir [&hellip;]<\/p>\n","protected":false},"author":1,"featured_media":10537,"parent":2812,"menu_order":0,"comment_status":"open","ping_status":"open","template":"","meta":{"_acf_changed":false,"footnotes":""},"categories":[],"tags":[],"class_list":["post-411","page","type-page","status-publish","has-post-thumbnail","hentry"],"acf":[],"yoast_head":"<!-- This site is optimized with the Yoast SEO plugin v24.8.1 - https:\/\/yoast.com\/wordpress\/plugins\/seo\/ -->\n<title>Questions \u00e0 poser \u00e0 votre m\u00e9decin ou votre infirmi\u00e8re - Heart Failure Matters<\/title>\n<meta name=\"description\" content=\"Lorsque vous commencez \u00e0 pr\u00e9parer une planification anticip\u00e9e des soins, il est important d&#039;avoir des informations exactes et \u00e0 jour sur votre pathologie. Apprenez-en plus ici\" \/>\n<meta name=\"robots\" content=\"index, follow, max-snippet:-1, max-image-preview:large, max-video-preview:-1\" \/>\n<link rel=\"canonical\" href=\"https:\/\/www.heartfailurematters.org\/fr\/vivre-avec-une-insuffisance-cardiaque\/questions-a-poser-a-votre-medecin-ou-votre-infirmiere\/\" \/>\n<meta property=\"og:locale\" content=\"fr_FR\" \/>\n<meta property=\"og:type\" content=\"article\" \/>\n<meta property=\"og:title\" content=\"Questions \u00e0 poser \u00e0 votre m\u00e9decin ou votre infirmi\u00e8re - Heart Failure Matters\" \/>\n<meta property=\"og:description\" content=\"Lorsque vous commencez \u00e0 pr\u00e9parer une planification anticip\u00e9e des soins, il est important d&#039;avoir des informations exactes et \u00e0 jour sur votre pathologie. Apprenez-en plus ici\" \/>\n<meta property=\"og:url\" content=\"https:\/\/www.heartfailurematters.org\/fr\/vivre-avec-une-insuffisance-cardiaque\/questions-a-poser-a-votre-medecin-ou-votre-infirmiere\/\" \/>\n<meta property=\"og:site_name\" content=\"Heart Failure Matters\" \/>\n<meta property=\"article:publisher\" content=\"https:\/\/www.facebook.com\/heartfailurematters\" \/>\n<meta property=\"og:image\" content=\"https:\/\/www.heartfailurematters.org\/wp-content\/uploads\/2022\/02\/shutterstock_258402434-1-min.jpg\" \/>\n\t<meta property=\"og:image:width\" content=\"900\" \/>\n\t<meta property=\"og:image:height\" content=\"475\" \/>\n\t<meta property=\"og:image:type\" content=\"image\/jpeg\" \/>\n<meta name=\"twitter:card\" content=\"summary_large_image\" \/>\n<meta name=\"twitter:label1\" content=\"Dur\u00e9e de lecture estim\u00e9e\" \/>\n\t<meta name=\"twitter:data1\" content=\"1 minute\" \/>\n<script type=\"application\/ld+json\" class=\"yoast-schema-graph\">{\"@context\":\"https:\/\/schema.org\",\"@graph\":[{\"@type\":\"WebPage\",\"@id\":\"https:\/\/www.heartfailurematters.org\/fr\/vivre-avec-une-insuffisance-cardiaque\/questions-a-poser-a-votre-medecin-ou-votre-infirmiere\/\",\"url\":\"https:\/\/www.heartfailurematters.org\/fr\/vivre-avec-une-insuffisance-cardiaque\/questions-a-poser-a-votre-medecin-ou-votre-infirmiere\/\",\"name\":\"Questions \u00e0 poser \u00e0 votre m\u00e9decin ou votre infirmi\u00e8re - Heart Failure Matters\",\"isPartOf\":{\"@id\":\"https:\/\/www.heartfailurematters.org\/fr\/#website\"},\"primaryImageOfPage\":{\"@id\":\"https:\/\/www.heartfailurematters.org\/fr\/vivre-avec-une-insuffisance-cardiaque\/questions-a-poser-a-votre-medecin-ou-votre-infirmiere\/#primaryimage\"},\"image\":{\"@id\":\"https:\/\/www.heartfailurematters.org\/fr\/vivre-avec-une-insuffisance-cardiaque\/questions-a-poser-a-votre-medecin-ou-votre-infirmiere\/#primaryimage\"},\"thumbnailUrl\":\"https:\/\/www.heartfailurematters.org\/wp-content\/uploads\/2022\/02\/shutterstock_258402434-1-min.jpg\",\"datePublished\":\"2021-01-27T21:36:00+00:00\",\"description\":\"Lorsque vous commencez \u00e0 pr\u00e9parer une planification anticip\u00e9e des soins, il est important d'avoir des informations exactes et \u00e0 jour sur votre pathologie. Apprenez-en plus ici\",\"breadcrumb\":{\"@id\":\"https:\/\/www.heartfailurematters.org\/fr\/vivre-avec-une-insuffisance-cardiaque\/questions-a-poser-a-votre-medecin-ou-votre-infirmiere\/#breadcrumb\"},\"inLanguage\":\"fr-FR\",\"potentialAction\":[{\"@type\":\"ReadAction\",\"target\":[\"https:\/\/www.heartfailurematters.org\/fr\/vivre-avec-une-insuffisance-cardiaque\/questions-a-poser-a-votre-medecin-ou-votre-infirmiere\/\"]}]},{\"@type\":\"ImageObject\",\"inLanguage\":\"fr-FR\",\"@id\":\"https:\/\/www.heartfailurematters.org\/fr\/vivre-avec-une-insuffisance-cardiaque\/questions-a-poser-a-votre-medecin-ou-votre-infirmiere\/#primaryimage\",\"url\":\"https:\/\/www.heartfailurematters.org\/wp-content\/uploads\/2022\/02\/shutterstock_258402434-1-min.jpg\",\"contentUrl\":\"https:\/\/www.heartfailurematters.org\/wp-content\/uploads\/2022\/02\/shutterstock_258402434-1-min.jpg\",\"width\":900,\"height\":475},{\"@type\":\"BreadcrumbList\",\"@id\":\"https:\/\/www.heartfailurematters.org\/fr\/vivre-avec-une-insuffisance-cardiaque\/questions-a-poser-a-votre-medecin-ou-votre-infirmiere\/#breadcrumb\",\"itemListElement\":[{\"@type\":\"ListItem\",\"position\":1,\"name\":\"Accueil\",\"item\":\"https:\/\/www.heartfailurematters.org\/fr\/\"},{\"@type\":\"ListItem\",\"position\":2,\"name\":\"Vivre avec l&#8217;insuffisance cardiaque\",\"item\":\"https:\/\/www.heartfailurematters.org\/fr\/vivre-avec-une-insuffisance-cardiaque\/\"},{\"@type\":\"ListItem\",\"position\":3,\"name\":\"Questions \u00e0 poser \u00e0 votre m\u00e9decin ou votre infirmi\u00e8re\"}]},{\"@type\":\"WebSite\",\"@id\":\"https:\/\/www.heartfailurematters.org\/fr\/#website\",\"url\":\"https:\/\/www.heartfailurematters.org\/fr\/\",\"name\":\"Heart Failure Matters\",\"description\":\"Practical information for patients, families and caregivers.\",\"publisher\":{\"@id\":\"https:\/\/www.heartfailurematters.org\/fr\/#organization\"},\"potentialAction\":[{\"@type\":\"SearchAction\",\"target\":{\"@type\":\"EntryPoint\",\"urlTemplate\":\"https:\/\/www.heartfailurematters.org\/fr\/?s={search_term_string}\"},\"query-input\":{\"@type\":\"PropertyValueSpecification\",\"valueRequired\":true,\"valueName\":\"search_term_string\"}}],\"inLanguage\":\"fr-FR\"},{\"@type\":\"Organization\",\"@id\":\"https:\/\/www.heartfailurematters.org\/fr\/#organization\",\"name\":\"Heart Failure Matters\",\"url\":\"https:\/\/www.heartfailurematters.org\/fr\/\",\"logo\":{\"@type\":\"ImageObject\",\"inLanguage\":\"fr-FR\",\"@id\":\"https:\/\/www.heartfailurematters.org\/fr\/#\/schema\/logo\/image\/\",\"url\":\"https:\/\/cdn-endpoint-hfm.azureedge.net\/heartfailurematters\/2024\/07\/hfm-logo1.jpg\",\"contentUrl\":\"https:\/\/cdn-endpoint-hfm.azureedge.net\/heartfailurematters\/2024\/07\/hfm-logo1.jpg\",\"width\":1280,\"height\":720,\"caption\":\"Heart Failure Matters\"},\"image\":{\"@id\":\"https:\/\/www.heartfailurematters.org\/fr\/#\/schema\/logo\/image\/\"},\"sameAs\":[\"https:\/\/www.facebook.com\/heartfailurematters\"]}]}<\/script>\n<!-- \/ Yoast SEO plugin. -->","yoast_head_json":{"title":"Questions \u00e0 poser \u00e0 votre m\u00e9decin ou votre infirmi\u00e8re - Heart Failure Matters","description":"Lorsque vous commencez \u00e0 pr\u00e9parer une planification anticip\u00e9e des soins, il est important d'avoir des informations exactes et \u00e0 jour sur votre pathologie. Apprenez-en plus ici","robots":{"index":"index","follow":"follow","max-snippet":"max-snippet:-1","max-image-preview":"max-image-preview:large","max-video-preview":"max-video-preview:-1"},"canonical":"https:\/\/www.heartfailurematters.org\/fr\/vivre-avec-une-insuffisance-cardiaque\/questions-a-poser-a-votre-medecin-ou-votre-infirmiere\/","og_locale":"fr_FR","og_type":"article","og_title":"Questions \u00e0 poser \u00e0 votre m\u00e9decin ou votre infirmi\u00e8re - Heart Failure Matters","og_description":"Lorsque vous commencez \u00e0 pr\u00e9parer une planification anticip\u00e9e des soins, il est important d'avoir des informations exactes et \u00e0 jour sur votre pathologie. Apprenez-en plus ici","og_url":"https:\/\/www.heartfailurematters.org\/fr\/vivre-avec-une-insuffisance-cardiaque\/questions-a-poser-a-votre-medecin-ou-votre-infirmiere\/","og_site_name":"Heart Failure Matters","article_publisher":"https:\/\/www.facebook.com\/heartfailurematters","og_image":[{"width":900,"height":475,"url":"https:\/\/www.heartfailurematters.org\/wp-content\/uploads\/2022\/02\/shutterstock_258402434-1-min.jpg","type":"image\/jpeg"}],"twitter_card":"summary_large_image","twitter_misc":{"Dur\u00e9e de lecture estim\u00e9e":"1 minute"},"schema":{"@context":"https:\/\/schema.org","@graph":[{"@type":"WebPage","@id":"https:\/\/www.heartfailurematters.org\/fr\/vivre-avec-une-insuffisance-cardiaque\/questions-a-poser-a-votre-medecin-ou-votre-infirmiere\/","url":"https:\/\/www.heartfailurematters.org\/fr\/vivre-avec-une-insuffisance-cardiaque\/questions-a-poser-a-votre-medecin-ou-votre-infirmiere\/","name":"Questions \u00e0 poser \u00e0 votre m\u00e9decin ou votre infirmi\u00e8re - Heart Failure Matters","isPartOf":{"@id":"https:\/\/www.heartfailurematters.org\/fr\/#website"},"primaryImageOfPage":{"@id":"https:\/\/www.heartfailurematters.org\/fr\/vivre-avec-une-insuffisance-cardiaque\/questions-a-poser-a-votre-medecin-ou-votre-infirmiere\/#primaryimage"},"image":{"@id":"https:\/\/www.heartfailurematters.org\/fr\/vivre-avec-une-insuffisance-cardiaque\/questions-a-poser-a-votre-medecin-ou-votre-infirmiere\/#primaryimage"},"thumbnailUrl":"https:\/\/www.heartfailurematters.org\/wp-content\/uploads\/2022\/02\/shutterstock_258402434-1-min.jpg","datePublished":"2021-01-27T21:36:00+00:00","description":"Lorsque vous commencez \u00e0 pr\u00e9parer une planification anticip\u00e9e des soins, il est important d'avoir des informations exactes et \u00e0 jour sur votre pathologie. Apprenez-en plus ici","breadcrumb":{"@id":"https:\/\/www.heartfailurematters.org\/fr\/vivre-avec-une-insuffisance-cardiaque\/questions-a-poser-a-votre-medecin-ou-votre-infirmiere\/#breadcrumb"},"inLanguage":"fr-FR","potentialAction":[{"@type":"ReadAction","target":["https:\/\/www.heartfailurematters.org\/fr\/vivre-avec-une-insuffisance-cardiaque\/questions-a-poser-a-votre-medecin-ou-votre-infirmiere\/"]}]},{"@type":"ImageObject","inLanguage":"fr-FR","@id":"https:\/\/www.heartfailurematters.org\/fr\/vivre-avec-une-insuffisance-cardiaque\/questions-a-poser-a-votre-medecin-ou-votre-infirmiere\/#primaryimage","url":"https:\/\/www.heartfailurematters.org\/wp-content\/uploads\/2022\/02\/shutterstock_258402434-1-min.jpg","contentUrl":"https:\/\/www.heartfailurematters.org\/wp-content\/uploads\/2022\/02\/shutterstock_258402434-1-min.jpg","width":900,"height":475},{"@type":"BreadcrumbList","@id":"https:\/\/www.heartfailurematters.org\/fr\/vivre-avec-une-insuffisance-cardiaque\/questions-a-poser-a-votre-medecin-ou-votre-infirmiere\/#breadcrumb","itemListElement":[{"@type":"ListItem","position":1,"name":"Accueil","item":"https:\/\/www.heartfailurematters.org\/fr\/"},{"@type":"ListItem","position":2,"name":"Vivre avec l&#8217;insuffisance cardiaque","item":"https:\/\/www.heartfailurematters.org\/fr\/vivre-avec-une-insuffisance-cardiaque\/"},{"@type":"ListItem","position":3,"name":"Questions \u00e0 poser \u00e0 votre m\u00e9decin ou votre infirmi\u00e8re"}]},{"@type":"WebSite","@id":"https:\/\/www.heartfailurematters.org\/fr\/#website","url":"https:\/\/www.heartfailurematters.org\/fr\/","name":"Heart Failure Matters","description":"Practical information for patients, families and caregivers.","publisher":{"@id":"https:\/\/www.heartfailurematters.org\/fr\/#organization"},"potentialAction":[{"@type":"SearchAction","target":{"@type":"EntryPoint","urlTemplate":"https:\/\/www.heartfailurematters.org\/fr\/?s={search_term_string}"},"query-input":{"@type":"PropertyValueSpecification","valueRequired":true,"valueName":"search_term_string"}}],"inLanguage":"fr-FR"},{"@type":"Organization","@id":"https:\/\/www.heartfailurematters.org\/fr\/#organization","name":"Heart Failure Matters","url":"https:\/\/www.heartfailurematters.org\/fr\/","logo":{"@type":"ImageObject","inLanguage":"fr-FR","@id":"https:\/\/www.heartfailurematters.org\/fr\/#\/schema\/logo\/image\/","url":"https:\/\/cdn-endpoint-hfm.azureedge.net\/heartfailurematters\/2024\/07\/hfm-logo1.jpg","contentUrl":"https:\/\/cdn-endpoint-hfm.azureedge.net\/heartfailurematters\/2024\/07\/hfm-logo1.jpg","width":1280,"height":720,"caption":"Heart Failure Matters"},"image":{"@id":"https:\/\/www.heartfailurematters.org\/fr\/#\/schema\/logo\/image\/"},"sameAs":["https:\/\/www.facebook.com\/heartfailurematters"]}]}},"_links":{"self":[{"href":"https:\/\/www.heartfailurematters.org\/fr\/wp-json\/wp\/v2\/pages\/411","targetHints":{"allow":["GET"]}}],"collection":[{"href":"https:\/\/www.heartfailurematters.org\/fr\/wp-json\/wp\/v2\/pages"}],"about":[{"href":"https:\/\/www.heartfailurematters.org\/fr\/wp-json\/wp\/v2\/types\/page"}],"author":[{"embeddable":true,"href":"https:\/\/www.heartfailurematters.org\/fr\/wp-json\/wp\/v2\/users\/1"}],"replies":[{"embeddable":true,"href":"https:\/\/www.heartfailurematters.org\/fr\/wp-json\/wp\/v2\/comments?post=411"}],"version-history":[{"count":0,"href":"https:\/\/www.heartfailurematters.org\/fr\/wp-json\/wp\/v2\/pages\/411\/revisions"}],"up":[{"embeddable":true,"href":"https:\/\/www.heartfailurematters.org\/fr\/wp-json\/wp\/v2\/pages\/2812"}],"wp:featuredmedia":[{"embeddable":true,"href":"https:\/\/www.heartfailurematters.org\/fr\/wp-json\/wp\/v2\/media\/10537"}],"wp:attachment":[{"href":"https:\/\/www.heartfailurematters.org\/fr\/wp-json\/wp\/v2\/media?parent=411"}],"wp:term":[{"taxonomy":"category","embeddable":true,"href":"https:\/\/www.heartfailurematters.org\/fr\/wp-json\/wp\/v2\/categories?post=411"},{"taxonomy":"post_tag","embeddable":true,"href":"https:\/\/www.heartfailurematters.org\/fr\/wp-json\/wp\/v2\/tags?post=411"}],"curies":[{"name":"wp","href":"https:\/\/api.w.org\/{rel}","templated":true}]}}