{"id":410,"date":"2021-01-27T21:35:56","date_gmt":"2021-01-27T21:35:56","guid":{"rendered":"http:\/\/heartfailurematters.local:8888\/chirurgie-valvulaire\/"},"modified":"2021-04-14T14:33:26","modified_gmt":"2021-04-14T13:33:26","slug":"chirurgie-valvulaire","status":"publish","type":"page","link":"https:\/\/www.heartfailurematters.org\/fr\/ce-que-votre-medecin-ou-votre-infirmier-ere-peut-faire\/chirurgie-valvulaire\/","title":{"rendered":"Chirurgie valvulaire"},"content":{"rendered":"<h2>Pourquoi cette intervention est-elle r\u00e9alis\u00e9e\u00a0?<\/h2>\n<p>Votre insuffisance cardiaque peut \u00eatre due \u00e0 une anomalie ou une pathologie affectant une valve cardiaque. Les <a class=\"addtooltip\" title=\"Les valves canalisent le sens du flux sanguin dans le c\u0153ur, emp\u00eachant le sang de refouler.\"><strong>valves<\/strong><\/a>\u00a0cardiaques permettent de diriger le flux sanguin \u00e0 sens unique dans votre c\u0153ur. Elles peuvent se r\u00e9tr\u00e9cir, fuir ou les deux. Si elles ne fonctionnent pas correctement, cela impose un effort suppl\u00e9mentaire \u00e0 votre c\u0153ur et peut conduire \u00e0 l\u2019insuffisance cardiaque. La chirurgie peut vous soulager, voire vous gu\u00e9rir, mais une intervention ne sera g\u00e9n\u00e9ralement r\u00e9alis\u00e9e que si les avantages attendus sont susceptibles de l\u2019emporter sur les risques.<\/p>\n<h2>En quoi consiste l\u2019op\u00e9ration\u00a0?<\/h2>\n<p>Pendant l&rsquo;op\u00e9ration, vous serez connect\u00e9 \u00e0 un c\u0153ur-poumon artificiel qui fournit le sang au cerveau et au corps et la valve d\u00e9fectueuse sera retir\u00e9e et remplac\u00e9e.<\/p>\n<h2>Votre m\u00e9decin discutera avec vous du type de valve qui est le plus appropri\u00e9 \u00e0 votre cas\u00a0:<\/h2>\n<ul>\n<li>Une valve m\u00e9canique (artificielle) (en carbone, en m\u00e9tal ou en plastique)<\/li>\n<li>Une valve en m\u00e9tal ou en plastique<\/li>\n<li>Une valve biologique fabriqu\u00e9e \u00e0 partir de tissu humain ou d&rsquo;un tissu animal (g\u00e9n\u00e9ralement d\u2019origine porcine)<\/li>\n<\/ul>\n<p>Dans certains cas, la valve peut \u00eatre r\u00e9par\u00e9e sans mat\u00e9riaux artificiels et sans n\u00e9cessiter une op\u00e9ration \u00e0 c\u0153ur ouvert. Des interventions telles que la valvuloplastie mitrale ou l\u2019implantation d\u2019une valve aortique par voie percutan\u00e9e (TAVI) sont effectu\u00e9es \u00e0 partir de l\u2019aine, sous anesth\u00e9sie locale.<\/p>\n<p>Apr\u00e8s l\u2019op\u00e9ration, il vous faudra sans doute prendre des m\u00e9dicaments\u00a0(<a class=\"addtooltip\" title=\"M\u00e9dicaments qui emp\u00eachent la formation de caillots sanguins, notamment dans les art\u00e8res coronaires.\"><strong>anticoagulants<\/strong><\/a>) pour emp\u00eacher la formation de caillots sanguins autour de votre nouvelle valve cardiaque. Cela n&rsquo;est en principe pas n\u00e9cessaire avec les valves biologiques.<\/p>\n<p>Si un autre type d\u2019op\u00e9ration est n\u00e9cessaire par la suite, on vous donnera g\u00e9n\u00e9ralement des antibiotiques pour emp\u00eacher une infection de la valve.<\/p>\n<h2>Questions \u00e0 poser \u00e0 votre m\u00e9decin\u00a0:<\/h2>\n<ul>\n<li>Quels sont les risques associ\u00e9s \u00e0 cette op\u00e9ration\u00a0?<\/li>\n<li>Combien de temps vais-je rester \u00e0 l\u2019h\u00f4pital\u00a0?<\/li>\n<li>Combien de temps dure la convalescence\u00a0?<\/li>\n<li>Quel niveau d&rsquo;exercice physique pourrai-je pratiquer apr\u00e8s l\u2019op\u00e9ration\u00a0?<\/li>\n<li>Quels m\u00e9dicaments devrai-je prendre apr\u00e8s l\u2019op\u00e9ration\u00a0?<\/li>\n<\/ul>\n<p><a href=\"https:\/\/www.heartfailurematters.org\/what-your-doctor-can-do\/surgery\/\">Retourner \u00e0 la rubrique \u00ab\u00a0Chirurgie\u00a0\u00bb<\/a><\/p>\n","protected":false},"excerpt":{"rendered":"<p>Pourquoi cette intervention est-elle r\u00e9alis\u00e9e\u00a0? Votre insuffisance cardiaque peut \u00eatre due \u00e0 une anomalie ou une pathologie affectant une valve cardiaque. Les valves\u00a0cardiaques permettent de diriger le flux sanguin \u00e0 sens unique dans votre c\u0153ur. Elles peuvent se r\u00e9tr\u00e9cir, fuir ou les deux. Si elles ne fonctionnent pas correctement, cela impose un effort suppl\u00e9mentaire \u00e0 [&hellip;]<\/p>\n","protected":false},"author":1,"featured_media":10933,"parent":2679,"menu_order":0,"comment_status":"open","ping_status":"open","template":"","meta":{"_acf_changed":false,"footnotes":""},"categories":[],"tags":[],"class_list":["post-410","page","type-page","status-publish","has-post-thumbnail","hentry"],"acf":[],"yoast_head":"<!-- This site is optimized with the Yoast SEO plugin v24.8.1 - https:\/\/yoast.com\/wordpress\/plugins\/seo\/ -->\n<title>Chirurgie valvulaire - Heart Failure Matters<\/title>\n<meta name=\"description\" content=\"Pendant l&#039;op\u00e9ration, vous serez connect\u00e9 \u00e0 une machine c\u0153ur-poumon qui alimente en sang votre cerveau et votre corps, et la valve d\u00e9fectueuse est retir\u00e9e et remplac\u00e9e.\" \/>\n<meta name=\"robots\" content=\"index, follow, max-snippet:-1, max-image-preview:large, max-video-preview:-1\" \/>\n<link rel=\"canonical\" href=\"https:\/\/www.heartfailurematters.org\/fr\/ce-que-votre-medecin-ou-votre-infirmier-ere-peut-faire\/chirurgie-valvulaire\/\" \/>\n<meta property=\"og:locale\" content=\"fr_FR\" \/>\n<meta property=\"og:type\" content=\"article\" \/>\n<meta property=\"og:title\" content=\"Chirurgie valvulaire - Heart Failure Matters\" \/>\n<meta property=\"og:description\" content=\"Pendant l&#039;op\u00e9ration, vous serez connect\u00e9 \u00e0 une machine c\u0153ur-poumon qui alimente en sang votre cerveau et votre corps, et la valve d\u00e9fectueuse est retir\u00e9e et remplac\u00e9e.\" \/>\n<meta property=\"og:url\" content=\"https:\/\/www.heartfailurematters.org\/fr\/ce-que-votre-medecin-ou-votre-infirmier-ere-peut-faire\/chirurgie-valvulaire\/\" \/>\n<meta property=\"og:site_name\" content=\"Heart Failure Matters\" \/>\n<meta property=\"article:publisher\" content=\"https:\/\/www.facebook.com\/heartfailurematters\" \/>\n<meta property=\"article:modified_time\" content=\"2021-04-14T13:33:26+00:00\" \/>\n<meta property=\"og:image\" content=\"https:\/\/www.heartfailurematters.org\/wp-content\/uploads\/2022\/03\/shutterstock_2073525971-1-min.jpg\" \/>\n\t<meta property=\"og:image:width\" content=\"900\" \/>\n\t<meta property=\"og:image:height\" content=\"559\" \/>\n\t<meta property=\"og:image:type\" content=\"image\/jpeg\" \/>\n<meta name=\"twitter:card\" content=\"summary_large_image\" \/>\n<meta name=\"twitter:label1\" content=\"Dur\u00e9e de lecture estim\u00e9e\" \/>\n\t<meta name=\"twitter:data1\" content=\"2 minutes\" \/>\n<script type=\"application\/ld+json\" class=\"yoast-schema-graph\">{\"@context\":\"https:\/\/schema.org\",\"@graph\":[{\"@type\":\"WebPage\",\"@id\":\"https:\/\/www.heartfailurematters.org\/fr\/ce-que-votre-medecin-ou-votre-infirmier-ere-peut-faire\/chirurgie-valvulaire\/\",\"url\":\"https:\/\/www.heartfailurematters.org\/fr\/ce-que-votre-medecin-ou-votre-infirmier-ere-peut-faire\/chirurgie-valvulaire\/\",\"name\":\"Chirurgie valvulaire - Heart Failure Matters\",\"isPartOf\":{\"@id\":\"https:\/\/www.heartfailurematters.org\/fr\/#website\"},\"primaryImageOfPage\":{\"@id\":\"https:\/\/www.heartfailurematters.org\/fr\/ce-que-votre-medecin-ou-votre-infirmier-ere-peut-faire\/chirurgie-valvulaire\/#primaryimage\"},\"image\":{\"@id\":\"https:\/\/www.heartfailurematters.org\/fr\/ce-que-votre-medecin-ou-votre-infirmier-ere-peut-faire\/chirurgie-valvulaire\/#primaryimage\"},\"thumbnailUrl\":\"https:\/\/www.heartfailurematters.org\/wp-content\/uploads\/2022\/03\/shutterstock_2073525971-1-min.jpg\",\"datePublished\":\"2021-01-27T21:35:56+00:00\",\"dateModified\":\"2021-04-14T13:33:26+00:00\",\"description\":\"Pendant l'op\u00e9ration, vous serez connect\u00e9 \u00e0 une machine c\u0153ur-poumon qui alimente en sang votre cerveau et votre corps, et la valve d\u00e9fectueuse est retir\u00e9e et remplac\u00e9e.\",\"breadcrumb\":{\"@id\":\"https:\/\/www.heartfailurematters.org\/fr\/ce-que-votre-medecin-ou-votre-infirmier-ere-peut-faire\/chirurgie-valvulaire\/#breadcrumb\"},\"inLanguage\":\"fr-FR\",\"potentialAction\":[{\"@type\":\"ReadAction\",\"target\":[\"https:\/\/www.heartfailurematters.org\/fr\/ce-que-votre-medecin-ou-votre-infirmier-ere-peut-faire\/chirurgie-valvulaire\/\"]}]},{\"@type\":\"ImageObject\",\"inLanguage\":\"fr-FR\",\"@id\":\"https:\/\/www.heartfailurematters.org\/fr\/ce-que-votre-medecin-ou-votre-infirmier-ere-peut-faire\/chirurgie-valvulaire\/#primaryimage\",\"url\":\"https:\/\/www.heartfailurematters.org\/wp-content\/uploads\/2022\/03\/shutterstock_2073525971-1-min.jpg\",\"contentUrl\":\"https:\/\/www.heartfailurematters.org\/wp-content\/uploads\/2022\/03\/shutterstock_2073525971-1-min.jpg\",\"width\":900,\"height\":559},{\"@type\":\"BreadcrumbList\",\"@id\":\"https:\/\/www.heartfailurematters.org\/fr\/ce-que-votre-medecin-ou-votre-infirmier-ere-peut-faire\/chirurgie-valvulaire\/#breadcrumb\",\"itemListElement\":[{\"@type\":\"ListItem\",\"position\":1,\"name\":\"Accueil\",\"item\":\"https:\/\/www.heartfailurematters.org\/fr\/\"},{\"@type\":\"ListItem\",\"position\":2,\"name\":\"Ce que votre m\u00e9decin peut faire\",\"item\":\"https:\/\/www.heartfailurematters.org\/fr\/ce-que-votre-medecin-ou-votre-infirmier-ere-peut-faire\/\"},{\"@type\":\"ListItem\",\"position\":3,\"name\":\"Chirurgie valvulaire\"}]},{\"@type\":\"WebSite\",\"@id\":\"https:\/\/www.heartfailurematters.org\/fr\/#website\",\"url\":\"https:\/\/www.heartfailurematters.org\/fr\/\",\"name\":\"Heart Failure Matters\",\"description\":\"Practical information for patients, families and caregivers.\",\"publisher\":{\"@id\":\"https:\/\/www.heartfailurematters.org\/fr\/#organization\"},\"potentialAction\":[{\"@type\":\"SearchAction\",\"target\":{\"@type\":\"EntryPoint\",\"urlTemplate\":\"https:\/\/www.heartfailurematters.org\/fr\/?s={search_term_string}\"},\"query-input\":{\"@type\":\"PropertyValueSpecification\",\"valueRequired\":true,\"valueName\":\"search_term_string\"}}],\"inLanguage\":\"fr-FR\"},{\"@type\":\"Organization\",\"@id\":\"https:\/\/www.heartfailurematters.org\/fr\/#organization\",\"name\":\"Heart Failure Matters\",\"url\":\"https:\/\/www.heartfailurematters.org\/fr\/\",\"logo\":{\"@type\":\"ImageObject\",\"inLanguage\":\"fr-FR\",\"@id\":\"https:\/\/www.heartfailurematters.org\/fr\/#\/schema\/logo\/image\/\",\"url\":\"https:\/\/cdn-endpoint-hfm.azureedge.net\/heartfailurematters\/2024\/07\/hfm-logo1.jpg\",\"contentUrl\":\"https:\/\/cdn-endpoint-hfm.azureedge.net\/heartfailurematters\/2024\/07\/hfm-logo1.jpg\",\"width\":1280,\"height\":720,\"caption\":\"Heart Failure Matters\"},\"image\":{\"@id\":\"https:\/\/www.heartfailurematters.org\/fr\/#\/schema\/logo\/image\/\"},\"sameAs\":[\"https:\/\/www.facebook.com\/heartfailurematters\"]}]}<\/script>\n<!-- \/ Yoast SEO plugin. -->","yoast_head_json":{"title":"Chirurgie valvulaire - Heart Failure Matters","description":"Pendant l'op\u00e9ration, vous serez connect\u00e9 \u00e0 une machine c\u0153ur-poumon qui alimente en sang votre cerveau et votre corps, et la valve d\u00e9fectueuse est retir\u00e9e et remplac\u00e9e.","robots":{"index":"index","follow":"follow","max-snippet":"max-snippet:-1","max-image-preview":"max-image-preview:large","max-video-preview":"max-video-preview:-1"},"canonical":"https:\/\/www.heartfailurematters.org\/fr\/ce-que-votre-medecin-ou-votre-infirmier-ere-peut-faire\/chirurgie-valvulaire\/","og_locale":"fr_FR","og_type":"article","og_title":"Chirurgie valvulaire - Heart Failure Matters","og_description":"Pendant l'op\u00e9ration, vous serez connect\u00e9 \u00e0 une machine c\u0153ur-poumon qui alimente en sang votre cerveau et votre corps, et la valve d\u00e9fectueuse est retir\u00e9e et remplac\u00e9e.","og_url":"https:\/\/www.heartfailurematters.org\/fr\/ce-que-votre-medecin-ou-votre-infirmier-ere-peut-faire\/chirurgie-valvulaire\/","og_site_name":"Heart Failure Matters","article_publisher":"https:\/\/www.facebook.com\/heartfailurematters","article_modified_time":"2021-04-14T13:33:26+00:00","og_image":[{"width":900,"height":559,"url":"https:\/\/www.heartfailurematters.org\/wp-content\/uploads\/2022\/03\/shutterstock_2073525971-1-min.jpg","type":"image\/jpeg"}],"twitter_card":"summary_large_image","twitter_misc":{"Dur\u00e9e de lecture estim\u00e9e":"2 minutes"},"schema":{"@context":"https:\/\/schema.org","@graph":[{"@type":"WebPage","@id":"https:\/\/www.heartfailurematters.org\/fr\/ce-que-votre-medecin-ou-votre-infirmier-ere-peut-faire\/chirurgie-valvulaire\/","url":"https:\/\/www.heartfailurematters.org\/fr\/ce-que-votre-medecin-ou-votre-infirmier-ere-peut-faire\/chirurgie-valvulaire\/","name":"Chirurgie valvulaire - Heart Failure Matters","isPartOf":{"@id":"https:\/\/www.heartfailurematters.org\/fr\/#website"},"primaryImageOfPage":{"@id":"https:\/\/www.heartfailurematters.org\/fr\/ce-que-votre-medecin-ou-votre-infirmier-ere-peut-faire\/chirurgie-valvulaire\/#primaryimage"},"image":{"@id":"https:\/\/www.heartfailurematters.org\/fr\/ce-que-votre-medecin-ou-votre-infirmier-ere-peut-faire\/chirurgie-valvulaire\/#primaryimage"},"thumbnailUrl":"https:\/\/www.heartfailurematters.org\/wp-content\/uploads\/2022\/03\/shutterstock_2073525971-1-min.jpg","datePublished":"2021-01-27T21:35:56+00:00","dateModified":"2021-04-14T13:33:26+00:00","description":"Pendant l'op\u00e9ration, vous serez connect\u00e9 \u00e0 une machine c\u0153ur-poumon qui alimente en sang votre cerveau et votre corps, et la valve d\u00e9fectueuse est retir\u00e9e et remplac\u00e9e.","breadcrumb":{"@id":"https:\/\/www.heartfailurematters.org\/fr\/ce-que-votre-medecin-ou-votre-infirmier-ere-peut-faire\/chirurgie-valvulaire\/#breadcrumb"},"inLanguage":"fr-FR","potentialAction":[{"@type":"ReadAction","target":["https:\/\/www.heartfailurematters.org\/fr\/ce-que-votre-medecin-ou-votre-infirmier-ere-peut-faire\/chirurgie-valvulaire\/"]}]},{"@type":"ImageObject","inLanguage":"fr-FR","@id":"https:\/\/www.heartfailurematters.org\/fr\/ce-que-votre-medecin-ou-votre-infirmier-ere-peut-faire\/chirurgie-valvulaire\/#primaryimage","url":"https:\/\/www.heartfailurematters.org\/wp-content\/uploads\/2022\/03\/shutterstock_2073525971-1-min.jpg","contentUrl":"https:\/\/www.heartfailurematters.org\/wp-content\/uploads\/2022\/03\/shutterstock_2073525971-1-min.jpg","width":900,"height":559},{"@type":"BreadcrumbList","@id":"https:\/\/www.heartfailurematters.org\/fr\/ce-que-votre-medecin-ou-votre-infirmier-ere-peut-faire\/chirurgie-valvulaire\/#breadcrumb","itemListElement":[{"@type":"ListItem","position":1,"name":"Accueil","item":"https:\/\/www.heartfailurematters.org\/fr\/"},{"@type":"ListItem","position":2,"name":"Ce que votre m\u00e9decin peut faire","item":"https:\/\/www.heartfailurematters.org\/fr\/ce-que-votre-medecin-ou-votre-infirmier-ere-peut-faire\/"},{"@type":"ListItem","position":3,"name":"Chirurgie valvulaire"}]},{"@type":"WebSite","@id":"https:\/\/www.heartfailurematters.org\/fr\/#website","url":"https:\/\/www.heartfailurematters.org\/fr\/","name":"Heart Failure Matters","description":"Practical information for patients, families and caregivers.","publisher":{"@id":"https:\/\/www.heartfailurematters.org\/fr\/#organization"},"potentialAction":[{"@type":"SearchAction","target":{"@type":"EntryPoint","urlTemplate":"https:\/\/www.heartfailurematters.org\/fr\/?s={search_term_string}"},"query-input":{"@type":"PropertyValueSpecification","valueRequired":true,"valueName":"search_term_string"}}],"inLanguage":"fr-FR"},{"@type":"Organization","@id":"https:\/\/www.heartfailurematters.org\/fr\/#organization","name":"Heart Failure Matters","url":"https:\/\/www.heartfailurematters.org\/fr\/","logo":{"@type":"ImageObject","inLanguage":"fr-FR","@id":"https:\/\/www.heartfailurematters.org\/fr\/#\/schema\/logo\/image\/","url":"https:\/\/cdn-endpoint-hfm.azureedge.net\/heartfailurematters\/2024\/07\/hfm-logo1.jpg","contentUrl":"https:\/\/cdn-endpoint-hfm.azureedge.net\/heartfailurematters\/2024\/07\/hfm-logo1.jpg","width":1280,"height":720,"caption":"Heart Failure Matters"},"image":{"@id":"https:\/\/www.heartfailurematters.org\/fr\/#\/schema\/logo\/image\/"},"sameAs":["https:\/\/www.facebook.com\/heartfailurematters"]}]}},"_links":{"self":[{"href":"https:\/\/www.heartfailurematters.org\/fr\/wp-json\/wp\/v2\/pages\/410","targetHints":{"allow":["GET"]}}],"collection":[{"href":"https:\/\/www.heartfailurematters.org\/fr\/wp-json\/wp\/v2\/pages"}],"about":[{"href":"https:\/\/www.heartfailurematters.org\/fr\/wp-json\/wp\/v2\/types\/page"}],"author":[{"embeddable":true,"href":"https:\/\/www.heartfailurematters.org\/fr\/wp-json\/wp\/v2\/users\/1"}],"replies":[{"embeddable":true,"href":"https:\/\/www.heartfailurematters.org\/fr\/wp-json\/wp\/v2\/comments?post=410"}],"version-history":[{"count":2,"href":"https:\/\/www.heartfailurematters.org\/fr\/wp-json\/wp\/v2\/pages\/410\/revisions"}],"predecessor-version":[{"id":8701,"href":"https:\/\/www.heartfailurematters.org\/fr\/wp-json\/wp\/v2\/pages\/410\/revisions\/8701"}],"up":[{"embeddable":true,"href":"https:\/\/www.heartfailurematters.org\/fr\/wp-json\/wp\/v2\/pages\/2679"}],"wp:featuredmedia":[{"embeddable":true,"href":"https:\/\/www.heartfailurematters.org\/fr\/wp-json\/wp\/v2\/media\/10933"}],"wp:attachment":[{"href":"https:\/\/www.heartfailurematters.org\/fr\/wp-json\/wp\/v2\/media?parent=410"}],"wp:term":[{"taxonomy":"category","embeddable":true,"href":"https:\/\/www.heartfailurematters.org\/fr\/wp-json\/wp\/v2\/categories?post=410"},{"taxonomy":"post_tag","embeddable":true,"href":"https:\/\/www.heartfailurematters.org\/fr\/wp-json\/wp\/v2\/tags?post=410"}],"curies":[{"name":"wp","href":"https:\/\/api.w.org\/{rel}","templated":true}]}}