{"id":409,"date":"2021-01-27T21:35:56","date_gmt":"2021-01-27T21:35:56","guid":{"rendered":"http:\/\/heartfailurematters.local:8888\/digitaliques\/"},"modified":"2021-01-27T21:35:56","modified_gmt":"2021-01-27T21:35:56","slug":"digitaliques","status":"publish","type":"page","link":"https:\/\/www.heartfailurematters.org\/fr\/ce-que-votre-medecin-ou-votre-infirmier-ere-peut-faire\/digitaliques\/","title":{"rendered":"Digitaliques"},"content":{"rendered":"<h2>Leur action<\/h2>\n<p>Les digitaliques les plus fr\u00e9quemment utilis\u00e9es sont la&nbsp;<a class=\"addtooltip\" title=\"M\u00e9dicament utilis\u00e9 pour contr\u00f4ler les anomalies du rythme cardiaque et am\u00e9liorer la performance cardiaque.\"><strong>digoxine<\/strong><\/a> et la digitoxine. Toutes deux peuvent l\u00e9g\u00e8rement renforcer votre c\u0153ur et r\u00e9duire l\u00e9g\u00e8rement votre rythme cardiaque. Les pr\u00e9parations digitaliques peuvent \u00e9galement diminuer&nbsp;les <a class=\"addtooltip\" title=\"Gonflements d'un tissu en raison d\u2019une accumulation de liquide et d\u2019une congestion.\"><strong>\u0153d\u00e8mes<\/strong><\/a> (gonflements caus\u00e9s par l\u2019accumulation de liquide). Elles sont particuli\u00e8rement utiles chez les personnes dont le rythme cardiaque est irr\u00e9gulier, notamment en cas de <a class=\"addtooltip\" title=\"Battement irr\u00e9gulier, souvent rapide, de la cavit\u00e9 sup\u00e9rieure gauche (oreillette) du c\u0153ur entra\u00eenant un battement irr\u00e9gulier des ventricules.\"><strong>fibrillation auriculaire<\/strong><\/a> avec une fr\u00e9quence cardiaque rapide.<\/p>\n<h2>Quels sont les b\u00e9n\u00e9fices escompt\u00e9s&nbsp;?<\/h2>\n<p>Les digitaliques aident \u00e0 contr\u00f4ler la fr\u00e9quence cardiaque et donc \u00e0 diminuer les sympt\u00f4mes.<\/p>\n<h2>Effets secondaires<\/h2>\n<p>Il est important que la dose ad\u00e9quate de digoxine vous soit administr\u00e9e \u2013 votre m\u00e9decin ou votre infirmi\u00e8re effectuera r\u00e9guli\u00e8rement des prises de sang pour le v\u00e9rifier. Si vous prenez trop de digoxine, vous pouvez perdre l&rsquo;app\u00e9tit ou pr\u00e9senter des naus\u00e9es (avoir envie de vomir), des maux de t\u00eate ou une vision trouble ou color\u00e9e.<\/p>\n<p>Quelques fois, de fortes doses de digoxine peuvent entra\u00eener un rythme cardiaque anormal, avec des <a title=\"Sensations de battements cardiaques manqu\u00e9s, suppl\u00e9mentaires ou irr\u00e9guliers.\" class=\"addtooltip\"><strong>palpitations<\/strong><\/a>&nbsp;ou des&nbsp;<a title=\"Perte de connaissance soudaine et provisoire, provoqu\u00e9e par une diminution de la circulation sanguine (et donc une r\u00e9duction d'oxyg\u00e8ne) au niveau du cerveau. L\u2019\u00e9vanouissement est g\u00e9n\u00e9ralement d\u00fb \u00e0 une hypotension ou \u00e0 une fr\u00e9quence cardiaque lente.\" class=\"addtooltip\"><strong>\u00e9vanouissements<\/strong><\/a>.&nbsp;Si vous \u00e9prouvez l&rsquo;un de ces sympt\u00f4mes, vous devez consulter imm\u00e9diatement votre m\u00e9decin.<\/p>\n<h2>Conseils essentiels<\/h2>\n<p>Si votre taux de <a class=\"addtooltip\" title=\"Min\u00e9ral essentiel, n\u00e9cessaire au fonctionnement normal des cellules Les diur\u00e9tiques peuvent entra\u00eener une perte de potassium.\"><strong>potassium<\/strong><\/a> est plus faible que la moyenne (cela se produit par exemple si vous souffrez de <a class=\"addtooltip\" title=\"Hormone produite par le pancr\u00e9as, qui permet au corps de transformer le glucose en \u00e9nergie.\"><strong>diab\u00e8te insulino-d\u00e9pendant<\/strong><\/a> ou si vous prenez des diur\u00e9tiques), vos taux de digoxine seront sans doute \u00e9lev\u00e9s. Vous devez donc \u00eatre capable de reconna\u00eetre les premiers signes d\u2019un exc\u00e8s de digoxine, comme les naus\u00e9es, la perte d\u2019app\u00e9tit ou un rythme cardiaque tr\u00e8s lent. Consultez votre m\u00e9decin si vous pr\u00e9sentez l\u2019un de ces sympt\u00f4mes.<\/p>\n<p>Avant de subir toute intervention chirurgicale, y compris une chirurgie dentaire ou en urgence, vous devez informer votre m\u00e9decin, votre dentiste ou votre chirurgien que vous prenez de la digoxine.<\/p>\n<h2>\u00c9galement connue sous les noms suivants&nbsp;:<\/h2>\n<ul>\n<li><strong>Digoxine<\/strong><br \/>(Lanoxin\u00ae, Lanoxin-PG\u00ae)<\/li>\n<li><strong>Digitoxine<\/strong><br \/>(Digitrin\u00ae, Coramedan\u00ae, Digimed\u00ae, Digimerck\u00ae, Digitaline\u00ae, Digitaline Nativelle\u00ae, Digitalin\u00ae, Digitossina\u00ae, Digitoxin\u00ae, Digitoxin Didier\u00ae, Digitoxin-Philo\u00ae, Digitrin\u00ae, Digophton\u00ae, Ditaven\u00ae)<\/li>\n<\/ul>\n<p><a href=\"https:\/\/www.heartfailurematters.org\/fr\/ce-que-votre-medecin-ou-votre-infirmier-ere-peut-faire\/medicaments-contre-linsuffisance-cardiaque\/\">Retourner \u00e0 la rubrique \u00ab&nbsp;Les m\u00e9dicaments contre l\u2019insuffisance cardiaque&nbsp;\u00bb<\/a><\/p>\n<p>&nbsp;<\/p>\n<h2>&nbsp;<\/h2>\n","protected":false},"excerpt":{"rendered":"<p>Leur action Les digitaliques les plus fr\u00e9quemment utilis\u00e9es sont la&nbsp;digoxine et la digitoxine. Toutes deux peuvent l\u00e9g\u00e8rement renforcer votre c\u0153ur et r\u00e9duire l\u00e9g\u00e8rement votre rythme cardiaque. Les pr\u00e9parations digitaliques peuvent \u00e9galement diminuer&nbsp;les \u0153d\u00e8mes (gonflements caus\u00e9s par l\u2019accumulation de liquide). Elles sont particuli\u00e8rement utiles chez les personnes dont le rythme cardiaque est irr\u00e9gulier, notamment en cas [&hellip;]<\/p>\n","protected":false},"author":1,"featured_media":10868,"parent":2679,"menu_order":0,"comment_status":"open","ping_status":"open","template":"","meta":{"_acf_changed":false,"footnotes":""},"categories":[],"tags":[],"class_list":["post-409","page","type-page","status-publish","has-post-thumbnail","hentry"],"acf":[],"yoast_head":"<!-- This site is optimized with the Yoast SEO plugin v24.8.1 - https:\/\/yoast.com\/wordpress\/plugins\/seo\/ -->\n<title>Digitaliques - Heart Failure Matters<\/title>\n<meta name=\"description\" content=\"Les pr\u00e9parations de digitaliques les plus couramment utilis\u00e9es sont la digoxine et la digitoxine. Ces deux pr\u00e9parations peuvent renforcer l\u00e9g\u00e8rement votre c\u0153ur et r\u00e9duire quelque peu votre fr\u00e9quence cardiaque.\" \/>\n<meta name=\"robots\" content=\"index, follow, max-snippet:-1, max-image-preview:large, max-video-preview:-1\" \/>\n<link rel=\"canonical\" href=\"https:\/\/www.heartfailurematters.org\/fr\/ce-que-votre-medecin-ou-votre-infirmier-ere-peut-faire\/digitaliques\/\" \/>\n<meta property=\"og:locale\" content=\"fr_FR\" \/>\n<meta property=\"og:type\" content=\"article\" \/>\n<meta property=\"og:title\" content=\"Digitaliques - Heart Failure Matters\" \/>\n<meta property=\"og:description\" content=\"Les pr\u00e9parations de digitaliques les plus couramment utilis\u00e9es sont la digoxine et la digitoxine. Ces deux pr\u00e9parations peuvent renforcer l\u00e9g\u00e8rement votre c\u0153ur et r\u00e9duire quelque peu votre fr\u00e9quence cardiaque.\" \/>\n<meta property=\"og:url\" content=\"https:\/\/www.heartfailurematters.org\/fr\/ce-que-votre-medecin-ou-votre-infirmier-ere-peut-faire\/digitaliques\/\" \/>\n<meta property=\"og:site_name\" content=\"Heart Failure Matters\" \/>\n<meta property=\"article:publisher\" content=\"https:\/\/www.facebook.com\/heartfailurematters\" \/>\n<meta property=\"og:image\" content=\"https:\/\/www.heartfailurematters.org\/wp-content\/uploads\/2022\/03\/shutterstock_441673426-1-min.jpg\" \/>\n\t<meta property=\"og:image:width\" content=\"900\" \/>\n\t<meta property=\"og:image:height\" content=\"596\" \/>\n\t<meta property=\"og:image:type\" content=\"image\/jpeg\" \/>\n<meta name=\"twitter:card\" content=\"summary_large_image\" \/>\n<meta name=\"twitter:label1\" content=\"Dur\u00e9e de lecture estim\u00e9e\" \/>\n\t<meta name=\"twitter:data1\" content=\"2 minutes\" \/>\n<script type=\"application\/ld+json\" class=\"yoast-schema-graph\">{\"@context\":\"https:\/\/schema.org\",\"@graph\":[{\"@type\":\"WebPage\",\"@id\":\"https:\/\/www.heartfailurematters.org\/fr\/ce-que-votre-medecin-ou-votre-infirmier-ere-peut-faire\/digitaliques\/\",\"url\":\"https:\/\/www.heartfailurematters.org\/fr\/ce-que-votre-medecin-ou-votre-infirmier-ere-peut-faire\/digitaliques\/\",\"name\":\"Digitaliques - Heart Failure Matters\",\"isPartOf\":{\"@id\":\"https:\/\/www.heartfailurematters.org\/fr\/#website\"},\"primaryImageOfPage\":{\"@id\":\"https:\/\/www.heartfailurematters.org\/fr\/ce-que-votre-medecin-ou-votre-infirmier-ere-peut-faire\/digitaliques\/#primaryimage\"},\"image\":{\"@id\":\"https:\/\/www.heartfailurematters.org\/fr\/ce-que-votre-medecin-ou-votre-infirmier-ere-peut-faire\/digitaliques\/#primaryimage\"},\"thumbnailUrl\":\"https:\/\/www.heartfailurematters.org\/wp-content\/uploads\/2022\/03\/shutterstock_441673426-1-min.jpg\",\"datePublished\":\"2021-01-27T21:35:56+00:00\",\"description\":\"Les pr\u00e9parations de digitaliques les plus couramment utilis\u00e9es sont la digoxine et la digitoxine. Ces deux pr\u00e9parations peuvent renforcer l\u00e9g\u00e8rement votre c\u0153ur et r\u00e9duire quelque peu votre fr\u00e9quence cardiaque.\",\"breadcrumb\":{\"@id\":\"https:\/\/www.heartfailurematters.org\/fr\/ce-que-votre-medecin-ou-votre-infirmier-ere-peut-faire\/digitaliques\/#breadcrumb\"},\"inLanguage\":\"fr-FR\",\"potentialAction\":[{\"@type\":\"ReadAction\",\"target\":[\"https:\/\/www.heartfailurematters.org\/fr\/ce-que-votre-medecin-ou-votre-infirmier-ere-peut-faire\/digitaliques\/\"]}]},{\"@type\":\"ImageObject\",\"inLanguage\":\"fr-FR\",\"@id\":\"https:\/\/www.heartfailurematters.org\/fr\/ce-que-votre-medecin-ou-votre-infirmier-ere-peut-faire\/digitaliques\/#primaryimage\",\"url\":\"https:\/\/www.heartfailurematters.org\/wp-content\/uploads\/2022\/03\/shutterstock_441673426-1-min.jpg\",\"contentUrl\":\"https:\/\/www.heartfailurematters.org\/wp-content\/uploads\/2022\/03\/shutterstock_441673426-1-min.jpg\",\"width\":900,\"height\":596},{\"@type\":\"BreadcrumbList\",\"@id\":\"https:\/\/www.heartfailurematters.org\/fr\/ce-que-votre-medecin-ou-votre-infirmier-ere-peut-faire\/digitaliques\/#breadcrumb\",\"itemListElement\":[{\"@type\":\"ListItem\",\"position\":1,\"name\":\"Accueil\",\"item\":\"https:\/\/www.heartfailurematters.org\/fr\/\"},{\"@type\":\"ListItem\",\"position\":2,\"name\":\"Ce que votre m\u00e9decin peut faire\",\"item\":\"https:\/\/www.heartfailurematters.org\/fr\/ce-que-votre-medecin-ou-votre-infirmier-ere-peut-faire\/\"},{\"@type\":\"ListItem\",\"position\":3,\"name\":\"Digitaliques\"}]},{\"@type\":\"WebSite\",\"@id\":\"https:\/\/www.heartfailurematters.org\/fr\/#website\",\"url\":\"https:\/\/www.heartfailurematters.org\/fr\/\",\"name\":\"Heart Failure Matters\",\"description\":\"Practical information for patients, families and caregivers.\",\"publisher\":{\"@id\":\"https:\/\/www.heartfailurematters.org\/fr\/#organization\"},\"potentialAction\":[{\"@type\":\"SearchAction\",\"target\":{\"@type\":\"EntryPoint\",\"urlTemplate\":\"https:\/\/www.heartfailurematters.org\/fr\/?s={search_term_string}\"},\"query-input\":{\"@type\":\"PropertyValueSpecification\",\"valueRequired\":true,\"valueName\":\"search_term_string\"}}],\"inLanguage\":\"fr-FR\"},{\"@type\":\"Organization\",\"@id\":\"https:\/\/www.heartfailurematters.org\/fr\/#organization\",\"name\":\"Heart Failure Matters\",\"url\":\"https:\/\/www.heartfailurematters.org\/fr\/\",\"logo\":{\"@type\":\"ImageObject\",\"inLanguage\":\"fr-FR\",\"@id\":\"https:\/\/www.heartfailurematters.org\/fr\/#\/schema\/logo\/image\/\",\"url\":\"https:\/\/cdn-endpoint-hfm.azureedge.net\/heartfailurematters\/2024\/07\/hfm-logo1.jpg\",\"contentUrl\":\"https:\/\/cdn-endpoint-hfm.azureedge.net\/heartfailurematters\/2024\/07\/hfm-logo1.jpg\",\"width\":1280,\"height\":720,\"caption\":\"Heart Failure Matters\"},\"image\":{\"@id\":\"https:\/\/www.heartfailurematters.org\/fr\/#\/schema\/logo\/image\/\"},\"sameAs\":[\"https:\/\/www.facebook.com\/heartfailurematters\"]}]}<\/script>\n<!-- \/ Yoast SEO plugin. -->","yoast_head_json":{"title":"Digitaliques - Heart Failure Matters","description":"Les pr\u00e9parations de digitaliques les plus couramment utilis\u00e9es sont la digoxine et la digitoxine. Ces deux pr\u00e9parations peuvent renforcer l\u00e9g\u00e8rement votre c\u0153ur et r\u00e9duire quelque peu votre fr\u00e9quence cardiaque.","robots":{"index":"index","follow":"follow","max-snippet":"max-snippet:-1","max-image-preview":"max-image-preview:large","max-video-preview":"max-video-preview:-1"},"canonical":"https:\/\/www.heartfailurematters.org\/fr\/ce-que-votre-medecin-ou-votre-infirmier-ere-peut-faire\/digitaliques\/","og_locale":"fr_FR","og_type":"article","og_title":"Digitaliques - Heart Failure Matters","og_description":"Les pr\u00e9parations de digitaliques les plus couramment utilis\u00e9es sont la digoxine et la digitoxine. Ces deux pr\u00e9parations peuvent renforcer l\u00e9g\u00e8rement votre c\u0153ur et r\u00e9duire quelque peu votre fr\u00e9quence cardiaque.","og_url":"https:\/\/www.heartfailurematters.org\/fr\/ce-que-votre-medecin-ou-votre-infirmier-ere-peut-faire\/digitaliques\/","og_site_name":"Heart Failure Matters","article_publisher":"https:\/\/www.facebook.com\/heartfailurematters","og_image":[{"width":900,"height":596,"url":"https:\/\/www.heartfailurematters.org\/wp-content\/uploads\/2022\/03\/shutterstock_441673426-1-min.jpg","type":"image\/jpeg"}],"twitter_card":"summary_large_image","twitter_misc":{"Dur\u00e9e de lecture estim\u00e9e":"2 minutes"},"schema":{"@context":"https:\/\/schema.org","@graph":[{"@type":"WebPage","@id":"https:\/\/www.heartfailurematters.org\/fr\/ce-que-votre-medecin-ou-votre-infirmier-ere-peut-faire\/digitaliques\/","url":"https:\/\/www.heartfailurematters.org\/fr\/ce-que-votre-medecin-ou-votre-infirmier-ere-peut-faire\/digitaliques\/","name":"Digitaliques - Heart Failure Matters","isPartOf":{"@id":"https:\/\/www.heartfailurematters.org\/fr\/#website"},"primaryImageOfPage":{"@id":"https:\/\/www.heartfailurematters.org\/fr\/ce-que-votre-medecin-ou-votre-infirmier-ere-peut-faire\/digitaliques\/#primaryimage"},"image":{"@id":"https:\/\/www.heartfailurematters.org\/fr\/ce-que-votre-medecin-ou-votre-infirmier-ere-peut-faire\/digitaliques\/#primaryimage"},"thumbnailUrl":"https:\/\/www.heartfailurematters.org\/wp-content\/uploads\/2022\/03\/shutterstock_441673426-1-min.jpg","datePublished":"2021-01-27T21:35:56+00:00","description":"Les pr\u00e9parations de digitaliques les plus couramment utilis\u00e9es sont la digoxine et la digitoxine. Ces deux pr\u00e9parations peuvent renforcer l\u00e9g\u00e8rement votre c\u0153ur et r\u00e9duire quelque peu votre fr\u00e9quence cardiaque.","breadcrumb":{"@id":"https:\/\/www.heartfailurematters.org\/fr\/ce-que-votre-medecin-ou-votre-infirmier-ere-peut-faire\/digitaliques\/#breadcrumb"},"inLanguage":"fr-FR","potentialAction":[{"@type":"ReadAction","target":["https:\/\/www.heartfailurematters.org\/fr\/ce-que-votre-medecin-ou-votre-infirmier-ere-peut-faire\/digitaliques\/"]}]},{"@type":"ImageObject","inLanguage":"fr-FR","@id":"https:\/\/www.heartfailurematters.org\/fr\/ce-que-votre-medecin-ou-votre-infirmier-ere-peut-faire\/digitaliques\/#primaryimage","url":"https:\/\/www.heartfailurematters.org\/wp-content\/uploads\/2022\/03\/shutterstock_441673426-1-min.jpg","contentUrl":"https:\/\/www.heartfailurematters.org\/wp-content\/uploads\/2022\/03\/shutterstock_441673426-1-min.jpg","width":900,"height":596},{"@type":"BreadcrumbList","@id":"https:\/\/www.heartfailurematters.org\/fr\/ce-que-votre-medecin-ou-votre-infirmier-ere-peut-faire\/digitaliques\/#breadcrumb","itemListElement":[{"@type":"ListItem","position":1,"name":"Accueil","item":"https:\/\/www.heartfailurematters.org\/fr\/"},{"@type":"ListItem","position":2,"name":"Ce que votre m\u00e9decin peut faire","item":"https:\/\/www.heartfailurematters.org\/fr\/ce-que-votre-medecin-ou-votre-infirmier-ere-peut-faire\/"},{"@type":"ListItem","position":3,"name":"Digitaliques"}]},{"@type":"WebSite","@id":"https:\/\/www.heartfailurematters.org\/fr\/#website","url":"https:\/\/www.heartfailurematters.org\/fr\/","name":"Heart Failure Matters","description":"Practical information for patients, families and caregivers.","publisher":{"@id":"https:\/\/www.heartfailurematters.org\/fr\/#organization"},"potentialAction":[{"@type":"SearchAction","target":{"@type":"EntryPoint","urlTemplate":"https:\/\/www.heartfailurematters.org\/fr\/?s={search_term_string}"},"query-input":{"@type":"PropertyValueSpecification","valueRequired":true,"valueName":"search_term_string"}}],"inLanguage":"fr-FR"},{"@type":"Organization","@id":"https:\/\/www.heartfailurematters.org\/fr\/#organization","name":"Heart Failure Matters","url":"https:\/\/www.heartfailurematters.org\/fr\/","logo":{"@type":"ImageObject","inLanguage":"fr-FR","@id":"https:\/\/www.heartfailurematters.org\/fr\/#\/schema\/logo\/image\/","url":"https:\/\/cdn-endpoint-hfm.azureedge.net\/heartfailurematters\/2024\/07\/hfm-logo1.jpg","contentUrl":"https:\/\/cdn-endpoint-hfm.azureedge.net\/heartfailurematters\/2024\/07\/hfm-logo1.jpg","width":1280,"height":720,"caption":"Heart Failure Matters"},"image":{"@id":"https:\/\/www.heartfailurematters.org\/fr\/#\/schema\/logo\/image\/"},"sameAs":["https:\/\/www.facebook.com\/heartfailurematters"]}]}},"_links":{"self":[{"href":"https:\/\/www.heartfailurematters.org\/fr\/wp-json\/wp\/v2\/pages\/409","targetHints":{"allow":["GET"]}}],"collection":[{"href":"https:\/\/www.heartfailurematters.org\/fr\/wp-json\/wp\/v2\/pages"}],"about":[{"href":"https:\/\/www.heartfailurematters.org\/fr\/wp-json\/wp\/v2\/types\/page"}],"author":[{"embeddable":true,"href":"https:\/\/www.heartfailurematters.org\/fr\/wp-json\/wp\/v2\/users\/1"}],"replies":[{"embeddable":true,"href":"https:\/\/www.heartfailurematters.org\/fr\/wp-json\/wp\/v2\/comments?post=409"}],"version-history":[{"count":0,"href":"https:\/\/www.heartfailurematters.org\/fr\/wp-json\/wp\/v2\/pages\/409\/revisions"}],"up":[{"embeddable":true,"href":"https:\/\/www.heartfailurematters.org\/fr\/wp-json\/wp\/v2\/pages\/2679"}],"wp:featuredmedia":[{"embeddable":true,"href":"https:\/\/www.heartfailurematters.org\/fr\/wp-json\/wp\/v2\/media\/10868"}],"wp:attachment":[{"href":"https:\/\/www.heartfailurematters.org\/fr\/wp-json\/wp\/v2\/media?parent=409"}],"wp:term":[{"taxonomy":"category","embeddable":true,"href":"https:\/\/www.heartfailurematters.org\/fr\/wp-json\/wp\/v2\/categories?post=409"},{"taxonomy":"post_tag","embeddable":true,"href":"https:\/\/www.heartfailurematters.org\/fr\/wp-json\/wp\/v2\/tags?post=409"}],"curies":[{"name":"wp","href":"https:\/\/api.w.org\/{rel}","templated":true}]}}