{"id":406,"date":"2021-01-27T21:35:56","date_gmt":"2021-01-27T21:35:56","guid":{"rendered":"http:\/\/heartfailurematters.local:8888\/gonflement-des-chevilles\/"},"modified":"2021-02-16T11:44:26","modified_gmt":"2021-02-16T11:44:26","slug":"gonflement-des-chevilles","status":"publish","type":"page","link":"https:\/\/www.heartfailurematters.org\/fr\/comprendre-linsuffisance-cardiaque\/gonflement-des-chevilles\/","title":{"rendered":"Gonflement des chevilles"},"content":{"rendered":"<p><img decoding=\"async\" class=\"size-full wp-image-6613 alignleft\" src=\"https:\/\/www.heartfailurematters.org\/wp-content\/uploads\/2021\/02\/swollend-ankle.jpg\" alt=\"\" width=\"211\" height=\"206\" \/><\/p>\n<p>La r\u00e9tention de liquide\u00a0peut entra\u00eener un gonflement (\u0153d\u00e8me), particuli\u00e8rement au niveau des chevilles. Il arrive que le gonflement atteigne les jambes, les cuisses et l\u2019abdomen.<\/p>\n<p>Votre m\u00e9decin ou votre infirmi\u00e8re peuvent vous recommander de limiter la quantit\u00e9 de liquide que vous buvez chaque jour, afin de diminuer l\u2019accumulation de liquide dans votre corps. Il ou elle peut \u00e9galement vous recommander de prendre un <a class=\"addtooltip\" title=\"Classe de m\u00e9dicaments stimulant les reins pour produire plus d'urine, r\u00e9duisant ainsi la r\u00e9tention d\u2019eau et la congestion.\"><strong>diur\u00e9tique<\/strong><\/a> en suppl\u00e9ment, lorsque cela est n\u00e9cessaire. Cliquez ici pour plus de conseils sur la fa\u00e7on de contr\u00f4ler votre consommation de liquides. Consultez toujours votre m\u00e9decin ou votre infirmi\u00e8re avant d&rsquo;apporter des changements \u00e0 votre consommation de liquides.<\/p>\n<p><a title=\"For more tips on controlling your fluid intake\" href=\"https:\/\/www.heartfailurematters.org\/fr\/ce-que-vous-pouvez-faire\/adaptation-de-votre-alimentation-liquides\/\">Cliquez ici<\/a> pour plus de conseils sur la fa\u00e7on de contr\u00f4ler votre consommation de liquides.<\/p>\n<p>Consultez toujours votre m\u00e9decin ou votre infirmi\u00e8re avant d&rsquo;apporter des changements \u00e0 votre consommation de liquides.<\/p>\n<table border=\"1\" width=\"100%\" cellspacing=\"0\" cellpadding=\"0\">\n<tbody>\n<tr>\n<td style=\"width: 25%;\">\n<h2>Animation<\/h2>\n<\/td>\n<td style=\"text-align: left; vertical-align: middle; width: 75%;\"><\/td>\n<\/tr>\n<tr>\n<td style=\"width: 25%;\"><a class=\"lightview\" href=\"https:\/\/www.youtube.com\/embed\/KmyQDArB-Ps?hl=en_UK&#038;autoplay=1;&#038;version=3&#038;rel=0&#038;showinfo=0\" data-lightview-options=\"width: 620, height: 450\" data-lightview-title=\"How heart failure causes fluid accumulation\" data-lightview-caption=\"The animation below shows how heart failure can lead to fluid accumulation in the body, affecting appetite and weight gain and leading to swolling legs and ankles.\"><img decoding=\"async\" class=\"alignnone size-full wp-image-5041\" src=\"https:\/\/www.heartfailurematters.org\/wp-content\/uploads\/2021\/02\/04-animation.jpg\" alt=\"\" width=\"180\" height=\"130\" \/><\/a><\/td>\n<td style=\"text-align: left; vertical-align: middle; width: 75%;\">Animation expliquant de quelle fa\u00e7on l\u2019insuffisance cardiaque entra\u00eene une r\u00e9tention de liquide<\/td>\n<\/tr>\n<\/tbody>\n<\/table>\n<p><a title=\"Return to Symptoms\" href=\"https:\/\/www.heartfailurematters.org\/fr\/comprendre-linsuffisance-cardiaque\/symptomes-de-linsuffisance-cardiaque\/\">Retourner \u00e0 la rubrique \u00ab\u00a0Sympt\u00f4mes\u00a0\u00bb<\/a><\/p>\n","protected":false},"excerpt":{"rendered":"<p>La r\u00e9tention de liquide\u00a0peut entra\u00eener un gonflement (\u0153d\u00e8me), particuli\u00e8rement au niveau des chevilles. Il arrive que le gonflement atteigne les jambes, les cuisses et l\u2019abdomen. Votre m\u00e9decin ou votre infirmi\u00e8re peuvent vous recommander de limiter la quantit\u00e9 de liquide que vous buvez chaque jour, afin de diminuer l\u2019accumulation de liquide dans votre corps. Il ou [&hellip;]<\/p>\n","protected":false},"author":1,"featured_media":0,"parent":307,"menu_order":0,"comment_status":"open","ping_status":"open","template":"","meta":{"_acf_changed":false,"footnotes":""},"categories":[],"tags":[],"class_list":["post-406","page","type-page","status-publish","hentry"],"acf":[],"yoast_head":"<!-- This site is optimized with the Yoast SEO plugin v24.8.1 - https:\/\/yoast.com\/wordpress\/plugins\/seo\/ -->\n<title>Gonflement des chevilles - Heart Failure Matters<\/title>\n<meta name=\"description\" content=\"En cas d&#039;insuffisance cardiaque, l&#039;accumulation de liquide peut provoquer un gonflement des chevilles. Parfois, il peut s&#039;\u00e9tendre \u00e0 vos jambes, vos cuisses et votre abdomen. En savoir plus\" \/>\n<meta name=\"robots\" content=\"index, follow, max-snippet:-1, max-image-preview:large, max-video-preview:-1\" \/>\n<link rel=\"canonical\" href=\"https:\/\/www.heartfailurematters.org\/fr\/comprendre-linsuffisance-cardiaque\/gonflement-des-chevilles\/\" \/>\n<meta property=\"og:locale\" content=\"fr_FR\" \/>\n<meta property=\"og:type\" content=\"article\" \/>\n<meta property=\"og:title\" content=\"Gonflement des chevilles - Heart Failure Matters\" \/>\n<meta property=\"og:description\" content=\"En cas d&#039;insuffisance cardiaque, l&#039;accumulation de liquide peut provoquer un gonflement des chevilles. Parfois, il peut s&#039;\u00e9tendre \u00e0 vos jambes, vos cuisses et votre abdomen. En savoir plus\" \/>\n<meta property=\"og:url\" content=\"https:\/\/www.heartfailurematters.org\/fr\/comprendre-linsuffisance-cardiaque\/gonflement-des-chevilles\/\" \/>\n<meta property=\"og:site_name\" content=\"Heart Failure Matters\" \/>\n<meta property=\"article:publisher\" content=\"https:\/\/www.facebook.com\/heartfailurematters\" \/>\n<meta property=\"article:modified_time\" content=\"2021-02-16T11:44:26+00:00\" \/>\n<meta property=\"og:image\" content=\"https:\/\/www.heartfailurematters.org\/wp-content\/uploads\/2021\/02\/swollend-ankle.jpg\" \/>\n<meta name=\"twitter:card\" content=\"summary_large_image\" \/>\n<meta name=\"twitter:label1\" content=\"Dur\u00e9e de lecture estim\u00e9e\" \/>\n\t<meta name=\"twitter:data1\" content=\"2 minutes\" \/>\n<script type=\"application\/ld+json\" class=\"yoast-schema-graph\">{\"@context\":\"https:\/\/schema.org\",\"@graph\":[{\"@type\":\"WebPage\",\"@id\":\"https:\/\/www.heartfailurematters.org\/fr\/comprendre-linsuffisance-cardiaque\/gonflement-des-chevilles\/\",\"url\":\"https:\/\/www.heartfailurematters.org\/fr\/comprendre-linsuffisance-cardiaque\/gonflement-des-chevilles\/\",\"name\":\"Gonflement des chevilles - Heart Failure Matters\",\"isPartOf\":{\"@id\":\"https:\/\/www.heartfailurematters.org\/fr\/#website\"},\"primaryImageOfPage\":{\"@id\":\"https:\/\/www.heartfailurematters.org\/fr\/comprendre-linsuffisance-cardiaque\/gonflement-des-chevilles\/#primaryimage\"},\"image\":{\"@id\":\"https:\/\/www.heartfailurematters.org\/fr\/comprendre-linsuffisance-cardiaque\/gonflement-des-chevilles\/#primaryimage\"},\"thumbnailUrl\":\"https:\/\/www.heartfailurematters.org\/wp-content\/uploads\/2021\/02\/swollend-ankle.jpg\",\"datePublished\":\"2021-01-27T21:35:56+00:00\",\"dateModified\":\"2021-02-16T11:44:26+00:00\",\"description\":\"En cas d'insuffisance cardiaque, l'accumulation de liquide peut provoquer un gonflement des chevilles. Parfois, il peut s'\u00e9tendre \u00e0 vos jambes, vos cuisses et votre abdomen. En savoir plus\",\"breadcrumb\":{\"@id\":\"https:\/\/www.heartfailurematters.org\/fr\/comprendre-linsuffisance-cardiaque\/gonflement-des-chevilles\/#breadcrumb\"},\"inLanguage\":\"fr-FR\",\"potentialAction\":[{\"@type\":\"ReadAction\",\"target\":[\"https:\/\/www.heartfailurematters.org\/fr\/comprendre-linsuffisance-cardiaque\/gonflement-des-chevilles\/\"]}]},{\"@type\":\"ImageObject\",\"inLanguage\":\"fr-FR\",\"@id\":\"https:\/\/www.heartfailurematters.org\/fr\/comprendre-linsuffisance-cardiaque\/gonflement-des-chevilles\/#primaryimage\",\"url\":\"https:\/\/www.heartfailurematters.org\/wp-content\/uploads\/2021\/02\/swollend-ankle.jpg\",\"contentUrl\":\"https:\/\/www.heartfailurematters.org\/wp-content\/uploads\/2021\/02\/swollend-ankle.jpg\"},{\"@type\":\"BreadcrumbList\",\"@id\":\"https:\/\/www.heartfailurematters.org\/fr\/comprendre-linsuffisance-cardiaque\/gonflement-des-chevilles\/#breadcrumb\",\"itemListElement\":[{\"@type\":\"ListItem\",\"position\":1,\"name\":\"Accueil\",\"item\":\"https:\/\/www.heartfailurematters.org\/fr\/\"},{\"@type\":\"ListItem\",\"position\":2,\"name\":\"Comprendre l&#8217;insuffisance cardiaque\",\"item\":\"https:\/\/www.heartfailurematters.org\/fr\/comprendre-linsuffisance-cardiaque\/\"},{\"@type\":\"ListItem\",\"position\":3,\"name\":\"Gonflement des chevilles\"}]},{\"@type\":\"WebSite\",\"@id\":\"https:\/\/www.heartfailurematters.org\/fr\/#website\",\"url\":\"https:\/\/www.heartfailurematters.org\/fr\/\",\"name\":\"Heart Failure Matters\",\"description\":\"Practical information for patients, families and caregivers.\",\"publisher\":{\"@id\":\"https:\/\/www.heartfailurematters.org\/fr\/#organization\"},\"potentialAction\":[{\"@type\":\"SearchAction\",\"target\":{\"@type\":\"EntryPoint\",\"urlTemplate\":\"https:\/\/www.heartfailurematters.org\/fr\/?s={search_term_string}\"},\"query-input\":{\"@type\":\"PropertyValueSpecification\",\"valueRequired\":true,\"valueName\":\"search_term_string\"}}],\"inLanguage\":\"fr-FR\"},{\"@type\":\"Organization\",\"@id\":\"https:\/\/www.heartfailurematters.org\/fr\/#organization\",\"name\":\"Heart Failure Matters\",\"url\":\"https:\/\/www.heartfailurematters.org\/fr\/\",\"logo\":{\"@type\":\"ImageObject\",\"inLanguage\":\"fr-FR\",\"@id\":\"https:\/\/www.heartfailurematters.org\/fr\/#\/schema\/logo\/image\/\",\"url\":\"https:\/\/cdn-endpoint-hfm.azureedge.net\/heartfailurematters\/2024\/07\/hfm-logo1.jpg\",\"contentUrl\":\"https:\/\/cdn-endpoint-hfm.azureedge.net\/heartfailurematters\/2024\/07\/hfm-logo1.jpg\",\"width\":1280,\"height\":720,\"caption\":\"Heart Failure Matters\"},\"image\":{\"@id\":\"https:\/\/www.heartfailurematters.org\/fr\/#\/schema\/logo\/image\/\"},\"sameAs\":[\"https:\/\/www.facebook.com\/heartfailurematters\"]}]}<\/script>\n<!-- \/ Yoast SEO plugin. -->","yoast_head_json":{"title":"Gonflement des chevilles - Heart Failure Matters","description":"En cas d'insuffisance cardiaque, l'accumulation de liquide peut provoquer un gonflement des chevilles. Parfois, il peut s'\u00e9tendre \u00e0 vos jambes, vos cuisses et votre abdomen. En savoir plus","robots":{"index":"index","follow":"follow","max-snippet":"max-snippet:-1","max-image-preview":"max-image-preview:large","max-video-preview":"max-video-preview:-1"},"canonical":"https:\/\/www.heartfailurematters.org\/fr\/comprendre-linsuffisance-cardiaque\/gonflement-des-chevilles\/","og_locale":"fr_FR","og_type":"article","og_title":"Gonflement des chevilles - Heart Failure Matters","og_description":"En cas d'insuffisance cardiaque, l'accumulation de liquide peut provoquer un gonflement des chevilles. Parfois, il peut s'\u00e9tendre \u00e0 vos jambes, vos cuisses et votre abdomen. En savoir plus","og_url":"https:\/\/www.heartfailurematters.org\/fr\/comprendre-linsuffisance-cardiaque\/gonflement-des-chevilles\/","og_site_name":"Heart Failure Matters","article_publisher":"https:\/\/www.facebook.com\/heartfailurematters","article_modified_time":"2021-02-16T11:44:26+00:00","og_image":[{"url":"https:\/\/www.heartfailurematters.org\/wp-content\/uploads\/2021\/02\/swollend-ankle.jpg","type":"","width":"","height":""}],"twitter_card":"summary_large_image","twitter_misc":{"Dur\u00e9e de lecture estim\u00e9e":"2 minutes"},"schema":{"@context":"https:\/\/schema.org","@graph":[{"@type":"WebPage","@id":"https:\/\/www.heartfailurematters.org\/fr\/comprendre-linsuffisance-cardiaque\/gonflement-des-chevilles\/","url":"https:\/\/www.heartfailurematters.org\/fr\/comprendre-linsuffisance-cardiaque\/gonflement-des-chevilles\/","name":"Gonflement des chevilles - Heart Failure Matters","isPartOf":{"@id":"https:\/\/www.heartfailurematters.org\/fr\/#website"},"primaryImageOfPage":{"@id":"https:\/\/www.heartfailurematters.org\/fr\/comprendre-linsuffisance-cardiaque\/gonflement-des-chevilles\/#primaryimage"},"image":{"@id":"https:\/\/www.heartfailurematters.org\/fr\/comprendre-linsuffisance-cardiaque\/gonflement-des-chevilles\/#primaryimage"},"thumbnailUrl":"https:\/\/www.heartfailurematters.org\/wp-content\/uploads\/2021\/02\/swollend-ankle.jpg","datePublished":"2021-01-27T21:35:56+00:00","dateModified":"2021-02-16T11:44:26+00:00","description":"En cas d'insuffisance cardiaque, l'accumulation de liquide peut provoquer un gonflement des chevilles. Parfois, il peut s'\u00e9tendre \u00e0 vos jambes, vos cuisses et votre abdomen. En savoir plus","breadcrumb":{"@id":"https:\/\/www.heartfailurematters.org\/fr\/comprendre-linsuffisance-cardiaque\/gonflement-des-chevilles\/#breadcrumb"},"inLanguage":"fr-FR","potentialAction":[{"@type":"ReadAction","target":["https:\/\/www.heartfailurematters.org\/fr\/comprendre-linsuffisance-cardiaque\/gonflement-des-chevilles\/"]}]},{"@type":"ImageObject","inLanguage":"fr-FR","@id":"https:\/\/www.heartfailurematters.org\/fr\/comprendre-linsuffisance-cardiaque\/gonflement-des-chevilles\/#primaryimage","url":"https:\/\/www.heartfailurematters.org\/wp-content\/uploads\/2021\/02\/swollend-ankle.jpg","contentUrl":"https:\/\/www.heartfailurematters.org\/wp-content\/uploads\/2021\/02\/swollend-ankle.jpg"},{"@type":"BreadcrumbList","@id":"https:\/\/www.heartfailurematters.org\/fr\/comprendre-linsuffisance-cardiaque\/gonflement-des-chevilles\/#breadcrumb","itemListElement":[{"@type":"ListItem","position":1,"name":"Accueil","item":"https:\/\/www.heartfailurematters.org\/fr\/"},{"@type":"ListItem","position":2,"name":"Comprendre l&#8217;insuffisance cardiaque","item":"https:\/\/www.heartfailurematters.org\/fr\/comprendre-linsuffisance-cardiaque\/"},{"@type":"ListItem","position":3,"name":"Gonflement des chevilles"}]},{"@type":"WebSite","@id":"https:\/\/www.heartfailurematters.org\/fr\/#website","url":"https:\/\/www.heartfailurematters.org\/fr\/","name":"Heart Failure Matters","description":"Practical information for patients, families and caregivers.","publisher":{"@id":"https:\/\/www.heartfailurematters.org\/fr\/#organization"},"potentialAction":[{"@type":"SearchAction","target":{"@type":"EntryPoint","urlTemplate":"https:\/\/www.heartfailurematters.org\/fr\/?s={search_term_string}"},"query-input":{"@type":"PropertyValueSpecification","valueRequired":true,"valueName":"search_term_string"}}],"inLanguage":"fr-FR"},{"@type":"Organization","@id":"https:\/\/www.heartfailurematters.org\/fr\/#organization","name":"Heart Failure Matters","url":"https:\/\/www.heartfailurematters.org\/fr\/","logo":{"@type":"ImageObject","inLanguage":"fr-FR","@id":"https:\/\/www.heartfailurematters.org\/fr\/#\/schema\/logo\/image\/","url":"https:\/\/cdn-endpoint-hfm.azureedge.net\/heartfailurematters\/2024\/07\/hfm-logo1.jpg","contentUrl":"https:\/\/cdn-endpoint-hfm.azureedge.net\/heartfailurematters\/2024\/07\/hfm-logo1.jpg","width":1280,"height":720,"caption":"Heart Failure Matters"},"image":{"@id":"https:\/\/www.heartfailurematters.org\/fr\/#\/schema\/logo\/image\/"},"sameAs":["https:\/\/www.facebook.com\/heartfailurematters"]}]}},"_links":{"self":[{"href":"https:\/\/www.heartfailurematters.org\/fr\/wp-json\/wp\/v2\/pages\/406","targetHints":{"allow":["GET"]}}],"collection":[{"href":"https:\/\/www.heartfailurematters.org\/fr\/wp-json\/wp\/v2\/pages"}],"about":[{"href":"https:\/\/www.heartfailurematters.org\/fr\/wp-json\/wp\/v2\/types\/page"}],"author":[{"embeddable":true,"href":"https:\/\/www.heartfailurematters.org\/fr\/wp-json\/wp\/v2\/users\/1"}],"replies":[{"embeddable":true,"href":"https:\/\/www.heartfailurematters.org\/fr\/wp-json\/wp\/v2\/comments?post=406"}],"version-history":[{"count":3,"href":"https:\/\/www.heartfailurematters.org\/fr\/wp-json\/wp\/v2\/pages\/406\/revisions"}],"predecessor-version":[{"id":6633,"href":"https:\/\/www.heartfailurematters.org\/fr\/wp-json\/wp\/v2\/pages\/406\/revisions\/6633"}],"up":[{"embeddable":true,"href":"https:\/\/www.heartfailurematters.org\/fr\/wp-json\/wp\/v2\/pages\/307"}],"wp:attachment":[{"href":"https:\/\/www.heartfailurematters.org\/fr\/wp-json\/wp\/v2\/media?parent=406"}],"wp:term":[{"taxonomy":"category","embeddable":true,"href":"https:\/\/www.heartfailurematters.org\/fr\/wp-json\/wp\/v2\/categories?post=406"},{"taxonomy":"post_tag","embeddable":true,"href":"https:\/\/www.heartfailurematters.org\/fr\/wp-json\/wp\/v2\/tags?post=406"}],"curies":[{"name":"wp","href":"https:\/\/api.w.org\/{rel}","templated":true}]}}