{"id":405,"date":"2021-01-27T21:35:56","date_gmt":"2021-01-27T21:35:56","guid":{"rendered":"http:\/\/heartfailurematters.local:8888\/hyperactivite-de-la-glande-thyroide\/"},"modified":"2021-06-25T14:12:48","modified_gmt":"2021-06-25T13:12:48","slug":"hyperactivite-de-la-glande-thyroide","status":"publish","type":"page","link":"https:\/\/www.heartfailurematters.org\/fr\/causes-de-linsuffisance-cardiaque-et-autres-problemes-medicaux-courants\/hyperactivite-de-la-glande-thyroide\/","title":{"rendered":"Anomalie de la fonction thyro\u00efdienne"},"content":{"rendered":"<p>La maladie thyro\u00efdienne est un trouble fr\u00e9quent et constitue \u00e9galement un facteur de risque de d\u00e9veloppement ou d&rsquo;aggravation de l&rsquo;insuffisance cardiaque. Un dysfonctionnement de la <a class=\"addtooltip\" title=\"Glande en forme de papillon dans le cou qui produit une hormone responsable du contr\u00f4le du taux de m\u00e9tabolisme.\"><strong>thyro\u00efde<\/strong><\/a> (situ\u00e9e \u00e0 l&rsquo;avant de votre cou) peut \u00eatre de deux sortes&nbsp;: la production trop \u00e9lev\u00e9e ou trop faible d&rsquo;hormones thyro\u00efdiennes. Les hormones thyro\u00efdiennes r\u00e9gulent le m\u00e9tabolisme cellulaire et envoient un message aux cellules pour qu&rsquo;elles acc\u00e9l\u00e8rent ou ralentissent.<br \/>\nLes sympt\u00f4mes d&rsquo;une thyro\u00efde hyperactive comprennent des battements cardiaques rapides, une intol\u00e9rance \u00e0 la chaleur et \u00e0 l&rsquo;exercice, un essoufflement pendant l&rsquo;effort, une transpiration accrue, une perte de poids et une grande faiblesse. Un exc\u00e8s d&rsquo;hormone thyro\u00efdienne exerce une pression sur le muscle cardiaque, augmente la fonction de pompage et provoque fr\u00e9quemment le trouble du rythme cardiaque FA.<\/p>\n<p>En revanche, lorsque la glande thyro\u00efde est sous-active et produit trop peu d&rsquo;hormones, les caract\u00e9ristiques typiques sont la prise de poids, l&rsquo;intol\u00e9rance au froid, une fr\u00e9quence cardiaque lente, une diminution de la fonction de pompage, de la faiblesse et une augmentation du taux de cholest\u00e9rol, lequel contribue \u00e0 la maladie coronarienne.<\/p>\n<p>Si un trouble thyro\u00efdien est soup\u00e7onn\u00e9, le diagnostic repose sur un test de routine et une analyse des hormones thyro\u00efdiennes dans le sang. Parfois, il est n\u00e9cessaire d&rsquo;examiner la glande thyro\u00efde en utilisant une technique d&rsquo;imagerie\/de balayage pour s&rsquo;assurer qu&rsquo;aucune autre intervention n&rsquo;est n\u00e9cessaire. La correction de la fonction thyro\u00efdienne est essentielle pour fournir un traitement optimal aux patients souffrant d&rsquo;une insuffisance cardiaque coexistante. En cas de surproduction (hyperthyro\u00efdie), le m\u00e9decin prescrira souvent des m\u00e9dicaments pour ralentir la production d&rsquo;hormones thyro\u00efdiennes. Les b\u00eata-bloquants sont particuli\u00e8rement utiles pour contr\u00f4ler la fr\u00e9quence cardiaque lorsque trop d&rsquo;hormones thyro\u00efdiennes sont produites. Inversement, si la production thyro\u00efdienne est insuffisante (hypothyro\u00efdie), des m\u00e9dicaments sont administr\u00e9s pour augmenter la quantit\u00e9 d&rsquo;hormone thyro\u00efdienne dans le sang.<\/p>\n<p>Certains m\u00e9dicaments utilis\u00e9s pour r\u00e9guler le rythme cardiaque chez les insuffisants cardiaques contiennent une quantit\u00e9 importante d&rsquo;iode. Plus important encore, l&rsquo;amiodarone, couramment utilis\u00e9e pour plusieurs types de troubles du rythme, peut induire divers types de dysfonctionnement thyro\u00efdiens trop ou pas assez actifs. Par cons\u00e9quent, pendant le traitement \u00e0 l&rsquo;amiodarone, il est important de surveiller les changements de poids, l&rsquo;intol\u00e9rance \u00e0 la chaleur ou au froid, les palpitations ou l&rsquo;aggravation de l&rsquo;angine de poitrine. Il est recommand\u00e9 d&rsquo;\u00e9valuer syst\u00e9matiquement la fonction thyro\u00efdienne au moyen d&rsquo;un test sanguin chez les patients trait\u00e9s \u00e0 long terme \u00e0 l&rsquo;amiodarone. Si les taux sont anormaux, votre m\u00e9decin d\u00e9cidera d&rsquo;arr\u00eater ou non le traitement \u00e0 l&rsquo;amiodarone et recommandera, si n\u00e9cessaire, un m\u00e9dicament de remplacement. L&rsquo;amiodarone peut \u00e9galement provoquer une photosensibilit\u00e9 et une d\u00e9coloration caract\u00e9ristique de la peau. Les troubles l\u00e9gers reviendront g\u00e9n\u00e9ralement \u00e0 la normale apr\u00e8s l&rsquo;arr\u00eat du traitement \u00e0 l&rsquo;amiodarone.<\/p>\n<p><a href=\"https:\/\/www.heartfailurematters.org\/heart-failure-causes-and-other-common-medical-conditions\/other-common-medical-conditions-and-heart-failure\/\">Retour \u00e0 Autres probl\u00e8mes m\u00e9dicaux courants et insuffisance cardiaque<\/a><\/p>\n","protected":false},"excerpt":{"rendered":"<p>La maladie thyro\u00efdienne est un trouble fr\u00e9quent et constitue \u00e9galement un facteur de risque de d\u00e9veloppement ou d&rsquo;aggravation de l&rsquo;insuffisance cardiaque. Un dysfonctionnement de la thyro\u00efde (situ\u00e9e \u00e0 l&rsquo;avant de votre cou) peut \u00eatre de deux sortes&nbsp;: la production trop \u00e9lev\u00e9e ou trop faible d&rsquo;hormones thyro\u00efdiennes. Les hormones thyro\u00efdiennes r\u00e9gulent le m\u00e9tabolisme cellulaire et envoient [&hellip;]<\/p>\n","protected":false},"author":1,"featured_media":10798,"parent":8045,"menu_order":18,"comment_status":"open","ping_status":"open","template":"","meta":{"_acf_changed":false,"footnotes":""},"categories":[],"tags":[],"class_list":["post-405","page","type-page","status-publish","has-post-thumbnail","hentry"],"acf":[],"yoast_head":"<!-- This site is optimized with the Yoast SEO plugin v24.8.1 - https:\/\/yoast.com\/wordpress\/plugins\/seo\/ -->\n<title>Hyperthyro\u00efdie<\/title>\n<meta name=\"description\" content=\"La glande thyro\u00efde est responsable du contr\u00f4le de la consommation d&#039;\u00e9nergie de votre corps. Une hyperactivit\u00e9 thyro\u00efdienne (ou hyperthyro\u00efdie) force votre corps \u00e0 augmenter sa consommation d&#039;\u00e9nergie, ce qui fait travailler davantage votre thyro\u00efde.\" \/>\n<meta name=\"robots\" content=\"index, follow, max-snippet:-1, max-image-preview:large, max-video-preview:-1\" \/>\n<link rel=\"canonical\" href=\"https:\/\/www.heartfailurematters.org\/fr\/causes-de-linsuffisance-cardiaque-et-autres-problemes-medicaux-courants\/hyperactivite-de-la-glande-thyroide\/\" \/>\n<meta property=\"og:locale\" content=\"fr_FR\" \/>\n<meta property=\"og:type\" content=\"article\" \/>\n<meta property=\"og:title\" content=\"Hyperthyro\u00efdie\" \/>\n<meta property=\"og:description\" content=\"La glande thyro\u00efde est responsable du contr\u00f4le de la consommation d&#039;\u00e9nergie de votre corps. Une hyperactivit\u00e9 thyro\u00efdienne (ou hyperthyro\u00efdie) force votre corps \u00e0 augmenter sa consommation d&#039;\u00e9nergie, ce qui fait travailler davantage votre thyro\u00efde.\" \/>\n<meta property=\"og:url\" content=\"https:\/\/www.heartfailurematters.org\/fr\/causes-de-linsuffisance-cardiaque-et-autres-problemes-medicaux-courants\/hyperactivite-de-la-glande-thyroide\/\" \/>\n<meta property=\"og:site_name\" content=\"Heart Failure Matters\" \/>\n<meta property=\"article:publisher\" content=\"https:\/\/www.facebook.com\/heartfailurematters\" \/>\n<meta property=\"article:modified_time\" content=\"2021-06-25T13:12:48+00:00\" \/>\n<meta property=\"og:image\" content=\"https:\/\/www.heartfailurematters.org\/wp-content\/uploads\/2022\/03\/shutterstock_433800355-1-min.jpg\" \/>\n\t<meta property=\"og:image:width\" content=\"900\" \/>\n\t<meta property=\"og:image:height\" content=\"600\" \/>\n\t<meta property=\"og:image:type\" content=\"image\/jpeg\" \/>\n<meta name=\"twitter:card\" content=\"summary_large_image\" \/>\n<meta name=\"twitter:label1\" content=\"Dur\u00e9e de lecture estim\u00e9e\" \/>\n\t<meta name=\"twitter:data1\" content=\"3 minutes\" \/>\n<script type=\"application\/ld+json\" class=\"yoast-schema-graph\">{\"@context\":\"https:\/\/schema.org\",\"@graph\":[{\"@type\":\"WebPage\",\"@id\":\"https:\/\/www.heartfailurematters.org\/fr\/causes-de-linsuffisance-cardiaque-et-autres-problemes-medicaux-courants\/hyperactivite-de-la-glande-thyroide\/\",\"url\":\"https:\/\/www.heartfailurematters.org\/fr\/causes-de-linsuffisance-cardiaque-et-autres-problemes-medicaux-courants\/hyperactivite-de-la-glande-thyroide\/\",\"name\":\"Hyperthyro\u00efdie\",\"isPartOf\":{\"@id\":\"https:\/\/www.heartfailurematters.org\/fr\/#website\"},\"primaryImageOfPage\":{\"@id\":\"https:\/\/www.heartfailurematters.org\/fr\/causes-de-linsuffisance-cardiaque-et-autres-problemes-medicaux-courants\/hyperactivite-de-la-glande-thyroide\/#primaryimage\"},\"image\":{\"@id\":\"https:\/\/www.heartfailurematters.org\/fr\/causes-de-linsuffisance-cardiaque-et-autres-problemes-medicaux-courants\/hyperactivite-de-la-glande-thyroide\/#primaryimage\"},\"thumbnailUrl\":\"https:\/\/www.heartfailurematters.org\/wp-content\/uploads\/2022\/03\/shutterstock_433800355-1-min.jpg\",\"datePublished\":\"2021-01-27T21:35:56+00:00\",\"dateModified\":\"2021-06-25T13:12:48+00:00\",\"description\":\"La glande thyro\u00efde est responsable du contr\u00f4le de la consommation d'\u00e9nergie de votre corps. Une hyperactivit\u00e9 thyro\u00efdienne (ou hyperthyro\u00efdie) force votre corps \u00e0 augmenter sa consommation d'\u00e9nergie, ce qui fait travailler davantage votre thyro\u00efde.\",\"breadcrumb\":{\"@id\":\"https:\/\/www.heartfailurematters.org\/fr\/causes-de-linsuffisance-cardiaque-et-autres-problemes-medicaux-courants\/hyperactivite-de-la-glande-thyroide\/#breadcrumb\"},\"inLanguage\":\"fr-FR\",\"potentialAction\":[{\"@type\":\"ReadAction\",\"target\":[\"https:\/\/www.heartfailurematters.org\/fr\/causes-de-linsuffisance-cardiaque-et-autres-problemes-medicaux-courants\/hyperactivite-de-la-glande-thyroide\/\"]}]},{\"@type\":\"ImageObject\",\"inLanguage\":\"fr-FR\",\"@id\":\"https:\/\/www.heartfailurematters.org\/fr\/causes-de-linsuffisance-cardiaque-et-autres-problemes-medicaux-courants\/hyperactivite-de-la-glande-thyroide\/#primaryimage\",\"url\":\"https:\/\/www.heartfailurematters.org\/wp-content\/uploads\/2022\/03\/shutterstock_433800355-1-min.jpg\",\"contentUrl\":\"https:\/\/www.heartfailurematters.org\/wp-content\/uploads\/2022\/03\/shutterstock_433800355-1-min.jpg\",\"width\":900,\"height\":600},{\"@type\":\"BreadcrumbList\",\"@id\":\"https:\/\/www.heartfailurematters.org\/fr\/causes-de-linsuffisance-cardiaque-et-autres-problemes-medicaux-courants\/hyperactivite-de-la-glande-thyroide\/#breadcrumb\",\"itemListElement\":[{\"@type\":\"ListItem\",\"position\":1,\"name\":\"Accueil\",\"item\":\"https:\/\/www.heartfailurematters.org\/fr\/\"},{\"@type\":\"ListItem\",\"position\":2,\"name\":\"Causes de l&#8217;insuffisance cardiaque et autres probl\u00e8mes m\u00e9dicaux associ\u00e9s\",\"item\":\"https:\/\/www.heartfailurematters.org\/fr\/causes-de-linsuffisance-cardiaque-et-autres-problemes-medicaux-courants\/\"},{\"@type\":\"ListItem\",\"position\":3,\"name\":\"Anomalie de la fonction thyro\u00efdienne\"}]},{\"@type\":\"WebSite\",\"@id\":\"https:\/\/www.heartfailurematters.org\/fr\/#website\",\"url\":\"https:\/\/www.heartfailurematters.org\/fr\/\",\"name\":\"Heart Failure Matters\",\"description\":\"Practical information for patients, families and caregivers.\",\"publisher\":{\"@id\":\"https:\/\/www.heartfailurematters.org\/fr\/#organization\"},\"potentialAction\":[{\"@type\":\"SearchAction\",\"target\":{\"@type\":\"EntryPoint\",\"urlTemplate\":\"https:\/\/www.heartfailurematters.org\/fr\/?s={search_term_string}\"},\"query-input\":{\"@type\":\"PropertyValueSpecification\",\"valueRequired\":true,\"valueName\":\"search_term_string\"}}],\"inLanguage\":\"fr-FR\"},{\"@type\":\"Organization\",\"@id\":\"https:\/\/www.heartfailurematters.org\/fr\/#organization\",\"name\":\"Heart Failure Matters\",\"url\":\"https:\/\/www.heartfailurematters.org\/fr\/\",\"logo\":{\"@type\":\"ImageObject\",\"inLanguage\":\"fr-FR\",\"@id\":\"https:\/\/www.heartfailurematters.org\/fr\/#\/schema\/logo\/image\/\",\"url\":\"https:\/\/cdn-endpoint-hfm.azureedge.net\/heartfailurematters\/2024\/07\/hfm-logo1.jpg\",\"contentUrl\":\"https:\/\/cdn-endpoint-hfm.azureedge.net\/heartfailurematters\/2024\/07\/hfm-logo1.jpg\",\"width\":1280,\"height\":720,\"caption\":\"Heart Failure Matters\"},\"image\":{\"@id\":\"https:\/\/www.heartfailurematters.org\/fr\/#\/schema\/logo\/image\/\"},\"sameAs\":[\"https:\/\/www.facebook.com\/heartfailurematters\"]}]}<\/script>\n<!-- \/ Yoast SEO plugin. -->","yoast_head_json":{"title":"Hyperthyro\u00efdie","description":"La glande thyro\u00efde est responsable du contr\u00f4le de la consommation d'\u00e9nergie de votre corps. Une hyperactivit\u00e9 thyro\u00efdienne (ou hyperthyro\u00efdie) force votre corps \u00e0 augmenter sa consommation d'\u00e9nergie, ce qui fait travailler davantage votre thyro\u00efde.","robots":{"index":"index","follow":"follow","max-snippet":"max-snippet:-1","max-image-preview":"max-image-preview:large","max-video-preview":"max-video-preview:-1"},"canonical":"https:\/\/www.heartfailurematters.org\/fr\/causes-de-linsuffisance-cardiaque-et-autres-problemes-medicaux-courants\/hyperactivite-de-la-glande-thyroide\/","og_locale":"fr_FR","og_type":"article","og_title":"Hyperthyro\u00efdie","og_description":"La glande thyro\u00efde est responsable du contr\u00f4le de la consommation d'\u00e9nergie de votre corps. Une hyperactivit\u00e9 thyro\u00efdienne (ou hyperthyro\u00efdie) force votre corps \u00e0 augmenter sa consommation d'\u00e9nergie, ce qui fait travailler davantage votre thyro\u00efde.","og_url":"https:\/\/www.heartfailurematters.org\/fr\/causes-de-linsuffisance-cardiaque-et-autres-problemes-medicaux-courants\/hyperactivite-de-la-glande-thyroide\/","og_site_name":"Heart Failure Matters","article_publisher":"https:\/\/www.facebook.com\/heartfailurematters","article_modified_time":"2021-06-25T13:12:48+00:00","og_image":[{"width":900,"height":600,"url":"https:\/\/www.heartfailurematters.org\/wp-content\/uploads\/2022\/03\/shutterstock_433800355-1-min.jpg","type":"image\/jpeg"}],"twitter_card":"summary_large_image","twitter_misc":{"Dur\u00e9e de lecture estim\u00e9e":"3 minutes"},"schema":{"@context":"https:\/\/schema.org","@graph":[{"@type":"WebPage","@id":"https:\/\/www.heartfailurematters.org\/fr\/causes-de-linsuffisance-cardiaque-et-autres-problemes-medicaux-courants\/hyperactivite-de-la-glande-thyroide\/","url":"https:\/\/www.heartfailurematters.org\/fr\/causes-de-linsuffisance-cardiaque-et-autres-problemes-medicaux-courants\/hyperactivite-de-la-glande-thyroide\/","name":"Hyperthyro\u00efdie","isPartOf":{"@id":"https:\/\/www.heartfailurematters.org\/fr\/#website"},"primaryImageOfPage":{"@id":"https:\/\/www.heartfailurematters.org\/fr\/causes-de-linsuffisance-cardiaque-et-autres-problemes-medicaux-courants\/hyperactivite-de-la-glande-thyroide\/#primaryimage"},"image":{"@id":"https:\/\/www.heartfailurematters.org\/fr\/causes-de-linsuffisance-cardiaque-et-autres-problemes-medicaux-courants\/hyperactivite-de-la-glande-thyroide\/#primaryimage"},"thumbnailUrl":"https:\/\/www.heartfailurematters.org\/wp-content\/uploads\/2022\/03\/shutterstock_433800355-1-min.jpg","datePublished":"2021-01-27T21:35:56+00:00","dateModified":"2021-06-25T13:12:48+00:00","description":"La glande thyro\u00efde est responsable du contr\u00f4le de la consommation d'\u00e9nergie de votre corps. Une hyperactivit\u00e9 thyro\u00efdienne (ou hyperthyro\u00efdie) force votre corps \u00e0 augmenter sa consommation d'\u00e9nergie, ce qui fait travailler davantage votre thyro\u00efde.","breadcrumb":{"@id":"https:\/\/www.heartfailurematters.org\/fr\/causes-de-linsuffisance-cardiaque-et-autres-problemes-medicaux-courants\/hyperactivite-de-la-glande-thyroide\/#breadcrumb"},"inLanguage":"fr-FR","potentialAction":[{"@type":"ReadAction","target":["https:\/\/www.heartfailurematters.org\/fr\/causes-de-linsuffisance-cardiaque-et-autres-problemes-medicaux-courants\/hyperactivite-de-la-glande-thyroide\/"]}]},{"@type":"ImageObject","inLanguage":"fr-FR","@id":"https:\/\/www.heartfailurematters.org\/fr\/causes-de-linsuffisance-cardiaque-et-autres-problemes-medicaux-courants\/hyperactivite-de-la-glande-thyroide\/#primaryimage","url":"https:\/\/www.heartfailurematters.org\/wp-content\/uploads\/2022\/03\/shutterstock_433800355-1-min.jpg","contentUrl":"https:\/\/www.heartfailurematters.org\/wp-content\/uploads\/2022\/03\/shutterstock_433800355-1-min.jpg","width":900,"height":600},{"@type":"BreadcrumbList","@id":"https:\/\/www.heartfailurematters.org\/fr\/causes-de-linsuffisance-cardiaque-et-autres-problemes-medicaux-courants\/hyperactivite-de-la-glande-thyroide\/#breadcrumb","itemListElement":[{"@type":"ListItem","position":1,"name":"Accueil","item":"https:\/\/www.heartfailurematters.org\/fr\/"},{"@type":"ListItem","position":2,"name":"Causes de l&#8217;insuffisance cardiaque et autres probl\u00e8mes m\u00e9dicaux associ\u00e9s","item":"https:\/\/www.heartfailurematters.org\/fr\/causes-de-linsuffisance-cardiaque-et-autres-problemes-medicaux-courants\/"},{"@type":"ListItem","position":3,"name":"Anomalie de la fonction thyro\u00efdienne"}]},{"@type":"WebSite","@id":"https:\/\/www.heartfailurematters.org\/fr\/#website","url":"https:\/\/www.heartfailurematters.org\/fr\/","name":"Heart Failure Matters","description":"Practical information for patients, families and caregivers.","publisher":{"@id":"https:\/\/www.heartfailurematters.org\/fr\/#organization"},"potentialAction":[{"@type":"SearchAction","target":{"@type":"EntryPoint","urlTemplate":"https:\/\/www.heartfailurematters.org\/fr\/?s={search_term_string}"},"query-input":{"@type":"PropertyValueSpecification","valueRequired":true,"valueName":"search_term_string"}}],"inLanguage":"fr-FR"},{"@type":"Organization","@id":"https:\/\/www.heartfailurematters.org\/fr\/#organization","name":"Heart Failure Matters","url":"https:\/\/www.heartfailurematters.org\/fr\/","logo":{"@type":"ImageObject","inLanguage":"fr-FR","@id":"https:\/\/www.heartfailurematters.org\/fr\/#\/schema\/logo\/image\/","url":"https:\/\/cdn-endpoint-hfm.azureedge.net\/heartfailurematters\/2024\/07\/hfm-logo1.jpg","contentUrl":"https:\/\/cdn-endpoint-hfm.azureedge.net\/heartfailurematters\/2024\/07\/hfm-logo1.jpg","width":1280,"height":720,"caption":"Heart Failure Matters"},"image":{"@id":"https:\/\/www.heartfailurematters.org\/fr\/#\/schema\/logo\/image\/"},"sameAs":["https:\/\/www.facebook.com\/heartfailurematters"]}]}},"_links":{"self":[{"href":"https:\/\/www.heartfailurematters.org\/fr\/wp-json\/wp\/v2\/pages\/405","targetHints":{"allow":["GET"]}}],"collection":[{"href":"https:\/\/www.heartfailurematters.org\/fr\/wp-json\/wp\/v2\/pages"}],"about":[{"href":"https:\/\/www.heartfailurematters.org\/fr\/wp-json\/wp\/v2\/types\/page"}],"author":[{"embeddable":true,"href":"https:\/\/www.heartfailurematters.org\/fr\/wp-json\/wp\/v2\/users\/1"}],"replies":[{"embeddable":true,"href":"https:\/\/www.heartfailurematters.org\/fr\/wp-json\/wp\/v2\/comments?post=405"}],"version-history":[{"count":2,"href":"https:\/\/www.heartfailurematters.org\/fr\/wp-json\/wp\/v2\/pages\/405\/revisions"}],"predecessor-version":[{"id":9083,"href":"https:\/\/www.heartfailurematters.org\/fr\/wp-json\/wp\/v2\/pages\/405\/revisions\/9083"}],"up":[{"embeddable":true,"href":"https:\/\/www.heartfailurematters.org\/fr\/wp-json\/wp\/v2\/pages\/8045"}],"wp:featuredmedia":[{"embeddable":true,"href":"https:\/\/www.heartfailurematters.org\/fr\/wp-json\/wp\/v2\/media\/10798"}],"wp:attachment":[{"href":"https:\/\/www.heartfailurematters.org\/fr\/wp-json\/wp\/v2\/media?parent=405"}],"wp:term":[{"taxonomy":"category","embeddable":true,"href":"https:\/\/www.heartfailurematters.org\/fr\/wp-json\/wp\/v2\/categories?post=405"},{"taxonomy":"post_tag","embeddable":true,"href":"https:\/\/www.heartfailurematters.org\/fr\/wp-json\/wp\/v2\/tags?post=405"}],"curies":[{"name":"wp","href":"https:\/\/api.w.org\/{rel}","templated":true}]}}