{"id":403,"date":"2021-01-27T21:35:56","date_gmt":"2021-01-27T21:35:56","guid":{"rendered":"http:\/\/heartfailurematters.local:8888\/que-peut-faire-votre-medecin-ou-votre-infirmiere\/"},"modified":"2021-01-27T21:35:56","modified_gmt":"2021-01-27T21:35:56","slug":"que-peut-faire-votre-medecin-ou-votre-infirmiere","status":"publish","type":"page","link":"https:\/\/www.heartfailurematters.org\/fr\/ce-que-votre-medecin-ou-votre-infirmier-ere-peut-faire\/que-peut-faire-votre-medecin-ou-votre-infirmiere\/","title":{"rendered":"Que peut faire votre m\u00e9decin ou votre infirmi\u00e8re\u00a0?"},"content":{"rendered":"<p>Une fois votre insuffisance cardiaque diagnostiqu\u00e9e, votre m\u00e9decin et votre infirmi\u00e8re vous expliqueront en quoi consiste le probl\u00e8me et discuteront avec vous des diff\u00e9rentes options pour la prise en charge de votre maladie. L\u2019insuffisance cardiaque est une maladie grave. Cependant, en suivant les recommandations de votre m\u00e9decin et en apportant quelques changements simples \u00e0 votre mode de vie, vous pourrez vous sentir mieux et \u00eatre plus actif. Votre m\u00e9decin vous parlera \u00e9galement des traitements les plus adapt\u00e9s \u00e0 votre situation. Rappelez-vous qu\u2019il est important que vous compreniez les diff\u00e9rents types de traitement. Vous saurez ainsi en quoi ils consistent, comment ils agissent et quels effets ind\u00e9sirables ils pourraient comporter.<\/p>\n<p>Cette rubrique vous permettra de conna\u00eetre les diff\u00e9rents traitements&nbsp;et services susceptibles de vous aider \u00e0 prendre en charge votre affection et \u00e0 am\u00e9liorer votre \u00e9tat.<\/p>\n<p><a href=\"https:\/\/www.heartfailurematters.org\/fr\/comprendre-linsuffisance-cardiaque\/introduction\/\" shape=\"rect\">Cliquez ici pour savoir comment g\u00e9rer au mieux votre insuffisance cardiaque<\/a>.<\/p>\n<p>Cliquez sur l\u2019un des liens \u00e0 gauche pour en savoir plus.<\/p>\n","protected":false},"excerpt":{"rendered":"<p>Une fois votre insuffisance cardiaque diagnostiqu\u00e9e, votre m\u00e9decin et votre infirmi\u00e8re vous expliqueront en quoi consiste le probl\u00e8me et discuteront avec vous des diff\u00e9rentes options pour la prise en charge de votre maladie. L\u2019insuffisance cardiaque est une maladie grave. Cependant, en suivant les recommandations de votre m\u00e9decin et en apportant quelques changements simples \u00e0 votre [&hellip;]<\/p>\n","protected":false},"author":1,"featured_media":10537,"parent":2679,"menu_order":1,"comment_status":"open","ping_status":"closed","template":"","meta":{"_acf_changed":false,"footnotes":""},"categories":[144],"tags":[],"class_list":["post-403","page","type-page","status-publish","has-post-thumbnail","hentry","category-what-can-your-doctor-do-fr"],"acf":[],"yoast_head":"<!-- This site is optimized with the Yoast SEO plugin v24.8.1 - https:\/\/yoast.com\/wordpress\/plugins\/seo\/ -->\n<title>Que peut faire votre m\u00e9decin ou votre infirmi\u00e8re\u00a0? - Heart Failure Matters<\/title>\n<meta name=\"description\" content=\"Vous avez \u00e9t\u00e9 diagnostiqu\u00e9 d&#039;une insuffisance cardiaque ? En suivant les conseils de votre m\u00e9decin et en modifiant tout simplement votre mode de vie, vous pouvez am\u00e9liorer votre \u00e9tat de sant\u00e9 et faire plus. En savoir plus\" \/>\n<meta name=\"robots\" content=\"index, follow, max-snippet:-1, max-image-preview:large, max-video-preview:-1\" \/>\n<link rel=\"canonical\" href=\"https:\/\/www.heartfailurematters.org\/fr\/ce-que-votre-medecin-ou-votre-infirmier-ere-peut-faire\/que-peut-faire-votre-medecin-ou-votre-infirmiere\/\" \/>\n<meta property=\"og:locale\" content=\"fr_FR\" \/>\n<meta property=\"og:type\" content=\"article\" \/>\n<meta property=\"og:title\" content=\"Que peut faire votre m\u00e9decin ou votre infirmi\u00e8re\u00a0? - Heart Failure Matters\" \/>\n<meta property=\"og:description\" content=\"Vous avez \u00e9t\u00e9 diagnostiqu\u00e9 d&#039;une insuffisance cardiaque ? En suivant les conseils de votre m\u00e9decin et en modifiant tout simplement votre mode de vie, vous pouvez am\u00e9liorer votre \u00e9tat de sant\u00e9 et faire plus. En savoir plus\" \/>\n<meta property=\"og:url\" content=\"https:\/\/www.heartfailurematters.org\/fr\/ce-que-votre-medecin-ou-votre-infirmier-ere-peut-faire\/que-peut-faire-votre-medecin-ou-votre-infirmiere\/\" \/>\n<meta property=\"og:site_name\" content=\"Heart Failure Matters\" \/>\n<meta property=\"article:publisher\" content=\"https:\/\/www.facebook.com\/heartfailurematters\" \/>\n<meta property=\"og:image\" content=\"https:\/\/www.heartfailurematters.org\/wp-content\/uploads\/2022\/02\/shutterstock_258402434-1-min.jpg\" \/>\n\t<meta property=\"og:image:width\" content=\"900\" \/>\n\t<meta property=\"og:image:height\" content=\"475\" \/>\n\t<meta property=\"og:image:type\" content=\"image\/jpeg\" \/>\n<meta name=\"twitter:card\" content=\"summary_large_image\" \/>\n<meta name=\"twitter:label1\" content=\"Dur\u00e9e de lecture estim\u00e9e\" \/>\n\t<meta name=\"twitter:data1\" content=\"1 minute\" \/>\n<script type=\"application\/ld+json\" class=\"yoast-schema-graph\">{\"@context\":\"https:\/\/schema.org\",\"@graph\":[{\"@type\":\"WebPage\",\"@id\":\"https:\/\/www.heartfailurematters.org\/fr\/ce-que-votre-medecin-ou-votre-infirmier-ere-peut-faire\/que-peut-faire-votre-medecin-ou-votre-infirmiere\/\",\"url\":\"https:\/\/www.heartfailurematters.org\/fr\/ce-que-votre-medecin-ou-votre-infirmier-ere-peut-faire\/que-peut-faire-votre-medecin-ou-votre-infirmiere\/\",\"name\":\"Que peut faire votre m\u00e9decin ou votre infirmi\u00e8re\u00a0? - Heart Failure Matters\",\"isPartOf\":{\"@id\":\"https:\/\/www.heartfailurematters.org\/fr\/#website\"},\"primaryImageOfPage\":{\"@id\":\"https:\/\/www.heartfailurematters.org\/fr\/ce-que-votre-medecin-ou-votre-infirmier-ere-peut-faire\/que-peut-faire-votre-medecin-ou-votre-infirmiere\/#primaryimage\"},\"image\":{\"@id\":\"https:\/\/www.heartfailurematters.org\/fr\/ce-que-votre-medecin-ou-votre-infirmier-ere-peut-faire\/que-peut-faire-votre-medecin-ou-votre-infirmiere\/#primaryimage\"},\"thumbnailUrl\":\"https:\/\/www.heartfailurematters.org\/wp-content\/uploads\/2022\/02\/shutterstock_258402434-1-min.jpg\",\"datePublished\":\"2021-01-27T21:35:56+00:00\",\"description\":\"Vous avez \u00e9t\u00e9 diagnostiqu\u00e9 d'une insuffisance cardiaque ? En suivant les conseils de votre m\u00e9decin et en modifiant tout simplement votre mode de vie, vous pouvez am\u00e9liorer votre \u00e9tat de sant\u00e9 et faire plus. En savoir plus\",\"breadcrumb\":{\"@id\":\"https:\/\/www.heartfailurematters.org\/fr\/ce-que-votre-medecin-ou-votre-infirmier-ere-peut-faire\/que-peut-faire-votre-medecin-ou-votre-infirmiere\/#breadcrumb\"},\"inLanguage\":\"fr-FR\",\"potentialAction\":[{\"@type\":\"ReadAction\",\"target\":[\"https:\/\/www.heartfailurematters.org\/fr\/ce-que-votre-medecin-ou-votre-infirmier-ere-peut-faire\/que-peut-faire-votre-medecin-ou-votre-infirmiere\/\"]}]},{\"@type\":\"ImageObject\",\"inLanguage\":\"fr-FR\",\"@id\":\"https:\/\/www.heartfailurematters.org\/fr\/ce-que-votre-medecin-ou-votre-infirmier-ere-peut-faire\/que-peut-faire-votre-medecin-ou-votre-infirmiere\/#primaryimage\",\"url\":\"https:\/\/www.heartfailurematters.org\/wp-content\/uploads\/2022\/02\/shutterstock_258402434-1-min.jpg\",\"contentUrl\":\"https:\/\/www.heartfailurematters.org\/wp-content\/uploads\/2022\/02\/shutterstock_258402434-1-min.jpg\",\"width\":900,\"height\":475},{\"@type\":\"BreadcrumbList\",\"@id\":\"https:\/\/www.heartfailurematters.org\/fr\/ce-que-votre-medecin-ou-votre-infirmier-ere-peut-faire\/que-peut-faire-votre-medecin-ou-votre-infirmiere\/#breadcrumb\",\"itemListElement\":[{\"@type\":\"ListItem\",\"position\":1,\"name\":\"Accueil\",\"item\":\"https:\/\/www.heartfailurematters.org\/fr\/\"},{\"@type\":\"ListItem\",\"position\":2,\"name\":\"Ce que votre m\u00e9decin peut faire\",\"item\":\"https:\/\/www.heartfailurematters.org\/fr\/ce-que-votre-medecin-ou-votre-infirmier-ere-peut-faire\/\"},{\"@type\":\"ListItem\",\"position\":3,\"name\":\"Que peut faire votre m\u00e9decin ou votre infirmi\u00e8re\u00a0?\"}]},{\"@type\":\"WebSite\",\"@id\":\"https:\/\/www.heartfailurematters.org\/fr\/#website\",\"url\":\"https:\/\/www.heartfailurematters.org\/fr\/\",\"name\":\"Heart Failure Matters\",\"description\":\"Practical information for patients, families and caregivers.\",\"publisher\":{\"@id\":\"https:\/\/www.heartfailurematters.org\/fr\/#organization\"},\"potentialAction\":[{\"@type\":\"SearchAction\",\"target\":{\"@type\":\"EntryPoint\",\"urlTemplate\":\"https:\/\/www.heartfailurematters.org\/fr\/?s={search_term_string}\"},\"query-input\":{\"@type\":\"PropertyValueSpecification\",\"valueRequired\":true,\"valueName\":\"search_term_string\"}}],\"inLanguage\":\"fr-FR\"},{\"@type\":\"Organization\",\"@id\":\"https:\/\/www.heartfailurematters.org\/fr\/#organization\",\"name\":\"Heart Failure Matters\",\"url\":\"https:\/\/www.heartfailurematters.org\/fr\/\",\"logo\":{\"@type\":\"ImageObject\",\"inLanguage\":\"fr-FR\",\"@id\":\"https:\/\/www.heartfailurematters.org\/fr\/#\/schema\/logo\/image\/\",\"url\":\"https:\/\/cdn-endpoint-hfm.azureedge.net\/heartfailurematters\/2024\/07\/hfm-logo1.jpg\",\"contentUrl\":\"https:\/\/cdn-endpoint-hfm.azureedge.net\/heartfailurematters\/2024\/07\/hfm-logo1.jpg\",\"width\":1280,\"height\":720,\"caption\":\"Heart Failure Matters\"},\"image\":{\"@id\":\"https:\/\/www.heartfailurematters.org\/fr\/#\/schema\/logo\/image\/\"},\"sameAs\":[\"https:\/\/www.facebook.com\/heartfailurematters\"]}]}<\/script>\n<!-- \/ Yoast SEO plugin. -->","yoast_head_json":{"title":"Que peut faire votre m\u00e9decin ou votre infirmi\u00e8re\u00a0? - Heart Failure Matters","description":"Vous avez \u00e9t\u00e9 diagnostiqu\u00e9 d'une insuffisance cardiaque ? En suivant les conseils de votre m\u00e9decin et en modifiant tout simplement votre mode de vie, vous pouvez am\u00e9liorer votre \u00e9tat de sant\u00e9 et faire plus. En savoir plus","robots":{"index":"index","follow":"follow","max-snippet":"max-snippet:-1","max-image-preview":"max-image-preview:large","max-video-preview":"max-video-preview:-1"},"canonical":"https:\/\/www.heartfailurematters.org\/fr\/ce-que-votre-medecin-ou-votre-infirmier-ere-peut-faire\/que-peut-faire-votre-medecin-ou-votre-infirmiere\/","og_locale":"fr_FR","og_type":"article","og_title":"Que peut faire votre m\u00e9decin ou votre infirmi\u00e8re\u00a0? - Heart Failure Matters","og_description":"Vous avez \u00e9t\u00e9 diagnostiqu\u00e9 d'une insuffisance cardiaque ? En suivant les conseils de votre m\u00e9decin et en modifiant tout simplement votre mode de vie, vous pouvez am\u00e9liorer votre \u00e9tat de sant\u00e9 et faire plus. En savoir plus","og_url":"https:\/\/www.heartfailurematters.org\/fr\/ce-que-votre-medecin-ou-votre-infirmier-ere-peut-faire\/que-peut-faire-votre-medecin-ou-votre-infirmiere\/","og_site_name":"Heart Failure Matters","article_publisher":"https:\/\/www.facebook.com\/heartfailurematters","og_image":[{"width":900,"height":475,"url":"https:\/\/www.heartfailurematters.org\/wp-content\/uploads\/2022\/02\/shutterstock_258402434-1-min.jpg","type":"image\/jpeg"}],"twitter_card":"summary_large_image","twitter_misc":{"Dur\u00e9e de lecture estim\u00e9e":"1 minute"},"schema":{"@context":"https:\/\/schema.org","@graph":[{"@type":"WebPage","@id":"https:\/\/www.heartfailurematters.org\/fr\/ce-que-votre-medecin-ou-votre-infirmier-ere-peut-faire\/que-peut-faire-votre-medecin-ou-votre-infirmiere\/","url":"https:\/\/www.heartfailurematters.org\/fr\/ce-que-votre-medecin-ou-votre-infirmier-ere-peut-faire\/que-peut-faire-votre-medecin-ou-votre-infirmiere\/","name":"Que peut faire votre m\u00e9decin ou votre infirmi\u00e8re\u00a0? - Heart Failure Matters","isPartOf":{"@id":"https:\/\/www.heartfailurematters.org\/fr\/#website"},"primaryImageOfPage":{"@id":"https:\/\/www.heartfailurematters.org\/fr\/ce-que-votre-medecin-ou-votre-infirmier-ere-peut-faire\/que-peut-faire-votre-medecin-ou-votre-infirmiere\/#primaryimage"},"image":{"@id":"https:\/\/www.heartfailurematters.org\/fr\/ce-que-votre-medecin-ou-votre-infirmier-ere-peut-faire\/que-peut-faire-votre-medecin-ou-votre-infirmiere\/#primaryimage"},"thumbnailUrl":"https:\/\/www.heartfailurematters.org\/wp-content\/uploads\/2022\/02\/shutterstock_258402434-1-min.jpg","datePublished":"2021-01-27T21:35:56+00:00","description":"Vous avez \u00e9t\u00e9 diagnostiqu\u00e9 d'une insuffisance cardiaque ? En suivant les conseils de votre m\u00e9decin et en modifiant tout simplement votre mode de vie, vous pouvez am\u00e9liorer votre \u00e9tat de sant\u00e9 et faire plus. En savoir plus","breadcrumb":{"@id":"https:\/\/www.heartfailurematters.org\/fr\/ce-que-votre-medecin-ou-votre-infirmier-ere-peut-faire\/que-peut-faire-votre-medecin-ou-votre-infirmiere\/#breadcrumb"},"inLanguage":"fr-FR","potentialAction":[{"@type":"ReadAction","target":["https:\/\/www.heartfailurematters.org\/fr\/ce-que-votre-medecin-ou-votre-infirmier-ere-peut-faire\/que-peut-faire-votre-medecin-ou-votre-infirmiere\/"]}]},{"@type":"ImageObject","inLanguage":"fr-FR","@id":"https:\/\/www.heartfailurematters.org\/fr\/ce-que-votre-medecin-ou-votre-infirmier-ere-peut-faire\/que-peut-faire-votre-medecin-ou-votre-infirmiere\/#primaryimage","url":"https:\/\/www.heartfailurematters.org\/wp-content\/uploads\/2022\/02\/shutterstock_258402434-1-min.jpg","contentUrl":"https:\/\/www.heartfailurematters.org\/wp-content\/uploads\/2022\/02\/shutterstock_258402434-1-min.jpg","width":900,"height":475},{"@type":"BreadcrumbList","@id":"https:\/\/www.heartfailurematters.org\/fr\/ce-que-votre-medecin-ou-votre-infirmier-ere-peut-faire\/que-peut-faire-votre-medecin-ou-votre-infirmiere\/#breadcrumb","itemListElement":[{"@type":"ListItem","position":1,"name":"Accueil","item":"https:\/\/www.heartfailurematters.org\/fr\/"},{"@type":"ListItem","position":2,"name":"Ce que votre m\u00e9decin peut faire","item":"https:\/\/www.heartfailurematters.org\/fr\/ce-que-votre-medecin-ou-votre-infirmier-ere-peut-faire\/"},{"@type":"ListItem","position":3,"name":"Que peut faire votre m\u00e9decin ou votre infirmi\u00e8re\u00a0?"}]},{"@type":"WebSite","@id":"https:\/\/www.heartfailurematters.org\/fr\/#website","url":"https:\/\/www.heartfailurematters.org\/fr\/","name":"Heart Failure Matters","description":"Practical information for patients, families and caregivers.","publisher":{"@id":"https:\/\/www.heartfailurematters.org\/fr\/#organization"},"potentialAction":[{"@type":"SearchAction","target":{"@type":"EntryPoint","urlTemplate":"https:\/\/www.heartfailurematters.org\/fr\/?s={search_term_string}"},"query-input":{"@type":"PropertyValueSpecification","valueRequired":true,"valueName":"search_term_string"}}],"inLanguage":"fr-FR"},{"@type":"Organization","@id":"https:\/\/www.heartfailurematters.org\/fr\/#organization","name":"Heart Failure Matters","url":"https:\/\/www.heartfailurematters.org\/fr\/","logo":{"@type":"ImageObject","inLanguage":"fr-FR","@id":"https:\/\/www.heartfailurematters.org\/fr\/#\/schema\/logo\/image\/","url":"https:\/\/cdn-endpoint-hfm.azureedge.net\/heartfailurematters\/2024\/07\/hfm-logo1.jpg","contentUrl":"https:\/\/cdn-endpoint-hfm.azureedge.net\/heartfailurematters\/2024\/07\/hfm-logo1.jpg","width":1280,"height":720,"caption":"Heart Failure Matters"},"image":{"@id":"https:\/\/www.heartfailurematters.org\/fr\/#\/schema\/logo\/image\/"},"sameAs":["https:\/\/www.facebook.com\/heartfailurematters"]}]}},"_links":{"self":[{"href":"https:\/\/www.heartfailurematters.org\/fr\/wp-json\/wp\/v2\/pages\/403","targetHints":{"allow":["GET"]}}],"collection":[{"href":"https:\/\/www.heartfailurematters.org\/fr\/wp-json\/wp\/v2\/pages"}],"about":[{"href":"https:\/\/www.heartfailurematters.org\/fr\/wp-json\/wp\/v2\/types\/page"}],"author":[{"embeddable":true,"href":"https:\/\/www.heartfailurematters.org\/fr\/wp-json\/wp\/v2\/users\/1"}],"replies":[{"embeddable":true,"href":"https:\/\/www.heartfailurematters.org\/fr\/wp-json\/wp\/v2\/comments?post=403"}],"version-history":[{"count":0,"href":"https:\/\/www.heartfailurematters.org\/fr\/wp-json\/wp\/v2\/pages\/403\/revisions"}],"up":[{"embeddable":true,"href":"https:\/\/www.heartfailurematters.org\/fr\/wp-json\/wp\/v2\/pages\/2679"}],"wp:featuredmedia":[{"embeddable":true,"href":"https:\/\/www.heartfailurematters.org\/fr\/wp-json\/wp\/v2\/media\/10537"}],"wp:attachment":[{"href":"https:\/\/www.heartfailurematters.org\/fr\/wp-json\/wp\/v2\/media?parent=403"}],"wp:term":[{"taxonomy":"category","embeddable":true,"href":"https:\/\/www.heartfailurematters.org\/fr\/wp-json\/wp\/v2\/categories?post=403"},{"taxonomy":"post_tag","embeddable":true,"href":"https:\/\/www.heartfailurematters.org\/fr\/wp-json\/wp\/v2\/tags?post=403"}],"curies":[{"name":"wp","href":"https:\/\/api.w.org\/{rel}","templated":true}]}}