{"id":402,"date":"2021-01-27T21:35:56","date_gmt":"2021-01-27T21:35:56","guid":{"rendered":"http:\/\/heartfailurematters.local:8888\/traitement-anticancereux-et-insuffisance-cardiaque\/"},"modified":"2021-01-27T21:35:56","modified_gmt":"2021-01-27T21:35:56","slug":"traitement-anticancereux-et-insuffisance-cardiaque","status":"publish","type":"page","link":"https:\/\/www.heartfailurematters.org\/fr\/causes-de-linsuffisance-cardiaque-et-autres-problemes-medicaux-courants\/traitement-anticancereux-et-insuffisance-cardiaque\/","title":{"rendered":"Traitement anticanc\u00e9reux et insuffisance cardiaque"},"content":{"rendered":"<p>Certains types de traitements utilis\u00e9s chez les patients souffrant d\u2019un cancer peuvent provoquer une insuffisance cardiaque. C\u2019est le cas, notamment, de certains types de chimioth\u00e9rapie, de la radioth\u00e9rapie de la paroi thoracique et de certains des tout nouveaux traitements cibl\u00e9s du cancer, \u00e9galement appel\u00e9s th\u00e9rapies <span style=\"font-weight: 400;\">bioth\u00e9rapies<\/span>.<\/p>\n<p>Ces traitements anticanc\u00e9reux peuvent entra\u00eener des probl\u00e8mes cardiaques temporaires (de courte dur\u00e9e) ou permanents (\u00e0 long terme). Ces probl\u00e8mes peuvent appara\u00eetre pendant ou juste apr\u00e8s le traitement anticanc\u00e9reux, ou de nombreuses ann\u00e9es plus tard. Le risque de d\u00e9velopper des probl\u00e8mes cardiaques d\u00e9pend du type et de la dur\u00e9e du traitement anticanc\u00e9reux.<\/p>\n<p>Vous courez davantage de risque de d\u00e9velopper une insuffisance cardiaque si&nbsp;:<\/p>\n<ul>\n<li>vous avez d\u00e9j\u00e0 un probl\u00e8me cardiaque avant d\u2019entamer le traitement anticanc\u00e9reux<\/li>\n<li>vous pr\u00e9sentez d\u2019autres facteurs de risque de maladies cardiaques comme le tabagisme, le diab\u00e8te, une hypertension art\u00e9rielle ou un \u00e2ge avanc\u00e9<\/li>\n<li>vous devez suivre plusieurs traitements anticanc\u00e9reux ayant des effets sur le c\u0153ur<\/li>\n<li>vous avez par le pass\u00e9 suivi un traitement anticanc\u00e9reux qui a eu des effets sur votre c\u0153ur et vous avez aujourd\u2019hui \u00e0 nouveau besoin d\u2019un traitement<\/li>\n<li>vous avez suivi un traitement anticanc\u00e9reux lorsque vous \u00e9tiez enfant<\/li>\n<\/ul>\n<p>Si vous souffrez d\u2019une insuffisance cardiaque et devez suivre un traitement anticanc\u00e9reux, demandez conseil \u00e0 votre oncologue et \u00e0 votre cardiologue. Les m\u00e9decins et les infirmi\u00e8res savent que les traitements anticanc\u00e9reux peuvent parfois d\u00e9clencher des signes et des sympt\u00f4mes d\u2019insuffisance cardiaque, m\u00eame chez des patients qui n\u2019ont jamais eu de probl\u00e8me cardiaque. Ils pourront ajuster le type de traitement anticanc\u00e9reux chez les patients ayant d\u00e9j\u00e0 d\u2019une insuffisance cardiaque.<\/p>\n<p>Des examens pouss\u00e9s, comme des \u00e9chocardiogrammes et des prises de sang, permettront d\u2019\u00e9valuer votre fonction cardiaque et de d\u00e9tecter des signes d\u2019insuffisance cardiaque \u00e0 un stade pr\u00e9coce. Les effets secondaires de tout traitement anticanc\u00e9reux n\u00e9cessaire ne durent g\u00e9n\u00e9ralement pas longtemps et se manifestent pendant ou juste apr\u00e8s le traitement. Tous les sympt\u00f4mes, y compris l\u2019essoufflement ou la r\u00e9tention de liquide, doivent \u00eatre mentionn\u00e9s le plus rapidement possible \u00e0 votre m\u00e9decin ou \u00e0 votre infirmi\u00e8re. Voir la rubrique <a href=\"https:\/\/www.heartfailurematters.org\/fr\/signaux-dalerte\/douleur-a-la-poitrine\/\">\u00ab&nbsp;Signes avant-coureurs&nbsp;\u00bb<\/a>.<\/p>\n<p>Pour en savoir plus \u00e0 ce sujet, consultez la brochure d\u2019information intitul\u00e9e \u00ab&nbsp;<a href=\"http:\/\/be.macmillan.org.uk\/Downloads\/CancerInformation\/LivingWithAndAfterCancer\/MAC14637Heart-healthE2lowrespdf20170608.pdf\" target=\"_blank\" rel=\"noopener noreferrer\">Heart Health and Cancer Treatment<\/a>&nbsp;\u00bb publi\u00e9e par Macmillan.<\/p>\n","protected":false},"excerpt":{"rendered":"<p>Certains types de traitements utilis\u00e9s chez les patients souffrant d\u2019un cancer peuvent provoquer une insuffisance cardiaque. C\u2019est le cas, notamment, de certains types de chimioth\u00e9rapie, de la radioth\u00e9rapie de la paroi thoracique et de certains des tout nouveaux traitements cibl\u00e9s du cancer, \u00e9galement appel\u00e9s th\u00e9rapies bioth\u00e9rapies. Ces traitements anticanc\u00e9reux peuvent entra\u00eener des probl\u00e8mes cardiaques temporaires [&hellip;]<\/p>\n","protected":false},"author":1,"featured_media":10777,"parent":8045,"menu_order":16,"comment_status":"open","ping_status":"closed","template":"","meta":{"_acf_changed":false,"footnotes":""},"categories":[144],"tags":[],"class_list":["post-402","page","type-page","status-publish","has-post-thumbnail","hentry","category-what-can-your-doctor-do-fr"],"acf":[],"yoast_head":"<!-- This site is optimized with the Yoast SEO plugin v24.8.1 - https:\/\/yoast.com\/wordpress\/plugins\/seo\/ -->\n<title>Traitement anticanc\u00e9reux et insuffisance cardiaque<\/title>\n<meta name=\"description\" content=\"Certains types de traitements utilis\u00e9s chez les patients atteints d&#039;un cancer peuvent causer une insuffisance cardiaque. Il s&#039;agit notamment de certains types de chimioth\u00e9rapie et de radioth\u00e9rapie thoracique.\" \/>\n<meta name=\"robots\" content=\"index, follow, max-snippet:-1, max-image-preview:large, max-video-preview:-1\" \/>\n<link rel=\"canonical\" href=\"https:\/\/www.heartfailurematters.org\/fr\/causes-de-linsuffisance-cardiaque-et-autres-problemes-medicaux-courants\/traitement-anticancereux-et-insuffisance-cardiaque\/\" \/>\n<meta property=\"og:locale\" content=\"fr_FR\" \/>\n<meta property=\"og:type\" content=\"article\" \/>\n<meta property=\"og:title\" content=\"Traitement anticanc\u00e9reux et insuffisance cardiaque\" \/>\n<meta property=\"og:description\" content=\"Certains types de traitements utilis\u00e9s chez les patients atteints d&#039;un cancer peuvent causer une insuffisance cardiaque. Il s&#039;agit notamment de certains types de chimioth\u00e9rapie et de radioth\u00e9rapie thoracique.\" \/>\n<meta property=\"og:url\" content=\"https:\/\/www.heartfailurematters.org\/fr\/causes-de-linsuffisance-cardiaque-et-autres-problemes-medicaux-courants\/traitement-anticancereux-et-insuffisance-cardiaque\/\" \/>\n<meta property=\"og:site_name\" content=\"Heart Failure Matters\" \/>\n<meta property=\"article:publisher\" content=\"https:\/\/www.facebook.com\/heartfailurematters\" \/>\n<meta property=\"og:image\" content=\"https:\/\/www.heartfailurematters.org\/wp-content\/uploads\/2022\/03\/shutterstock_529109200-1-min.jpg\" \/>\n\t<meta property=\"og:image:width\" content=\"900\" \/>\n\t<meta property=\"og:image:height\" content=\"599\" \/>\n\t<meta property=\"og:image:type\" content=\"image\/jpeg\" \/>\n<meta name=\"twitter:card\" content=\"summary_large_image\" \/>\n<meta name=\"twitter:label1\" content=\"Dur\u00e9e de lecture estim\u00e9e\" \/>\n\t<meta name=\"twitter:data1\" content=\"2 minutes\" \/>\n<script type=\"application\/ld+json\" class=\"yoast-schema-graph\">{\"@context\":\"https:\/\/schema.org\",\"@graph\":[{\"@type\":\"WebPage\",\"@id\":\"https:\/\/www.heartfailurematters.org\/fr\/causes-de-linsuffisance-cardiaque-et-autres-problemes-medicaux-courants\/traitement-anticancereux-et-insuffisance-cardiaque\/\",\"url\":\"https:\/\/www.heartfailurematters.org\/fr\/causes-de-linsuffisance-cardiaque-et-autres-problemes-medicaux-courants\/traitement-anticancereux-et-insuffisance-cardiaque\/\",\"name\":\"Traitement anticanc\u00e9reux et insuffisance cardiaque\",\"isPartOf\":{\"@id\":\"https:\/\/www.heartfailurematters.org\/fr\/#website\"},\"primaryImageOfPage\":{\"@id\":\"https:\/\/www.heartfailurematters.org\/fr\/causes-de-linsuffisance-cardiaque-et-autres-problemes-medicaux-courants\/traitement-anticancereux-et-insuffisance-cardiaque\/#primaryimage\"},\"image\":{\"@id\":\"https:\/\/www.heartfailurematters.org\/fr\/causes-de-linsuffisance-cardiaque-et-autres-problemes-medicaux-courants\/traitement-anticancereux-et-insuffisance-cardiaque\/#primaryimage\"},\"thumbnailUrl\":\"https:\/\/www.heartfailurematters.org\/wp-content\/uploads\/2022\/03\/shutterstock_529109200-1-min.jpg\",\"datePublished\":\"2021-01-27T21:35:56+00:00\",\"description\":\"Certains types de traitements utilis\u00e9s chez les patients atteints d'un cancer peuvent causer une insuffisance cardiaque. Il s'agit notamment de certains types de chimioth\u00e9rapie et de radioth\u00e9rapie thoracique.\",\"breadcrumb\":{\"@id\":\"https:\/\/www.heartfailurematters.org\/fr\/causes-de-linsuffisance-cardiaque-et-autres-problemes-medicaux-courants\/traitement-anticancereux-et-insuffisance-cardiaque\/#breadcrumb\"},\"inLanguage\":\"fr-FR\",\"potentialAction\":[{\"@type\":\"ReadAction\",\"target\":[\"https:\/\/www.heartfailurematters.org\/fr\/causes-de-linsuffisance-cardiaque-et-autres-problemes-medicaux-courants\/traitement-anticancereux-et-insuffisance-cardiaque\/\"]}]},{\"@type\":\"ImageObject\",\"inLanguage\":\"fr-FR\",\"@id\":\"https:\/\/www.heartfailurematters.org\/fr\/causes-de-linsuffisance-cardiaque-et-autres-problemes-medicaux-courants\/traitement-anticancereux-et-insuffisance-cardiaque\/#primaryimage\",\"url\":\"https:\/\/www.heartfailurematters.org\/wp-content\/uploads\/2022\/03\/shutterstock_529109200-1-min.jpg\",\"contentUrl\":\"https:\/\/www.heartfailurematters.org\/wp-content\/uploads\/2022\/03\/shutterstock_529109200-1-min.jpg\",\"width\":900,\"height\":599},{\"@type\":\"BreadcrumbList\",\"@id\":\"https:\/\/www.heartfailurematters.org\/fr\/causes-de-linsuffisance-cardiaque-et-autres-problemes-medicaux-courants\/traitement-anticancereux-et-insuffisance-cardiaque\/#breadcrumb\",\"itemListElement\":[{\"@type\":\"ListItem\",\"position\":1,\"name\":\"Accueil\",\"item\":\"https:\/\/www.heartfailurematters.org\/fr\/\"},{\"@type\":\"ListItem\",\"position\":2,\"name\":\"Causes de l&#8217;insuffisance cardiaque et autres probl\u00e8mes m\u00e9dicaux associ\u00e9s\",\"item\":\"https:\/\/www.heartfailurematters.org\/fr\/causes-de-linsuffisance-cardiaque-et-autres-problemes-medicaux-courants\/\"},{\"@type\":\"ListItem\",\"position\":3,\"name\":\"Traitement anticanc\u00e9reux et insuffisance cardiaque\"}]},{\"@type\":\"WebSite\",\"@id\":\"https:\/\/www.heartfailurematters.org\/fr\/#website\",\"url\":\"https:\/\/www.heartfailurematters.org\/fr\/\",\"name\":\"Heart Failure Matters\",\"description\":\"Practical information for patients, families and caregivers.\",\"publisher\":{\"@id\":\"https:\/\/www.heartfailurematters.org\/fr\/#organization\"},\"potentialAction\":[{\"@type\":\"SearchAction\",\"target\":{\"@type\":\"EntryPoint\",\"urlTemplate\":\"https:\/\/www.heartfailurematters.org\/fr\/?s={search_term_string}\"},\"query-input\":{\"@type\":\"PropertyValueSpecification\",\"valueRequired\":true,\"valueName\":\"search_term_string\"}}],\"inLanguage\":\"fr-FR\"},{\"@type\":\"Organization\",\"@id\":\"https:\/\/www.heartfailurematters.org\/fr\/#organization\",\"name\":\"Heart Failure Matters\",\"url\":\"https:\/\/www.heartfailurematters.org\/fr\/\",\"logo\":{\"@type\":\"ImageObject\",\"inLanguage\":\"fr-FR\",\"@id\":\"https:\/\/www.heartfailurematters.org\/fr\/#\/schema\/logo\/image\/\",\"url\":\"https:\/\/cdn-endpoint-hfm.azureedge.net\/heartfailurematters\/2024\/07\/hfm-logo1.jpg\",\"contentUrl\":\"https:\/\/cdn-endpoint-hfm.azureedge.net\/heartfailurematters\/2024\/07\/hfm-logo1.jpg\",\"width\":1280,\"height\":720,\"caption\":\"Heart Failure Matters\"},\"image\":{\"@id\":\"https:\/\/www.heartfailurematters.org\/fr\/#\/schema\/logo\/image\/\"},\"sameAs\":[\"https:\/\/www.facebook.com\/heartfailurematters\"]}]}<\/script>\n<!-- \/ Yoast SEO plugin. -->","yoast_head_json":{"title":"Traitement anticanc\u00e9reux et insuffisance cardiaque","description":"Certains types de traitements utilis\u00e9s chez les patients atteints d'un cancer peuvent causer une insuffisance cardiaque. Il s'agit notamment de certains types de chimioth\u00e9rapie et de radioth\u00e9rapie thoracique.","robots":{"index":"index","follow":"follow","max-snippet":"max-snippet:-1","max-image-preview":"max-image-preview:large","max-video-preview":"max-video-preview:-1"},"canonical":"https:\/\/www.heartfailurematters.org\/fr\/causes-de-linsuffisance-cardiaque-et-autres-problemes-medicaux-courants\/traitement-anticancereux-et-insuffisance-cardiaque\/","og_locale":"fr_FR","og_type":"article","og_title":"Traitement anticanc\u00e9reux et insuffisance cardiaque","og_description":"Certains types de traitements utilis\u00e9s chez les patients atteints d'un cancer peuvent causer une insuffisance cardiaque. Il s'agit notamment de certains types de chimioth\u00e9rapie et de radioth\u00e9rapie thoracique.","og_url":"https:\/\/www.heartfailurematters.org\/fr\/causes-de-linsuffisance-cardiaque-et-autres-problemes-medicaux-courants\/traitement-anticancereux-et-insuffisance-cardiaque\/","og_site_name":"Heart Failure Matters","article_publisher":"https:\/\/www.facebook.com\/heartfailurematters","og_image":[{"width":900,"height":599,"url":"https:\/\/www.heartfailurematters.org\/wp-content\/uploads\/2022\/03\/shutterstock_529109200-1-min.jpg","type":"image\/jpeg"}],"twitter_card":"summary_large_image","twitter_misc":{"Dur\u00e9e de lecture estim\u00e9e":"2 minutes"},"schema":{"@context":"https:\/\/schema.org","@graph":[{"@type":"WebPage","@id":"https:\/\/www.heartfailurematters.org\/fr\/causes-de-linsuffisance-cardiaque-et-autres-problemes-medicaux-courants\/traitement-anticancereux-et-insuffisance-cardiaque\/","url":"https:\/\/www.heartfailurematters.org\/fr\/causes-de-linsuffisance-cardiaque-et-autres-problemes-medicaux-courants\/traitement-anticancereux-et-insuffisance-cardiaque\/","name":"Traitement anticanc\u00e9reux et insuffisance cardiaque","isPartOf":{"@id":"https:\/\/www.heartfailurematters.org\/fr\/#website"},"primaryImageOfPage":{"@id":"https:\/\/www.heartfailurematters.org\/fr\/causes-de-linsuffisance-cardiaque-et-autres-problemes-medicaux-courants\/traitement-anticancereux-et-insuffisance-cardiaque\/#primaryimage"},"image":{"@id":"https:\/\/www.heartfailurematters.org\/fr\/causes-de-linsuffisance-cardiaque-et-autres-problemes-medicaux-courants\/traitement-anticancereux-et-insuffisance-cardiaque\/#primaryimage"},"thumbnailUrl":"https:\/\/www.heartfailurematters.org\/wp-content\/uploads\/2022\/03\/shutterstock_529109200-1-min.jpg","datePublished":"2021-01-27T21:35:56+00:00","description":"Certains types de traitements utilis\u00e9s chez les patients atteints d'un cancer peuvent causer une insuffisance cardiaque. Il s'agit notamment de certains types de chimioth\u00e9rapie et de radioth\u00e9rapie thoracique.","breadcrumb":{"@id":"https:\/\/www.heartfailurematters.org\/fr\/causes-de-linsuffisance-cardiaque-et-autres-problemes-medicaux-courants\/traitement-anticancereux-et-insuffisance-cardiaque\/#breadcrumb"},"inLanguage":"fr-FR","potentialAction":[{"@type":"ReadAction","target":["https:\/\/www.heartfailurematters.org\/fr\/causes-de-linsuffisance-cardiaque-et-autres-problemes-medicaux-courants\/traitement-anticancereux-et-insuffisance-cardiaque\/"]}]},{"@type":"ImageObject","inLanguage":"fr-FR","@id":"https:\/\/www.heartfailurematters.org\/fr\/causes-de-linsuffisance-cardiaque-et-autres-problemes-medicaux-courants\/traitement-anticancereux-et-insuffisance-cardiaque\/#primaryimage","url":"https:\/\/www.heartfailurematters.org\/wp-content\/uploads\/2022\/03\/shutterstock_529109200-1-min.jpg","contentUrl":"https:\/\/www.heartfailurematters.org\/wp-content\/uploads\/2022\/03\/shutterstock_529109200-1-min.jpg","width":900,"height":599},{"@type":"BreadcrumbList","@id":"https:\/\/www.heartfailurematters.org\/fr\/causes-de-linsuffisance-cardiaque-et-autres-problemes-medicaux-courants\/traitement-anticancereux-et-insuffisance-cardiaque\/#breadcrumb","itemListElement":[{"@type":"ListItem","position":1,"name":"Accueil","item":"https:\/\/www.heartfailurematters.org\/fr\/"},{"@type":"ListItem","position":2,"name":"Causes de l&#8217;insuffisance cardiaque et autres probl\u00e8mes m\u00e9dicaux associ\u00e9s","item":"https:\/\/www.heartfailurematters.org\/fr\/causes-de-linsuffisance-cardiaque-et-autres-problemes-medicaux-courants\/"},{"@type":"ListItem","position":3,"name":"Traitement anticanc\u00e9reux et insuffisance cardiaque"}]},{"@type":"WebSite","@id":"https:\/\/www.heartfailurematters.org\/fr\/#website","url":"https:\/\/www.heartfailurematters.org\/fr\/","name":"Heart Failure Matters","description":"Practical information for patients, families and caregivers.","publisher":{"@id":"https:\/\/www.heartfailurematters.org\/fr\/#organization"},"potentialAction":[{"@type":"SearchAction","target":{"@type":"EntryPoint","urlTemplate":"https:\/\/www.heartfailurematters.org\/fr\/?s={search_term_string}"},"query-input":{"@type":"PropertyValueSpecification","valueRequired":true,"valueName":"search_term_string"}}],"inLanguage":"fr-FR"},{"@type":"Organization","@id":"https:\/\/www.heartfailurematters.org\/fr\/#organization","name":"Heart Failure Matters","url":"https:\/\/www.heartfailurematters.org\/fr\/","logo":{"@type":"ImageObject","inLanguage":"fr-FR","@id":"https:\/\/www.heartfailurematters.org\/fr\/#\/schema\/logo\/image\/","url":"https:\/\/cdn-endpoint-hfm.azureedge.net\/heartfailurematters\/2024\/07\/hfm-logo1.jpg","contentUrl":"https:\/\/cdn-endpoint-hfm.azureedge.net\/heartfailurematters\/2024\/07\/hfm-logo1.jpg","width":1280,"height":720,"caption":"Heart Failure Matters"},"image":{"@id":"https:\/\/www.heartfailurematters.org\/fr\/#\/schema\/logo\/image\/"},"sameAs":["https:\/\/www.facebook.com\/heartfailurematters"]}]}},"_links":{"self":[{"href":"https:\/\/www.heartfailurematters.org\/fr\/wp-json\/wp\/v2\/pages\/402","targetHints":{"allow":["GET"]}}],"collection":[{"href":"https:\/\/www.heartfailurematters.org\/fr\/wp-json\/wp\/v2\/pages"}],"about":[{"href":"https:\/\/www.heartfailurematters.org\/fr\/wp-json\/wp\/v2\/types\/page"}],"author":[{"embeddable":true,"href":"https:\/\/www.heartfailurematters.org\/fr\/wp-json\/wp\/v2\/users\/1"}],"replies":[{"embeddable":true,"href":"https:\/\/www.heartfailurematters.org\/fr\/wp-json\/wp\/v2\/comments?post=402"}],"version-history":[{"count":0,"href":"https:\/\/www.heartfailurematters.org\/fr\/wp-json\/wp\/v2\/pages\/402\/revisions"}],"up":[{"embeddable":true,"href":"https:\/\/www.heartfailurematters.org\/fr\/wp-json\/wp\/v2\/pages\/8045"}],"wp:featuredmedia":[{"embeddable":true,"href":"https:\/\/www.heartfailurematters.org\/fr\/wp-json\/wp\/v2\/media\/10777"}],"wp:attachment":[{"href":"https:\/\/www.heartfailurematters.org\/fr\/wp-json\/wp\/v2\/media?parent=402"}],"wp:term":[{"taxonomy":"category","embeddable":true,"href":"https:\/\/www.heartfailurematters.org\/fr\/wp-json\/wp\/v2\/categories?post=402"},{"taxonomy":"post_tag","embeddable":true,"href":"https:\/\/www.heartfailurematters.org\/fr\/wp-json\/wp\/v2\/tags?post=402"}],"curies":[{"name":"wp","href":"https:\/\/api.w.org\/{rel}","templated":true}]}}