{"id":397,"date":"2021-01-27T21:35:56","date_gmt":"2021-01-27T21:35:56","guid":{"rendered":"http:\/\/heartfailurematters.local:8888\/relations-sexuelles-et-insuffisance-cardiaque\/"},"modified":"2022-01-14T17:13:25","modified_gmt":"2022-01-14T17:13:25","slug":"relations-sexuelles-et-insuffisance-cardiaque","status":"publish","type":"page","link":"https:\/\/www.heartfailurematters.org\/fr\/ce-que-vous-pouvez-faire\/relations-sexuelles-et-insuffisance-cardiaque\/","title":{"rendered":"Relations sexuelles et insuffisance cardiaque"},"content":{"rendered":"<p>De nombreuses personnes atteintes d\u2019insuffisance cardiaque ne sont pas s\u00fbres de pouvoir avoir une activit\u00e9 sexuelle \u00e0 cause de leur probl\u00e8me de sant\u00e9 et peuvent se sentir g\u00ean\u00e9es de soulever la question aupr\u00e8s de leur m\u00e9decin ou de leur infirmier\/\u00e8re. La bonne nouvelle est que la plupart des personnes atteintes d\u2019insuffisance cardiaque peuvent continuer \u00e0 avoir des rapports sexuels une fois que leurs sympt\u00f4mes sont sous contr\u00f4le.<\/p>\n<p>Comme pour toute autre activit\u00e9, vous ne devez pas avoir de relations sexuelles si vous vous sentez malade, si vous \u00eates essouffl\u00e9 ou si vous avez des douleurs dans la poitrine. Les recommandations suivantes peuvent vous aider \u00e0 vous sentir plus \u00e0 l\u2019aise et en confiance\u00a0:<\/p>\n<ul>\n<li>Pour avoir une relation sexuelle, choisissez un moment o\u00f9 vous \u00eates repos\u00e9, d\u00e9tendu et n\u2019\u00eates pas sous pression<\/li>\n<li>\u00c9vitez d\u2019avoir un rapport sexuel juste apr\u00e8s un repas copieux ou apr\u00e8s avoir bu une quantit\u00e9 excessive d&rsquo;alcool (attendez environ une heure)<\/li>\n<li>Pratiquez l\u2019activit\u00e9 sexuelle dans une pi\u00e8ce confortable, famili\u00e8re, qui n&rsquo;est pas trop chaude ni trop froide et o\u00f9 vous ne serez pas interrompu<\/li>\n<li>Utilisez les pr\u00e9liminaires comme une p\u00e9riode d&rsquo;\u00e9chauffement pour aider votre corps \u00e0 s\u2019habituer au niveau d&rsquo;activit\u00e9 accru d\u2019une relation sexuelle<\/li>\n<li>Choisissez les positions les moins fatigantes, en vous allongeant par exemple sur le dos ou c\u00f4te \u00e0 c\u00f4te avec votre partenaire. Si, \u00e0 un moment quelconque, vous commencez \u00e0 ressentir une g\u00eane, un essoufflement ou de la fatigue pendant un rapport, arr\u00eatez-vous et reposez-vous pendant un court instant.<\/li>\n<\/ul>\n<p>Il est \u00e9galement important de ne pas oublier que vous pouvez ne pas avoir envie d&rsquo;avoir un rapport sexuel apr\u00e8s un diagnostic d\u2019insuffisance cardiaque. Les sentiments comme le stress, l&rsquo;inqui\u00e9tude et la d\u00e9pression sont naturels apr\u00e8s un diagnostic de cette nature et peuvent souvent provoquer une perte d&rsquo;int\u00e9r\u00eat pour l\u2019activit\u00e9 sexuelle. Si tel est le cas, vous pourriez trouver d&rsquo;autres fa\u00e7ons d&rsquo;\u00eatre physiquement proche et intime avec votre partenaire. Prenez par exemple le temps de vous serrer dans les bras, de vous embrasser ou de vous caresser. Cela peut aussi \u00eatre rassurant pour votre partenaire.<\/p>\n<p>Tenez aussi compte du fait que les personnes atteintes d\u2019insuffisance cardiaque ont fr\u00e9quemment des probl\u00e8mes physiques li\u00e9s \u00e0 l\u2019activit\u00e9 sexuelle, tels que le <a class=\"addtooltip\" title=\"Terme utilis\u00e9 pour d\u00e9crire l\u2019incapacit\u00e9 d\u2019un homme \u00e0 avoir ou \u00e0 conserver une \u00e9rection suffisante pour avoir un rapport sexuel.\"><strong title=\"\">dysfonctionnement \u00e9rectile<\/strong><\/a> (impuissance), des probl\u00e8mes d\u2019\u00e9jaculation ou une incapacit\u00e9 \u00e0 avoir un orgasme. Dans de rares cas, certains des m\u00e9dicaments prescrits contre l\u2019insuffisance cardiaque peuvent aussi provoquer ce type de probl\u00e8me. Ne soyez pas timide. La plupart des personnes atteintes d\u2019insuffisance cardiaque peuvent avoir une vie sexuelle \u00e9panouie. Demandez conseil \u00e0 votre m\u00e9decin ou votre infirmier\/\u00e8re si vous avez une pr\u00e9occupation quelconque \u00e0 ce sujet. Il existe des traitements m\u00e9dicaux tr\u00e8s efficaces que la plupart des personnes atteintes d\u2019insuffisance cardiaque peuvent utiliser, si n\u00e9cessaire. Parlez-en \u00e0 votre m\u00e9decin ou votre infirmier\/\u00e8re.<\/p>\n<p>Prenez le temps dont vous avez besoin pour accepter votre nouvelle situation. Votre int\u00e9r\u00eat pour l\u2019activit\u00e9 sexuelle peut tr\u00e8s bien revenir apr\u00e8s que vous aurez commenc\u00e9 \u00e0 vous occuper de votre sant\u00e9 et \u00e0 apporter les ajustements appropri\u00e9s \u00e0 votre mode de vie.<\/p>\n<p><a href=\"https:\/\/www.heartfailurematters.org\/fr\/vivre-avec-une-insuffisance-cardiaque\/relationnel\/\">Retourner \u00e0 la rubrique \u00ab\u00a0Relationnel\u00a0\u00bb<\/a><\/p>\n","protected":false},"excerpt":{"rendered":"<p>De nombreuses personnes atteintes d\u2019insuffisance cardiaque ne sont pas s\u00fbres de pouvoir avoir une activit\u00e9 sexuelle \u00e0 cause de leur probl\u00e8me de sant\u00e9 et peuvent se sentir g\u00ean\u00e9es de soulever la question aupr\u00e8s de leur m\u00e9decin ou de leur infirmier\/\u00e8re. La bonne nouvelle est que la plupart des personnes atteintes d\u2019insuffisance cardiaque peuvent continuer \u00e0 [&hellip;]<\/p>\n","protected":false},"author":1,"featured_media":11063,"parent":2715,"menu_order":0,"comment_status":"open","ping_status":"open","template":"","meta":{"_acf_changed":false,"footnotes":""},"categories":[],"tags":[],"class_list":["post-397","page","type-page","status-publish","has-post-thumbnail","hentry"],"acf":[],"yoast_head":"<!-- This site is optimized with the Yoast SEO plugin v24.8.1 - https:\/\/yoast.com\/wordpress\/plugins\/seo\/ -->\n<title>Relations sexuelles et insuffisance cardiaque - Heart Failure Matters<\/title>\n<meta name=\"description\" content=\"De nombreuses personnes souffrant d&#039;insuffisance cardiaque ne savent pas si elles peuvent avoir des relations sexuelles en raison de leur pathologie et peuvent se sentir g\u00ean\u00e9es d&#039;aborder ce sujet avec leur m\u00e9decin ou leur infirmier\/\u00e8re.\" \/>\n<meta name=\"robots\" content=\"index, follow, max-snippet:-1, max-image-preview:large, max-video-preview:-1\" \/>\n<link rel=\"canonical\" href=\"https:\/\/www.heartfailurematters.org\/fr\/ce-que-vous-pouvez-faire\/relations-sexuelles-et-insuffisance-cardiaque\/\" \/>\n<meta property=\"og:locale\" content=\"fr_FR\" \/>\n<meta property=\"og:type\" content=\"article\" \/>\n<meta property=\"og:title\" content=\"Relations sexuelles et insuffisance cardiaque - Heart Failure Matters\" \/>\n<meta property=\"og:description\" content=\"De nombreuses personnes souffrant d&#039;insuffisance cardiaque ne savent pas si elles peuvent avoir des relations sexuelles en raison de leur pathologie et peuvent se sentir g\u00ean\u00e9es d&#039;aborder ce sujet avec leur m\u00e9decin ou leur infirmier\/\u00e8re.\" \/>\n<meta property=\"og:url\" content=\"https:\/\/www.heartfailurematters.org\/fr\/ce-que-vous-pouvez-faire\/relations-sexuelles-et-insuffisance-cardiaque\/\" \/>\n<meta property=\"og:site_name\" content=\"Heart Failure Matters\" \/>\n<meta property=\"article:publisher\" content=\"https:\/\/www.facebook.com\/heartfailurematters\" \/>\n<meta property=\"article:modified_time\" content=\"2022-01-14T17:13:25+00:00\" \/>\n<meta property=\"og:image\" content=\"https:\/\/www.heartfailurematters.org\/wp-content\/uploads\/2022\/03\/shutterstock_1685261713-1-min.jpg\" \/>\n\t<meta property=\"og:image:width\" content=\"900\" \/>\n\t<meta property=\"og:image:height\" content=\"600\" \/>\n\t<meta property=\"og:image:type\" content=\"image\/jpeg\" \/>\n<meta name=\"twitter:card\" content=\"summary_large_image\" \/>\n<meta name=\"twitter:label1\" content=\"Dur\u00e9e de lecture estim\u00e9e\" \/>\n\t<meta name=\"twitter:data1\" content=\"3 minutes\" \/>\n<script type=\"application\/ld+json\" class=\"yoast-schema-graph\">{\"@context\":\"https:\/\/schema.org\",\"@graph\":[{\"@type\":\"WebPage\",\"@id\":\"https:\/\/www.heartfailurematters.org\/fr\/ce-que-vous-pouvez-faire\/relations-sexuelles-et-insuffisance-cardiaque\/\",\"url\":\"https:\/\/www.heartfailurematters.org\/fr\/ce-que-vous-pouvez-faire\/relations-sexuelles-et-insuffisance-cardiaque\/\",\"name\":\"Relations sexuelles et insuffisance cardiaque - Heart Failure Matters\",\"isPartOf\":{\"@id\":\"https:\/\/www.heartfailurematters.org\/fr\/#website\"},\"primaryImageOfPage\":{\"@id\":\"https:\/\/www.heartfailurematters.org\/fr\/ce-que-vous-pouvez-faire\/relations-sexuelles-et-insuffisance-cardiaque\/#primaryimage\"},\"image\":{\"@id\":\"https:\/\/www.heartfailurematters.org\/fr\/ce-que-vous-pouvez-faire\/relations-sexuelles-et-insuffisance-cardiaque\/#primaryimage\"},\"thumbnailUrl\":\"https:\/\/www.heartfailurematters.org\/wp-content\/uploads\/2022\/03\/shutterstock_1685261713-1-min.jpg\",\"datePublished\":\"2021-01-27T21:35:56+00:00\",\"dateModified\":\"2022-01-14T17:13:25+00:00\",\"description\":\"De nombreuses personnes souffrant d'insuffisance cardiaque ne savent pas si elles peuvent avoir des relations sexuelles en raison de leur pathologie et peuvent se sentir g\u00ean\u00e9es d'aborder ce sujet avec leur m\u00e9decin ou leur infirmier\/\u00e8re.\",\"breadcrumb\":{\"@id\":\"https:\/\/www.heartfailurematters.org\/fr\/ce-que-vous-pouvez-faire\/relations-sexuelles-et-insuffisance-cardiaque\/#breadcrumb\"},\"inLanguage\":\"fr-FR\",\"potentialAction\":[{\"@type\":\"ReadAction\",\"target\":[\"https:\/\/www.heartfailurematters.org\/fr\/ce-que-vous-pouvez-faire\/relations-sexuelles-et-insuffisance-cardiaque\/\"]}]},{\"@type\":\"ImageObject\",\"inLanguage\":\"fr-FR\",\"@id\":\"https:\/\/www.heartfailurematters.org\/fr\/ce-que-vous-pouvez-faire\/relations-sexuelles-et-insuffisance-cardiaque\/#primaryimage\",\"url\":\"https:\/\/www.heartfailurematters.org\/wp-content\/uploads\/2022\/03\/shutterstock_1685261713-1-min.jpg\",\"contentUrl\":\"https:\/\/www.heartfailurematters.org\/wp-content\/uploads\/2022\/03\/shutterstock_1685261713-1-min.jpg\",\"width\":900,\"height\":600},{\"@type\":\"BreadcrumbList\",\"@id\":\"https:\/\/www.heartfailurematters.org\/fr\/ce-que-vous-pouvez-faire\/relations-sexuelles-et-insuffisance-cardiaque\/#breadcrumb\",\"itemListElement\":[{\"@type\":\"ListItem\",\"position\":1,\"name\":\"Accueil\",\"item\":\"https:\/\/www.heartfailurematters.org\/fr\/\"},{\"@type\":\"ListItem\",\"position\":2,\"name\":\"Ce que vous pouvez faire\",\"item\":\"https:\/\/www.heartfailurematters.org\/fr\/ce-que-vous-pouvez-faire\/\"},{\"@type\":\"ListItem\",\"position\":3,\"name\":\"Relations sexuelles et insuffisance cardiaque\"}]},{\"@type\":\"WebSite\",\"@id\":\"https:\/\/www.heartfailurematters.org\/fr\/#website\",\"url\":\"https:\/\/www.heartfailurematters.org\/fr\/\",\"name\":\"Heart Failure Matters\",\"description\":\"Practical information for patients, families and caregivers.\",\"publisher\":{\"@id\":\"https:\/\/www.heartfailurematters.org\/fr\/#organization\"},\"potentialAction\":[{\"@type\":\"SearchAction\",\"target\":{\"@type\":\"EntryPoint\",\"urlTemplate\":\"https:\/\/www.heartfailurematters.org\/fr\/?s={search_term_string}\"},\"query-input\":{\"@type\":\"PropertyValueSpecification\",\"valueRequired\":true,\"valueName\":\"search_term_string\"}}],\"inLanguage\":\"fr-FR\"},{\"@type\":\"Organization\",\"@id\":\"https:\/\/www.heartfailurematters.org\/fr\/#organization\",\"name\":\"Heart Failure Matters\",\"url\":\"https:\/\/www.heartfailurematters.org\/fr\/\",\"logo\":{\"@type\":\"ImageObject\",\"inLanguage\":\"fr-FR\",\"@id\":\"https:\/\/www.heartfailurematters.org\/fr\/#\/schema\/logo\/image\/\",\"url\":\"https:\/\/cdn-endpoint-hfm.azureedge.net\/heartfailurematters\/2024\/07\/hfm-logo1.jpg\",\"contentUrl\":\"https:\/\/cdn-endpoint-hfm.azureedge.net\/heartfailurematters\/2024\/07\/hfm-logo1.jpg\",\"width\":1280,\"height\":720,\"caption\":\"Heart Failure Matters\"},\"image\":{\"@id\":\"https:\/\/www.heartfailurematters.org\/fr\/#\/schema\/logo\/image\/\"},\"sameAs\":[\"https:\/\/www.facebook.com\/heartfailurematters\"]}]}<\/script>\n<!-- \/ Yoast SEO plugin. -->","yoast_head_json":{"title":"Relations sexuelles et insuffisance cardiaque - Heart Failure Matters","description":"De nombreuses personnes souffrant d'insuffisance cardiaque ne savent pas si elles peuvent avoir des relations sexuelles en raison de leur pathologie et peuvent se sentir g\u00ean\u00e9es d'aborder ce sujet avec leur m\u00e9decin ou leur infirmier\/\u00e8re.","robots":{"index":"index","follow":"follow","max-snippet":"max-snippet:-1","max-image-preview":"max-image-preview:large","max-video-preview":"max-video-preview:-1"},"canonical":"https:\/\/www.heartfailurematters.org\/fr\/ce-que-vous-pouvez-faire\/relations-sexuelles-et-insuffisance-cardiaque\/","og_locale":"fr_FR","og_type":"article","og_title":"Relations sexuelles et insuffisance cardiaque - Heart Failure Matters","og_description":"De nombreuses personnes souffrant d'insuffisance cardiaque ne savent pas si elles peuvent avoir des relations sexuelles en raison de leur pathologie et peuvent se sentir g\u00ean\u00e9es d'aborder ce sujet avec leur m\u00e9decin ou leur infirmier\/\u00e8re.","og_url":"https:\/\/www.heartfailurematters.org\/fr\/ce-que-vous-pouvez-faire\/relations-sexuelles-et-insuffisance-cardiaque\/","og_site_name":"Heart Failure Matters","article_publisher":"https:\/\/www.facebook.com\/heartfailurematters","article_modified_time":"2022-01-14T17:13:25+00:00","og_image":[{"width":900,"height":600,"url":"https:\/\/www.heartfailurematters.org\/wp-content\/uploads\/2022\/03\/shutterstock_1685261713-1-min.jpg","type":"image\/jpeg"}],"twitter_card":"summary_large_image","twitter_misc":{"Dur\u00e9e de lecture estim\u00e9e":"3 minutes"},"schema":{"@context":"https:\/\/schema.org","@graph":[{"@type":"WebPage","@id":"https:\/\/www.heartfailurematters.org\/fr\/ce-que-vous-pouvez-faire\/relations-sexuelles-et-insuffisance-cardiaque\/","url":"https:\/\/www.heartfailurematters.org\/fr\/ce-que-vous-pouvez-faire\/relations-sexuelles-et-insuffisance-cardiaque\/","name":"Relations sexuelles et insuffisance cardiaque - Heart Failure Matters","isPartOf":{"@id":"https:\/\/www.heartfailurematters.org\/fr\/#website"},"primaryImageOfPage":{"@id":"https:\/\/www.heartfailurematters.org\/fr\/ce-que-vous-pouvez-faire\/relations-sexuelles-et-insuffisance-cardiaque\/#primaryimage"},"image":{"@id":"https:\/\/www.heartfailurematters.org\/fr\/ce-que-vous-pouvez-faire\/relations-sexuelles-et-insuffisance-cardiaque\/#primaryimage"},"thumbnailUrl":"https:\/\/www.heartfailurematters.org\/wp-content\/uploads\/2022\/03\/shutterstock_1685261713-1-min.jpg","datePublished":"2021-01-27T21:35:56+00:00","dateModified":"2022-01-14T17:13:25+00:00","description":"De nombreuses personnes souffrant d'insuffisance cardiaque ne savent pas si elles peuvent avoir des relations sexuelles en raison de leur pathologie et peuvent se sentir g\u00ean\u00e9es d'aborder ce sujet avec leur m\u00e9decin ou leur infirmier\/\u00e8re.","breadcrumb":{"@id":"https:\/\/www.heartfailurematters.org\/fr\/ce-que-vous-pouvez-faire\/relations-sexuelles-et-insuffisance-cardiaque\/#breadcrumb"},"inLanguage":"fr-FR","potentialAction":[{"@type":"ReadAction","target":["https:\/\/www.heartfailurematters.org\/fr\/ce-que-vous-pouvez-faire\/relations-sexuelles-et-insuffisance-cardiaque\/"]}]},{"@type":"ImageObject","inLanguage":"fr-FR","@id":"https:\/\/www.heartfailurematters.org\/fr\/ce-que-vous-pouvez-faire\/relations-sexuelles-et-insuffisance-cardiaque\/#primaryimage","url":"https:\/\/www.heartfailurematters.org\/wp-content\/uploads\/2022\/03\/shutterstock_1685261713-1-min.jpg","contentUrl":"https:\/\/www.heartfailurematters.org\/wp-content\/uploads\/2022\/03\/shutterstock_1685261713-1-min.jpg","width":900,"height":600},{"@type":"BreadcrumbList","@id":"https:\/\/www.heartfailurematters.org\/fr\/ce-que-vous-pouvez-faire\/relations-sexuelles-et-insuffisance-cardiaque\/#breadcrumb","itemListElement":[{"@type":"ListItem","position":1,"name":"Accueil","item":"https:\/\/www.heartfailurematters.org\/fr\/"},{"@type":"ListItem","position":2,"name":"Ce que vous pouvez faire","item":"https:\/\/www.heartfailurematters.org\/fr\/ce-que-vous-pouvez-faire\/"},{"@type":"ListItem","position":3,"name":"Relations sexuelles et insuffisance cardiaque"}]},{"@type":"WebSite","@id":"https:\/\/www.heartfailurematters.org\/fr\/#website","url":"https:\/\/www.heartfailurematters.org\/fr\/","name":"Heart Failure Matters","description":"Practical information for patients, families and caregivers.","publisher":{"@id":"https:\/\/www.heartfailurematters.org\/fr\/#organization"},"potentialAction":[{"@type":"SearchAction","target":{"@type":"EntryPoint","urlTemplate":"https:\/\/www.heartfailurematters.org\/fr\/?s={search_term_string}"},"query-input":{"@type":"PropertyValueSpecification","valueRequired":true,"valueName":"search_term_string"}}],"inLanguage":"fr-FR"},{"@type":"Organization","@id":"https:\/\/www.heartfailurematters.org\/fr\/#organization","name":"Heart Failure Matters","url":"https:\/\/www.heartfailurematters.org\/fr\/","logo":{"@type":"ImageObject","inLanguage":"fr-FR","@id":"https:\/\/www.heartfailurematters.org\/fr\/#\/schema\/logo\/image\/","url":"https:\/\/cdn-endpoint-hfm.azureedge.net\/heartfailurematters\/2024\/07\/hfm-logo1.jpg","contentUrl":"https:\/\/cdn-endpoint-hfm.azureedge.net\/heartfailurematters\/2024\/07\/hfm-logo1.jpg","width":1280,"height":720,"caption":"Heart Failure Matters"},"image":{"@id":"https:\/\/www.heartfailurematters.org\/fr\/#\/schema\/logo\/image\/"},"sameAs":["https:\/\/www.facebook.com\/heartfailurematters"]}]}},"_links":{"self":[{"href":"https:\/\/www.heartfailurematters.org\/fr\/wp-json\/wp\/v2\/pages\/397","targetHints":{"allow":["GET"]}}],"collection":[{"href":"https:\/\/www.heartfailurematters.org\/fr\/wp-json\/wp\/v2\/pages"}],"about":[{"href":"https:\/\/www.heartfailurematters.org\/fr\/wp-json\/wp\/v2\/types\/page"}],"author":[{"embeddable":true,"href":"https:\/\/www.heartfailurematters.org\/fr\/wp-json\/wp\/v2\/users\/1"}],"replies":[{"embeddable":true,"href":"https:\/\/www.heartfailurematters.org\/fr\/wp-json\/wp\/v2\/comments?post=397"}],"version-history":[{"count":4,"href":"https:\/\/www.heartfailurematters.org\/fr\/wp-json\/wp\/v2\/pages\/397\/revisions"}],"predecessor-version":[{"id":10181,"href":"https:\/\/www.heartfailurematters.org\/fr\/wp-json\/wp\/v2\/pages\/397\/revisions\/10181"}],"up":[{"embeddable":true,"href":"https:\/\/www.heartfailurematters.org\/fr\/wp-json\/wp\/v2\/pages\/2715"}],"wp:featuredmedia":[{"embeddable":true,"href":"https:\/\/www.heartfailurematters.org\/fr\/wp-json\/wp\/v2\/media\/11063"}],"wp:attachment":[{"href":"https:\/\/www.heartfailurematters.org\/fr\/wp-json\/wp\/v2\/media?parent=397"}],"wp:term":[{"taxonomy":"category","embeddable":true,"href":"https:\/\/www.heartfailurematters.org\/fr\/wp-json\/wp\/v2\/categories?post=397"},{"taxonomy":"post_tag","embeddable":true,"href":"https:\/\/www.heartfailurematters.org\/fr\/wp-json\/wp\/v2\/tags?post=397"}],"curies":[{"name":"wp","href":"https:\/\/api.w.org\/{rel}","templated":true}]}}