{"id":394,"date":"2021-01-27T21:35:56","date_gmt":"2021-01-27T21:35:56","guid":{"rendered":"http:\/\/heartfailurematters.local:8888\/antagonistes-des-recepteurs-de-langiotensine-ii-ara-ii\/"},"modified":"2022-01-14T17:24:45","modified_gmt":"2022-01-14T17:24:45","slug":"antagonistes-des-recepteurs-de-langiotensine-ii-ara-ii","status":"publish","type":"page","link":"https:\/\/www.heartfailurematters.org\/fr\/ce-que-votre-medecin-ou-votre-infirmier-ere-peut-faire\/antagonistes-des-recepteurs-de-langiotensine-ii-ara-ii\/","title":{"rendered":"Antagonistes des r\u00e9cepteurs de l\u2019angiotensine II (ARA II)"},"content":{"rendered":"<h2>Leur action<\/h2>\n<p>Les <a class=\"addtooltip\" title=\"Classe de m\u00e9dicaments qui bloquent les effets de l'angiotensine II et diminuent votre tension art\u00e9rielle.\"><strong>Antagonistes des r\u00e9cepteurs de l\u2019angiotensine II (ARA II)<\/strong><\/a>\u00a0bloquent les effets de <a class=\"addtooltip\" title=\"Hormone produite naturellement par vos reins qui provoque la constriction de vos vaisseaux sanguins, r\u00e9duit la production d'urine et augmente votre tension art\u00e9rielle.\"><strong>l\u2019angiotensine II,<\/strong><\/a>\u00a0une <a class=\"addtooltip \" title=\"Substances lib\u00e9r\u00e9es dans le sang par diverses glandes du corps, qui contr\u00f4lent des fonctions essentielles.\"><strong>hormone<\/strong><\/a>\u00a0naturellement produite par vos reins. En bloquant les effets de l\u2019angiotensine II, les ARA II entra\u00eenent un rel\u00e2chement des vaisseaux sanguins, ce qui diminue la pression art\u00e9rielle. Votre c\u0153ur fait alors moins d\u2019efforts pour envoyer le sang dans tout votre corps.<\/p>\n<p>Les ARA II ont des effets presque identiques \u00e0 ceux des inhibiteurs de l\u2019ECA. Ces m\u00e9dicaments \u00e9tant g\u00e9n\u00e9ralement plus chers que les inhibiteurs de l\u2019ECA, ils sont souvent r\u00e9serv\u00e9s aux patients qui ne tol\u00e8rent pas les <a class=\"addtooltip\" title=\"Classe de m\u00e9dicaments qui inhibent la production d'angiotensine II et diminuent votre tension art\u00e9rielle. \"><strong>inhibiteurs de l\u2019ECA<\/strong><\/a>.<\/p>\n<h2>Quels sont les b\u00e9n\u00e9fices escompt\u00e9s\u00a0?<\/h2>\n<p>Les ARA II ont prouv\u00e9 leur capacit\u00e9 \u00e0 r\u00e9duire le nombre d\u2019hospitalisations pour insuffisance cardiaque, \u00e0 prolonger l\u2019esp\u00e9rance de vie, \u00e0 renforcer la tol\u00e9rance \u00e0 l\u2019exercice physique et \u00e0 am\u00e9liorer la qualit\u00e9 de vie.<\/p>\n<h2>Effets secondaires<\/h2>\n<p>Les effets secondaires sont extr\u00eamement rares. Contrairement aux inhibiteurs de l\u2019ECA, les ARA II n\u2019entra\u00eenent pas de toux s\u00e8che. En dehors de cette diff\u00e9rence, les effets secondaires des ARA II sont les m\u00eames que ceux des inhibiteurs de l&rsquo;ECA. Ceux-ci incluent\u00a0des <a href=\"https:\/\/www.heartfailurematters.org\/fr\/comprendre-linsuffisance-cardiaque\/vertiges\/\">vertiges<\/a>, qui sont un effet fr\u00e9quent de tous les m\u00e9dicaments qui diminuent la pression art\u00e9rielle. Cependant, votre c\u0153ur peut fonctionner plus efficacement quand la pression art\u00e9rielle est moins \u00e9lev\u00e9e. Votre pression art\u00e9rielle sera contr\u00f4l\u00e9e r\u00e9guli\u00e8rement.<\/p>\n<p>Comme les inhibiteurs de l\u2019ECA, les ARA II peuvent alt\u00e9rer la fonction r\u00e9nale et augmenter le taux de <a class=\"addtooltip\" title=\"Min\u00e9ral essentiel, n\u00e9cessaire au fonctionnement normal des cellules. Les diur\u00e9tiques peuvent entra\u00eener une perte de potassium.\"><strong>potassium<\/strong><\/a> Votre m\u00e9decin contr\u00f4lera ces taux r\u00e9guli\u00e8rement.<\/p>\n<h2>Conseils essentiels<\/h2>\n<p>Votre m\u00e9decin peut vous conseiller de prendre la premi\u00e8re dose de votre ARA II avant d&rsquo;aller vous coucher pour pr\u00e9venir la survenue de vertiges. Les vertiges sont fr\u00e9quents avec tout m\u00e9dicament qui diminue la pression art\u00e9rielle, mais votre c\u0153ur peut fonctionner plus efficacement quand la pression art\u00e9rielle est moins \u00e9lev\u00e9e.<\/p>\n<p>Si vous avez des vertiges le matin, essayez de bouger vos pieds d\u2019avant en arri\u00e8re environ dix fois avant de vous lever. Sinon, vous pouvez glisser les jambes vers le bord du lit avant de vous assoir, puis rester assis sur le bord du lit pendant une minute avant de vous mettre debout. \u00c9vitez de passer rapidement d\u2019une position assise ou pench\u00e9e en avant \u00e0 une position debout, car ceci peut entra\u00eener des vertiges.\u00a0 Prenez votre temps et laissez votre corps s&rsquo;adapter.<\/p>\n<h2>\u00c9galement connus sous les noms suivants\u00a0:<\/h2>\n<ul>\n<li><strong>Candesartan<\/strong><br \/>\n(Amias\u00ae, Atacand\u00ae)<\/li>\n<li><strong>Eprosartan<\/strong><br \/>\n(Teveten\u00ae)<\/li>\n<li><strong>Irbesartan<br \/>\n<\/strong>(Avapro\u00ae, Aprovel\u00ae, Avalide\u00ae)<\/li>\n<li><strong>Losartan<br \/>\n<\/strong>(Cozaar\u00ae)<\/li>\n<li><strong>Olmesartan<br \/>\n<\/strong>(Olmetec\u00ae, Benicar\u00ae)<\/li>\n<li><strong>Telmisartan<br \/>\n<\/strong>(Micardis\u00ae)<\/li>\n<li><strong>Valsartan<\/strong><br \/>\n(Diovan\u00ae)<\/li>\n<li><strong>Combination products<br \/>\n<\/strong>(Co Aprovel\u00ae, Cozaar-Comp\u00ae, Olmetec Plus\u00ae, Micardis Plus\u00ae, Co-Diovan\u00ae)<\/li>\n<\/ul>\n<table border=\"1\" width=\"100%\" cellspacing=\"0\" cellpadding=\"0\">\n<tbody>\n<tr>\n<td style=\"width: 25%;\">\n<h2>Animation<\/h2>\n<\/td>\n<td style=\"width: 75%; vertical-align: middle; text-align: left;\"><\/td>\n<\/tr>\n<tr>\n<td style=\"width: 25%;\"><a class=\"lightview\" href=\"https:\/\/www.youtube.com\/embed\/Hs9DOxbYfno?hl=en_UK&amp;autoplay=1;&amp;version=3&amp;rel=0&amp;showinfo=0\" data-lightview-caption=\"The animation above shows how ACE (Angiotensin converting enzyme) inhibitors can help you by causing your blood vessels to relax and thus lower your blood pressure. This means your heart doesn't have to work so hard to squeeze your blood around your body.\" data-lightview-title=\"How ACE inhibitors work in heart failure\" data-lightview-options=\"width: 535, height: 400\" data-lightview-type=\"iframe\" data-lightview-group=\"journey\"><img decoding=\"async\" class=\"alignnone size-full wp-image-5074\" src=\"https:\/\/cdn-endpoint-hfm.azureedge.net\/heartfailurematters\/2021\/02\/07-animation.jpg\" alt=\"\" width=\"180\" height=\"130\" \/><\/a><\/td>\n<td style=\"width: 75%; vertical-align: middle; text-align: left;\">Animation expliquant le fonctionnement des inhibiteurs des r\u00e9cepteurs de l\u2019angiotensine en cas d\u2019insuffisance cardiaque<\/td>\n<\/tr>\n<\/tbody>\n<\/table>\n<p><a href=\"https:\/\/www.heartfailurematters.org\/fr\/ce-que-votre-medecin-ou-votre-infirmier-ere-peut-faire\/medicaments-contre-linsuffisance-cardiaque\/\">Retourner \u00e0 la rubrique \u00ab\u00a0Les m\u00e9dicaments contre l\u2019insuffisance cardiaque\u00a0\u00bb<\/a><\/p>\n<p>&nbsp;<\/p>\n","protected":false},"excerpt":{"rendered":"<p>Leur action Les Antagonistes des r\u00e9cepteurs de l\u2019angiotensine II (ARA II)\u00a0bloquent les effets de l\u2019angiotensine II,\u00a0une hormone\u00a0naturellement produite par vos reins. En bloquant les effets de l\u2019angiotensine II, les ARA II entra\u00eenent un rel\u00e2chement des vaisseaux sanguins, ce qui diminue la pression art\u00e9rielle. Votre c\u0153ur fait alors moins d\u2019efforts pour envoyer le sang dans tout [&hellip;]<\/p>\n","protected":false},"author":1,"featured_media":10868,"parent":2679,"menu_order":0,"comment_status":"open","ping_status":"open","template":"","meta":{"_acf_changed":false,"footnotes":""},"categories":[],"tags":[],"class_list":["post-394","page","type-page","status-publish","has-post-thumbnail","hentry"],"acf":[],"yoast_head":"<!-- This site is optimized with the Yoast SEO plugin v24.8.1 - https:\/\/yoast.com\/wordpress\/plugins\/seo\/ -->\n<title>Antagonistes des r\u00e9cepteurs de l\u2019angiotensine II (ARA II) - Heart Failure Matters<\/title>\n<meta name=\"description\" content=\"Les antagonistes des r\u00e9cepteurs de l&#039;angiotensine II (ARA) bloquent l&#039;action de l&#039;angiotensine II, une hormone naturellement produite par vos reins.\" \/>\n<meta name=\"robots\" content=\"index, follow, max-snippet:-1, max-image-preview:large, max-video-preview:-1\" \/>\n<link rel=\"canonical\" href=\"https:\/\/www.heartfailurematters.org\/fr\/ce-que-votre-medecin-ou-votre-infirmier-ere-peut-faire\/antagonistes-des-recepteurs-de-langiotensine-ii-ara-ii\/\" \/>\n<meta property=\"og:locale\" content=\"fr_FR\" \/>\n<meta property=\"og:type\" content=\"article\" \/>\n<meta property=\"og:title\" content=\"Antagonistes des r\u00e9cepteurs de l\u2019angiotensine II (ARA II) - Heart Failure Matters\" \/>\n<meta property=\"og:description\" content=\"Les antagonistes des r\u00e9cepteurs de l&#039;angiotensine II (ARA) bloquent l&#039;action de l&#039;angiotensine II, une hormone naturellement produite par vos reins.\" \/>\n<meta property=\"og:url\" content=\"https:\/\/www.heartfailurematters.org\/fr\/ce-que-votre-medecin-ou-votre-infirmier-ere-peut-faire\/antagonistes-des-recepteurs-de-langiotensine-ii-ara-ii\/\" \/>\n<meta property=\"og:site_name\" content=\"Heart Failure Matters\" \/>\n<meta property=\"article:publisher\" content=\"https:\/\/www.facebook.com\/heartfailurematters\" \/>\n<meta property=\"article:modified_time\" content=\"2022-01-14T17:24:45+00:00\" \/>\n<meta property=\"og:image\" content=\"https:\/\/www.heartfailurematters.org\/wp-content\/uploads\/2022\/03\/shutterstock_441673426-1-min.jpg\" \/>\n\t<meta property=\"og:image:width\" content=\"900\" \/>\n\t<meta property=\"og:image:height\" content=\"596\" \/>\n\t<meta property=\"og:image:type\" content=\"image\/jpeg\" \/>\n<meta name=\"twitter:card\" content=\"summary_large_image\" \/>\n<meta name=\"twitter:label1\" content=\"Dur\u00e9e de lecture estim\u00e9e\" \/>\n\t<meta name=\"twitter:data1\" content=\"3 minutes\" \/>\n<script type=\"application\/ld+json\" class=\"yoast-schema-graph\">{\"@context\":\"https:\/\/schema.org\",\"@graph\":[{\"@type\":\"WebPage\",\"@id\":\"https:\/\/www.heartfailurematters.org\/fr\/ce-que-votre-medecin-ou-votre-infirmier-ere-peut-faire\/antagonistes-des-recepteurs-de-langiotensine-ii-ara-ii\/\",\"url\":\"https:\/\/www.heartfailurematters.org\/fr\/ce-que-votre-medecin-ou-votre-infirmier-ere-peut-faire\/antagonistes-des-recepteurs-de-langiotensine-ii-ara-ii\/\",\"name\":\"Antagonistes des r\u00e9cepteurs de l\u2019angiotensine II (ARA II) - Heart Failure Matters\",\"isPartOf\":{\"@id\":\"https:\/\/www.heartfailurematters.org\/fr\/#website\"},\"primaryImageOfPage\":{\"@id\":\"https:\/\/www.heartfailurematters.org\/fr\/ce-que-votre-medecin-ou-votre-infirmier-ere-peut-faire\/antagonistes-des-recepteurs-de-langiotensine-ii-ara-ii\/#primaryimage\"},\"image\":{\"@id\":\"https:\/\/www.heartfailurematters.org\/fr\/ce-que-votre-medecin-ou-votre-infirmier-ere-peut-faire\/antagonistes-des-recepteurs-de-langiotensine-ii-ara-ii\/#primaryimage\"},\"thumbnailUrl\":\"https:\/\/www.heartfailurematters.org\/wp-content\/uploads\/2022\/03\/shutterstock_441673426-1-min.jpg\",\"datePublished\":\"2021-01-27T21:35:56+00:00\",\"dateModified\":\"2022-01-14T17:24:45+00:00\",\"description\":\"Les antagonistes des r\u00e9cepteurs de l'angiotensine II (ARA) bloquent l'action de l'angiotensine II, une hormone naturellement produite par vos reins.\",\"breadcrumb\":{\"@id\":\"https:\/\/www.heartfailurematters.org\/fr\/ce-que-votre-medecin-ou-votre-infirmier-ere-peut-faire\/antagonistes-des-recepteurs-de-langiotensine-ii-ara-ii\/#breadcrumb\"},\"inLanguage\":\"fr-FR\",\"potentialAction\":[{\"@type\":\"ReadAction\",\"target\":[\"https:\/\/www.heartfailurematters.org\/fr\/ce-que-votre-medecin-ou-votre-infirmier-ere-peut-faire\/antagonistes-des-recepteurs-de-langiotensine-ii-ara-ii\/\"]}]},{\"@type\":\"ImageObject\",\"inLanguage\":\"fr-FR\",\"@id\":\"https:\/\/www.heartfailurematters.org\/fr\/ce-que-votre-medecin-ou-votre-infirmier-ere-peut-faire\/antagonistes-des-recepteurs-de-langiotensine-ii-ara-ii\/#primaryimage\",\"url\":\"https:\/\/www.heartfailurematters.org\/wp-content\/uploads\/2022\/03\/shutterstock_441673426-1-min.jpg\",\"contentUrl\":\"https:\/\/www.heartfailurematters.org\/wp-content\/uploads\/2022\/03\/shutterstock_441673426-1-min.jpg\",\"width\":900,\"height\":596},{\"@type\":\"BreadcrumbList\",\"@id\":\"https:\/\/www.heartfailurematters.org\/fr\/ce-que-votre-medecin-ou-votre-infirmier-ere-peut-faire\/antagonistes-des-recepteurs-de-langiotensine-ii-ara-ii\/#breadcrumb\",\"itemListElement\":[{\"@type\":\"ListItem\",\"position\":1,\"name\":\"Accueil\",\"item\":\"https:\/\/www.heartfailurematters.org\/fr\/\"},{\"@type\":\"ListItem\",\"position\":2,\"name\":\"Ce que votre m\u00e9decin peut faire\",\"item\":\"https:\/\/www.heartfailurematters.org\/fr\/ce-que-votre-medecin-ou-votre-infirmier-ere-peut-faire\/\"},{\"@type\":\"ListItem\",\"position\":3,\"name\":\"Antagonistes des r\u00e9cepteurs de l\u2019angiotensine II (ARA II)\"}]},{\"@type\":\"WebSite\",\"@id\":\"https:\/\/www.heartfailurematters.org\/fr\/#website\",\"url\":\"https:\/\/www.heartfailurematters.org\/fr\/\",\"name\":\"Heart Failure Matters\",\"description\":\"Practical information for patients, families and caregivers.\",\"publisher\":{\"@id\":\"https:\/\/www.heartfailurematters.org\/fr\/#organization\"},\"potentialAction\":[{\"@type\":\"SearchAction\",\"target\":{\"@type\":\"EntryPoint\",\"urlTemplate\":\"https:\/\/www.heartfailurematters.org\/fr\/?s={search_term_string}\"},\"query-input\":{\"@type\":\"PropertyValueSpecification\",\"valueRequired\":true,\"valueName\":\"search_term_string\"}}],\"inLanguage\":\"fr-FR\"},{\"@type\":\"Organization\",\"@id\":\"https:\/\/www.heartfailurematters.org\/fr\/#organization\",\"name\":\"Heart Failure Matters\",\"url\":\"https:\/\/www.heartfailurematters.org\/fr\/\",\"logo\":{\"@type\":\"ImageObject\",\"inLanguage\":\"fr-FR\",\"@id\":\"https:\/\/www.heartfailurematters.org\/fr\/#\/schema\/logo\/image\/\",\"url\":\"https:\/\/cdn-endpoint-hfm.azureedge.net\/heartfailurematters\/2024\/07\/hfm-logo1.jpg\",\"contentUrl\":\"https:\/\/cdn-endpoint-hfm.azureedge.net\/heartfailurematters\/2024\/07\/hfm-logo1.jpg\",\"width\":1280,\"height\":720,\"caption\":\"Heart Failure Matters\"},\"image\":{\"@id\":\"https:\/\/www.heartfailurematters.org\/fr\/#\/schema\/logo\/image\/\"},\"sameAs\":[\"https:\/\/www.facebook.com\/heartfailurematters\"]}]}<\/script>\n<!-- \/ Yoast SEO plugin. -->","yoast_head_json":{"title":"Antagonistes des r\u00e9cepteurs de l\u2019angiotensine II (ARA II) - Heart Failure Matters","description":"Les antagonistes des r\u00e9cepteurs de l'angiotensine II (ARA) bloquent l'action de l'angiotensine II, une hormone naturellement produite par vos reins.","robots":{"index":"index","follow":"follow","max-snippet":"max-snippet:-1","max-image-preview":"max-image-preview:large","max-video-preview":"max-video-preview:-1"},"canonical":"https:\/\/www.heartfailurematters.org\/fr\/ce-que-votre-medecin-ou-votre-infirmier-ere-peut-faire\/antagonistes-des-recepteurs-de-langiotensine-ii-ara-ii\/","og_locale":"fr_FR","og_type":"article","og_title":"Antagonistes des r\u00e9cepteurs de l\u2019angiotensine II (ARA II) - Heart Failure Matters","og_description":"Les antagonistes des r\u00e9cepteurs de l'angiotensine II (ARA) bloquent l'action de l'angiotensine II, une hormone naturellement produite par vos reins.","og_url":"https:\/\/www.heartfailurematters.org\/fr\/ce-que-votre-medecin-ou-votre-infirmier-ere-peut-faire\/antagonistes-des-recepteurs-de-langiotensine-ii-ara-ii\/","og_site_name":"Heart Failure Matters","article_publisher":"https:\/\/www.facebook.com\/heartfailurematters","article_modified_time":"2022-01-14T17:24:45+00:00","og_image":[{"width":900,"height":596,"url":"https:\/\/www.heartfailurematters.org\/wp-content\/uploads\/2022\/03\/shutterstock_441673426-1-min.jpg","type":"image\/jpeg"}],"twitter_card":"summary_large_image","twitter_misc":{"Dur\u00e9e de lecture estim\u00e9e":"3 minutes"},"schema":{"@context":"https:\/\/schema.org","@graph":[{"@type":"WebPage","@id":"https:\/\/www.heartfailurematters.org\/fr\/ce-que-votre-medecin-ou-votre-infirmier-ere-peut-faire\/antagonistes-des-recepteurs-de-langiotensine-ii-ara-ii\/","url":"https:\/\/www.heartfailurematters.org\/fr\/ce-que-votre-medecin-ou-votre-infirmier-ere-peut-faire\/antagonistes-des-recepteurs-de-langiotensine-ii-ara-ii\/","name":"Antagonistes des r\u00e9cepteurs de l\u2019angiotensine II (ARA II) - Heart Failure Matters","isPartOf":{"@id":"https:\/\/www.heartfailurematters.org\/fr\/#website"},"primaryImageOfPage":{"@id":"https:\/\/www.heartfailurematters.org\/fr\/ce-que-votre-medecin-ou-votre-infirmier-ere-peut-faire\/antagonistes-des-recepteurs-de-langiotensine-ii-ara-ii\/#primaryimage"},"image":{"@id":"https:\/\/www.heartfailurematters.org\/fr\/ce-que-votre-medecin-ou-votre-infirmier-ere-peut-faire\/antagonistes-des-recepteurs-de-langiotensine-ii-ara-ii\/#primaryimage"},"thumbnailUrl":"https:\/\/www.heartfailurematters.org\/wp-content\/uploads\/2022\/03\/shutterstock_441673426-1-min.jpg","datePublished":"2021-01-27T21:35:56+00:00","dateModified":"2022-01-14T17:24:45+00:00","description":"Les antagonistes des r\u00e9cepteurs de l'angiotensine II (ARA) bloquent l'action de l'angiotensine II, une hormone naturellement produite par vos reins.","breadcrumb":{"@id":"https:\/\/www.heartfailurematters.org\/fr\/ce-que-votre-medecin-ou-votre-infirmier-ere-peut-faire\/antagonistes-des-recepteurs-de-langiotensine-ii-ara-ii\/#breadcrumb"},"inLanguage":"fr-FR","potentialAction":[{"@type":"ReadAction","target":["https:\/\/www.heartfailurematters.org\/fr\/ce-que-votre-medecin-ou-votre-infirmier-ere-peut-faire\/antagonistes-des-recepteurs-de-langiotensine-ii-ara-ii\/"]}]},{"@type":"ImageObject","inLanguage":"fr-FR","@id":"https:\/\/www.heartfailurematters.org\/fr\/ce-que-votre-medecin-ou-votre-infirmier-ere-peut-faire\/antagonistes-des-recepteurs-de-langiotensine-ii-ara-ii\/#primaryimage","url":"https:\/\/www.heartfailurematters.org\/wp-content\/uploads\/2022\/03\/shutterstock_441673426-1-min.jpg","contentUrl":"https:\/\/www.heartfailurematters.org\/wp-content\/uploads\/2022\/03\/shutterstock_441673426-1-min.jpg","width":900,"height":596},{"@type":"BreadcrumbList","@id":"https:\/\/www.heartfailurematters.org\/fr\/ce-que-votre-medecin-ou-votre-infirmier-ere-peut-faire\/antagonistes-des-recepteurs-de-langiotensine-ii-ara-ii\/#breadcrumb","itemListElement":[{"@type":"ListItem","position":1,"name":"Accueil","item":"https:\/\/www.heartfailurematters.org\/fr\/"},{"@type":"ListItem","position":2,"name":"Ce que votre m\u00e9decin peut faire","item":"https:\/\/www.heartfailurematters.org\/fr\/ce-que-votre-medecin-ou-votre-infirmier-ere-peut-faire\/"},{"@type":"ListItem","position":3,"name":"Antagonistes des r\u00e9cepteurs de l\u2019angiotensine II (ARA II)"}]},{"@type":"WebSite","@id":"https:\/\/www.heartfailurematters.org\/fr\/#website","url":"https:\/\/www.heartfailurematters.org\/fr\/","name":"Heart Failure Matters","description":"Practical information for patients, families and caregivers.","publisher":{"@id":"https:\/\/www.heartfailurematters.org\/fr\/#organization"},"potentialAction":[{"@type":"SearchAction","target":{"@type":"EntryPoint","urlTemplate":"https:\/\/www.heartfailurematters.org\/fr\/?s={search_term_string}"},"query-input":{"@type":"PropertyValueSpecification","valueRequired":true,"valueName":"search_term_string"}}],"inLanguage":"fr-FR"},{"@type":"Organization","@id":"https:\/\/www.heartfailurematters.org\/fr\/#organization","name":"Heart Failure Matters","url":"https:\/\/www.heartfailurematters.org\/fr\/","logo":{"@type":"ImageObject","inLanguage":"fr-FR","@id":"https:\/\/www.heartfailurematters.org\/fr\/#\/schema\/logo\/image\/","url":"https:\/\/cdn-endpoint-hfm.azureedge.net\/heartfailurematters\/2024\/07\/hfm-logo1.jpg","contentUrl":"https:\/\/cdn-endpoint-hfm.azureedge.net\/heartfailurematters\/2024\/07\/hfm-logo1.jpg","width":1280,"height":720,"caption":"Heart Failure Matters"},"image":{"@id":"https:\/\/www.heartfailurematters.org\/fr\/#\/schema\/logo\/image\/"},"sameAs":["https:\/\/www.facebook.com\/heartfailurematters"]}]}},"_links":{"self":[{"href":"https:\/\/www.heartfailurematters.org\/fr\/wp-json\/wp\/v2\/pages\/394","targetHints":{"allow":["GET"]}}],"collection":[{"href":"https:\/\/www.heartfailurematters.org\/fr\/wp-json\/wp\/v2\/pages"}],"about":[{"href":"https:\/\/www.heartfailurematters.org\/fr\/wp-json\/wp\/v2\/types\/page"}],"author":[{"embeddable":true,"href":"https:\/\/www.heartfailurematters.org\/fr\/wp-json\/wp\/v2\/users\/1"}],"replies":[{"embeddable":true,"href":"https:\/\/www.heartfailurematters.org\/fr\/wp-json\/wp\/v2\/comments?post=394"}],"version-history":[{"count":2,"href":"https:\/\/www.heartfailurematters.org\/fr\/wp-json\/wp\/v2\/pages\/394\/revisions"}],"predecessor-version":[{"id":10186,"href":"https:\/\/www.heartfailurematters.org\/fr\/wp-json\/wp\/v2\/pages\/394\/revisions\/10186"}],"up":[{"embeddable":true,"href":"https:\/\/www.heartfailurematters.org\/fr\/wp-json\/wp\/v2\/pages\/2679"}],"wp:featuredmedia":[{"embeddable":true,"href":"https:\/\/www.heartfailurematters.org\/fr\/wp-json\/wp\/v2\/media\/10868"}],"wp:attachment":[{"href":"https:\/\/www.heartfailurematters.org\/fr\/wp-json\/wp\/v2\/media?parent=394"}],"wp:term":[{"taxonomy":"category","embeddable":true,"href":"https:\/\/www.heartfailurematters.org\/fr\/wp-json\/wp\/v2\/categories?post=394"},{"taxonomy":"post_tag","embeddable":true,"href":"https:\/\/www.heartfailurematters.org\/fr\/wp-json\/wp\/v2\/tags?post=394"}],"curies":[{"name":"wp","href":"https:\/\/api.w.org\/{rel}","templated":true}]}}