{"id":392,"date":"2021-01-27T21:35:56","date_gmt":"2021-01-27T21:35:56","guid":{"rendered":"http:\/\/heartfailurematters.local:8888\/diabete\/"},"modified":"2021-06-25T14:12:46","modified_gmt":"2021-06-25T13:12:46","slug":"diabete","status":"publish","type":"page","link":"https:\/\/www.heartfailurematters.org\/fr\/causes-de-linsuffisance-cardiaque-et-autres-problemes-medicaux-courants\/diabete\/","title":{"rendered":"Diab\u00e8te"},"content":{"rendered":"<p>De nombreux patients souffrant d&rsquo;insuffisance cardiaque re\u00e7oivent un diagnostic de diab\u00e8te de type II. Cela n&rsquo;est pas surprenant, car <strong>le diab\u00e8te<\/strong> est beaucoup plus fr\u00e9quent chez les insuffisants cardiaques que dans le reste de la population. Comme pour toute autre maladie, mieux vous la comprenez, mieux vous serez en mesure de la g\u00e9rer en douceur.<\/p>\n<p>On vous diagnostique un <strong>diab\u00e8te<\/strong> lorsque vous avez trop <a class=\"addtooltip\" title=\"Un sucre qui est une source d'\u00e9nergie essentielle pour l'organisme.\"><strong>de glucose <\/strong><\/a> dans le sang parce que la production d&rsquo;<a class=\"addtooltip\" title=\"Une hormone produite par le pancr\u00e9as qui permet \u00e0 l'organisme d'utiliser le glucose pour cr\u00e9er de l'\u00e9nergie.\"><strong>insuline <\/strong><\/a> par le pancr\u00e9as est insuffisante pour r\u00e9guler la quantit\u00e9 de glucose dans le sang. Le glucose p\u00e9n\u00e8tre dans votre sang lorsque votre corps absorbe le sucre et d\u00e9compose les glucides des aliments et des boissons. L&rsquo;insuline est n\u00e9cessaire pour aider le glucose \u00e0 p\u00e9n\u00e9trer dans les cellules et \u00eatre utilis\u00e9 comme source d&rsquo;\u00e9nergie. Le diab\u00e8te de type I survient chez les patients plus jeunes et un traitement \u00e0 l&rsquo;insuline est toujours n\u00e9cessaire. Les patients atteints de diab\u00e8te de type II produisent encore de l&rsquo;insuline, mais de mani\u00e8re insuffisante. Le diab\u00e8te de type II survient fr\u00e9quemment chez les patients souffrant d&rsquo;une insuffisance cardiaque, en particulier s&rsquo;ils sont en surpoids ou ob\u00e8ses.<\/p>\n<p>La glyc\u00e9mie (le sucre pr\u00e9sent dans votre sang) fait partie des tests sanguins de routine pour les insuffisants cardiaques et permet de d\u00e9tecter le diab\u00e8te. Si vous pr\u00e9sentez un risque de diab\u00e8te et que vous \u00eates inform\u00e9 du diagnostic, votre taux d&rsquo;HbA1c sera mesur\u00e9 (l&rsquo;HbA1c est votre glyc\u00e9mie moyenne au cours des deux \u00e0 trois derniers mois).<\/p>\n<p>De nombreux ajustements importants du mode de vie peuvent vous aider \u00e0 g\u00e9rer votre diab\u00e8te avec succ\u00e8s. Certaines choses, que vous faites peut-\u00eatre d\u00e9j\u00e0 en tant qu&rsquo;insuffisant cardiaque, sont particuli\u00e8rement importantes, comme marcher chaque jour, prendre votre tension art\u00e9rielle et maintenir votre poids id\u00e9al. L&rsquo;exercice r\u00e9gulier vous aide \u00e0 r\u00e9duire votre glyc\u00e9mie. Il vous sera aussi demand\u00e9 de faire d&rsquo;autres choses, comme mesurer votre glyc\u00e9mie, ajuster votre alimentation et surveiller attentivement la quantit\u00e9 de sucre ou de glucides que vous mangez. Les glucides sont une sorte de \u201csucre\u201d que l&rsquo;on trouve dans certains aliments, comme le pain, les p\u00e2tes, le riz et les pommes de terre.<\/p>\n<p>Votre m\u00e9decin ou votre infirmier(e) vous donnera toutes les informations pratiques dont vous avez besoin pour mesurer votre taux de glucose en vous indiquant la fr\u00e9quence \u00e0 laquelle le faire. Votre m\u00e9decin, votre infirmier(e) ou votre di\u00e9t\u00e9ticien(ne), doit vous conseiller sur l&rsquo;alimentation et la nutrition. Vous avez parfois des doutes sur ce que vous pouvez manger. N&rsquo;oubliez pas de noter vos questions et de les poser lors de vos rendez-vous.<\/p>\n<p>Certaines complications m\u00e9dicales relativement fr\u00e9quentes peuvent survenir pendant le diab\u00e8te chronique. Votre professionnel de sant\u00e9 v\u00e9rifiera r\u00e9guli\u00e8rement votre fonction r\u00e9nale, vos yeux et vos pieds pour d\u00e9tecter des signes de probl\u00e8mes vasculaires tels que des ulc\u00e8res. Il est important que toutes les complications soient diagnostiqu\u00e9es et trait\u00e9es t\u00f4t pour emp\u00eacher leur progression.<\/p>\n<p>Tout cela peut vous d\u00e9passer au d\u00e9but, mais avec le temps, vous serez plus confiant et ce sera plus facile. Le traitement du diab\u00e8te implique g\u00e9n\u00e9ralement une combinaison entre r\u00e9gime alimentaire et m\u00e9dicaments. Il existe des m\u00e9dicaments tr\u00e8s efficaces pour les diab\u00e9tiques. Certains patients auront \u00e9galement besoin de quelques injections d&rsquo;insuline en plus. N&rsquo;ayez pas peur que les m\u00e9dicaments que vous prenez pour traiter une maladie ne soient mauvais pour l&rsquo;autre. La plupart des m\u00e9dicaments utilis\u00e9s pour traiter l&rsquo;insuffisance cardiaque peuvent \u00eatre utilis\u00e9s chez les patients diab\u00e9tiques en toute s\u00e9curit\u00e9, avec les m\u00eames avantages. En outre, certains m\u00e9dicaments pour le diab\u00e8te peuvent \u00eatre utilis\u00e9s en toute s\u00e9curit\u00e9 chez les insuffisants cardiaques. <a href=\"https:\/\/www.heartfailurematters.org\/what-your-doctor-can-do\/heart-failure-medicines\/\">\u00c0 l&rsquo;heure actuelle, en fait, plusieurs nouveaux m\u00e9dicaments traitent les deux affections.<\/a><\/p>\n<p>Dans certains pays, l&rsquo;insuffisance cardiaque et le diab\u00e8te ne sont pas trait\u00e9s par la m\u00eame \u00e9quipe m\u00e9dicale. Dans ce cas, n&rsquo;oubliez pas d&rsquo;informer les deux \u00e9quipes de votre autre diagnostic et de tous les m\u00e9dicaments que vous prenez. Il est toujours utile de tenir \u00e0 jour une liste de tous les m\u00e9dicaments que vous utilisez actuellement.<\/p>\n<p><a title=\"Retour \u00e0 Autres probl\u00e8mes m\u00e9dicaux courants et insuffisance cardiaque\" href=\"https:\/\/www.heartfailurematters.org\/heart-failure-causes-and-other-common-medical-conditions\/other-common-medical-conditions-and-heart-failure\/\">Retour \u00e0 Autres probl\u00e8mes m\u00e9dicaux courants et insuffisance cardiaque<\/a><\/p>\n","protected":false},"excerpt":{"rendered":"<p>De nombreux patients souffrant d&rsquo;insuffisance cardiaque re\u00e7oivent un diagnostic de diab\u00e8te de type II. Cela n&rsquo;est pas surprenant, car le diab\u00e8te est beaucoup plus fr\u00e9quent chez les insuffisants cardiaques que dans le reste de la population. Comme pour toute autre maladie, mieux vous la comprenez, mieux vous serez en mesure de la g\u00e9rer en douceur. [&hellip;]<\/p>\n","protected":false},"author":1,"featured_media":10756,"parent":8045,"menu_order":10,"comment_status":"open","ping_status":"open","template":"","meta":{"_acf_changed":false,"footnotes":""},"categories":[],"tags":[],"class_list":["post-392","page","type-page","status-publish","has-post-thumbnail","hentry"],"acf":[],"yoast_head":"<!-- This site is optimized with the Yoast SEO plugin v24.8.1 - https:\/\/yoast.com\/wordpress\/plugins\/seo\/ -->\n<title>Diab\u00e8te<\/title>\n<meta name=\"description\" content=\"Le diab\u00e8te exerce une pression suppl\u00e9mentaire sur votre c\u0153ur, ce qui augmente le risque d&#039;insuffisance cardiaque. Les personnes diab\u00e9tiques ont tendance \u00e0 \u00eatre en surpoids et pr\u00e9sentent une hypertension art\u00e9rielle et une hypercholest\u00e9rol\u00e9mie.\" \/>\n<meta name=\"robots\" content=\"index, follow, max-snippet:-1, max-image-preview:large, max-video-preview:-1\" \/>\n<link rel=\"canonical\" href=\"https:\/\/www.heartfailurematters.org\/fr\/causes-de-linsuffisance-cardiaque-et-autres-problemes-medicaux-courants\/diabete\/\" \/>\n<meta property=\"og:locale\" content=\"fr_FR\" \/>\n<meta property=\"og:type\" content=\"article\" \/>\n<meta property=\"og:title\" content=\"Diab\u00e8te\" \/>\n<meta property=\"og:description\" content=\"Le diab\u00e8te exerce une pression suppl\u00e9mentaire sur votre c\u0153ur, ce qui augmente le risque d&#039;insuffisance cardiaque. Les personnes diab\u00e9tiques ont tendance \u00e0 \u00eatre en surpoids et pr\u00e9sentent une hypertension art\u00e9rielle et une hypercholest\u00e9rol\u00e9mie.\" \/>\n<meta property=\"og:url\" content=\"https:\/\/www.heartfailurematters.org\/fr\/causes-de-linsuffisance-cardiaque-et-autres-problemes-medicaux-courants\/diabete\/\" \/>\n<meta property=\"og:site_name\" content=\"Heart Failure Matters\" \/>\n<meta property=\"article:publisher\" content=\"https:\/\/www.facebook.com\/heartfailurematters\" \/>\n<meta property=\"article:modified_time\" content=\"2021-06-25T13:12:46+00:00\" \/>\n<meta property=\"og:image\" content=\"https:\/\/www.heartfailurematters.org\/wp-content\/uploads\/2022\/03\/shutterstock_1439349791-1-min.jpg\" \/>\n\t<meta property=\"og:image:width\" content=\"900\" \/>\n\t<meta property=\"og:image:height\" content=\"601\" \/>\n\t<meta property=\"og:image:type\" content=\"image\/jpeg\" \/>\n<meta name=\"twitter:card\" content=\"summary_large_image\" \/>\n<meta name=\"twitter:label1\" content=\"Dur\u00e9e de lecture estim\u00e9e\" \/>\n\t<meta name=\"twitter:data1\" content=\"1 minute\" \/>\n<script type=\"application\/ld+json\" class=\"yoast-schema-graph\">{\"@context\":\"https:\/\/schema.org\",\"@graph\":[{\"@type\":\"WebPage\",\"@id\":\"https:\/\/www.heartfailurematters.org\/fr\/causes-de-linsuffisance-cardiaque-et-autres-problemes-medicaux-courants\/diabete\/\",\"url\":\"https:\/\/www.heartfailurematters.org\/fr\/causes-de-linsuffisance-cardiaque-et-autres-problemes-medicaux-courants\/diabete\/\",\"name\":\"Diab\u00e8te\",\"isPartOf\":{\"@id\":\"https:\/\/www.heartfailurematters.org\/fr\/#website\"},\"primaryImageOfPage\":{\"@id\":\"https:\/\/www.heartfailurematters.org\/fr\/causes-de-linsuffisance-cardiaque-et-autres-problemes-medicaux-courants\/diabete\/#primaryimage\"},\"image\":{\"@id\":\"https:\/\/www.heartfailurematters.org\/fr\/causes-de-linsuffisance-cardiaque-et-autres-problemes-medicaux-courants\/diabete\/#primaryimage\"},\"thumbnailUrl\":\"https:\/\/www.heartfailurematters.org\/wp-content\/uploads\/2022\/03\/shutterstock_1439349791-1-min.jpg\",\"datePublished\":\"2021-01-27T21:35:56+00:00\",\"dateModified\":\"2021-06-25T13:12:46+00:00\",\"description\":\"Le diab\u00e8te exerce une pression suppl\u00e9mentaire sur votre c\u0153ur, ce qui augmente le risque d'insuffisance cardiaque. Les personnes diab\u00e9tiques ont tendance \u00e0 \u00eatre en surpoids et pr\u00e9sentent une hypertension art\u00e9rielle et une hypercholest\u00e9rol\u00e9mie.\",\"breadcrumb\":{\"@id\":\"https:\/\/www.heartfailurematters.org\/fr\/causes-de-linsuffisance-cardiaque-et-autres-problemes-medicaux-courants\/diabete\/#breadcrumb\"},\"inLanguage\":\"fr-FR\",\"potentialAction\":[{\"@type\":\"ReadAction\",\"target\":[\"https:\/\/www.heartfailurematters.org\/fr\/causes-de-linsuffisance-cardiaque-et-autres-problemes-medicaux-courants\/diabete\/\"]}]},{\"@type\":\"ImageObject\",\"inLanguage\":\"fr-FR\",\"@id\":\"https:\/\/www.heartfailurematters.org\/fr\/causes-de-linsuffisance-cardiaque-et-autres-problemes-medicaux-courants\/diabete\/#primaryimage\",\"url\":\"https:\/\/www.heartfailurematters.org\/wp-content\/uploads\/2022\/03\/shutterstock_1439349791-1-min.jpg\",\"contentUrl\":\"https:\/\/www.heartfailurematters.org\/wp-content\/uploads\/2022\/03\/shutterstock_1439349791-1-min.jpg\",\"width\":900,\"height\":601},{\"@type\":\"BreadcrumbList\",\"@id\":\"https:\/\/www.heartfailurematters.org\/fr\/causes-de-linsuffisance-cardiaque-et-autres-problemes-medicaux-courants\/diabete\/#breadcrumb\",\"itemListElement\":[{\"@type\":\"ListItem\",\"position\":1,\"name\":\"Accueil\",\"item\":\"https:\/\/www.heartfailurematters.org\/fr\/\"},{\"@type\":\"ListItem\",\"position\":2,\"name\":\"Causes de l&#8217;insuffisance cardiaque et autres probl\u00e8mes m\u00e9dicaux associ\u00e9s\",\"item\":\"https:\/\/www.heartfailurematters.org\/fr\/causes-de-linsuffisance-cardiaque-et-autres-problemes-medicaux-courants\/\"},{\"@type\":\"ListItem\",\"position\":3,\"name\":\"Diab\u00e8te\"}]},{\"@type\":\"WebSite\",\"@id\":\"https:\/\/www.heartfailurematters.org\/fr\/#website\",\"url\":\"https:\/\/www.heartfailurematters.org\/fr\/\",\"name\":\"Heart Failure Matters\",\"description\":\"Practical information for patients, families and caregivers.\",\"publisher\":{\"@id\":\"https:\/\/www.heartfailurematters.org\/fr\/#organization\"},\"potentialAction\":[{\"@type\":\"SearchAction\",\"target\":{\"@type\":\"EntryPoint\",\"urlTemplate\":\"https:\/\/www.heartfailurematters.org\/fr\/?s={search_term_string}\"},\"query-input\":{\"@type\":\"PropertyValueSpecification\",\"valueRequired\":true,\"valueName\":\"search_term_string\"}}],\"inLanguage\":\"fr-FR\"},{\"@type\":\"Organization\",\"@id\":\"https:\/\/www.heartfailurematters.org\/fr\/#organization\",\"name\":\"Heart Failure Matters\",\"url\":\"https:\/\/www.heartfailurematters.org\/fr\/\",\"logo\":{\"@type\":\"ImageObject\",\"inLanguage\":\"fr-FR\",\"@id\":\"https:\/\/www.heartfailurematters.org\/fr\/#\/schema\/logo\/image\/\",\"url\":\"https:\/\/cdn-endpoint-hfm.azureedge.net\/heartfailurematters\/2024\/07\/hfm-logo1.jpg\",\"contentUrl\":\"https:\/\/cdn-endpoint-hfm.azureedge.net\/heartfailurematters\/2024\/07\/hfm-logo1.jpg\",\"width\":1280,\"height\":720,\"caption\":\"Heart Failure Matters\"},\"image\":{\"@id\":\"https:\/\/www.heartfailurematters.org\/fr\/#\/schema\/logo\/image\/\"},\"sameAs\":[\"https:\/\/www.facebook.com\/heartfailurematters\"]}]}<\/script>\n<!-- \/ Yoast SEO plugin. -->","yoast_head_json":{"title":"Diab\u00e8te","description":"Le diab\u00e8te exerce une pression suppl\u00e9mentaire sur votre c\u0153ur, ce qui augmente le risque d'insuffisance cardiaque. Les personnes diab\u00e9tiques ont tendance \u00e0 \u00eatre en surpoids et pr\u00e9sentent une hypertension art\u00e9rielle et une hypercholest\u00e9rol\u00e9mie.","robots":{"index":"index","follow":"follow","max-snippet":"max-snippet:-1","max-image-preview":"max-image-preview:large","max-video-preview":"max-video-preview:-1"},"canonical":"https:\/\/www.heartfailurematters.org\/fr\/causes-de-linsuffisance-cardiaque-et-autres-problemes-medicaux-courants\/diabete\/","og_locale":"fr_FR","og_type":"article","og_title":"Diab\u00e8te","og_description":"Le diab\u00e8te exerce une pression suppl\u00e9mentaire sur votre c\u0153ur, ce qui augmente le risque d'insuffisance cardiaque. Les personnes diab\u00e9tiques ont tendance \u00e0 \u00eatre en surpoids et pr\u00e9sentent une hypertension art\u00e9rielle et une hypercholest\u00e9rol\u00e9mie.","og_url":"https:\/\/www.heartfailurematters.org\/fr\/causes-de-linsuffisance-cardiaque-et-autres-problemes-medicaux-courants\/diabete\/","og_site_name":"Heart Failure Matters","article_publisher":"https:\/\/www.facebook.com\/heartfailurematters","article_modified_time":"2021-06-25T13:12:46+00:00","og_image":[{"width":900,"height":601,"url":"https:\/\/www.heartfailurematters.org\/wp-content\/uploads\/2022\/03\/shutterstock_1439349791-1-min.jpg","type":"image\/jpeg"}],"twitter_card":"summary_large_image","twitter_misc":{"Dur\u00e9e de lecture estim\u00e9e":"1 minute"},"schema":{"@context":"https:\/\/schema.org","@graph":[{"@type":"WebPage","@id":"https:\/\/www.heartfailurematters.org\/fr\/causes-de-linsuffisance-cardiaque-et-autres-problemes-medicaux-courants\/diabete\/","url":"https:\/\/www.heartfailurematters.org\/fr\/causes-de-linsuffisance-cardiaque-et-autres-problemes-medicaux-courants\/diabete\/","name":"Diab\u00e8te","isPartOf":{"@id":"https:\/\/www.heartfailurematters.org\/fr\/#website"},"primaryImageOfPage":{"@id":"https:\/\/www.heartfailurematters.org\/fr\/causes-de-linsuffisance-cardiaque-et-autres-problemes-medicaux-courants\/diabete\/#primaryimage"},"image":{"@id":"https:\/\/www.heartfailurematters.org\/fr\/causes-de-linsuffisance-cardiaque-et-autres-problemes-medicaux-courants\/diabete\/#primaryimage"},"thumbnailUrl":"https:\/\/www.heartfailurematters.org\/wp-content\/uploads\/2022\/03\/shutterstock_1439349791-1-min.jpg","datePublished":"2021-01-27T21:35:56+00:00","dateModified":"2021-06-25T13:12:46+00:00","description":"Le diab\u00e8te exerce une pression suppl\u00e9mentaire sur votre c\u0153ur, ce qui augmente le risque d'insuffisance cardiaque. Les personnes diab\u00e9tiques ont tendance \u00e0 \u00eatre en surpoids et pr\u00e9sentent une hypertension art\u00e9rielle et une hypercholest\u00e9rol\u00e9mie.","breadcrumb":{"@id":"https:\/\/www.heartfailurematters.org\/fr\/causes-de-linsuffisance-cardiaque-et-autres-problemes-medicaux-courants\/diabete\/#breadcrumb"},"inLanguage":"fr-FR","potentialAction":[{"@type":"ReadAction","target":["https:\/\/www.heartfailurematters.org\/fr\/causes-de-linsuffisance-cardiaque-et-autres-problemes-medicaux-courants\/diabete\/"]}]},{"@type":"ImageObject","inLanguage":"fr-FR","@id":"https:\/\/www.heartfailurematters.org\/fr\/causes-de-linsuffisance-cardiaque-et-autres-problemes-medicaux-courants\/diabete\/#primaryimage","url":"https:\/\/www.heartfailurematters.org\/wp-content\/uploads\/2022\/03\/shutterstock_1439349791-1-min.jpg","contentUrl":"https:\/\/www.heartfailurematters.org\/wp-content\/uploads\/2022\/03\/shutterstock_1439349791-1-min.jpg","width":900,"height":601},{"@type":"BreadcrumbList","@id":"https:\/\/www.heartfailurematters.org\/fr\/causes-de-linsuffisance-cardiaque-et-autres-problemes-medicaux-courants\/diabete\/#breadcrumb","itemListElement":[{"@type":"ListItem","position":1,"name":"Accueil","item":"https:\/\/www.heartfailurematters.org\/fr\/"},{"@type":"ListItem","position":2,"name":"Causes de l&#8217;insuffisance cardiaque et autres probl\u00e8mes m\u00e9dicaux associ\u00e9s","item":"https:\/\/www.heartfailurematters.org\/fr\/causes-de-linsuffisance-cardiaque-et-autres-problemes-medicaux-courants\/"},{"@type":"ListItem","position":3,"name":"Diab\u00e8te"}]},{"@type":"WebSite","@id":"https:\/\/www.heartfailurematters.org\/fr\/#website","url":"https:\/\/www.heartfailurematters.org\/fr\/","name":"Heart Failure Matters","description":"Practical information for patients, families and caregivers.","publisher":{"@id":"https:\/\/www.heartfailurematters.org\/fr\/#organization"},"potentialAction":[{"@type":"SearchAction","target":{"@type":"EntryPoint","urlTemplate":"https:\/\/www.heartfailurematters.org\/fr\/?s={search_term_string}"},"query-input":{"@type":"PropertyValueSpecification","valueRequired":true,"valueName":"search_term_string"}}],"inLanguage":"fr-FR"},{"@type":"Organization","@id":"https:\/\/www.heartfailurematters.org\/fr\/#organization","name":"Heart Failure Matters","url":"https:\/\/www.heartfailurematters.org\/fr\/","logo":{"@type":"ImageObject","inLanguage":"fr-FR","@id":"https:\/\/www.heartfailurematters.org\/fr\/#\/schema\/logo\/image\/","url":"https:\/\/cdn-endpoint-hfm.azureedge.net\/heartfailurematters\/2024\/07\/hfm-logo1.jpg","contentUrl":"https:\/\/cdn-endpoint-hfm.azureedge.net\/heartfailurematters\/2024\/07\/hfm-logo1.jpg","width":1280,"height":720,"caption":"Heart Failure Matters"},"image":{"@id":"https:\/\/www.heartfailurematters.org\/fr\/#\/schema\/logo\/image\/"},"sameAs":["https:\/\/www.facebook.com\/heartfailurematters"]}]}},"_links":{"self":[{"href":"https:\/\/www.heartfailurematters.org\/fr\/wp-json\/wp\/v2\/pages\/392","targetHints":{"allow":["GET"]}}],"collection":[{"href":"https:\/\/www.heartfailurematters.org\/fr\/wp-json\/wp\/v2\/pages"}],"about":[{"href":"https:\/\/www.heartfailurematters.org\/fr\/wp-json\/wp\/v2\/types\/page"}],"author":[{"embeddable":true,"href":"https:\/\/www.heartfailurematters.org\/fr\/wp-json\/wp\/v2\/users\/1"}],"replies":[{"embeddable":true,"href":"https:\/\/www.heartfailurematters.org\/fr\/wp-json\/wp\/v2\/comments?post=392"}],"version-history":[{"count":4,"href":"https:\/\/www.heartfailurematters.org\/fr\/wp-json\/wp\/v2\/pages\/392\/revisions"}],"predecessor-version":[{"id":9077,"href":"https:\/\/www.heartfailurematters.org\/fr\/wp-json\/wp\/v2\/pages\/392\/revisions\/9077"}],"up":[{"embeddable":true,"href":"https:\/\/www.heartfailurematters.org\/fr\/wp-json\/wp\/v2\/pages\/8045"}],"wp:featuredmedia":[{"embeddable":true,"href":"https:\/\/www.heartfailurematters.org\/fr\/wp-json\/wp\/v2\/media\/10756"}],"wp:attachment":[{"href":"https:\/\/www.heartfailurematters.org\/fr\/wp-json\/wp\/v2\/media?parent=392"}],"wp:term":[{"taxonomy":"category","embeddable":true,"href":"https:\/\/www.heartfailurematters.org\/fr\/wp-json\/wp\/v2\/categories?post=392"},{"taxonomy":"post_tag","embeddable":true,"href":"https:\/\/www.heartfailurematters.org\/fr\/wp-json\/wp\/v2\/tags?post=392"}],"curies":[{"name":"wp","href":"https:\/\/api.w.org\/{rel}","templated":true}]}}