{"id":382,"date":"2021-01-27T21:35:51","date_gmt":"2021-01-27T21:35:51","guid":{"rendered":"http:\/\/heartfailurematters.local:8888\/comment-votre-coeur-et-votre-corps-sadaptent-ils-en-cas-dinsuffisance-cardiaque\/"},"modified":"2021-08-09T12:19:11","modified_gmt":"2021-08-09T11:19:11","slug":"comment-votre-coeur-et-votre-corps-sadaptent-ils-en-cas-dinsuffisance-cardiaque","status":"publish","type":"page","link":"https:\/\/www.heartfailurematters.org\/fr\/comprendre-linsuffisance-cardiaque\/comment-votre-coeur-et-votre-corps-sadaptent-ils-en-cas-dinsuffisance-cardiaque\/","title":{"rendered":"Comment votre c\u0153ur et votre corps s\u2019adaptent-ils en cas d\u2019insuffisance cardiaque\u00a0?"},"content":{"rendered":"<p>Lorsque vous souffrez d\u2019insuffisance cardiaque, votre corps s\u2019adapte pour tenter de maintenir la quantit\u00e9 de sang qui lui est n\u00e9cessaire. Ce ph\u00e9nom\u00e8ne est d\u00e9sign\u00e9 par le terme compensation.<\/p>\n<p>Votre c\u0153ur\u00a0:<\/p>\n<ul>\n<li>augmentera le nombre des battements (tachycardie) afin de pomper plus de sang dans votre corps<\/li>\n<li>augmentera en taille (dilatation) en s\u2019\u00e9tirant pour accro\u00eetre la quantit\u00e9 de sang qu\u2019il peut contenir et expulser et d\u00e9veloppera un muscle cardiaque plus fort et plus \u00e9pais (hypertrophie) afin d&rsquo;aider \u00e0 pomper plus fort.<\/li>\n<\/ul>\n<p>Votre corps tentera \u00e9galement d\u2019augmenter la quantit\u00e9 de sang qui circule et de rediriger le flux sanguin vers votre cerveau et d\u2019autres organes vitaux, au d\u00e9triment de vos muscles.M\u00eame si votre corps peut compenser pendant un long moment, ses efforts font, en r\u00e9alit\u00e9, plus de tort que de bien.<\/p>\n<p>Votre c\u0153ur \u00e9tant d\u00e9j\u00e0 faible, ces changements le font travailler encore davantage, ce qui l&rsquo;affaiblit plus encore.<\/p>\n<p><a title=\"\" href=\"https:\/\/www.heartfailurematters.org\/fr\/comprendre-linsuffisance-cardiaque\/quest-ce-qui-ne-va-pas-en-cas-dinsuffisance-cardiaque\/\">Retourner \u00e0 la rubrique \u00ab\u00a0Qu\u2019est ce qui ne va pas en cas d\u2019insuffisance cardiaque\u00a0?\u00a0\u00bb <\/a><\/p>\n","protected":false},"excerpt":{"rendered":"<p>Lorsque vous souffrez d\u2019insuffisance cardiaque, votre corps s\u2019adapte pour tenter de maintenir la quantit\u00e9 de sang qui lui est n\u00e9cessaire. Ce ph\u00e9nom\u00e8ne est d\u00e9sign\u00e9 par le terme compensation. Votre c\u0153ur\u00a0: augmentera le nombre des battements (tachycardie) afin de pomper plus de sang dans votre corps augmentera en taille (dilatation) en s\u2019\u00e9tirant pour accro\u00eetre la quantit\u00e9 [&hellip;]<\/p>\n","protected":false},"author":1,"featured_media":0,"parent":307,"menu_order":0,"comment_status":"open","ping_status":"open","template":"","meta":{"_acf_changed":false,"footnotes":""},"categories":[],"tags":[],"class_list":["post-382","page","type-page","status-publish","hentry"],"acf":[],"yoast_head":"<!-- This site is optimized with the Yoast SEO plugin v24.8.1 - https:\/\/yoast.com\/wordpress\/plugins\/seo\/ -->\n<title>Adaptation du c\u0153ur et de l&#039;organisme \u00e0 l&#039;insuffisance cardiaque<\/title>\n<meta name=\"description\" content=\"Lors d&#039;une crise cardiaque, votre organisme s&#039;adaptera pour essayer de garantir la quantit\u00e9 de sang dont votre corps a besoin. C&#039;est ce que l&#039;on appelle la compensation. En savoir plus\" \/>\n<meta name=\"robots\" content=\"index, follow, max-snippet:-1, max-image-preview:large, max-video-preview:-1\" \/>\n<link rel=\"canonical\" href=\"https:\/\/www.heartfailurematters.org\/fr\/comprendre-linsuffisance-cardiaque\/comment-votre-coeur-et-votre-corps-sadaptent-ils-en-cas-dinsuffisance-cardiaque\/\" \/>\n<meta property=\"og:locale\" content=\"fr_FR\" \/>\n<meta property=\"og:type\" content=\"article\" \/>\n<meta property=\"og:title\" content=\"Adaptation du c\u0153ur et de l&#039;organisme \u00e0 l&#039;insuffisance cardiaque\" \/>\n<meta property=\"og:description\" content=\"Lors d&#039;une crise cardiaque, votre organisme s&#039;adaptera pour essayer de garantir la quantit\u00e9 de sang dont votre corps a besoin. C&#039;est ce que l&#039;on appelle la compensation. En savoir plus\" \/>\n<meta property=\"og:url\" content=\"https:\/\/www.heartfailurematters.org\/fr\/comprendre-linsuffisance-cardiaque\/comment-votre-coeur-et-votre-corps-sadaptent-ils-en-cas-dinsuffisance-cardiaque\/\" \/>\n<meta property=\"og:site_name\" content=\"Heart Failure Matters\" \/>\n<meta property=\"article:publisher\" content=\"https:\/\/www.facebook.com\/heartfailurematters\" \/>\n<meta property=\"article:modified_time\" content=\"2021-08-09T11:19:11+00:00\" \/>\n<meta name=\"twitter:card\" content=\"summary_large_image\" \/>\n<meta name=\"twitter:label1\" content=\"Dur\u00e9e de lecture estim\u00e9e\" \/>\n\t<meta name=\"twitter:data1\" content=\"1 minute\" \/>\n<script type=\"application\/ld+json\" class=\"yoast-schema-graph\">{\"@context\":\"https:\/\/schema.org\",\"@graph\":[{\"@type\":\"WebPage\",\"@id\":\"https:\/\/www.heartfailurematters.org\/fr\/comprendre-linsuffisance-cardiaque\/comment-votre-coeur-et-votre-corps-sadaptent-ils-en-cas-dinsuffisance-cardiaque\/\",\"url\":\"https:\/\/www.heartfailurematters.org\/fr\/comprendre-linsuffisance-cardiaque\/comment-votre-coeur-et-votre-corps-sadaptent-ils-en-cas-dinsuffisance-cardiaque\/\",\"name\":\"Adaptation du c\u0153ur et de l'organisme \u00e0 l'insuffisance cardiaque\",\"isPartOf\":{\"@id\":\"https:\/\/www.heartfailurematters.org\/fr\/#website\"},\"datePublished\":\"2021-01-27T21:35:51+00:00\",\"dateModified\":\"2021-08-09T11:19:11+00:00\",\"description\":\"Lors d'une crise cardiaque, votre organisme s'adaptera pour essayer de garantir la quantit\u00e9 de sang dont votre corps a besoin. C'est ce que l'on appelle la compensation. En savoir plus\",\"breadcrumb\":{\"@id\":\"https:\/\/www.heartfailurematters.org\/fr\/comprendre-linsuffisance-cardiaque\/comment-votre-coeur-et-votre-corps-sadaptent-ils-en-cas-dinsuffisance-cardiaque\/#breadcrumb\"},\"inLanguage\":\"fr-FR\",\"potentialAction\":[{\"@type\":\"ReadAction\",\"target\":[\"https:\/\/www.heartfailurematters.org\/fr\/comprendre-linsuffisance-cardiaque\/comment-votre-coeur-et-votre-corps-sadaptent-ils-en-cas-dinsuffisance-cardiaque\/\"]}]},{\"@type\":\"BreadcrumbList\",\"@id\":\"https:\/\/www.heartfailurematters.org\/fr\/comprendre-linsuffisance-cardiaque\/comment-votre-coeur-et-votre-corps-sadaptent-ils-en-cas-dinsuffisance-cardiaque\/#breadcrumb\",\"itemListElement\":[{\"@type\":\"ListItem\",\"position\":1,\"name\":\"Accueil\",\"item\":\"https:\/\/www.heartfailurematters.org\/fr\/\"},{\"@type\":\"ListItem\",\"position\":2,\"name\":\"Comprendre l&#8217;insuffisance cardiaque\",\"item\":\"https:\/\/www.heartfailurematters.org\/fr\/comprendre-linsuffisance-cardiaque\/\"},{\"@type\":\"ListItem\",\"position\":3,\"name\":\"Comment votre c\u0153ur et votre corps s\u2019adaptent-ils en cas d\u2019insuffisance cardiaque\u00a0?\"}]},{\"@type\":\"WebSite\",\"@id\":\"https:\/\/www.heartfailurematters.org\/fr\/#website\",\"url\":\"https:\/\/www.heartfailurematters.org\/fr\/\",\"name\":\"Heart Failure Matters\",\"description\":\"Practical information for patients, families and caregivers.\",\"publisher\":{\"@id\":\"https:\/\/www.heartfailurematters.org\/fr\/#organization\"},\"potentialAction\":[{\"@type\":\"SearchAction\",\"target\":{\"@type\":\"EntryPoint\",\"urlTemplate\":\"https:\/\/www.heartfailurematters.org\/fr\/?s={search_term_string}\"},\"query-input\":{\"@type\":\"PropertyValueSpecification\",\"valueRequired\":true,\"valueName\":\"search_term_string\"}}],\"inLanguage\":\"fr-FR\"},{\"@type\":\"Organization\",\"@id\":\"https:\/\/www.heartfailurematters.org\/fr\/#organization\",\"name\":\"Heart Failure Matters\",\"url\":\"https:\/\/www.heartfailurematters.org\/fr\/\",\"logo\":{\"@type\":\"ImageObject\",\"inLanguage\":\"fr-FR\",\"@id\":\"https:\/\/www.heartfailurematters.org\/fr\/#\/schema\/logo\/image\/\",\"url\":\"https:\/\/cdn-endpoint-hfm.azureedge.net\/heartfailurematters\/2024\/07\/hfm-logo1.jpg\",\"contentUrl\":\"https:\/\/cdn-endpoint-hfm.azureedge.net\/heartfailurematters\/2024\/07\/hfm-logo1.jpg\",\"width\":1280,\"height\":720,\"caption\":\"Heart Failure Matters\"},\"image\":{\"@id\":\"https:\/\/www.heartfailurematters.org\/fr\/#\/schema\/logo\/image\/\"},\"sameAs\":[\"https:\/\/www.facebook.com\/heartfailurematters\"]}]}<\/script>\n<!-- \/ Yoast SEO plugin. -->","yoast_head_json":{"title":"Adaptation du c\u0153ur et de l'organisme \u00e0 l'insuffisance cardiaque","description":"Lors d'une crise cardiaque, votre organisme s'adaptera pour essayer de garantir la quantit\u00e9 de sang dont votre corps a besoin. C'est ce que l'on appelle la compensation. En savoir plus","robots":{"index":"index","follow":"follow","max-snippet":"max-snippet:-1","max-image-preview":"max-image-preview:large","max-video-preview":"max-video-preview:-1"},"canonical":"https:\/\/www.heartfailurematters.org\/fr\/comprendre-linsuffisance-cardiaque\/comment-votre-coeur-et-votre-corps-sadaptent-ils-en-cas-dinsuffisance-cardiaque\/","og_locale":"fr_FR","og_type":"article","og_title":"Adaptation du c\u0153ur et de l'organisme \u00e0 l'insuffisance cardiaque","og_description":"Lors d'une crise cardiaque, votre organisme s'adaptera pour essayer de garantir la quantit\u00e9 de sang dont votre corps a besoin. C'est ce que l'on appelle la compensation. En savoir plus","og_url":"https:\/\/www.heartfailurematters.org\/fr\/comprendre-linsuffisance-cardiaque\/comment-votre-coeur-et-votre-corps-sadaptent-ils-en-cas-dinsuffisance-cardiaque\/","og_site_name":"Heart Failure Matters","article_publisher":"https:\/\/www.facebook.com\/heartfailurematters","article_modified_time":"2021-08-09T11:19:11+00:00","twitter_card":"summary_large_image","twitter_misc":{"Dur\u00e9e de lecture estim\u00e9e":"1 minute"},"schema":{"@context":"https:\/\/schema.org","@graph":[{"@type":"WebPage","@id":"https:\/\/www.heartfailurematters.org\/fr\/comprendre-linsuffisance-cardiaque\/comment-votre-coeur-et-votre-corps-sadaptent-ils-en-cas-dinsuffisance-cardiaque\/","url":"https:\/\/www.heartfailurematters.org\/fr\/comprendre-linsuffisance-cardiaque\/comment-votre-coeur-et-votre-corps-sadaptent-ils-en-cas-dinsuffisance-cardiaque\/","name":"Adaptation du c\u0153ur et de l'organisme \u00e0 l'insuffisance cardiaque","isPartOf":{"@id":"https:\/\/www.heartfailurematters.org\/fr\/#website"},"datePublished":"2021-01-27T21:35:51+00:00","dateModified":"2021-08-09T11:19:11+00:00","description":"Lors d'une crise cardiaque, votre organisme s'adaptera pour essayer de garantir la quantit\u00e9 de sang dont votre corps a besoin. C'est ce que l'on appelle la compensation. En savoir plus","breadcrumb":{"@id":"https:\/\/www.heartfailurematters.org\/fr\/comprendre-linsuffisance-cardiaque\/comment-votre-coeur-et-votre-corps-sadaptent-ils-en-cas-dinsuffisance-cardiaque\/#breadcrumb"},"inLanguage":"fr-FR","potentialAction":[{"@type":"ReadAction","target":["https:\/\/www.heartfailurematters.org\/fr\/comprendre-linsuffisance-cardiaque\/comment-votre-coeur-et-votre-corps-sadaptent-ils-en-cas-dinsuffisance-cardiaque\/"]}]},{"@type":"BreadcrumbList","@id":"https:\/\/www.heartfailurematters.org\/fr\/comprendre-linsuffisance-cardiaque\/comment-votre-coeur-et-votre-corps-sadaptent-ils-en-cas-dinsuffisance-cardiaque\/#breadcrumb","itemListElement":[{"@type":"ListItem","position":1,"name":"Accueil","item":"https:\/\/www.heartfailurematters.org\/fr\/"},{"@type":"ListItem","position":2,"name":"Comprendre l&#8217;insuffisance cardiaque","item":"https:\/\/www.heartfailurematters.org\/fr\/comprendre-linsuffisance-cardiaque\/"},{"@type":"ListItem","position":3,"name":"Comment votre c\u0153ur et votre corps s\u2019adaptent-ils en cas d\u2019insuffisance cardiaque\u00a0?"}]},{"@type":"WebSite","@id":"https:\/\/www.heartfailurematters.org\/fr\/#website","url":"https:\/\/www.heartfailurematters.org\/fr\/","name":"Heart Failure Matters","description":"Practical information for patients, families and caregivers.","publisher":{"@id":"https:\/\/www.heartfailurematters.org\/fr\/#organization"},"potentialAction":[{"@type":"SearchAction","target":{"@type":"EntryPoint","urlTemplate":"https:\/\/www.heartfailurematters.org\/fr\/?s={search_term_string}"},"query-input":{"@type":"PropertyValueSpecification","valueRequired":true,"valueName":"search_term_string"}}],"inLanguage":"fr-FR"},{"@type":"Organization","@id":"https:\/\/www.heartfailurematters.org\/fr\/#organization","name":"Heart Failure Matters","url":"https:\/\/www.heartfailurematters.org\/fr\/","logo":{"@type":"ImageObject","inLanguage":"fr-FR","@id":"https:\/\/www.heartfailurematters.org\/fr\/#\/schema\/logo\/image\/","url":"https:\/\/cdn-endpoint-hfm.azureedge.net\/heartfailurematters\/2024\/07\/hfm-logo1.jpg","contentUrl":"https:\/\/cdn-endpoint-hfm.azureedge.net\/heartfailurematters\/2024\/07\/hfm-logo1.jpg","width":1280,"height":720,"caption":"Heart Failure Matters"},"image":{"@id":"https:\/\/www.heartfailurematters.org\/fr\/#\/schema\/logo\/image\/"},"sameAs":["https:\/\/www.facebook.com\/heartfailurematters"]}]}},"_links":{"self":[{"href":"https:\/\/www.heartfailurematters.org\/fr\/wp-json\/wp\/v2\/pages\/382","targetHints":{"allow":["GET"]}}],"collection":[{"href":"https:\/\/www.heartfailurematters.org\/fr\/wp-json\/wp\/v2\/pages"}],"about":[{"href":"https:\/\/www.heartfailurematters.org\/fr\/wp-json\/wp\/v2\/types\/page"}],"author":[{"embeddable":true,"href":"https:\/\/www.heartfailurematters.org\/fr\/wp-json\/wp\/v2\/users\/1"}],"replies":[{"embeddable":true,"href":"https:\/\/www.heartfailurematters.org\/fr\/wp-json\/wp\/v2\/comments?post=382"}],"version-history":[{"count":1,"href":"https:\/\/www.heartfailurematters.org\/fr\/wp-json\/wp\/v2\/pages\/382\/revisions"}],"predecessor-version":[{"id":9715,"href":"https:\/\/www.heartfailurematters.org\/fr\/wp-json\/wp\/v2\/pages\/382\/revisions\/9715"}],"up":[{"embeddable":true,"href":"https:\/\/www.heartfailurematters.org\/fr\/wp-json\/wp\/v2\/pages\/307"}],"wp:attachment":[{"href":"https:\/\/www.heartfailurematters.org\/fr\/wp-json\/wp\/v2\/media?parent=382"}],"wp:term":[{"taxonomy":"category","embeddable":true,"href":"https:\/\/www.heartfailurematters.org\/fr\/wp-json\/wp\/v2\/categories?post=382"},{"taxonomy":"post_tag","embeddable":true,"href":"https:\/\/www.heartfailurematters.org\/fr\/wp-json\/wp\/v2\/tags?post=382"}],"curies":[{"name":"wp","href":"https:\/\/api.w.org\/{rel}","templated":true}]}}