{"id":380,"date":"2021-01-27T21:35:51","date_gmt":"2021-01-27T21:35:51","guid":{"rendered":"http:\/\/heartfailurematters.local:8888\/ordre-de-ne-pas-reanimer\/"},"modified":"2021-01-27T21:35:51","modified_gmt":"2021-01-27T21:35:51","slug":"ordre-de-ne-pas-reanimer","status":"publish","type":"page","link":"https:\/\/www.heartfailurematters.org\/fr\/vivre-avec-une-insuffisance-cardiaque\/ordre-de-ne-pas-reanimer\/","title":{"rendered":"Ordre de \u00ab\u00a0Ne pas r\u00e9animer\u00a0\u00bb"},"content":{"rendered":"<p>Un ordre de&nbsp;<a class=\"addtooltip\" title=\"Document qui indique aux professionnels de sant\u00e9 qui vous soignent que vous ne souhaitez pas \u00eatre r\u00e9anim\u00e9 si votre c\u0153ur cesse de battre et si vous cessez de respirer. \"><strong title=\"\">ne pas r\u00e9animer (NPR)<\/strong><\/a> est un document qui indique aux m\u00e9decins, aux infirmi\u00e8res et aux autres personnels de secours ce qu&rsquo;ils ne doivent pas faire quand une personne cesse de respirer, ou quand son rythme cardiaque menace sa vie. Ce document peut inclure des directives sur les m\u00e9thodes \u00e0 \u00e9viter pour r\u00e9animer quelqu&rsquo;un, comme celles indiqu\u00e9es ci-dessous&nbsp;:<\/p>\n<ul>\n<li><a class=\"addtooltip\" title=\"Intervention vitale qui consiste \u00e0 exercer une pression manuelle de la poitrine pour continuer \u00e0 faire battre le c\u0153ur et \u00e0 insuffler une respiration par bouche \u00e0 bouche pour maintenir la respiration.\n\"><strong title=\"\">R\u00e9animation cardio-respiratoire (RCR)<\/strong><\/a><br \/>Pression manuelle de la poitrine et respiration par bouche \u00e0 bouche pour faire circuler le sang et oxyg\u00e9ner les poumons.<\/li>\n<li><a class=\"addtooltip\" title=\"Intervention visant \u00e0 corriger un rythme cardiaque anormal en administrant une d\u00e9charge \u00e9lectrique dans la poitrine.\"><strong title=\"\">D\u00e9fibrillation<\/strong><\/a><br \/>Administration d\u2019une d\u00e9charge \u00e9lectrique au c\u0153ur pour r\u00e9tablir des battements cardiaques normaux.<\/li>\n<li><a class=\"addtooltip\" title=\"Utilisation d\u2019une machine pour contr\u00f4ler la respiration d\u2019une personne et lui fournir de l\u2019oxyg\u00e8ne.\"><strong title=\"\">Respirateur (machine et tube pour la respiration)<\/strong><\/a><br \/>Utilis\u00e9 pour aider une personne inconsciente \u00e0 respirer.<\/li>\n<li><strong>M\u00e9dicament<\/strong><br \/>Administration de m\u00e9dicaments pour r\u00e9tablir une fr\u00e9quence cardiaque ad\u00e9quate et am\u00e9liorer la circulation du sang vers les organes principaux. La pr\u00e9sence d&rsquo;un appareil n&#8217;emp\u00eache aucune sorte de mesure et ne complique pas le traitement jug\u00e9 appropri\u00e9 selon le contenu de l&rsquo;ordre de ne pas r\u00e9animer.<\/li>\n<\/ul>\n<p>La d\u00e9cision de r\u00e9diger un ordre de ne pas r\u00e9animer vous appartient. Vous pouvez la prendre avec votre famille, en consultant votre m\u00e9decin.<\/p>\n<p><a href=\"https:\/\/www.heartfailurematters.org\/fr\/vivre-avec-une-insuffisance-cardiaque\/planification-de-la-fin-de-vie\/\" title=\"Return to Planning for the end of life\">Retourner \u00e0 la rubrique \u00ab&nbsp;Planification de la fin de vie&nbsp;\u00bb<\/a><\/p>\n","protected":false},"excerpt":{"rendered":"<p>Un ordre de&nbsp;ne pas r\u00e9animer (NPR) est un document qui indique aux m\u00e9decins, aux infirmi\u00e8res et aux autres personnels de secours ce qu&rsquo;ils ne doivent pas faire quand une personne cesse de respirer, ou quand son rythme cardiaque menace sa vie. Ce document peut inclure des directives sur les m\u00e9thodes \u00e0 \u00e9viter pour r\u00e9animer quelqu&rsquo;un, [&hellip;]<\/p>\n","protected":false},"author":1,"featured_media":11156,"parent":2812,"menu_order":0,"comment_status":"open","ping_status":"open","template":"","meta":{"_acf_changed":false,"footnotes":""},"categories":[],"tags":[],"class_list":["post-380","page","type-page","status-publish","has-post-thumbnail","hentry"],"acf":[],"yoast_head":"<!-- This site is optimized with the Yoast SEO plugin v24.8.1 - https:\/\/yoast.com\/wordpress\/plugins\/seo\/ -->\n<title>Ordre de \u00ab\u00a0Ne pas r\u00e9animer\u00a0\u00bb - Heart Failure Matters<\/title>\n<meta name=\"description\" content=\"Un ordre de ne pas r\u00e9animer est un document qui indique aux m\u00e9decins, aux infirmiers\/\u00e8res et aux autres membres du personnel m\u00e9dical d&#039;urgence ce qu&#039;ils ne doivent pas faire lorsqu&#039;une personne cesse de respirer ou lorsque son rythme cardiaque met sa vie en danger.\" \/>\n<meta name=\"robots\" content=\"index, follow, max-snippet:-1, max-image-preview:large, max-video-preview:-1\" \/>\n<link rel=\"canonical\" href=\"https:\/\/www.heartfailurematters.org\/fr\/vivre-avec-une-insuffisance-cardiaque\/ordre-de-ne-pas-reanimer\/\" \/>\n<meta property=\"og:locale\" content=\"fr_FR\" \/>\n<meta property=\"og:type\" content=\"article\" \/>\n<meta property=\"og:title\" content=\"Ordre de \u00ab\u00a0Ne pas r\u00e9animer\u00a0\u00bb - Heart Failure Matters\" \/>\n<meta property=\"og:description\" content=\"Un ordre de ne pas r\u00e9animer est un document qui indique aux m\u00e9decins, aux infirmiers\/\u00e8res et aux autres membres du personnel m\u00e9dical d&#039;urgence ce qu&#039;ils ne doivent pas faire lorsqu&#039;une personne cesse de respirer ou lorsque son rythme cardiaque met sa vie en danger.\" \/>\n<meta property=\"og:url\" content=\"https:\/\/www.heartfailurematters.org\/fr\/vivre-avec-une-insuffisance-cardiaque\/ordre-de-ne-pas-reanimer\/\" \/>\n<meta property=\"og:site_name\" content=\"Heart Failure Matters\" \/>\n<meta property=\"article:publisher\" content=\"https:\/\/www.facebook.com\/heartfailurematters\" \/>\n<meta property=\"og:image\" content=\"https:\/\/www.heartfailurematters.org\/wp-content\/uploads\/2022\/03\/shutterstock_1544093657-1-min.jpg\" \/>\n\t<meta property=\"og:image:width\" content=\"900\" \/>\n\t<meta property=\"og:image:height\" content=\"600\" \/>\n\t<meta property=\"og:image:type\" content=\"image\/jpeg\" \/>\n<meta name=\"twitter:card\" content=\"summary_large_image\" \/>\n<meta name=\"twitter:label1\" content=\"Dur\u00e9e de lecture estim\u00e9e\" \/>\n\t<meta name=\"twitter:data1\" content=\"1 minute\" \/>\n<script type=\"application\/ld+json\" class=\"yoast-schema-graph\">{\"@context\":\"https:\/\/schema.org\",\"@graph\":[{\"@type\":\"WebPage\",\"@id\":\"https:\/\/www.heartfailurematters.org\/fr\/vivre-avec-une-insuffisance-cardiaque\/ordre-de-ne-pas-reanimer\/\",\"url\":\"https:\/\/www.heartfailurematters.org\/fr\/vivre-avec-une-insuffisance-cardiaque\/ordre-de-ne-pas-reanimer\/\",\"name\":\"Ordre de \u00ab\u00a0Ne pas r\u00e9animer\u00a0\u00bb - Heart Failure Matters\",\"isPartOf\":{\"@id\":\"https:\/\/www.heartfailurematters.org\/fr\/#website\"},\"primaryImageOfPage\":{\"@id\":\"https:\/\/www.heartfailurematters.org\/fr\/vivre-avec-une-insuffisance-cardiaque\/ordre-de-ne-pas-reanimer\/#primaryimage\"},\"image\":{\"@id\":\"https:\/\/www.heartfailurematters.org\/fr\/vivre-avec-une-insuffisance-cardiaque\/ordre-de-ne-pas-reanimer\/#primaryimage\"},\"thumbnailUrl\":\"https:\/\/www.heartfailurematters.org\/wp-content\/uploads\/2022\/03\/shutterstock_1544093657-1-min.jpg\",\"datePublished\":\"2021-01-27T21:35:51+00:00\",\"description\":\"Un ordre de ne pas r\u00e9animer est un document qui indique aux m\u00e9decins, aux infirmiers\/\u00e8res et aux autres membres du personnel m\u00e9dical d'urgence ce qu'ils ne doivent pas faire lorsqu'une personne cesse de respirer ou lorsque son rythme cardiaque met sa vie en danger.\",\"breadcrumb\":{\"@id\":\"https:\/\/www.heartfailurematters.org\/fr\/vivre-avec-une-insuffisance-cardiaque\/ordre-de-ne-pas-reanimer\/#breadcrumb\"},\"inLanguage\":\"fr-FR\",\"potentialAction\":[{\"@type\":\"ReadAction\",\"target\":[\"https:\/\/www.heartfailurematters.org\/fr\/vivre-avec-une-insuffisance-cardiaque\/ordre-de-ne-pas-reanimer\/\"]}]},{\"@type\":\"ImageObject\",\"inLanguage\":\"fr-FR\",\"@id\":\"https:\/\/www.heartfailurematters.org\/fr\/vivre-avec-une-insuffisance-cardiaque\/ordre-de-ne-pas-reanimer\/#primaryimage\",\"url\":\"https:\/\/www.heartfailurematters.org\/wp-content\/uploads\/2022\/03\/shutterstock_1544093657-1-min.jpg\",\"contentUrl\":\"https:\/\/www.heartfailurematters.org\/wp-content\/uploads\/2022\/03\/shutterstock_1544093657-1-min.jpg\",\"width\":900,\"height\":600},{\"@type\":\"BreadcrumbList\",\"@id\":\"https:\/\/www.heartfailurematters.org\/fr\/vivre-avec-une-insuffisance-cardiaque\/ordre-de-ne-pas-reanimer\/#breadcrumb\",\"itemListElement\":[{\"@type\":\"ListItem\",\"position\":1,\"name\":\"Accueil\",\"item\":\"https:\/\/www.heartfailurematters.org\/fr\/\"},{\"@type\":\"ListItem\",\"position\":2,\"name\":\"Vivre avec l&#8217;insuffisance cardiaque\",\"item\":\"https:\/\/www.heartfailurematters.org\/fr\/vivre-avec-une-insuffisance-cardiaque\/\"},{\"@type\":\"ListItem\",\"position\":3,\"name\":\"Ordre de \u00ab\u00a0Ne pas r\u00e9animer\u00a0\u00bb\"}]},{\"@type\":\"WebSite\",\"@id\":\"https:\/\/www.heartfailurematters.org\/fr\/#website\",\"url\":\"https:\/\/www.heartfailurematters.org\/fr\/\",\"name\":\"Heart Failure Matters\",\"description\":\"Practical information for patients, families and caregivers.\",\"publisher\":{\"@id\":\"https:\/\/www.heartfailurematters.org\/fr\/#organization\"},\"potentialAction\":[{\"@type\":\"SearchAction\",\"target\":{\"@type\":\"EntryPoint\",\"urlTemplate\":\"https:\/\/www.heartfailurematters.org\/fr\/?s={search_term_string}\"},\"query-input\":{\"@type\":\"PropertyValueSpecification\",\"valueRequired\":true,\"valueName\":\"search_term_string\"}}],\"inLanguage\":\"fr-FR\"},{\"@type\":\"Organization\",\"@id\":\"https:\/\/www.heartfailurematters.org\/fr\/#organization\",\"name\":\"Heart Failure Matters\",\"url\":\"https:\/\/www.heartfailurematters.org\/fr\/\",\"logo\":{\"@type\":\"ImageObject\",\"inLanguage\":\"fr-FR\",\"@id\":\"https:\/\/www.heartfailurematters.org\/fr\/#\/schema\/logo\/image\/\",\"url\":\"https:\/\/cdn-endpoint-hfm.azureedge.net\/heartfailurematters\/2024\/07\/hfm-logo1.jpg\",\"contentUrl\":\"https:\/\/cdn-endpoint-hfm.azureedge.net\/heartfailurematters\/2024\/07\/hfm-logo1.jpg\",\"width\":1280,\"height\":720,\"caption\":\"Heart Failure Matters\"},\"image\":{\"@id\":\"https:\/\/www.heartfailurematters.org\/fr\/#\/schema\/logo\/image\/\"},\"sameAs\":[\"https:\/\/www.facebook.com\/heartfailurematters\"]}]}<\/script>\n<!-- \/ Yoast SEO plugin. -->","yoast_head_json":{"title":"Ordre de \u00ab\u00a0Ne pas r\u00e9animer\u00a0\u00bb - Heart Failure Matters","description":"Un ordre de ne pas r\u00e9animer est un document qui indique aux m\u00e9decins, aux infirmiers\/\u00e8res et aux autres membres du personnel m\u00e9dical d'urgence ce qu'ils ne doivent pas faire lorsqu'une personne cesse de respirer ou lorsque son rythme cardiaque met sa vie en danger.","robots":{"index":"index","follow":"follow","max-snippet":"max-snippet:-1","max-image-preview":"max-image-preview:large","max-video-preview":"max-video-preview:-1"},"canonical":"https:\/\/www.heartfailurematters.org\/fr\/vivre-avec-une-insuffisance-cardiaque\/ordre-de-ne-pas-reanimer\/","og_locale":"fr_FR","og_type":"article","og_title":"Ordre de \u00ab\u00a0Ne pas r\u00e9animer\u00a0\u00bb - Heart Failure Matters","og_description":"Un ordre de ne pas r\u00e9animer est un document qui indique aux m\u00e9decins, aux infirmiers\/\u00e8res et aux autres membres du personnel m\u00e9dical d'urgence ce qu'ils ne doivent pas faire lorsqu'une personne cesse de respirer ou lorsque son rythme cardiaque met sa vie en danger.","og_url":"https:\/\/www.heartfailurematters.org\/fr\/vivre-avec-une-insuffisance-cardiaque\/ordre-de-ne-pas-reanimer\/","og_site_name":"Heart Failure Matters","article_publisher":"https:\/\/www.facebook.com\/heartfailurematters","og_image":[{"width":900,"height":600,"url":"https:\/\/www.heartfailurematters.org\/wp-content\/uploads\/2022\/03\/shutterstock_1544093657-1-min.jpg","type":"image\/jpeg"}],"twitter_card":"summary_large_image","twitter_misc":{"Dur\u00e9e de lecture estim\u00e9e":"1 minute"},"schema":{"@context":"https:\/\/schema.org","@graph":[{"@type":"WebPage","@id":"https:\/\/www.heartfailurematters.org\/fr\/vivre-avec-une-insuffisance-cardiaque\/ordre-de-ne-pas-reanimer\/","url":"https:\/\/www.heartfailurematters.org\/fr\/vivre-avec-une-insuffisance-cardiaque\/ordre-de-ne-pas-reanimer\/","name":"Ordre de \u00ab\u00a0Ne pas r\u00e9animer\u00a0\u00bb - Heart Failure Matters","isPartOf":{"@id":"https:\/\/www.heartfailurematters.org\/fr\/#website"},"primaryImageOfPage":{"@id":"https:\/\/www.heartfailurematters.org\/fr\/vivre-avec-une-insuffisance-cardiaque\/ordre-de-ne-pas-reanimer\/#primaryimage"},"image":{"@id":"https:\/\/www.heartfailurematters.org\/fr\/vivre-avec-une-insuffisance-cardiaque\/ordre-de-ne-pas-reanimer\/#primaryimage"},"thumbnailUrl":"https:\/\/www.heartfailurematters.org\/wp-content\/uploads\/2022\/03\/shutterstock_1544093657-1-min.jpg","datePublished":"2021-01-27T21:35:51+00:00","description":"Un ordre de ne pas r\u00e9animer est un document qui indique aux m\u00e9decins, aux infirmiers\/\u00e8res et aux autres membres du personnel m\u00e9dical d'urgence ce qu'ils ne doivent pas faire lorsqu'une personne cesse de respirer ou lorsque son rythme cardiaque met sa vie en danger.","breadcrumb":{"@id":"https:\/\/www.heartfailurematters.org\/fr\/vivre-avec-une-insuffisance-cardiaque\/ordre-de-ne-pas-reanimer\/#breadcrumb"},"inLanguage":"fr-FR","potentialAction":[{"@type":"ReadAction","target":["https:\/\/www.heartfailurematters.org\/fr\/vivre-avec-une-insuffisance-cardiaque\/ordre-de-ne-pas-reanimer\/"]}]},{"@type":"ImageObject","inLanguage":"fr-FR","@id":"https:\/\/www.heartfailurematters.org\/fr\/vivre-avec-une-insuffisance-cardiaque\/ordre-de-ne-pas-reanimer\/#primaryimage","url":"https:\/\/www.heartfailurematters.org\/wp-content\/uploads\/2022\/03\/shutterstock_1544093657-1-min.jpg","contentUrl":"https:\/\/www.heartfailurematters.org\/wp-content\/uploads\/2022\/03\/shutterstock_1544093657-1-min.jpg","width":900,"height":600},{"@type":"BreadcrumbList","@id":"https:\/\/www.heartfailurematters.org\/fr\/vivre-avec-une-insuffisance-cardiaque\/ordre-de-ne-pas-reanimer\/#breadcrumb","itemListElement":[{"@type":"ListItem","position":1,"name":"Accueil","item":"https:\/\/www.heartfailurematters.org\/fr\/"},{"@type":"ListItem","position":2,"name":"Vivre avec l&#8217;insuffisance cardiaque","item":"https:\/\/www.heartfailurematters.org\/fr\/vivre-avec-une-insuffisance-cardiaque\/"},{"@type":"ListItem","position":3,"name":"Ordre de \u00ab\u00a0Ne pas r\u00e9animer\u00a0\u00bb"}]},{"@type":"WebSite","@id":"https:\/\/www.heartfailurematters.org\/fr\/#website","url":"https:\/\/www.heartfailurematters.org\/fr\/","name":"Heart Failure Matters","description":"Practical information for patients, families and caregivers.","publisher":{"@id":"https:\/\/www.heartfailurematters.org\/fr\/#organization"},"potentialAction":[{"@type":"SearchAction","target":{"@type":"EntryPoint","urlTemplate":"https:\/\/www.heartfailurematters.org\/fr\/?s={search_term_string}"},"query-input":{"@type":"PropertyValueSpecification","valueRequired":true,"valueName":"search_term_string"}}],"inLanguage":"fr-FR"},{"@type":"Organization","@id":"https:\/\/www.heartfailurematters.org\/fr\/#organization","name":"Heart Failure Matters","url":"https:\/\/www.heartfailurematters.org\/fr\/","logo":{"@type":"ImageObject","inLanguage":"fr-FR","@id":"https:\/\/www.heartfailurematters.org\/fr\/#\/schema\/logo\/image\/","url":"https:\/\/cdn-endpoint-hfm.azureedge.net\/heartfailurematters\/2024\/07\/hfm-logo1.jpg","contentUrl":"https:\/\/cdn-endpoint-hfm.azureedge.net\/heartfailurematters\/2024\/07\/hfm-logo1.jpg","width":1280,"height":720,"caption":"Heart Failure Matters"},"image":{"@id":"https:\/\/www.heartfailurematters.org\/fr\/#\/schema\/logo\/image\/"},"sameAs":["https:\/\/www.facebook.com\/heartfailurematters"]}]}},"_links":{"self":[{"href":"https:\/\/www.heartfailurematters.org\/fr\/wp-json\/wp\/v2\/pages\/380","targetHints":{"allow":["GET"]}}],"collection":[{"href":"https:\/\/www.heartfailurematters.org\/fr\/wp-json\/wp\/v2\/pages"}],"about":[{"href":"https:\/\/www.heartfailurematters.org\/fr\/wp-json\/wp\/v2\/types\/page"}],"author":[{"embeddable":true,"href":"https:\/\/www.heartfailurematters.org\/fr\/wp-json\/wp\/v2\/users\/1"}],"replies":[{"embeddable":true,"href":"https:\/\/www.heartfailurematters.org\/fr\/wp-json\/wp\/v2\/comments?post=380"}],"version-history":[{"count":0,"href":"https:\/\/www.heartfailurematters.org\/fr\/wp-json\/wp\/v2\/pages\/380\/revisions"}],"up":[{"embeddable":true,"href":"https:\/\/www.heartfailurematters.org\/fr\/wp-json\/wp\/v2\/pages\/2812"}],"wp:featuredmedia":[{"embeddable":true,"href":"https:\/\/www.heartfailurematters.org\/fr\/wp-json\/wp\/v2\/media\/11156"}],"wp:attachment":[{"href":"https:\/\/www.heartfailurematters.org\/fr\/wp-json\/wp\/v2\/media?parent=380"}],"wp:term":[{"taxonomy":"category","embeddable":true,"href":"https:\/\/www.heartfailurematters.org\/fr\/wp-json\/wp\/v2\/categories?post=380"},{"taxonomy":"post_tag","embeddable":true,"href":"https:\/\/www.heartfailurematters.org\/fr\/wp-json\/wp\/v2\/tags?post=380"}],"curies":[{"name":"wp","href":"https:\/\/api.w.org\/{rel}","templated":true}]}}