{"id":374,"date":"2021-01-27T21:35:51","date_gmt":"2021-01-27T21:35:51","guid":{"rendered":"http:\/\/heartfailurematters.local:8888\/mes-medicaments\/"},"modified":"2021-01-27T21:35:51","modified_gmt":"2021-01-27T21:35:51","slug":"mes-medicaments","status":"publish","type":"page","link":"https:\/\/www.heartfailurematters.org\/fr\/questions-a-poser-a-votre-medecin\/mes-medicaments\/","title":{"rendered":"Mes m\u00e9dicaments"},"content":{"rendered":"<p>Pour savoir quels sont les traitements disponibles pour traiter l&rsquo;insuffisance cardiaque, vous pouvez consulter la rubrique des <a href=\"https:\/\/www.heartfailurematters.org\/fr\/ce-que-votre-medecin-ou-votre-infirmier-ere-peut-faire\/medicaments-contre-linsuffisance-cardiaque\/\">m&eacute;dicaments contre l&rsquo;insuffisance cardiaque<\/a>. Vous trouverez ci-dessous une liste de questions que vous pourriez poser &agrave; votre m&eacute;decin ou infirmi&egrave;re afin de vous aider &agrave; g&eacute;rer au mieux vos m&eacute;dicaments.<\/p>\n<p><strong>Mes m&eacute;dicaments peuvent-ils provoquer des effets secondaires&nbsp;?<\/strong><br \/>Discuter des effets secondaires de vos m&eacute;dicaments avec votre m&eacute;decin ou votre infirmi&egrave;re vous permettra de savoir &agrave; quoi vous attendre et de vous pr&eacute;parer &agrave; faire face &agrave; d&rsquo;&eacute;ventuels effets secondaires ind&eacute;sirables. Par exemple, si les vertiges sont un effet secondaire de votre traitement, il pourra vous &ecirc;tre conseill&eacute; de vous lever ou de sortir du lit plus lentement.<\/p>\n<p><strong>Combien de comprim&eacute;s devrais-je prendre et &agrave; quel moment&nbsp;?<\/strong><br \/>Cr&eacute;er votre propre tableau de m&eacute;dicaments devrait vous aider &agrave; bien g&eacute;rer vos m&eacute;dicaments (nombre et heure des prises).<\/p>\n<p><strong>Que faire si j&rsquo;oublie un comprim&eacute;&nbsp;?<\/strong><br \/>Votre&nbsp;<span style=\"font-weight: 400;\">m&eacute;decin saura vous conseiller en cas d&rsquo;oubli d&rsquo;une ou de plusieurs doses. Pour optimiser leur efficacit&eacute;, la plupart des m&eacute;dicaments contre l&rsquo;insuffisance cardiaque doivent &ecirc;tre pris &agrave; la bonne dose et au bon moment. En prenant un comprim&eacute;&nbsp;en retard, ou deux en m&ecirc;me temps, vous risquez d&rsquo;augmenter la quantit&eacute; de m&eacute;dicament dans votre <\/span><span style=\"font-weight: 400;\">organisme<\/span><span style=\"font-weight: 400;\">, ce qui pourrait&nbsp;produire des effets secondaires. Cependant, si vous oubliez un diur&eacute;tique, vous pouvez habituellement le prendre sans probl&egrave;me plus tard dans la journ&eacute;e.<\/span><\/p>\n<p><strong>&Agrave; quelle fr&eacute;quence dois-je faire renouveler mon ordonnance&nbsp;?<\/strong><br \/>Vos m&eacute;dicaments vous seront prescrits pour une dur&eacute;e pr&eacute;cise et on vous informera&nbsp;de la proc&eacute;dure &agrave; suivre pour obtenir une nouvelle ordonnance&nbsp;:&nbsp;soit en prenant&nbsp;un autre rendez-vous, soit en allant les chercher &agrave; votre centre ou &agrave; la pharmacie. La plupart des m&eacute;dicaments contre l&rsquo;insuffisance cardiaque doivent &ecirc;tre pris quotidiennement&nbsp;; il est donc important de prendre les devants afin de ne jamais &ecirc;tre &agrave; court de m&eacute;dicaments. Pensez aux vacances ou aux voyages pr&eacute;vus.<\/p>\n","protected":false},"excerpt":{"rendered":"<p>Pour savoir quels sont les traitements disponibles pour traiter l&rsquo;insuffisance cardiaque, vous pouvez consulter la rubrique des m&eacute;dicaments contre l&rsquo;insuffisance cardiaque. Vous trouverez ci-dessous une liste de questions que vous pourriez poser &agrave; votre m&eacute;decin ou infirmi&egrave;re afin de vous aider &agrave; g&eacute;rer au mieux vos m&eacute;dicaments. Mes m&eacute;dicaments peuvent-ils provoquer des effets secondaires&nbsp;?Discuter des [&hellip;]<\/p>\n","protected":false},"author":1,"featured_media":10868,"parent":2761,"menu_order":2,"comment_status":"open","ping_status":"closed","template":"","meta":{"_acf_changed":false,"footnotes":""},"categories":[64],"tags":[],"class_list":["post-374","page","type-page","status-publish","has-post-thumbnail","hentry","category-ask-your-doctor-fr"],"acf":[],"yoast_head":"<!-- This site is optimized with the Yoast SEO plugin v24.8.1 - https:\/\/yoast.com\/wordpress\/plugins\/seo\/ -->\n<title>Mes m\u00e9dicaments - Heart Failure Matters<\/title>\n<meta name=\"description\" content=\"Vous trouverez ci-dessous une liste de questions que vous voudrez peut-\u00eatre poser \u00e0 votre m\u00e9decin ou \u00e0 votre infirmier\/\u00e8re pour vous aider \u00e0 g\u00e9rer vos m\u00e9dicaments aussi efficacement que possible.\" \/>\n<meta name=\"robots\" content=\"index, follow, max-snippet:-1, max-image-preview:large, max-video-preview:-1\" \/>\n<link rel=\"canonical\" href=\"https:\/\/www.heartfailurematters.org\/fr\/questions-a-poser-a-votre-medecin\/mes-medicaments\/\" \/>\n<meta property=\"og:locale\" content=\"fr_FR\" \/>\n<meta property=\"og:type\" content=\"article\" \/>\n<meta property=\"og:title\" content=\"Mes m\u00e9dicaments - Heart Failure Matters\" \/>\n<meta property=\"og:description\" content=\"Vous trouverez ci-dessous une liste de questions que vous voudrez peut-\u00eatre poser \u00e0 votre m\u00e9decin ou \u00e0 votre infirmier\/\u00e8re pour vous aider \u00e0 g\u00e9rer vos m\u00e9dicaments aussi efficacement que possible.\" \/>\n<meta property=\"og:url\" content=\"https:\/\/www.heartfailurematters.org\/fr\/questions-a-poser-a-votre-medecin\/mes-medicaments\/\" \/>\n<meta property=\"og:site_name\" content=\"Heart Failure Matters\" \/>\n<meta property=\"article:publisher\" content=\"https:\/\/www.facebook.com\/heartfailurematters\" \/>\n<meta property=\"og:image\" content=\"https:\/\/www.heartfailurematters.org\/wp-content\/uploads\/2022\/03\/shutterstock_441673426-1-min.jpg?_t=1773139942\" \/>\n\t<meta property=\"og:image:width\" content=\"900\" \/>\n\t<meta property=\"og:image:height\" content=\"596\" \/>\n\t<meta property=\"og:image:type\" content=\"image\/jpeg\" \/>\n<meta name=\"twitter:card\" content=\"summary_large_image\" \/>\n<meta name=\"twitter:label1\" content=\"Dur\u00e9e de lecture estim\u00e9e\" \/>\n\t<meta name=\"twitter:data1\" content=\"2 minutes\" \/>\n<script type=\"application\/ld+json\" class=\"yoast-schema-graph\">{\"@context\":\"https:\/\/schema.org\",\"@graph\":[{\"@type\":\"WebPage\",\"@id\":\"https:\/\/www.heartfailurematters.org\/fr\/questions-a-poser-a-votre-medecin\/mes-medicaments\/\",\"url\":\"https:\/\/www.heartfailurematters.org\/fr\/questions-a-poser-a-votre-medecin\/mes-medicaments\/\",\"name\":\"Mes m\u00e9dicaments - Heart Failure Matters\",\"isPartOf\":{\"@id\":\"https:\/\/www.heartfailurematters.org\/fr\/#website\"},\"primaryImageOfPage\":{\"@id\":\"https:\/\/www.heartfailurematters.org\/fr\/questions-a-poser-a-votre-medecin\/mes-medicaments\/#primaryimage\"},\"image\":{\"@id\":\"https:\/\/www.heartfailurematters.org\/fr\/questions-a-poser-a-votre-medecin\/mes-medicaments\/#primaryimage\"},\"thumbnailUrl\":\"https:\/\/www.heartfailurematters.org\/wp-content\/uploads\/2022\/03\/shutterstock_441673426-1-min.jpg\",\"datePublished\":\"2021-01-27T21:35:51+00:00\",\"description\":\"Vous trouverez ci-dessous une liste de questions que vous voudrez peut-\u00eatre poser \u00e0 votre m\u00e9decin ou \u00e0 votre infirmier\/\u00e8re pour vous aider \u00e0 g\u00e9rer vos m\u00e9dicaments aussi efficacement que possible.\",\"breadcrumb\":{\"@id\":\"https:\/\/www.heartfailurematters.org\/fr\/questions-a-poser-a-votre-medecin\/mes-medicaments\/#breadcrumb\"},\"inLanguage\":\"fr-FR\",\"potentialAction\":[{\"@type\":\"ReadAction\",\"target\":[\"https:\/\/www.heartfailurematters.org\/fr\/questions-a-poser-a-votre-medecin\/mes-medicaments\/\"]}]},{\"@type\":\"ImageObject\",\"inLanguage\":\"fr-FR\",\"@id\":\"https:\/\/www.heartfailurematters.org\/fr\/questions-a-poser-a-votre-medecin\/mes-medicaments\/#primaryimage\",\"url\":\"https:\/\/www.heartfailurematters.org\/wp-content\/uploads\/2022\/03\/shutterstock_441673426-1-min.jpg\",\"contentUrl\":\"https:\/\/www.heartfailurematters.org\/wp-content\/uploads\/2022\/03\/shutterstock_441673426-1-min.jpg\",\"width\":900,\"height\":596},{\"@type\":\"BreadcrumbList\",\"@id\":\"https:\/\/www.heartfailurematters.org\/fr\/questions-a-poser-a-votre-medecin\/mes-medicaments\/#breadcrumb\",\"itemListElement\":[{\"@type\":\"ListItem\",\"position\":1,\"name\":\"Accueil\",\"item\":\"https:\/\/www.heartfailurematters.org\/fr\/\"},{\"@type\":\"ListItem\",\"position\":2,\"name\":\"Posez des questions \u00e0 votre m\u00e9decin\",\"item\":\"https:\/\/www.heartfailurematters.org\/fr\/questions-a-poser-a-votre-medecin\/\"},{\"@type\":\"ListItem\",\"position\":3,\"name\":\"Mes m\u00e9dicaments\"}]},{\"@type\":\"WebSite\",\"@id\":\"https:\/\/www.heartfailurematters.org\/fr\/#website\",\"url\":\"https:\/\/www.heartfailurematters.org\/fr\/\",\"name\":\"Heart Failure Matters\",\"description\":\"Practical information for patients, families and caregivers.\",\"publisher\":{\"@id\":\"https:\/\/www.heartfailurematters.org\/fr\/#organization\"},\"potentialAction\":[{\"@type\":\"SearchAction\",\"target\":{\"@type\":\"EntryPoint\",\"urlTemplate\":\"https:\/\/www.heartfailurematters.org\/fr\/?s={search_term_string}\"},\"query-input\":{\"@type\":\"PropertyValueSpecification\",\"valueRequired\":true,\"valueName\":\"search_term_string\"}}],\"inLanguage\":\"fr-FR\"},{\"@type\":\"Organization\",\"@id\":\"https:\/\/www.heartfailurematters.org\/fr\/#organization\",\"name\":\"Heart Failure Matters\",\"url\":\"https:\/\/www.heartfailurematters.org\/fr\/\",\"logo\":{\"@type\":\"ImageObject\",\"inLanguage\":\"fr-FR\",\"@id\":\"https:\/\/www.heartfailurematters.org\/fr\/#\/schema\/logo\/image\/\",\"url\":\"https:\/\/cdn-endpoint-hfm.azureedge.net\/heartfailurematters\/2024\/07\/hfm-logo1.jpg\",\"contentUrl\":\"https:\/\/cdn-endpoint-hfm.azureedge.net\/heartfailurematters\/2024\/07\/hfm-logo1.jpg\",\"width\":1280,\"height\":720,\"caption\":\"Heart Failure Matters\"},\"image\":{\"@id\":\"https:\/\/www.heartfailurematters.org\/fr\/#\/schema\/logo\/image\/\"},\"sameAs\":[\"https:\/\/www.facebook.com\/heartfailurematters\"]}]}<\/script>\n<!-- \/ Yoast SEO plugin. -->","yoast_head_json":{"title":"Mes m\u00e9dicaments - Heart Failure Matters","description":"Vous trouverez ci-dessous une liste de questions que vous voudrez peut-\u00eatre poser \u00e0 votre m\u00e9decin ou \u00e0 votre infirmier\/\u00e8re pour vous aider \u00e0 g\u00e9rer vos m\u00e9dicaments aussi efficacement que possible.","robots":{"index":"index","follow":"follow","max-snippet":"max-snippet:-1","max-image-preview":"max-image-preview:large","max-video-preview":"max-video-preview:-1"},"canonical":"https:\/\/www.heartfailurematters.org\/fr\/questions-a-poser-a-votre-medecin\/mes-medicaments\/","og_locale":"fr_FR","og_type":"article","og_title":"Mes m\u00e9dicaments - Heart Failure Matters","og_description":"Vous trouverez ci-dessous une liste de questions que vous voudrez peut-\u00eatre poser \u00e0 votre m\u00e9decin ou \u00e0 votre infirmier\/\u00e8re pour vous aider \u00e0 g\u00e9rer vos m\u00e9dicaments aussi efficacement que possible.","og_url":"https:\/\/www.heartfailurematters.org\/fr\/questions-a-poser-a-votre-medecin\/mes-medicaments\/","og_site_name":"Heart Failure Matters","article_publisher":"https:\/\/www.facebook.com\/heartfailurematters","og_image":[{"width":900,"height":596,"url":"https:\/\/www.heartfailurematters.org\/wp-content\/uploads\/2022\/03\/shutterstock_441673426-1-min.jpg?_t=1773139942","type":"image\/jpeg"}],"twitter_card":"summary_large_image","twitter_misc":{"Dur\u00e9e de lecture estim\u00e9e":"2 minutes"},"schema":{"@context":"https:\/\/schema.org","@graph":[{"@type":"WebPage","@id":"https:\/\/www.heartfailurematters.org\/fr\/questions-a-poser-a-votre-medecin\/mes-medicaments\/","url":"https:\/\/www.heartfailurematters.org\/fr\/questions-a-poser-a-votre-medecin\/mes-medicaments\/","name":"Mes m\u00e9dicaments - Heart Failure Matters","isPartOf":{"@id":"https:\/\/www.heartfailurematters.org\/fr\/#website"},"primaryImageOfPage":{"@id":"https:\/\/www.heartfailurematters.org\/fr\/questions-a-poser-a-votre-medecin\/mes-medicaments\/#primaryimage"},"image":{"@id":"https:\/\/www.heartfailurematters.org\/fr\/questions-a-poser-a-votre-medecin\/mes-medicaments\/#primaryimage"},"thumbnailUrl":"https:\/\/www.heartfailurematters.org\/wp-content\/uploads\/2022\/03\/shutterstock_441673426-1-min.jpg","datePublished":"2021-01-27T21:35:51+00:00","description":"Vous trouverez ci-dessous une liste de questions que vous voudrez peut-\u00eatre poser \u00e0 votre m\u00e9decin ou \u00e0 votre infirmier\/\u00e8re pour vous aider \u00e0 g\u00e9rer vos m\u00e9dicaments aussi efficacement que possible.","breadcrumb":{"@id":"https:\/\/www.heartfailurematters.org\/fr\/questions-a-poser-a-votre-medecin\/mes-medicaments\/#breadcrumb"},"inLanguage":"fr-FR","potentialAction":[{"@type":"ReadAction","target":["https:\/\/www.heartfailurematters.org\/fr\/questions-a-poser-a-votre-medecin\/mes-medicaments\/"]}]},{"@type":"ImageObject","inLanguage":"fr-FR","@id":"https:\/\/www.heartfailurematters.org\/fr\/questions-a-poser-a-votre-medecin\/mes-medicaments\/#primaryimage","url":"https:\/\/www.heartfailurematters.org\/wp-content\/uploads\/2022\/03\/shutterstock_441673426-1-min.jpg","contentUrl":"https:\/\/www.heartfailurematters.org\/wp-content\/uploads\/2022\/03\/shutterstock_441673426-1-min.jpg","width":900,"height":596},{"@type":"BreadcrumbList","@id":"https:\/\/www.heartfailurematters.org\/fr\/questions-a-poser-a-votre-medecin\/mes-medicaments\/#breadcrumb","itemListElement":[{"@type":"ListItem","position":1,"name":"Accueil","item":"https:\/\/www.heartfailurematters.org\/fr\/"},{"@type":"ListItem","position":2,"name":"Posez des questions \u00e0 votre m\u00e9decin","item":"https:\/\/www.heartfailurematters.org\/fr\/questions-a-poser-a-votre-medecin\/"},{"@type":"ListItem","position":3,"name":"Mes m\u00e9dicaments"}]},{"@type":"WebSite","@id":"https:\/\/www.heartfailurematters.org\/fr\/#website","url":"https:\/\/www.heartfailurematters.org\/fr\/","name":"Heart Failure Matters","description":"Practical information for patients, families and caregivers.","publisher":{"@id":"https:\/\/www.heartfailurematters.org\/fr\/#organization"},"potentialAction":[{"@type":"SearchAction","target":{"@type":"EntryPoint","urlTemplate":"https:\/\/www.heartfailurematters.org\/fr\/?s={search_term_string}"},"query-input":{"@type":"PropertyValueSpecification","valueRequired":true,"valueName":"search_term_string"}}],"inLanguage":"fr-FR"},{"@type":"Organization","@id":"https:\/\/www.heartfailurematters.org\/fr\/#organization","name":"Heart Failure Matters","url":"https:\/\/www.heartfailurematters.org\/fr\/","logo":{"@type":"ImageObject","inLanguage":"fr-FR","@id":"https:\/\/www.heartfailurematters.org\/fr\/#\/schema\/logo\/image\/","url":"https:\/\/cdn-endpoint-hfm.azureedge.net\/heartfailurematters\/2024\/07\/hfm-logo1.jpg","contentUrl":"https:\/\/cdn-endpoint-hfm.azureedge.net\/heartfailurematters\/2024\/07\/hfm-logo1.jpg","width":1280,"height":720,"caption":"Heart Failure Matters"},"image":{"@id":"https:\/\/www.heartfailurematters.org\/fr\/#\/schema\/logo\/image\/"},"sameAs":["https:\/\/www.facebook.com\/heartfailurematters"]}]}},"_links":{"self":[{"href":"https:\/\/www.heartfailurematters.org\/fr\/wp-json\/wp\/v2\/pages\/374","targetHints":{"allow":["GET"]}}],"collection":[{"href":"https:\/\/www.heartfailurematters.org\/fr\/wp-json\/wp\/v2\/pages"}],"about":[{"href":"https:\/\/www.heartfailurematters.org\/fr\/wp-json\/wp\/v2\/types\/page"}],"author":[{"embeddable":true,"href":"https:\/\/www.heartfailurematters.org\/fr\/wp-json\/wp\/v2\/users\/1"}],"replies":[{"embeddable":true,"href":"https:\/\/www.heartfailurematters.org\/fr\/wp-json\/wp\/v2\/comments?post=374"}],"version-history":[{"count":0,"href":"https:\/\/www.heartfailurematters.org\/fr\/wp-json\/wp\/v2\/pages\/374\/revisions"}],"up":[{"embeddable":true,"href":"https:\/\/www.heartfailurematters.org\/fr\/wp-json\/wp\/v2\/pages\/2761"}],"wp:featuredmedia":[{"embeddable":true,"href":"https:\/\/www.heartfailurematters.org\/fr\/wp-json\/wp\/v2\/media\/10868"}],"wp:attachment":[{"href":"https:\/\/www.heartfailurematters.org\/fr\/wp-json\/wp\/v2\/media?parent=374"}],"wp:term":[{"taxonomy":"category","embeddable":true,"href":"https:\/\/www.heartfailurematters.org\/fr\/wp-json\/wp\/v2\/categories?post=374"},{"taxonomy":"post_tag","embeddable":true,"href":"https:\/\/www.heartfailurematters.org\/fr\/wp-json\/wp\/v2\/tags?post=374"}],"curies":[{"name":"wp","href":"https:\/\/api.w.org\/{rel}","templated":true}]}}