{"id":370,"date":"2021-01-27T21:35:47","date_gmt":"2021-01-27T21:35:47","guid":{"rendered":"http:\/\/heartfailurematters.local:8888\/virus-covid-19-et-insuffisance-cardiaque-informations-et-conseils\/"},"modified":"2021-08-12T11:48:00","modified_gmt":"2021-08-12T10:48:00","slug":"virus-covid-19-et-insuffisance-cardiaque-informations-et-conseils","status":"publish","type":"page","link":"https:\/\/www.heartfailurematters.org\/fr\/virus-covid-19-et-insuffisance-cardiaque-informations-et-conseils\/","title":{"rendered":"Virus COVID-19 et insuffisance cardiaque&nbsp;: Informations et conseils pratiques"},"content":{"rendered":"<blockquote><p>Nous encourageons fortement tous les patients souffrant d&rsquo;une insuffisance cardiaque \u00e0 se faire vacciner.<br \/>\n<a href=\"https:\/\/www.escardio.org\/Education\/COVID-19-and-Cardiology\/covid-19-and-vaccinations\" target=\"_blank\" rel=\"noopener\">Cliquez ici<\/a> pour plus d&rsquo;informations.<\/p><\/blockquote>\n<h2>Ce que les patients souffrant d&rsquo;insuffisance cardiaque doivent savoir sur le COVID-19<\/h2>\n<p>Le COVID-19 est un nouveau coronavirus. Il contient du mat\u00e9riel g\u00e9n\u00e9tique qui peut infecter les cellules humaines, lesquelles se multiplieront et produiront plus de virus. La pand\u00e9mie de COVID-19 est une urgence de sant\u00e9 publique qui \u00e9volue rapidement. Elle a commenc\u00e9 \u00e0 la fin du mois de d\u00e9cembre\u00a02019 dans la ville de Wuhan, situ\u00e9e dans la province du Hubei en Chine, et s&rsquo;est rapidement r\u00e9pandue dans les pays et territoires du monde entier.<\/p>\n<p>La propagation de l&rsquo;homme \u00e0 l&rsquo;homme se produit par la toux et les \u00e9ternuements. Les gouttelettes respiratoires portant le virus peuvent vous infecter en cas de contact avec la bouche, le nez ou les yeux. Le virus peut \u00e9galement contaminer les surfaces et survivre pendant plusieurs jours ou plus. Au moins 80\u00a0% des patients infect\u00e9s pr\u00e9sentent des sympt\u00f4mes l\u00e9gers et se r\u00e9tablissent sans besoin d&rsquo;une intervention m\u00e9dicale intensive.<\/p>\n<p>Les signes de COVID-19 comprennent des sympt\u00f4mes pseudo-grippaux tels que de la fi\u00e8vre, une toux nouvelle et persistante, de la fatigue, des maux de t\u00eate et des maux de gorge. Le virus peut entra\u00eener une pneumonie chez certains patients, accompagn\u00e9e de difficult\u00e9s respiratoires progressives et, dans les cas les plus graves, peut \u00eatre mortel. Toutefois, le taux global de mortalit\u00e9 clinique du COVID-19, d&rsquo;apr\u00e8s les rapports publi\u00e9s initialement, demeure faible, \u00e0 environ 2\u00a0%.<\/p>\n<h2>Que repr\u00e9sente le COVID-19 pour les patients souffrant d&rsquo;une insuffisance cardiaque\u00a0?<\/h2>\n<p>Des complications graves, n\u00e9cessitant une hospitalisation, qui augmentent consid\u00e9rablement avec l&rsquo;\u00e2ge. Les personnes de plus de 70\u00a0ans courent un risque particuli\u00e8rement \u00e9lev\u00e9, car bon nombre d&rsquo;entre elles souffrent \u00e9galement d&rsquo;insuffisance cardiaque et d&rsquo;autres probl\u00e8mes m\u00e9dicaux sous-jacents.<\/p>\n<p>Les patients atteints de maladies respiratoires chroniques, de maladies cardiovasculaires chroniques telles que l&rsquo;insuffisance cardiaque, le diab\u00e8te, l&rsquo;hypertension, le cancer et les maladies auto-immunes ou les patients prenant des m\u00e9dicaments immunosuppresseurs \u00e0 la suite d&rsquo;une transplantation sont plus vuln\u00e9rables face aux pires cons\u00e9quences du virus. Les patients souffrant d&rsquo;insuffisance cardiaque peuvent pr\u00e9senter au moins un ou plusieurs de ces autres probl\u00e8mes de sant\u00e9 et sont donc expos\u00e9s \u00e0 un risque plus \u00e9lev\u00e9 d&rsquo;hospitalisation et de complications graves.<\/p>\n<p>C&rsquo;est pour cela que les recommandations suivantes sont sugg\u00e9r\u00e9es\u00a0:<\/p>\n<table style=\"width: 100%; border-collapse: collapse;\">\n<tbody>\n<tr>\n<td style=\"border: solid 1px; background: #833C0B; padding: 10px;\">\n<p style=\"color: #fff;\" align=\"center\"><strong>Recommandations pour les patients souffrant d&rsquo;insuffisance cardiaque pendant la pand\u00e9mie de COVID-19<\/strong><\/p>\n<\/td>\n<\/tr>\n<tr>\n<td style=\"border: solid 1px #000; background: #BF8F00; color: #fff; padding: 10px;\">\n<p align=\"center\"><strong>Mesures g\u00e9n\u00e9rales de pr\u00e9vention<\/strong><\/p>\n<\/td>\n<\/tr>\n<tr>\n<td style=\"border: solid 1px; background: #FFE599; padding: 20px;\"><strong>1 &#8211; \u00c9vitez tout contact rapproch\u00e9 avec d&rsquo;autres personnes, m\u00eame si elles ne sont pas malades <\/strong>(poign\u00e9es de main, embrassades, baisers).<\/p>\n<p><strong>2\u00a0&#8211;\u00a0Gardez une distance d&rsquo;au moins 2\u00a0m\u00e8tres<\/strong> avec des personnes malades ou suspect\u00e9es d&rsquo;\u00eatre infect\u00e9es (celles qui ont r\u00e9cemment voyag\u00e9 dans un pays o\u00f9 l&rsquo;\u00e9pid\u00e9mie a r\u00e9cemment \u00e9clat\u00e9 ou qui ont \u00e9t\u00e9 expos\u00e9es \u00e0 un patient atteint du COVID-19).<\/p>\n<p><strong>3\u00a0&#8211;\u00a0Restez chez vous<\/strong> et \u00e9vitez les zones dens\u00e9ment peupl\u00e9es.<\/p>\n<p><strong>4\u00a0&#8211;\u00a0Lavez-vous les mains<\/strong><strong>fr\u00e9quemment<\/strong> au savon et \u00e0 l&rsquo;eau chaude pendant au moins 20\u00a0secondes apr\u00e8s avoir quitt\u00e9 la maison et apr\u00e8s avoir utilis\u00e9 les toilettes. Il est \u00e9galement recommand\u00e9 de se laver les mains apr\u00e8s s&rsquo;\u00eatre mouch\u00e9, avoir \u00e9ternu\u00e9 et avant de manger. Essayez d&rsquo;\u00e9viter de toucher les ordinateurs, les ordinateurs portables, les smartphones, les t\u00e9l\u00e9commandes et les autres surfaces potentiellement contamin\u00e9es si elles ont \u00e9t\u00e9 utilis\u00e9es par quelqu&rsquo;un d&rsquo;autre.<\/p>\n<p><strong>5\u00a0&#8211;\u00a0Ne restez pas dans la m\u00eame pi\u00e8ce<\/strong> qu&rsquo;une personne potentiellement malade.<\/p>\n<p><strong>6 &#8211; \u00c9vitez les rassemblements, les r\u00e9unions et les foules<\/strong>, et limitez les achats en magasin autant que possible.<\/p>\n<p><strong>7 &#8211; \u00c9vitez les d\u00e9placements en transports en commun<\/strong>, sauf s&rsquo;ils sont essentiels.<\/p>\n<p><strong>8 &#8211; \u00c9vitez de voyager<\/strong>, notamment dans les pays ayant de nombreux cas, sauf en cas d&rsquo;urgence.<\/p>\n<p><strong>9 &#8211; \u00c9vitez de vous toucher<\/strong> les yeux, le nez et la bouche. Ces mesures peuvent \u00eatre difficiles \u00e0 suivre, mais elles sont vitales. Pensez \u00e0 utiliser des gants pour r\u00e9duire l&rsquo;envie de toucher votre visage.<\/p>\n<p><strong>10\u00a0&#8211;\u00a0Nettoyez fr\u00e9quemment les<\/strong><strong>surfaces<\/strong> \u00e0 la maison ou au travail avec de l&rsquo;eau et du savon ou un st\u00e9rilisateur, ou encore un a\u00e9rosol \u00e0 base d&rsquo;alcool. Utilisez votre propre serviette.<\/td>\n<\/tr>\n<tr>\n<td style=\"border: solid 1px #000; background: #538135; color: #fff; padding: 10px;\">\n<p align=\"center\"><strong>Conseils pratiques<\/strong><\/p>\n<\/td>\n<\/tr>\n<tr>\n<td style=\"border: solid 1px #000; background: #C5E0B3; padding: 20px;\"><strong>1\u00a0&#8211;\u00a0Essayez de rester actif et de faire de l&rsquo;exercice \u00e0 la maison<\/strong> avec le mat\u00e9riel dont vous disposez. Les patients peuvent \u00e9galement faire de l&rsquo;exercice \u00e0 domicile sans \u00e9quipement sp\u00e9cial. La musique peut souvent s&rsquo;av\u00e9rer utile.<\/p>\n<p><strong>2\u00a0&#8211;\u00a0Essayez de vous procurer suffisamment<\/strong> de m\u00e9dicaments pour traiter votre insuffisance cardiaque pour une dur\u00e9e d&rsquo;au moins 3\u00a0mois<strong>. <\/strong><\/p>\n<p><strong>3\u00a0&#8211;\u00a0Essayez de maintenir votre traitement m\u00e9dicamenteux et les posologies actuels. <\/strong>Cela comprend les diur\u00e9tiques et les b\u00eatabloquants. Il est \u00e9galement important que les patients poursuivent leur traitement avec les inhibiteurs de l&rsquo;ECA, les ARA et les INAA.<\/p>\n<p><strong>4\u00a0&#8211;\u00a0S&rsquo;il vous est impossible de vous procurer tous vos m\u00e9dicaments<\/strong> aupr\u00e8s de votre pharmacie ou si vous n&rsquo;en avez plus, continuez \u00e0 prendre ceux dont vous disposez et contactez votre m\u00e9decin ou votre infirmi\u00e8re.<\/p>\n<p><strong>5\u00a0&#8211;\u00a0Ne faites pas d&rsquo;autom\u00e9dication<\/strong>. Si vous pr\u00e9sentez des sympt\u00f4mes, tels qu&rsquo;un essoufflement accru, discutez de tout ajustement du traitement m\u00e9dical avec un professionnel de sant\u00e9. Un appel t\u00e9l\u00e9phonique est souvent suffisant pour d\u00e9cider de l&rsquo;ajustement des m\u00e9dicaments, comme les diur\u00e9tiques, ou de la n\u00e9cessit\u00e9 de proc\u00e9der \u00e0 un examen \u00e0 l&rsquo;h\u00f4pital.<\/p>\n<p><strong>6 &#8211; \u00c9vitez d&rsquo;arr\u00eater brusquement<\/strong> les m\u00e9dicaments qui diminuent la fr\u00e9quence cardiaque, tels que les b\u00eatabloquants. \u00c9vitez les anti-inflammatoires (AINS).<\/p>\n<p><strong>7\u00a0&#8211;\u00a0Consultez un m\u00e9decin<\/strong> si vous ressentez l&rsquo;un des sympt\u00f4mes suivants\u00a0: douleur thoracique, rythme cardiaque irr\u00e9gulier ou \u00e9lev\u00e9, essoufflement progressif, toux s\u00e9v\u00e8re, vertiges ou \u00e9vanouissements, car vous pourriez avoir besoin d&rsquo;une hospitalisation et d&rsquo;une surveillance intensive.<\/p>\n<p><strong>8\u00a0&#8211;\u00a0Si la situation de votre pays le permet, faites en sorte d&rsquo;\u00eatre \u00e0 jour dans vos vaccins. <\/strong>Il s&rsquo;agit notamment du vaccin contre la grippe saisonni\u00e8re et du vaccin anti-pneumococcique, compte tenu du risque accru d&rsquo;infection bact\u00e9rienne secondaire par le COVID-19.<\/p>\n<p><strong>9 &#8211; \u00c9vitez les visites de routine \u00e0 la clinique\/l&rsquo;h\u00f4pital<\/strong> dans les cliniques o\u00f9 est trait\u00e9e l&rsquo;insuffisance cardiaque ou les autres cliniques situ\u00e9es dans les zones o\u00f9 une \u00e9pid\u00e9mie de COVID-19 est en cours. Remplacez les visites par un appel t\u00e9l\u00e9phonique ou ayez recours \u00e0 une personne proposant des services de t\u00e9l\u00e9sant\u00e9, le cas \u00e9ch\u00e9ant.<\/p>\n<p><strong>10\u00a0&#8211;\u00a0Si vous avez \u00e9t\u00e9 en contact direct avec un patient suspect\u00e9 d&rsquo;\u00eatre infect\u00e9 par le COVID-19<\/strong>, vous devez vous isoler, surveiller les signes et sympt\u00f4mes de la maladie et envisager d&rsquo;en informer votre m\u00e9decin ou votre infirmi\u00e8re.<\/p>\n<p><strong>11\u00a0&#8211;\u00a0Si la quarantaine est recommand\u00e9e<\/strong>, prot\u00e9gez les autres en restant chez vous dans votre chambre. Si vous avez l&rsquo;impression d&rsquo;avoir un rhume ou une grippe, couvrez votre toux ou \u00e9ternuez dans un mouchoir ou dans votre coude. Vous devez porter un masque pour \u00e9viter de propager le virus.<\/p>\n<p><strong>12\u00a0&#8211;\u00a0Demandez des informations<\/strong> aux autorit\u00e9s locales sur l&rsquo;\u00e9pid\u00e9mie de coronavirus dans votre r\u00e9gion.<\/td>\n<\/tr>\n<tr>\n<td style=\"border: solid 1px; background: #2F5496; color: #fff; padding: 10px;\">\n<p align=\"center\"><strong>Recommandations pour les patients qui d\u00e9veloppent des sympt\u00f4mes<\/strong><\/p>\n<\/td>\n<\/tr>\n<tr>\n<td style=\"border: solid 1px; background: #B4C6E7; padding: 20px;\"><strong>1\u00a0&#8211;\u00a0Les patients souffrant d&rsquo;insuffisance cardiaque sont souvent essouffl\u00e9s<\/strong> lors d&rsquo;efforts et peuvent \u00e9galement attraper un rhume ou la grippe saisonni\u00e8re, et ont plus de difficult\u00e9 \u00e0 respirer. Cependant, si les sympt\u00f4mes du patient \u00e9voluent rapidement et que la respiration devient difficile lors d&rsquo;une activit\u00e9 minimale et est accompagn\u00e9e de fi\u00e8vre et d&rsquo;une toux s\u00e8che, il faut contacter un m\u00e9decin ou une infirmi\u00e8re.<\/p>\n<p><strong>2\u00a0&#8211;\u00a0Si des signes et des sympt\u00f4mes semblent<\/strong> sugg\u00e9rer une infection par le COVID-19, traitez-vous avec des mesures de soutien, comme s&rsquo;il s&rsquo;agissait d&rsquo;un rhume ou d&rsquo;une grippe. Les signes de COVID-19 peuvent inclure des sympt\u00f4mes pseudo-grippaux tels que de la fi\u00e8vre, une toux, un souffle court, de la fatigue, des maux de t\u00eate et des maux de gorge.<\/p>\n<p><strong>3\u00a0&#8211;\u00a0Les liquides jouent un r\u00f4le important et le parac\u00e9tamol est souvent efficace<\/strong> pour r\u00e9duire les sympt\u00f4mes et la fi\u00e8vre. \u00c9vitez les anti-inflammatoires (AINS).<\/p>\n<p><strong>4\u00a0&#8211;\u00a0Portez un masque pour \u00e9viter de propager<\/strong> le virus \u00e0 d&rsquo;autres personnes.<\/p>\n<p><strong>5\u00a0&#8211;\u00a0Si vous suspectez que vous avez \u00e9t\u00e9 infect\u00e9, vous devez vous mettre en quarantaine et contacter votre m\u00e9decin traitant<\/strong>, votre infirmi\u00e8re ou m\u00e9decin sp\u00e9cialiste de l&rsquo;insuffisance cardiaque pour obtenir d&rsquo;autres recommandations concernant la n\u00e9cessit\u00e9 d&rsquo;un d\u00e9pistage du COVID-19.<\/td>\n<\/tr>\n<\/tbody>\n<\/table>\n<h3>T\u00e9l\u00e9chargez les conseils au format PDF en <a href=\"\/wp-content\/uploads\/2021\/02\/HFM-COVID-19-PDF-French.pdf\" target=\"_blank\" rel=\"noopener\">cliquant ici<\/a><\/h3>\n<p>&nbsp;<\/p>\n<p><strong>Pour plus d&rsquo;informations sur le COVID-19 et les patients atteints d&rsquo;insuffisance cardiaque, veuillez visiter <a href=\"https:\/\/www.escardio.org\/Education\/COVID-19-and-Cardiology\" target=\"_blank\" rel=\"noopener\">le site Internet de la Soci\u00e9t\u00e9 europ\u00e9enne de cardiologie.<\/a><\/strong><\/p>\n","protected":false},"excerpt":{"rendered":"<p>Nous encourageons fortement tous les patients souffrant d&rsquo;une insuffisance cardiaque \u00e0 se faire vacciner. Cliquez ici pour plus d&rsquo;informations. Ce que les patients souffrant d&rsquo;insuffisance cardiaque doivent savoir sur le COVID-19 Le COVID-19 est un nouveau coronavirus. Il contient du mat\u00e9riel g\u00e9n\u00e9tique qui peut infecter les cellules humaines, lesquelles se multiplieront et produiront plus de [&hellip;]<\/p>\n","protected":false},"author":1,"featured_media":0,"parent":0,"menu_order":0,"comment_status":"open","ping_status":"open","template":"","meta":{"_acf_changed":false,"footnotes":""},"categories":[],"tags":[],"class_list":["post-370","page","type-page","status-publish","hentry"],"acf":[],"yoast_head":"<!-- This site is optimized with the Yoast SEO plugin v24.8.1 - https:\/\/yoast.com\/wordpress\/plugins\/seo\/ -->\n<title>Virus COVID-19 et insuffisance cardiaque&nbsp;: Informations et conseils pratiques - Heart Failure Matters<\/title>\n<meta name=\"description\" content=\"La pand\u00e9mie de COVID-19 est une urgence de sant\u00e9 publique qui \u00e9volue rapidement. Elle a commenc\u00e9 \u00e0 la fin du mois de d\u00e9cembre\u00a02019 dans la ville de Wuhan, situ\u00e9e dans la province du Hubei en Chine, et s&#039;est rapidement r\u00e9pandue dans les pays et territoires du monde entier.\" \/>\n<meta name=\"robots\" content=\"index, follow, max-snippet:-1, max-image-preview:large, max-video-preview:-1\" \/>\n<link rel=\"canonical\" href=\"https:\/\/www.heartfailurematters.org\/fr\/virus-covid-19-et-insuffisance-cardiaque-informations-et-conseils\/\" \/>\n<meta property=\"og:locale\" content=\"fr_FR\" \/>\n<meta property=\"og:type\" content=\"article\" \/>\n<meta property=\"og:title\" content=\"Virus COVID-19 et insuffisance cardiaque&nbsp;: Informations et conseils pratiques - Heart Failure Matters\" \/>\n<meta property=\"og:description\" content=\"La pand\u00e9mie de COVID-19 est une urgence de sant\u00e9 publique qui \u00e9volue rapidement. Elle a commenc\u00e9 \u00e0 la fin du mois de d\u00e9cembre\u00a02019 dans la ville de Wuhan, situ\u00e9e dans la province du Hubei en Chine, et s&#039;est rapidement r\u00e9pandue dans les pays et territoires du monde entier.\" \/>\n<meta property=\"og:url\" content=\"https:\/\/www.heartfailurematters.org\/fr\/virus-covid-19-et-insuffisance-cardiaque-informations-et-conseils\/\" \/>\n<meta property=\"og:site_name\" content=\"Heart Failure Matters\" \/>\n<meta property=\"article:publisher\" content=\"https:\/\/www.facebook.com\/heartfailurematters\" \/>\n<meta property=\"article:modified_time\" content=\"2021-08-12T10:48:00+00:00\" \/>\n<meta name=\"twitter:card\" content=\"summary_large_image\" \/>\n<meta name=\"twitter:label1\" content=\"Dur\u00e9e de lecture estim\u00e9e\" \/>\n\t<meta name=\"twitter:data1\" content=\"6 minutes\" \/>\n<script type=\"application\/ld+json\" class=\"yoast-schema-graph\">{\"@context\":\"https:\/\/schema.org\",\"@graph\":[{\"@type\":\"WebPage\",\"@id\":\"https:\/\/www.heartfailurematters.org\/fr\/virus-covid-19-et-insuffisance-cardiaque-informations-et-conseils\/\",\"url\":\"https:\/\/www.heartfailurematters.org\/fr\/virus-covid-19-et-insuffisance-cardiaque-informations-et-conseils\/\",\"name\":\"Virus COVID-19 et insuffisance cardiaque&nbsp;: Informations et conseils pratiques - Heart Failure Matters\",\"isPartOf\":{\"@id\":\"https:\/\/www.heartfailurematters.org\/fr\/#website\"},\"datePublished\":\"2021-01-27T21:35:47+00:00\",\"dateModified\":\"2021-08-12T10:48:00+00:00\",\"description\":\"La pand\u00e9mie de COVID-19 est une urgence de sant\u00e9 publique qui \u00e9volue rapidement. Elle a commenc\u00e9 \u00e0 la fin du mois de d\u00e9cembre\u00a02019 dans la ville de Wuhan, situ\u00e9e dans la province du Hubei en Chine, et s'est rapidement r\u00e9pandue dans les pays et territoires du monde entier.\",\"breadcrumb\":{\"@id\":\"https:\/\/www.heartfailurematters.org\/fr\/virus-covid-19-et-insuffisance-cardiaque-informations-et-conseils\/#breadcrumb\"},\"inLanguage\":\"fr-FR\",\"potentialAction\":[{\"@type\":\"ReadAction\",\"target\":[\"https:\/\/www.heartfailurematters.org\/fr\/virus-covid-19-et-insuffisance-cardiaque-informations-et-conseils\/\"]}]},{\"@type\":\"BreadcrumbList\",\"@id\":\"https:\/\/www.heartfailurematters.org\/fr\/virus-covid-19-et-insuffisance-cardiaque-informations-et-conseils\/#breadcrumb\",\"itemListElement\":[{\"@type\":\"ListItem\",\"position\":1,\"name\":\"Accueil\",\"item\":\"https:\/\/www.heartfailurematters.org\/fr\/\"},{\"@type\":\"ListItem\",\"position\":2,\"name\":\"Virus COVID-19 et insuffisance cardiaque&nbsp;: Informations et conseils pratiques\"}]},{\"@type\":\"WebSite\",\"@id\":\"https:\/\/www.heartfailurematters.org\/fr\/#website\",\"url\":\"https:\/\/www.heartfailurematters.org\/fr\/\",\"name\":\"Heart Failure Matters\",\"description\":\"Practical information for patients, families and caregivers.\",\"publisher\":{\"@id\":\"https:\/\/www.heartfailurematters.org\/fr\/#organization\"},\"potentialAction\":[{\"@type\":\"SearchAction\",\"target\":{\"@type\":\"EntryPoint\",\"urlTemplate\":\"https:\/\/www.heartfailurematters.org\/fr\/?s={search_term_string}\"},\"query-input\":{\"@type\":\"PropertyValueSpecification\",\"valueRequired\":true,\"valueName\":\"search_term_string\"}}],\"inLanguage\":\"fr-FR\"},{\"@type\":\"Organization\",\"@id\":\"https:\/\/www.heartfailurematters.org\/fr\/#organization\",\"name\":\"Heart Failure Matters\",\"url\":\"https:\/\/www.heartfailurematters.org\/fr\/\",\"logo\":{\"@type\":\"ImageObject\",\"inLanguage\":\"fr-FR\",\"@id\":\"https:\/\/www.heartfailurematters.org\/fr\/#\/schema\/logo\/image\/\",\"url\":\"https:\/\/cdn-endpoint-hfm.azureedge.net\/heartfailurematters\/2024\/07\/hfm-logo1.jpg\",\"contentUrl\":\"https:\/\/cdn-endpoint-hfm.azureedge.net\/heartfailurematters\/2024\/07\/hfm-logo1.jpg\",\"width\":1280,\"height\":720,\"caption\":\"Heart Failure Matters\"},\"image\":{\"@id\":\"https:\/\/www.heartfailurematters.org\/fr\/#\/schema\/logo\/image\/\"},\"sameAs\":[\"https:\/\/www.facebook.com\/heartfailurematters\"]}]}<\/script>\n<!-- \/ Yoast SEO plugin. -->","yoast_head_json":{"title":"Virus COVID-19 et insuffisance cardiaque&nbsp;: Informations et conseils pratiques - Heart Failure Matters","description":"La pand\u00e9mie de COVID-19 est une urgence de sant\u00e9 publique qui \u00e9volue rapidement. Elle a commenc\u00e9 \u00e0 la fin du mois de d\u00e9cembre\u00a02019 dans la ville de Wuhan, situ\u00e9e dans la province du Hubei en Chine, et s'est rapidement r\u00e9pandue dans les pays et territoires du monde entier.","robots":{"index":"index","follow":"follow","max-snippet":"max-snippet:-1","max-image-preview":"max-image-preview:large","max-video-preview":"max-video-preview:-1"},"canonical":"https:\/\/www.heartfailurematters.org\/fr\/virus-covid-19-et-insuffisance-cardiaque-informations-et-conseils\/","og_locale":"fr_FR","og_type":"article","og_title":"Virus COVID-19 et insuffisance cardiaque&nbsp;: Informations et conseils pratiques - Heart Failure Matters","og_description":"La pand\u00e9mie de COVID-19 est une urgence de sant\u00e9 publique qui \u00e9volue rapidement. Elle a commenc\u00e9 \u00e0 la fin du mois de d\u00e9cembre\u00a02019 dans la ville de Wuhan, situ\u00e9e dans la province du Hubei en Chine, et s'est rapidement r\u00e9pandue dans les pays et territoires du monde entier.","og_url":"https:\/\/www.heartfailurematters.org\/fr\/virus-covid-19-et-insuffisance-cardiaque-informations-et-conseils\/","og_site_name":"Heart Failure Matters","article_publisher":"https:\/\/www.facebook.com\/heartfailurematters","article_modified_time":"2021-08-12T10:48:00+00:00","twitter_card":"summary_large_image","twitter_misc":{"Dur\u00e9e de lecture estim\u00e9e":"6 minutes"},"schema":{"@context":"https:\/\/schema.org","@graph":[{"@type":"WebPage","@id":"https:\/\/www.heartfailurematters.org\/fr\/virus-covid-19-et-insuffisance-cardiaque-informations-et-conseils\/","url":"https:\/\/www.heartfailurematters.org\/fr\/virus-covid-19-et-insuffisance-cardiaque-informations-et-conseils\/","name":"Virus COVID-19 et insuffisance cardiaque&nbsp;: Informations et conseils pratiques - Heart Failure Matters","isPartOf":{"@id":"https:\/\/www.heartfailurematters.org\/fr\/#website"},"datePublished":"2021-01-27T21:35:47+00:00","dateModified":"2021-08-12T10:48:00+00:00","description":"La pand\u00e9mie de COVID-19 est une urgence de sant\u00e9 publique qui \u00e9volue rapidement. Elle a commenc\u00e9 \u00e0 la fin du mois de d\u00e9cembre\u00a02019 dans la ville de Wuhan, situ\u00e9e dans la province du Hubei en Chine, et s'est rapidement r\u00e9pandue dans les pays et territoires du monde entier.","breadcrumb":{"@id":"https:\/\/www.heartfailurematters.org\/fr\/virus-covid-19-et-insuffisance-cardiaque-informations-et-conseils\/#breadcrumb"},"inLanguage":"fr-FR","potentialAction":[{"@type":"ReadAction","target":["https:\/\/www.heartfailurematters.org\/fr\/virus-covid-19-et-insuffisance-cardiaque-informations-et-conseils\/"]}]},{"@type":"BreadcrumbList","@id":"https:\/\/www.heartfailurematters.org\/fr\/virus-covid-19-et-insuffisance-cardiaque-informations-et-conseils\/#breadcrumb","itemListElement":[{"@type":"ListItem","position":1,"name":"Accueil","item":"https:\/\/www.heartfailurematters.org\/fr\/"},{"@type":"ListItem","position":2,"name":"Virus COVID-19 et insuffisance cardiaque&nbsp;: Informations et conseils pratiques"}]},{"@type":"WebSite","@id":"https:\/\/www.heartfailurematters.org\/fr\/#website","url":"https:\/\/www.heartfailurematters.org\/fr\/","name":"Heart Failure Matters","description":"Practical information for patients, families and caregivers.","publisher":{"@id":"https:\/\/www.heartfailurematters.org\/fr\/#organization"},"potentialAction":[{"@type":"SearchAction","target":{"@type":"EntryPoint","urlTemplate":"https:\/\/www.heartfailurematters.org\/fr\/?s={search_term_string}"},"query-input":{"@type":"PropertyValueSpecification","valueRequired":true,"valueName":"search_term_string"}}],"inLanguage":"fr-FR"},{"@type":"Organization","@id":"https:\/\/www.heartfailurematters.org\/fr\/#organization","name":"Heart Failure Matters","url":"https:\/\/www.heartfailurematters.org\/fr\/","logo":{"@type":"ImageObject","inLanguage":"fr-FR","@id":"https:\/\/www.heartfailurematters.org\/fr\/#\/schema\/logo\/image\/","url":"https:\/\/cdn-endpoint-hfm.azureedge.net\/heartfailurematters\/2024\/07\/hfm-logo1.jpg","contentUrl":"https:\/\/cdn-endpoint-hfm.azureedge.net\/heartfailurematters\/2024\/07\/hfm-logo1.jpg","width":1280,"height":720,"caption":"Heart Failure Matters"},"image":{"@id":"https:\/\/www.heartfailurematters.org\/fr\/#\/schema\/logo\/image\/"},"sameAs":["https:\/\/www.facebook.com\/heartfailurematters"]}]}},"_links":{"self":[{"href":"https:\/\/www.heartfailurematters.org\/fr\/wp-json\/wp\/v2\/pages\/370","targetHints":{"allow":["GET"]}}],"collection":[{"href":"https:\/\/www.heartfailurematters.org\/fr\/wp-json\/wp\/v2\/pages"}],"about":[{"href":"https:\/\/www.heartfailurematters.org\/fr\/wp-json\/wp\/v2\/types\/page"}],"author":[{"embeddable":true,"href":"https:\/\/www.heartfailurematters.org\/fr\/wp-json\/wp\/v2\/users\/1"}],"replies":[{"embeddable":true,"href":"https:\/\/www.heartfailurematters.org\/fr\/wp-json\/wp\/v2\/comments?post=370"}],"version-history":[{"count":3,"href":"https:\/\/www.heartfailurematters.org\/fr\/wp-json\/wp\/v2\/pages\/370\/revisions"}],"predecessor-version":[{"id":9317,"href":"https:\/\/www.heartfailurematters.org\/fr\/wp-json\/wp\/v2\/pages\/370\/revisions\/9317"}],"wp:attachment":[{"href":"https:\/\/www.heartfailurematters.org\/fr\/wp-json\/wp\/v2\/media?parent=370"}],"wp:term":[{"taxonomy":"category","embeddable":true,"href":"https:\/\/www.heartfailurematters.org\/fr\/wp-json\/wp\/v2\/categories?post=370"},{"taxonomy":"post_tag","embeddable":true,"href":"https:\/\/www.heartfailurematters.org\/fr\/wp-json\/wp\/v2\/tags?post=370"}],"curies":[{"name":"wp","href":"https:\/\/api.w.org\/{rel}","templated":true}]}}