{"id":362,"date":"2021-01-27T21:35:47","date_gmt":"2021-01-27T21:35:47","guid":{"rendered":"http:\/\/heartfailurematters.local:8888\/hypertension-arterielle\/"},"modified":"2022-01-17T16:25:08","modified_gmt":"2022-01-17T16:25:08","slug":"hypertension-arterielle","status":"publish","type":"page","link":"https:\/\/www.heartfailurematters.org\/fr\/causes-de-linsuffisance-cardiaque-et-autres-problemes-medicaux-courants\/hypertension-arterielle\/","title":{"rendered":"Hypertension art\u00e9rielle"},"content":{"rendered":"<p>L&rsquo;hypertension art\u00e9rielle est appel\u00e9e hypertension. L&rsquo;hypertension non contr\u00f4l\u00e9e augmente le risque de d\u00e9velopper une insuffisance cardiaque (IC) de deux fa\u00e7ons\u00a0:<\/p>\n<ol>\n<li>Elle provoque le r\u00e9tr\u00e9cissement, la constriction et la r\u00e9sistance accrue de vos vaisseaux sanguins, y compris ceux qui alimentent votre c\u0153ur, r\u00e9duisant le d\u00e9bit vers le muscle cardiaque, ce qui peut affaiblir ou alt\u00e9rer votre c\u0153ur.<\/li>\n<li>Cela augmente la charge de travail cardiaque. Lorsque la tension art\u00e9rielle est trop \u00e9lev\u00e9e, votre c\u0153ur doit pomper plus fort que la normale pour que le sang continue de circuler. Pour pallier l&rsquo;augmentation de la tension, votre muscle cardiaque s&rsquo;\u00e9paissit et s&rsquo;\u00e9largit en compensation. Cependant, ce travail suppl\u00e9mentaire peut finalement rendre le c\u0153ur incapable de pomper aussi fort que n\u00e9cessaire (d\u00e9compensation) et ainsi provoquer une insuffisance cardiaque symptomatique.<\/li>\n<\/ol>\n<p>Si une insuffisance cardiaque a \u00e9t\u00e9 diagnostiqu\u00e9e chez vous, il est important de continuer \u00e0 surveiller votre tension art\u00e9rielle. La tension art\u00e9rielle normale varie selon l&rsquo;\u00e2ge, mais l&rsquo;hypertension art\u00e9rielle (TA sup\u00e9rieure \u00e0 140\/80 mmHg) aggravera votre fonction cardiaque, augmentera vos sympt\u00f4mes et n\u00e9cessitera un traitement \u00e0 long terme. Pour plus d&rsquo;informations sur la surveillance de votre tension art\u00e9rielle, reportez-vous \u00e0 la section <a href=\"https:\/\/www.heartfailurematters.org\/heart-failure-causes-and-other-common-medical-conditions\/taking-your-own-blood-pressure-and-heart-rate-pulse\/\">Prise de la tension art\u00e9rielle et du pouls<\/a>.<\/p>\n<p>L&rsquo;hypertension mal contr\u00f4l\u00e9e augmente le risque d&rsquo;insuffisance cardiaque. Lorsque la tension art\u00e9rielle est trop \u00e9lev\u00e9e, votre c\u0153ur doit pomper plus fort que la normale pour que le sang continue de circuler. Le r\u00e9tr\u00e9cissement et le blocage des vaisseaux sanguins caus\u00e9s par l&rsquo;hypertension augmentent le risque de d\u00e9velopper une insuffisance cardiaque. Les art\u00e8res r\u00e9tr\u00e9cies sont moins \u00e9lastiques et compliquent la circulation sanguine dans le corps.<\/p>\n<p>Le traitement comprend des changements du mode de vie ainsi que des m\u00e9dicaments. Ces deux composantes participent au traitement de votre insuffisance cardiaque. Les <a href=\"https:\/\/www.heartfailurematters.org\/what-you-can-do\/adapting-your-lifestyle\/\">modifications du mode de vie<\/a> comprennent la r\u00e9duction de la consommation de sodium (sel), l&rsquo;activit\u00e9 physique r\u00e9guli\u00e8re, le sevrage tabagique, etc.<\/p>\n<p>Les m\u00e9dicaments utilis\u00e9s pour traiter l&rsquo;insuffisance cardiaque diminuent g\u00e9n\u00e9ralement la tension art\u00e9rielle et sont recommand\u00e9s en premier lieu. Si la pression art\u00e9rielle n&rsquo;est toujours pas contr\u00f4l\u00e9e, de nombreux m\u00e9dicaments suppl\u00e9mentaires peuvent \u00eatre utilis\u00e9s. Notez que les m\u00e9dicaments utilis\u00e9s pour traiter l&rsquo;hypertension art\u00e9rielle ne conviennent pas tous aux insuffisants cardiaques. Vous devez <a href=\"https:\/\/www.heartfailurematters.org\/what-your-doctor-can-do\/heart-failure-medicines\/\">aborder les questions que vous avez concernant les m\u00e9dicaments avec votre m\u00e9decin ou votre infirmier\/\u00e8re<\/a>.<\/p>\n<p>Les classes de m\u00e9dicaments pouvant \u00eatre utilis\u00e9es pour traiter votre hypertension art\u00e9rielle comprennent :<br \/>\n-Les inhibiteurs de l\u2019enzyme de conversion de l\u2019angiotensine (IEC)<br \/>\n-Les antagonistes des r\u00e9cepteurs de l\u2019angiotensine (ARA)<br \/>\n-L\u2019inhibiteur des r\u00e9cepteurs de l\u2019angiotensine\/inhibiteur de la n\u00e9prilysine (ARNI)<br \/>\n-Les b\u00eatabloquants<br \/>\n-Les inhibiteurs des canaux calciques<br \/>\n-Les antagonistes des r\u00e9cepteurs des min\u00e9ralocortico\u00efdes (antagonistes de l\u2019aldost\u00e9rone)<br \/>\n-Les diur\u00e9tiques (thiazides)<\/p>\n<p>&nbsp;<\/p>\n<p><a title=\"Retour aux Probl\u00e8mes cardiaques courants\" href=\"https:\/\/www.heartfailurematters.org\/heart-failure-causes-and-other-common-medical-conditions\/common-heart-conditions\/\">Retour aux Probl\u00e8mes cardiaques courants<\/a><\/p>\n","protected":false},"excerpt":{"rendered":"<p>L&rsquo;hypertension art\u00e9rielle est appel\u00e9e hypertension. L&rsquo;hypertension non contr\u00f4l\u00e9e augmente le risque de d\u00e9velopper une insuffisance cardiaque (IC) de deux fa\u00e7ons\u00a0: Elle provoque le r\u00e9tr\u00e9cissement, la constriction et la r\u00e9sistance accrue de vos vaisseaux sanguins, y compris ceux qui alimentent votre c\u0153ur, r\u00e9duisant le d\u00e9bit vers le muscle cardiaque, ce qui peut affaiblir ou alt\u00e9rer votre [&hellip;]<\/p>\n","protected":false},"author":1,"featured_media":10736,"parent":8045,"menu_order":4,"comment_status":"open","ping_status":"open","template":"","meta":{"_acf_changed":false,"footnotes":""},"categories":[],"tags":[],"class_list":["post-362","page","type-page","status-publish","has-post-thumbnail","hentry"],"acf":[],"yoast_head":"<!-- This site is optimized with the Yoast SEO plugin v24.8.1 - https:\/\/yoast.com\/wordpress\/plugins\/seo\/ -->\n<title>Hypertension art\u00e9rielle et insuffisance cardiaque<\/title>\n<meta name=\"description\" content=\"L&#039;hypertension art\u00e9rielle est connue sous le nom d&#039;hypertension. Lorsque la tension art\u00e9rielle est trop \u00e9lev\u00e9e, votre c\u0153ur doit pomper plus fort que la normale pour que le sang continue de circuler.\" \/>\n<meta name=\"robots\" content=\"index, follow, max-snippet:-1, max-image-preview:large, max-video-preview:-1\" \/>\n<link rel=\"canonical\" href=\"https:\/\/www.heartfailurematters.org\/fr\/causes-de-linsuffisance-cardiaque-et-autres-problemes-medicaux-courants\/hypertension-arterielle\/\" \/>\n<meta property=\"og:locale\" content=\"fr_FR\" \/>\n<meta property=\"og:type\" content=\"article\" \/>\n<meta property=\"og:title\" content=\"Hypertension art\u00e9rielle et insuffisance cardiaque\" \/>\n<meta property=\"og:description\" content=\"L&#039;hypertension art\u00e9rielle est connue sous le nom d&#039;hypertension. Lorsque la tension art\u00e9rielle est trop \u00e9lev\u00e9e, votre c\u0153ur doit pomper plus fort que la normale pour que le sang continue de circuler.\" \/>\n<meta property=\"og:url\" content=\"https:\/\/www.heartfailurematters.org\/fr\/causes-de-linsuffisance-cardiaque-et-autres-problemes-medicaux-courants\/hypertension-arterielle\/\" \/>\n<meta property=\"og:site_name\" content=\"Heart Failure Matters\" \/>\n<meta property=\"article:publisher\" content=\"https:\/\/www.facebook.com\/heartfailurematters\" \/>\n<meta property=\"article:modified_time\" content=\"2022-01-17T16:25:08+00:00\" \/>\n<meta property=\"og:image\" content=\"https:\/\/www.heartfailurematters.org\/wp-content\/uploads\/2022\/03\/shutterstock_312824303-1-min.jpg\" \/>\n\t<meta property=\"og:image:width\" content=\"900\" \/>\n\t<meta property=\"og:image:height\" content=\"600\" \/>\n\t<meta property=\"og:image:type\" content=\"image\/jpeg\" \/>\n<meta name=\"twitter:card\" content=\"summary_large_image\" \/>\n<meta name=\"twitter:label1\" content=\"Dur\u00e9e de lecture estim\u00e9e\" \/>\n\t<meta name=\"twitter:data1\" content=\"2 minutes\" \/>\n<script type=\"application\/ld+json\" class=\"yoast-schema-graph\">{\"@context\":\"https:\/\/schema.org\",\"@graph\":[{\"@type\":\"WebPage\",\"@id\":\"https:\/\/www.heartfailurematters.org\/fr\/causes-de-linsuffisance-cardiaque-et-autres-problemes-medicaux-courants\/hypertension-arterielle\/\",\"url\":\"https:\/\/www.heartfailurematters.org\/fr\/causes-de-linsuffisance-cardiaque-et-autres-problemes-medicaux-courants\/hypertension-arterielle\/\",\"name\":\"Hypertension art\u00e9rielle et insuffisance cardiaque\",\"isPartOf\":{\"@id\":\"https:\/\/www.heartfailurematters.org\/fr\/#website\"},\"primaryImageOfPage\":{\"@id\":\"https:\/\/www.heartfailurematters.org\/fr\/causes-de-linsuffisance-cardiaque-et-autres-problemes-medicaux-courants\/hypertension-arterielle\/#primaryimage\"},\"image\":{\"@id\":\"https:\/\/www.heartfailurematters.org\/fr\/causes-de-linsuffisance-cardiaque-et-autres-problemes-medicaux-courants\/hypertension-arterielle\/#primaryimage\"},\"thumbnailUrl\":\"https:\/\/www.heartfailurematters.org\/wp-content\/uploads\/2022\/03\/shutterstock_312824303-1-min.jpg\",\"datePublished\":\"2021-01-27T21:35:47+00:00\",\"dateModified\":\"2022-01-17T16:25:08+00:00\",\"description\":\"L'hypertension art\u00e9rielle est connue sous le nom d'hypertension. Lorsque la tension art\u00e9rielle est trop \u00e9lev\u00e9e, votre c\u0153ur doit pomper plus fort que la normale pour que le sang continue de circuler.\",\"breadcrumb\":{\"@id\":\"https:\/\/www.heartfailurematters.org\/fr\/causes-de-linsuffisance-cardiaque-et-autres-problemes-medicaux-courants\/hypertension-arterielle\/#breadcrumb\"},\"inLanguage\":\"fr-FR\",\"potentialAction\":[{\"@type\":\"ReadAction\",\"target\":[\"https:\/\/www.heartfailurematters.org\/fr\/causes-de-linsuffisance-cardiaque-et-autres-problemes-medicaux-courants\/hypertension-arterielle\/\"]}]},{\"@type\":\"ImageObject\",\"inLanguage\":\"fr-FR\",\"@id\":\"https:\/\/www.heartfailurematters.org\/fr\/causes-de-linsuffisance-cardiaque-et-autres-problemes-medicaux-courants\/hypertension-arterielle\/#primaryimage\",\"url\":\"https:\/\/www.heartfailurematters.org\/wp-content\/uploads\/2022\/03\/shutterstock_312824303-1-min.jpg\",\"contentUrl\":\"https:\/\/www.heartfailurematters.org\/wp-content\/uploads\/2022\/03\/shutterstock_312824303-1-min.jpg\",\"width\":900,\"height\":600},{\"@type\":\"BreadcrumbList\",\"@id\":\"https:\/\/www.heartfailurematters.org\/fr\/causes-de-linsuffisance-cardiaque-et-autres-problemes-medicaux-courants\/hypertension-arterielle\/#breadcrumb\",\"itemListElement\":[{\"@type\":\"ListItem\",\"position\":1,\"name\":\"Accueil\",\"item\":\"https:\/\/www.heartfailurematters.org\/fr\/\"},{\"@type\":\"ListItem\",\"position\":2,\"name\":\"Causes de l&#8217;insuffisance cardiaque et autres probl\u00e8mes m\u00e9dicaux associ\u00e9s\",\"item\":\"https:\/\/www.heartfailurematters.org\/fr\/causes-de-linsuffisance-cardiaque-et-autres-problemes-medicaux-courants\/\"},{\"@type\":\"ListItem\",\"position\":3,\"name\":\"Hypertension art\u00e9rielle\"}]},{\"@type\":\"WebSite\",\"@id\":\"https:\/\/www.heartfailurematters.org\/fr\/#website\",\"url\":\"https:\/\/www.heartfailurematters.org\/fr\/\",\"name\":\"Heart Failure Matters\",\"description\":\"Practical information for patients, families and caregivers.\",\"publisher\":{\"@id\":\"https:\/\/www.heartfailurematters.org\/fr\/#organization\"},\"potentialAction\":[{\"@type\":\"SearchAction\",\"target\":{\"@type\":\"EntryPoint\",\"urlTemplate\":\"https:\/\/www.heartfailurematters.org\/fr\/?s={search_term_string}\"},\"query-input\":{\"@type\":\"PropertyValueSpecification\",\"valueRequired\":true,\"valueName\":\"search_term_string\"}}],\"inLanguage\":\"fr-FR\"},{\"@type\":\"Organization\",\"@id\":\"https:\/\/www.heartfailurematters.org\/fr\/#organization\",\"name\":\"Heart Failure Matters\",\"url\":\"https:\/\/www.heartfailurematters.org\/fr\/\",\"logo\":{\"@type\":\"ImageObject\",\"inLanguage\":\"fr-FR\",\"@id\":\"https:\/\/www.heartfailurematters.org\/fr\/#\/schema\/logo\/image\/\",\"url\":\"https:\/\/cdn-endpoint-hfm.azureedge.net\/heartfailurematters\/2024\/07\/hfm-logo1.jpg\",\"contentUrl\":\"https:\/\/cdn-endpoint-hfm.azureedge.net\/heartfailurematters\/2024\/07\/hfm-logo1.jpg\",\"width\":1280,\"height\":720,\"caption\":\"Heart Failure Matters\"},\"image\":{\"@id\":\"https:\/\/www.heartfailurematters.org\/fr\/#\/schema\/logo\/image\/\"},\"sameAs\":[\"https:\/\/www.facebook.com\/heartfailurematters\"]}]}<\/script>\n<!-- \/ Yoast SEO plugin. -->","yoast_head_json":{"title":"Hypertension art\u00e9rielle et insuffisance cardiaque","description":"L'hypertension art\u00e9rielle est connue sous le nom d'hypertension. Lorsque la tension art\u00e9rielle est trop \u00e9lev\u00e9e, votre c\u0153ur doit pomper plus fort que la normale pour que le sang continue de circuler.","robots":{"index":"index","follow":"follow","max-snippet":"max-snippet:-1","max-image-preview":"max-image-preview:large","max-video-preview":"max-video-preview:-1"},"canonical":"https:\/\/www.heartfailurematters.org\/fr\/causes-de-linsuffisance-cardiaque-et-autres-problemes-medicaux-courants\/hypertension-arterielle\/","og_locale":"fr_FR","og_type":"article","og_title":"Hypertension art\u00e9rielle et insuffisance cardiaque","og_description":"L'hypertension art\u00e9rielle est connue sous le nom d'hypertension. Lorsque la tension art\u00e9rielle est trop \u00e9lev\u00e9e, votre c\u0153ur doit pomper plus fort que la normale pour que le sang continue de circuler.","og_url":"https:\/\/www.heartfailurematters.org\/fr\/causes-de-linsuffisance-cardiaque-et-autres-problemes-medicaux-courants\/hypertension-arterielle\/","og_site_name":"Heart Failure Matters","article_publisher":"https:\/\/www.facebook.com\/heartfailurematters","article_modified_time":"2022-01-17T16:25:08+00:00","og_image":[{"width":900,"height":600,"url":"https:\/\/www.heartfailurematters.org\/wp-content\/uploads\/2022\/03\/shutterstock_312824303-1-min.jpg","type":"image\/jpeg"}],"twitter_card":"summary_large_image","twitter_misc":{"Dur\u00e9e de lecture estim\u00e9e":"2 minutes"},"schema":{"@context":"https:\/\/schema.org","@graph":[{"@type":"WebPage","@id":"https:\/\/www.heartfailurematters.org\/fr\/causes-de-linsuffisance-cardiaque-et-autres-problemes-medicaux-courants\/hypertension-arterielle\/","url":"https:\/\/www.heartfailurematters.org\/fr\/causes-de-linsuffisance-cardiaque-et-autres-problemes-medicaux-courants\/hypertension-arterielle\/","name":"Hypertension art\u00e9rielle et insuffisance cardiaque","isPartOf":{"@id":"https:\/\/www.heartfailurematters.org\/fr\/#website"},"primaryImageOfPage":{"@id":"https:\/\/www.heartfailurematters.org\/fr\/causes-de-linsuffisance-cardiaque-et-autres-problemes-medicaux-courants\/hypertension-arterielle\/#primaryimage"},"image":{"@id":"https:\/\/www.heartfailurematters.org\/fr\/causes-de-linsuffisance-cardiaque-et-autres-problemes-medicaux-courants\/hypertension-arterielle\/#primaryimage"},"thumbnailUrl":"https:\/\/www.heartfailurematters.org\/wp-content\/uploads\/2022\/03\/shutterstock_312824303-1-min.jpg","datePublished":"2021-01-27T21:35:47+00:00","dateModified":"2022-01-17T16:25:08+00:00","description":"L'hypertension art\u00e9rielle est connue sous le nom d'hypertension. Lorsque la tension art\u00e9rielle est trop \u00e9lev\u00e9e, votre c\u0153ur doit pomper plus fort que la normale pour que le sang continue de circuler.","breadcrumb":{"@id":"https:\/\/www.heartfailurematters.org\/fr\/causes-de-linsuffisance-cardiaque-et-autres-problemes-medicaux-courants\/hypertension-arterielle\/#breadcrumb"},"inLanguage":"fr-FR","potentialAction":[{"@type":"ReadAction","target":["https:\/\/www.heartfailurematters.org\/fr\/causes-de-linsuffisance-cardiaque-et-autres-problemes-medicaux-courants\/hypertension-arterielle\/"]}]},{"@type":"ImageObject","inLanguage":"fr-FR","@id":"https:\/\/www.heartfailurematters.org\/fr\/causes-de-linsuffisance-cardiaque-et-autres-problemes-medicaux-courants\/hypertension-arterielle\/#primaryimage","url":"https:\/\/www.heartfailurematters.org\/wp-content\/uploads\/2022\/03\/shutterstock_312824303-1-min.jpg","contentUrl":"https:\/\/www.heartfailurematters.org\/wp-content\/uploads\/2022\/03\/shutterstock_312824303-1-min.jpg","width":900,"height":600},{"@type":"BreadcrumbList","@id":"https:\/\/www.heartfailurematters.org\/fr\/causes-de-linsuffisance-cardiaque-et-autres-problemes-medicaux-courants\/hypertension-arterielle\/#breadcrumb","itemListElement":[{"@type":"ListItem","position":1,"name":"Accueil","item":"https:\/\/www.heartfailurematters.org\/fr\/"},{"@type":"ListItem","position":2,"name":"Causes de l&#8217;insuffisance cardiaque et autres probl\u00e8mes m\u00e9dicaux associ\u00e9s","item":"https:\/\/www.heartfailurematters.org\/fr\/causes-de-linsuffisance-cardiaque-et-autres-problemes-medicaux-courants\/"},{"@type":"ListItem","position":3,"name":"Hypertension art\u00e9rielle"}]},{"@type":"WebSite","@id":"https:\/\/www.heartfailurematters.org\/fr\/#website","url":"https:\/\/www.heartfailurematters.org\/fr\/","name":"Heart Failure Matters","description":"Practical information for patients, families and caregivers.","publisher":{"@id":"https:\/\/www.heartfailurematters.org\/fr\/#organization"},"potentialAction":[{"@type":"SearchAction","target":{"@type":"EntryPoint","urlTemplate":"https:\/\/www.heartfailurematters.org\/fr\/?s={search_term_string}"},"query-input":{"@type":"PropertyValueSpecification","valueRequired":true,"valueName":"search_term_string"}}],"inLanguage":"fr-FR"},{"@type":"Organization","@id":"https:\/\/www.heartfailurematters.org\/fr\/#organization","name":"Heart Failure Matters","url":"https:\/\/www.heartfailurematters.org\/fr\/","logo":{"@type":"ImageObject","inLanguage":"fr-FR","@id":"https:\/\/www.heartfailurematters.org\/fr\/#\/schema\/logo\/image\/","url":"https:\/\/cdn-endpoint-hfm.azureedge.net\/heartfailurematters\/2024\/07\/hfm-logo1.jpg","contentUrl":"https:\/\/cdn-endpoint-hfm.azureedge.net\/heartfailurematters\/2024\/07\/hfm-logo1.jpg","width":1280,"height":720,"caption":"Heart Failure Matters"},"image":{"@id":"https:\/\/www.heartfailurematters.org\/fr\/#\/schema\/logo\/image\/"},"sameAs":["https:\/\/www.facebook.com\/heartfailurematters"]}]}},"_links":{"self":[{"href":"https:\/\/www.heartfailurematters.org\/fr\/wp-json\/wp\/v2\/pages\/362","targetHints":{"allow":["GET"]}}],"collection":[{"href":"https:\/\/www.heartfailurematters.org\/fr\/wp-json\/wp\/v2\/pages"}],"about":[{"href":"https:\/\/www.heartfailurematters.org\/fr\/wp-json\/wp\/v2\/types\/page"}],"author":[{"embeddable":true,"href":"https:\/\/www.heartfailurematters.org\/fr\/wp-json\/wp\/v2\/users\/1"}],"replies":[{"embeddable":true,"href":"https:\/\/www.heartfailurematters.org\/fr\/wp-json\/wp\/v2\/comments?post=362"}],"version-history":[{"count":4,"href":"https:\/\/www.heartfailurematters.org\/fr\/wp-json\/wp\/v2\/pages\/362\/revisions"}],"predecessor-version":[{"id":10213,"href":"https:\/\/www.heartfailurematters.org\/fr\/wp-json\/wp\/v2\/pages\/362\/revisions\/10213"}],"up":[{"embeddable":true,"href":"https:\/\/www.heartfailurematters.org\/fr\/wp-json\/wp\/v2\/pages\/8045"}],"wp:featuredmedia":[{"embeddable":true,"href":"https:\/\/www.heartfailurematters.org\/fr\/wp-json\/wp\/v2\/media\/10736"}],"wp:attachment":[{"href":"https:\/\/www.heartfailurematters.org\/fr\/wp-json\/wp\/v2\/media?parent=362"}],"wp:term":[{"taxonomy":"category","embeddable":true,"href":"https:\/\/www.heartfailurematters.org\/fr\/wp-json\/wp\/v2\/categories?post=362"},{"taxonomy":"post_tag","embeddable":true,"href":"https:\/\/www.heartfailurematters.org\/fr\/wp-json\/wp\/v2\/tags?post=362"}],"curies":[{"name":"wp","href":"https:\/\/api.w.org\/{rel}","templated":true}]}}