{"id":359,"date":"2021-01-27T21:35:56","date_gmt":"2021-01-27T21:35:56","guid":{"rendered":"http:\/\/heartfailurematters.local:8888\/les-inhibiteurs-du-courant-if-au-niveau-du-noeud-sinusal\/"},"modified":"2021-01-27T21:35:57","modified_gmt":"2021-01-27T21:35:57","slug":"les-inhibiteurs-du-courant-if-au-niveau-du-noeud-sinusal","status":"publish","type":"page","link":"https:\/\/www.heartfailurematters.org\/fr\/ce-que-votre-medecin-ou-votre-infirmier-ere-peut-faire\/les-inhibiteurs-du-courant-if-au-niveau-du-noeud-sinusal\/","title":{"rendered":"Les inhibiteurs du courant If au niveau du n\u0153ud sinusal"},"content":{"rendered":"<h2>Leur action<\/h2>\n<p>L\u2019ivabradine, un inhibiteur du courant If g\u00e9n\u00e9r\u00e9 par le n\u0153ud sinusal, r\u00e9duit la fr\u00e9quence cardiaque gr\u00e2ce \u00e0 un m\u00e9canisme innovant et diminue la fr\u00e9quence des impulsions induites par le n\u0153ud sinusal, la partie situ\u00e9e dans l\u2019oreillette droite du c\u0153ur qui contr\u00f4le la fr\u00e9quence cardiaque. Cet agent est bien tol\u00e9r\u00e9 et efficace.<\/p>\n<p>La recherche clinique a montr\u00e9 que l\u2019ivabradine administr\u00e9e \u00e0 des patients souffrant d\u2019insuffisance cardiaque chronique symptomatique, qui suivent un traitement m\u00e9dical standard optimal incluant des b\u00eatabloquants, r\u00e9duit la fr\u00e9quence cardiaque et diminue la mortalit\u00e9 cardiovasculaire ou le nombre d\u2019hospitalisations pour insuffisance cardiaque. Ce m\u00e9dicament est recommand\u00e9 pour les patients dont la fr\u00e9quence cardiaque est constamment \u2265 70 battements\/min (bmp)*, en plus de b\u00eatabloquants \u00e0 la dose maximale tol\u00e9r\u00e9e (*en Europe, l\u2019Agence europ\u00e9enne des m\u00e9dicaments fixe un seuil \u2265 75).<\/p>\n<h2>Effets secondaires<\/h2>\n<p>L\u2019ivabradine est bien tol\u00e9r\u00e9e, avec tr\u00e8s peu d\u2019effets secondaires. Les patients notent fr\u00e9quemment de petits troubles visuels qui se manifestent sous la forme de lumi\u00e8res vives \u00e9ph\u00e9m\u00e8res (ph\u00e9nom\u00e8nes lumineux). Les patients doivent \u00eatre inform\u00e9s de cet effet secondaire fr\u00e9quent, qui est sans gravit\u00e9 et n\u00e9cessite rarement d\u2019interrompre le traitement. Cet traitement peut parfois aussi ralentir la fr\u00e9quence cardiaque, au point de devoir diminuer la dose ou interrompre le traitement.<\/p>\n<h2>\u00c9galement connus sous les noms suivants&nbsp;:<\/h2>\n<ul>\n<li><strong>Ivabradine<\/strong><br \/>(Procolaran\u00ae, Coraxan\u00ae, Coralan\u00ae, Corlentor\u00ae)<\/li>\n<\/ul>\n<p><a href=\"https:\/\/www.heartfailurematters.org\/fr\/ce-que-votre-medecin-ou-votre-infirmier-ere-peut-faire\/medicaments-contre-linsuffisance-cardiaque\/\" title=\"Heart failure medecines\">Retourner \u00e0 la rubrique \u00ab&nbsp;Les m\u00e9dicaments contre l\u2019insuffisance cardiaque&nbsp;\u00bb<\/a><\/p>\n","protected":false},"excerpt":{"rendered":"<p>Leur action L\u2019ivabradine, un inhibiteur du courant If g\u00e9n\u00e9r\u00e9 par le n\u0153ud sinusal, r\u00e9duit la fr\u00e9quence cardiaque gr\u00e2ce \u00e0 un m\u00e9canisme innovant et diminue la fr\u00e9quence des impulsions induites par le n\u0153ud sinusal, la partie situ\u00e9e dans l\u2019oreillette droite du c\u0153ur qui contr\u00f4le la fr\u00e9quence cardiaque. Cet agent est bien tol\u00e9r\u00e9 et efficace. La recherche [&hellip;]<\/p>\n","protected":false},"author":1,"featured_media":10868,"parent":2679,"menu_order":0,"comment_status":"open","ping_status":"open","template":"","meta":{"_acf_changed":false,"footnotes":""},"categories":[],"tags":[],"class_list":["post-359","page","type-page","status-publish","has-post-thumbnail","hentry"],"acf":[],"yoast_head":"<!-- This site is optimized with the Yoast SEO plugin v24.8.1 - https:\/\/yoast.com\/wordpress\/plugins\/seo\/ -->\n<title>Les inhibiteurs du courant If au niveau du n\u0153ud sinusal<\/title>\n<meta name=\"description\" content=\"L&#039;ivabradine, un inhibiteur du courant If g\u00e9n\u00e9r\u00e9 par le n\u0153ud sinusal, r\u00e9duit la fr\u00e9quence cardiaque gr\u00e2ce \u00e0 un nouveau m\u00e9canisme et r\u00e9duit la fr\u00e9quence des impulsions provenant du n\u0153ud sinusal.\" \/>\n<meta name=\"robots\" content=\"index, follow, max-snippet:-1, max-image-preview:large, max-video-preview:-1\" \/>\n<link rel=\"canonical\" href=\"https:\/\/www.heartfailurematters.org\/fr\/ce-que-votre-medecin-ou-votre-infirmier-ere-peut-faire\/les-inhibiteurs-du-courant-if-au-niveau-du-noeud-sinusal\/\" \/>\n<meta property=\"og:locale\" content=\"fr_FR\" \/>\n<meta property=\"og:type\" content=\"article\" \/>\n<meta property=\"og:title\" content=\"Les inhibiteurs du courant If au niveau du n\u0153ud sinusal\" \/>\n<meta property=\"og:description\" content=\"L&#039;ivabradine, un inhibiteur du courant If g\u00e9n\u00e9r\u00e9 par le n\u0153ud sinusal, r\u00e9duit la fr\u00e9quence cardiaque gr\u00e2ce \u00e0 un nouveau m\u00e9canisme et r\u00e9duit la fr\u00e9quence des impulsions provenant du n\u0153ud sinusal.\" \/>\n<meta property=\"og:url\" content=\"https:\/\/www.heartfailurematters.org\/fr\/ce-que-votre-medecin-ou-votre-infirmier-ere-peut-faire\/les-inhibiteurs-du-courant-if-au-niveau-du-noeud-sinusal\/\" \/>\n<meta property=\"og:site_name\" content=\"Heart Failure Matters\" \/>\n<meta property=\"article:publisher\" content=\"https:\/\/www.facebook.com\/heartfailurematters\" \/>\n<meta property=\"article:modified_time\" content=\"2021-01-27T21:35:57+00:00\" \/>\n<meta property=\"og:image\" content=\"https:\/\/www.heartfailurematters.org\/wp-content\/uploads\/2022\/03\/shutterstock_441673426-1-min.jpg\" \/>\n\t<meta property=\"og:image:width\" content=\"900\" \/>\n\t<meta property=\"og:image:height\" content=\"596\" \/>\n\t<meta property=\"og:image:type\" content=\"image\/jpeg\" \/>\n<meta name=\"twitter:card\" content=\"summary_large_image\" \/>\n<meta name=\"twitter:label1\" content=\"Dur\u00e9e de lecture estim\u00e9e\" \/>\n\t<meta name=\"twitter:data1\" content=\"1 minute\" \/>\n<script type=\"application\/ld+json\" class=\"yoast-schema-graph\">{\"@context\":\"https:\/\/schema.org\",\"@graph\":[{\"@type\":\"WebPage\",\"@id\":\"https:\/\/www.heartfailurematters.org\/fr\/ce-que-votre-medecin-ou-votre-infirmier-ere-peut-faire\/les-inhibiteurs-du-courant-if-au-niveau-du-noeud-sinusal\/\",\"url\":\"https:\/\/www.heartfailurematters.org\/fr\/ce-que-votre-medecin-ou-votre-infirmier-ere-peut-faire\/les-inhibiteurs-du-courant-if-au-niveau-du-noeud-sinusal\/\",\"name\":\"Les inhibiteurs du courant If au niveau du n\u0153ud sinusal\",\"isPartOf\":{\"@id\":\"https:\/\/www.heartfailurematters.org\/fr\/#website\"},\"primaryImageOfPage\":{\"@id\":\"https:\/\/www.heartfailurematters.org\/fr\/ce-que-votre-medecin-ou-votre-infirmier-ere-peut-faire\/les-inhibiteurs-du-courant-if-au-niveau-du-noeud-sinusal\/#primaryimage\"},\"image\":{\"@id\":\"https:\/\/www.heartfailurematters.org\/fr\/ce-que-votre-medecin-ou-votre-infirmier-ere-peut-faire\/les-inhibiteurs-du-courant-if-au-niveau-du-noeud-sinusal\/#primaryimage\"},\"thumbnailUrl\":\"https:\/\/www.heartfailurematters.org\/wp-content\/uploads\/2022\/03\/shutterstock_441673426-1-min.jpg\",\"datePublished\":\"2021-01-27T21:35:56+00:00\",\"dateModified\":\"2021-01-27T21:35:57+00:00\",\"description\":\"L'ivabradine, un inhibiteur du courant If g\u00e9n\u00e9r\u00e9 par le n\u0153ud sinusal, r\u00e9duit la fr\u00e9quence cardiaque gr\u00e2ce \u00e0 un nouveau m\u00e9canisme et r\u00e9duit la fr\u00e9quence des impulsions provenant du n\u0153ud sinusal.\",\"breadcrumb\":{\"@id\":\"https:\/\/www.heartfailurematters.org\/fr\/ce-que-votre-medecin-ou-votre-infirmier-ere-peut-faire\/les-inhibiteurs-du-courant-if-au-niveau-du-noeud-sinusal\/#breadcrumb\"},\"inLanguage\":\"fr-FR\",\"potentialAction\":[{\"@type\":\"ReadAction\",\"target\":[\"https:\/\/www.heartfailurematters.org\/fr\/ce-que-votre-medecin-ou-votre-infirmier-ere-peut-faire\/les-inhibiteurs-du-courant-if-au-niveau-du-noeud-sinusal\/\"]}]},{\"@type\":\"ImageObject\",\"inLanguage\":\"fr-FR\",\"@id\":\"https:\/\/www.heartfailurematters.org\/fr\/ce-que-votre-medecin-ou-votre-infirmier-ere-peut-faire\/les-inhibiteurs-du-courant-if-au-niveau-du-noeud-sinusal\/#primaryimage\",\"url\":\"https:\/\/www.heartfailurematters.org\/wp-content\/uploads\/2022\/03\/shutterstock_441673426-1-min.jpg\",\"contentUrl\":\"https:\/\/www.heartfailurematters.org\/wp-content\/uploads\/2022\/03\/shutterstock_441673426-1-min.jpg\",\"width\":900,\"height\":596},{\"@type\":\"BreadcrumbList\",\"@id\":\"https:\/\/www.heartfailurematters.org\/fr\/ce-que-votre-medecin-ou-votre-infirmier-ere-peut-faire\/les-inhibiteurs-du-courant-if-au-niveau-du-noeud-sinusal\/#breadcrumb\",\"itemListElement\":[{\"@type\":\"ListItem\",\"position\":1,\"name\":\"Accueil\",\"item\":\"https:\/\/www.heartfailurematters.org\/fr\/\"},{\"@type\":\"ListItem\",\"position\":2,\"name\":\"Ce que votre m\u00e9decin peut faire\",\"item\":\"https:\/\/www.heartfailurematters.org\/fr\/ce-que-votre-medecin-ou-votre-infirmier-ere-peut-faire\/\"},{\"@type\":\"ListItem\",\"position\":3,\"name\":\"Les inhibiteurs du courant If au niveau du n\u0153ud sinusal\"}]},{\"@type\":\"WebSite\",\"@id\":\"https:\/\/www.heartfailurematters.org\/fr\/#website\",\"url\":\"https:\/\/www.heartfailurematters.org\/fr\/\",\"name\":\"Heart Failure Matters\",\"description\":\"Practical information for patients, families and caregivers.\",\"publisher\":{\"@id\":\"https:\/\/www.heartfailurematters.org\/fr\/#organization\"},\"potentialAction\":[{\"@type\":\"SearchAction\",\"target\":{\"@type\":\"EntryPoint\",\"urlTemplate\":\"https:\/\/www.heartfailurematters.org\/fr\/?s={search_term_string}\"},\"query-input\":{\"@type\":\"PropertyValueSpecification\",\"valueRequired\":true,\"valueName\":\"search_term_string\"}}],\"inLanguage\":\"fr-FR\"},{\"@type\":\"Organization\",\"@id\":\"https:\/\/www.heartfailurematters.org\/fr\/#organization\",\"name\":\"Heart Failure Matters\",\"url\":\"https:\/\/www.heartfailurematters.org\/fr\/\",\"logo\":{\"@type\":\"ImageObject\",\"inLanguage\":\"fr-FR\",\"@id\":\"https:\/\/www.heartfailurematters.org\/fr\/#\/schema\/logo\/image\/\",\"url\":\"https:\/\/cdn-endpoint-hfm.azureedge.net\/heartfailurematters\/2024\/07\/hfm-logo1.jpg\",\"contentUrl\":\"https:\/\/cdn-endpoint-hfm.azureedge.net\/heartfailurematters\/2024\/07\/hfm-logo1.jpg\",\"width\":1280,\"height\":720,\"caption\":\"Heart Failure Matters\"},\"image\":{\"@id\":\"https:\/\/www.heartfailurematters.org\/fr\/#\/schema\/logo\/image\/\"},\"sameAs\":[\"https:\/\/www.facebook.com\/heartfailurematters\"]}]}<\/script>\n<!-- \/ Yoast SEO plugin. -->","yoast_head_json":{"title":"Les inhibiteurs du courant If au niveau du n\u0153ud sinusal","description":"L'ivabradine, un inhibiteur du courant If g\u00e9n\u00e9r\u00e9 par le n\u0153ud sinusal, r\u00e9duit la fr\u00e9quence cardiaque gr\u00e2ce \u00e0 un nouveau m\u00e9canisme et r\u00e9duit la fr\u00e9quence des impulsions provenant du n\u0153ud sinusal.","robots":{"index":"index","follow":"follow","max-snippet":"max-snippet:-1","max-image-preview":"max-image-preview:large","max-video-preview":"max-video-preview:-1"},"canonical":"https:\/\/www.heartfailurematters.org\/fr\/ce-que-votre-medecin-ou-votre-infirmier-ere-peut-faire\/les-inhibiteurs-du-courant-if-au-niveau-du-noeud-sinusal\/","og_locale":"fr_FR","og_type":"article","og_title":"Les inhibiteurs du courant If au niveau du n\u0153ud sinusal","og_description":"L'ivabradine, un inhibiteur du courant If g\u00e9n\u00e9r\u00e9 par le n\u0153ud sinusal, r\u00e9duit la fr\u00e9quence cardiaque gr\u00e2ce \u00e0 un nouveau m\u00e9canisme et r\u00e9duit la fr\u00e9quence des impulsions provenant du n\u0153ud sinusal.","og_url":"https:\/\/www.heartfailurematters.org\/fr\/ce-que-votre-medecin-ou-votre-infirmier-ere-peut-faire\/les-inhibiteurs-du-courant-if-au-niveau-du-noeud-sinusal\/","og_site_name":"Heart Failure Matters","article_publisher":"https:\/\/www.facebook.com\/heartfailurematters","article_modified_time":"2021-01-27T21:35:57+00:00","og_image":[{"width":900,"height":596,"url":"https:\/\/www.heartfailurematters.org\/wp-content\/uploads\/2022\/03\/shutterstock_441673426-1-min.jpg","type":"image\/jpeg"}],"twitter_card":"summary_large_image","twitter_misc":{"Dur\u00e9e de lecture estim\u00e9e":"1 minute"},"schema":{"@context":"https:\/\/schema.org","@graph":[{"@type":"WebPage","@id":"https:\/\/www.heartfailurematters.org\/fr\/ce-que-votre-medecin-ou-votre-infirmier-ere-peut-faire\/les-inhibiteurs-du-courant-if-au-niveau-du-noeud-sinusal\/","url":"https:\/\/www.heartfailurematters.org\/fr\/ce-que-votre-medecin-ou-votre-infirmier-ere-peut-faire\/les-inhibiteurs-du-courant-if-au-niveau-du-noeud-sinusal\/","name":"Les inhibiteurs du courant If au niveau du n\u0153ud sinusal","isPartOf":{"@id":"https:\/\/www.heartfailurematters.org\/fr\/#website"},"primaryImageOfPage":{"@id":"https:\/\/www.heartfailurematters.org\/fr\/ce-que-votre-medecin-ou-votre-infirmier-ere-peut-faire\/les-inhibiteurs-du-courant-if-au-niveau-du-noeud-sinusal\/#primaryimage"},"image":{"@id":"https:\/\/www.heartfailurematters.org\/fr\/ce-que-votre-medecin-ou-votre-infirmier-ere-peut-faire\/les-inhibiteurs-du-courant-if-au-niveau-du-noeud-sinusal\/#primaryimage"},"thumbnailUrl":"https:\/\/www.heartfailurematters.org\/wp-content\/uploads\/2022\/03\/shutterstock_441673426-1-min.jpg","datePublished":"2021-01-27T21:35:56+00:00","dateModified":"2021-01-27T21:35:57+00:00","description":"L'ivabradine, un inhibiteur du courant If g\u00e9n\u00e9r\u00e9 par le n\u0153ud sinusal, r\u00e9duit la fr\u00e9quence cardiaque gr\u00e2ce \u00e0 un nouveau m\u00e9canisme et r\u00e9duit la fr\u00e9quence des impulsions provenant du n\u0153ud sinusal.","breadcrumb":{"@id":"https:\/\/www.heartfailurematters.org\/fr\/ce-que-votre-medecin-ou-votre-infirmier-ere-peut-faire\/les-inhibiteurs-du-courant-if-au-niveau-du-noeud-sinusal\/#breadcrumb"},"inLanguage":"fr-FR","potentialAction":[{"@type":"ReadAction","target":["https:\/\/www.heartfailurematters.org\/fr\/ce-que-votre-medecin-ou-votre-infirmier-ere-peut-faire\/les-inhibiteurs-du-courant-if-au-niveau-du-noeud-sinusal\/"]}]},{"@type":"ImageObject","inLanguage":"fr-FR","@id":"https:\/\/www.heartfailurematters.org\/fr\/ce-que-votre-medecin-ou-votre-infirmier-ere-peut-faire\/les-inhibiteurs-du-courant-if-au-niveau-du-noeud-sinusal\/#primaryimage","url":"https:\/\/www.heartfailurematters.org\/wp-content\/uploads\/2022\/03\/shutterstock_441673426-1-min.jpg","contentUrl":"https:\/\/www.heartfailurematters.org\/wp-content\/uploads\/2022\/03\/shutterstock_441673426-1-min.jpg","width":900,"height":596},{"@type":"BreadcrumbList","@id":"https:\/\/www.heartfailurematters.org\/fr\/ce-que-votre-medecin-ou-votre-infirmier-ere-peut-faire\/les-inhibiteurs-du-courant-if-au-niveau-du-noeud-sinusal\/#breadcrumb","itemListElement":[{"@type":"ListItem","position":1,"name":"Accueil","item":"https:\/\/www.heartfailurematters.org\/fr\/"},{"@type":"ListItem","position":2,"name":"Ce que votre m\u00e9decin peut faire","item":"https:\/\/www.heartfailurematters.org\/fr\/ce-que-votre-medecin-ou-votre-infirmier-ere-peut-faire\/"},{"@type":"ListItem","position":3,"name":"Les inhibiteurs du courant If au niveau du n\u0153ud sinusal"}]},{"@type":"WebSite","@id":"https:\/\/www.heartfailurematters.org\/fr\/#website","url":"https:\/\/www.heartfailurematters.org\/fr\/","name":"Heart Failure Matters","description":"Practical information for patients, families and caregivers.","publisher":{"@id":"https:\/\/www.heartfailurematters.org\/fr\/#organization"},"potentialAction":[{"@type":"SearchAction","target":{"@type":"EntryPoint","urlTemplate":"https:\/\/www.heartfailurematters.org\/fr\/?s={search_term_string}"},"query-input":{"@type":"PropertyValueSpecification","valueRequired":true,"valueName":"search_term_string"}}],"inLanguage":"fr-FR"},{"@type":"Organization","@id":"https:\/\/www.heartfailurematters.org\/fr\/#organization","name":"Heart Failure Matters","url":"https:\/\/www.heartfailurematters.org\/fr\/","logo":{"@type":"ImageObject","inLanguage":"fr-FR","@id":"https:\/\/www.heartfailurematters.org\/fr\/#\/schema\/logo\/image\/","url":"https:\/\/cdn-endpoint-hfm.azureedge.net\/heartfailurematters\/2024\/07\/hfm-logo1.jpg","contentUrl":"https:\/\/cdn-endpoint-hfm.azureedge.net\/heartfailurematters\/2024\/07\/hfm-logo1.jpg","width":1280,"height":720,"caption":"Heart Failure Matters"},"image":{"@id":"https:\/\/www.heartfailurematters.org\/fr\/#\/schema\/logo\/image\/"},"sameAs":["https:\/\/www.facebook.com\/heartfailurematters"]}]}},"_links":{"self":[{"href":"https:\/\/www.heartfailurematters.org\/fr\/wp-json\/wp\/v2\/pages\/359","targetHints":{"allow":["GET"]}}],"collection":[{"href":"https:\/\/www.heartfailurematters.org\/fr\/wp-json\/wp\/v2\/pages"}],"about":[{"href":"https:\/\/www.heartfailurematters.org\/fr\/wp-json\/wp\/v2\/types\/page"}],"author":[{"embeddable":true,"href":"https:\/\/www.heartfailurematters.org\/fr\/wp-json\/wp\/v2\/users\/1"}],"replies":[{"embeddable":true,"href":"https:\/\/www.heartfailurematters.org\/fr\/wp-json\/wp\/v2\/comments?post=359"}],"version-history":[{"count":1,"href":"https:\/\/www.heartfailurematters.org\/fr\/wp-json\/wp\/v2\/pages\/359\/revisions"}],"predecessor-version":[{"id":399,"href":"https:\/\/www.heartfailurematters.org\/fr\/wp-json\/wp\/v2\/pages\/359\/revisions\/399"}],"up":[{"embeddable":true,"href":"https:\/\/www.heartfailurematters.org\/fr\/wp-json\/wp\/v2\/pages\/2679"}],"wp:featuredmedia":[{"embeddable":true,"href":"https:\/\/www.heartfailurematters.org\/fr\/wp-json\/wp\/v2\/media\/10868"}],"wp:attachment":[{"href":"https:\/\/www.heartfailurematters.org\/fr\/wp-json\/wp\/v2\/media?parent=359"}],"wp:term":[{"taxonomy":"category","embeddable":true,"href":"https:\/\/www.heartfailurematters.org\/fr\/wp-json\/wp\/v2\/categories?post=359"},{"taxonomy":"post_tag","embeddable":true,"href":"https:\/\/www.heartfailurematters.org\/fr\/wp-json\/wp\/v2\/tags?post=359"}],"curies":[{"name":"wp","href":"https:\/\/api.w.org\/{rel}","templated":true}]}}