{"id":356,"date":"2021-01-27T21:35:47","date_gmt":"2021-01-27T21:35:47","guid":{"rendered":"http:\/\/heartfailurematters.local:8888\/savoir-reconnaitre-la-depression-et-lanxiete\/"},"modified":"2021-01-27T21:35:47","modified_gmt":"2021-01-27T21:35:47","slug":"savoir-reconnaitre-la-depression-et-lanxiete","status":"publish","type":"page","link":"https:\/\/www.heartfailurematters.org\/fr\/pour-les-soignants\/savoir-reconnaitre-la-depression-et-lanxiete\/","title":{"rendered":"Savoir reconna\u00eetre la d\u00e9pression et l\u2019anxi\u00e9t\u00e9"},"content":{"rendered":"<p>Les personnes atteintes de maladies graves comme l\u2019insuffisance cardiaque sont pr\u00e9dispos\u00e9es \u00e0 se sentir tristes ou d\u00e9prim\u00e9es de temps en temps. Cependant, si ces sentiments persistent et que vous remarquez que votre conjoint ou proche \u00e9prouve moins de plaisir qu\u2019avant \u00e0 faire ses activit\u00e9s quotidiennes, ou que votre relation avec lui ou elle en souffre, ce peut \u00eatre le signe d\u2019une d\u00e9pression.<\/p>\n<p>Il est important de demander une aide m\u00e9dicale pour d\u00e9pression ou anxi\u00e9t\u00e9, car ces maladies peuvent souvent \u00eatre trait\u00e9es. Si rien n\u2019est fait, elles peuvent aggraver la maladie de votre conjoint et votre sant\u00e9 globale.<\/p>\n<p>Si vous constatez certains des sympt\u00f4mes suivants chez votre conjoint ou chez votre parent de mani\u00e8re constante pendant plus de deux semaines, cela signifie qu\u2019il ou elle peut \u00eatre en d\u00e9pression\u00a0:<\/p>\n<ul>\n<li>Humeur maussade\/tristesse<\/li>\n<li>Plus irritable que d&rsquo;habitude<\/li>\n<li>Changements d&rsquo;app\u00e9tit<\/li>\n<li>Perte d&rsquo;int\u00e9r\u00eat pour les choses habituellement appr\u00e9ci\u00e9es<\/li>\n<li>\u00c9loignement des autres <\/li>\n<li>Somnolence excessive ou r\u00e9veil trop matinal<\/li>\n<li>Fatigue\u00a0 permanente\/perte d\u2019\u00e9nergie<\/li>\n<li>Sentiment d\u2019\u00eatre inutile\/culpabilit\u00e9<\/li>\n<li>Sentiment de d\u00e9sespoir<\/li>\n<li>Pens\u00e9es morbides\u00a0ou suicidaires<\/li>\n<\/ul>\n<p>Les sympt\u00f4mes suivants, s&rsquo;ils persistent\u00a0pendant plus de deux semaines, peuvent \u00eatre signe de grande anxi\u00e9t\u00e9\u00a0:<\/p>\n<ul>\n<li>Inqui\u00e9tude excessive<\/li>\n<li>Peurs<\/li>\n<li>\u00c9nervement inhabituel<\/li>\n<li>Agitation<\/li>\n<li>Sentiment de nervosit\u00e9 ou tremblements.<\/li>\n<\/ul>\n<p><a title=\"\" href=\"https:\/\/www.heartfailurematters.org\/fr\/pour-les-soignants\/comprendre-leurs-emotions\/\"\">Retourner \u00e0 la rubrique \u00ab\u00a0Comprendre leurs \u00e9motions\u00a0\u00bb<\/a><\/p>\n","protected":false},"excerpt":{"rendered":"<p>Les personnes atteintes de maladies graves comme l\u2019insuffisance cardiaque sont pr\u00e9dispos\u00e9es \u00e0 se sentir tristes ou d\u00e9prim\u00e9es de temps en temps. Cependant, si ces sentiments persistent et que vous remarquez que votre conjoint ou proche \u00e9prouve moins de plaisir qu\u2019avant \u00e0 faire ses activit\u00e9s quotidiennes, ou que votre relation avec lui ou elle en souffre, [&hellip;]<\/p>\n","protected":false},"author":1,"featured_media":10848,"parent":2841,"menu_order":0,"comment_status":"open","ping_status":"open","template":"","meta":{"_acf_changed":false,"footnotes":""},"categories":[],"tags":[],"class_list":["post-356","page","type-page","status-publish","has-post-thumbnail","hentry"],"acf":[],"yoast_head":"<!-- This site is optimized with the Yoast SEO plugin v24.8.1 - https:\/\/yoast.com\/wordpress\/plugins\/seo\/ -->\n<title>Savoir reconna\u00eetre la d\u00e9pression et l\u2019anxi\u00e9t\u00e9 - Heart Failure Matters<\/title>\n<meta name=\"description\" content=\"Les personnes souffrant d&#039;une pathologie grave comme l&#039;insuffisance cardiaque ont tendance \u00e0 se sentir tr\u00e8s tristes ou d\u00e9prim\u00e9es de temps \u00e0 autre. Si ces sentiments persistent et que vous remarquez que votre partenaire ou proche n&#039;appr\u00e9cie pas les activit\u00e9s quotidiennes comme auparavant, ou que votre relation se d\u00e9t\u00e9riore, cela peut \u00eatre un signe de d\u00e9pression.\" \/>\n<meta name=\"robots\" content=\"index, follow, max-snippet:-1, max-image-preview:large, max-video-preview:-1\" \/>\n<link rel=\"canonical\" href=\"https:\/\/www.heartfailurematters.org\/fr\/pour-les-soignants\/savoir-reconnaitre-la-depression-et-lanxiete\/\" \/>\n<meta property=\"og:locale\" content=\"fr_FR\" \/>\n<meta property=\"og:type\" content=\"article\" \/>\n<meta property=\"og:title\" content=\"Savoir reconna\u00eetre la d\u00e9pression et l\u2019anxi\u00e9t\u00e9 - Heart Failure Matters\" \/>\n<meta property=\"og:description\" content=\"Les personnes souffrant d&#039;une pathologie grave comme l&#039;insuffisance cardiaque ont tendance \u00e0 se sentir tr\u00e8s tristes ou d\u00e9prim\u00e9es de temps \u00e0 autre. Si ces sentiments persistent et que vous remarquez que votre partenaire ou proche n&#039;appr\u00e9cie pas les activit\u00e9s quotidiennes comme auparavant, ou que votre relation se d\u00e9t\u00e9riore, cela peut \u00eatre un signe de d\u00e9pression.\" \/>\n<meta property=\"og:url\" content=\"https:\/\/www.heartfailurematters.org\/fr\/pour-les-soignants\/savoir-reconnaitre-la-depression-et-lanxiete\/\" \/>\n<meta property=\"og:site_name\" content=\"Heart Failure Matters\" \/>\n<meta property=\"article:publisher\" content=\"https:\/\/www.facebook.com\/heartfailurematters\" \/>\n<meta property=\"og:image\" content=\"https:\/\/www.heartfailurematters.org\/wp-content\/uploads\/2022\/03\/shutterstock_1769847845-1-min.jpg\" \/>\n\t<meta property=\"og:image:width\" content=\"900\" \/>\n\t<meta property=\"og:image:height\" content=\"600\" \/>\n\t<meta property=\"og:image:type\" content=\"image\/jpeg\" \/>\n<meta name=\"twitter:card\" content=\"summary_large_image\" \/>\n<meta name=\"twitter:label1\" content=\"Dur\u00e9e de lecture estim\u00e9e\" \/>\n\t<meta name=\"twitter:data1\" content=\"1 minute\" \/>\n<script type=\"application\/ld+json\" class=\"yoast-schema-graph\">{\"@context\":\"https:\/\/schema.org\",\"@graph\":[{\"@type\":\"WebPage\",\"@id\":\"https:\/\/www.heartfailurematters.org\/fr\/pour-les-soignants\/savoir-reconnaitre-la-depression-et-lanxiete\/\",\"url\":\"https:\/\/www.heartfailurematters.org\/fr\/pour-les-soignants\/savoir-reconnaitre-la-depression-et-lanxiete\/\",\"name\":\"Savoir reconna\u00eetre la d\u00e9pression et l\u2019anxi\u00e9t\u00e9 - Heart Failure Matters\",\"isPartOf\":{\"@id\":\"https:\/\/www.heartfailurematters.org\/fr\/#website\"},\"primaryImageOfPage\":{\"@id\":\"https:\/\/www.heartfailurematters.org\/fr\/pour-les-soignants\/savoir-reconnaitre-la-depression-et-lanxiete\/#primaryimage\"},\"image\":{\"@id\":\"https:\/\/www.heartfailurematters.org\/fr\/pour-les-soignants\/savoir-reconnaitre-la-depression-et-lanxiete\/#primaryimage\"},\"thumbnailUrl\":\"https:\/\/www.heartfailurematters.org\/wp-content\/uploads\/2022\/03\/shutterstock_1769847845-1-min.jpg\",\"datePublished\":\"2021-01-27T21:35:47+00:00\",\"description\":\"Les personnes souffrant d'une pathologie grave comme l'insuffisance cardiaque ont tendance \u00e0 se sentir tr\u00e8s tristes ou d\u00e9prim\u00e9es de temps \u00e0 autre. Si ces sentiments persistent et que vous remarquez que votre partenaire ou proche n'appr\u00e9cie pas les activit\u00e9s quotidiennes comme auparavant, ou que votre relation se d\u00e9t\u00e9riore, cela peut \u00eatre un signe de d\u00e9pression.\",\"breadcrumb\":{\"@id\":\"https:\/\/www.heartfailurematters.org\/fr\/pour-les-soignants\/savoir-reconnaitre-la-depression-et-lanxiete\/#breadcrumb\"},\"inLanguage\":\"fr-FR\",\"potentialAction\":[{\"@type\":\"ReadAction\",\"target\":[\"https:\/\/www.heartfailurematters.org\/fr\/pour-les-soignants\/savoir-reconnaitre-la-depression-et-lanxiete\/\"]}]},{\"@type\":\"ImageObject\",\"inLanguage\":\"fr-FR\",\"@id\":\"https:\/\/www.heartfailurematters.org\/fr\/pour-les-soignants\/savoir-reconnaitre-la-depression-et-lanxiete\/#primaryimage\",\"url\":\"https:\/\/www.heartfailurematters.org\/wp-content\/uploads\/2022\/03\/shutterstock_1769847845-1-min.jpg\",\"contentUrl\":\"https:\/\/www.heartfailurematters.org\/wp-content\/uploads\/2022\/03\/shutterstock_1769847845-1-min.jpg\",\"width\":900,\"height\":600},{\"@type\":\"BreadcrumbList\",\"@id\":\"https:\/\/www.heartfailurematters.org\/fr\/pour-les-soignants\/savoir-reconnaitre-la-depression-et-lanxiete\/#breadcrumb\",\"itemListElement\":[{\"@type\":\"ListItem\",\"position\":1,\"name\":\"Accueil\",\"item\":\"https:\/\/www.heartfailurematters.org\/fr\/\"},{\"@type\":\"ListItem\",\"position\":2,\"name\":\"Pour les soignants\",\"item\":\"https:\/\/www.heartfailurematters.org\/fr\/pour-les-soignants\/\"},{\"@type\":\"ListItem\",\"position\":3,\"name\":\"Savoir reconna\u00eetre la d\u00e9pression et l\u2019anxi\u00e9t\u00e9\"}]},{\"@type\":\"WebSite\",\"@id\":\"https:\/\/www.heartfailurematters.org\/fr\/#website\",\"url\":\"https:\/\/www.heartfailurematters.org\/fr\/\",\"name\":\"Heart Failure Matters\",\"description\":\"Practical information for patients, families and caregivers.\",\"publisher\":{\"@id\":\"https:\/\/www.heartfailurematters.org\/fr\/#organization\"},\"potentialAction\":[{\"@type\":\"SearchAction\",\"target\":{\"@type\":\"EntryPoint\",\"urlTemplate\":\"https:\/\/www.heartfailurematters.org\/fr\/?s={search_term_string}\"},\"query-input\":{\"@type\":\"PropertyValueSpecification\",\"valueRequired\":true,\"valueName\":\"search_term_string\"}}],\"inLanguage\":\"fr-FR\"},{\"@type\":\"Organization\",\"@id\":\"https:\/\/www.heartfailurematters.org\/fr\/#organization\",\"name\":\"Heart Failure Matters\",\"url\":\"https:\/\/www.heartfailurematters.org\/fr\/\",\"logo\":{\"@type\":\"ImageObject\",\"inLanguage\":\"fr-FR\",\"@id\":\"https:\/\/www.heartfailurematters.org\/fr\/#\/schema\/logo\/image\/\",\"url\":\"https:\/\/cdn-endpoint-hfm.azureedge.net\/heartfailurematters\/2024\/07\/hfm-logo1.jpg\",\"contentUrl\":\"https:\/\/cdn-endpoint-hfm.azureedge.net\/heartfailurematters\/2024\/07\/hfm-logo1.jpg\",\"width\":1280,\"height\":720,\"caption\":\"Heart Failure Matters\"},\"image\":{\"@id\":\"https:\/\/www.heartfailurematters.org\/fr\/#\/schema\/logo\/image\/\"},\"sameAs\":[\"https:\/\/www.facebook.com\/heartfailurematters\"]}]}<\/script>\n<!-- \/ Yoast SEO plugin. -->","yoast_head_json":{"title":"Savoir reconna\u00eetre la d\u00e9pression et l\u2019anxi\u00e9t\u00e9 - Heart Failure Matters","description":"Les personnes souffrant d'une pathologie grave comme l'insuffisance cardiaque ont tendance \u00e0 se sentir tr\u00e8s tristes ou d\u00e9prim\u00e9es de temps \u00e0 autre. Si ces sentiments persistent et que vous remarquez que votre partenaire ou proche n'appr\u00e9cie pas les activit\u00e9s quotidiennes comme auparavant, ou que votre relation se d\u00e9t\u00e9riore, cela peut \u00eatre un signe de d\u00e9pression.","robots":{"index":"index","follow":"follow","max-snippet":"max-snippet:-1","max-image-preview":"max-image-preview:large","max-video-preview":"max-video-preview:-1"},"canonical":"https:\/\/www.heartfailurematters.org\/fr\/pour-les-soignants\/savoir-reconnaitre-la-depression-et-lanxiete\/","og_locale":"fr_FR","og_type":"article","og_title":"Savoir reconna\u00eetre la d\u00e9pression et l\u2019anxi\u00e9t\u00e9 - Heart Failure Matters","og_description":"Les personnes souffrant d'une pathologie grave comme l'insuffisance cardiaque ont tendance \u00e0 se sentir tr\u00e8s tristes ou d\u00e9prim\u00e9es de temps \u00e0 autre. Si ces sentiments persistent et que vous remarquez que votre partenaire ou proche n'appr\u00e9cie pas les activit\u00e9s quotidiennes comme auparavant, ou que votre relation se d\u00e9t\u00e9riore, cela peut \u00eatre un signe de d\u00e9pression.","og_url":"https:\/\/www.heartfailurematters.org\/fr\/pour-les-soignants\/savoir-reconnaitre-la-depression-et-lanxiete\/","og_site_name":"Heart Failure Matters","article_publisher":"https:\/\/www.facebook.com\/heartfailurematters","og_image":[{"width":900,"height":600,"url":"https:\/\/www.heartfailurematters.org\/wp-content\/uploads\/2022\/03\/shutterstock_1769847845-1-min.jpg","type":"image\/jpeg"}],"twitter_card":"summary_large_image","twitter_misc":{"Dur\u00e9e de lecture estim\u00e9e":"1 minute"},"schema":{"@context":"https:\/\/schema.org","@graph":[{"@type":"WebPage","@id":"https:\/\/www.heartfailurematters.org\/fr\/pour-les-soignants\/savoir-reconnaitre-la-depression-et-lanxiete\/","url":"https:\/\/www.heartfailurematters.org\/fr\/pour-les-soignants\/savoir-reconnaitre-la-depression-et-lanxiete\/","name":"Savoir reconna\u00eetre la d\u00e9pression et l\u2019anxi\u00e9t\u00e9 - Heart Failure Matters","isPartOf":{"@id":"https:\/\/www.heartfailurematters.org\/fr\/#website"},"primaryImageOfPage":{"@id":"https:\/\/www.heartfailurematters.org\/fr\/pour-les-soignants\/savoir-reconnaitre-la-depression-et-lanxiete\/#primaryimage"},"image":{"@id":"https:\/\/www.heartfailurematters.org\/fr\/pour-les-soignants\/savoir-reconnaitre-la-depression-et-lanxiete\/#primaryimage"},"thumbnailUrl":"https:\/\/www.heartfailurematters.org\/wp-content\/uploads\/2022\/03\/shutterstock_1769847845-1-min.jpg","datePublished":"2021-01-27T21:35:47+00:00","description":"Les personnes souffrant d'une pathologie grave comme l'insuffisance cardiaque ont tendance \u00e0 se sentir tr\u00e8s tristes ou d\u00e9prim\u00e9es de temps \u00e0 autre. Si ces sentiments persistent et que vous remarquez que votre partenaire ou proche n'appr\u00e9cie pas les activit\u00e9s quotidiennes comme auparavant, ou que votre relation se d\u00e9t\u00e9riore, cela peut \u00eatre un signe de d\u00e9pression.","breadcrumb":{"@id":"https:\/\/www.heartfailurematters.org\/fr\/pour-les-soignants\/savoir-reconnaitre-la-depression-et-lanxiete\/#breadcrumb"},"inLanguage":"fr-FR","potentialAction":[{"@type":"ReadAction","target":["https:\/\/www.heartfailurematters.org\/fr\/pour-les-soignants\/savoir-reconnaitre-la-depression-et-lanxiete\/"]}]},{"@type":"ImageObject","inLanguage":"fr-FR","@id":"https:\/\/www.heartfailurematters.org\/fr\/pour-les-soignants\/savoir-reconnaitre-la-depression-et-lanxiete\/#primaryimage","url":"https:\/\/www.heartfailurematters.org\/wp-content\/uploads\/2022\/03\/shutterstock_1769847845-1-min.jpg","contentUrl":"https:\/\/www.heartfailurematters.org\/wp-content\/uploads\/2022\/03\/shutterstock_1769847845-1-min.jpg","width":900,"height":600},{"@type":"BreadcrumbList","@id":"https:\/\/www.heartfailurematters.org\/fr\/pour-les-soignants\/savoir-reconnaitre-la-depression-et-lanxiete\/#breadcrumb","itemListElement":[{"@type":"ListItem","position":1,"name":"Accueil","item":"https:\/\/www.heartfailurematters.org\/fr\/"},{"@type":"ListItem","position":2,"name":"Pour les soignants","item":"https:\/\/www.heartfailurematters.org\/fr\/pour-les-soignants\/"},{"@type":"ListItem","position":3,"name":"Savoir reconna\u00eetre la d\u00e9pression et l\u2019anxi\u00e9t\u00e9"}]},{"@type":"WebSite","@id":"https:\/\/www.heartfailurematters.org\/fr\/#website","url":"https:\/\/www.heartfailurematters.org\/fr\/","name":"Heart Failure Matters","description":"Practical information for patients, families and caregivers.","publisher":{"@id":"https:\/\/www.heartfailurematters.org\/fr\/#organization"},"potentialAction":[{"@type":"SearchAction","target":{"@type":"EntryPoint","urlTemplate":"https:\/\/www.heartfailurematters.org\/fr\/?s={search_term_string}"},"query-input":{"@type":"PropertyValueSpecification","valueRequired":true,"valueName":"search_term_string"}}],"inLanguage":"fr-FR"},{"@type":"Organization","@id":"https:\/\/www.heartfailurematters.org\/fr\/#organization","name":"Heart Failure Matters","url":"https:\/\/www.heartfailurematters.org\/fr\/","logo":{"@type":"ImageObject","inLanguage":"fr-FR","@id":"https:\/\/www.heartfailurematters.org\/fr\/#\/schema\/logo\/image\/","url":"https:\/\/cdn-endpoint-hfm.azureedge.net\/heartfailurematters\/2024\/07\/hfm-logo1.jpg","contentUrl":"https:\/\/cdn-endpoint-hfm.azureedge.net\/heartfailurematters\/2024\/07\/hfm-logo1.jpg","width":1280,"height":720,"caption":"Heart Failure Matters"},"image":{"@id":"https:\/\/www.heartfailurematters.org\/fr\/#\/schema\/logo\/image\/"},"sameAs":["https:\/\/www.facebook.com\/heartfailurematters"]}]}},"_links":{"self":[{"href":"https:\/\/www.heartfailurematters.org\/fr\/wp-json\/wp\/v2\/pages\/356","targetHints":{"allow":["GET"]}}],"collection":[{"href":"https:\/\/www.heartfailurematters.org\/fr\/wp-json\/wp\/v2\/pages"}],"about":[{"href":"https:\/\/www.heartfailurematters.org\/fr\/wp-json\/wp\/v2\/types\/page"}],"author":[{"embeddable":true,"href":"https:\/\/www.heartfailurematters.org\/fr\/wp-json\/wp\/v2\/users\/1"}],"replies":[{"embeddable":true,"href":"https:\/\/www.heartfailurematters.org\/fr\/wp-json\/wp\/v2\/comments?post=356"}],"version-history":[{"count":0,"href":"https:\/\/www.heartfailurematters.org\/fr\/wp-json\/wp\/v2\/pages\/356\/revisions"}],"up":[{"embeddable":true,"href":"https:\/\/www.heartfailurematters.org\/fr\/wp-json\/wp\/v2\/pages\/2841"}],"wp:featuredmedia":[{"embeddable":true,"href":"https:\/\/www.heartfailurematters.org\/fr\/wp-json\/wp\/v2\/media\/10848"}],"wp:attachment":[{"href":"https:\/\/www.heartfailurematters.org\/fr\/wp-json\/wp\/v2\/media?parent=356"}],"wp:term":[{"taxonomy":"category","embeddable":true,"href":"https:\/\/www.heartfailurematters.org\/fr\/wp-json\/wp\/v2\/categories?post=356"},{"taxonomy":"post_tag","embeddable":true,"href":"https:\/\/www.heartfailurematters.org\/fr\/wp-json\/wp\/v2\/tags?post=356"}],"curies":[{"name":"wp","href":"https:\/\/api.w.org\/{rel}","templated":true}]}}