{"id":355,"date":"2021-01-27T21:35:47","date_gmt":"2021-01-27T21:35:47","guid":{"rendered":"http:\/\/heartfailurematters.local:8888\/tabac\/"},"modified":"2021-06-25T14:12:50","modified_gmt":"2021-06-25T13:12:50","slug":"tabagisme-vapotage","status":"publish","type":"page","link":"https:\/\/www.heartfailurematters.org\/fr\/ce-que-vous-pouvez-faire\/tabagisme-vapotage\/","title":{"rendered":"Tabagisme \/ Vapotage"},"content":{"rendered":"<p>Le monoxyde de carbone pr\u00e9sent dans la fum\u00e9e de cigarette nuit \u00e0 la capacit\u00e9 de transport d&rsquo;oxyg\u00e8ne de votre sang. Par cons\u00e9quent, votre c\u0153ur doit fournir plus d&rsquo;efforts pour distribuer la quantit\u00e9 l&rsquo;oxyg\u00e8ne ad\u00e9quate \u00e0 votre corps. Le tabagisme contribue \u00e9galement au d\u00e9p\u00f4t de graisses dans vos vaisseaux sanguins, causant un r\u00e9tr\u00e9cissement des vaisseaux et une augmentation de la pression art\u00e9rielle. Le tabagisme provoque une vasoconstriction (r\u00e9tr\u00e9cissement) des vaisseaux sanguins de votre corps, y compris ceux de votre c\u0153ur. Cela aggravera les sympt\u00f4mes de votre insuffisance cardiaque. Il n&rsquo;est jamais trop tard pour arr\u00eater de fumer. De plus, cela sera b\u00e9n\u00e9fique pour votre c\u0153ur.<\/p>\n<p>Il existe diff\u00e9rentes fa\u00e7ons d&rsquo;arr\u00eater de fumer. N&rsquo;ayez pas peur de demander de l&rsquo;aide, car vous trouverez de nombreux groupes de soutien et d&rsquo;autres ressources disponibles qui vous aideront. Tous les conseils ne fonctionneront peut-\u00eatre pas pour vous, mais avec un peu de pers\u00e9v\u00e9rance, vous trouverez un moyen d&rsquo;arr\u00eater de fumer.<\/p>\n<p>Voici quelques m\u00e9thodes courantes pour arr\u00eater de fumer&nbsp;:<\/p>\n<ul>\n<li>Utilisez les produits disponibles qui aideront \u00e0 traiter les sympt\u00f4mes de sevrage, tels que les timbres transdermiques de nicotine (patchs), les gommes \u00e0 m\u00e2cher et les inhalateurs&nbsp;; demandez conseil \u00e0 votre m\u00e9decin ou \u00e0 votre infirmier\/\u00e8re.<\/li>\n<li>Plusieurs nouveaux m\u00e9dicaments sont \u00e9galement disponibles, dont vous pourrez discuter avec votre m\u00e9decin.<\/li>\n<li>Arr\u00eatez progressivement, en r\u00e9duisant le nombre de cigarettes que vous fumez par jour, de sorte que vous ne consommiez des cigarettes que lorsque votre corps en a besoin, et pas seulement par habitude.<\/li>\n<li>Brossez-vous les dents apr\u00e8s un repas au lieu d&rsquo;allumer une cigarette&nbsp;: changer le go\u00fbt que vous avez en bouche aide parfois.<\/li>\n<li>Lorsque vous commencez \u00e0 arr\u00eater de fumer, \u00e9vitez les endroits o\u00f9 il est permis de fumer, comme les espaces ext\u00e9rieurs dans les bars. Si vous \u00eates autoris\u00e9(e) \u00e0 fumer sur votre lieu de travail, parlez de votre d\u00e9cision \u00e0 vos coll\u00e8gues.<\/li>\n<li>Occupez vos mains ou votre bouche, par exemple, en jouant avec un trombone ou en m\u00e2chant des gommes.<\/li>\n<li>Soyez plus actif(ve)&nbsp;; faire de l&rsquo;exercice stimule votre moral et vous aide \u00e0 vous d\u00e9tendre.<\/li>\n<li>Ne videz pas votre cendrier, car il vous indiquera combien de cigarettes vous fumez et \u00e0 quel point l&rsquo;odeur de tabac froid est horrible.<\/li>\n<li>Impliquez les membres de votre famille, en particulier ceux qui fument, car cela peut \u00eatre la cl\u00e9 du succ\u00e8s.<\/li>\n<\/ul>\n<p>Certains patients trouvent les cigarettes \u00e9lectroniques, \u00e9galement appel\u00e9es vapoteuses, utiles lorsqu&rsquo; ils essaient d&rsquo;arr\u00eater de fumer. Vapoter n&rsquo;est pas d\u00e9nu\u00e9 de risque et il existe une certaine controverse concernant sa s\u00e9curit\u00e9. Cependant, les cigarettes \u00e9lectroniques ne comportent qu&rsquo;une petite fraction du risque des cigarettes ordinaires. Les patients souffrant d&rsquo;insuffisance cardiaque qui souhaitent essayer de vapoter afin d&rsquo;arr\u00eater de fumer doivent discuter de cette d\u00e9cision avec leur m\u00e9decin g\u00e9n\u00e9raliste ou leur infirmi\u00e8re. Arr\u00eater de fumer en utilisant des cigarettes \u00e9lectroniques est particuli\u00e8rement efficace avec le soutien expert d&rsquo;un professionnel de sant\u00e9.<\/p>\n<p>Vous ne ressentirez peut-\u00eatre pas les bienfaits d&rsquo;arr\u00eater de fumer sur votre sant\u00e9 imm\u00e9diatement mais, avec le temps, vous vous sentirez plus en forme et en meilleure sant\u00e9 de mani\u00e8re g\u00e9n\u00e9rale. Il est essentiel que votre partenaire vous soutienne et comprenne qu&rsquo;il s&rsquo;agit d&rsquo;un \u00e9l\u00e9ment important de votre changement de mode de vie.<\/p>\n<p>Pour obtenir plus de conseils pour arr\u00eater de fumer, consultez les sites Internet suivants&nbsp;:<\/p>\n<ul>\n<li><a title=\"\" href=\"http:\/\/www.ash.org.uk\/\" target=\"_blank\" rel=\"noopener\">ASH<\/a><\/li>\n<\/ul>\n<p><a title=\"\" href=\"https:\/\/www.heartfailurematters.org\/what-you-can-do\/adapting-your-lifestyle\/\">Retour \u00e0 Adapter votre mode de vie<\/a><\/p>\n","protected":false},"excerpt":{"rendered":"<p>Le monoxyde de carbone pr\u00e9sent dans la fum\u00e9e de cigarette nuit \u00e0 la capacit\u00e9 de transport d&rsquo;oxyg\u00e8ne de votre sang. Par cons\u00e9quent, votre c\u0153ur doit fournir plus d&rsquo;efforts pour distribuer la quantit\u00e9 l&rsquo;oxyg\u00e8ne ad\u00e9quate \u00e0 votre corps. Le tabagisme contribue \u00e9galement au d\u00e9p\u00f4t de graisses dans vos vaisseaux sanguins, causant un r\u00e9tr\u00e9cissement des vaisseaux et [&hellip;]<\/p>\n","protected":false},"author":1,"featured_media":11053,"parent":2715,"menu_order":0,"comment_status":"open","ping_status":"open","template":"","meta":{"_acf_changed":false,"footnotes":""},"categories":[],"tags":[],"class_list":["post-355","page","type-page","status-publish","has-post-thumbnail","hentry"],"acf":[],"yoast_head":"<!-- This site is optimized with the Yoast SEO plugin v24.8.1 - https:\/\/yoast.com\/wordpress\/plugins\/seo\/ -->\n<title>Tabagisme et insuffisance cardiaque<\/title>\n<meta name=\"description\" content=\"Le monoxyde de carbone pr\u00e9sent dans la fum\u00e9e de cigarette nuit \u00e0 la capacit\u00e9 de transport d&#039;oxyg\u00e8ne de votre sang. Par cons\u00e9quent, votre c\u0153ur doit fournir plus d&#039;efforts pour distribuer la quantit\u00e9 l&#039;oxyg\u00e8ne ad\u00e9quate \u00e0 votre corps.\" \/>\n<meta name=\"robots\" content=\"index, follow, max-snippet:-1, max-image-preview:large, max-video-preview:-1\" \/>\n<link rel=\"canonical\" href=\"https:\/\/www.heartfailurematters.org\/fr\/ce-que-vous-pouvez-faire\/tabagisme-vapotage\/\" \/>\n<meta property=\"og:locale\" content=\"fr_FR\" \/>\n<meta property=\"og:type\" content=\"article\" \/>\n<meta property=\"og:title\" content=\"Tabagisme et insuffisance cardiaque\" \/>\n<meta property=\"og:description\" content=\"Le monoxyde de carbone pr\u00e9sent dans la fum\u00e9e de cigarette nuit \u00e0 la capacit\u00e9 de transport d&#039;oxyg\u00e8ne de votre sang. Par cons\u00e9quent, votre c\u0153ur doit fournir plus d&#039;efforts pour distribuer la quantit\u00e9 l&#039;oxyg\u00e8ne ad\u00e9quate \u00e0 votre corps.\" \/>\n<meta property=\"og:url\" content=\"https:\/\/www.heartfailurematters.org\/fr\/ce-que-vous-pouvez-faire\/tabagisme-vapotage\/\" \/>\n<meta property=\"og:site_name\" content=\"Heart Failure Matters\" \/>\n<meta property=\"article:publisher\" content=\"https:\/\/www.facebook.com\/heartfailurematters\" \/>\n<meta property=\"article:modified_time\" content=\"2021-06-25T13:12:50+00:00\" \/>\n<meta property=\"og:image\" content=\"https:\/\/www.heartfailurematters.org\/wp-content\/uploads\/2022\/03\/shutterstock_1476923477-1-min.jpg\" \/>\n\t<meta property=\"og:image:width\" content=\"900\" \/>\n\t<meta property=\"og:image:height\" content=\"601\" \/>\n\t<meta property=\"og:image:type\" content=\"image\/jpeg\" \/>\n<meta name=\"twitter:card\" content=\"summary_large_image\" \/>\n<meta name=\"twitter:label1\" content=\"Dur\u00e9e de lecture estim\u00e9e\" \/>\n\t<meta name=\"twitter:data1\" content=\"3 minutes\" \/>\n<script type=\"application\/ld+json\" class=\"yoast-schema-graph\">{\"@context\":\"https:\/\/schema.org\",\"@graph\":[{\"@type\":\"WebPage\",\"@id\":\"https:\/\/www.heartfailurematters.org\/fr\/ce-que-vous-pouvez-faire\/tabagisme-vapotage\/\",\"url\":\"https:\/\/www.heartfailurematters.org\/fr\/ce-que-vous-pouvez-faire\/tabagisme-vapotage\/\",\"name\":\"Tabagisme et insuffisance cardiaque\",\"isPartOf\":{\"@id\":\"https:\/\/www.heartfailurematters.org\/fr\/#website\"},\"primaryImageOfPage\":{\"@id\":\"https:\/\/www.heartfailurematters.org\/fr\/ce-que-vous-pouvez-faire\/tabagisme-vapotage\/#primaryimage\"},\"image\":{\"@id\":\"https:\/\/www.heartfailurematters.org\/fr\/ce-que-vous-pouvez-faire\/tabagisme-vapotage\/#primaryimage\"},\"thumbnailUrl\":\"https:\/\/www.heartfailurematters.org\/wp-content\/uploads\/2022\/03\/shutterstock_1476923477-1-min.jpg\",\"datePublished\":\"2021-01-27T21:35:47+00:00\",\"dateModified\":\"2021-06-25T13:12:50+00:00\",\"description\":\"Le monoxyde de carbone pr\u00e9sent dans la fum\u00e9e de cigarette nuit \u00e0 la capacit\u00e9 de transport d'oxyg\u00e8ne de votre sang. Par cons\u00e9quent, votre c\u0153ur doit fournir plus d'efforts pour distribuer la quantit\u00e9 l'oxyg\u00e8ne ad\u00e9quate \u00e0 votre corps.\",\"breadcrumb\":{\"@id\":\"https:\/\/www.heartfailurematters.org\/fr\/ce-que-vous-pouvez-faire\/tabagisme-vapotage\/#breadcrumb\"},\"inLanguage\":\"fr-FR\",\"potentialAction\":[{\"@type\":\"ReadAction\",\"target\":[\"https:\/\/www.heartfailurematters.org\/fr\/ce-que-vous-pouvez-faire\/tabagisme-vapotage\/\"]}]},{\"@type\":\"ImageObject\",\"inLanguage\":\"fr-FR\",\"@id\":\"https:\/\/www.heartfailurematters.org\/fr\/ce-que-vous-pouvez-faire\/tabagisme-vapotage\/#primaryimage\",\"url\":\"https:\/\/www.heartfailurematters.org\/wp-content\/uploads\/2022\/03\/shutterstock_1476923477-1-min.jpg\",\"contentUrl\":\"https:\/\/www.heartfailurematters.org\/wp-content\/uploads\/2022\/03\/shutterstock_1476923477-1-min.jpg\",\"width\":900,\"height\":601},{\"@type\":\"BreadcrumbList\",\"@id\":\"https:\/\/www.heartfailurematters.org\/fr\/ce-que-vous-pouvez-faire\/tabagisme-vapotage\/#breadcrumb\",\"itemListElement\":[{\"@type\":\"ListItem\",\"position\":1,\"name\":\"Accueil\",\"item\":\"https:\/\/www.heartfailurematters.org\/fr\/\"},{\"@type\":\"ListItem\",\"position\":2,\"name\":\"Ce que vous pouvez faire\",\"item\":\"https:\/\/www.heartfailurematters.org\/fr\/ce-que-vous-pouvez-faire\/\"},{\"@type\":\"ListItem\",\"position\":3,\"name\":\"Tabagisme \/ Vapotage\"}]},{\"@type\":\"WebSite\",\"@id\":\"https:\/\/www.heartfailurematters.org\/fr\/#website\",\"url\":\"https:\/\/www.heartfailurematters.org\/fr\/\",\"name\":\"Heart Failure Matters\",\"description\":\"Practical information for patients, families and caregivers.\",\"publisher\":{\"@id\":\"https:\/\/www.heartfailurematters.org\/fr\/#organization\"},\"potentialAction\":[{\"@type\":\"SearchAction\",\"target\":{\"@type\":\"EntryPoint\",\"urlTemplate\":\"https:\/\/www.heartfailurematters.org\/fr\/?s={search_term_string}\"},\"query-input\":{\"@type\":\"PropertyValueSpecification\",\"valueRequired\":true,\"valueName\":\"search_term_string\"}}],\"inLanguage\":\"fr-FR\"},{\"@type\":\"Organization\",\"@id\":\"https:\/\/www.heartfailurematters.org\/fr\/#organization\",\"name\":\"Heart Failure Matters\",\"url\":\"https:\/\/www.heartfailurematters.org\/fr\/\",\"logo\":{\"@type\":\"ImageObject\",\"inLanguage\":\"fr-FR\",\"@id\":\"https:\/\/www.heartfailurematters.org\/fr\/#\/schema\/logo\/image\/\",\"url\":\"https:\/\/cdn-endpoint-hfm.azureedge.net\/heartfailurematters\/2024\/07\/hfm-logo1.jpg\",\"contentUrl\":\"https:\/\/cdn-endpoint-hfm.azureedge.net\/heartfailurematters\/2024\/07\/hfm-logo1.jpg\",\"width\":1280,\"height\":720,\"caption\":\"Heart Failure Matters\"},\"image\":{\"@id\":\"https:\/\/www.heartfailurematters.org\/fr\/#\/schema\/logo\/image\/\"},\"sameAs\":[\"https:\/\/www.facebook.com\/heartfailurematters\"]}]}<\/script>\n<!-- \/ Yoast SEO plugin. -->","yoast_head_json":{"title":"Tabagisme et insuffisance cardiaque","description":"Le monoxyde de carbone pr\u00e9sent dans la fum\u00e9e de cigarette nuit \u00e0 la capacit\u00e9 de transport d'oxyg\u00e8ne de votre sang. Par cons\u00e9quent, votre c\u0153ur doit fournir plus d'efforts pour distribuer la quantit\u00e9 l'oxyg\u00e8ne ad\u00e9quate \u00e0 votre corps.","robots":{"index":"index","follow":"follow","max-snippet":"max-snippet:-1","max-image-preview":"max-image-preview:large","max-video-preview":"max-video-preview:-1"},"canonical":"https:\/\/www.heartfailurematters.org\/fr\/ce-que-vous-pouvez-faire\/tabagisme-vapotage\/","og_locale":"fr_FR","og_type":"article","og_title":"Tabagisme et insuffisance cardiaque","og_description":"Le monoxyde de carbone pr\u00e9sent dans la fum\u00e9e de cigarette nuit \u00e0 la capacit\u00e9 de transport d'oxyg\u00e8ne de votre sang. Par cons\u00e9quent, votre c\u0153ur doit fournir plus d'efforts pour distribuer la quantit\u00e9 l'oxyg\u00e8ne ad\u00e9quate \u00e0 votre corps.","og_url":"https:\/\/www.heartfailurematters.org\/fr\/ce-que-vous-pouvez-faire\/tabagisme-vapotage\/","og_site_name":"Heart Failure Matters","article_publisher":"https:\/\/www.facebook.com\/heartfailurematters","article_modified_time":"2021-06-25T13:12:50+00:00","og_image":[{"width":900,"height":601,"url":"https:\/\/www.heartfailurematters.org\/wp-content\/uploads\/2022\/03\/shutterstock_1476923477-1-min.jpg","type":"image\/jpeg"}],"twitter_card":"summary_large_image","twitter_misc":{"Dur\u00e9e de lecture estim\u00e9e":"3 minutes"},"schema":{"@context":"https:\/\/schema.org","@graph":[{"@type":"WebPage","@id":"https:\/\/www.heartfailurematters.org\/fr\/ce-que-vous-pouvez-faire\/tabagisme-vapotage\/","url":"https:\/\/www.heartfailurematters.org\/fr\/ce-que-vous-pouvez-faire\/tabagisme-vapotage\/","name":"Tabagisme et insuffisance cardiaque","isPartOf":{"@id":"https:\/\/www.heartfailurematters.org\/fr\/#website"},"primaryImageOfPage":{"@id":"https:\/\/www.heartfailurematters.org\/fr\/ce-que-vous-pouvez-faire\/tabagisme-vapotage\/#primaryimage"},"image":{"@id":"https:\/\/www.heartfailurematters.org\/fr\/ce-que-vous-pouvez-faire\/tabagisme-vapotage\/#primaryimage"},"thumbnailUrl":"https:\/\/www.heartfailurematters.org\/wp-content\/uploads\/2022\/03\/shutterstock_1476923477-1-min.jpg","datePublished":"2021-01-27T21:35:47+00:00","dateModified":"2021-06-25T13:12:50+00:00","description":"Le monoxyde de carbone pr\u00e9sent dans la fum\u00e9e de cigarette nuit \u00e0 la capacit\u00e9 de transport d'oxyg\u00e8ne de votre sang. Par cons\u00e9quent, votre c\u0153ur doit fournir plus d'efforts pour distribuer la quantit\u00e9 l'oxyg\u00e8ne ad\u00e9quate \u00e0 votre corps.","breadcrumb":{"@id":"https:\/\/www.heartfailurematters.org\/fr\/ce-que-vous-pouvez-faire\/tabagisme-vapotage\/#breadcrumb"},"inLanguage":"fr-FR","potentialAction":[{"@type":"ReadAction","target":["https:\/\/www.heartfailurematters.org\/fr\/ce-que-vous-pouvez-faire\/tabagisme-vapotage\/"]}]},{"@type":"ImageObject","inLanguage":"fr-FR","@id":"https:\/\/www.heartfailurematters.org\/fr\/ce-que-vous-pouvez-faire\/tabagisme-vapotage\/#primaryimage","url":"https:\/\/www.heartfailurematters.org\/wp-content\/uploads\/2022\/03\/shutterstock_1476923477-1-min.jpg","contentUrl":"https:\/\/www.heartfailurematters.org\/wp-content\/uploads\/2022\/03\/shutterstock_1476923477-1-min.jpg","width":900,"height":601},{"@type":"BreadcrumbList","@id":"https:\/\/www.heartfailurematters.org\/fr\/ce-que-vous-pouvez-faire\/tabagisme-vapotage\/#breadcrumb","itemListElement":[{"@type":"ListItem","position":1,"name":"Accueil","item":"https:\/\/www.heartfailurematters.org\/fr\/"},{"@type":"ListItem","position":2,"name":"Ce que vous pouvez faire","item":"https:\/\/www.heartfailurematters.org\/fr\/ce-que-vous-pouvez-faire\/"},{"@type":"ListItem","position":3,"name":"Tabagisme \/ Vapotage"}]},{"@type":"WebSite","@id":"https:\/\/www.heartfailurematters.org\/fr\/#website","url":"https:\/\/www.heartfailurematters.org\/fr\/","name":"Heart Failure Matters","description":"Practical information for patients, families and caregivers.","publisher":{"@id":"https:\/\/www.heartfailurematters.org\/fr\/#organization"},"potentialAction":[{"@type":"SearchAction","target":{"@type":"EntryPoint","urlTemplate":"https:\/\/www.heartfailurematters.org\/fr\/?s={search_term_string}"},"query-input":{"@type":"PropertyValueSpecification","valueRequired":true,"valueName":"search_term_string"}}],"inLanguage":"fr-FR"},{"@type":"Organization","@id":"https:\/\/www.heartfailurematters.org\/fr\/#organization","name":"Heart Failure Matters","url":"https:\/\/www.heartfailurematters.org\/fr\/","logo":{"@type":"ImageObject","inLanguage":"fr-FR","@id":"https:\/\/www.heartfailurematters.org\/fr\/#\/schema\/logo\/image\/","url":"https:\/\/cdn-endpoint-hfm.azureedge.net\/heartfailurematters\/2024\/07\/hfm-logo1.jpg","contentUrl":"https:\/\/cdn-endpoint-hfm.azureedge.net\/heartfailurematters\/2024\/07\/hfm-logo1.jpg","width":1280,"height":720,"caption":"Heart Failure Matters"},"image":{"@id":"https:\/\/www.heartfailurematters.org\/fr\/#\/schema\/logo\/image\/"},"sameAs":["https:\/\/www.facebook.com\/heartfailurematters"]}]}},"_links":{"self":[{"href":"https:\/\/www.heartfailurematters.org\/fr\/wp-json\/wp\/v2\/pages\/355","targetHints":{"allow":["GET"]}}],"collection":[{"href":"https:\/\/www.heartfailurematters.org\/fr\/wp-json\/wp\/v2\/pages"}],"about":[{"href":"https:\/\/www.heartfailurematters.org\/fr\/wp-json\/wp\/v2\/types\/page"}],"author":[{"embeddable":true,"href":"https:\/\/www.heartfailurematters.org\/fr\/wp-json\/wp\/v2\/users\/1"}],"replies":[{"embeddable":true,"href":"https:\/\/www.heartfailurematters.org\/fr\/wp-json\/wp\/v2\/comments?post=355"}],"version-history":[{"count":3,"href":"https:\/\/www.heartfailurematters.org\/fr\/wp-json\/wp\/v2\/pages\/355\/revisions"}],"predecessor-version":[{"id":9089,"href":"https:\/\/www.heartfailurematters.org\/fr\/wp-json\/wp\/v2\/pages\/355\/revisions\/9089"}],"up":[{"embeddable":true,"href":"https:\/\/www.heartfailurematters.org\/fr\/wp-json\/wp\/v2\/pages\/2715"}],"wp:featuredmedia":[{"embeddable":true,"href":"https:\/\/www.heartfailurematters.org\/fr\/wp-json\/wp\/v2\/media\/11053"}],"wp:attachment":[{"href":"https:\/\/www.heartfailurematters.org\/fr\/wp-json\/wp\/v2\/media?parent=355"}],"wp:term":[{"taxonomy":"category","embeddable":true,"href":"https:\/\/www.heartfailurematters.org\/fr\/wp-json\/wp\/v2\/categories?post=355"},{"taxonomy":"post_tag","embeddable":true,"href":"https:\/\/www.heartfailurematters.org\/fr\/wp-json\/wp\/v2\/tags?post=355"}],"curies":[{"name":"wp","href":"https:\/\/api.w.org\/{rel}","templated":true}]}}