{"id":352,"date":"2021-01-27T21:35:47","date_gmt":"2021-01-27T21:35:47","guid":{"rendered":"http:\/\/heartfailurematters.local:8888\/transplantation-cardiaque\/"},"modified":"2021-02-05T16:26:17","modified_gmt":"2021-02-05T16:26:17","slug":"transplantation-cardiaque","status":"publish","type":"page","link":"https:\/\/www.heartfailurematters.org\/fr\/ce-que-votre-medecin-ou-votre-infirmier-ere-peut-faire\/transplantation-cardiaque\/","title":{"rendered":"Transplantation cardiaque"},"content":{"rendered":"<h2>Pourquoi cette intervention est-elle r\u00e9alis\u00e9e\u00a0?<\/h2>\n<p>Si vous souffrez d\u2019insuffisance cardiaque s\u00e9v\u00e8re, qu\u2019aucun autre traitement n\u2019a produit les am\u00e9liorations escompt\u00e9es, mais que votre sant\u00e9 est encore plut\u00f4t bonne, vous pourriez \u00eatre un bon candidat pour une op\u00e9ration de\u00a0<a class=\"addtooltip\" title=\"Intervention chirurgicale qui consiste \u00e0 remplacer le c\u0153ur ab\u00eem\u00e9 d\u2019un patient par un c\u0153ur en bon \u00e9tat pr\u00e9lev\u00e9 chez un donneur r\u00e9cemment d\u00e9c\u00e9d\u00e9.\"><strong>transplantation cardiaque<\/strong><\/a>. Malheureusement, il vous faudra peut-\u00eatre attendre plusieurs mois, voire des ann\u00e9es, avant qu&rsquo;un c\u0153ur compatible ne soit disponible, en raison du manque actuel de greffons.<\/p>\n<p>Une transplantation cardiaque peut prolonger votre vie et am\u00e9liorer votre qualit\u00e9 de vie par rapport \u00e0 un traitement conventionnel. Cependant, il s\u2019agit d\u2019une d\u00e9cision importante et les patients sont \u00e9valu\u00e9s tr\u00e8s soigneusement avant de proc\u00e9der \u00e0 la transplantation.<\/p>\n<h2>Qu\u2019est-ce que cette intervention implique\u00a0?<\/h2>\n<p>La transplantation cardiaque est une intervention chirurgicale complexe qui peut prendre entre 4 et 10 heures. Durant l\u2019op\u00e9ration, vous serez reli\u00e9 \u00e0 un c\u0153ur-poumon artificiel qui fournira le sang \u00e0 votre cerveau et \u00e0 votre corps. Votre c\u0153ur sera alors retir\u00e9 et vos vaisseaux sanguins seront alors reli\u00e9s \u00e0 votre nouveau c\u0153ur, permettant au sang de circuler dans votre corps.<\/p>\n<p>Apr\u00e8s l\u2019intervention, vous serez suivi de pr\u00e8s pour v\u00e9rifier que votre corps ne rejette pas votre nouveau c\u0153ur. Apr\u00e8s la transplantation, vous devrez prendre plusieurs m\u00e9dicaments \u00e0 vie afin d\u2019emp\u00eacher votre corps de rejeter le c\u0153ur du donneur.<\/p>\n<p>Pour plus d&rsquo;informations sur la transplantation cardiaque, vous pouvez consulter les sites Web ci-dessous\u00a0:<\/p>\n<ul>\n<li><a href=\"http:\/\/www.uktransplant.org.uk\/\" target=\"_blank\" rel=\"noopener\">Agence de la biom\u00e9decine<\/a><\/li>\n<li><a href=\"http:\/\/www.cardiomyopathy.org\/\" target=\"_blank\" rel=\"noopener\">Ligue contre la cardiomyopathie<\/a><\/li>\n<li><a href=\"http:\/\/www.heart-transplants.co.uk\/\" target=\"_blank\" rel=\"noopener\">Association Nationale des Greff\u00e9s Cardiaques et Pulmonaires(BE)<\/a><\/li>\n<li><a href=\"http:\/\/www.argonet.co.uk\/body\" target=\"_blank\" rel=\"noopener\">Transplantation.net <\/a><\/li>\n<li><a href=\"http:\/\/www.bhf.org.uk\/\" target=\"_blank\" rel=\"noopener\">Federation Fran\u00e7aise de Cardiologie<\/a><\/li>\n<\/ul>\n<p><a href=\"https:\/\/www.heartfailurematters.org\/fr\/ce-que-votre-medecin-ou-votre-infirmier-ere-peut-faire\/intervention-chirurgicale\/\">Retourner \u00e0 la rubrique \u00ab\u00a0Chirurgie\u00a0\u00bb<\/a><\/p>\n<p>&nbsp;<\/p>\n","protected":false},"excerpt":{"rendered":"<p>Pourquoi cette intervention est-elle r\u00e9alis\u00e9e\u00a0? Si vous souffrez d\u2019insuffisance cardiaque s\u00e9v\u00e8re, qu\u2019aucun autre traitement n\u2019a produit les am\u00e9liorations escompt\u00e9es, mais que votre sant\u00e9 est encore plut\u00f4t bonne, vous pourriez \u00eatre un bon candidat pour une op\u00e9ration de\u00a0transplantation cardiaque. Malheureusement, il vous faudra peut-\u00eatre attendre plusieurs mois, voire des ann\u00e9es, avant qu&rsquo;un c\u0153ur compatible ne soit [&hellip;]<\/p>\n","protected":false},"author":1,"featured_media":10933,"parent":2679,"menu_order":0,"comment_status":"open","ping_status":"open","template":"","meta":{"_acf_changed":false,"footnotes":""},"categories":[],"tags":[],"class_list":["post-352","page","type-page","status-publish","has-post-thumbnail","hentry"],"acf":[],"yoast_head":"<!-- This site is optimized with the Yoast SEO plugin v24.8.1 - https:\/\/yoast.com\/wordpress\/plugins\/seo\/ -->\n<title>Transplantation cardiaque - Heart Failure Matters<\/title>\n<meta name=\"description\" content=\"En cas d&#039;insuffisance cardiaque s\u00e9v\u00e8re, lorsque tous les autres traitements n&#039;ont pas donn\u00e9 les r\u00e9sultats escompt\u00e9s, mais que votre \u00e9tat de sant\u00e9 est toujours assez bon, vous pouvez \u00eatre \u00e9ligible \u00e0 une greffe de c\u0153ur\" \/>\n<meta name=\"robots\" content=\"index, follow, max-snippet:-1, max-image-preview:large, max-video-preview:-1\" \/>\n<link rel=\"canonical\" href=\"https:\/\/www.heartfailurematters.org\/fr\/ce-que-votre-medecin-ou-votre-infirmier-ere-peut-faire\/transplantation-cardiaque\/\" \/>\n<meta property=\"og:locale\" content=\"fr_FR\" \/>\n<meta property=\"og:type\" content=\"article\" \/>\n<meta property=\"og:title\" content=\"Transplantation cardiaque - Heart Failure Matters\" \/>\n<meta property=\"og:description\" content=\"En cas d&#039;insuffisance cardiaque s\u00e9v\u00e8re, lorsque tous les autres traitements n&#039;ont pas donn\u00e9 les r\u00e9sultats escompt\u00e9s, mais que votre \u00e9tat de sant\u00e9 est toujours assez bon, vous pouvez \u00eatre \u00e9ligible \u00e0 une greffe de c\u0153ur\" \/>\n<meta property=\"og:url\" content=\"https:\/\/www.heartfailurematters.org\/fr\/ce-que-votre-medecin-ou-votre-infirmier-ere-peut-faire\/transplantation-cardiaque\/\" \/>\n<meta property=\"og:site_name\" content=\"Heart Failure Matters\" \/>\n<meta property=\"article:publisher\" content=\"https:\/\/www.facebook.com\/heartfailurematters\" \/>\n<meta property=\"article:modified_time\" content=\"2021-02-05T16:26:17+00:00\" \/>\n<meta property=\"og:image\" content=\"https:\/\/www.heartfailurematters.org\/wp-content\/uploads\/2022\/03\/shutterstock_2073525971-1-min.jpg\" \/>\n\t<meta property=\"og:image:width\" content=\"900\" \/>\n\t<meta property=\"og:image:height\" content=\"559\" \/>\n\t<meta property=\"og:image:type\" content=\"image\/jpeg\" \/>\n<meta name=\"twitter:card\" content=\"summary_large_image\" \/>\n<meta name=\"twitter:label1\" content=\"Dur\u00e9e de lecture estim\u00e9e\" \/>\n\t<meta name=\"twitter:data1\" content=\"2 minutes\" \/>\n<script type=\"application\/ld+json\" class=\"yoast-schema-graph\">{\"@context\":\"https:\/\/schema.org\",\"@graph\":[{\"@type\":\"WebPage\",\"@id\":\"https:\/\/www.heartfailurematters.org\/fr\/ce-que-votre-medecin-ou-votre-infirmier-ere-peut-faire\/transplantation-cardiaque\/\",\"url\":\"https:\/\/www.heartfailurematters.org\/fr\/ce-que-votre-medecin-ou-votre-infirmier-ere-peut-faire\/transplantation-cardiaque\/\",\"name\":\"Transplantation cardiaque - Heart Failure Matters\",\"isPartOf\":{\"@id\":\"https:\/\/www.heartfailurematters.org\/fr\/#website\"},\"primaryImageOfPage\":{\"@id\":\"https:\/\/www.heartfailurematters.org\/fr\/ce-que-votre-medecin-ou-votre-infirmier-ere-peut-faire\/transplantation-cardiaque\/#primaryimage\"},\"image\":{\"@id\":\"https:\/\/www.heartfailurematters.org\/fr\/ce-que-votre-medecin-ou-votre-infirmier-ere-peut-faire\/transplantation-cardiaque\/#primaryimage\"},\"thumbnailUrl\":\"https:\/\/www.heartfailurematters.org\/wp-content\/uploads\/2022\/03\/shutterstock_2073525971-1-min.jpg\",\"datePublished\":\"2021-01-27T21:35:47+00:00\",\"dateModified\":\"2021-02-05T16:26:17+00:00\",\"description\":\"En cas d'insuffisance cardiaque s\u00e9v\u00e8re, lorsque tous les autres traitements n'ont pas donn\u00e9 les r\u00e9sultats escompt\u00e9s, mais que votre \u00e9tat de sant\u00e9 est toujours assez bon, vous pouvez \u00eatre \u00e9ligible \u00e0 une greffe de c\u0153ur\",\"breadcrumb\":{\"@id\":\"https:\/\/www.heartfailurematters.org\/fr\/ce-que-votre-medecin-ou-votre-infirmier-ere-peut-faire\/transplantation-cardiaque\/#breadcrumb\"},\"inLanguage\":\"fr-FR\",\"potentialAction\":[{\"@type\":\"ReadAction\",\"target\":[\"https:\/\/www.heartfailurematters.org\/fr\/ce-que-votre-medecin-ou-votre-infirmier-ere-peut-faire\/transplantation-cardiaque\/\"]}]},{\"@type\":\"ImageObject\",\"inLanguage\":\"fr-FR\",\"@id\":\"https:\/\/www.heartfailurematters.org\/fr\/ce-que-votre-medecin-ou-votre-infirmier-ere-peut-faire\/transplantation-cardiaque\/#primaryimage\",\"url\":\"https:\/\/www.heartfailurematters.org\/wp-content\/uploads\/2022\/03\/shutterstock_2073525971-1-min.jpg\",\"contentUrl\":\"https:\/\/www.heartfailurematters.org\/wp-content\/uploads\/2022\/03\/shutterstock_2073525971-1-min.jpg\",\"width\":900,\"height\":559},{\"@type\":\"BreadcrumbList\",\"@id\":\"https:\/\/www.heartfailurematters.org\/fr\/ce-que-votre-medecin-ou-votre-infirmier-ere-peut-faire\/transplantation-cardiaque\/#breadcrumb\",\"itemListElement\":[{\"@type\":\"ListItem\",\"position\":1,\"name\":\"Accueil\",\"item\":\"https:\/\/www.heartfailurematters.org\/fr\/\"},{\"@type\":\"ListItem\",\"position\":2,\"name\":\"Ce que votre m\u00e9decin peut faire\",\"item\":\"https:\/\/www.heartfailurematters.org\/fr\/ce-que-votre-medecin-ou-votre-infirmier-ere-peut-faire\/\"},{\"@type\":\"ListItem\",\"position\":3,\"name\":\"Transplantation cardiaque\"}]},{\"@type\":\"WebSite\",\"@id\":\"https:\/\/www.heartfailurematters.org\/fr\/#website\",\"url\":\"https:\/\/www.heartfailurematters.org\/fr\/\",\"name\":\"Heart Failure Matters\",\"description\":\"Practical information for patients, families and caregivers.\",\"publisher\":{\"@id\":\"https:\/\/www.heartfailurematters.org\/fr\/#organization\"},\"potentialAction\":[{\"@type\":\"SearchAction\",\"target\":{\"@type\":\"EntryPoint\",\"urlTemplate\":\"https:\/\/www.heartfailurematters.org\/fr\/?s={search_term_string}\"},\"query-input\":{\"@type\":\"PropertyValueSpecification\",\"valueRequired\":true,\"valueName\":\"search_term_string\"}}],\"inLanguage\":\"fr-FR\"},{\"@type\":\"Organization\",\"@id\":\"https:\/\/www.heartfailurematters.org\/fr\/#organization\",\"name\":\"Heart Failure Matters\",\"url\":\"https:\/\/www.heartfailurematters.org\/fr\/\",\"logo\":{\"@type\":\"ImageObject\",\"inLanguage\":\"fr-FR\",\"@id\":\"https:\/\/www.heartfailurematters.org\/fr\/#\/schema\/logo\/image\/\",\"url\":\"https:\/\/cdn-endpoint-hfm.azureedge.net\/heartfailurematters\/2024\/07\/hfm-logo1.jpg\",\"contentUrl\":\"https:\/\/cdn-endpoint-hfm.azureedge.net\/heartfailurematters\/2024\/07\/hfm-logo1.jpg\",\"width\":1280,\"height\":720,\"caption\":\"Heart Failure Matters\"},\"image\":{\"@id\":\"https:\/\/www.heartfailurematters.org\/fr\/#\/schema\/logo\/image\/\"},\"sameAs\":[\"https:\/\/www.facebook.com\/heartfailurematters\"]}]}<\/script>\n<!-- \/ Yoast SEO plugin. -->","yoast_head_json":{"title":"Transplantation cardiaque - Heart Failure Matters","description":"En cas d'insuffisance cardiaque s\u00e9v\u00e8re, lorsque tous les autres traitements n'ont pas donn\u00e9 les r\u00e9sultats escompt\u00e9s, mais que votre \u00e9tat de sant\u00e9 est toujours assez bon, vous pouvez \u00eatre \u00e9ligible \u00e0 une greffe de c\u0153ur","robots":{"index":"index","follow":"follow","max-snippet":"max-snippet:-1","max-image-preview":"max-image-preview:large","max-video-preview":"max-video-preview:-1"},"canonical":"https:\/\/www.heartfailurematters.org\/fr\/ce-que-votre-medecin-ou-votre-infirmier-ere-peut-faire\/transplantation-cardiaque\/","og_locale":"fr_FR","og_type":"article","og_title":"Transplantation cardiaque - Heart Failure Matters","og_description":"En cas d'insuffisance cardiaque s\u00e9v\u00e8re, lorsque tous les autres traitements n'ont pas donn\u00e9 les r\u00e9sultats escompt\u00e9s, mais que votre \u00e9tat de sant\u00e9 est toujours assez bon, vous pouvez \u00eatre \u00e9ligible \u00e0 une greffe de c\u0153ur","og_url":"https:\/\/www.heartfailurematters.org\/fr\/ce-que-votre-medecin-ou-votre-infirmier-ere-peut-faire\/transplantation-cardiaque\/","og_site_name":"Heart Failure Matters","article_publisher":"https:\/\/www.facebook.com\/heartfailurematters","article_modified_time":"2021-02-05T16:26:17+00:00","og_image":[{"width":900,"height":559,"url":"https:\/\/www.heartfailurematters.org\/wp-content\/uploads\/2022\/03\/shutterstock_2073525971-1-min.jpg","type":"image\/jpeg"}],"twitter_card":"summary_large_image","twitter_misc":{"Dur\u00e9e de lecture estim\u00e9e":"2 minutes"},"schema":{"@context":"https:\/\/schema.org","@graph":[{"@type":"WebPage","@id":"https:\/\/www.heartfailurematters.org\/fr\/ce-que-votre-medecin-ou-votre-infirmier-ere-peut-faire\/transplantation-cardiaque\/","url":"https:\/\/www.heartfailurematters.org\/fr\/ce-que-votre-medecin-ou-votre-infirmier-ere-peut-faire\/transplantation-cardiaque\/","name":"Transplantation cardiaque - Heart Failure Matters","isPartOf":{"@id":"https:\/\/www.heartfailurematters.org\/fr\/#website"},"primaryImageOfPage":{"@id":"https:\/\/www.heartfailurematters.org\/fr\/ce-que-votre-medecin-ou-votre-infirmier-ere-peut-faire\/transplantation-cardiaque\/#primaryimage"},"image":{"@id":"https:\/\/www.heartfailurematters.org\/fr\/ce-que-votre-medecin-ou-votre-infirmier-ere-peut-faire\/transplantation-cardiaque\/#primaryimage"},"thumbnailUrl":"https:\/\/www.heartfailurematters.org\/wp-content\/uploads\/2022\/03\/shutterstock_2073525971-1-min.jpg","datePublished":"2021-01-27T21:35:47+00:00","dateModified":"2021-02-05T16:26:17+00:00","description":"En cas d'insuffisance cardiaque s\u00e9v\u00e8re, lorsque tous les autres traitements n'ont pas donn\u00e9 les r\u00e9sultats escompt\u00e9s, mais que votre \u00e9tat de sant\u00e9 est toujours assez bon, vous pouvez \u00eatre \u00e9ligible \u00e0 une greffe de c\u0153ur","breadcrumb":{"@id":"https:\/\/www.heartfailurematters.org\/fr\/ce-que-votre-medecin-ou-votre-infirmier-ere-peut-faire\/transplantation-cardiaque\/#breadcrumb"},"inLanguage":"fr-FR","potentialAction":[{"@type":"ReadAction","target":["https:\/\/www.heartfailurematters.org\/fr\/ce-que-votre-medecin-ou-votre-infirmier-ere-peut-faire\/transplantation-cardiaque\/"]}]},{"@type":"ImageObject","inLanguage":"fr-FR","@id":"https:\/\/www.heartfailurematters.org\/fr\/ce-que-votre-medecin-ou-votre-infirmier-ere-peut-faire\/transplantation-cardiaque\/#primaryimage","url":"https:\/\/www.heartfailurematters.org\/wp-content\/uploads\/2022\/03\/shutterstock_2073525971-1-min.jpg","contentUrl":"https:\/\/www.heartfailurematters.org\/wp-content\/uploads\/2022\/03\/shutterstock_2073525971-1-min.jpg","width":900,"height":559},{"@type":"BreadcrumbList","@id":"https:\/\/www.heartfailurematters.org\/fr\/ce-que-votre-medecin-ou-votre-infirmier-ere-peut-faire\/transplantation-cardiaque\/#breadcrumb","itemListElement":[{"@type":"ListItem","position":1,"name":"Accueil","item":"https:\/\/www.heartfailurematters.org\/fr\/"},{"@type":"ListItem","position":2,"name":"Ce que votre m\u00e9decin peut faire","item":"https:\/\/www.heartfailurematters.org\/fr\/ce-que-votre-medecin-ou-votre-infirmier-ere-peut-faire\/"},{"@type":"ListItem","position":3,"name":"Transplantation cardiaque"}]},{"@type":"WebSite","@id":"https:\/\/www.heartfailurematters.org\/fr\/#website","url":"https:\/\/www.heartfailurematters.org\/fr\/","name":"Heart Failure Matters","description":"Practical information for patients, families and caregivers.","publisher":{"@id":"https:\/\/www.heartfailurematters.org\/fr\/#organization"},"potentialAction":[{"@type":"SearchAction","target":{"@type":"EntryPoint","urlTemplate":"https:\/\/www.heartfailurematters.org\/fr\/?s={search_term_string}"},"query-input":{"@type":"PropertyValueSpecification","valueRequired":true,"valueName":"search_term_string"}}],"inLanguage":"fr-FR"},{"@type":"Organization","@id":"https:\/\/www.heartfailurematters.org\/fr\/#organization","name":"Heart Failure Matters","url":"https:\/\/www.heartfailurematters.org\/fr\/","logo":{"@type":"ImageObject","inLanguage":"fr-FR","@id":"https:\/\/www.heartfailurematters.org\/fr\/#\/schema\/logo\/image\/","url":"https:\/\/cdn-endpoint-hfm.azureedge.net\/heartfailurematters\/2024\/07\/hfm-logo1.jpg","contentUrl":"https:\/\/cdn-endpoint-hfm.azureedge.net\/heartfailurematters\/2024\/07\/hfm-logo1.jpg","width":1280,"height":720,"caption":"Heart Failure Matters"},"image":{"@id":"https:\/\/www.heartfailurematters.org\/fr\/#\/schema\/logo\/image\/"},"sameAs":["https:\/\/www.facebook.com\/heartfailurematters"]}]}},"_links":{"self":[{"href":"https:\/\/www.heartfailurematters.org\/fr\/wp-json\/wp\/v2\/pages\/352","targetHints":{"allow":["GET"]}}],"collection":[{"href":"https:\/\/www.heartfailurematters.org\/fr\/wp-json\/wp\/v2\/pages"}],"about":[{"href":"https:\/\/www.heartfailurematters.org\/fr\/wp-json\/wp\/v2\/types\/page"}],"author":[{"embeddable":true,"href":"https:\/\/www.heartfailurematters.org\/fr\/wp-json\/wp\/v2\/users\/1"}],"replies":[{"embeddable":true,"href":"https:\/\/www.heartfailurematters.org\/fr\/wp-json\/wp\/v2\/comments?post=352"}],"version-history":[{"count":2,"href":"https:\/\/www.heartfailurematters.org\/fr\/wp-json\/wp\/v2\/pages\/352\/revisions"}],"predecessor-version":[{"id":4554,"href":"https:\/\/www.heartfailurematters.org\/fr\/wp-json\/wp\/v2\/pages\/352\/revisions\/4554"}],"up":[{"embeddable":true,"href":"https:\/\/www.heartfailurematters.org\/fr\/wp-json\/wp\/v2\/pages\/2679"}],"wp:featuredmedia":[{"embeddable":true,"href":"https:\/\/www.heartfailurematters.org\/fr\/wp-json\/wp\/v2\/media\/10933"}],"wp:attachment":[{"href":"https:\/\/www.heartfailurematters.org\/fr\/wp-json\/wp\/v2\/media?parent=352"}],"wp:term":[{"taxonomy":"category","embeddable":true,"href":"https:\/\/www.heartfailurematters.org\/fr\/wp-json\/wp\/v2\/categories?post=352"},{"taxonomy":"post_tag","embeddable":true,"href":"https:\/\/www.heartfailurematters.org\/fr\/wp-json\/wp\/v2\/tags?post=352"}],"curies":[{"name":"wp","href":"https:\/\/api.w.org\/{rel}","templated":true}]}}