{"id":344,"date":"2021-01-27T21:35:42","date_gmt":"2021-01-27T21:35:42","guid":{"rendered":"http:\/\/heartfailurematters.local:8888\/gestion-des-medicaments\/"},"modified":"2021-02-18T15:11:18","modified_gmt":"2021-02-18T15:11:18","slug":"gestion-des-medicaments","status":"publish","type":"page","link":"https:\/\/www.heartfailurematters.org\/fr\/pour-les-soignants\/gestion-des-medicaments\/","title":{"rendered":"Gestion des m\u00e9dicaments"},"content":{"rendered":"<p>Il est probable que votre conjoint ou parent prenne plusieurs m\u00e9dicaments diff\u00e9rents pour contr\u00f4ler son insuffisance cardiaque. Il est important qu&rsquo;il les prenne exactement comme le m\u00e9decin le lui a prescrit.<\/p>\n<p>Vous pouvez l\u2019aider \u00e0 suivre la posologie. Des routines compliqu\u00e9es peuvent \u00eatre simplifi\u00e9es en fixant un horaire de prise et en suivant une routine. Par exemple, vous pouvez utiliser un syst\u00e8me de liste de contr\u00f4le avec un\u00a0<a href=\"\/wp-content\/uploads\/2021\/02\/Tableau_des_medicaments.pdf\" target=\"_blank\" rel=\"noopener\">tableau de m\u00e9dicaments<\/a> ou un <a href=\"https:\/\/www.heartfailurematters.org\/fr\/ce-que-votre-medecin-ou-votre-infirmier-ere-peut-faire\/limportance-de-prendre-vos-medicaments\/\">pilulier, ou programmer une alarme<\/a> pour mieux g\u00e9rer les m\u00e9dicaments de votre conjoint ou parent.<\/p>\n<p><a href=\"https:\/\/www.heartfailurematters.org\/fr\/pour-les-soignants\/les-choses-simples-que-vous-pouvez-faire-pour-aider\/\">Retourner \u00e0 la rubrique \u00ab\u00a0Choses simples que vous pouvez faire pour aider\u00a0\u00bb<\/a><\/p>\n","protected":false},"excerpt":{"rendered":"<p>Il est probable que votre conjoint ou parent prenne plusieurs m\u00e9dicaments diff\u00e9rents pour contr\u00f4ler son insuffisance cardiaque. Il est important qu&rsquo;il les prenne exactement comme le m\u00e9decin le lui a prescrit. Vous pouvez l\u2019aider \u00e0 suivre la posologie. Des routines compliqu\u00e9es peuvent \u00eatre simplifi\u00e9es en fixant un horaire de prise et en suivant une routine. [&hellip;]<\/p>\n","protected":false},"author":1,"featured_media":10868,"parent":2841,"menu_order":0,"comment_status":"open","ping_status":"open","template":"","meta":{"_acf_changed":false,"footnotes":""},"categories":[],"tags":[],"class_list":["post-344","page","type-page","status-publish","has-post-thumbnail","hentry"],"acf":[],"yoast_head":"<!-- This site is optimized with the Yoast SEO plugin v24.8.1 - https:\/\/yoast.com\/wordpress\/plugins\/seo\/ -->\n<title>Gestion des m\u00e9dicaments - Heart Failure Matters<\/title>\n<meta name=\"description\" content=\"Il est tr\u00e8s probable que votre partenaire ou votre proche prenne plusieurs m\u00e9dicaments diff\u00e9rents pour contr\u00f4ler son insuffisance cardiaque. Il est important qu&#039;il les prenne exactement selon les recommandations du m\u00e9decin.\" \/>\n<meta name=\"robots\" content=\"index, follow, max-snippet:-1, max-image-preview:large, max-video-preview:-1\" \/>\n<link rel=\"canonical\" href=\"https:\/\/www.heartfailurematters.org\/fr\/pour-les-soignants\/gestion-des-medicaments\/\" \/>\n<meta property=\"og:locale\" content=\"fr_FR\" \/>\n<meta property=\"og:type\" content=\"article\" \/>\n<meta property=\"og:title\" content=\"Gestion des m\u00e9dicaments - Heart Failure Matters\" \/>\n<meta property=\"og:description\" content=\"Il est tr\u00e8s probable que votre partenaire ou votre proche prenne plusieurs m\u00e9dicaments diff\u00e9rents pour contr\u00f4ler son insuffisance cardiaque. Il est important qu&#039;il les prenne exactement selon les recommandations du m\u00e9decin.\" \/>\n<meta property=\"og:url\" content=\"https:\/\/www.heartfailurematters.org\/fr\/pour-les-soignants\/gestion-des-medicaments\/\" \/>\n<meta property=\"og:site_name\" content=\"Heart Failure Matters\" \/>\n<meta property=\"article:publisher\" content=\"https:\/\/www.facebook.com\/heartfailurematters\" \/>\n<meta property=\"article:modified_time\" content=\"2021-02-18T15:11:18+00:00\" \/>\n<meta property=\"og:image\" content=\"https:\/\/www.heartfailurematters.org\/wp-content\/uploads\/2022\/03\/shutterstock_441673426-1-min.jpg\" \/>\n\t<meta property=\"og:image:width\" content=\"900\" \/>\n\t<meta property=\"og:image:height\" content=\"596\" \/>\n\t<meta property=\"og:image:type\" content=\"image\/jpeg\" \/>\n<meta name=\"twitter:card\" content=\"summary_large_image\" \/>\n<meta name=\"twitter:label1\" content=\"Dur\u00e9e de lecture estim\u00e9e\" \/>\n\t<meta name=\"twitter:data1\" content=\"1 minute\" \/>\n<script type=\"application\/ld+json\" class=\"yoast-schema-graph\">{\"@context\":\"https:\/\/schema.org\",\"@graph\":[{\"@type\":\"WebPage\",\"@id\":\"https:\/\/www.heartfailurematters.org\/fr\/pour-les-soignants\/gestion-des-medicaments\/\",\"url\":\"https:\/\/www.heartfailurematters.org\/fr\/pour-les-soignants\/gestion-des-medicaments\/\",\"name\":\"Gestion des m\u00e9dicaments - Heart Failure Matters\",\"isPartOf\":{\"@id\":\"https:\/\/www.heartfailurematters.org\/fr\/#website\"},\"primaryImageOfPage\":{\"@id\":\"https:\/\/www.heartfailurematters.org\/fr\/pour-les-soignants\/gestion-des-medicaments\/#primaryimage\"},\"image\":{\"@id\":\"https:\/\/www.heartfailurematters.org\/fr\/pour-les-soignants\/gestion-des-medicaments\/#primaryimage\"},\"thumbnailUrl\":\"https:\/\/www.heartfailurematters.org\/wp-content\/uploads\/2022\/03\/shutterstock_441673426-1-min.jpg\",\"datePublished\":\"2021-01-27T21:35:42+00:00\",\"dateModified\":\"2021-02-18T15:11:18+00:00\",\"description\":\"Il est tr\u00e8s probable que votre partenaire ou votre proche prenne plusieurs m\u00e9dicaments diff\u00e9rents pour contr\u00f4ler son insuffisance cardiaque. Il est important qu'il les prenne exactement selon les recommandations du m\u00e9decin.\",\"breadcrumb\":{\"@id\":\"https:\/\/www.heartfailurematters.org\/fr\/pour-les-soignants\/gestion-des-medicaments\/#breadcrumb\"},\"inLanguage\":\"fr-FR\",\"potentialAction\":[{\"@type\":\"ReadAction\",\"target\":[\"https:\/\/www.heartfailurematters.org\/fr\/pour-les-soignants\/gestion-des-medicaments\/\"]}]},{\"@type\":\"ImageObject\",\"inLanguage\":\"fr-FR\",\"@id\":\"https:\/\/www.heartfailurematters.org\/fr\/pour-les-soignants\/gestion-des-medicaments\/#primaryimage\",\"url\":\"https:\/\/www.heartfailurematters.org\/wp-content\/uploads\/2022\/03\/shutterstock_441673426-1-min.jpg\",\"contentUrl\":\"https:\/\/www.heartfailurematters.org\/wp-content\/uploads\/2022\/03\/shutterstock_441673426-1-min.jpg\",\"width\":900,\"height\":596},{\"@type\":\"BreadcrumbList\",\"@id\":\"https:\/\/www.heartfailurematters.org\/fr\/pour-les-soignants\/gestion-des-medicaments\/#breadcrumb\",\"itemListElement\":[{\"@type\":\"ListItem\",\"position\":1,\"name\":\"Accueil\",\"item\":\"https:\/\/www.heartfailurematters.org\/fr\/\"},{\"@type\":\"ListItem\",\"position\":2,\"name\":\"Pour les soignants\",\"item\":\"https:\/\/www.heartfailurematters.org\/fr\/pour-les-soignants\/\"},{\"@type\":\"ListItem\",\"position\":3,\"name\":\"Gestion des m\u00e9dicaments\"}]},{\"@type\":\"WebSite\",\"@id\":\"https:\/\/www.heartfailurematters.org\/fr\/#website\",\"url\":\"https:\/\/www.heartfailurematters.org\/fr\/\",\"name\":\"Heart Failure Matters\",\"description\":\"Practical information for patients, families and caregivers.\",\"publisher\":{\"@id\":\"https:\/\/www.heartfailurematters.org\/fr\/#organization\"},\"potentialAction\":[{\"@type\":\"SearchAction\",\"target\":{\"@type\":\"EntryPoint\",\"urlTemplate\":\"https:\/\/www.heartfailurematters.org\/fr\/?s={search_term_string}\"},\"query-input\":{\"@type\":\"PropertyValueSpecification\",\"valueRequired\":true,\"valueName\":\"search_term_string\"}}],\"inLanguage\":\"fr-FR\"},{\"@type\":\"Organization\",\"@id\":\"https:\/\/www.heartfailurematters.org\/fr\/#organization\",\"name\":\"Heart Failure Matters\",\"url\":\"https:\/\/www.heartfailurematters.org\/fr\/\",\"logo\":{\"@type\":\"ImageObject\",\"inLanguage\":\"fr-FR\",\"@id\":\"https:\/\/www.heartfailurematters.org\/fr\/#\/schema\/logo\/image\/\",\"url\":\"https:\/\/cdn-endpoint-hfm.azureedge.net\/heartfailurematters\/2024\/07\/hfm-logo1.jpg\",\"contentUrl\":\"https:\/\/cdn-endpoint-hfm.azureedge.net\/heartfailurematters\/2024\/07\/hfm-logo1.jpg\",\"width\":1280,\"height\":720,\"caption\":\"Heart Failure Matters\"},\"image\":{\"@id\":\"https:\/\/www.heartfailurematters.org\/fr\/#\/schema\/logo\/image\/\"},\"sameAs\":[\"https:\/\/www.facebook.com\/heartfailurematters\"]}]}<\/script>\n<!-- \/ Yoast SEO plugin. -->","yoast_head_json":{"title":"Gestion des m\u00e9dicaments - Heart Failure Matters","description":"Il est tr\u00e8s probable que votre partenaire ou votre proche prenne plusieurs m\u00e9dicaments diff\u00e9rents pour contr\u00f4ler son insuffisance cardiaque. Il est important qu'il les prenne exactement selon les recommandations du m\u00e9decin.","robots":{"index":"index","follow":"follow","max-snippet":"max-snippet:-1","max-image-preview":"max-image-preview:large","max-video-preview":"max-video-preview:-1"},"canonical":"https:\/\/www.heartfailurematters.org\/fr\/pour-les-soignants\/gestion-des-medicaments\/","og_locale":"fr_FR","og_type":"article","og_title":"Gestion des m\u00e9dicaments - Heart Failure Matters","og_description":"Il est tr\u00e8s probable que votre partenaire ou votre proche prenne plusieurs m\u00e9dicaments diff\u00e9rents pour contr\u00f4ler son insuffisance cardiaque. Il est important qu'il les prenne exactement selon les recommandations du m\u00e9decin.","og_url":"https:\/\/www.heartfailurematters.org\/fr\/pour-les-soignants\/gestion-des-medicaments\/","og_site_name":"Heart Failure Matters","article_publisher":"https:\/\/www.facebook.com\/heartfailurematters","article_modified_time":"2021-02-18T15:11:18+00:00","og_image":[{"width":900,"height":596,"url":"https:\/\/www.heartfailurematters.org\/wp-content\/uploads\/2022\/03\/shutterstock_441673426-1-min.jpg","type":"image\/jpeg"}],"twitter_card":"summary_large_image","twitter_misc":{"Dur\u00e9e de lecture estim\u00e9e":"1 minute"},"schema":{"@context":"https:\/\/schema.org","@graph":[{"@type":"WebPage","@id":"https:\/\/www.heartfailurematters.org\/fr\/pour-les-soignants\/gestion-des-medicaments\/","url":"https:\/\/www.heartfailurematters.org\/fr\/pour-les-soignants\/gestion-des-medicaments\/","name":"Gestion des m\u00e9dicaments - Heart Failure Matters","isPartOf":{"@id":"https:\/\/www.heartfailurematters.org\/fr\/#website"},"primaryImageOfPage":{"@id":"https:\/\/www.heartfailurematters.org\/fr\/pour-les-soignants\/gestion-des-medicaments\/#primaryimage"},"image":{"@id":"https:\/\/www.heartfailurematters.org\/fr\/pour-les-soignants\/gestion-des-medicaments\/#primaryimage"},"thumbnailUrl":"https:\/\/www.heartfailurematters.org\/wp-content\/uploads\/2022\/03\/shutterstock_441673426-1-min.jpg","datePublished":"2021-01-27T21:35:42+00:00","dateModified":"2021-02-18T15:11:18+00:00","description":"Il est tr\u00e8s probable que votre partenaire ou votre proche prenne plusieurs m\u00e9dicaments diff\u00e9rents pour contr\u00f4ler son insuffisance cardiaque. Il est important qu'il les prenne exactement selon les recommandations du m\u00e9decin.","breadcrumb":{"@id":"https:\/\/www.heartfailurematters.org\/fr\/pour-les-soignants\/gestion-des-medicaments\/#breadcrumb"},"inLanguage":"fr-FR","potentialAction":[{"@type":"ReadAction","target":["https:\/\/www.heartfailurematters.org\/fr\/pour-les-soignants\/gestion-des-medicaments\/"]}]},{"@type":"ImageObject","inLanguage":"fr-FR","@id":"https:\/\/www.heartfailurematters.org\/fr\/pour-les-soignants\/gestion-des-medicaments\/#primaryimage","url":"https:\/\/www.heartfailurematters.org\/wp-content\/uploads\/2022\/03\/shutterstock_441673426-1-min.jpg","contentUrl":"https:\/\/www.heartfailurematters.org\/wp-content\/uploads\/2022\/03\/shutterstock_441673426-1-min.jpg","width":900,"height":596},{"@type":"BreadcrumbList","@id":"https:\/\/www.heartfailurematters.org\/fr\/pour-les-soignants\/gestion-des-medicaments\/#breadcrumb","itemListElement":[{"@type":"ListItem","position":1,"name":"Accueil","item":"https:\/\/www.heartfailurematters.org\/fr\/"},{"@type":"ListItem","position":2,"name":"Pour les soignants","item":"https:\/\/www.heartfailurematters.org\/fr\/pour-les-soignants\/"},{"@type":"ListItem","position":3,"name":"Gestion des m\u00e9dicaments"}]},{"@type":"WebSite","@id":"https:\/\/www.heartfailurematters.org\/fr\/#website","url":"https:\/\/www.heartfailurematters.org\/fr\/","name":"Heart Failure Matters","description":"Practical information for patients, families and caregivers.","publisher":{"@id":"https:\/\/www.heartfailurematters.org\/fr\/#organization"},"potentialAction":[{"@type":"SearchAction","target":{"@type":"EntryPoint","urlTemplate":"https:\/\/www.heartfailurematters.org\/fr\/?s={search_term_string}"},"query-input":{"@type":"PropertyValueSpecification","valueRequired":true,"valueName":"search_term_string"}}],"inLanguage":"fr-FR"},{"@type":"Organization","@id":"https:\/\/www.heartfailurematters.org\/fr\/#organization","name":"Heart Failure Matters","url":"https:\/\/www.heartfailurematters.org\/fr\/","logo":{"@type":"ImageObject","inLanguage":"fr-FR","@id":"https:\/\/www.heartfailurematters.org\/fr\/#\/schema\/logo\/image\/","url":"https:\/\/cdn-endpoint-hfm.azureedge.net\/heartfailurematters\/2024\/07\/hfm-logo1.jpg","contentUrl":"https:\/\/cdn-endpoint-hfm.azureedge.net\/heartfailurematters\/2024\/07\/hfm-logo1.jpg","width":1280,"height":720,"caption":"Heart Failure Matters"},"image":{"@id":"https:\/\/www.heartfailurematters.org\/fr\/#\/schema\/logo\/image\/"},"sameAs":["https:\/\/www.facebook.com\/heartfailurematters"]}]}},"_links":{"self":[{"href":"https:\/\/www.heartfailurematters.org\/fr\/wp-json\/wp\/v2\/pages\/344","targetHints":{"allow":["GET"]}}],"collection":[{"href":"https:\/\/www.heartfailurematters.org\/fr\/wp-json\/wp\/v2\/pages"}],"about":[{"href":"https:\/\/www.heartfailurematters.org\/fr\/wp-json\/wp\/v2\/types\/page"}],"author":[{"embeddable":true,"href":"https:\/\/www.heartfailurematters.org\/fr\/wp-json\/wp\/v2\/users\/1"}],"replies":[{"embeddable":true,"href":"https:\/\/www.heartfailurematters.org\/fr\/wp-json\/wp\/v2\/comments?post=344"}],"version-history":[{"count":2,"href":"https:\/\/www.heartfailurematters.org\/fr\/wp-json\/wp\/v2\/pages\/344\/revisions"}],"predecessor-version":[{"id":7041,"href":"https:\/\/www.heartfailurematters.org\/fr\/wp-json\/wp\/v2\/pages\/344\/revisions\/7041"}],"up":[{"embeddable":true,"href":"https:\/\/www.heartfailurematters.org\/fr\/wp-json\/wp\/v2\/pages\/2841"}],"wp:featuredmedia":[{"embeddable":true,"href":"https:\/\/www.heartfailurematters.org\/fr\/wp-json\/wp\/v2\/media\/10868"}],"wp:attachment":[{"href":"https:\/\/www.heartfailurematters.org\/fr\/wp-json\/wp\/v2\/media?parent=344"}],"wp:term":[{"taxonomy":"category","embeddable":true,"href":"https:\/\/www.heartfailurematters.org\/fr\/wp-json\/wp\/v2\/categories?post=344"},{"taxonomy":"post_tag","embeddable":true,"href":"https:\/\/www.heartfailurematters.org\/fr\/wp-json\/wp\/v2\/tags?post=344"}],"curies":[{"name":"wp","href":"https:\/\/api.w.org\/{rel}","templated":true}]}}