{"id":343,"date":"2021-01-27T21:35:42","date_gmt":"2021-01-27T21:35:42","guid":{"rendered":"http:\/\/heartfailurematters.local:8888\/pose-dun-stent\/"},"modified":"2021-01-27T21:35:42","modified_gmt":"2021-01-27T21:35:42","slug":"pose-dun-stent","status":"publish","type":"page","link":"https:\/\/www.heartfailurematters.org\/fr\/ce-que-votre-medecin-ou-votre-infirmier-ere-peut-faire\/pose-dun-stent\/","title":{"rendered":"Pose d\u2019un stent"},"content":{"rendered":"<h2>Pourquoi cette intervention est-elle r\u00e9alis\u00e9e&nbsp;?<\/h2>\n<p>En cardiologie, un <a class=\"addtooltip\" title=\"Tube en m\u00e9tal ou en plastique ins\u00e9r\u00e9 dans un vaisseau sanguin r\u00e9tr\u00e9ci pour le maintenir ouvert.\"><strong>stent<\/strong><\/a> est un minuscule tube grillag\u00e9 fait de mat\u00e9riaux artificiels qui agit comme une sorte de tuteur pour maintenir ouverte une art\u00e8re obstru\u00e9e. La pose d\u2019un stent augmente la probabilit\u00e9 que votre art\u00e8re reste dilat\u00e9e ou d\u00e9gag\u00e9e apr\u00e8s une <a href=\"https:\/\/www.heartfailurematters.org\/fr\/ce-que-votre-medecin-ou-votre-infirmier-ere-peut-faire\/intervention-coronarienne-percutanee-icp\/\">intervention coronarienne percutan\u00e9e (ICP)<\/a>.<\/p>\n<h2>En quoi consiste l\u2019intervention&nbsp;?<\/h2>\n<p>Un tube fin, souple et creux (<a class=\"addtooltip\" title=\"Tube fin et souple utilis\u00e9 dans de nombreuses interventions.\"><strong>cath\u00e9ter<\/strong><\/a>) \u00e9quip\u00e9 d\u2019un petit ballon gonflable \u00e0 son extr\u00e9mit\u00e9 est ins\u00e9r\u00e9 dans une art\u00e8re de l\u2019aine ou de l&rsquo;avant-bras. Ce tube est dirig\u00e9 vers le c\u0153ur par guidage radiographique. Une fois qu&rsquo;il atteint la partie r\u00e9tr\u00e9cie ou obstru\u00e9e, le ballon est gonfl\u00e9 pour ouvrir bri\u00e8vement l&rsquo;art\u00e8re et r\u00e9tablir la circulation sanguine. Le stent est alors ins\u00e9r\u00e9. Une fois le ballon d\u00e9gonfl\u00e9 et retir\u00e9, le stent reste dans l&rsquo;art\u00e8re. Tous les patients devront prendre des&nbsp;<a class=\"addtooltip\" title=\"M\u00e9dicaments emp\u00eachant la formation ou le d\u00e9veloppement de caillots sanguins. Les anticoagulants, les antiplaquettaires et les thrombolytiques sont des types d\u2019antithrombotiques.\"><strong>antithrombotiques<\/strong><\/a> apr\u00e8s l\u2019intervention pour emp\u00eacher toute formation de caillot.<\/p>\n<h2>Questions \u00e0 poser \u00e0 votre m\u00e9decin&nbsp;:<\/h2>\n<ul>\n<li>Quels sont les risques associ\u00e9s \u00e0 l\u2019intervention&nbsp;?<\/li>\n<li>Devrai-je rester \u00e0 l&rsquo;h\u00f4pital&nbsp;?<\/li>\n<li>Que dois-je faire pour me pr\u00e9parer en vue de l\u2019intervention&nbsp;?<\/li>\n<li>Aurai-je une anesth\u00e9sie g\u00e9n\u00e9rale ou locale&nbsp;?<\/li>\n<li>Devrai-je prendre des m\u00e9dicaments suppl\u00e9mentaires apr\u00e8s l\u2019intervention&nbsp;?<\/li>\n<\/ul>\n<p><a href=\"https:\/\/www.heartfailurematters.org\/fr\/ce-que-votre-medecin-ou-votre-infirmier-ere-peut-faire\/autres-interventions\/\" title=\"Return to Other procedures\">Retourner \u00e0 la rubrique \u00ab&nbsp;Autres interventions&nbsp;\u00bb<\/a><\/p>\n","protected":false},"excerpt":{"rendered":"<p>Pourquoi cette intervention est-elle r\u00e9alis\u00e9e&nbsp;? En cardiologie, un stent est un minuscule tube grillag\u00e9 fait de mat\u00e9riaux artificiels qui agit comme une sorte de tuteur pour maintenir ouverte une art\u00e8re obstru\u00e9e. La pose d\u2019un stent augmente la probabilit\u00e9 que votre art\u00e8re reste dilat\u00e9e ou d\u00e9gag\u00e9e apr\u00e8s une intervention coronarienne percutan\u00e9e (ICP). En quoi consiste l\u2019intervention&nbsp;? [&hellip;]<\/p>\n","protected":false},"author":1,"featured_media":10686,"parent":2679,"menu_order":0,"comment_status":"open","ping_status":"open","template":"","meta":{"_acf_changed":false,"footnotes":""},"categories":[],"tags":[],"class_list":["post-343","page","type-page","status-publish","has-post-thumbnail","hentry"],"acf":[],"yoast_head":"<!-- This site is optimized with the Yoast SEO plugin v24.8.1 - https:\/\/yoast.com\/wordpress\/plugins\/seo\/ -->\n<title>Pose d\u2019un stent - Heart Failure Matters<\/title>\n<meta name=\"description\" content=\"Une endoproth\u00e8se est un petit tube maill\u00e9 en acier inoxydable qui agit comme une sorte d&#039;\u00e9chafaudage afin de maintenir ouverte une art\u00e8re qui est bloqu\u00e9e. En savoir plus\" \/>\n<meta name=\"robots\" content=\"index, follow, max-snippet:-1, max-image-preview:large, max-video-preview:-1\" \/>\n<link rel=\"canonical\" href=\"https:\/\/www.heartfailurematters.org\/fr\/ce-que-votre-medecin-ou-votre-infirmier-ere-peut-faire\/pose-dun-stent\/\" \/>\n<meta property=\"og:locale\" content=\"fr_FR\" \/>\n<meta property=\"og:type\" content=\"article\" \/>\n<meta property=\"og:title\" content=\"Pose d\u2019un stent - Heart Failure Matters\" \/>\n<meta property=\"og:description\" content=\"Une endoproth\u00e8se est un petit tube maill\u00e9 en acier inoxydable qui agit comme une sorte d&#039;\u00e9chafaudage afin de maintenir ouverte une art\u00e8re qui est bloqu\u00e9e. En savoir plus\" \/>\n<meta property=\"og:url\" content=\"https:\/\/www.heartfailurematters.org\/fr\/ce-que-votre-medecin-ou-votre-infirmier-ere-peut-faire\/pose-dun-stent\/\" \/>\n<meta property=\"og:site_name\" content=\"Heart Failure Matters\" \/>\n<meta property=\"article:publisher\" content=\"https:\/\/www.facebook.com\/heartfailurematters\" \/>\n<meta property=\"og:image\" content=\"https:\/\/www.heartfailurematters.org\/wp-content\/uploads\/2022\/02\/shutterstock_26945083-1-min.jpg\" \/>\n\t<meta property=\"og:image:width\" content=\"900\" \/>\n\t<meta property=\"og:image:height\" content=\"600\" \/>\n\t<meta property=\"og:image:type\" content=\"image\/jpeg\" \/>\n<meta name=\"twitter:card\" content=\"summary_large_image\" \/>\n<meta name=\"twitter:label1\" content=\"Dur\u00e9e de lecture estim\u00e9e\" \/>\n\t<meta name=\"twitter:data1\" content=\"1 minute\" \/>\n<script type=\"application\/ld+json\" class=\"yoast-schema-graph\">{\"@context\":\"https:\/\/schema.org\",\"@graph\":[{\"@type\":\"WebPage\",\"@id\":\"https:\/\/www.heartfailurematters.org\/fr\/ce-que-votre-medecin-ou-votre-infirmier-ere-peut-faire\/pose-dun-stent\/\",\"url\":\"https:\/\/www.heartfailurematters.org\/fr\/ce-que-votre-medecin-ou-votre-infirmier-ere-peut-faire\/pose-dun-stent\/\",\"name\":\"Pose d\u2019un stent - Heart Failure Matters\",\"isPartOf\":{\"@id\":\"https:\/\/www.heartfailurematters.org\/fr\/#website\"},\"primaryImageOfPage\":{\"@id\":\"https:\/\/www.heartfailurematters.org\/fr\/ce-que-votre-medecin-ou-votre-infirmier-ere-peut-faire\/pose-dun-stent\/#primaryimage\"},\"image\":{\"@id\":\"https:\/\/www.heartfailurematters.org\/fr\/ce-que-votre-medecin-ou-votre-infirmier-ere-peut-faire\/pose-dun-stent\/#primaryimage\"},\"thumbnailUrl\":\"https:\/\/www.heartfailurematters.org\/wp-content\/uploads\/2022\/02\/shutterstock_26945083-1-min.jpg\",\"datePublished\":\"2021-01-27T21:35:42+00:00\",\"description\":\"Une endoproth\u00e8se est un petit tube maill\u00e9 en acier inoxydable qui agit comme une sorte d'\u00e9chafaudage afin de maintenir ouverte une art\u00e8re qui est bloqu\u00e9e. En savoir plus\",\"breadcrumb\":{\"@id\":\"https:\/\/www.heartfailurematters.org\/fr\/ce-que-votre-medecin-ou-votre-infirmier-ere-peut-faire\/pose-dun-stent\/#breadcrumb\"},\"inLanguage\":\"fr-FR\",\"potentialAction\":[{\"@type\":\"ReadAction\",\"target\":[\"https:\/\/www.heartfailurematters.org\/fr\/ce-que-votre-medecin-ou-votre-infirmier-ere-peut-faire\/pose-dun-stent\/\"]}]},{\"@type\":\"ImageObject\",\"inLanguage\":\"fr-FR\",\"@id\":\"https:\/\/www.heartfailurematters.org\/fr\/ce-que-votre-medecin-ou-votre-infirmier-ere-peut-faire\/pose-dun-stent\/#primaryimage\",\"url\":\"https:\/\/www.heartfailurematters.org\/wp-content\/uploads\/2022\/02\/shutterstock_26945083-1-min.jpg\",\"contentUrl\":\"https:\/\/www.heartfailurematters.org\/wp-content\/uploads\/2022\/02\/shutterstock_26945083-1-min.jpg\",\"width\":900,\"height\":600},{\"@type\":\"BreadcrumbList\",\"@id\":\"https:\/\/www.heartfailurematters.org\/fr\/ce-que-votre-medecin-ou-votre-infirmier-ere-peut-faire\/pose-dun-stent\/#breadcrumb\",\"itemListElement\":[{\"@type\":\"ListItem\",\"position\":1,\"name\":\"Accueil\",\"item\":\"https:\/\/www.heartfailurematters.org\/fr\/\"},{\"@type\":\"ListItem\",\"position\":2,\"name\":\"Ce que votre m\u00e9decin peut faire\",\"item\":\"https:\/\/www.heartfailurematters.org\/fr\/ce-que-votre-medecin-ou-votre-infirmier-ere-peut-faire\/\"},{\"@type\":\"ListItem\",\"position\":3,\"name\":\"Pose d\u2019un stent\"}]},{\"@type\":\"WebSite\",\"@id\":\"https:\/\/www.heartfailurematters.org\/fr\/#website\",\"url\":\"https:\/\/www.heartfailurematters.org\/fr\/\",\"name\":\"Heart Failure Matters\",\"description\":\"Practical information for patients, families and caregivers.\",\"publisher\":{\"@id\":\"https:\/\/www.heartfailurematters.org\/fr\/#organization\"},\"potentialAction\":[{\"@type\":\"SearchAction\",\"target\":{\"@type\":\"EntryPoint\",\"urlTemplate\":\"https:\/\/www.heartfailurematters.org\/fr\/?s={search_term_string}\"},\"query-input\":{\"@type\":\"PropertyValueSpecification\",\"valueRequired\":true,\"valueName\":\"search_term_string\"}}],\"inLanguage\":\"fr-FR\"},{\"@type\":\"Organization\",\"@id\":\"https:\/\/www.heartfailurematters.org\/fr\/#organization\",\"name\":\"Heart Failure Matters\",\"url\":\"https:\/\/www.heartfailurematters.org\/fr\/\",\"logo\":{\"@type\":\"ImageObject\",\"inLanguage\":\"fr-FR\",\"@id\":\"https:\/\/www.heartfailurematters.org\/fr\/#\/schema\/logo\/image\/\",\"url\":\"https:\/\/cdn-endpoint-hfm.azureedge.net\/heartfailurematters\/2024\/07\/hfm-logo1.jpg\",\"contentUrl\":\"https:\/\/cdn-endpoint-hfm.azureedge.net\/heartfailurematters\/2024\/07\/hfm-logo1.jpg\",\"width\":1280,\"height\":720,\"caption\":\"Heart Failure Matters\"},\"image\":{\"@id\":\"https:\/\/www.heartfailurematters.org\/fr\/#\/schema\/logo\/image\/\"},\"sameAs\":[\"https:\/\/www.facebook.com\/heartfailurematters\"]}]}<\/script>\n<!-- \/ Yoast SEO plugin. -->","yoast_head_json":{"title":"Pose d\u2019un stent - Heart Failure Matters","description":"Une endoproth\u00e8se est un petit tube maill\u00e9 en acier inoxydable qui agit comme une sorte d'\u00e9chafaudage afin de maintenir ouverte une art\u00e8re qui est bloqu\u00e9e. En savoir plus","robots":{"index":"index","follow":"follow","max-snippet":"max-snippet:-1","max-image-preview":"max-image-preview:large","max-video-preview":"max-video-preview:-1"},"canonical":"https:\/\/www.heartfailurematters.org\/fr\/ce-que-votre-medecin-ou-votre-infirmier-ere-peut-faire\/pose-dun-stent\/","og_locale":"fr_FR","og_type":"article","og_title":"Pose d\u2019un stent - Heart Failure Matters","og_description":"Une endoproth\u00e8se est un petit tube maill\u00e9 en acier inoxydable qui agit comme une sorte d'\u00e9chafaudage afin de maintenir ouverte une art\u00e8re qui est bloqu\u00e9e. En savoir plus","og_url":"https:\/\/www.heartfailurematters.org\/fr\/ce-que-votre-medecin-ou-votre-infirmier-ere-peut-faire\/pose-dun-stent\/","og_site_name":"Heart Failure Matters","article_publisher":"https:\/\/www.facebook.com\/heartfailurematters","og_image":[{"width":900,"height":600,"url":"https:\/\/www.heartfailurematters.org\/wp-content\/uploads\/2022\/02\/shutterstock_26945083-1-min.jpg","type":"image\/jpeg"}],"twitter_card":"summary_large_image","twitter_misc":{"Dur\u00e9e de lecture estim\u00e9e":"1 minute"},"schema":{"@context":"https:\/\/schema.org","@graph":[{"@type":"WebPage","@id":"https:\/\/www.heartfailurematters.org\/fr\/ce-que-votre-medecin-ou-votre-infirmier-ere-peut-faire\/pose-dun-stent\/","url":"https:\/\/www.heartfailurematters.org\/fr\/ce-que-votre-medecin-ou-votre-infirmier-ere-peut-faire\/pose-dun-stent\/","name":"Pose d\u2019un stent - Heart Failure Matters","isPartOf":{"@id":"https:\/\/www.heartfailurematters.org\/fr\/#website"},"primaryImageOfPage":{"@id":"https:\/\/www.heartfailurematters.org\/fr\/ce-que-votre-medecin-ou-votre-infirmier-ere-peut-faire\/pose-dun-stent\/#primaryimage"},"image":{"@id":"https:\/\/www.heartfailurematters.org\/fr\/ce-que-votre-medecin-ou-votre-infirmier-ere-peut-faire\/pose-dun-stent\/#primaryimage"},"thumbnailUrl":"https:\/\/www.heartfailurematters.org\/wp-content\/uploads\/2022\/02\/shutterstock_26945083-1-min.jpg","datePublished":"2021-01-27T21:35:42+00:00","description":"Une endoproth\u00e8se est un petit tube maill\u00e9 en acier inoxydable qui agit comme une sorte d'\u00e9chafaudage afin de maintenir ouverte une art\u00e8re qui est bloqu\u00e9e. En savoir plus","breadcrumb":{"@id":"https:\/\/www.heartfailurematters.org\/fr\/ce-que-votre-medecin-ou-votre-infirmier-ere-peut-faire\/pose-dun-stent\/#breadcrumb"},"inLanguage":"fr-FR","potentialAction":[{"@type":"ReadAction","target":["https:\/\/www.heartfailurematters.org\/fr\/ce-que-votre-medecin-ou-votre-infirmier-ere-peut-faire\/pose-dun-stent\/"]}]},{"@type":"ImageObject","inLanguage":"fr-FR","@id":"https:\/\/www.heartfailurematters.org\/fr\/ce-que-votre-medecin-ou-votre-infirmier-ere-peut-faire\/pose-dun-stent\/#primaryimage","url":"https:\/\/www.heartfailurematters.org\/wp-content\/uploads\/2022\/02\/shutterstock_26945083-1-min.jpg","contentUrl":"https:\/\/www.heartfailurematters.org\/wp-content\/uploads\/2022\/02\/shutterstock_26945083-1-min.jpg","width":900,"height":600},{"@type":"BreadcrumbList","@id":"https:\/\/www.heartfailurematters.org\/fr\/ce-que-votre-medecin-ou-votre-infirmier-ere-peut-faire\/pose-dun-stent\/#breadcrumb","itemListElement":[{"@type":"ListItem","position":1,"name":"Accueil","item":"https:\/\/www.heartfailurematters.org\/fr\/"},{"@type":"ListItem","position":2,"name":"Ce que votre m\u00e9decin peut faire","item":"https:\/\/www.heartfailurematters.org\/fr\/ce-que-votre-medecin-ou-votre-infirmier-ere-peut-faire\/"},{"@type":"ListItem","position":3,"name":"Pose d\u2019un stent"}]},{"@type":"WebSite","@id":"https:\/\/www.heartfailurematters.org\/fr\/#website","url":"https:\/\/www.heartfailurematters.org\/fr\/","name":"Heart Failure Matters","description":"Practical information for patients, families and caregivers.","publisher":{"@id":"https:\/\/www.heartfailurematters.org\/fr\/#organization"},"potentialAction":[{"@type":"SearchAction","target":{"@type":"EntryPoint","urlTemplate":"https:\/\/www.heartfailurematters.org\/fr\/?s={search_term_string}"},"query-input":{"@type":"PropertyValueSpecification","valueRequired":true,"valueName":"search_term_string"}}],"inLanguage":"fr-FR"},{"@type":"Organization","@id":"https:\/\/www.heartfailurematters.org\/fr\/#organization","name":"Heart Failure Matters","url":"https:\/\/www.heartfailurematters.org\/fr\/","logo":{"@type":"ImageObject","inLanguage":"fr-FR","@id":"https:\/\/www.heartfailurematters.org\/fr\/#\/schema\/logo\/image\/","url":"https:\/\/cdn-endpoint-hfm.azureedge.net\/heartfailurematters\/2024\/07\/hfm-logo1.jpg","contentUrl":"https:\/\/cdn-endpoint-hfm.azureedge.net\/heartfailurematters\/2024\/07\/hfm-logo1.jpg","width":1280,"height":720,"caption":"Heart Failure Matters"},"image":{"@id":"https:\/\/www.heartfailurematters.org\/fr\/#\/schema\/logo\/image\/"},"sameAs":["https:\/\/www.facebook.com\/heartfailurematters"]}]}},"_links":{"self":[{"href":"https:\/\/www.heartfailurematters.org\/fr\/wp-json\/wp\/v2\/pages\/343","targetHints":{"allow":["GET"]}}],"collection":[{"href":"https:\/\/www.heartfailurematters.org\/fr\/wp-json\/wp\/v2\/pages"}],"about":[{"href":"https:\/\/www.heartfailurematters.org\/fr\/wp-json\/wp\/v2\/types\/page"}],"author":[{"embeddable":true,"href":"https:\/\/www.heartfailurematters.org\/fr\/wp-json\/wp\/v2\/users\/1"}],"replies":[{"embeddable":true,"href":"https:\/\/www.heartfailurematters.org\/fr\/wp-json\/wp\/v2\/comments?post=343"}],"version-history":[{"count":0,"href":"https:\/\/www.heartfailurematters.org\/fr\/wp-json\/wp\/v2\/pages\/343\/revisions"}],"up":[{"embeddable":true,"href":"https:\/\/www.heartfailurematters.org\/fr\/wp-json\/wp\/v2\/pages\/2679"}],"wp:featuredmedia":[{"embeddable":true,"href":"https:\/\/www.heartfailurematters.org\/fr\/wp-json\/wp\/v2\/media\/10686"}],"wp:attachment":[{"href":"https:\/\/www.heartfailurematters.org\/fr\/wp-json\/wp\/v2\/media?parent=343"}],"wp:term":[{"taxonomy":"category","embeddable":true,"href":"https:\/\/www.heartfailurematters.org\/fr\/wp-json\/wp\/v2\/categories?post=343"},{"taxonomy":"post_tag","embeddable":true,"href":"https:\/\/www.heartfailurematters.org\/fr\/wp-json\/wp\/v2\/tags?post=343"}],"curies":[{"name":"wp","href":"https:\/\/api.w.org\/{rel}","templated":true}]}}