{"id":339,"date":"2021-01-27T21:35:42","date_gmt":"2021-01-27T21:35:42","guid":{"rendered":"http:\/\/heartfailurematters.local:8888\/maladie-renale-dysfonctionnement-renal\/"},"modified":"2021-06-25T14:12:48","modified_gmt":"2021-06-25T13:12:48","slug":"maladie-renale-dysfonctionnement-renal","status":"publish","type":"page","link":"https:\/\/www.heartfailurematters.org\/fr\/causes-de-linsuffisance-cardiaque-et-autres-problemes-medicaux-courants\/maladie-renale-dysfonctionnement-renal\/","title":{"rendered":"Insuffisance r\u00e9nale chronique"},"content":{"rendered":"<p>Les reins sont deux organes en forme de haricot d&rsquo;environ 10-12 centim\u00e8tres (aussi gros que le poing) plac\u00e9s de chaque c\u00f4t\u00e9 de la colonne vert\u00e9brale, sous la paire de c\u00f4tes inf\u00e9rieures.<\/p>\n<p>Les reins ont trois fonctions&nbsp;: premi\u00e8rement, ils font fonction de station d&rsquo;\u00e9puration du corps, deuxi\u00e8mement, de syst\u00e8me de filtration du corps et, troisi\u00e8mement, de poste de contr\u00f4le du corps.<\/p>\n<h2>Station d&rsquo;\u00e9puration<\/h2>\n<p>Les reins travaillent jour et nuit pour \u00e9liminer les impuret\u00e9s du sang. Plus d&rsquo;un litre de sang traverse les reins en quelques minutes et environ 180 litres de liquide organique sont filtr\u00e9s par jour. Une personne en bonne sant\u00e9 urine entre un et trois litres par jour. L&rsquo;urine contient des \u00ab\u00a0d\u00e9chets\u00a0\u00bb, y compris des toxines, des r\u00e9sidus de m\u00e9dicaments et des d\u00e9chets issus des aliments que nous consommons. Si la fonction r\u00e9nale est perturb\u00e9e, les d\u00e9chets pr\u00e9sents dans le corps peuvent s&rsquo;accumuler et se concentrer dans le sang (ur\u00e9mie).<\/p>\n<h2>Syst\u00e8me de filtration<\/h2>\n<p>Chaque rein compte environ un million de petites unit\u00e9s productrices d&rsquo;urine, appel\u00e9es n\u00e9phrons. Chaque n\u00e9phron se compose d&rsquo;un peloton de capillaires sanguins, le glom\u00e9rule, et d&rsquo;un canal r\u00e9nal, le tubule. Le glom\u00e9rule est un syst\u00e8me de filtration microscopique dont la fonction est de purifier le sang des d\u00e9chets. Les tubules peuvent \u00eatre compar\u00e9s \u00e0 des&nbsp;\u00ab\u00a0tuyaux d&rsquo;\u00e9gout\u00a0\u00bb par lesquels le liquide en exc\u00e8s et les d\u00e9chets qui ont \u00e9t\u00e9 filtr\u00e9s sont \u00e9vacu\u00e9s. Chaque n\u00e9phron est reli\u00e9 \u00e0 des canaux r\u00e9naux plus grands. A partir de l\u00e0, l&rsquo;urine passe par les uret\u00e8res et au-del\u00e0 par la vessie. Toutes les substances importantes qui doivent rester dans le corps sont s\u00e9par\u00e9es dans le processus de filtration et r\u00e9cup\u00e9r\u00e9es dans le sang.<\/p>\n<h2>Poste de contr\u00f4le<\/h2>\n<p>Les reins ont pour fonction de produire des substances et de r\u00e9guler les processus. Les reins assurent le fonctionnement des cellules en r\u00e9gulant le degr\u00e9 de sel et d&rsquo;acidit\u00e9 dans le sang et en contr\u00f4lant, entre autres, la quantit\u00e9 d&rsquo;ions hydrog\u00e8ne, de sodium et de potassium absorb\u00e9e ou s\u00e9cr\u00e9t\u00e9e par l&rsquo;organisme.<br \/>\nLes reins produisent deux <a class=\"addtooltip\" title=\"Substances, lib\u00e9r\u00e9es dans le sang par diverses glandes de l'organisme, qui r\u00e9gulent les fonctions essentielles.\"><strong>hormones importantes<\/strong><\/a> : l&rsquo;\u00e9rythropo\u00ef\u00e9tine, une hormone qui stimule la production de globules rouges dans la moelle osseuse et la r\u00e9nine, qui r\u00e9gule la r\u00e9sistance et le tonus des vaisseaux sanguins et donc la pression art\u00e9rielle. Les reins sont \u00e9galement importants pour la structure du squelette. Le calcium que nous obtenons par la nourriture ne peut \u00eatre absorb\u00e9 dans l&rsquo;intestin qu&rsquo;\u00e0 l&rsquo;aide de la vitamine D, qui est form\u00e9e dans la peau par le soleil et activ\u00e9e par les reins.<\/p>\n<p>Le rein d\u00e9pend d&rsquo;une contraction et d&rsquo;une relaxation ad\u00e9quates du c\u0153ur pour maintenir la circulation sanguine r\u00e9nale. Par cons\u00e9quent, l&rsquo;interaction entre c\u0153ur et rein peut souvent \u00eatre perturb\u00e9e en cas d&rsquo;insuffisance cardiaque. L&rsquo;insuffisance cardiaque et la maladie r\u00e9nale chronique coexistent souvent et partagent des facteurs de risque communs dans leur d\u00e9veloppement. Une insuffisance r\u00e9nale est associ\u00e9e \u00e0 un risque accru d&rsquo;effets ind\u00e9sirables. Souffrir \u00e0 la fois d&rsquo;insuffisance cardiaque et r\u00e9nale peut aggraver le pronostic et n\u00e9cessiter un suivi attentif du patient.<br \/>\n\u00c9tant donn\u00e9 que de nombreux m\u00e9dicaments pour l&rsquo;insuffisance cardiaque ont des effets directs importants sur la fonction r\u00e9nale, il est essentiel que vos prestataires de soins \u00e9valuent r\u00e9guli\u00e8rement votre fonction r\u00e9nale (principalement au moyen d&rsquo;analyses de laboratoire) tout au long du traitement de l&rsquo;insuffisance cardiaque aigu\u00eb et chronique.<\/p>\n<p>&nbsp;<\/p>\n<p><a href=\"https:\/\/www.heartfailurematters.org\/heart-failure-causes-and-other-common-medical-conditions\/other-common-medical-conditions-and-heart-failure\/\">Retour \u00e0 Autres probl\u00e8mes m\u00e9dicaux courants et insuffisance cardiaque<\/a><\/p>\n<p>&nbsp;<\/p>\n<p>&nbsp;<\/p>\n","protected":false},"excerpt":{"rendered":"<p>Les reins sont deux organes en forme de haricot d&rsquo;environ 10-12 centim\u00e8tres (aussi gros que le poing) plac\u00e9s de chaque c\u00f4t\u00e9 de la colonne vert\u00e9brale, sous la paire de c\u00f4tes inf\u00e9rieures. Les reins ont trois fonctions&nbsp;: premi\u00e8rement, ils font fonction de station d&rsquo;\u00e9puration du corps, deuxi\u00e8mement, de syst\u00e8me de filtration du corps et, troisi\u00e8mement, de [&hellip;]<\/p>\n","protected":false},"author":1,"featured_media":10767,"parent":8045,"menu_order":12,"comment_status":"open","ping_status":"open","template":"","meta":{"_acf_changed":false,"footnotes":""},"categories":[],"tags":[],"class_list":["post-339","page","type-page","status-publish","has-post-thumbnail","hentry"],"acf":[],"yoast_head":"<!-- This site is optimized with the Yoast SEO plugin v24.8.1 - https:\/\/yoast.com\/wordpress\/plugins\/seo\/ -->\n<title>Insuffisance r\u00e9nale\/mauvais fonctionnement des reins<\/title>\n<meta name=\"description\" content=\"Les reins essayent de compenser l&#039;insuffisance cardiaque en retenant le sel et l&#039;eau, ce qui augmente le volume sanguin circulant.\" \/>\n<meta name=\"robots\" content=\"index, follow, max-snippet:-1, max-image-preview:large, max-video-preview:-1\" \/>\n<link rel=\"canonical\" href=\"https:\/\/www.heartfailurematters.org\/fr\/causes-de-linsuffisance-cardiaque-et-autres-problemes-medicaux-courants\/maladie-renale-dysfonctionnement-renal\/\" \/>\n<meta property=\"og:locale\" content=\"fr_FR\" \/>\n<meta property=\"og:type\" content=\"article\" \/>\n<meta property=\"og:title\" content=\"Insuffisance r\u00e9nale\/mauvais fonctionnement des reins\" \/>\n<meta property=\"og:description\" content=\"Les reins essayent de compenser l&#039;insuffisance cardiaque en retenant le sel et l&#039;eau, ce qui augmente le volume sanguin circulant.\" \/>\n<meta property=\"og:url\" content=\"https:\/\/www.heartfailurematters.org\/fr\/causes-de-linsuffisance-cardiaque-et-autres-problemes-medicaux-courants\/maladie-renale-dysfonctionnement-renal\/\" \/>\n<meta property=\"og:site_name\" content=\"Heart Failure Matters\" \/>\n<meta property=\"article:publisher\" content=\"https:\/\/www.facebook.com\/heartfailurematters\" \/>\n<meta property=\"article:modified_time\" content=\"2021-06-25T13:12:48+00:00\" \/>\n<meta property=\"og:image\" content=\"https:\/\/www.heartfailurematters.org\/wp-content\/uploads\/2022\/03\/shutterstock_1988696597-1-min.jpg\" \/>\n\t<meta property=\"og:image:width\" content=\"900\" \/>\n\t<meta property=\"og:image:height\" content=\"600\" \/>\n\t<meta property=\"og:image:type\" content=\"image\/jpeg\" \/>\n<meta name=\"twitter:card\" content=\"summary_large_image\" \/>\n<meta name=\"twitter:label1\" content=\"Dur\u00e9e de lecture estim\u00e9e\" \/>\n\t<meta name=\"twitter:data1\" content=\"3 minutes\" \/>\n<script type=\"application\/ld+json\" class=\"yoast-schema-graph\">{\"@context\":\"https:\/\/schema.org\",\"@graph\":[{\"@type\":\"WebPage\",\"@id\":\"https:\/\/www.heartfailurematters.org\/fr\/causes-de-linsuffisance-cardiaque-et-autres-problemes-medicaux-courants\/maladie-renale-dysfonctionnement-renal\/\",\"url\":\"https:\/\/www.heartfailurematters.org\/fr\/causes-de-linsuffisance-cardiaque-et-autres-problemes-medicaux-courants\/maladie-renale-dysfonctionnement-renal\/\",\"name\":\"Insuffisance r\u00e9nale\/mauvais fonctionnement des reins\",\"isPartOf\":{\"@id\":\"https:\/\/www.heartfailurematters.org\/fr\/#website\"},\"primaryImageOfPage\":{\"@id\":\"https:\/\/www.heartfailurematters.org\/fr\/causes-de-linsuffisance-cardiaque-et-autres-problemes-medicaux-courants\/maladie-renale-dysfonctionnement-renal\/#primaryimage\"},\"image\":{\"@id\":\"https:\/\/www.heartfailurematters.org\/fr\/causes-de-linsuffisance-cardiaque-et-autres-problemes-medicaux-courants\/maladie-renale-dysfonctionnement-renal\/#primaryimage\"},\"thumbnailUrl\":\"https:\/\/www.heartfailurematters.org\/wp-content\/uploads\/2022\/03\/shutterstock_1988696597-1-min.jpg\",\"datePublished\":\"2021-01-27T21:35:42+00:00\",\"dateModified\":\"2021-06-25T13:12:48+00:00\",\"description\":\"Les reins essayent de compenser l'insuffisance cardiaque en retenant le sel et l'eau, ce qui augmente le volume sanguin circulant.\",\"breadcrumb\":{\"@id\":\"https:\/\/www.heartfailurematters.org\/fr\/causes-de-linsuffisance-cardiaque-et-autres-problemes-medicaux-courants\/maladie-renale-dysfonctionnement-renal\/#breadcrumb\"},\"inLanguage\":\"fr-FR\",\"potentialAction\":[{\"@type\":\"ReadAction\",\"target\":[\"https:\/\/www.heartfailurematters.org\/fr\/causes-de-linsuffisance-cardiaque-et-autres-problemes-medicaux-courants\/maladie-renale-dysfonctionnement-renal\/\"]}]},{\"@type\":\"ImageObject\",\"inLanguage\":\"fr-FR\",\"@id\":\"https:\/\/www.heartfailurematters.org\/fr\/causes-de-linsuffisance-cardiaque-et-autres-problemes-medicaux-courants\/maladie-renale-dysfonctionnement-renal\/#primaryimage\",\"url\":\"https:\/\/www.heartfailurematters.org\/wp-content\/uploads\/2022\/03\/shutterstock_1988696597-1-min.jpg\",\"contentUrl\":\"https:\/\/www.heartfailurematters.org\/wp-content\/uploads\/2022\/03\/shutterstock_1988696597-1-min.jpg\",\"width\":900,\"height\":600},{\"@type\":\"BreadcrumbList\",\"@id\":\"https:\/\/www.heartfailurematters.org\/fr\/causes-de-linsuffisance-cardiaque-et-autres-problemes-medicaux-courants\/maladie-renale-dysfonctionnement-renal\/#breadcrumb\",\"itemListElement\":[{\"@type\":\"ListItem\",\"position\":1,\"name\":\"Accueil\",\"item\":\"https:\/\/www.heartfailurematters.org\/fr\/\"},{\"@type\":\"ListItem\",\"position\":2,\"name\":\"Causes de l&#8217;insuffisance cardiaque et autres probl\u00e8mes m\u00e9dicaux associ\u00e9s\",\"item\":\"https:\/\/www.heartfailurematters.org\/fr\/causes-de-linsuffisance-cardiaque-et-autres-problemes-medicaux-courants\/\"},{\"@type\":\"ListItem\",\"position\":3,\"name\":\"Insuffisance r\u00e9nale chronique\"}]},{\"@type\":\"WebSite\",\"@id\":\"https:\/\/www.heartfailurematters.org\/fr\/#website\",\"url\":\"https:\/\/www.heartfailurematters.org\/fr\/\",\"name\":\"Heart Failure Matters\",\"description\":\"Practical information for patients, families and caregivers.\",\"publisher\":{\"@id\":\"https:\/\/www.heartfailurematters.org\/fr\/#organization\"},\"potentialAction\":[{\"@type\":\"SearchAction\",\"target\":{\"@type\":\"EntryPoint\",\"urlTemplate\":\"https:\/\/www.heartfailurematters.org\/fr\/?s={search_term_string}\"},\"query-input\":{\"@type\":\"PropertyValueSpecification\",\"valueRequired\":true,\"valueName\":\"search_term_string\"}}],\"inLanguage\":\"fr-FR\"},{\"@type\":\"Organization\",\"@id\":\"https:\/\/www.heartfailurematters.org\/fr\/#organization\",\"name\":\"Heart Failure Matters\",\"url\":\"https:\/\/www.heartfailurematters.org\/fr\/\",\"logo\":{\"@type\":\"ImageObject\",\"inLanguage\":\"fr-FR\",\"@id\":\"https:\/\/www.heartfailurematters.org\/fr\/#\/schema\/logo\/image\/\",\"url\":\"https:\/\/cdn-endpoint-hfm.azureedge.net\/heartfailurematters\/2024\/07\/hfm-logo1.jpg\",\"contentUrl\":\"https:\/\/cdn-endpoint-hfm.azureedge.net\/heartfailurematters\/2024\/07\/hfm-logo1.jpg\",\"width\":1280,\"height\":720,\"caption\":\"Heart Failure Matters\"},\"image\":{\"@id\":\"https:\/\/www.heartfailurematters.org\/fr\/#\/schema\/logo\/image\/\"},\"sameAs\":[\"https:\/\/www.facebook.com\/heartfailurematters\"]}]}<\/script>\n<!-- \/ Yoast SEO plugin. -->","yoast_head_json":{"title":"Insuffisance r\u00e9nale\/mauvais fonctionnement des reins","description":"Les reins essayent de compenser l'insuffisance cardiaque en retenant le sel et l'eau, ce qui augmente le volume sanguin circulant.","robots":{"index":"index","follow":"follow","max-snippet":"max-snippet:-1","max-image-preview":"max-image-preview:large","max-video-preview":"max-video-preview:-1"},"canonical":"https:\/\/www.heartfailurematters.org\/fr\/causes-de-linsuffisance-cardiaque-et-autres-problemes-medicaux-courants\/maladie-renale-dysfonctionnement-renal\/","og_locale":"fr_FR","og_type":"article","og_title":"Insuffisance r\u00e9nale\/mauvais fonctionnement des reins","og_description":"Les reins essayent de compenser l'insuffisance cardiaque en retenant le sel et l'eau, ce qui augmente le volume sanguin circulant.","og_url":"https:\/\/www.heartfailurematters.org\/fr\/causes-de-linsuffisance-cardiaque-et-autres-problemes-medicaux-courants\/maladie-renale-dysfonctionnement-renal\/","og_site_name":"Heart Failure Matters","article_publisher":"https:\/\/www.facebook.com\/heartfailurematters","article_modified_time":"2021-06-25T13:12:48+00:00","og_image":[{"width":900,"height":600,"url":"https:\/\/www.heartfailurematters.org\/wp-content\/uploads\/2022\/03\/shutterstock_1988696597-1-min.jpg","type":"image\/jpeg"}],"twitter_card":"summary_large_image","twitter_misc":{"Dur\u00e9e de lecture estim\u00e9e":"3 minutes"},"schema":{"@context":"https:\/\/schema.org","@graph":[{"@type":"WebPage","@id":"https:\/\/www.heartfailurematters.org\/fr\/causes-de-linsuffisance-cardiaque-et-autres-problemes-medicaux-courants\/maladie-renale-dysfonctionnement-renal\/","url":"https:\/\/www.heartfailurematters.org\/fr\/causes-de-linsuffisance-cardiaque-et-autres-problemes-medicaux-courants\/maladie-renale-dysfonctionnement-renal\/","name":"Insuffisance r\u00e9nale\/mauvais fonctionnement des reins","isPartOf":{"@id":"https:\/\/www.heartfailurematters.org\/fr\/#website"},"primaryImageOfPage":{"@id":"https:\/\/www.heartfailurematters.org\/fr\/causes-de-linsuffisance-cardiaque-et-autres-problemes-medicaux-courants\/maladie-renale-dysfonctionnement-renal\/#primaryimage"},"image":{"@id":"https:\/\/www.heartfailurematters.org\/fr\/causes-de-linsuffisance-cardiaque-et-autres-problemes-medicaux-courants\/maladie-renale-dysfonctionnement-renal\/#primaryimage"},"thumbnailUrl":"https:\/\/www.heartfailurematters.org\/wp-content\/uploads\/2022\/03\/shutterstock_1988696597-1-min.jpg","datePublished":"2021-01-27T21:35:42+00:00","dateModified":"2021-06-25T13:12:48+00:00","description":"Les reins essayent de compenser l'insuffisance cardiaque en retenant le sel et l'eau, ce qui augmente le volume sanguin circulant.","breadcrumb":{"@id":"https:\/\/www.heartfailurematters.org\/fr\/causes-de-linsuffisance-cardiaque-et-autres-problemes-medicaux-courants\/maladie-renale-dysfonctionnement-renal\/#breadcrumb"},"inLanguage":"fr-FR","potentialAction":[{"@type":"ReadAction","target":["https:\/\/www.heartfailurematters.org\/fr\/causes-de-linsuffisance-cardiaque-et-autres-problemes-medicaux-courants\/maladie-renale-dysfonctionnement-renal\/"]}]},{"@type":"ImageObject","inLanguage":"fr-FR","@id":"https:\/\/www.heartfailurematters.org\/fr\/causes-de-linsuffisance-cardiaque-et-autres-problemes-medicaux-courants\/maladie-renale-dysfonctionnement-renal\/#primaryimage","url":"https:\/\/www.heartfailurematters.org\/wp-content\/uploads\/2022\/03\/shutterstock_1988696597-1-min.jpg","contentUrl":"https:\/\/www.heartfailurematters.org\/wp-content\/uploads\/2022\/03\/shutterstock_1988696597-1-min.jpg","width":900,"height":600},{"@type":"BreadcrumbList","@id":"https:\/\/www.heartfailurematters.org\/fr\/causes-de-linsuffisance-cardiaque-et-autres-problemes-medicaux-courants\/maladie-renale-dysfonctionnement-renal\/#breadcrumb","itemListElement":[{"@type":"ListItem","position":1,"name":"Accueil","item":"https:\/\/www.heartfailurematters.org\/fr\/"},{"@type":"ListItem","position":2,"name":"Causes de l&#8217;insuffisance cardiaque et autres probl\u00e8mes m\u00e9dicaux associ\u00e9s","item":"https:\/\/www.heartfailurematters.org\/fr\/causes-de-linsuffisance-cardiaque-et-autres-problemes-medicaux-courants\/"},{"@type":"ListItem","position":3,"name":"Insuffisance r\u00e9nale chronique"}]},{"@type":"WebSite","@id":"https:\/\/www.heartfailurematters.org\/fr\/#website","url":"https:\/\/www.heartfailurematters.org\/fr\/","name":"Heart Failure Matters","description":"Practical information for patients, families and caregivers.","publisher":{"@id":"https:\/\/www.heartfailurematters.org\/fr\/#organization"},"potentialAction":[{"@type":"SearchAction","target":{"@type":"EntryPoint","urlTemplate":"https:\/\/www.heartfailurematters.org\/fr\/?s={search_term_string}"},"query-input":{"@type":"PropertyValueSpecification","valueRequired":true,"valueName":"search_term_string"}}],"inLanguage":"fr-FR"},{"@type":"Organization","@id":"https:\/\/www.heartfailurematters.org\/fr\/#organization","name":"Heart Failure Matters","url":"https:\/\/www.heartfailurematters.org\/fr\/","logo":{"@type":"ImageObject","inLanguage":"fr-FR","@id":"https:\/\/www.heartfailurematters.org\/fr\/#\/schema\/logo\/image\/","url":"https:\/\/cdn-endpoint-hfm.azureedge.net\/heartfailurematters\/2024\/07\/hfm-logo1.jpg","contentUrl":"https:\/\/cdn-endpoint-hfm.azureedge.net\/heartfailurematters\/2024\/07\/hfm-logo1.jpg","width":1280,"height":720,"caption":"Heart Failure Matters"},"image":{"@id":"https:\/\/www.heartfailurematters.org\/fr\/#\/schema\/logo\/image\/"},"sameAs":["https:\/\/www.facebook.com\/heartfailurematters"]}]}},"_links":{"self":[{"href":"https:\/\/www.heartfailurematters.org\/fr\/wp-json\/wp\/v2\/pages\/339","targetHints":{"allow":["GET"]}}],"collection":[{"href":"https:\/\/www.heartfailurematters.org\/fr\/wp-json\/wp\/v2\/pages"}],"about":[{"href":"https:\/\/www.heartfailurematters.org\/fr\/wp-json\/wp\/v2\/types\/page"}],"author":[{"embeddable":true,"href":"https:\/\/www.heartfailurematters.org\/fr\/wp-json\/wp\/v2\/users\/1"}],"replies":[{"embeddable":true,"href":"https:\/\/www.heartfailurematters.org\/fr\/wp-json\/wp\/v2\/comments?post=339"}],"version-history":[{"count":2,"href":"https:\/\/www.heartfailurematters.org\/fr\/wp-json\/wp\/v2\/pages\/339\/revisions"}],"predecessor-version":[{"id":9085,"href":"https:\/\/www.heartfailurematters.org\/fr\/wp-json\/wp\/v2\/pages\/339\/revisions\/9085"}],"up":[{"embeddable":true,"href":"https:\/\/www.heartfailurematters.org\/fr\/wp-json\/wp\/v2\/pages\/8045"}],"wp:featuredmedia":[{"embeddable":true,"href":"https:\/\/www.heartfailurematters.org\/fr\/wp-json\/wp\/v2\/media\/10767"}],"wp:attachment":[{"href":"https:\/\/www.heartfailurematters.org\/fr\/wp-json\/wp\/v2\/media?parent=339"}],"wp:term":[{"taxonomy":"category","embeddable":true,"href":"https:\/\/www.heartfailurematters.org\/fr\/wp-json\/wp\/v2\/categories?post=339"},{"taxonomy":"post_tag","embeddable":true,"href":"https:\/\/www.heartfailurematters.org\/fr\/wp-json\/wp\/v2\/tags?post=339"}],"curies":[{"name":"wp","href":"https:\/\/api.w.org\/{rel}","templated":true}]}}