{"id":333,"date":"2021-01-27T21:35:42","date_gmt":"2021-01-27T21:35:42","guid":{"rendered":"http:\/\/heartfailurematters.local:8888\/autres-suggestions\/"},"modified":"2021-01-27T21:35:42","modified_gmt":"2021-01-27T21:35:42","slug":"autres-suggestions","status":"publish","type":"page","link":"https:\/\/www.heartfailurematters.org\/fr\/pour-les-soignants\/autres-suggestions\/","title":{"rendered":"Autres suggestions"},"content":{"rendered":"<p>Voici quelques autres suggestions que vous pourriez prendre en consid\u00e9ration\u00a0:<\/p>\n<ul>\n<li>Impliquez la famille et les amis proches. La bonne gestion de l\u2019insuffisance cardiaque n\u00e9cessite souvent un effort collectif. En fonction de ce que peut faire votre conjoint ou parent, vous\u00a0pouvez sugg\u00e9rer des sorties actives avec la famille et les amis. Vous pouvez \u00e9galement pr\u00e9parer ensemble des repas sains. <\/li>\n<li>Encouragez d&rsquo;autres membres de la famille \u00e0 changer d\u00e8s maintenant leurs habitudes pour diminuer leur propre risque de maladie du c\u0153ur ou d\u2019insuffisance cardiaque. Votre conjoint ou parent se sentira moins seul ou isol\u00e9.<\/li>\n<li>Ne soyez pas trop protecteur envers votre conjoint ou parent et ne faites pas tout \u00e0 sa place. Il est vrai que les personnes atteintes d\u2019insuffisance cardiaque peuvent avoir certaines limites physiques, mais elles doivent rester actives et pratiquer une activit\u00e9 physique mod\u00e9r\u00e9e. Si tout est fait \u00e0 leur place, elles peuvent se sentir totalement d\u00e9pendantes ou avoir le sentiment d\u2019\u00eatre un fardeau.<\/li>\n<\/ul>\n<p>Consultez ce site ensemble. Cela vous donnera \u00e0 tous les deux le sentiment de mieux contr\u00f4ler les choses et vous donnera l\u2019occasion de discuter de plusieurs aspects de l&rsquo;\u00e9tat de votre proche.<\/p>\n<p><a href=\"https:\/\/www.heartfailurematters.org\/fr\/pour-les-soignants\/comprendre-votre-role\/\"\" title=\"Return to Understanding your role\">Retourner \u00e0 la rubrique \u00ab\u00a0Comprendre votre r\u00f4le\u00a0\u00bb<\/a><\/p>\n","protected":false},"excerpt":{"rendered":"<p>Voici quelques autres suggestions que vous pourriez prendre en consid\u00e9ration\u00a0: Impliquez la famille et les amis proches. La bonne gestion de l\u2019insuffisance cardiaque n\u00e9cessite souvent un effort collectif. En fonction de ce que peut faire votre conjoint ou parent, vous\u00a0pouvez sugg\u00e9rer des sorties actives avec la famille et les amis. Vous pouvez \u00e9galement pr\u00e9parer ensemble [&hellip;]<\/p>\n","protected":false},"author":1,"featured_media":11143,"parent":2841,"menu_order":0,"comment_status":"open","ping_status":"open","template":"","meta":{"_acf_changed":false,"footnotes":""},"categories":[],"tags":[],"class_list":["post-333","page","type-page","status-publish","has-post-thumbnail","hentry"],"acf":[],"yoast_head":"<!-- This site is optimized with the Yoast SEO plugin v24.8.1 - https:\/\/yoast.com\/wordpress\/plugins\/seo\/ -->\n<title>Autres suggestions - Heart Failure Matters<\/title>\n<meta name=\"description\" content=\"G\u00e9rer efficacement l&#039;insuffisance cardiaque est souvent un effort collectif. Voici quelques suggestions pour que les soignants s&#039;occupant d&#039;insuffisance cardiaque aident les membres de la famille \u00e0 apporter des changements imm\u00e9diats et \u00e0 r\u00e9duire leur propre risque d&#039;insuffisance cardiaque \u00e0 l&#039;avenir.\" \/>\n<meta name=\"robots\" content=\"index, follow, max-snippet:-1, max-image-preview:large, max-video-preview:-1\" \/>\n<link rel=\"canonical\" href=\"https:\/\/www.heartfailurematters.org\/fr\/pour-les-soignants\/autres-suggestions\/\" \/>\n<meta property=\"og:locale\" content=\"fr_FR\" \/>\n<meta property=\"og:type\" content=\"article\" \/>\n<meta property=\"og:title\" content=\"Autres suggestions - Heart Failure Matters\" \/>\n<meta property=\"og:description\" content=\"G\u00e9rer efficacement l&#039;insuffisance cardiaque est souvent un effort collectif. Voici quelques suggestions pour que les soignants s&#039;occupant d&#039;insuffisance cardiaque aident les membres de la famille \u00e0 apporter des changements imm\u00e9diats et \u00e0 r\u00e9duire leur propre risque d&#039;insuffisance cardiaque \u00e0 l&#039;avenir.\" \/>\n<meta property=\"og:url\" content=\"https:\/\/www.heartfailurematters.org\/fr\/pour-les-soignants\/autres-suggestions\/\" \/>\n<meta property=\"og:site_name\" content=\"Heart Failure Matters\" \/>\n<meta property=\"article:publisher\" content=\"https:\/\/www.facebook.com\/heartfailurematters\" \/>\n<meta property=\"og:image\" content=\"https:\/\/www.heartfailurematters.org\/wp-content\/uploads\/2022\/03\/shutterstock_326634329-1-min.jpg\" \/>\n\t<meta property=\"og:image:width\" content=\"900\" \/>\n\t<meta property=\"og:image:height\" content=\"600\" \/>\n\t<meta property=\"og:image:type\" content=\"image\/jpeg\" \/>\n<meta name=\"twitter:card\" content=\"summary_large_image\" \/>\n<meta name=\"twitter:label1\" content=\"Dur\u00e9e de lecture estim\u00e9e\" \/>\n\t<meta name=\"twitter:data1\" content=\"1 minute\" \/>\n<script type=\"application\/ld+json\" class=\"yoast-schema-graph\">{\"@context\":\"https:\/\/schema.org\",\"@graph\":[{\"@type\":\"WebPage\",\"@id\":\"https:\/\/www.heartfailurematters.org\/fr\/pour-les-soignants\/autres-suggestions\/\",\"url\":\"https:\/\/www.heartfailurematters.org\/fr\/pour-les-soignants\/autres-suggestions\/\",\"name\":\"Autres suggestions - Heart Failure Matters\",\"isPartOf\":{\"@id\":\"https:\/\/www.heartfailurematters.org\/fr\/#website\"},\"primaryImageOfPage\":{\"@id\":\"https:\/\/www.heartfailurematters.org\/fr\/pour-les-soignants\/autres-suggestions\/#primaryimage\"},\"image\":{\"@id\":\"https:\/\/www.heartfailurematters.org\/fr\/pour-les-soignants\/autres-suggestions\/#primaryimage\"},\"thumbnailUrl\":\"https:\/\/www.heartfailurematters.org\/wp-content\/uploads\/2022\/03\/shutterstock_326634329-1-min.jpg\",\"datePublished\":\"2021-01-27T21:35:42+00:00\",\"description\":\"G\u00e9rer efficacement l'insuffisance cardiaque est souvent un effort collectif. Voici quelques suggestions pour que les soignants s'occupant d'insuffisance cardiaque aident les membres de la famille \u00e0 apporter des changements imm\u00e9diats et \u00e0 r\u00e9duire leur propre risque d'insuffisance cardiaque \u00e0 l'avenir.\",\"breadcrumb\":{\"@id\":\"https:\/\/www.heartfailurematters.org\/fr\/pour-les-soignants\/autres-suggestions\/#breadcrumb\"},\"inLanguage\":\"fr-FR\",\"potentialAction\":[{\"@type\":\"ReadAction\",\"target\":[\"https:\/\/www.heartfailurematters.org\/fr\/pour-les-soignants\/autres-suggestions\/\"]}]},{\"@type\":\"ImageObject\",\"inLanguage\":\"fr-FR\",\"@id\":\"https:\/\/www.heartfailurematters.org\/fr\/pour-les-soignants\/autres-suggestions\/#primaryimage\",\"url\":\"https:\/\/www.heartfailurematters.org\/wp-content\/uploads\/2022\/03\/shutterstock_326634329-1-min.jpg\",\"contentUrl\":\"https:\/\/www.heartfailurematters.org\/wp-content\/uploads\/2022\/03\/shutterstock_326634329-1-min.jpg\",\"width\":900,\"height\":600},{\"@type\":\"BreadcrumbList\",\"@id\":\"https:\/\/www.heartfailurematters.org\/fr\/pour-les-soignants\/autres-suggestions\/#breadcrumb\",\"itemListElement\":[{\"@type\":\"ListItem\",\"position\":1,\"name\":\"Accueil\",\"item\":\"https:\/\/www.heartfailurematters.org\/fr\/\"},{\"@type\":\"ListItem\",\"position\":2,\"name\":\"Pour les soignants\",\"item\":\"https:\/\/www.heartfailurematters.org\/fr\/pour-les-soignants\/\"},{\"@type\":\"ListItem\",\"position\":3,\"name\":\"Autres suggestions\"}]},{\"@type\":\"WebSite\",\"@id\":\"https:\/\/www.heartfailurematters.org\/fr\/#website\",\"url\":\"https:\/\/www.heartfailurematters.org\/fr\/\",\"name\":\"Heart Failure Matters\",\"description\":\"Practical information for patients, families and caregivers.\",\"publisher\":{\"@id\":\"https:\/\/www.heartfailurematters.org\/fr\/#organization\"},\"potentialAction\":[{\"@type\":\"SearchAction\",\"target\":{\"@type\":\"EntryPoint\",\"urlTemplate\":\"https:\/\/www.heartfailurematters.org\/fr\/?s={search_term_string}\"},\"query-input\":{\"@type\":\"PropertyValueSpecification\",\"valueRequired\":true,\"valueName\":\"search_term_string\"}}],\"inLanguage\":\"fr-FR\"},{\"@type\":\"Organization\",\"@id\":\"https:\/\/www.heartfailurematters.org\/fr\/#organization\",\"name\":\"Heart Failure Matters\",\"url\":\"https:\/\/www.heartfailurematters.org\/fr\/\",\"logo\":{\"@type\":\"ImageObject\",\"inLanguage\":\"fr-FR\",\"@id\":\"https:\/\/www.heartfailurematters.org\/fr\/#\/schema\/logo\/image\/\",\"url\":\"https:\/\/cdn-endpoint-hfm.azureedge.net\/heartfailurematters\/2024\/07\/hfm-logo1.jpg\",\"contentUrl\":\"https:\/\/cdn-endpoint-hfm.azureedge.net\/heartfailurematters\/2024\/07\/hfm-logo1.jpg\",\"width\":1280,\"height\":720,\"caption\":\"Heart Failure Matters\"},\"image\":{\"@id\":\"https:\/\/www.heartfailurematters.org\/fr\/#\/schema\/logo\/image\/\"},\"sameAs\":[\"https:\/\/www.facebook.com\/heartfailurematters\"]}]}<\/script>\n<!-- \/ Yoast SEO plugin. -->","yoast_head_json":{"title":"Autres suggestions - Heart Failure Matters","description":"G\u00e9rer efficacement l'insuffisance cardiaque est souvent un effort collectif. Voici quelques suggestions pour que les soignants s'occupant d'insuffisance cardiaque aident les membres de la famille \u00e0 apporter des changements imm\u00e9diats et \u00e0 r\u00e9duire leur propre risque d'insuffisance cardiaque \u00e0 l'avenir.","robots":{"index":"index","follow":"follow","max-snippet":"max-snippet:-1","max-image-preview":"max-image-preview:large","max-video-preview":"max-video-preview:-1"},"canonical":"https:\/\/www.heartfailurematters.org\/fr\/pour-les-soignants\/autres-suggestions\/","og_locale":"fr_FR","og_type":"article","og_title":"Autres suggestions - Heart Failure Matters","og_description":"G\u00e9rer efficacement l'insuffisance cardiaque est souvent un effort collectif. Voici quelques suggestions pour que les soignants s'occupant d'insuffisance cardiaque aident les membres de la famille \u00e0 apporter des changements imm\u00e9diats et \u00e0 r\u00e9duire leur propre risque d'insuffisance cardiaque \u00e0 l'avenir.","og_url":"https:\/\/www.heartfailurematters.org\/fr\/pour-les-soignants\/autres-suggestions\/","og_site_name":"Heart Failure Matters","article_publisher":"https:\/\/www.facebook.com\/heartfailurematters","og_image":[{"width":900,"height":600,"url":"https:\/\/www.heartfailurematters.org\/wp-content\/uploads\/2022\/03\/shutterstock_326634329-1-min.jpg","type":"image\/jpeg"}],"twitter_card":"summary_large_image","twitter_misc":{"Dur\u00e9e de lecture estim\u00e9e":"1 minute"},"schema":{"@context":"https:\/\/schema.org","@graph":[{"@type":"WebPage","@id":"https:\/\/www.heartfailurematters.org\/fr\/pour-les-soignants\/autres-suggestions\/","url":"https:\/\/www.heartfailurematters.org\/fr\/pour-les-soignants\/autres-suggestions\/","name":"Autres suggestions - Heart Failure Matters","isPartOf":{"@id":"https:\/\/www.heartfailurematters.org\/fr\/#website"},"primaryImageOfPage":{"@id":"https:\/\/www.heartfailurematters.org\/fr\/pour-les-soignants\/autres-suggestions\/#primaryimage"},"image":{"@id":"https:\/\/www.heartfailurematters.org\/fr\/pour-les-soignants\/autres-suggestions\/#primaryimage"},"thumbnailUrl":"https:\/\/www.heartfailurematters.org\/wp-content\/uploads\/2022\/03\/shutterstock_326634329-1-min.jpg","datePublished":"2021-01-27T21:35:42+00:00","description":"G\u00e9rer efficacement l'insuffisance cardiaque est souvent un effort collectif. Voici quelques suggestions pour que les soignants s'occupant d'insuffisance cardiaque aident les membres de la famille \u00e0 apporter des changements imm\u00e9diats et \u00e0 r\u00e9duire leur propre risque d'insuffisance cardiaque \u00e0 l'avenir.","breadcrumb":{"@id":"https:\/\/www.heartfailurematters.org\/fr\/pour-les-soignants\/autres-suggestions\/#breadcrumb"},"inLanguage":"fr-FR","potentialAction":[{"@type":"ReadAction","target":["https:\/\/www.heartfailurematters.org\/fr\/pour-les-soignants\/autres-suggestions\/"]}]},{"@type":"ImageObject","inLanguage":"fr-FR","@id":"https:\/\/www.heartfailurematters.org\/fr\/pour-les-soignants\/autres-suggestions\/#primaryimage","url":"https:\/\/www.heartfailurematters.org\/wp-content\/uploads\/2022\/03\/shutterstock_326634329-1-min.jpg","contentUrl":"https:\/\/www.heartfailurematters.org\/wp-content\/uploads\/2022\/03\/shutterstock_326634329-1-min.jpg","width":900,"height":600},{"@type":"BreadcrumbList","@id":"https:\/\/www.heartfailurematters.org\/fr\/pour-les-soignants\/autres-suggestions\/#breadcrumb","itemListElement":[{"@type":"ListItem","position":1,"name":"Accueil","item":"https:\/\/www.heartfailurematters.org\/fr\/"},{"@type":"ListItem","position":2,"name":"Pour les soignants","item":"https:\/\/www.heartfailurematters.org\/fr\/pour-les-soignants\/"},{"@type":"ListItem","position":3,"name":"Autres suggestions"}]},{"@type":"WebSite","@id":"https:\/\/www.heartfailurematters.org\/fr\/#website","url":"https:\/\/www.heartfailurematters.org\/fr\/","name":"Heart Failure Matters","description":"Practical information for patients, families and caregivers.","publisher":{"@id":"https:\/\/www.heartfailurematters.org\/fr\/#organization"},"potentialAction":[{"@type":"SearchAction","target":{"@type":"EntryPoint","urlTemplate":"https:\/\/www.heartfailurematters.org\/fr\/?s={search_term_string}"},"query-input":{"@type":"PropertyValueSpecification","valueRequired":true,"valueName":"search_term_string"}}],"inLanguage":"fr-FR"},{"@type":"Organization","@id":"https:\/\/www.heartfailurematters.org\/fr\/#organization","name":"Heart Failure Matters","url":"https:\/\/www.heartfailurematters.org\/fr\/","logo":{"@type":"ImageObject","inLanguage":"fr-FR","@id":"https:\/\/www.heartfailurematters.org\/fr\/#\/schema\/logo\/image\/","url":"https:\/\/cdn-endpoint-hfm.azureedge.net\/heartfailurematters\/2024\/07\/hfm-logo1.jpg","contentUrl":"https:\/\/cdn-endpoint-hfm.azureedge.net\/heartfailurematters\/2024\/07\/hfm-logo1.jpg","width":1280,"height":720,"caption":"Heart Failure Matters"},"image":{"@id":"https:\/\/www.heartfailurematters.org\/fr\/#\/schema\/logo\/image\/"},"sameAs":["https:\/\/www.facebook.com\/heartfailurematters"]}]}},"_links":{"self":[{"href":"https:\/\/www.heartfailurematters.org\/fr\/wp-json\/wp\/v2\/pages\/333","targetHints":{"allow":["GET"]}}],"collection":[{"href":"https:\/\/www.heartfailurematters.org\/fr\/wp-json\/wp\/v2\/pages"}],"about":[{"href":"https:\/\/www.heartfailurematters.org\/fr\/wp-json\/wp\/v2\/types\/page"}],"author":[{"embeddable":true,"href":"https:\/\/www.heartfailurematters.org\/fr\/wp-json\/wp\/v2\/users\/1"}],"replies":[{"embeddable":true,"href":"https:\/\/www.heartfailurematters.org\/fr\/wp-json\/wp\/v2\/comments?post=333"}],"version-history":[{"count":0,"href":"https:\/\/www.heartfailurematters.org\/fr\/wp-json\/wp\/v2\/pages\/333\/revisions"}],"up":[{"embeddable":true,"href":"https:\/\/www.heartfailurematters.org\/fr\/wp-json\/wp\/v2\/pages\/2841"}],"wp:featuredmedia":[{"embeddable":true,"href":"https:\/\/www.heartfailurematters.org\/fr\/wp-json\/wp\/v2\/media\/11143"}],"wp:attachment":[{"href":"https:\/\/www.heartfailurematters.org\/fr\/wp-json\/wp\/v2\/media?parent=333"}],"wp:term":[{"taxonomy":"category","embeddable":true,"href":"https:\/\/www.heartfailurematters.org\/fr\/wp-json\/wp\/v2\/categories?post=333"},{"taxonomy":"post_tag","embeddable":true,"href":"https:\/\/www.heartfailurematters.org\/fr\/wp-json\/wp\/v2\/tags?post=333"}],"curies":[{"name":"wp","href":"https:\/\/api.w.org\/{rel}","templated":true}]}}