{"id":329,"date":"2021-01-27T21:35:38","date_gmt":"2021-01-27T21:35:38","guid":{"rendered":"http:\/\/heartfailurematters.local:8888\/prendre-ses-medicaments-en-vacances\/"},"modified":"2021-06-30T14:21:00","modified_gmt":"2021-06-30T13:21:00","slug":"prendre-ses-medicaments-en-vacances","status":"publish","type":"page","link":"https:\/\/www.heartfailurematters.org\/fr\/vivre-avec-une-insuffisance-cardiaque\/prendre-ses-medicaments-en-vacances\/","title":{"rendered":"Prendre ses m\u00e9dicaments en vacances"},"content":{"rendered":"<p>Il est tr\u00e8s important que vous pensiez \u00e0 emporter tous vos m\u00e9dicaments avec vous en vacances et que vous en preniez assez pour la dur\u00e9e de votre s\u00e9jour, plus deux jours en cas de retard ou d\u2019annulation de vol. Il est judicieux d&#8217;emporter une <a title=\"\" href=\"\/wp-content\/uploads\/2021\/02\/Tableau_des_medicaments.pdf\" target=\"_blank\" rel=\"noopener\">liste \u00e0 jour de tous vos m\u00e9dicaments<\/a> pour le cas o\u00f9 vous les perdriez. Conservez la liste s\u00e9par\u00e9ment de vos m\u00e9dicaments et assurez-vous qu&rsquo;elle mentionne \u00e0 la fois le <a class=\"addtooltip\" title=\"Nom scientifique de l\u2019ingr\u00e9dient actif du m\u00e9dicament.\" href=\"https:\/\/www.heartfailurematters.org\/fr\/vivre-avec-une-insuffisance-cardiaque\/prendre-ses-medicaments-en-vacances\/\"><strong title=\"\">nom g\u00e9n\u00e9rique\u00a0<\/strong><\/a>(scientifique)\u00a0et le\u00a0<a class=\"addtooltip\" title=\"Nom donn\u00e9 \u00e0 un m\u00e9dicament par la compagnie pharmaceutique qui le fabrique. Les m\u00e9decins peuvent prescrire soit le nom commercial soit le nom g\u00e9n\u00e9rique (scientifique).\" href=\"https:\/\/www.heartfailurematters.org\/fr\/vivre-avec-une-insuffisance-cardiaque\/prendre-ses-medicaments-en-vacances\/\"><strong title=\"\">nom commercial<\/strong><\/a> de chaque m\u00e9dicament, car ce dernier peut varier selon les pays.<\/p>\n<p>Mettez vos m\u00e9dicaments dans vos bagages \u00e0 main, au cas o\u00f9 vos bagages en soute seraient perdus ou retard\u00e9s. Si vous avez peur que cela pose probl\u00e8me, v\u00e9rifiez aupr\u00e8s de la compagnie a\u00e9rienne avant de partir pour conna\u00eetre sa politique<strong>.<\/strong> Pendant les vacances, vous pourriez bien \u00eatre d\u00e9cal\u00e9 par rapport \u00e0 vos habitudes quotidiennes\u00a0; il est donc possible que vous oubliiez une dose de votre m\u00e9dicament. Sans vous en inqui\u00e9ter outre mesure, essayez de revenir \u00e0 votre sch\u00e9ma th\u00e9rapeutique habituel d\u00e8s que possible. Ne prenez PAS une double dose d\u2019un m\u00e9dicament pour compenser une dose manqu\u00e9e car cela pourrait \u00eatre plus nuisible qu\u2019un oubli. Si vous traversez plusieurs fuseaux horaires, il est recommand\u00e9 de prendre vos m\u00e9dicaments apr\u00e8s l&rsquo;arriv\u00e9e \u00e0 l&rsquo;heure locale.<\/p>\n<p><a title=\"\" href=\"https:\/\/www.heartfailurematters.org\/fr\/vivre-avec-une-insuffisance-cardiaque\/voyages\/\">Retourner \u00e0 la rubrique \u00ab\u00a0Voyages\u00a0\u00bb<\/a><\/p>\n","protected":false},"excerpt":{"rendered":"<p>Il est tr\u00e8s important que vous pensiez \u00e0 emporter tous vos m\u00e9dicaments avec vous en vacances et que vous en preniez assez pour la dur\u00e9e de votre s\u00e9jour, plus deux jours en cas de retard ou d\u2019annulation de vol. Il est judicieux d&#8217;emporter une liste \u00e0 jour de tous vos m\u00e9dicaments pour le cas o\u00f9 [&hellip;]<\/p>\n","protected":false},"author":1,"featured_media":10868,"parent":2812,"menu_order":0,"comment_status":"open","ping_status":"open","template":"","meta":{"_acf_changed":false,"footnotes":""},"categories":[],"tags":[],"class_list":["post-329","page","type-page","status-publish","has-post-thumbnail","hentry"],"acf":[],"yoast_head":"<!-- This site is optimized with the Yoast SEO plugin v24.8.1 - https:\/\/yoast.com\/wordpress\/plugins\/seo\/ -->\n<title>Prendre ses m\u00e9dicaments en vacances - Heart Failure Matters<\/title>\n<meta name=\"description\" content=\"Il est tr\u00e8s important de ne pas oublier de prendre tous vos m\u00e9dicaments avec vous quand vous partez en vacances et d&#039;en emporter suffisamment pour la dur\u00e9e de votre s\u00e9jour (et pour 2 jours suppl\u00e9mentaires en cas de retards\/annulations de vols).\" \/>\n<meta name=\"robots\" content=\"index, follow, max-snippet:-1, max-image-preview:large, max-video-preview:-1\" \/>\n<link rel=\"canonical\" href=\"https:\/\/www.heartfailurematters.org\/fr\/vivre-avec-une-insuffisance-cardiaque\/prendre-ses-medicaments-en-vacances\/\" \/>\n<meta property=\"og:locale\" content=\"fr_FR\" \/>\n<meta property=\"og:type\" content=\"article\" \/>\n<meta property=\"og:title\" content=\"Prendre ses m\u00e9dicaments en vacances - Heart Failure Matters\" \/>\n<meta property=\"og:description\" content=\"Il est tr\u00e8s important de ne pas oublier de prendre tous vos m\u00e9dicaments avec vous quand vous partez en vacances et d&#039;en emporter suffisamment pour la dur\u00e9e de votre s\u00e9jour (et pour 2 jours suppl\u00e9mentaires en cas de retards\/annulations de vols).\" \/>\n<meta property=\"og:url\" content=\"https:\/\/www.heartfailurematters.org\/fr\/vivre-avec-une-insuffisance-cardiaque\/prendre-ses-medicaments-en-vacances\/\" \/>\n<meta property=\"og:site_name\" content=\"Heart Failure Matters\" \/>\n<meta property=\"article:publisher\" content=\"https:\/\/www.facebook.com\/heartfailurematters\" \/>\n<meta property=\"article:modified_time\" content=\"2021-06-30T13:21:00+00:00\" \/>\n<meta property=\"og:image\" content=\"https:\/\/www.heartfailurematters.org\/wp-content\/uploads\/2022\/03\/shutterstock_441673426-1-min.jpg\" \/>\n\t<meta property=\"og:image:width\" content=\"900\" \/>\n\t<meta property=\"og:image:height\" content=\"596\" \/>\n\t<meta property=\"og:image:type\" content=\"image\/jpeg\" \/>\n<meta name=\"twitter:card\" content=\"summary_large_image\" \/>\n<meta name=\"twitter:label1\" content=\"Dur\u00e9e de lecture estim\u00e9e\" \/>\n\t<meta name=\"twitter:data1\" content=\"1 minute\" \/>\n<script type=\"application\/ld+json\" class=\"yoast-schema-graph\">{\"@context\":\"https:\/\/schema.org\",\"@graph\":[{\"@type\":\"WebPage\",\"@id\":\"https:\/\/www.heartfailurematters.org\/fr\/vivre-avec-une-insuffisance-cardiaque\/prendre-ses-medicaments-en-vacances\/\",\"url\":\"https:\/\/www.heartfailurematters.org\/fr\/vivre-avec-une-insuffisance-cardiaque\/prendre-ses-medicaments-en-vacances\/\",\"name\":\"Prendre ses m\u00e9dicaments en vacances - Heart Failure Matters\",\"isPartOf\":{\"@id\":\"https:\/\/www.heartfailurematters.org\/fr\/#website\"},\"primaryImageOfPage\":{\"@id\":\"https:\/\/www.heartfailurematters.org\/fr\/vivre-avec-une-insuffisance-cardiaque\/prendre-ses-medicaments-en-vacances\/#primaryimage\"},\"image\":{\"@id\":\"https:\/\/www.heartfailurematters.org\/fr\/vivre-avec-une-insuffisance-cardiaque\/prendre-ses-medicaments-en-vacances\/#primaryimage\"},\"thumbnailUrl\":\"https:\/\/www.heartfailurematters.org\/wp-content\/uploads\/2022\/03\/shutterstock_441673426-1-min.jpg\",\"datePublished\":\"2021-01-27T21:35:38+00:00\",\"dateModified\":\"2021-06-30T13:21:00+00:00\",\"description\":\"Il est tr\u00e8s important de ne pas oublier de prendre tous vos m\u00e9dicaments avec vous quand vous partez en vacances et d'en emporter suffisamment pour la dur\u00e9e de votre s\u00e9jour (et pour 2 jours suppl\u00e9mentaires en cas de retards\/annulations de vols).\",\"breadcrumb\":{\"@id\":\"https:\/\/www.heartfailurematters.org\/fr\/vivre-avec-une-insuffisance-cardiaque\/prendre-ses-medicaments-en-vacances\/#breadcrumb\"},\"inLanguage\":\"fr-FR\",\"potentialAction\":[{\"@type\":\"ReadAction\",\"target\":[\"https:\/\/www.heartfailurematters.org\/fr\/vivre-avec-une-insuffisance-cardiaque\/prendre-ses-medicaments-en-vacances\/\"]}]},{\"@type\":\"ImageObject\",\"inLanguage\":\"fr-FR\",\"@id\":\"https:\/\/www.heartfailurematters.org\/fr\/vivre-avec-une-insuffisance-cardiaque\/prendre-ses-medicaments-en-vacances\/#primaryimage\",\"url\":\"https:\/\/www.heartfailurematters.org\/wp-content\/uploads\/2022\/03\/shutterstock_441673426-1-min.jpg\",\"contentUrl\":\"https:\/\/www.heartfailurematters.org\/wp-content\/uploads\/2022\/03\/shutterstock_441673426-1-min.jpg\",\"width\":900,\"height\":596},{\"@type\":\"BreadcrumbList\",\"@id\":\"https:\/\/www.heartfailurematters.org\/fr\/vivre-avec-une-insuffisance-cardiaque\/prendre-ses-medicaments-en-vacances\/#breadcrumb\",\"itemListElement\":[{\"@type\":\"ListItem\",\"position\":1,\"name\":\"Accueil\",\"item\":\"https:\/\/www.heartfailurematters.org\/fr\/\"},{\"@type\":\"ListItem\",\"position\":2,\"name\":\"Vivre avec l&#8217;insuffisance cardiaque\",\"item\":\"https:\/\/www.heartfailurematters.org\/fr\/vivre-avec-une-insuffisance-cardiaque\/\"},{\"@type\":\"ListItem\",\"position\":3,\"name\":\"Prendre ses m\u00e9dicaments en vacances\"}]},{\"@type\":\"WebSite\",\"@id\":\"https:\/\/www.heartfailurematters.org\/fr\/#website\",\"url\":\"https:\/\/www.heartfailurematters.org\/fr\/\",\"name\":\"Heart Failure Matters\",\"description\":\"Practical information for patients, families and caregivers.\",\"publisher\":{\"@id\":\"https:\/\/www.heartfailurematters.org\/fr\/#organization\"},\"potentialAction\":[{\"@type\":\"SearchAction\",\"target\":{\"@type\":\"EntryPoint\",\"urlTemplate\":\"https:\/\/www.heartfailurematters.org\/fr\/?s={search_term_string}\"},\"query-input\":{\"@type\":\"PropertyValueSpecification\",\"valueRequired\":true,\"valueName\":\"search_term_string\"}}],\"inLanguage\":\"fr-FR\"},{\"@type\":\"Organization\",\"@id\":\"https:\/\/www.heartfailurematters.org\/fr\/#organization\",\"name\":\"Heart Failure Matters\",\"url\":\"https:\/\/www.heartfailurematters.org\/fr\/\",\"logo\":{\"@type\":\"ImageObject\",\"inLanguage\":\"fr-FR\",\"@id\":\"https:\/\/www.heartfailurematters.org\/fr\/#\/schema\/logo\/image\/\",\"url\":\"https:\/\/cdn-endpoint-hfm.azureedge.net\/heartfailurematters\/2024\/07\/hfm-logo1.jpg\",\"contentUrl\":\"https:\/\/cdn-endpoint-hfm.azureedge.net\/heartfailurematters\/2024\/07\/hfm-logo1.jpg\",\"width\":1280,\"height\":720,\"caption\":\"Heart Failure Matters\"},\"image\":{\"@id\":\"https:\/\/www.heartfailurematters.org\/fr\/#\/schema\/logo\/image\/\"},\"sameAs\":[\"https:\/\/www.facebook.com\/heartfailurematters\"]}]}<\/script>\n<!-- \/ Yoast SEO plugin. -->","yoast_head_json":{"title":"Prendre ses m\u00e9dicaments en vacances - Heart Failure Matters","description":"Il est tr\u00e8s important de ne pas oublier de prendre tous vos m\u00e9dicaments avec vous quand vous partez en vacances et d'en emporter suffisamment pour la dur\u00e9e de votre s\u00e9jour (et pour 2 jours suppl\u00e9mentaires en cas de retards\/annulations de vols).","robots":{"index":"index","follow":"follow","max-snippet":"max-snippet:-1","max-image-preview":"max-image-preview:large","max-video-preview":"max-video-preview:-1"},"canonical":"https:\/\/www.heartfailurematters.org\/fr\/vivre-avec-une-insuffisance-cardiaque\/prendre-ses-medicaments-en-vacances\/","og_locale":"fr_FR","og_type":"article","og_title":"Prendre ses m\u00e9dicaments en vacances - Heart Failure Matters","og_description":"Il est tr\u00e8s important de ne pas oublier de prendre tous vos m\u00e9dicaments avec vous quand vous partez en vacances et d'en emporter suffisamment pour la dur\u00e9e de votre s\u00e9jour (et pour 2 jours suppl\u00e9mentaires en cas de retards\/annulations de vols).","og_url":"https:\/\/www.heartfailurematters.org\/fr\/vivre-avec-une-insuffisance-cardiaque\/prendre-ses-medicaments-en-vacances\/","og_site_name":"Heart Failure Matters","article_publisher":"https:\/\/www.facebook.com\/heartfailurematters","article_modified_time":"2021-06-30T13:21:00+00:00","og_image":[{"width":900,"height":596,"url":"https:\/\/www.heartfailurematters.org\/wp-content\/uploads\/2022\/03\/shutterstock_441673426-1-min.jpg","type":"image\/jpeg"}],"twitter_card":"summary_large_image","twitter_misc":{"Dur\u00e9e de lecture estim\u00e9e":"1 minute"},"schema":{"@context":"https:\/\/schema.org","@graph":[{"@type":"WebPage","@id":"https:\/\/www.heartfailurematters.org\/fr\/vivre-avec-une-insuffisance-cardiaque\/prendre-ses-medicaments-en-vacances\/","url":"https:\/\/www.heartfailurematters.org\/fr\/vivre-avec-une-insuffisance-cardiaque\/prendre-ses-medicaments-en-vacances\/","name":"Prendre ses m\u00e9dicaments en vacances - Heart Failure Matters","isPartOf":{"@id":"https:\/\/www.heartfailurematters.org\/fr\/#website"},"primaryImageOfPage":{"@id":"https:\/\/www.heartfailurematters.org\/fr\/vivre-avec-une-insuffisance-cardiaque\/prendre-ses-medicaments-en-vacances\/#primaryimage"},"image":{"@id":"https:\/\/www.heartfailurematters.org\/fr\/vivre-avec-une-insuffisance-cardiaque\/prendre-ses-medicaments-en-vacances\/#primaryimage"},"thumbnailUrl":"https:\/\/www.heartfailurematters.org\/wp-content\/uploads\/2022\/03\/shutterstock_441673426-1-min.jpg","datePublished":"2021-01-27T21:35:38+00:00","dateModified":"2021-06-30T13:21:00+00:00","description":"Il est tr\u00e8s important de ne pas oublier de prendre tous vos m\u00e9dicaments avec vous quand vous partez en vacances et d'en emporter suffisamment pour la dur\u00e9e de votre s\u00e9jour (et pour 2 jours suppl\u00e9mentaires en cas de retards\/annulations de vols).","breadcrumb":{"@id":"https:\/\/www.heartfailurematters.org\/fr\/vivre-avec-une-insuffisance-cardiaque\/prendre-ses-medicaments-en-vacances\/#breadcrumb"},"inLanguage":"fr-FR","potentialAction":[{"@type":"ReadAction","target":["https:\/\/www.heartfailurematters.org\/fr\/vivre-avec-une-insuffisance-cardiaque\/prendre-ses-medicaments-en-vacances\/"]}]},{"@type":"ImageObject","inLanguage":"fr-FR","@id":"https:\/\/www.heartfailurematters.org\/fr\/vivre-avec-une-insuffisance-cardiaque\/prendre-ses-medicaments-en-vacances\/#primaryimage","url":"https:\/\/www.heartfailurematters.org\/wp-content\/uploads\/2022\/03\/shutterstock_441673426-1-min.jpg","contentUrl":"https:\/\/www.heartfailurematters.org\/wp-content\/uploads\/2022\/03\/shutterstock_441673426-1-min.jpg","width":900,"height":596},{"@type":"BreadcrumbList","@id":"https:\/\/www.heartfailurematters.org\/fr\/vivre-avec-une-insuffisance-cardiaque\/prendre-ses-medicaments-en-vacances\/#breadcrumb","itemListElement":[{"@type":"ListItem","position":1,"name":"Accueil","item":"https:\/\/www.heartfailurematters.org\/fr\/"},{"@type":"ListItem","position":2,"name":"Vivre avec l&#8217;insuffisance cardiaque","item":"https:\/\/www.heartfailurematters.org\/fr\/vivre-avec-une-insuffisance-cardiaque\/"},{"@type":"ListItem","position":3,"name":"Prendre ses m\u00e9dicaments en vacances"}]},{"@type":"WebSite","@id":"https:\/\/www.heartfailurematters.org\/fr\/#website","url":"https:\/\/www.heartfailurematters.org\/fr\/","name":"Heart Failure Matters","description":"Practical information for patients, families and caregivers.","publisher":{"@id":"https:\/\/www.heartfailurematters.org\/fr\/#organization"},"potentialAction":[{"@type":"SearchAction","target":{"@type":"EntryPoint","urlTemplate":"https:\/\/www.heartfailurematters.org\/fr\/?s={search_term_string}"},"query-input":{"@type":"PropertyValueSpecification","valueRequired":true,"valueName":"search_term_string"}}],"inLanguage":"fr-FR"},{"@type":"Organization","@id":"https:\/\/www.heartfailurematters.org\/fr\/#organization","name":"Heart Failure Matters","url":"https:\/\/www.heartfailurematters.org\/fr\/","logo":{"@type":"ImageObject","inLanguage":"fr-FR","@id":"https:\/\/www.heartfailurematters.org\/fr\/#\/schema\/logo\/image\/","url":"https:\/\/cdn-endpoint-hfm.azureedge.net\/heartfailurematters\/2024\/07\/hfm-logo1.jpg","contentUrl":"https:\/\/cdn-endpoint-hfm.azureedge.net\/heartfailurematters\/2024\/07\/hfm-logo1.jpg","width":1280,"height":720,"caption":"Heart Failure Matters"},"image":{"@id":"https:\/\/www.heartfailurematters.org\/fr\/#\/schema\/logo\/image\/"},"sameAs":["https:\/\/www.facebook.com\/heartfailurematters"]}]}},"_links":{"self":[{"href":"https:\/\/www.heartfailurematters.org\/fr\/wp-json\/wp\/v2\/pages\/329","targetHints":{"allow":["GET"]}}],"collection":[{"href":"https:\/\/www.heartfailurematters.org\/fr\/wp-json\/wp\/v2\/pages"}],"about":[{"href":"https:\/\/www.heartfailurematters.org\/fr\/wp-json\/wp\/v2\/types\/page"}],"author":[{"embeddable":true,"href":"https:\/\/www.heartfailurematters.org\/fr\/wp-json\/wp\/v2\/users\/1"}],"replies":[{"embeddable":true,"href":"https:\/\/www.heartfailurematters.org\/fr\/wp-json\/wp\/v2\/comments?post=329"}],"version-history":[{"count":1,"href":"https:\/\/www.heartfailurematters.org\/fr\/wp-json\/wp\/v2\/pages\/329\/revisions"}],"predecessor-version":[{"id":9288,"href":"https:\/\/www.heartfailurematters.org\/fr\/wp-json\/wp\/v2\/pages\/329\/revisions\/9288"}],"up":[{"embeddable":true,"href":"https:\/\/www.heartfailurematters.org\/fr\/wp-json\/wp\/v2\/pages\/2812"}],"wp:featuredmedia":[{"embeddable":true,"href":"https:\/\/www.heartfailurematters.org\/fr\/wp-json\/wp\/v2\/media\/10868"}],"wp:attachment":[{"href":"https:\/\/www.heartfailurematters.org\/fr\/wp-json\/wp\/v2\/media?parent=329"}],"wp:term":[{"taxonomy":"category","embeddable":true,"href":"https:\/\/www.heartfailurematters.org\/fr\/wp-json\/wp\/v2\/categories?post=329"},{"taxonomy":"post_tag","embeddable":true,"href":"https:\/\/www.heartfailurematters.org\/fr\/wp-json\/wp\/v2\/tags?post=329"}],"curies":[{"name":"wp","href":"https:\/\/api.w.org\/{rel}","templated":true}]}}