{"id":323,"date":"2021-01-27T21:35:38","date_gmt":"2021-01-27T21:35:38","guid":{"rendered":"http:\/\/heartfailurematters.local:8888\/antagonistes-des-recepteurs-de-ladolsterone-ou-antagonistes-du-recepteur-mineralocorticoide-arm\/"},"modified":"2021-01-27T21:35:38","modified_gmt":"2021-01-27T21:35:38","slug":"antagonistes-des-recepteurs-de-ladolsterone-ou-antagonistes-du-recepteur-mineralocorticoide-arm","status":"publish","type":"page","link":"https:\/\/www.heartfailurematters.org\/fr\/ce-que-votre-medecin-ou-votre-infirmier-ere-peut-faire\/antagonistes-des-recepteurs-de-ladolsterone-ou-antagonistes-du-recepteur-mineralocorticoide-arm\/","title":{"rendered":"Antagonistes des r\u00e9cepteurs de l\u2019adolst\u00e9rone ou antagonistes du r\u00e9cepteur min\u00e9ralocortico\u00efde (ARM)"},"content":{"rendered":"<h2>Leur action<\/h2>\n<p><a title=\"Classe de m\u00e9dicaments utilis\u00e9s pour diminuer la tension art\u00e9rielle, r\u00e9duire la congestion et prot\u00e9ger votre c\u0153ur.\" class=\"addtooltip\"><strong>Les antagonistes des r\u00e9cepteurs de l\u2019aldost\u00e9rone<\/strong><\/a>, \u00e9galement appel\u00e9s ARM, bloquent les effets d&rsquo;une <a title=\"Substances lib\u00e9r\u00e9es dans le sang par diverses glandes du corps qui contr\u00f4lent des fonctions essentielles.\" class=\"addtooltip\"><strong>hormone<\/strong><\/a> naturellement produite par vos <a title=\"Glandes situ\u00e9es au-dessus de vos reins et qui s\u00e9cr\u00e8tent des hormones contr\u00f4lant la fr\u00e9quence cardiaque, la tension art\u00e9rielle, le fonctionnement des reins, l\u2019utilisation des substances nutritives et ayant d'autres fonctions essentielles.\" class=\"addtooltip\"><strong>reins.<\/strong><\/a>&nbsp;Ils contribuent \u00e0 diminuer la pression art\u00e9rielle, \u00e0 r\u00e9duire la <a title=\"Exc\u00e8s de liquide dans une partie du corps.\" class=\"addtooltip\"><strong>congestion<\/strong><\/a> et ainsi \u00e0 prot\u00e9ger le c\u0153ur.<\/p>\n<p>Les antagonistes des r\u00e9cepteurs de l\u2019aldost\u00e9rone se sont av\u00e9r\u00e9s efficaces en cas d\u2019insuffisance cardiaque avanc\u00e9e et sont souvent administr\u00e9s en association avec d\u2019autres m\u00e9dicaments contre l\u2019insuffisance cardiaque.<\/p>\n<h2>Quels sont les b\u00e9n\u00e9fices escompt\u00e9s&nbsp;?<\/h2>\n<p>Les antagonistes des r\u00e9cepteurs de l\u2019aldost\u00e9rone ou ARM ont prouv\u00e9 leur capacit\u00e9 \u00e0 r\u00e9duire le nombre d\u2019hospitalisations pour insuffisance cardiaque, \u00e0 prolonger l\u2019esp\u00e9rance de vie, \u00e0 renforcer la tol\u00e9rance \u00e0 l\u2019exercice physique et \u00e0 am\u00e9liorer la qualit\u00e9 de vie.<\/p>\n<h2>Effets secondaires<\/h2>\n<p>Ce m\u00e9dicament peut parfois alt\u00e9rer la fonction r\u00e9nale et augmenter le taux de&nbsp;<a title=\"Min\u00e9ral essentiel n\u00e9cessaire au fonctionnement normal des cellules. Les diur\u00e9tiques peuvent entra\u00eener une perte de potassium.\" class=\"addtooltip\"><strong>potassium<\/strong><\/a>.&nbsp;Ceci est particuli\u00e8rement important pour les patients qui utilisent \u00e9galement des <a title=\"Classe de m\u00e9dicaments qui inhibe la production d'angiotensine II et diminue votre tension art\u00e9rielle.\" class=\"addtooltip\"><strong>inhibiteurs de l\u2019enzyme de conversion de l&rsquo;angiotensine (ECA)<\/strong><\/a>&nbsp;ou des&nbsp;<a title=\"Classe de m\u00e9dicaments qui bloque les effets de l'angiotensine II et diminue votre tension art\u00e9rielle.\" class=\"addtooltip\"><strong>ARA<\/strong><\/a>&nbsp;ou <strong>ARNI<\/strong>. Votre m\u00e9decin surveillera votre fonction r\u00e9nale et votre taux de potassium par des analyses de sang r\u00e9guli\u00e8res.<\/p>\n<p>Dans de rares cas, les antagonistes des r\u00e9cepteurs de l&rsquo;aldost\u00e9rone peuvent entra\u00eener une augmentation du volume mammaire ou une sensibilit\u00e9 de la poitrine, particuli\u00e8rement chez les hommes. Les m\u00e9dicaments les plus r\u00e9cents n\u2019ont pas cet effet.<\/p>\n<h2>\u00c9galement connus sous les noms suivants&nbsp;:<\/h2>\n<ul>\n<li><strong>Spironolactone<br \/> <\/strong>(Aldactone\u00ae)<\/li>\n<li><strong>Eplerenone<br \/> <\/strong>(Inspra\u00ae)<\/li>\n<li><strong>Combination products<br \/> <\/strong>(Aldactide\u00ae, Lasilactone\u00ae)<\/li>\n<\/ul>\n<p><a href=\"https:\/\/www.heartfailurematters.org\/fr\/ce-que-votre-medecin-ou-votre-infirmier-ere-peut-faire\/medicaments-contre-linsuffisance-cardiaque\/\">Retourner \u00e0 la rubrique \u00ab&nbsp;Les m\u00e9dicaments contre l\u2019insuffisance cardiaque&nbsp;\u00bb<\/a><\/p>\n<p>&nbsp;<\/p>\n<h2>&nbsp;<\/h2>\n","protected":false},"excerpt":{"rendered":"<p>Leur action Les antagonistes des r\u00e9cepteurs de l\u2019aldost\u00e9rone, \u00e9galement appel\u00e9s ARM, bloquent les effets d&rsquo;une hormone naturellement produite par vos reins.&nbsp;Ils contribuent \u00e0 diminuer la pression art\u00e9rielle, \u00e0 r\u00e9duire la congestion et ainsi \u00e0 prot\u00e9ger le c\u0153ur. Les antagonistes des r\u00e9cepteurs de l\u2019aldost\u00e9rone se sont av\u00e9r\u00e9s efficaces en cas d\u2019insuffisance cardiaque avanc\u00e9e et sont souvent [&hellip;]<\/p>\n","protected":false},"author":1,"featured_media":10868,"parent":2679,"menu_order":0,"comment_status":"open","ping_status":"open","template":"","meta":{"_acf_changed":false,"footnotes":""},"categories":[],"tags":[],"class_list":["post-323","page","type-page","status-publish","has-post-thumbnail","hentry"],"acf":[],"yoast_head":"<!-- This site is optimized with the Yoast SEO plugin v24.8.1 - https:\/\/yoast.com\/wordpress\/plugins\/seo\/ -->\n<title>Antagonistes des r\u00e9cepteurs de l\u2019adolst\u00e9rone ou antagonistes du r\u00e9cepteur min\u00e9ralocortico\u00efde (ARM) - Heart Failure Matters<\/title>\n<meta name=\"description\" content=\"Antagonistes du r\u00e9cepteur de l&#039;aldost\u00e9rone - D\u00e9couvrez ce qu&#039;ils sont, quelle est leur fonction et leurs effets secondaires possibles chez les personnes souffrant d&#039;insuffisance cardiaque\" \/>\n<meta name=\"robots\" content=\"index, follow, max-snippet:-1, max-image-preview:large, max-video-preview:-1\" \/>\n<link rel=\"canonical\" href=\"https:\/\/www.heartfailurematters.org\/fr\/ce-que-votre-medecin-ou-votre-infirmier-ere-peut-faire\/antagonistes-des-recepteurs-de-ladolsterone-ou-antagonistes-du-recepteur-mineralocorticoide-arm\/\" \/>\n<meta property=\"og:locale\" content=\"fr_FR\" \/>\n<meta property=\"og:type\" content=\"article\" \/>\n<meta property=\"og:title\" content=\"Antagonistes des r\u00e9cepteurs de l\u2019adolst\u00e9rone ou antagonistes du r\u00e9cepteur min\u00e9ralocortico\u00efde (ARM) - Heart Failure Matters\" \/>\n<meta property=\"og:description\" content=\"Antagonistes du r\u00e9cepteur de l&#039;aldost\u00e9rone - D\u00e9couvrez ce qu&#039;ils sont, quelle est leur fonction et leurs effets secondaires possibles chez les personnes souffrant d&#039;insuffisance cardiaque\" \/>\n<meta property=\"og:url\" content=\"https:\/\/www.heartfailurematters.org\/fr\/ce-que-votre-medecin-ou-votre-infirmier-ere-peut-faire\/antagonistes-des-recepteurs-de-ladolsterone-ou-antagonistes-du-recepteur-mineralocorticoide-arm\/\" \/>\n<meta property=\"og:site_name\" content=\"Heart Failure Matters\" \/>\n<meta property=\"article:publisher\" content=\"https:\/\/www.facebook.com\/heartfailurematters\" \/>\n<meta property=\"og:image\" content=\"https:\/\/www.heartfailurematters.org\/wp-content\/uploads\/2022\/03\/shutterstock_441673426-1-min.jpg\" \/>\n\t<meta property=\"og:image:width\" content=\"900\" \/>\n\t<meta property=\"og:image:height\" content=\"596\" \/>\n\t<meta property=\"og:image:type\" content=\"image\/jpeg\" \/>\n<meta name=\"twitter:card\" content=\"summary_large_image\" \/>\n<meta name=\"twitter:label1\" content=\"Dur\u00e9e de lecture estim\u00e9e\" \/>\n\t<meta name=\"twitter:data1\" content=\"1 minute\" \/>\n<script type=\"application\/ld+json\" class=\"yoast-schema-graph\">{\"@context\":\"https:\/\/schema.org\",\"@graph\":[{\"@type\":\"WebPage\",\"@id\":\"https:\/\/www.heartfailurematters.org\/fr\/ce-que-votre-medecin-ou-votre-infirmier-ere-peut-faire\/antagonistes-des-recepteurs-de-ladolsterone-ou-antagonistes-du-recepteur-mineralocorticoide-arm\/\",\"url\":\"https:\/\/www.heartfailurematters.org\/fr\/ce-que-votre-medecin-ou-votre-infirmier-ere-peut-faire\/antagonistes-des-recepteurs-de-ladolsterone-ou-antagonistes-du-recepteur-mineralocorticoide-arm\/\",\"name\":\"Antagonistes des r\u00e9cepteurs de l\u2019adolst\u00e9rone ou antagonistes du r\u00e9cepteur min\u00e9ralocortico\u00efde (ARM) - Heart Failure Matters\",\"isPartOf\":{\"@id\":\"https:\/\/www.heartfailurematters.org\/fr\/#website\"},\"primaryImageOfPage\":{\"@id\":\"https:\/\/www.heartfailurematters.org\/fr\/ce-que-votre-medecin-ou-votre-infirmier-ere-peut-faire\/antagonistes-des-recepteurs-de-ladolsterone-ou-antagonistes-du-recepteur-mineralocorticoide-arm\/#primaryimage\"},\"image\":{\"@id\":\"https:\/\/www.heartfailurematters.org\/fr\/ce-que-votre-medecin-ou-votre-infirmier-ere-peut-faire\/antagonistes-des-recepteurs-de-ladolsterone-ou-antagonistes-du-recepteur-mineralocorticoide-arm\/#primaryimage\"},\"thumbnailUrl\":\"https:\/\/www.heartfailurematters.org\/wp-content\/uploads\/2022\/03\/shutterstock_441673426-1-min.jpg\",\"datePublished\":\"2021-01-27T21:35:38+00:00\",\"description\":\"Antagonistes du r\u00e9cepteur de l'aldost\u00e9rone - D\u00e9couvrez ce qu'ils sont, quelle est leur fonction et leurs effets secondaires possibles chez les personnes souffrant d'insuffisance cardiaque\",\"breadcrumb\":{\"@id\":\"https:\/\/www.heartfailurematters.org\/fr\/ce-que-votre-medecin-ou-votre-infirmier-ere-peut-faire\/antagonistes-des-recepteurs-de-ladolsterone-ou-antagonistes-du-recepteur-mineralocorticoide-arm\/#breadcrumb\"},\"inLanguage\":\"fr-FR\",\"potentialAction\":[{\"@type\":\"ReadAction\",\"target\":[\"https:\/\/www.heartfailurematters.org\/fr\/ce-que-votre-medecin-ou-votre-infirmier-ere-peut-faire\/antagonistes-des-recepteurs-de-ladolsterone-ou-antagonistes-du-recepteur-mineralocorticoide-arm\/\"]}]},{\"@type\":\"ImageObject\",\"inLanguage\":\"fr-FR\",\"@id\":\"https:\/\/www.heartfailurematters.org\/fr\/ce-que-votre-medecin-ou-votre-infirmier-ere-peut-faire\/antagonistes-des-recepteurs-de-ladolsterone-ou-antagonistes-du-recepteur-mineralocorticoide-arm\/#primaryimage\",\"url\":\"https:\/\/www.heartfailurematters.org\/wp-content\/uploads\/2022\/03\/shutterstock_441673426-1-min.jpg\",\"contentUrl\":\"https:\/\/www.heartfailurematters.org\/wp-content\/uploads\/2022\/03\/shutterstock_441673426-1-min.jpg\",\"width\":900,\"height\":596},{\"@type\":\"BreadcrumbList\",\"@id\":\"https:\/\/www.heartfailurematters.org\/fr\/ce-que-votre-medecin-ou-votre-infirmier-ere-peut-faire\/antagonistes-des-recepteurs-de-ladolsterone-ou-antagonistes-du-recepteur-mineralocorticoide-arm\/#breadcrumb\",\"itemListElement\":[{\"@type\":\"ListItem\",\"position\":1,\"name\":\"Accueil\",\"item\":\"https:\/\/www.heartfailurematters.org\/fr\/\"},{\"@type\":\"ListItem\",\"position\":2,\"name\":\"Ce que votre m\u00e9decin peut faire\",\"item\":\"https:\/\/www.heartfailurematters.org\/fr\/ce-que-votre-medecin-ou-votre-infirmier-ere-peut-faire\/\"},{\"@type\":\"ListItem\",\"position\":3,\"name\":\"Antagonistes des r\u00e9cepteurs de l\u2019adolst\u00e9rone ou antagonistes du r\u00e9cepteur min\u00e9ralocortico\u00efde (ARM)\"}]},{\"@type\":\"WebSite\",\"@id\":\"https:\/\/www.heartfailurematters.org\/fr\/#website\",\"url\":\"https:\/\/www.heartfailurematters.org\/fr\/\",\"name\":\"Heart Failure Matters\",\"description\":\"Practical information for patients, families and caregivers.\",\"publisher\":{\"@id\":\"https:\/\/www.heartfailurematters.org\/fr\/#organization\"},\"potentialAction\":[{\"@type\":\"SearchAction\",\"target\":{\"@type\":\"EntryPoint\",\"urlTemplate\":\"https:\/\/www.heartfailurematters.org\/fr\/?s={search_term_string}\"},\"query-input\":{\"@type\":\"PropertyValueSpecification\",\"valueRequired\":true,\"valueName\":\"search_term_string\"}}],\"inLanguage\":\"fr-FR\"},{\"@type\":\"Organization\",\"@id\":\"https:\/\/www.heartfailurematters.org\/fr\/#organization\",\"name\":\"Heart Failure Matters\",\"url\":\"https:\/\/www.heartfailurematters.org\/fr\/\",\"logo\":{\"@type\":\"ImageObject\",\"inLanguage\":\"fr-FR\",\"@id\":\"https:\/\/www.heartfailurematters.org\/fr\/#\/schema\/logo\/image\/\",\"url\":\"https:\/\/cdn-endpoint-hfm.azureedge.net\/heartfailurematters\/2024\/07\/hfm-logo1.jpg\",\"contentUrl\":\"https:\/\/cdn-endpoint-hfm.azureedge.net\/heartfailurematters\/2024\/07\/hfm-logo1.jpg\",\"width\":1280,\"height\":720,\"caption\":\"Heart Failure Matters\"},\"image\":{\"@id\":\"https:\/\/www.heartfailurematters.org\/fr\/#\/schema\/logo\/image\/\"},\"sameAs\":[\"https:\/\/www.facebook.com\/heartfailurematters\"]}]}<\/script>\n<!-- \/ Yoast SEO plugin. -->","yoast_head_json":{"title":"Antagonistes des r\u00e9cepteurs de l\u2019adolst\u00e9rone ou antagonistes du r\u00e9cepteur min\u00e9ralocortico\u00efde (ARM) - Heart Failure Matters","description":"Antagonistes du r\u00e9cepteur de l'aldost\u00e9rone - D\u00e9couvrez ce qu'ils sont, quelle est leur fonction et leurs effets secondaires possibles chez les personnes souffrant d'insuffisance cardiaque","robots":{"index":"index","follow":"follow","max-snippet":"max-snippet:-1","max-image-preview":"max-image-preview:large","max-video-preview":"max-video-preview:-1"},"canonical":"https:\/\/www.heartfailurematters.org\/fr\/ce-que-votre-medecin-ou-votre-infirmier-ere-peut-faire\/antagonistes-des-recepteurs-de-ladolsterone-ou-antagonistes-du-recepteur-mineralocorticoide-arm\/","og_locale":"fr_FR","og_type":"article","og_title":"Antagonistes des r\u00e9cepteurs de l\u2019adolst\u00e9rone ou antagonistes du r\u00e9cepteur min\u00e9ralocortico\u00efde (ARM) - Heart Failure Matters","og_description":"Antagonistes du r\u00e9cepteur de l'aldost\u00e9rone - D\u00e9couvrez ce qu'ils sont, quelle est leur fonction et leurs effets secondaires possibles chez les personnes souffrant d'insuffisance cardiaque","og_url":"https:\/\/www.heartfailurematters.org\/fr\/ce-que-votre-medecin-ou-votre-infirmier-ere-peut-faire\/antagonistes-des-recepteurs-de-ladolsterone-ou-antagonistes-du-recepteur-mineralocorticoide-arm\/","og_site_name":"Heart Failure Matters","article_publisher":"https:\/\/www.facebook.com\/heartfailurematters","og_image":[{"width":900,"height":596,"url":"https:\/\/www.heartfailurematters.org\/wp-content\/uploads\/2022\/03\/shutterstock_441673426-1-min.jpg","type":"image\/jpeg"}],"twitter_card":"summary_large_image","twitter_misc":{"Dur\u00e9e de lecture estim\u00e9e":"1 minute"},"schema":{"@context":"https:\/\/schema.org","@graph":[{"@type":"WebPage","@id":"https:\/\/www.heartfailurematters.org\/fr\/ce-que-votre-medecin-ou-votre-infirmier-ere-peut-faire\/antagonistes-des-recepteurs-de-ladolsterone-ou-antagonistes-du-recepteur-mineralocorticoide-arm\/","url":"https:\/\/www.heartfailurematters.org\/fr\/ce-que-votre-medecin-ou-votre-infirmier-ere-peut-faire\/antagonistes-des-recepteurs-de-ladolsterone-ou-antagonistes-du-recepteur-mineralocorticoide-arm\/","name":"Antagonistes des r\u00e9cepteurs de l\u2019adolst\u00e9rone ou antagonistes du r\u00e9cepteur min\u00e9ralocortico\u00efde (ARM) - Heart Failure Matters","isPartOf":{"@id":"https:\/\/www.heartfailurematters.org\/fr\/#website"},"primaryImageOfPage":{"@id":"https:\/\/www.heartfailurematters.org\/fr\/ce-que-votre-medecin-ou-votre-infirmier-ere-peut-faire\/antagonistes-des-recepteurs-de-ladolsterone-ou-antagonistes-du-recepteur-mineralocorticoide-arm\/#primaryimage"},"image":{"@id":"https:\/\/www.heartfailurematters.org\/fr\/ce-que-votre-medecin-ou-votre-infirmier-ere-peut-faire\/antagonistes-des-recepteurs-de-ladolsterone-ou-antagonistes-du-recepteur-mineralocorticoide-arm\/#primaryimage"},"thumbnailUrl":"https:\/\/www.heartfailurematters.org\/wp-content\/uploads\/2022\/03\/shutterstock_441673426-1-min.jpg","datePublished":"2021-01-27T21:35:38+00:00","description":"Antagonistes du r\u00e9cepteur de l'aldost\u00e9rone - D\u00e9couvrez ce qu'ils sont, quelle est leur fonction et leurs effets secondaires possibles chez les personnes souffrant d'insuffisance cardiaque","breadcrumb":{"@id":"https:\/\/www.heartfailurematters.org\/fr\/ce-que-votre-medecin-ou-votre-infirmier-ere-peut-faire\/antagonistes-des-recepteurs-de-ladolsterone-ou-antagonistes-du-recepteur-mineralocorticoide-arm\/#breadcrumb"},"inLanguage":"fr-FR","potentialAction":[{"@type":"ReadAction","target":["https:\/\/www.heartfailurematters.org\/fr\/ce-que-votre-medecin-ou-votre-infirmier-ere-peut-faire\/antagonistes-des-recepteurs-de-ladolsterone-ou-antagonistes-du-recepteur-mineralocorticoide-arm\/"]}]},{"@type":"ImageObject","inLanguage":"fr-FR","@id":"https:\/\/www.heartfailurematters.org\/fr\/ce-que-votre-medecin-ou-votre-infirmier-ere-peut-faire\/antagonistes-des-recepteurs-de-ladolsterone-ou-antagonistes-du-recepteur-mineralocorticoide-arm\/#primaryimage","url":"https:\/\/www.heartfailurematters.org\/wp-content\/uploads\/2022\/03\/shutterstock_441673426-1-min.jpg","contentUrl":"https:\/\/www.heartfailurematters.org\/wp-content\/uploads\/2022\/03\/shutterstock_441673426-1-min.jpg","width":900,"height":596},{"@type":"BreadcrumbList","@id":"https:\/\/www.heartfailurematters.org\/fr\/ce-que-votre-medecin-ou-votre-infirmier-ere-peut-faire\/antagonistes-des-recepteurs-de-ladolsterone-ou-antagonistes-du-recepteur-mineralocorticoide-arm\/#breadcrumb","itemListElement":[{"@type":"ListItem","position":1,"name":"Accueil","item":"https:\/\/www.heartfailurematters.org\/fr\/"},{"@type":"ListItem","position":2,"name":"Ce que votre m\u00e9decin peut faire","item":"https:\/\/www.heartfailurematters.org\/fr\/ce-que-votre-medecin-ou-votre-infirmier-ere-peut-faire\/"},{"@type":"ListItem","position":3,"name":"Antagonistes des r\u00e9cepteurs de l\u2019adolst\u00e9rone ou antagonistes du r\u00e9cepteur min\u00e9ralocortico\u00efde (ARM)"}]},{"@type":"WebSite","@id":"https:\/\/www.heartfailurematters.org\/fr\/#website","url":"https:\/\/www.heartfailurematters.org\/fr\/","name":"Heart Failure Matters","description":"Practical information for patients, families and caregivers.","publisher":{"@id":"https:\/\/www.heartfailurematters.org\/fr\/#organization"},"potentialAction":[{"@type":"SearchAction","target":{"@type":"EntryPoint","urlTemplate":"https:\/\/www.heartfailurematters.org\/fr\/?s={search_term_string}"},"query-input":{"@type":"PropertyValueSpecification","valueRequired":true,"valueName":"search_term_string"}}],"inLanguage":"fr-FR"},{"@type":"Organization","@id":"https:\/\/www.heartfailurematters.org\/fr\/#organization","name":"Heart Failure Matters","url":"https:\/\/www.heartfailurematters.org\/fr\/","logo":{"@type":"ImageObject","inLanguage":"fr-FR","@id":"https:\/\/www.heartfailurematters.org\/fr\/#\/schema\/logo\/image\/","url":"https:\/\/cdn-endpoint-hfm.azureedge.net\/heartfailurematters\/2024\/07\/hfm-logo1.jpg","contentUrl":"https:\/\/cdn-endpoint-hfm.azureedge.net\/heartfailurematters\/2024\/07\/hfm-logo1.jpg","width":1280,"height":720,"caption":"Heart Failure Matters"},"image":{"@id":"https:\/\/www.heartfailurematters.org\/fr\/#\/schema\/logo\/image\/"},"sameAs":["https:\/\/www.facebook.com\/heartfailurematters"]}]}},"_links":{"self":[{"href":"https:\/\/www.heartfailurematters.org\/fr\/wp-json\/wp\/v2\/pages\/323","targetHints":{"allow":["GET"]}}],"collection":[{"href":"https:\/\/www.heartfailurematters.org\/fr\/wp-json\/wp\/v2\/pages"}],"about":[{"href":"https:\/\/www.heartfailurematters.org\/fr\/wp-json\/wp\/v2\/types\/page"}],"author":[{"embeddable":true,"href":"https:\/\/www.heartfailurematters.org\/fr\/wp-json\/wp\/v2\/users\/1"}],"replies":[{"embeddable":true,"href":"https:\/\/www.heartfailurematters.org\/fr\/wp-json\/wp\/v2\/comments?post=323"}],"version-history":[{"count":0,"href":"https:\/\/www.heartfailurematters.org\/fr\/wp-json\/wp\/v2\/pages\/323\/revisions"}],"up":[{"embeddable":true,"href":"https:\/\/www.heartfailurematters.org\/fr\/wp-json\/wp\/v2\/pages\/2679"}],"wp:featuredmedia":[{"embeddable":true,"href":"https:\/\/www.heartfailurematters.org\/fr\/wp-json\/wp\/v2\/media\/10868"}],"wp:attachment":[{"href":"https:\/\/www.heartfailurematters.org\/fr\/wp-json\/wp\/v2\/media?parent=323"}],"wp:term":[{"taxonomy":"category","embeddable":true,"href":"https:\/\/www.heartfailurematters.org\/fr\/wp-json\/wp\/v2\/categories?post=323"},{"taxonomy":"post_tag","embeddable":true,"href":"https:\/\/www.heartfailurematters.org\/fr\/wp-json\/wp\/v2\/tags?post=323"}],"curies":[{"name":"wp","href":"https:\/\/api.w.org\/{rel}","templated":true}]}}