{"id":319,"date":"2021-01-27T21:35:38","date_gmt":"2021-01-27T21:35:38","guid":{"rendered":"http:\/\/heartfailurematters.local:8888\/les-niveaux-de-classement-de-linsuffisance-cardiaque\/"},"modified":"2022-01-14T16:50:56","modified_gmt":"2022-01-14T16:50:56","slug":"les-niveaux-de-classement-de-linsuffisance-cardiaque","status":"publish","type":"page","link":"https:\/\/www.heartfailurematters.org\/fr\/comprendre-linsuffisance-cardiaque\/les-niveaux-de-classement-de-linsuffisance-cardiaque\/","title":{"rendered":"Les niveaux de classement de l\u2019insuffisance cardiaque"},"content":{"rendered":"<p>Il est important d\u2019\u00e9valuer votre insuffisance cardiaque lors de votre rendez-vous avec votre professionnel de la sant\u00e9. Son niveau de classement d\u00e9pendra de ce que vous ressentez et d\u2019une appr\u00e9ciation de vos sympt\u00f4mes. Le m\u00e9decin ou l\u2019infirmier\/\u00e8re voudra savoir comment vous vous \u00eates senti depuis votre derni\u00e8re consultation et vous pourrez lui indiquer o\u00f9 vous vous situez entre ces deux niveaux. Vous d\u00e9couvrirez peut-\u00eatre, par exemple, que vous vous situez en Classe II de la NYHA quatre jours par semaine, et davantage en Classe III les trois autres jours de la semaine. Ces niveaux peuvent \u00e9galement vous aider \u00e0 g\u00e9rer votre \u00e9tat au quotidien et vous en ferez part \u00e0 votre m\u00e9decin ou \u00e0 votre infirmier\/\u00e8re lors de votre rendez-vous suivant. Avec votre aide, votre m\u00e9decin classera votre insuffisance cardiaque au moment du diagnostic, et de nouveau, lors des visites suivantes. Il existe deux syst\u00e8mes pour la classification de l\u2019insuffisance cardiaque et il est probable que votre m\u00e9decin utilise une combinaison des deux.<\/p>\n<h2><strong>Classes de la New York Heart Association (NYHA)<\/strong><\/h2>\n<p>Ce syst\u00e8me est utilis\u00e9 pour classifier la gravit\u00e9 de l\u2019affection sur la base des sympt\u00f4mes.<\/p>\n<table style=\"border: 1px solid #377090; border-collapse: collapse; width: 100%;\" border=\"1\" cellpadding=\"5\">\n<tbody>\n<tr valign=\"top\">\n<td style=\"padding: 5px; border: 1px solid #377090; width: 30%; text-align: left; vertical-align: top;\">Classe I (aucun sympt\u00f4me)<\/td>\n<td style=\"padding: 5px; border: 1px solid #377090; width: 70%; text-align: left; vertical-align: top;\">Vous n\u2019avez aucun sympt\u00f4me et pouvez effectuer vos t\u00e2ches quotidiennes sans \u00eatre fatigu\u00e9 ni \u00eatre essouffl\u00e9.<\/td>\n<\/tr>\n<tr valign=\"top\">\n<td style=\"padding: 5px; border: 1px solid #377090; width: 30%; text-align: left; vertical-align: top;\">Classe II (sympt\u00f4mes l\u00e9gers)<\/td>\n<td style=\"padding: 5px; border: 1px solid #377090; width: 70%; text-align: left; vertical-align: top;\">Vous vous sentez bien au repos, mais une activit\u00e9 mod\u00e9r\u00e9e vous fatigue ou vous essouffle.<\/td>\n<\/tr>\n<tr valign=\"top\">\n<td style=\"padding: 5px; border: 1px solid #377090; width: 30%; text-align: left; vertical-align: top;\">Classe III (sympt\u00f4mes mod\u00e9r\u00e9s)<\/td>\n<td style=\"padding: 5px; border: 1px solid #377090; width: 70%; text-align: left; vertical-align: top;\">Vous vous sentez bien au repos, mais les activit\u00e9s physiques, m\u00eame limit\u00e9es, vous fatiguent ou vous essoufflent.<\/td>\n<\/tr>\n<tr valign=\"top\">\n<td style=\"padding: 5px; border: 1px solid #377090; width: 30%; text-align: left; vertical-align: top;\">Classe IV (sympt\u00f4mes s\u00e9v\u00e8res)<\/td>\n<td style=\"padding: 5px; border: 1px solid #377090; width: 70%; text-align: left; vertical-align: top;\">Vous \u00eates incapable d\u2019effectuer une quelconque activit\u00e9 physique sans \u00eatre g\u00ean\u00e9 et vous pr\u00e9sentez certains sympt\u00f4mes au repos.<\/td>\n<\/tr>\n<\/tbody>\n<\/table>\n<h2><strong>Stades d\u00e9finis par l\u2019American Heart Association\/American College of Cardiology<\/strong><\/h2>\n<p>Dans ce syst\u00e8me, l&rsquo;insuffisance cardiaque peut \u00eatre pr\u00e9sente m\u00eame en l&rsquo;absence de sympt\u00f4mes.<\/p>\n<table style=\"border: 1px solid #377090; border-collapse: collapse; width: 100%;\" border=\"1\" cellpadding=\"5\">\n<tbody>\n<tr valign=\"top\">\n<td style=\"padding: 5px; border: 1px solid #377090; width: 30%; text-align: left; vertical-align: top;\">Stade A<\/td>\n<td style=\"padding: 5px; border: 1px solid #377090; width: 70%; text-align: left; vertical-align: top;\">Vous n\u2019avez pas d\u2019insuffisance cardiaque<em>.<\/em><br \/>\nCependant, votre risque est \u00e9lev\u00e9 en raison de la pr\u00e9sence d&rsquo;une autre pathologie pouvant conduire \u00e0 une insuffisance cardiaque, telle que l\u2019hypertension art\u00e9rielle, le diab\u00e8te, l\u2019ob\u00e9sit\u00e9 ou une coronaropathie.<\/td>\n<\/tr>\n<tr valign=\"top\">\n<td style=\"padding: 5px; border: 1px solid #377090; width: 30%; text-align: left; vertical-align: top;\">Stade B<\/td>\n<td style=\"padding: 5px; border: 1px solid #377090; width: 70%; text-align: left; vertical-align: top;\">Votre c\u0153ur a \u00e9t\u00e9 endommag\u00e9 par votre ou vos autre(s) pathologie(s) ou par d&rsquo;autres facteurs, mais vous n&rsquo;avez encore aucun sympt\u00f4me.<\/td>\n<\/tr>\n<tr valign=\"top\">\n<td style=\"padding: 5px; border: 1px solid #377090; width: 30%; text-align: left; vertical-align: top;\">Stade C<\/td>\n<td style=\"padding: 5px; border: 1px solid #377090; width: 70%; text-align: left; vertical-align: top;\">Votre c\u0153ur est endommag\u00e9 et vous \u00e9prouvez des sympt\u00f4mes d\u2019insuffisance cardiaque.<\/td>\n<\/tr>\n<tr valign=\"top\">\n<td style=\"padding: 5px; border: 1px solid #377090; width: 30%; text-align: left; vertical-align: top;\">Stade D<\/td>\n<td style=\"padding: 5px; border: 1px solid #377090; width: 70%; text-align: left; vertical-align: top;\">Vous avez une insuffisance cardiaque s\u00e9v\u00e8re qui n\u00e9cessite des soins sp\u00e9cialis\u00e9s, en d\u00e9pit du traitement que vous suivez d\u00e9j\u00e0.<\/td>\n<\/tr>\n<\/tbody>\n<\/table>\n<p><a title=\"\" href=\"https:\/\/www.heartfailurematters.org\/fr\/comprendre-linsuffisance-cardiaque\/comment-linsuffisance-cardiaque-peut-elle-evoluer-au-fil-du-temps\/\">Retourner \u00e0 la rubrique \u00ab\u00a0Comment l\u2019insuffisance cardiaque peut-elle \u00e9voluer au fil du temps\u00a0?\u00a0\u00bb <\/a><\/p>\n","protected":false},"excerpt":{"rendered":"<p>Il est important d\u2019\u00e9valuer votre insuffisance cardiaque lors de votre rendez-vous avec votre professionnel de la sant\u00e9. Son niveau de classement d\u00e9pendra de ce que vous ressentez et d\u2019une appr\u00e9ciation de vos sympt\u00f4mes. Le m\u00e9decin ou l\u2019infirmier\/\u00e8re voudra savoir comment vous vous \u00eates senti depuis votre derni\u00e8re consultation et vous pourrez lui indiquer o\u00f9 vous [&hellip;]<\/p>\n","protected":false},"author":1,"featured_media":0,"parent":307,"menu_order":0,"comment_status":"open","ping_status":"open","template":"","meta":{"_acf_changed":false,"footnotes":""},"categories":[],"tags":[],"class_list":["post-319","page","type-page","status-publish","hentry"],"acf":[],"yoast_head":"<!-- This site is optimized with the Yoast SEO plugin v24.8.1 - https:\/\/yoast.com\/wordpress\/plugins\/seo\/ -->\n<title>Comment l&#039;insuffisance cardiaque est-elle \u00e9valu\u00e9e\u00a0?<\/title>\n<meta name=\"description\" content=\"Il existe deux syst\u00e8mes diff\u00e9rents pour \u00e9valuer l&#039;insuffisance cardiaque et il est probable que votre m\u00e9decin utilise une combinaison de ces deux syst\u00e8mes. En savoir plus sur ces syst\u00e8mes\" \/>\n<meta name=\"robots\" content=\"index, follow, max-snippet:-1, max-image-preview:large, max-video-preview:-1\" \/>\n<link rel=\"canonical\" href=\"https:\/\/www.heartfailurematters.org\/fr\/comprendre-linsuffisance-cardiaque\/les-niveaux-de-classement-de-linsuffisance-cardiaque\/\" \/>\n<meta property=\"og:locale\" content=\"fr_FR\" \/>\n<meta property=\"og:type\" content=\"article\" \/>\n<meta property=\"og:title\" content=\"Comment l&#039;insuffisance cardiaque est-elle \u00e9valu\u00e9e\u00a0?\" \/>\n<meta property=\"og:description\" content=\"Il existe deux syst\u00e8mes diff\u00e9rents pour \u00e9valuer l&#039;insuffisance cardiaque et il est probable que votre m\u00e9decin utilise une combinaison de ces deux syst\u00e8mes. En savoir plus sur ces syst\u00e8mes\" \/>\n<meta property=\"og:url\" content=\"https:\/\/www.heartfailurematters.org\/fr\/comprendre-linsuffisance-cardiaque\/les-niveaux-de-classement-de-linsuffisance-cardiaque\/\" \/>\n<meta property=\"og:site_name\" content=\"Heart Failure Matters\" \/>\n<meta property=\"article:publisher\" content=\"https:\/\/www.facebook.com\/heartfailurematters\" \/>\n<meta property=\"article:modified_time\" content=\"2022-01-14T16:50:56+00:00\" \/>\n<meta name=\"twitter:card\" content=\"summary_large_image\" \/>\n<meta name=\"twitter:label1\" content=\"Dur\u00e9e de lecture estim\u00e9e\" \/>\n\t<meta name=\"twitter:data1\" content=\"2 minutes\" \/>\n<script type=\"application\/ld+json\" class=\"yoast-schema-graph\">{\"@context\":\"https:\/\/schema.org\",\"@graph\":[{\"@type\":\"WebPage\",\"@id\":\"https:\/\/www.heartfailurematters.org\/fr\/comprendre-linsuffisance-cardiaque\/les-niveaux-de-classement-de-linsuffisance-cardiaque\/\",\"url\":\"https:\/\/www.heartfailurematters.org\/fr\/comprendre-linsuffisance-cardiaque\/les-niveaux-de-classement-de-linsuffisance-cardiaque\/\",\"name\":\"Comment l'insuffisance cardiaque est-elle \u00e9valu\u00e9e\u00a0?\",\"isPartOf\":{\"@id\":\"https:\/\/www.heartfailurematters.org\/fr\/#website\"},\"datePublished\":\"2021-01-27T21:35:38+00:00\",\"dateModified\":\"2022-01-14T16:50:56+00:00\",\"description\":\"Il existe deux syst\u00e8mes diff\u00e9rents pour \u00e9valuer l'insuffisance cardiaque et il est probable que votre m\u00e9decin utilise une combinaison de ces deux syst\u00e8mes. En savoir plus sur ces syst\u00e8mes\",\"breadcrumb\":{\"@id\":\"https:\/\/www.heartfailurematters.org\/fr\/comprendre-linsuffisance-cardiaque\/les-niveaux-de-classement-de-linsuffisance-cardiaque\/#breadcrumb\"},\"inLanguage\":\"fr-FR\",\"potentialAction\":[{\"@type\":\"ReadAction\",\"target\":[\"https:\/\/www.heartfailurematters.org\/fr\/comprendre-linsuffisance-cardiaque\/les-niveaux-de-classement-de-linsuffisance-cardiaque\/\"]}]},{\"@type\":\"BreadcrumbList\",\"@id\":\"https:\/\/www.heartfailurematters.org\/fr\/comprendre-linsuffisance-cardiaque\/les-niveaux-de-classement-de-linsuffisance-cardiaque\/#breadcrumb\",\"itemListElement\":[{\"@type\":\"ListItem\",\"position\":1,\"name\":\"Accueil\",\"item\":\"https:\/\/www.heartfailurematters.org\/fr\/\"},{\"@type\":\"ListItem\",\"position\":2,\"name\":\"Comprendre l&#8217;insuffisance cardiaque\",\"item\":\"https:\/\/www.heartfailurematters.org\/fr\/comprendre-linsuffisance-cardiaque\/\"},{\"@type\":\"ListItem\",\"position\":3,\"name\":\"Les niveaux de classement de l\u2019insuffisance cardiaque\"}]},{\"@type\":\"WebSite\",\"@id\":\"https:\/\/www.heartfailurematters.org\/fr\/#website\",\"url\":\"https:\/\/www.heartfailurematters.org\/fr\/\",\"name\":\"Heart Failure Matters\",\"description\":\"Practical information for patients, families and caregivers.\",\"publisher\":{\"@id\":\"https:\/\/www.heartfailurematters.org\/fr\/#organization\"},\"potentialAction\":[{\"@type\":\"SearchAction\",\"target\":{\"@type\":\"EntryPoint\",\"urlTemplate\":\"https:\/\/www.heartfailurematters.org\/fr\/?s={search_term_string}\"},\"query-input\":{\"@type\":\"PropertyValueSpecification\",\"valueRequired\":true,\"valueName\":\"search_term_string\"}}],\"inLanguage\":\"fr-FR\"},{\"@type\":\"Organization\",\"@id\":\"https:\/\/www.heartfailurematters.org\/fr\/#organization\",\"name\":\"Heart Failure Matters\",\"url\":\"https:\/\/www.heartfailurematters.org\/fr\/\",\"logo\":{\"@type\":\"ImageObject\",\"inLanguage\":\"fr-FR\",\"@id\":\"https:\/\/www.heartfailurematters.org\/fr\/#\/schema\/logo\/image\/\",\"url\":\"https:\/\/cdn-endpoint-hfm.azureedge.net\/heartfailurematters\/2024\/07\/hfm-logo1.jpg\",\"contentUrl\":\"https:\/\/cdn-endpoint-hfm.azureedge.net\/heartfailurematters\/2024\/07\/hfm-logo1.jpg\",\"width\":1280,\"height\":720,\"caption\":\"Heart Failure Matters\"},\"image\":{\"@id\":\"https:\/\/www.heartfailurematters.org\/fr\/#\/schema\/logo\/image\/\"},\"sameAs\":[\"https:\/\/www.facebook.com\/heartfailurematters\"]}]}<\/script>\n<!-- \/ Yoast SEO plugin. -->","yoast_head_json":{"title":"Comment l'insuffisance cardiaque est-elle \u00e9valu\u00e9e\u00a0?","description":"Il existe deux syst\u00e8mes diff\u00e9rents pour \u00e9valuer l'insuffisance cardiaque et il est probable que votre m\u00e9decin utilise une combinaison de ces deux syst\u00e8mes. En savoir plus sur ces syst\u00e8mes","robots":{"index":"index","follow":"follow","max-snippet":"max-snippet:-1","max-image-preview":"max-image-preview:large","max-video-preview":"max-video-preview:-1"},"canonical":"https:\/\/www.heartfailurematters.org\/fr\/comprendre-linsuffisance-cardiaque\/les-niveaux-de-classement-de-linsuffisance-cardiaque\/","og_locale":"fr_FR","og_type":"article","og_title":"Comment l'insuffisance cardiaque est-elle \u00e9valu\u00e9e\u00a0?","og_description":"Il existe deux syst\u00e8mes diff\u00e9rents pour \u00e9valuer l'insuffisance cardiaque et il est probable que votre m\u00e9decin utilise une combinaison de ces deux syst\u00e8mes. En savoir plus sur ces syst\u00e8mes","og_url":"https:\/\/www.heartfailurematters.org\/fr\/comprendre-linsuffisance-cardiaque\/les-niveaux-de-classement-de-linsuffisance-cardiaque\/","og_site_name":"Heart Failure Matters","article_publisher":"https:\/\/www.facebook.com\/heartfailurematters","article_modified_time":"2022-01-14T16:50:56+00:00","twitter_card":"summary_large_image","twitter_misc":{"Dur\u00e9e de lecture estim\u00e9e":"2 minutes"},"schema":{"@context":"https:\/\/schema.org","@graph":[{"@type":"WebPage","@id":"https:\/\/www.heartfailurematters.org\/fr\/comprendre-linsuffisance-cardiaque\/les-niveaux-de-classement-de-linsuffisance-cardiaque\/","url":"https:\/\/www.heartfailurematters.org\/fr\/comprendre-linsuffisance-cardiaque\/les-niveaux-de-classement-de-linsuffisance-cardiaque\/","name":"Comment l'insuffisance cardiaque est-elle \u00e9valu\u00e9e\u00a0?","isPartOf":{"@id":"https:\/\/www.heartfailurematters.org\/fr\/#website"},"datePublished":"2021-01-27T21:35:38+00:00","dateModified":"2022-01-14T16:50:56+00:00","description":"Il existe deux syst\u00e8mes diff\u00e9rents pour \u00e9valuer l'insuffisance cardiaque et il est probable que votre m\u00e9decin utilise une combinaison de ces deux syst\u00e8mes. En savoir plus sur ces syst\u00e8mes","breadcrumb":{"@id":"https:\/\/www.heartfailurematters.org\/fr\/comprendre-linsuffisance-cardiaque\/les-niveaux-de-classement-de-linsuffisance-cardiaque\/#breadcrumb"},"inLanguage":"fr-FR","potentialAction":[{"@type":"ReadAction","target":["https:\/\/www.heartfailurematters.org\/fr\/comprendre-linsuffisance-cardiaque\/les-niveaux-de-classement-de-linsuffisance-cardiaque\/"]}]},{"@type":"BreadcrumbList","@id":"https:\/\/www.heartfailurematters.org\/fr\/comprendre-linsuffisance-cardiaque\/les-niveaux-de-classement-de-linsuffisance-cardiaque\/#breadcrumb","itemListElement":[{"@type":"ListItem","position":1,"name":"Accueil","item":"https:\/\/www.heartfailurematters.org\/fr\/"},{"@type":"ListItem","position":2,"name":"Comprendre l&#8217;insuffisance cardiaque","item":"https:\/\/www.heartfailurematters.org\/fr\/comprendre-linsuffisance-cardiaque\/"},{"@type":"ListItem","position":3,"name":"Les niveaux de classement de l\u2019insuffisance cardiaque"}]},{"@type":"WebSite","@id":"https:\/\/www.heartfailurematters.org\/fr\/#website","url":"https:\/\/www.heartfailurematters.org\/fr\/","name":"Heart Failure Matters","description":"Practical information for patients, families and caregivers.","publisher":{"@id":"https:\/\/www.heartfailurematters.org\/fr\/#organization"},"potentialAction":[{"@type":"SearchAction","target":{"@type":"EntryPoint","urlTemplate":"https:\/\/www.heartfailurematters.org\/fr\/?s={search_term_string}"},"query-input":{"@type":"PropertyValueSpecification","valueRequired":true,"valueName":"search_term_string"}}],"inLanguage":"fr-FR"},{"@type":"Organization","@id":"https:\/\/www.heartfailurematters.org\/fr\/#organization","name":"Heart Failure Matters","url":"https:\/\/www.heartfailurematters.org\/fr\/","logo":{"@type":"ImageObject","inLanguage":"fr-FR","@id":"https:\/\/www.heartfailurematters.org\/fr\/#\/schema\/logo\/image\/","url":"https:\/\/cdn-endpoint-hfm.azureedge.net\/heartfailurematters\/2024\/07\/hfm-logo1.jpg","contentUrl":"https:\/\/cdn-endpoint-hfm.azureedge.net\/heartfailurematters\/2024\/07\/hfm-logo1.jpg","width":1280,"height":720,"caption":"Heart Failure Matters"},"image":{"@id":"https:\/\/www.heartfailurematters.org\/fr\/#\/schema\/logo\/image\/"},"sameAs":["https:\/\/www.facebook.com\/heartfailurematters"]}]}},"_links":{"self":[{"href":"https:\/\/www.heartfailurematters.org\/fr\/wp-json\/wp\/v2\/pages\/319","targetHints":{"allow":["GET"]}}],"collection":[{"href":"https:\/\/www.heartfailurematters.org\/fr\/wp-json\/wp\/v2\/pages"}],"about":[{"href":"https:\/\/www.heartfailurematters.org\/fr\/wp-json\/wp\/v2\/types\/page"}],"author":[{"embeddable":true,"href":"https:\/\/www.heartfailurematters.org\/fr\/wp-json\/wp\/v2\/users\/1"}],"replies":[{"embeddable":true,"href":"https:\/\/www.heartfailurematters.org\/fr\/wp-json\/wp\/v2\/comments?post=319"}],"version-history":[{"count":3,"href":"https:\/\/www.heartfailurematters.org\/fr\/wp-json\/wp\/v2\/pages\/319\/revisions"}],"predecessor-version":[{"id":10173,"href":"https:\/\/www.heartfailurematters.org\/fr\/wp-json\/wp\/v2\/pages\/319\/revisions\/10173"}],"up":[{"embeddable":true,"href":"https:\/\/www.heartfailurematters.org\/fr\/wp-json\/wp\/v2\/pages\/307"}],"wp:attachment":[{"href":"https:\/\/www.heartfailurematters.org\/fr\/wp-json\/wp\/v2\/media?parent=319"}],"wp:term":[{"taxonomy":"category","embeddable":true,"href":"https:\/\/www.heartfailurematters.org\/fr\/wp-json\/wp\/v2\/categories?post=319"},{"taxonomy":"post_tag","embeddable":true,"href":"https:\/\/www.heartfailurematters.org\/fr\/wp-json\/wp\/v2\/tags?post=319"}],"curies":[{"name":"wp","href":"https:\/\/api.w.org\/{rel}","templated":true}]}}