{"id":317,"date":"2021-01-27T21:35:38","date_gmt":"2021-01-27T21:35:38","guid":{"rendered":"http:\/\/heartfailurematters.local:8888\/activite-et-exercices-physiques\/"},"modified":"2021-01-27T21:35:38","modified_gmt":"2021-01-27T21:35:38","slug":"activite-et-exercices-physiques","status":"publish","type":"page","link":"https:\/\/www.heartfailurematters.org\/fr\/ce-que-vous-pouvez-faire\/activite-et-exercices-physiques\/","title":{"rendered":"Activit\u00e9 et exercices physiques"},"content":{"rendered":"<p>Tout exercice physique doux est b\u00e9n\u00e9fique pour la majorit\u00e9 des personnes atteintes d\u2019insuffisance cardiaque. L&rsquo;exercice peut vous aider \u00e0 vous sentir mieux en g\u00e9n\u00e9ral.<\/p>\n<h2>Pourquoi&nbsp;?<\/h2>\n<p>L&rsquo;activit\u00e9 peut am\u00e9liorer le fonctionnement de votre c\u0153ur, en r\u00e9duisant la charge de travail et en lui permettant de battre plus efficacement. Cela diminuera vos sympt\u00f4mes.<\/p>\n<h2>Comment&nbsp;?<\/h2>\n<p>Avant d\u2019entamer un programme d&rsquo;exercices, ou si vous voulez augmenter ou changer le type d&rsquo;exercice que vous faites, parlez-en \u00e0 votre m\u00e9decin ou votre infirmi\u00e8re pour vous assurer de ne pas trop forcer sur votre c\u0153ur trop rapidement. Ils pourront vous conseiller les activit\u00e9s \u00e0 \u00e9viter. Vous pouvez \u00e9galement contacter votre centre de r\u00e9\u00e9ducation cardiaque local (si disponible) pour savoir s\u2019il propose des programmes d\u2019entra\u00eenement \u00e0 faible intensit\u00e9.<\/p>\n<p>Choisissez une activit\u00e9 que vous aimez, cela vous incitera \u00e0 la pratiquer r\u00e9guli\u00e8rement. Faire des exercices avec un(e) ami(e) peut aussi aider car vous pourrez vous encourager mutuellement. Il est important de comprendre ce que vous pouvez faire&nbsp;: si vous n&rsquo;\u00eates jamais all\u00e9 courir avant d\u2019\u00eatre atteint d\u2019insuffisance cardiaque, vous ne serez probablement pas capable de le faire maintenant que vous \u00eates malade. Mais si vous aimez marcher ou nager, essayez l\u2019une ou l\u2019autre de ces activit\u00e9s.<\/p>\n<p>Effectuez toujours des exercices d\u2019\u00e9chauffement et de r\u00e9cup\u00e9ration avec quelques \u00e9tirements avant de commencer \u00e0 vous exercer&nbsp;; un instructeur qualifi\u00e9 pourra vous montrer comment le faire sans risque. S&rsquo;il fait froid ou s\u2019il y a du vent, essayez de vous \u00e9chauffer avant de sortir. Essayez de faire quelques pas pendant deux ou trois minutes afin de r\u00e9duire le choc thermique quand vous sortirez.<\/p>\n<p>La marche \u00e0 pied est une bonne activit\u00e9 pour commencer. Essayez de marcher chaque jour en faisant des activit\u00e9s telles qu\u2019aller chercher le journal ou descendre du bus un arr\u00eat plus t\u00f4t. Si vous marchez d\u00e9j\u00e0 et que vous vous consid\u00e9rez comme physiquement actif, essayez le v\u00e9lo ou la natation. Commencez doucement et augmentez progressivement la distance ou l&rsquo;intensit\u00e9 de l&rsquo;activit\u00e9 \u00e0 mesure que votre force et votre aptitude s&rsquo;am\u00e9liorent.<\/p>\n<p>Un bon principe de base est d\u2019\u00eatre toujours capable de parler pendant que vous vous exercez. Si vous n\u2019arrivez pas \u00e0 parler, c\u2019est que vous en faites probablement trop. Cessez imm\u00e9diatement tout exercice physique si vous \u00e9prouvez l\u2019un des sympt\u00f4mes suivants&nbsp;: essoufflement, vertiges, douleur dans la poitrine, naus\u00e9e ou sueurs froides. Si les sympt\u00f4mes persistent, contactez votre m\u00e9decin ou votre infirmi\u00e8re.<\/p>\n<p>Essayez de ne pas faire d\u2019exercice juste apr\u00e8s un repas copieux ou si vous n&rsquo;avez pas mang\u00e9 depuis longtemps. Pr\u00e9voyez de faire vos exercices 1 \u00e0 2 heures apr\u00e8s un repas l\u00e9ger.<\/p>\n<p>De nombreuses personnes atteintes d\u2019insuffisance cardiaque s\u2019inqui\u00e8tent de ne plus avoir d\u2019\u00e9changes avec leurs petits-enfants en ne pouvant plus les soulever dans leurs bras. \u00c9coutez les signaux que votre corps vous envoie. Il est pr\u00e9f\u00e9rable d\u2019\u00e9viter les activit\u00e9s qui exigent de retenir son souffle, de s\u2019accroupir, ou qui n\u00e9cessitent des \u00e0-coups d&rsquo;\u00e9nergie. Si vos petits-enfants sont trop grands pour que vous puissiez les porter sans difficult\u00e9, il est plus raisonnable qu\u2019ils s\u2019assoient sur vos genoux.<\/p>\n<p><a href=\"https:\/\/www.heartfailurematters.org\/fr\/ce-que-vous-pouvez-faire\/adaptation-de-votre-mode-de-vie\/\" title=\"Return to Adapting your lifestyle\">Retour \u00e0 la rubrique \u00ab&nbsp;Adaptation de votre mode de vie&nbsp;\u00bb<\/a><\/p>\n<p>&nbsp;<\/p>\n<p>&nbsp;<\/p>\n","protected":false},"excerpt":{"rendered":"<p>Tout exercice physique doux est b\u00e9n\u00e9fique pour la majorit\u00e9 des personnes atteintes d\u2019insuffisance cardiaque. L&rsquo;exercice peut vous aider \u00e0 vous sentir mieux en g\u00e9n\u00e9ral. Pourquoi&nbsp;? L&rsquo;activit\u00e9 peut am\u00e9liorer le fonctionnement de votre c\u0153ur, en r\u00e9duisant la charge de travail et en lui permettant de battre plus efficacement. Cela diminuera vos sympt\u00f4mes. Comment&nbsp;? Avant d\u2019entamer un [&hellip;]<\/p>\n","protected":false},"author":1,"featured_media":10984,"parent":2715,"menu_order":0,"comment_status":"open","ping_status":"open","template":"","meta":{"_acf_changed":false,"footnotes":""},"categories":[],"tags":[],"class_list":["post-317","page","type-page","status-publish","has-post-thumbnail","hentry"],"acf":[],"yoast_head":"<!-- This site is optimized with the Yoast SEO plugin v24.8.1 - https:\/\/yoast.com\/wordpress\/plugins\/seo\/ -->\n<title>Activit\u00e9 et exercices physiques - Heart Failure Matters<\/title>\n<meta name=\"description\" content=\"Toute activit\u00e9 physique l\u00e9g\u00e8re est b\u00e9n\u00e9fique pour la majorit\u00e9 des personnes atteintes d&#039;insuffisance cardiaque. L&#039;exercice peut vous aider \u00e0 vous sentir mieux de mani\u00e8re g\u00e9n\u00e9rale.\" \/>\n<meta name=\"robots\" content=\"index, follow, max-snippet:-1, max-image-preview:large, max-video-preview:-1\" \/>\n<link rel=\"canonical\" href=\"https:\/\/www.heartfailurematters.org\/fr\/ce-que-vous-pouvez-faire\/activite-et-exercices-physiques\/\" \/>\n<meta property=\"og:locale\" content=\"fr_FR\" \/>\n<meta property=\"og:type\" content=\"article\" \/>\n<meta property=\"og:title\" content=\"Activit\u00e9 et exercices physiques - Heart Failure Matters\" \/>\n<meta property=\"og:description\" content=\"Toute activit\u00e9 physique l\u00e9g\u00e8re est b\u00e9n\u00e9fique pour la majorit\u00e9 des personnes atteintes d&#039;insuffisance cardiaque. L&#039;exercice peut vous aider \u00e0 vous sentir mieux de mani\u00e8re g\u00e9n\u00e9rale.\" \/>\n<meta property=\"og:url\" content=\"https:\/\/www.heartfailurematters.org\/fr\/ce-que-vous-pouvez-faire\/activite-et-exercices-physiques\/\" \/>\n<meta property=\"og:site_name\" content=\"Heart Failure Matters\" \/>\n<meta property=\"article:publisher\" content=\"https:\/\/www.facebook.com\/heartfailurematters\" \/>\n<meta property=\"og:image\" content=\"https:\/\/www.heartfailurematters.org\/wp-content\/uploads\/2022\/03\/shutterstock_1215825016-1-min.jpg\" \/>\n\t<meta property=\"og:image:width\" content=\"900\" \/>\n\t<meta property=\"og:image:height\" content=\"601\" \/>\n\t<meta property=\"og:image:type\" content=\"image\/jpeg\" \/>\n<meta name=\"twitter:card\" content=\"summary_large_image\" \/>\n<meta name=\"twitter:label1\" content=\"Dur\u00e9e de lecture estim\u00e9e\" \/>\n\t<meta name=\"twitter:data1\" content=\"3 minutes\" \/>\n<script type=\"application\/ld+json\" class=\"yoast-schema-graph\">{\"@context\":\"https:\/\/schema.org\",\"@graph\":[{\"@type\":\"WebPage\",\"@id\":\"https:\/\/www.heartfailurematters.org\/fr\/ce-que-vous-pouvez-faire\/activite-et-exercices-physiques\/\",\"url\":\"https:\/\/www.heartfailurematters.org\/fr\/ce-que-vous-pouvez-faire\/activite-et-exercices-physiques\/\",\"name\":\"Activit\u00e9 et exercices physiques - Heart Failure Matters\",\"isPartOf\":{\"@id\":\"https:\/\/www.heartfailurematters.org\/fr\/#website\"},\"primaryImageOfPage\":{\"@id\":\"https:\/\/www.heartfailurematters.org\/fr\/ce-que-vous-pouvez-faire\/activite-et-exercices-physiques\/#primaryimage\"},\"image\":{\"@id\":\"https:\/\/www.heartfailurematters.org\/fr\/ce-que-vous-pouvez-faire\/activite-et-exercices-physiques\/#primaryimage\"},\"thumbnailUrl\":\"https:\/\/www.heartfailurematters.org\/wp-content\/uploads\/2022\/03\/shutterstock_1215825016-1-min.jpg\",\"datePublished\":\"2021-01-27T21:35:38+00:00\",\"description\":\"Toute activit\u00e9 physique l\u00e9g\u00e8re est b\u00e9n\u00e9fique pour la majorit\u00e9 des personnes atteintes d'insuffisance cardiaque. L'exercice peut vous aider \u00e0 vous sentir mieux de mani\u00e8re g\u00e9n\u00e9rale.\",\"breadcrumb\":{\"@id\":\"https:\/\/www.heartfailurematters.org\/fr\/ce-que-vous-pouvez-faire\/activite-et-exercices-physiques\/#breadcrumb\"},\"inLanguage\":\"fr-FR\",\"potentialAction\":[{\"@type\":\"ReadAction\",\"target\":[\"https:\/\/www.heartfailurematters.org\/fr\/ce-que-vous-pouvez-faire\/activite-et-exercices-physiques\/\"]}]},{\"@type\":\"ImageObject\",\"inLanguage\":\"fr-FR\",\"@id\":\"https:\/\/www.heartfailurematters.org\/fr\/ce-que-vous-pouvez-faire\/activite-et-exercices-physiques\/#primaryimage\",\"url\":\"https:\/\/www.heartfailurematters.org\/wp-content\/uploads\/2022\/03\/shutterstock_1215825016-1-min.jpg\",\"contentUrl\":\"https:\/\/www.heartfailurematters.org\/wp-content\/uploads\/2022\/03\/shutterstock_1215825016-1-min.jpg\",\"width\":900,\"height\":601},{\"@type\":\"BreadcrumbList\",\"@id\":\"https:\/\/www.heartfailurematters.org\/fr\/ce-que-vous-pouvez-faire\/activite-et-exercices-physiques\/#breadcrumb\",\"itemListElement\":[{\"@type\":\"ListItem\",\"position\":1,\"name\":\"Accueil\",\"item\":\"https:\/\/www.heartfailurematters.org\/fr\/\"},{\"@type\":\"ListItem\",\"position\":2,\"name\":\"Ce que vous pouvez faire\",\"item\":\"https:\/\/www.heartfailurematters.org\/fr\/ce-que-vous-pouvez-faire\/\"},{\"@type\":\"ListItem\",\"position\":3,\"name\":\"Activit\u00e9 et exercices physiques\"}]},{\"@type\":\"WebSite\",\"@id\":\"https:\/\/www.heartfailurematters.org\/fr\/#website\",\"url\":\"https:\/\/www.heartfailurematters.org\/fr\/\",\"name\":\"Heart Failure Matters\",\"description\":\"Practical information for patients, families and caregivers.\",\"publisher\":{\"@id\":\"https:\/\/www.heartfailurematters.org\/fr\/#organization\"},\"potentialAction\":[{\"@type\":\"SearchAction\",\"target\":{\"@type\":\"EntryPoint\",\"urlTemplate\":\"https:\/\/www.heartfailurematters.org\/fr\/?s={search_term_string}\"},\"query-input\":{\"@type\":\"PropertyValueSpecification\",\"valueRequired\":true,\"valueName\":\"search_term_string\"}}],\"inLanguage\":\"fr-FR\"},{\"@type\":\"Organization\",\"@id\":\"https:\/\/www.heartfailurematters.org\/fr\/#organization\",\"name\":\"Heart Failure Matters\",\"url\":\"https:\/\/www.heartfailurematters.org\/fr\/\",\"logo\":{\"@type\":\"ImageObject\",\"inLanguage\":\"fr-FR\",\"@id\":\"https:\/\/www.heartfailurematters.org\/fr\/#\/schema\/logo\/image\/\",\"url\":\"https:\/\/cdn-endpoint-hfm.azureedge.net\/heartfailurematters\/2024\/07\/hfm-logo1.jpg\",\"contentUrl\":\"https:\/\/cdn-endpoint-hfm.azureedge.net\/heartfailurematters\/2024\/07\/hfm-logo1.jpg\",\"width\":1280,\"height\":720,\"caption\":\"Heart Failure Matters\"},\"image\":{\"@id\":\"https:\/\/www.heartfailurematters.org\/fr\/#\/schema\/logo\/image\/\"},\"sameAs\":[\"https:\/\/www.facebook.com\/heartfailurematters\"]}]}<\/script>\n<!-- \/ Yoast SEO plugin. -->","yoast_head_json":{"title":"Activit\u00e9 et exercices physiques - Heart Failure Matters","description":"Toute activit\u00e9 physique l\u00e9g\u00e8re est b\u00e9n\u00e9fique pour la majorit\u00e9 des personnes atteintes d'insuffisance cardiaque. L'exercice peut vous aider \u00e0 vous sentir mieux de mani\u00e8re g\u00e9n\u00e9rale.","robots":{"index":"index","follow":"follow","max-snippet":"max-snippet:-1","max-image-preview":"max-image-preview:large","max-video-preview":"max-video-preview:-1"},"canonical":"https:\/\/www.heartfailurematters.org\/fr\/ce-que-vous-pouvez-faire\/activite-et-exercices-physiques\/","og_locale":"fr_FR","og_type":"article","og_title":"Activit\u00e9 et exercices physiques - Heart Failure Matters","og_description":"Toute activit\u00e9 physique l\u00e9g\u00e8re est b\u00e9n\u00e9fique pour la majorit\u00e9 des personnes atteintes d'insuffisance cardiaque. L'exercice peut vous aider \u00e0 vous sentir mieux de mani\u00e8re g\u00e9n\u00e9rale.","og_url":"https:\/\/www.heartfailurematters.org\/fr\/ce-que-vous-pouvez-faire\/activite-et-exercices-physiques\/","og_site_name":"Heart Failure Matters","article_publisher":"https:\/\/www.facebook.com\/heartfailurematters","og_image":[{"width":900,"height":601,"url":"https:\/\/www.heartfailurematters.org\/wp-content\/uploads\/2022\/03\/shutterstock_1215825016-1-min.jpg","type":"image\/jpeg"}],"twitter_card":"summary_large_image","twitter_misc":{"Dur\u00e9e de lecture estim\u00e9e":"3 minutes"},"schema":{"@context":"https:\/\/schema.org","@graph":[{"@type":"WebPage","@id":"https:\/\/www.heartfailurematters.org\/fr\/ce-que-vous-pouvez-faire\/activite-et-exercices-physiques\/","url":"https:\/\/www.heartfailurematters.org\/fr\/ce-que-vous-pouvez-faire\/activite-et-exercices-physiques\/","name":"Activit\u00e9 et exercices physiques - Heart Failure Matters","isPartOf":{"@id":"https:\/\/www.heartfailurematters.org\/fr\/#website"},"primaryImageOfPage":{"@id":"https:\/\/www.heartfailurematters.org\/fr\/ce-que-vous-pouvez-faire\/activite-et-exercices-physiques\/#primaryimage"},"image":{"@id":"https:\/\/www.heartfailurematters.org\/fr\/ce-que-vous-pouvez-faire\/activite-et-exercices-physiques\/#primaryimage"},"thumbnailUrl":"https:\/\/www.heartfailurematters.org\/wp-content\/uploads\/2022\/03\/shutterstock_1215825016-1-min.jpg","datePublished":"2021-01-27T21:35:38+00:00","description":"Toute activit\u00e9 physique l\u00e9g\u00e8re est b\u00e9n\u00e9fique pour la majorit\u00e9 des personnes atteintes d'insuffisance cardiaque. L'exercice peut vous aider \u00e0 vous sentir mieux de mani\u00e8re g\u00e9n\u00e9rale.","breadcrumb":{"@id":"https:\/\/www.heartfailurematters.org\/fr\/ce-que-vous-pouvez-faire\/activite-et-exercices-physiques\/#breadcrumb"},"inLanguage":"fr-FR","potentialAction":[{"@type":"ReadAction","target":["https:\/\/www.heartfailurematters.org\/fr\/ce-que-vous-pouvez-faire\/activite-et-exercices-physiques\/"]}]},{"@type":"ImageObject","inLanguage":"fr-FR","@id":"https:\/\/www.heartfailurematters.org\/fr\/ce-que-vous-pouvez-faire\/activite-et-exercices-physiques\/#primaryimage","url":"https:\/\/www.heartfailurematters.org\/wp-content\/uploads\/2022\/03\/shutterstock_1215825016-1-min.jpg","contentUrl":"https:\/\/www.heartfailurematters.org\/wp-content\/uploads\/2022\/03\/shutterstock_1215825016-1-min.jpg","width":900,"height":601},{"@type":"BreadcrumbList","@id":"https:\/\/www.heartfailurematters.org\/fr\/ce-que-vous-pouvez-faire\/activite-et-exercices-physiques\/#breadcrumb","itemListElement":[{"@type":"ListItem","position":1,"name":"Accueil","item":"https:\/\/www.heartfailurematters.org\/fr\/"},{"@type":"ListItem","position":2,"name":"Ce que vous pouvez faire","item":"https:\/\/www.heartfailurematters.org\/fr\/ce-que-vous-pouvez-faire\/"},{"@type":"ListItem","position":3,"name":"Activit\u00e9 et exercices physiques"}]},{"@type":"WebSite","@id":"https:\/\/www.heartfailurematters.org\/fr\/#website","url":"https:\/\/www.heartfailurematters.org\/fr\/","name":"Heart Failure Matters","description":"Practical information for patients, families and caregivers.","publisher":{"@id":"https:\/\/www.heartfailurematters.org\/fr\/#organization"},"potentialAction":[{"@type":"SearchAction","target":{"@type":"EntryPoint","urlTemplate":"https:\/\/www.heartfailurematters.org\/fr\/?s={search_term_string}"},"query-input":{"@type":"PropertyValueSpecification","valueRequired":true,"valueName":"search_term_string"}}],"inLanguage":"fr-FR"},{"@type":"Organization","@id":"https:\/\/www.heartfailurematters.org\/fr\/#organization","name":"Heart Failure Matters","url":"https:\/\/www.heartfailurematters.org\/fr\/","logo":{"@type":"ImageObject","inLanguage":"fr-FR","@id":"https:\/\/www.heartfailurematters.org\/fr\/#\/schema\/logo\/image\/","url":"https:\/\/cdn-endpoint-hfm.azureedge.net\/heartfailurematters\/2024\/07\/hfm-logo1.jpg","contentUrl":"https:\/\/cdn-endpoint-hfm.azureedge.net\/heartfailurematters\/2024\/07\/hfm-logo1.jpg","width":1280,"height":720,"caption":"Heart Failure Matters"},"image":{"@id":"https:\/\/www.heartfailurematters.org\/fr\/#\/schema\/logo\/image\/"},"sameAs":["https:\/\/www.facebook.com\/heartfailurematters"]}]}},"_links":{"self":[{"href":"https:\/\/www.heartfailurematters.org\/fr\/wp-json\/wp\/v2\/pages\/317","targetHints":{"allow":["GET"]}}],"collection":[{"href":"https:\/\/www.heartfailurematters.org\/fr\/wp-json\/wp\/v2\/pages"}],"about":[{"href":"https:\/\/www.heartfailurematters.org\/fr\/wp-json\/wp\/v2\/types\/page"}],"author":[{"embeddable":true,"href":"https:\/\/www.heartfailurematters.org\/fr\/wp-json\/wp\/v2\/users\/1"}],"replies":[{"embeddable":true,"href":"https:\/\/www.heartfailurematters.org\/fr\/wp-json\/wp\/v2\/comments?post=317"}],"version-history":[{"count":0,"href":"https:\/\/www.heartfailurematters.org\/fr\/wp-json\/wp\/v2\/pages\/317\/revisions"}],"up":[{"embeddable":true,"href":"https:\/\/www.heartfailurematters.org\/fr\/wp-json\/wp\/v2\/pages\/2715"}],"wp:featuredmedia":[{"embeddable":true,"href":"https:\/\/www.heartfailurematters.org\/fr\/wp-json\/wp\/v2\/media\/10984"}],"wp:attachment":[{"href":"https:\/\/www.heartfailurematters.org\/fr\/wp-json\/wp\/v2\/media?parent=317"}],"wp:term":[{"taxonomy":"category","embeddable":true,"href":"https:\/\/www.heartfailurematters.org\/fr\/wp-json\/wp\/v2\/categories?post=317"},{"taxonomy":"post_tag","embeddable":true,"href":"https:\/\/www.heartfailurematters.org\/fr\/wp-json\/wp\/v2\/tags?post=317"}],"curies":[{"name":"wp","href":"https:\/\/api.w.org\/{rel}","templated":true}]}}