{"id":315,"date":"2021-01-27T21:35:38","date_gmt":"2021-01-27T21:35:38","guid":{"rendered":"http:\/\/heartfailurematters.local:8888\/augmentation-de-la-fatigue\/"},"modified":"2021-06-30T11:32:09","modified_gmt":"2021-06-30T10:32:09","slug":"augmentation-de-la-fatigue","status":"publish","type":"page","link":"https:\/\/www.heartfailurematters.org\/fr\/signaux-dalerte\/augmentation-de-la-fatigue\/","title":{"rendered":"Augmentation de la fatigue"},"content":{"rendered":"<p>Les personnes atteintes d\u2019insuffisance cardiaque peuvent se sentir constamment fatigu\u00e9es et avoir des difficult\u00e9s \u00e0 effectuer des activit\u00e9s quotidiennes comme marcher, monter les escaliers ou porter les courses. L&rsquo;intol\u00e9rance \u00e0 l\u2019effort et la fatigue sont souvent les sympt\u00f4mes les plus fr\u00e9quents de l\u2019insuffisance cardiaque.<\/p>\n<p>Cette fatigue r\u00e9sulte du fait que les muscles et les tissus re\u00e7oivent moins de sang, en raison de la capacit\u00e9 r\u00e9duite de pompage du c\u0153ur. Le corps d\u00e9tourne le sang des organes moins vitaux, comme les muscles des membres, pour l\u2019envoyer au c\u0153ur, au cerveau et aux reins. La fatigue peut \u00e9galement se produire parce que le corps n\u2019\u00e9limine pas les d\u00e9chets aussi rapidement qu&rsquo;il le devrait.<\/p>\n<p>Tenir un <a href=\"\/wp-content\/uploads\/2021\/02\/Journal-des-symptomes.pdf\" target=\"_blank\" rel=\"noopener\">journal<\/a> de vos niveaux d&rsquo;\u00e9nergie au cours d\u2019une journ\u00e9e normale et apr\u00e8s certaines activit\u00e9s afin de surveiller tout changement, peut \u00eatre une bonne id\u00e9e. Il est important de se rappeler que des exercices mod\u00e9r\u00e9s r\u00e9guliers sont recommand\u00e9s aux personnes atteintes d\u2019insuffisance cardiaque car ils contribuent \u00e0 r\u00e9duire la charge de travail pour le c\u0153ur. Cependant, si vous sentez que vos niveaux d&rsquo;\u00e9nergie diminuent, cela peut \u00eatre un signe pr\u00e9coce d\u2019aggravation de votre insuffisance cardiaque. L&rsquo;augmentation de la fatigue peut \u00e9galement sugg\u00e9rer d&rsquo;autres probl\u00e8mes m\u00e9dicaux, comme des probl\u00e8mes de thyro\u00efde ou une an\u00e9mie. Vous devez en informer d\u00e8s que possible votre m\u00e9decin ou votre infirmi\u00e8re.<\/p>\n","protected":false},"excerpt":{"rendered":"<p>Les personnes atteintes d\u2019insuffisance cardiaque peuvent se sentir constamment fatigu\u00e9es et avoir des difficult\u00e9s \u00e0 effectuer des activit\u00e9s quotidiennes comme marcher, monter les escaliers ou porter les courses. L&rsquo;intol\u00e9rance \u00e0 l\u2019effort et la fatigue sont souvent les sympt\u00f4mes les plus fr\u00e9quents de l\u2019insuffisance cardiaque. Cette fatigue r\u00e9sulte du fait que les muscles et les tissus [&hellip;]<\/p>\n","protected":false},"author":1,"featured_media":0,"parent":2864,"menu_order":0,"comment_status":"open","ping_status":"open","template":"","meta":{"_acf_changed":false,"footnotes":""},"categories":[],"tags":[],"class_list":["post-315","page","type-page","status-publish","hentry"],"acf":[],"yoast_head":"<!-- This site is optimized with the Yoast SEO plugin v24.8.1 - https:\/\/yoast.com\/wordpress\/plugins\/seo\/ -->\n<title>Augmentation de la fatigue - Heart Failure Matters<\/title>\n<meta name=\"description\" content=\"Les personnes souffrant d&#039;insuffisance cardiaque peuvent se sentir constamment fatigu\u00e9es et \u00e9prouver des difficult\u00e9s \u00e0 effectuer des activit\u00e9s quotidiennes comme marcher, monter des escaliers ou porter les courses. En savoir plus ici\" \/>\n<meta name=\"robots\" content=\"index, follow, max-snippet:-1, max-image-preview:large, max-video-preview:-1\" \/>\n<link rel=\"canonical\" href=\"https:\/\/www.heartfailurematters.org\/fr\/signaux-dalerte\/augmentation-de-la-fatigue\/\" \/>\n<meta property=\"og:locale\" content=\"fr_FR\" \/>\n<meta property=\"og:type\" content=\"article\" \/>\n<meta property=\"og:title\" content=\"Augmentation de la fatigue - Heart Failure Matters\" \/>\n<meta property=\"og:description\" content=\"Les personnes souffrant d&#039;insuffisance cardiaque peuvent se sentir constamment fatigu\u00e9es et \u00e9prouver des difficult\u00e9s \u00e0 effectuer des activit\u00e9s quotidiennes comme marcher, monter des escaliers ou porter les courses. En savoir plus ici\" \/>\n<meta property=\"og:url\" content=\"https:\/\/www.heartfailurematters.org\/fr\/signaux-dalerte\/augmentation-de-la-fatigue\/\" \/>\n<meta property=\"og:site_name\" content=\"Heart Failure Matters\" \/>\n<meta property=\"article:publisher\" content=\"https:\/\/www.facebook.com\/heartfailurematters\" \/>\n<meta property=\"article:modified_time\" content=\"2021-06-30T10:32:09+00:00\" \/>\n<meta name=\"twitter:card\" content=\"summary_large_image\" \/>\n<meta name=\"twitter:label1\" content=\"Dur\u00e9e de lecture estim\u00e9e\" \/>\n\t<meta name=\"twitter:data1\" content=\"1 minute\" \/>\n<script type=\"application\/ld+json\" class=\"yoast-schema-graph\">{\"@context\":\"https:\/\/schema.org\",\"@graph\":[{\"@type\":\"WebPage\",\"@id\":\"https:\/\/www.heartfailurematters.org\/fr\/signaux-dalerte\/augmentation-de-la-fatigue\/\",\"url\":\"https:\/\/www.heartfailurematters.org\/fr\/signaux-dalerte\/augmentation-de-la-fatigue\/\",\"name\":\"Augmentation de la fatigue - Heart Failure Matters\",\"isPartOf\":{\"@id\":\"https:\/\/www.heartfailurematters.org\/fr\/#website\"},\"datePublished\":\"2021-01-27T21:35:38+00:00\",\"dateModified\":\"2021-06-30T10:32:09+00:00\",\"description\":\"Les personnes souffrant d'insuffisance cardiaque peuvent se sentir constamment fatigu\u00e9es et \u00e9prouver des difficult\u00e9s \u00e0 effectuer des activit\u00e9s quotidiennes comme marcher, monter des escaliers ou porter les courses. En savoir plus ici\",\"breadcrumb\":{\"@id\":\"https:\/\/www.heartfailurematters.org\/fr\/signaux-dalerte\/augmentation-de-la-fatigue\/#breadcrumb\"},\"inLanguage\":\"fr-FR\",\"potentialAction\":[{\"@type\":\"ReadAction\",\"target\":[\"https:\/\/www.heartfailurematters.org\/fr\/signaux-dalerte\/augmentation-de-la-fatigue\/\"]}]},{\"@type\":\"BreadcrumbList\",\"@id\":\"https:\/\/www.heartfailurematters.org\/fr\/signaux-dalerte\/augmentation-de-la-fatigue\/#breadcrumb\",\"itemListElement\":[{\"@type\":\"ListItem\",\"position\":1,\"name\":\"Accueil\",\"item\":\"https:\/\/www.heartfailurematters.org\/fr\/\"},{\"@type\":\"ListItem\",\"position\":2,\"name\":\"Signes d&#8217;alerte\",\"item\":\"https:\/\/www.heartfailurematters.org\/fr\/signaux-dalerte\/\"},{\"@type\":\"ListItem\",\"position\":3,\"name\":\"Augmentation de la fatigue\"}]},{\"@type\":\"WebSite\",\"@id\":\"https:\/\/www.heartfailurematters.org\/fr\/#website\",\"url\":\"https:\/\/www.heartfailurematters.org\/fr\/\",\"name\":\"Heart Failure Matters\",\"description\":\"Practical information for patients, families and caregivers.\",\"publisher\":{\"@id\":\"https:\/\/www.heartfailurematters.org\/fr\/#organization\"},\"potentialAction\":[{\"@type\":\"SearchAction\",\"target\":{\"@type\":\"EntryPoint\",\"urlTemplate\":\"https:\/\/www.heartfailurematters.org\/fr\/?s={search_term_string}\"},\"query-input\":{\"@type\":\"PropertyValueSpecification\",\"valueRequired\":true,\"valueName\":\"search_term_string\"}}],\"inLanguage\":\"fr-FR\"},{\"@type\":\"Organization\",\"@id\":\"https:\/\/www.heartfailurematters.org\/fr\/#organization\",\"name\":\"Heart Failure Matters\",\"url\":\"https:\/\/www.heartfailurematters.org\/fr\/\",\"logo\":{\"@type\":\"ImageObject\",\"inLanguage\":\"fr-FR\",\"@id\":\"https:\/\/www.heartfailurematters.org\/fr\/#\/schema\/logo\/image\/\",\"url\":\"https:\/\/cdn-endpoint-hfm.azureedge.net\/heartfailurematters\/2024\/07\/hfm-logo1.jpg\",\"contentUrl\":\"https:\/\/cdn-endpoint-hfm.azureedge.net\/heartfailurematters\/2024\/07\/hfm-logo1.jpg\",\"width\":1280,\"height\":720,\"caption\":\"Heart Failure Matters\"},\"image\":{\"@id\":\"https:\/\/www.heartfailurematters.org\/fr\/#\/schema\/logo\/image\/\"},\"sameAs\":[\"https:\/\/www.facebook.com\/heartfailurematters\"]}]}<\/script>\n<!-- \/ Yoast SEO plugin. -->","yoast_head_json":{"title":"Augmentation de la fatigue - Heart Failure Matters","description":"Les personnes souffrant d'insuffisance cardiaque peuvent se sentir constamment fatigu\u00e9es et \u00e9prouver des difficult\u00e9s \u00e0 effectuer des activit\u00e9s quotidiennes comme marcher, monter des escaliers ou porter les courses. En savoir plus ici","robots":{"index":"index","follow":"follow","max-snippet":"max-snippet:-1","max-image-preview":"max-image-preview:large","max-video-preview":"max-video-preview:-1"},"canonical":"https:\/\/www.heartfailurematters.org\/fr\/signaux-dalerte\/augmentation-de-la-fatigue\/","og_locale":"fr_FR","og_type":"article","og_title":"Augmentation de la fatigue - Heart Failure Matters","og_description":"Les personnes souffrant d'insuffisance cardiaque peuvent se sentir constamment fatigu\u00e9es et \u00e9prouver des difficult\u00e9s \u00e0 effectuer des activit\u00e9s quotidiennes comme marcher, monter des escaliers ou porter les courses. En savoir plus ici","og_url":"https:\/\/www.heartfailurematters.org\/fr\/signaux-dalerte\/augmentation-de-la-fatigue\/","og_site_name":"Heart Failure Matters","article_publisher":"https:\/\/www.facebook.com\/heartfailurematters","article_modified_time":"2021-06-30T10:32:09+00:00","twitter_card":"summary_large_image","twitter_misc":{"Dur\u00e9e de lecture estim\u00e9e":"1 minute"},"schema":{"@context":"https:\/\/schema.org","@graph":[{"@type":"WebPage","@id":"https:\/\/www.heartfailurematters.org\/fr\/signaux-dalerte\/augmentation-de-la-fatigue\/","url":"https:\/\/www.heartfailurematters.org\/fr\/signaux-dalerte\/augmentation-de-la-fatigue\/","name":"Augmentation de la fatigue - Heart Failure Matters","isPartOf":{"@id":"https:\/\/www.heartfailurematters.org\/fr\/#website"},"datePublished":"2021-01-27T21:35:38+00:00","dateModified":"2021-06-30T10:32:09+00:00","description":"Les personnes souffrant d'insuffisance cardiaque peuvent se sentir constamment fatigu\u00e9es et \u00e9prouver des difficult\u00e9s \u00e0 effectuer des activit\u00e9s quotidiennes comme marcher, monter des escaliers ou porter les courses. En savoir plus ici","breadcrumb":{"@id":"https:\/\/www.heartfailurematters.org\/fr\/signaux-dalerte\/augmentation-de-la-fatigue\/#breadcrumb"},"inLanguage":"fr-FR","potentialAction":[{"@type":"ReadAction","target":["https:\/\/www.heartfailurematters.org\/fr\/signaux-dalerte\/augmentation-de-la-fatigue\/"]}]},{"@type":"BreadcrumbList","@id":"https:\/\/www.heartfailurematters.org\/fr\/signaux-dalerte\/augmentation-de-la-fatigue\/#breadcrumb","itemListElement":[{"@type":"ListItem","position":1,"name":"Accueil","item":"https:\/\/www.heartfailurematters.org\/fr\/"},{"@type":"ListItem","position":2,"name":"Signes d&#8217;alerte","item":"https:\/\/www.heartfailurematters.org\/fr\/signaux-dalerte\/"},{"@type":"ListItem","position":3,"name":"Augmentation de la fatigue"}]},{"@type":"WebSite","@id":"https:\/\/www.heartfailurematters.org\/fr\/#website","url":"https:\/\/www.heartfailurematters.org\/fr\/","name":"Heart Failure Matters","description":"Practical information for patients, families and caregivers.","publisher":{"@id":"https:\/\/www.heartfailurematters.org\/fr\/#organization"},"potentialAction":[{"@type":"SearchAction","target":{"@type":"EntryPoint","urlTemplate":"https:\/\/www.heartfailurematters.org\/fr\/?s={search_term_string}"},"query-input":{"@type":"PropertyValueSpecification","valueRequired":true,"valueName":"search_term_string"}}],"inLanguage":"fr-FR"},{"@type":"Organization","@id":"https:\/\/www.heartfailurematters.org\/fr\/#organization","name":"Heart Failure Matters","url":"https:\/\/www.heartfailurematters.org\/fr\/","logo":{"@type":"ImageObject","inLanguage":"fr-FR","@id":"https:\/\/www.heartfailurematters.org\/fr\/#\/schema\/logo\/image\/","url":"https:\/\/cdn-endpoint-hfm.azureedge.net\/heartfailurematters\/2024\/07\/hfm-logo1.jpg","contentUrl":"https:\/\/cdn-endpoint-hfm.azureedge.net\/heartfailurematters\/2024\/07\/hfm-logo1.jpg","width":1280,"height":720,"caption":"Heart Failure Matters"},"image":{"@id":"https:\/\/www.heartfailurematters.org\/fr\/#\/schema\/logo\/image\/"},"sameAs":["https:\/\/www.facebook.com\/heartfailurematters"]}]}},"_links":{"self":[{"href":"https:\/\/www.heartfailurematters.org\/fr\/wp-json\/wp\/v2\/pages\/315","targetHints":{"allow":["GET"]}}],"collection":[{"href":"https:\/\/www.heartfailurematters.org\/fr\/wp-json\/wp\/v2\/pages"}],"about":[{"href":"https:\/\/www.heartfailurematters.org\/fr\/wp-json\/wp\/v2\/types\/page"}],"author":[{"embeddable":true,"href":"https:\/\/www.heartfailurematters.org\/fr\/wp-json\/wp\/v2\/users\/1"}],"replies":[{"embeddable":true,"href":"https:\/\/www.heartfailurematters.org\/fr\/wp-json\/wp\/v2\/comments?post=315"}],"version-history":[{"count":1,"href":"https:\/\/www.heartfailurematters.org\/fr\/wp-json\/wp\/v2\/pages\/315\/revisions"}],"predecessor-version":[{"id":9268,"href":"https:\/\/www.heartfailurematters.org\/fr\/wp-json\/wp\/v2\/pages\/315\/revisions\/9268"}],"up":[{"embeddable":true,"href":"https:\/\/www.heartfailurematters.org\/fr\/wp-json\/wp\/v2\/pages\/2864"}],"wp:attachment":[{"href":"https:\/\/www.heartfailurematters.org\/fr\/wp-json\/wp\/v2\/media?parent=315"}],"wp:term":[{"taxonomy":"category","embeddable":true,"href":"https:\/\/www.heartfailurematters.org\/fr\/wp-json\/wp\/v2\/categories?post=315"},{"taxonomy":"post_tag","embeddable":true,"href":"https:\/\/www.heartfailurematters.org\/fr\/wp-json\/wp\/v2\/tags?post=315"}],"curies":[{"name":"wp","href":"https:\/\/api.w.org\/{rel}","templated":true}]}}